{"id":62,"date":"2019-03-20T10:41:01","date_gmt":"2019-03-20T10:41:01","guid":{"rendered":"http:\/\/www.editorialhccp.com\/editorial_clie\/?page_id=62"},"modified":"2025-12-10T13:38:03","modified_gmt":"2025-12-10T13:38:03","slug":"nosotros","status":"publish","type":"page","link":"https:\/\/staging.editorialhccp.hcusweb.com\/editorialclie\/nosotros\/","title":{"rendered":"Nosotros"},"content":{"rendered":"\n\n\t<p>Con m\u00e1s de 2.500 t\u00edtulos publicados, Editorial CLIE es, por el volumen de t\u00edtulos, la mayor casa editora en el mundo de libros cristianos en espa\u00f1ol. La misi\u00f3n de CLIE es la de proveer textos de investigaci\u00f3n y de estudio b\u00edblico a la comunidad cristiana, especialmente en el \u00e1rea acad\u00e9mica: obras de referencia, diccionarios b\u00edblicos, concordancias, textos interlineales hebreos y griegos, hermen\u00e9utica, patr\u00edstica, historia, teolog\u00eda y filosof\u00eda cristiana. El fondo editorial de CLIE cubre todos los aspectos y necesidades de la investigaci\u00f3n cristiana, tanto de profesionales -profesores de teolog\u00eda, pastores y cl\u00e9rigos- como de cualquier laico que busca profundizar en el estudio y comprensi\u00f3n de la Biblia como Palabra de Dios.<\/p>\n\n","protected":false},"excerpt":{"rendered":"<p>Con m\u00e1s de 2.500 t\u00edtulos publicados, Editorial CLIE es, por el volumen de t\u00edtulos, la mayor casa editora en el mundo de libros cristianos en espa\u00f1ol. La misi\u00f3n de CLIE es la de proveer textos de investigaci\u00f3n y de estudio b\u00edblico a la comunidad cristiana, especialmente en el \u00e1rea acad\u00e9mica: obras de referencia, diccionarios b\u00edblicos, [&hellip;]<\/p>\n","protected":false},"author":0,"featured_media":0,"parent":0,"menu_order":0,"comment_status":"closed","ping_status":"closed","template":"","meta":{"_acf_changed":false,"footnotes":""},"class_list":["post-62","page","type-page","status-publish","hentry"],"acf":[],"yoast_head":"<!-- This site is optimized with the Yoast SEO Premium plugin v27.3 (Yoast SEO v27.4) - https:\/\/yoast.com\/product\/yoast-seo-premium-wordpress\/ -->\n<title>Nosotros - Editorial Clie<\/title>\n<meta name=\"robots\" content=\"index, follow, max-snippet:-1, max-image-preview:large, max-video-preview:-1\" \/>\n<link rel=\"canonical\" href=\"https:\/\/staging.editorialhccp.hcusweb.com\/editorialclie\/nosotros\/\" \/>\n<meta property=\"og:locale\" content=\"en_US\" \/>\n<meta property=\"og:type\" content=\"article\" \/>\n<meta property=\"og:title\" content=\"Nosotros\" \/>\n<meta property=\"og:description\" content=\"Con m\u00e1s de 2.500 t\u00edtulos publicados, Editorial CLIE es, por el volumen de t\u00edtulos, la mayor casa editora en el mundo de libros cristianos en espa\u00f1ol. La misi\u00f3n de CLIE es la de proveer textos de investigaci\u00f3n y de estudio b\u00edblico a la comunidad cristiana, especialmente en el \u00e1rea acad\u00e9mica: obras de referencia, diccionarios b\u00edblicos, [&hellip;]\" \/>\n<meta property=\"og:url\" content=\"https:\/\/staging.editorialhccp.hcusweb.com\/editorialclie\/nosotros\/\" \/>\n<meta property=\"og:site_name\" content=\"Editorial Clie\" \/>\n<meta property=\"article:modified_time\" content=\"2025-12-10T13:38:03+00:00\" \/>\n<meta name=\"twitter:card\" content=\"summary_large_image\" \/>\n<meta name=\"twitter:label1\" content=\"Est. reading time\" \/>\n\t<meta name=\"twitter:data1\" content=\"1 minute\" \/>\n<script type=\"application\/ld+json\" class=\"yoast-schema-graph\">{\"@context\":\"https:\\\/\\\/schema.org\",\"@graph\":[{\"@type\":\"WebPage\",\"@id\":\"https:\\\/\\\/staging.editorialhccp.hcusweb.com\\\/editorialclie\\\/nosotros\\\/\",\"url\":\"https:\\\/\\\/staging.editorialhccp.hcusweb.com\\\/editorialclie\\\/nosotros\\\/\",\"name\":\"Nosotros - Editorial Clie\",\"isPartOf\":{\"@id\":\"https:\\\/\\\/staging.editorialhccp.hcusweb.com\\\/editorialclie\\\/#website\"},\"datePublished\":\"2019-03-20T10:41:01+00:00\",\"dateModified\":\"2025-12-10T13:38:03+00:00\",\"breadcrumb\":{\"@id\":\"https:\\\/\\\/staging.editorialhccp.hcusweb.com\\\/editorialclie\\\/nosotros\\\/#breadcrumb\"},\"inLanguage\":\"en-US\",\"potentialAction\":[{\"@type\":\"ReadAction\",\"target\":[\"https:\\\/\\\/staging.editorialhccp.hcusweb.com\\\/editorialclie\\\/nosotros\\\/\"]}]},{\"@type\":\"BreadcrumbList\",\"@id\":\"https:\\\/\\\/staging.editorialhccp.hcusweb.com\\\/editorialclie\\\/nosotros\\\/#breadcrumb\",\"itemListElement\":[{\"@type\":\"ListItem\",\"position\":1,\"name\":\"Home\",\"item\":\"https:\\\/\\\/staging.editorialhccp.hcusweb.com\\\/editorialclie\\\/\"},{\"@type\":\"ListItem\",\"position\":2,\"name\":\"Nosotros\"}]},{\"@type\":\"WebSite\",\"@id\":\"https:\\\/\\\/staging.editorialhccp.hcusweb.com\\\/editorialclie\\\/#website\",\"url\":\"https:\\\/\\\/staging.editorialhccp.hcusweb.com\\\/editorialclie\\\/\",\"name\":\"Editorial Clie\",\"description\":\"\",\"potentialAction\":[{\"@type\":\"SearchAction\",\"target\":{\"@type\":\"EntryPoint\",\"urlTemplate\":\"https:\\\/\\\/staging.editorialhccp.hcusweb.com\\\/editorialclie\\\/?s={search_term_string}\"},\"query-input\":{\"@type\":\"PropertyValueSpecification\",\"valueRequired\":true,\"valueName\":\"search_term_string\"}}],\"inLanguage\":\"en-US\"}]}<\/script>\n<!-- \/ Yoast SEO Premium plugin. -->","yoast_head_json":{"title":"Nosotros - Editorial Clie","robots":{"index":"index","follow":"follow","max-snippet":"max-snippet:-1","max-image-preview":"max-image-preview:large","max-video-preview":"max-video-preview:-1"},"canonical":"https:\/\/staging.editorialhccp.hcusweb.com\/editorialclie\/nosotros\/","og_locale":"en_US","og_type":"article","og_title":"Nosotros","og_description":"Con m\u00e1s de 2.500 t\u00edtulos publicados, Editorial CLIE es, por el volumen de t\u00edtulos, la mayor casa editora en el mundo de libros cristianos en espa\u00f1ol. La misi\u00f3n de CLIE es la de proveer textos de investigaci\u00f3n y de estudio b\u00edblico a la comunidad cristiana, especialmente en el \u00e1rea acad\u00e9mica: obras de referencia, diccionarios b\u00edblicos, [&hellip;]","og_url":"https:\/\/staging.editorialhccp.hcusweb.com\/editorialclie\/nosotros\/","og_site_name":"Editorial Clie","article_modified_time":"2025-12-10T13:38:03+00:00","twitter_card":"summary_large_image","twitter_misc":{"Est. reading time":"1 minute"},"schema":{"@context":"https:\/\/schema.org","@graph":[{"@type":"WebPage","@id":"https:\/\/staging.editorialhccp.hcusweb.com\/editorialclie\/nosotros\/","url":"https:\/\/staging.editorialhccp.hcusweb.com\/editorialclie\/nosotros\/","name":"Nosotros - Editorial Clie","isPartOf":{"@id":"https:\/\/staging.editorialhccp.hcusweb.com\/editorialclie\/#website"},"datePublished":"2019-03-20T10:41:01+00:00","dateModified":"2025-12-10T13:38:03+00:00","breadcrumb":{"@id":"https:\/\/staging.editorialhccp.hcusweb.com\/editorialclie\/nosotros\/#breadcrumb"},"inLanguage":"en-US","potentialAction":[{"@type":"ReadAction","target":["https:\/\/staging.editorialhccp.hcusweb.com\/editorialclie\/nosotros\/"]}]},{"@type":"BreadcrumbList","@id":"https:\/\/staging.editorialhccp.hcusweb.com\/editorialclie\/nosotros\/#breadcrumb","itemListElement":[{"@type":"ListItem","position":1,"name":"Home","item":"https:\/\/staging.editorialhccp.hcusweb.com\/editorialclie\/"},{"@type":"ListItem","position":2,"name":"Nosotros"}]},{"@type":"WebSite","@id":"https:\/\/staging.editorialhccp.hcusweb.com\/editorialclie\/#website","url":"https:\/\/staging.editorialhccp.hcusweb.com\/editorialclie\/","name":"Editorial Clie","description":"","potentialAction":[{"@type":"SearchAction","target":{"@type":"EntryPoint","urlTemplate":"https:\/\/staging.editorialhccp.hcusweb.com\/editorialclie\/?s={search_term_string}"},"query-input":{"@type":"PropertyValueSpecification","valueRequired":true,"valueName":"search_term_string"}}],"inLanguage":"en-US"}]}},"_links":{"self":[{"href":"https:\/\/staging.editorialhccp.hcusweb.com\/editorialclie\/wp-json\/wp\/v2\/pages\/62","targetHints":{"allow":["GET"]}}],"collection":[{"href":"https:\/\/staging.editorialhccp.hcusweb.com\/editorialclie\/wp-json\/wp\/v2\/pages"}],"about":[{"href":"https:\/\/staging.editorialhccp.hcusweb.com\/editorialclie\/wp-json\/wp\/v2\/types\/page"}],"replies":[{"embeddable":true,"href":"https:\/\/staging.editorialhccp.hcusweb.com\/editorialclie\/wp-json\/wp\/v2\/comments?post=62"}],"version-history":[{"count":1,"href":"https:\/\/staging.editorialhccp.hcusweb.com\/editorialclie\/wp-json\/wp\/v2\/pages\/62\/revisions"}],"predecessor-version":[{"id":331,"href":"https:\/\/staging.editorialhccp.hcusweb.com\/editorialclie\/wp-json\/wp\/v2\/pages\/62\/revisions\/331"}],"wp:attachment":[{"href":"https:\/\/staging.editorialhccp.hcusweb.com\/editorialclie\/wp-json\/wp\/v2\/media?parent=62"}],"curies":[{"name":"wp","href":"https:\/\/api.w.org\/{rel}","templated":true}]}}