{"id":248,"date":"2017-02-22T15:54:46","date_gmt":"2017-02-22T21:54:46","guid":{"rendered":"http:\/\/thomasnelson.supadu.com\/?page_id=248"},"modified":"2025-11-26T18:36:34","modified_gmt":"2025-11-26T18:36:34","slug":"nosotros","status":"publish","type":"page","link":"https:\/\/staging.editorialhccp.hcusweb.com\/gruponelson\/nosotros\/","title":{"rendered":"Nosotros"},"content":{"rendered":"\n\n\t<p>Grupo Nelson es un sello de HarperCollins Christian Publishing dedicado a la publicaci\u00f3n de buena literatura. Nuestro prop\u00f3sito es inspirar al mundo por medio de nuestros libros. Grupo Nelson se caracteriza por obras de alta calidad como Max Lucado, John Maxwell, Jack Hayford, Charles Stanley, Billy Graham, John MacArthur, Charles Swindoll, Ted Dekker, y otros. Adem\u00e1s, Grupo Nelson mantiene una l\u00ednea cl\u00e1sica de Biblias y referencias que se ha mantenido en la lista de los m\u00e1s vendidos por muchos a\u00f1os, entre ellos: Biblia Plenitud, Biblia del Diario Vivir, Concordancia Strong, Biblia Juvenil, Nuevo Testamento Interlineal Griego-Espa\u00f1ol y otros.<\/p>\n\n","protected":false},"excerpt":{"rendered":"<p>Grupo Nelson es un sello de HarperCollins Christian Publishing dedicado a la publicaci\u00f3n de buena literatura. Nuestro prop\u00f3sito es inspirar al mundo por medio de nuestros libros. Grupo Nelson se caracteriza por obras de alta calidad como Max Lucado, John Maxwell, Jack Hayford, Charles Stanley, Billy Graham, John MacArthur, Charles Swindoll, Ted Dekker, y otros. [&hellip;]<\/p>\n","protected":false},"author":0,"featured_media":0,"parent":0,"menu_order":0,"comment_status":"closed","ping_status":"closed","template":"","meta":{"_acf_changed":false,"footnotes":""},"class_list":["post-248","page","type-page","status-publish","hentry"],"acf":[],"yoast_head":"<!-- This site is optimized with the Yoast SEO Premium plugin v27.3 (Yoast SEO v27.4) - https:\/\/yoast.com\/product\/yoast-seo-premium-wordpress\/ -->\n<title>Nosotros - Grupo Nelson<\/title>\n<meta name=\"robots\" content=\"index, follow, max-snippet:-1, max-image-preview:large, max-video-preview:-1\" \/>\n<link rel=\"canonical\" href=\"https:\/\/staging.editorialhccp.hcusweb.com\/gruponelson\/nosotros\/\" \/>\n<meta property=\"og:locale\" content=\"en_US\" \/>\n<meta property=\"og:type\" content=\"article\" \/>\n<meta property=\"og:title\" content=\"Nosotros\" \/>\n<meta property=\"og:description\" content=\"Grupo Nelson es un sello de HarperCollins Christian Publishing dedicado a la publicaci\u00f3n de buena literatura. Nuestro prop\u00f3sito es inspirar al mundo por medio de nuestros libros. Grupo Nelson se caracteriza por obras de alta calidad como Max Lucado, John Maxwell, Jack Hayford, Charles Stanley, Billy Graham, John MacArthur, Charles Swindoll, Ted Dekker, y otros. [&hellip;]\" \/>\n<meta property=\"og:url\" content=\"https:\/\/staging.editorialhccp.hcusweb.com\/gruponelson\/nosotros\/\" \/>\n<meta property=\"og:site_name\" content=\"Grupo Nelson\" \/>\n<meta property=\"article:modified_time\" content=\"2025-11-26T18:36:34+00:00\" \/>\n<meta name=\"twitter:card\" content=\"summary_large_image\" \/>\n<meta name=\"twitter:label1\" content=\"Est. reading time\" \/>\n\t<meta name=\"twitter:data1\" content=\"1 minute\" \/>\n<script type=\"application\/ld+json\" class=\"yoast-schema-graph\">{\"@context\":\"https:\\\/\\\/schema.org\",\"@graph\":[{\"@type\":\"WebPage\",\"@id\":\"https:\\\/\\\/staging.editorialhccp.hcusweb.com\\\/gruponelson\\\/nosotros\\\/\",\"url\":\"https:\\\/\\\/staging.editorialhccp.hcusweb.com\\\/gruponelson\\\/nosotros\\\/\",\"name\":\"Nosotros - Grupo Nelson\",\"isPartOf\":{\"@id\":\"https:\\\/\\\/staging.editorialhccp.hcusweb.com\\\/gruponelson\\\/#website\"},\"datePublished\":\"2017-02-22T21:54:46+00:00\",\"dateModified\":\"2025-11-26T18:36:34+00:00\",\"breadcrumb\":{\"@id\":\"https:\\\/\\\/staging.editorialhccp.hcusweb.com\\\/gruponelson\\\/nosotros\\\/#breadcrumb\"},\"inLanguage\":\"en-US\",\"potentialAction\":[{\"@type\":\"ReadAction\",\"target\":[\"https:\\\/\\\/staging.editorialhccp.hcusweb.com\\\/gruponelson\\\/nosotros\\\/\"]}]},{\"@type\":\"BreadcrumbList\",\"@id\":\"https:\\\/\\\/staging.editorialhccp.hcusweb.com\\\/gruponelson\\\/nosotros\\\/#breadcrumb\",\"itemListElement\":[{\"@type\":\"ListItem\",\"position\":1,\"name\":\"Home\",\"item\":\"https:\\\/\\\/staging.editorialhccp.hcusweb.com\\\/gruponelson\\\/\"},{\"@type\":\"ListItem\",\"position\":2,\"name\":\"Nosotros\"}]},{\"@type\":\"WebSite\",\"@id\":\"https:\\\/\\\/staging.editorialhccp.hcusweb.com\\\/gruponelson\\\/#website\",\"url\":\"https:\\\/\\\/staging.editorialhccp.hcusweb.com\\\/gruponelson\\\/\",\"name\":\"Grupo Nelson\",\"description\":\"\",\"potentialAction\":[{\"@type\":\"SearchAction\",\"target\":{\"@type\":\"EntryPoint\",\"urlTemplate\":\"https:\\\/\\\/staging.editorialhccp.hcusweb.com\\\/gruponelson\\\/?s={search_term_string}\"},\"query-input\":{\"@type\":\"PropertyValueSpecification\",\"valueRequired\":true,\"valueName\":\"search_term_string\"}}],\"inLanguage\":\"en-US\"}]}<\/script>\n<!-- \/ Yoast SEO Premium plugin. -->","yoast_head_json":{"title":"Nosotros - Grupo Nelson","robots":{"index":"index","follow":"follow","max-snippet":"max-snippet:-1","max-image-preview":"max-image-preview:large","max-video-preview":"max-video-preview:-1"},"canonical":"https:\/\/staging.editorialhccp.hcusweb.com\/gruponelson\/nosotros\/","og_locale":"en_US","og_type":"article","og_title":"Nosotros","og_description":"Grupo Nelson es un sello de HarperCollins Christian Publishing dedicado a la publicaci\u00f3n de buena literatura. Nuestro prop\u00f3sito es inspirar al mundo por medio de nuestros libros. Grupo Nelson se caracteriza por obras de alta calidad como Max Lucado, John Maxwell, Jack Hayford, Charles Stanley, Billy Graham, John MacArthur, Charles Swindoll, Ted Dekker, y otros. [&hellip;]","og_url":"https:\/\/staging.editorialhccp.hcusweb.com\/gruponelson\/nosotros\/","og_site_name":"Grupo Nelson","article_modified_time":"2025-11-26T18:36:34+00:00","twitter_card":"summary_large_image","twitter_misc":{"Est. reading time":"1 minute"},"schema":{"@context":"https:\/\/schema.org","@graph":[{"@type":"WebPage","@id":"https:\/\/staging.editorialhccp.hcusweb.com\/gruponelson\/nosotros\/","url":"https:\/\/staging.editorialhccp.hcusweb.com\/gruponelson\/nosotros\/","name":"Nosotros - Grupo Nelson","isPartOf":{"@id":"https:\/\/staging.editorialhccp.hcusweb.com\/gruponelson\/#website"},"datePublished":"2017-02-22T21:54:46+00:00","dateModified":"2025-11-26T18:36:34+00:00","breadcrumb":{"@id":"https:\/\/staging.editorialhccp.hcusweb.com\/gruponelson\/nosotros\/#breadcrumb"},"inLanguage":"en-US","potentialAction":[{"@type":"ReadAction","target":["https:\/\/staging.editorialhccp.hcusweb.com\/gruponelson\/nosotros\/"]}]},{"@type":"BreadcrumbList","@id":"https:\/\/staging.editorialhccp.hcusweb.com\/gruponelson\/nosotros\/#breadcrumb","itemListElement":[{"@type":"ListItem","position":1,"name":"Home","item":"https:\/\/staging.editorialhccp.hcusweb.com\/gruponelson\/"},{"@type":"ListItem","position":2,"name":"Nosotros"}]},{"@type":"WebSite","@id":"https:\/\/staging.editorialhccp.hcusweb.com\/gruponelson\/#website","url":"https:\/\/staging.editorialhccp.hcusweb.com\/gruponelson\/","name":"Grupo Nelson","description":"","potentialAction":[{"@type":"SearchAction","target":{"@type":"EntryPoint","urlTemplate":"https:\/\/staging.editorialhccp.hcusweb.com\/gruponelson\/?s={search_term_string}"},"query-input":{"@type":"PropertyValueSpecification","valueRequired":true,"valueName":"search_term_string"}}],"inLanguage":"en-US"}]}},"_links":{"self":[{"href":"https:\/\/staging.editorialhccp.hcusweb.com\/gruponelson\/wp-json\/wp\/v2\/pages\/248","targetHints":{"allow":["GET"]}}],"collection":[{"href":"https:\/\/staging.editorialhccp.hcusweb.com\/gruponelson\/wp-json\/wp\/v2\/pages"}],"about":[{"href":"https:\/\/staging.editorialhccp.hcusweb.com\/gruponelson\/wp-json\/wp\/v2\/types\/page"}],"replies":[{"embeddable":true,"href":"https:\/\/staging.editorialhccp.hcusweb.com\/gruponelson\/wp-json\/wp\/v2\/comments?post=248"}],"version-history":[{"count":2,"href":"https:\/\/staging.editorialhccp.hcusweb.com\/gruponelson\/wp-json\/wp\/v2\/pages\/248\/revisions"}],"predecessor-version":[{"id":2807,"href":"https:\/\/staging.editorialhccp.hcusweb.com\/gruponelson\/wp-json\/wp\/v2\/pages\/248\/revisions\/2807"}],"wp:attachment":[{"href":"https:\/\/staging.editorialhccp.hcusweb.com\/gruponelson\/wp-json\/wp\/v2\/media?parent=248"}],"curies":[{"name":"wp","href":"https:\/\/api.w.org\/{rel}","templated":true}]}}