{"id":10185,"date":"2022-05-24T21:53:18","date_gmt":"2022-05-24T21:53:18","guid":{"rendered":"\/r\/?page_id=10185"},"modified":"2022-05-24T21:53:18","modified_gmt":"2022-05-24T21:53:18","slug":"biblia-coleccion-premier-blog","status":"publish","type":"page","link":"https:\/\/staging.editorialhccp.hcusweb.com\/r\/biblia-coleccion-premier-blog\/","title":{"rendered":"Biblia Colecci\u00f3n Premier &#8211; Blog"},"content":{"rendered":"\n<h2>\n\t\t\u00bfPOR QU\u00c9 COMPRAR UNA BIBLIA PR\u00c9MIUM?\n\t<\/h2>\n\t<p><strong>6 de Junio del 2022<\/strong><\/p>\n\t<p>En la actualidad, en el mercado editorial de la Biblia, existen Biblias con una amplia gama de precios que van desde los 5 hasta los 200 d\u00f3lares. Estas Biblias no son iguales. A las de gama de precios m\u00e1s altos se las conoce como Biblias pr\u00e9mium. \u00bfQu\u00e9 hace que una Biblia sea pr\u00e9mium? Dicho de manera simple, una Biblia pr\u00e9mium es de dise\u00f1o, materiales y estructura de calidad superior.<\/p>\n<p>Las Biblias pr\u00e9mium se han vuelto m\u00e1s populares en los \u00faltimos a\u00f1os. Existen m\u00e1s personas que est\u00e1n dispuestas a invertir en Biblias que no hubieran considerado hace varios a\u00f1os. En este art\u00edculo, exploraremos un poco m\u00e1s sobre las Biblias pr\u00e9mium y descubriremos por qu\u00e9 a las personas les gustan.<\/p>\n\t<p>Existe un grupo de personas a quienes les encanta las Biblias pr\u00e9mium, \u00bfpor qu\u00e9?<\/p>\n\t<p>Para los amantes de los libros, una Biblia pr\u00e9mium es la personificaci\u00f3n de la encuadernaci\u00f3n. Cerca de 800.000 palabras en un solo volumen que invita al lector a tomarla, no se puede comparar. Presentan una est\u00e9tica mejorada y otros detalles que no se pueden encontrar en ninguna otra parte.<\/p>\n<p>Las Biblias pr\u00e9mium son duraderas y resisten al uso diario. La calidad de sus materiales provoca que el propietario las lea y las use. Se mantienen abiertas con facilidad y su papel y calidad de impresi\u00f3n proporcionan una mejor experiencia de lectura. Sus materiales tienen un tacto especial que no se puede comparar con una Biblia de menor calidad. Incluso el aroma del cuero atrae al lector.<\/p>\n\t\t\t\t<img loading=\"lazy\" decoding=\"async\" src=\"\/r\/wp-content\/uploads\/sites\/5\/2022\/06\/Biblia-NBLA-.png\" alt=\"Biblia NBLA\" height=\"1000\" width=\"1000\" title=\"Biblia NBLA\" \/>\n\t\u00bfPor qu\u00e9 las Biblias pr\u00e9mium son excelentes regalos?<br \/>\n\u00bfPor qu\u00e9 se deber\u00eda gastar 150 d\u00f3lares o m\u00e1s en una Biblia?\n\t<p>Las Biblias pr\u00e9mium son de calidad reliquia. Pueden dejar una impresi\u00f3n duradera en muchas generaciones, y est\u00e1n dise\u00f1adas para su uso diario durante muchos a\u00f1os. S\u00ed cuestan m\u00e1s al principio, pero durar\u00e1n mucho m\u00e1s. Se puede gastar mucho m\u00e1s que 150 d\u00f3lares en Biblias de menor calidad con el tiempo para reemplazar Biblias que ya se han desgastado. Una Biblia pr\u00e9mium es una inversi\u00f3n inteligente.<\/p>\n\t<p>\u00bfMateriales? \u00bfCu\u00e1les son y c\u00f3mo se usan?<\/p>\n\t<p>Las Biblias pr\u00e9mium son de calidad reliquia. Pueden dejar una impresi\u00f3n duradera en muchas generaciones, y est\u00e1n dise\u00f1adas para su uso diario durante muchos a\u00f1os. S\u00ed cuestan m\u00e1s al principio, pero durar\u00e1n mucho m\u00e1s. Se puede gastar mucho m\u00e1s que 150 d\u00f3lares en Biblias de menor calidad con el tiempo para reemplazar Biblias que ya se han desgastado. Una Biblia pr\u00e9mium es una inversi\u00f3n inteligente.<\/p>\n\t<p>La cubierta: \u00bfnormalmente es de cuero de cabra?<\/p>\n\t<p>El material de la cubierta afecta la durabilidad de la Biblia. Las cubiertas de las Biblias pr\u00e9mium vienen en una variedad de cueros, pero siempre son de mayor calidad que las que vemos en las Biblias m\u00e1s comunes. Para las cubiertas m\u00e1s ex\u00f3ticas se han incluido cueros como los de piel de foca.<\/p>\n<p>El cuero de cabra es uno de los m\u00e1s populares para las Biblias pr\u00e9mium. Tiene un granulado natural que se ve y se siente excelente, adem\u00e1s de ser bastante flexible. El cuero de ternero tambi\u00e9n es un cuero pr\u00e9mium popular. Ambos son suaves y, por lo general, incluyen una estructura con bordes forrados.<\/p>\n\t\t\t\t<img loading=\"lazy\" decoding=\"async\" src=\"\/r\/wp-content\/uploads\/sites\/5\/2022\/06\/SQUARE-.png\" alt=\"SQUARE\" height=\"1000\" width=\"1000\" title=\"SQUARE\" \/>\n\t<p>Bordes forrados: \u00bfQu\u00e9 significa eso? \u00bfEn realidad tienen un impacto en la durabilidad y la flexibilidad?<\/p>\n\t<p>El forrado de los bordes es un m\u00e9todo de elaboraci\u00f3n de alta calidad para unir la cubierta con el bloque del libro. El forro, que est\u00e1 hecho de material sint\u00e9tico o cuero, tiene una solapa de tela donde la parte delantera y la parte posterior de la Biblia se unen a la cubierta.<\/p>\n<p>Los forros para el revestimiento de los bordes tienen un gran impacto en la durabilidad y la flexibidad de la Biblia. Los forros pegados, o encolados, son m\u00e1s r\u00edgidos. Pueden rasgarse en la bisagra (donde la cubierta est\u00e1 unida al bloque del libro) con el tiempo despu\u00e9s de mucho uso. Los forros para el revestimiento de los bordes pueden estar hechos de materiales flexibles. Las solapas eliminan la tensi\u00f3n de la cubierta y evitan el desprendimiento que se produce con el uso.<\/p>\n\t<p>Doradura: \u00bfcu\u00e1l es el prop\u00f3sito?<\/p>\n\t<p>Muchas Biblias tienen un color met\u00e1lico, similar al oro o la plata, en los bordes de sus p\u00e1ginas. A esto se le llama doradura. Muchas veces se hacen con un revestimiento met\u00e1lico como aluminio derretido sobre los bordes. Eso le da a la Biblia una aspecto elegante y acabado fino. Con la doradura dorada o plateada, los bordes de las p\u00e1ginas pueden verse casi blancos al abrir la Biblia.<\/p>\n<p>La doradura va un paso m\u00e1s all\u00e1 al a\u00f1adir una capa de color en los bordes de las p\u00e1ginas. Por lo general, es tinte rojo, pero otros colores, como el azul, son comunes. La doradura oscurece los bordes. Por ejemplo, la doradura roja puede hacer que los bordes tengan el aspecto m\u00e1s de cobre que dorado. Al abrir la Biblia, los bordes de la p\u00e1gina adquieren el color del tinte. Con la doradura roja, los bordes de las p\u00e1ginas tendr\u00e1n una tonalidad roja.<\/p>\n<p>El prop\u00f3sito de la doradura es est\u00e9tico. Le da un aspecto y acabado pr\u00e9mium a la Biblia que se diferencia de las Biblias de gama baja.<\/p>\n\t<p>Nervios: \u00bfqu\u00e9 son y cu\u00e1l es su funci\u00f3n?<\/p>\n\t<p>Hace varios cientos de a\u00f1os, los libros sol\u00edan estar cosidos con cuerdas. Cuando se pon\u00eda el cuero sobre esas cuerdas, dejaba nervios en el lomo. Esto fue antes, cuando eran parte de la elaboraci\u00f3n del libro. Hoy en d\u00eda, en su mayor\u00eda, se los a\u00f1ade por est\u00e9tica. Le dan a la Biblia un aspecto del viejo mundo que hace que resalte del resto. Es un detalle que hace que la cubierta tenga un aspecto de acabado m\u00e1s fino.<\/p>\n<p>Aunque por lo general se los a\u00f1aden por est\u00e9tica, pueden cumplir una funci\u00f3n. Si los nervios del lomo (tambi\u00e9n llamados costillas o cuerdas falsas) est\u00e1n hechos de un material suave, como el cuero, se doblar\u00e1n con el lomo. Los que est\u00e1n hechos de material m\u00e1s duro, como de hueso o metal, no se doblar\u00e1n. Hacen que el lomo se mantenga plano. Entonces, los nervios del lomo pueden afectar la rigidez del lomo.<\/p>\n\t<p>Falda: Suena raro, pero \u00bfqu\u00e9 es?<\/p>\n\t<p>La falda es la parte de la cubierta de cuero que cuelga sobre el borde de las p\u00e1ginas. Se la usa para proteger la doradura. Viene en diferentes tama\u00f1os. Casi cualquier tama\u00f1o es \u00fatil para proteger el papel. En una falda entera, las cubiertas y las contracubiertas se tocan entre si y envuelven por completo la Biblia. Las semifaldas no tocan, pero siguen evitando que las manos toquen los bordes de la p\u00e1gina cuando se sostiene la Biblia.<\/p>\n\t<p>Cintas: \u00bfPor qu\u00e9 son mucho mejores y\u00a0por qu\u00e9 es importante la longitud?<\/p>\n\t<p>Las cintas marcan tu p\u00e1gina. La mayor\u00eda de las Biblias vienen con un separador de cinta. \u00bfQu\u00e9 pasa si lees, estudias o predicas de m\u00faltiples p\u00e1ginas en la misma Biblia? Es \u00fatil tener m\u00e1s cintas porque mantienen tu posici\u00f3n en varias p\u00e1ginas al mismo tiempo.<\/p>\n<p>La longitud de los separadores de cinta afecta su facilidad de uso. Las cintas deben ser lo suficientemente largas como para agarrarlas y moverlas. En Biblias peque\u00f1as, es bastante f\u00e1cil agarrar la cinta y abrir la Biblia, pero con Biblias m\u00e1s grandes, el papel es m\u00e1s pesado. Las cintas para Biblias m\u00e1s grandes son m\u00e1s \u00fatiles si son lo suficientemente largas como para jalarlas de la esquina exterior antes de abrir la Biblia.<\/p>\n\t<p>Cintas: \u00bfPor qu\u00e9 son mucho mejores y\u00a0por qu\u00e9 es importante la longitud?<\/p>\n\t<p>Las Biblias pr\u00e9mium son elaboradas con mejores materiales y ofrecen mejor durabilidad. Duran m\u00e1s y son excelentes regalos. Incluyen muchas mejoras en comparaci\u00f3n con las Biblias comunes, tales como cubiertas de cuero de cabra o piel de ternero, forros para el revestimiento de bordes, bordes con doraduras, separadores de cintas m\u00faltiples y m\u00e1s. Todo esto puede contribuir a que tu tiempo en la Palabra de Dios sea a\u00fan m\u00e1s agradable.<\/p>\n<p>Puedes obtener m\u00e1s informaci\u00f3n sobre la Colecci\u00f3n Premier, nuestras Biblias pr\u00e9mium de calidad reliquia, al visitar www.PremierCollectionBibles.com<\/p>\n\t<p>Conclusi\u00f3n<\/p>\n\t<p>Las Biblias pr\u00e9mium son elaboradas con mejores materiales y ofrecen mejor durabilidad. Duran m\u00e1s y son excelentes regalos. Incluyen muchas mejoras en comparaci\u00f3n con las Biblias comunes, tales como cubiertas de cuero de cabra o piel de ternero, forros para el revestimiento de bordes, bordes con doraduras, separadores de cintas m\u00faltiples y m\u00e1s. Todo esto puede contribuir a que tu tiempo en la Palabra de Dios sea a\u00fan m\u00e1s agradable.<\/p>\n<p>Puedes obtener m\u00e1s informaci\u00f3n sobre la Colecci\u00f3n Premier, nuestras Biblias pr\u00e9mium de calidad reliquia, al visitar www.PremierCollectionBibles.com<\/p>\n\t\t\t\t<a href=\"https:\/\/bit.ly\/3Hf1D6o\" target=\"_blank\" rel=\"noopener\">\n\t\t\t\t<img loading=\"lazy\" decoding=\"async\" src=\"\/r\/wp-content\/uploads\/sites\/5\/2022\/01\/Azul-bolita.png\" alt=\"RVR 60 COLECCION PREMIER AZUL\" height=\"577\" width=\"433\" title=\"Azul\" \/>\n\t\t\t\t<\/a>\n\t\tBiblia RVR60 Piel genuina Azul \n\t\t\t<a href=\"https:\/\/bit.ly\/3Hf1D6o\" target=\"_blank\" role=\"button\" rel=\"noopener\">\n\t\t\t\t\t\t\tCOMPRAR AHORA\n\t\t\t\t\t<\/a>\n\t\t\t\t<a href=\"https:\/\/bit.ly\/3Hf1D6o\" target=\"_blank\" rel=\"noopener\">\n\t\t\t\t<img loading=\"lazy\" decoding=\"async\" src=\"\/r\/wp-content\/uploads\/sites\/5\/2022\/01\/Caramelo.png\" alt=\"RVR 1960 Coleccion Premier\" height=\"577\" width=\"433\" title=\"Biblia RVR60 Piel Genuina Caramelo\" \/>\n\t\t\t\t<\/a>\n\t\tBiblia RVR60 Piel genuina Caramelo \n\t\t\t<a href=https:\/\/staging.editorialhccp.hcusweb.com\/9780829702873\/nbla-biblia-ultrafina-coleccion-premier-caramelo\/ target=\"_blank\" role=\"button\" rel=\"noopener\">\n\t\t\t\t\t\t\tCOMPRAR AHORA\n\t\t\t\t\t<\/a>\n\t\t\t\t<a href=https:\/\/staging.editorialhccp.hcusweb.com\/9780829737905\/reina-valera-1960-biblia-letra-gigante-coleccion-premier-azul-marino-interior-a-dos-colores\/ target=\"_self\" rel=\"noopener\">\n\t\t\t\t<img loading=\"lazy\" decoding=\"async\" src=\"\/r\/wp-content\/uploads\/sites\/5\/2022\/01\/Azul.png\" alt=\"RVR 1960 Coleccion Premier\" height=\"577\" width=\"433\" title=\"Azul Marino\" \/>\n\t\t\t\t<\/a>\n\t\tBiblia RVR60 Piel genuina Azul Marino \n\t\t\t<a href=https:\/\/staging.editorialhccp.hcusweb.com\/9780829737905\/reina-valera-1960-biblia-letra-gigante-coleccion-premier-azul-marino-interior-a-dos-colores\/ target=\"_blank\" role=\"button\" rel=\"noopener\">\n\t\t\t\t\t\t\tCOMPRAR AHORA\n\t\t\t\t\t<\/a>\n\t\t\t\t<a href=https:\/\/staging.editorialhccp.hcusweb.com\/9780829737714\/reina-valera-1960-biblia-letra-gigante-coleccion-premier-cafe-interior-a-dos-colores\/ target=\"_self\" rel=\"noopener\">\n\t\t\t\t<img loading=\"lazy\" decoding=\"async\" src=\"\/r\/wp-content\/uploads\/sites\/5\/2022\/01\/Untitled-2.png\" alt=\"RVR 1960 Coleccion Premier Cafe\" height=\"577\" width=\"433\" title=\"Caf\u00e9\" \/>\n\t\t\t\t<\/a>\n\t\tBiblia RVR60 Piel genuina Caf\u00e9\n\t\t\t<a href=https:\/\/staging.editorialhccp.hcusweb.com\/9780829737714\/reina-valera-1960-biblia-letra-gigante-coleccion-premier-cafe-interior-a-dos-colores\/ target=\"_blank\" role=\"button\" rel=\"noopener\">\n\t\t\t\t\t\t\tCOMPRAR AHORA\n\t\t\t\t\t<\/a>\n\t\t\t\t<a href=https:\/\/staging.editorialhccp.hcusweb.com\/9780829735604\/reina-valera-1960-biblia-letra-gigante-coleccion-premier-negro-interior-a-dos-colores\/ target=\"_self\" rel=\"noopener\">\n\t\t\t\t<img loading=\"lazy\" decoding=\"async\" src=\"\/r\/wp-content\/uploads\/sites\/5\/2022\/01\/Negro.png\" alt=\"RVR 1960 Coleccion Premier\" height=\"577\" width=\"433\" title=\"Negro\" \/>\n\t\t\t\t<\/a>\n\t\tBiblia RVR60 Piel genuina Negra\n\t\t\t<a href=https:\/\/staging.editorialhccp.hcusweb.com\/9780829735604\/reina-valera-1960-biblia-letra-gigante-coleccion-premier-negro-interior-a-dos-colores\/ target=\"_blank\" role=\"button\" rel=\"noopener\">\n\t\t\t\t\t\t\tCOMPRAR AHORA\n\t\t\t\t\t<\/a>\n\t\t\t\t<img loading=\"lazy\" decoding=\"async\" src=\"\/r\/wp-content\/uploads\/sites\/5\/2021\/04\/top-banner-large.jpg\" alt=\"Coleccion Premier Banner\" height=\"460\" width=\"1400\" title=\"Top Banner Colecci\u00f3n Premier\" \/>\n\t\t\t\t<a href=\"https:\/\/exploranbla.com\/biblias\" target=\"_blank\" rel=\"noopener\">\n\t\t\t\t<img loading=\"lazy\" decoding=\"async\" src=\"\/r\/wp-content\/uploads\/sites\/5\/2021\/03\/NBLA-Logo-Black.png\" alt=\"NBLA nueva biblia de las americas\" height=\"287\" width=\"852\" title=\"NBLA Logo Black\" \/>\n\t\t\t\t<\/a>\n\t\t\t\t<a href=https:\/\/staging.editorialhccp.hcusweb.com\/vida\/ target=\"_blank\" rel=\"noopener\">\n\t\t\t\t<img loading=\"lazy\" decoding=\"async\" src=\"\/r\/wp-content\/uploads\/sites\/5\/2021\/02\/vida-logo-black.png\" alt=\"editorial vida\" height=\"241\" width=\"514\" title=\"vida logo black\" \/>\n\t\t\t\t<\/a>\n\t\t\t\t<img loading=\"lazy\" decoding=\"async\" src=\"\/r\/wp-content\/uploads\/sites\/5\/2020\/09\/rvr60_logo.png\" alt=\"rvr60_logo\" height=\"700\" width=\"938\" title=\"rvr60_logo\" \/>\n\t<p>\u00a9 Copyright 2022 by <a href=\"http:\/\/www.harpercollinschristian.com\/\" target=\"_blank\" rel=\"noopener\">HarperCollins Christian Publishing<\/a><\/p>\n<p><a href=\"https:\/\/www.harpercollinschristian.com\/privacy\/\">Pol\u00edtica de Privacidad | <\/a><a href=\"https:\/\/www.harpercollinschristian.com\/terms\/\">T\u00e9rminos y Condiciones | <\/a><a href=\"https:\/\/www.harpercollinschristian.com\/california-consumer-privacy-act\/\">Derechos de privacidad de California | <\/a><a href=\"https:\/\/www.harpercollinschristian.com\/do-not-sell\/\">No venda mi informaci\u00f3n personal<\/a><\/p>\n\n","protected":false},"excerpt":{"rendered":"<p>\u00bfPOR QU\u00c9 COMPRAR UNA BIBLIA PR\u00c9MIUM? 6 de Junio del 2022 En la actualidad, en el mercado editorial de la Biblia, existen Biblias con una amplia gama de precios que van desde los 5 hasta los 200 d\u00f3lares. Estas Biblias no son iguales. A las de gama de precios m\u00e1s altos se las conoce como [&hellip;]<\/p>\n","protected":false},"author":0,"featured_media":10303,"parent":0,"menu_order":0,"comment_status":"closed","ping_status":"closed","template":"","meta":{"_acf_changed":false,"footnotes":""},"class_list":["post-10185","page","type-page","status-publish","has-post-thumbnail","hentry"],"acf":[],"yoast_head":"<!-- This site is optimized with the Yoast SEO Premium plugin v27.3 (Yoast SEO v27.4) - https:\/\/yoast.com\/product\/yoast-seo-premium-wordpress\/ -->\n<title>Biblia Colecci\u00f3n Premier - Blog<\/title>\n<meta name=\"description\" content=\"\u00bfPor qu\u00e9 las Biblias pr\u00e9mium son excelentes regalos? Las Biblias pr\u00e9mium se han vuelto m\u00e1s populares en los \u00faltimos a\u00f1os. Existen m\u00e1s personas que est\u00e1n dispuestas a invertir en Biblias que no hubieran considerado hace varios a\u00f1os. En este art\u00edculo, exploraremos un poco m\u00e1s sobre las Biblias pr\u00e9mium y descubriremos por qu\u00e9 a las personas les gustan.\" \/>\n<meta name=\"robots\" content=\"index, follow, max-snippet:-1, max-image-preview:large, max-video-preview:-1\" \/>\n<link rel=\"canonical\" href=\"https:\/\/staging.editorialhccp.hcusweb.com\/r\/biblia-coleccion-premier-blog\/\" \/>\n<meta property=\"og:locale\" content=\"en_US\" \/>\n<meta property=\"og:type\" content=\"article\" \/>\n<meta property=\"og:title\" content=\"Biblia Colecci\u00f3n Premier - Blog\" \/>\n<meta property=\"og:description\" content=\"\u00bfPor qu\u00e9 las Biblias pr\u00e9mium son excelentes regalos? Las Biblias pr\u00e9mium se han vuelto m\u00e1s populares en los \u00faltimos a\u00f1os. Existen m\u00e1s personas que est\u00e1n dispuestas a invertir en Biblias que no hubieran considerado hace varios a\u00f1os. En este art\u00edculo, exploraremos un poco m\u00e1s sobre las Biblias pr\u00e9mium y descubriremos por qu\u00e9 a las personas les gustan.\" \/>\n<meta property=\"og:url\" content=\"https:\/\/staging.editorialhccp.hcusweb.com\/r\/biblia-coleccion-premier-blog\/\" \/>\n<meta property=\"og:site_name\" content=\"Marketing Pages\" \/>\n<meta property=\"og:image\" content=\"https:\/\/staging.editorialhccp.hcusweb.com\/r\/wp-content\/uploads\/sites\/5\/2022\/06\/coleccion-premier-.jpg\" \/>\n\t<meta property=\"og:image:width\" content=\"1920\" \/>\n\t<meta property=\"og:image:height\" content=\"1080\" \/>\n\t<meta property=\"og:image:type\" content=\"image\/jpeg\" \/>\n<meta name=\"twitter:card\" content=\"summary_large_image\" \/>\n<meta name=\"twitter:label1\" content=\"Est. reading time\" \/>\n\t<meta name=\"twitter:data1\" content=\"9 minutes\" \/>\n<script type=\"application\/ld+json\" class=\"yoast-schema-graph\">{\"@context\":\"https:\\\/\\\/schema.org\",\"@graph\":[{\"@type\":\"WebPage\",\"@id\":\"https:\\\/\\\/staging.editorialhccp.hcusweb.com\\\/r\\\/biblia-coleccion-premier-blog\\\/\",\"url\":\"https:\\\/\\\/staging.editorialhccp.hcusweb.com\\\/r\\\/biblia-coleccion-premier-blog\\\/\",\"name\":\"Biblia Colecci\u00f3n Premier - Blog\",\"isPartOf\":{\"@id\":\"https:\\\/\\\/staging.editorialhccp.hcusweb.com\\\/r\\\/#website\"},\"primaryImageOfPage\":{\"@id\":\"https:\\\/\\\/staging.editorialhccp.hcusweb.com\\\/r\\\/biblia-coleccion-premier-blog\\\/#primaryimage\"},\"image\":{\"@id\":\"https:\\\/\\\/staging.editorialhccp.hcusweb.com\\\/r\\\/biblia-coleccion-premier-blog\\\/#primaryimage\"},\"thumbnailUrl\":\"https:\\\/\\\/staging.editorialhccp.hcusweb.com\\\/r\\\/wp-content\\\/uploads\\\/sites\\\/5\\\/2022\\\/06\\\/coleccion-premier-.jpg\",\"datePublished\":\"2022-05-24T21:53:18+00:00\",\"description\":\"\u00bfPor qu\u00e9 las Biblias pr\u00e9mium son excelentes regalos? Las Biblias pr\u00e9mium se han vuelto m\u00e1s populares en los \u00faltimos a\u00f1os. Existen m\u00e1s personas que est\u00e1n dispuestas a invertir en Biblias que no hubieran considerado hace varios a\u00f1os. En este art\u00edculo, exploraremos un poco m\u00e1s sobre las Biblias pr\u00e9mium y descubriremos por qu\u00e9 a las personas les gustan.\",\"breadcrumb\":{\"@id\":\"https:\\\/\\\/staging.editorialhccp.hcusweb.com\\\/r\\\/biblia-coleccion-premier-blog\\\/#breadcrumb\"},\"inLanguage\":\"en-US\",\"potentialAction\":[{\"@type\":\"ReadAction\",\"target\":[\"https:\\\/\\\/staging.editorialhccp.hcusweb.com\\\/r\\\/biblia-coleccion-premier-blog\\\/\"]}]},{\"@type\":\"ImageObject\",\"inLanguage\":\"en-US\",\"@id\":\"https:\\\/\\\/staging.editorialhccp.hcusweb.com\\\/r\\\/biblia-coleccion-premier-blog\\\/#primaryimage\",\"url\":\"https:\\\/\\\/staging.editorialhccp.hcusweb.com\\\/r\\\/wp-content\\\/uploads\\\/sites\\\/5\\\/2022\\\/06\\\/coleccion-premier-.jpg\",\"contentUrl\":\"https:\\\/\\\/staging.editorialhccp.hcusweb.com\\\/r\\\/wp-content\\\/uploads\\\/sites\\\/5\\\/2022\\\/06\\\/coleccion-premier-.jpg\",\"width\":1920,\"height\":1080},{\"@type\":\"BreadcrumbList\",\"@id\":\"https:\\\/\\\/staging.editorialhccp.hcusweb.com\\\/r\\\/biblia-coleccion-premier-blog\\\/#breadcrumb\",\"itemListElement\":[{\"@type\":\"ListItem\",\"position\":1,\"name\":\"Home\",\"item\":\"https:\\\/\\\/staging.editorialhccp.hcusweb.com\\\/r\\\/\"},{\"@type\":\"ListItem\",\"position\":2,\"name\":\"Biblia Colecci\u00f3n Premier &#8211; Blog\"}]},{\"@type\":\"WebSite\",\"@id\":\"https:\\\/\\\/staging.editorialhccp.hcusweb.com\\\/r\\\/#website\",\"url\":\"https:\\\/\\\/staging.editorialhccp.hcusweb.com\\\/r\\\/\",\"name\":\"Marketing Pages\",\"description\":\"\",\"potentialAction\":[{\"@type\":\"SearchAction\",\"target\":{\"@type\":\"EntryPoint\",\"urlTemplate\":\"https:\\\/\\\/staging.editorialhccp.hcusweb.com\\\/r\\\/?s={search_term_string}\"},\"query-input\":{\"@type\":\"PropertyValueSpecification\",\"valueRequired\":true,\"valueName\":\"search_term_string\"}}],\"inLanguage\":\"en-US\"}]}<\/script>\n<!-- \/ Yoast SEO Premium plugin. -->","yoast_head_json":{"title":"Biblia Colecci\u00f3n Premier - Blog","description":"\u00bfPor qu\u00e9 las Biblias pr\u00e9mium son excelentes regalos? Las Biblias pr\u00e9mium se han vuelto m\u00e1s populares en los \u00faltimos a\u00f1os. Existen m\u00e1s personas que est\u00e1n dispuestas a invertir en Biblias que no hubieran considerado hace varios a\u00f1os. En este art\u00edculo, exploraremos un poco m\u00e1s sobre las Biblias pr\u00e9mium y descubriremos por qu\u00e9 a las personas les gustan.","robots":{"index":"index","follow":"follow","max-snippet":"max-snippet:-1","max-image-preview":"max-image-preview:large","max-video-preview":"max-video-preview:-1"},"canonical":"https:\/\/staging.editorialhccp.hcusweb.com\/r\/biblia-coleccion-premier-blog\/","og_locale":"en_US","og_type":"article","og_title":"Biblia Colecci\u00f3n Premier - Blog","og_description":"\u00bfPor qu\u00e9 las Biblias pr\u00e9mium son excelentes regalos? Las Biblias pr\u00e9mium se han vuelto m\u00e1s populares en los \u00faltimos a\u00f1os. Existen m\u00e1s personas que est\u00e1n dispuestas a invertir en Biblias que no hubieran considerado hace varios a\u00f1os. En este art\u00edculo, exploraremos un poco m\u00e1s sobre las Biblias pr\u00e9mium y descubriremos por qu\u00e9 a las personas les gustan.","og_url":"https:\/\/staging.editorialhccp.hcusweb.com\/r\/biblia-coleccion-premier-blog\/","og_site_name":"Marketing Pages","og_image":[{"width":1920,"height":1080,"url":"https:\/\/staging.editorialhccp.hcusweb.com\/r\/wp-content\/uploads\/sites\/5\/2022\/06\/coleccion-premier-.jpg","type":"image\/jpeg"}],"twitter_card":"summary_large_image","twitter_misc":{"Est. reading time":"9 minutes"},"schema":{"@context":"https:\/\/schema.org","@graph":[{"@type":"WebPage","@id":"https:\/\/staging.editorialhccp.hcusweb.com\/r\/biblia-coleccion-premier-blog\/","url":"https:\/\/staging.editorialhccp.hcusweb.com\/r\/biblia-coleccion-premier-blog\/","name":"Biblia Colecci\u00f3n Premier - Blog","isPartOf":{"@id":"https:\/\/staging.editorialhccp.hcusweb.com\/r\/#website"},"primaryImageOfPage":{"@id":"https:\/\/staging.editorialhccp.hcusweb.com\/r\/biblia-coleccion-premier-blog\/#primaryimage"},"image":{"@id":"https:\/\/staging.editorialhccp.hcusweb.com\/r\/biblia-coleccion-premier-blog\/#primaryimage"},"thumbnailUrl":"https:\/\/staging.editorialhccp.hcusweb.com\/r\/wp-content\/uploads\/sites\/5\/2022\/06\/coleccion-premier-.jpg","datePublished":"2022-05-24T21:53:18+00:00","description":"\u00bfPor qu\u00e9 las Biblias pr\u00e9mium son excelentes regalos? Las Biblias pr\u00e9mium se han vuelto m\u00e1s populares en los \u00faltimos a\u00f1os. Existen m\u00e1s personas que est\u00e1n dispuestas a invertir en Biblias que no hubieran considerado hace varios a\u00f1os. En este art\u00edculo, exploraremos un poco m\u00e1s sobre las Biblias pr\u00e9mium y descubriremos por qu\u00e9 a las personas les gustan.","breadcrumb":{"@id":"https:\/\/staging.editorialhccp.hcusweb.com\/r\/biblia-coleccion-premier-blog\/#breadcrumb"},"inLanguage":"en-US","potentialAction":[{"@type":"ReadAction","target":["https:\/\/staging.editorialhccp.hcusweb.com\/r\/biblia-coleccion-premier-blog\/"]}]},{"@type":"ImageObject","inLanguage":"en-US","@id":"https:\/\/staging.editorialhccp.hcusweb.com\/r\/biblia-coleccion-premier-blog\/#primaryimage","url":"https:\/\/staging.editorialhccp.hcusweb.com\/r\/wp-content\/uploads\/sites\/5\/2022\/06\/coleccion-premier-.jpg","contentUrl":"https:\/\/staging.editorialhccp.hcusweb.com\/r\/wp-content\/uploads\/sites\/5\/2022\/06\/coleccion-premier-.jpg","width":1920,"height":1080},{"@type":"BreadcrumbList","@id":"https:\/\/staging.editorialhccp.hcusweb.com\/r\/biblia-coleccion-premier-blog\/#breadcrumb","itemListElement":[{"@type":"ListItem","position":1,"name":"Home","item":"https:\/\/staging.editorialhccp.hcusweb.com\/r\/"},{"@type":"ListItem","position":2,"name":"Biblia Colecci\u00f3n Premier &#8211; Blog"}]},{"@type":"WebSite","@id":"https:\/\/staging.editorialhccp.hcusweb.com\/r\/#website","url":"https:\/\/staging.editorialhccp.hcusweb.com\/r\/","name":"Marketing Pages","description":"","potentialAction":[{"@type":"SearchAction","target":{"@type":"EntryPoint","urlTemplate":"https:\/\/staging.editorialhccp.hcusweb.com\/r\/?s={search_term_string}"},"query-input":{"@type":"PropertyValueSpecification","valueRequired":true,"valueName":"search_term_string"}}],"inLanguage":"en-US"}]}},"_links":{"self":[{"href":"https:\/\/staging.editorialhccp.hcusweb.com\/r\/wp-json\/wp\/v2\/pages\/10185","targetHints":{"allow":["GET"]}}],"collection":[{"href":"https:\/\/staging.editorialhccp.hcusweb.com\/r\/wp-json\/wp\/v2\/pages"}],"about":[{"href":"https:\/\/staging.editorialhccp.hcusweb.com\/r\/wp-json\/wp\/v2\/types\/page"}],"replies":[{"embeddable":true,"href":"https:\/\/staging.editorialhccp.hcusweb.com\/r\/wp-json\/wp\/v2\/comments?post=10185"}],"version-history":[{"count":0,"href":"https:\/\/staging.editorialhccp.hcusweb.com\/r\/wp-json\/wp\/v2\/pages\/10185\/revisions"}],"wp:featuredmedia":[{"embeddable":true,"href":"https:\/\/staging.editorialhccp.hcusweb.com\/r\/wp-json\/wp\/v2\/media\/10303"}],"wp:attachment":[{"href":"https:\/\/staging.editorialhccp.hcusweb.com\/r\/wp-json\/wp\/v2\/media?parent=10185"}],"curies":[{"name":"wp","href":"https:\/\/api.w.org\/{rel}","templated":true}]}}