{"id":10945,"date":"2022-08-29T17:18:07","date_gmt":"2022-08-29T17:18:07","guid":{"rendered":"\/r\/?page_id=10945"},"modified":"2022-08-29T17:18:07","modified_gmt":"2022-08-29T17:18:07","slug":"libros-cristianos-para-ninos-temporadas","status":"publish","type":"page","link":"https:\/\/staging.editorialhccp.hcusweb.com\/r\/libros-cristianos-para-ninos\/libros-cristianos-para-ninos-temporadas\/","title":{"rendered":"Libros cristianos para ni\u00f1os-temporadas"},"content":{"rendered":"\n\n\t\t\t\t<img loading=\"lazy\" decoding=\"async\" src=\"\/r\/wp-content\/uploads\/sites\/5\/2024\/02\/NINOS.png\" alt=\"NI\u00d1OS\" height=\"265\" width=\"800\" title=\"NI\u00d1OS\" \/>\n\t\t\t<img decoding=\"async\" loading='false' src=\"\/r\/wp-content\/uploads\/sites\/5\/2022\/08\/banner-web-navidad.jpg\" alt=\"\" \/>\t\t\t\n\t\t\t\t<a href=\"#\" aria-label=\"previous\" role=\"button\">\n<\/a>\n\t\t\t\t<a href=\"#\" aria-label=\"next\" role=\"button\">\n<\/a>\n<h2>\n\t\tPrecious Moments:<br \/>Mi libro de historias b\u00edblicas<br \/>de Navidad\n\t<\/h2>\n\t<p>Con dulces historias, canciones, oraciones y escrituras combinadas con encantadoras ilustraciones de Precious Moments, Mi libro de historias b\u00edblicas de Navidad ayuda a tu hijo a entender y celebrar las maravillas del nacimiento de Jes\u00fas.<\/p>\n<p>Un libro de cart\u00f3n acolchado perfecto para ni\u00f1os de 2 a 5 a\u00f1os que permite compartir f\u00e1cilmente la historia de Jes\u00fas con los m\u00e1s peque\u00f1os, al tiempo que les ense\u00f1a el amor de Dios.\u00a0Viene en texto de mayor tama\u00f1o f\u00e1cil de leer y contiene atractivas historias, canciones, oraciones y escrituras.<\/p>\n\t\t\t<a href=\"#historiasbiblicasdenavidad-venta\" target=\"_self\" rel=\"noopener\">\n\t\t\t\t\t\t\t\u00a1LO QUIERO!\n\t\t\t\t\t<\/a>\n\t\t\t\t<img loading=\"lazy\" decoding=\"async\" src=\"\/r\/wp-content\/uploads\/sites\/5\/2022\/09\/libro-historias-biblicas-navidad.jpg\" alt=\"libro historias biblicas navidad\" height=\"800\" width=\"800\" title=\"libro historias biblicas navidad\" \/>\n<h2>\n\t\tCrea recuerdos duraderos con este hermoso recuerdo de la infancia mientras tus hijos aprenden el verdadero significado de la Navidad.\n\t<\/h2>\n\t\t\t<a href=\"#historiasbiblicasdenavidad-venta\" target=\"_self\" rel=\"noopener\">\n\t\t\t\t\t\t\t\u00a1COMPRAR AHORA!\n\t\t\t\t\t<\/a>\n<h2>\n\t\tUn libro de f\u00e1cil limpieza que se adapta muy bien a las manos de los peque\u00f1os. Este libro de historias b\u00edblicas es un buen complemento para las guarder\u00edas y las bibliotecas de las iglesias, y un buen regalo de Navidad.\n\t<\/h2>\n\t\t\t<a href=\"#descargas\" target=\"_self\" rel=\"noopener\">\n\t\t\t\t\t\t\t\u00a1DESCARGAR MUESTRA GRATIS!\n\t\t\t\t\t<\/a>\n<h2>\n\t\tObt\u00e9n el libro en\n\t<\/h2>\n\t\t\t\t<a href=\"http:\/\/aps.harpercollins.com\/gruponelson?isbn=9781400324934&amp;retailer=amazon&amp;locale=US\" target=\"_blank\" rel=\"noopener\">\n\t\t\t\t<img loading=\"lazy\" decoding=\"async\" src=\"\/r\/wp-content\/uploads\/sites\/5\/2020\/10\/Amazon-logo.png\" alt=\"Amazon-logo\" height=\"300\" width=\"600\" title=\"Amazon-logo\" \/>\n\t\t\t\t<\/a>\n\t\t\t\t<a href=\"http:\/\/aps.harpercollins.com\/gruponelson?isbn=9781400324934&amp;retailer=apple&amp;locale=USretailer=apple&amp;locale=US\" target=\"_blank\" rel=\"noopener\">\n\t\t\t\t<img loading=\"lazy\" decoding=\"async\" src=\"\/r\/wp-content\/uploads\/sites\/5\/2020\/10\/Apple-Books-logo.png\" alt=\"Apple Books-logo\" height=\"300\" width=\"600\" title=\"Apple Books-logo\" \/>\n\t\t\t\t<\/a>\n\t\t\t\t<a href=\"http:\/\/aps.harpercollins.com\/gruponelson?isbn=9781400324934&amp;retailer=barnesandnoble&amp;locale=US\" target=\"_blank\" rel=\"noopener\">\n\t\t\t\t<img loading=\"lazy\" decoding=\"async\" src=\"\/r\/wp-content\/uploads\/sites\/5\/2020\/10\/barnes-noble-logo.png\" alt=\"barnes-noble-logo\" height=\"300\" width=\"600\" title=\"barnes-noble-logo\" \/>\n\t\t\t\t<\/a>\n\t\t\t\t<a href=\"http:\/\/aps.harpercollins.com\/gruponelson?isbn=9781400324934&amp;retailer=booksamillion&amp;locale=US\" target=\"_blank\" rel=\"noopener\">\n\t\t\t\t<img loading=\"lazy\" decoding=\"async\" src=\"\/r\/wp-content\/uploads\/sites\/5\/2020\/10\/bookshop-logo.png\" alt=\"bookshop-logo\" height=\"300\" width=\"600\" title=\"bookshop-logo\" \/>\n\t\t\t\t<\/a>\n\t\t\t\t<a href=\"http:\/\/aps.harpercollins.com\/gruponelson?isbn=9781400324934&amp;retailer=christianbooks&amp;locale=US\" target=\"_blank\" rel=\"noopener\">\n\t\t\t\t<img loading=\"lazy\" decoding=\"async\" src=\"\/r\/wp-content\/uploads\/sites\/5\/2020\/10\/biblegateway-logo.png\" alt=\"biblegateway-logo\" height=\"300\" width=\"600\" title=\"biblegateway-logo\" \/>\n\t\t\t\t<\/a>\n\t\t\t\t<a href=\"http:\/\/aps.harpercollins.com\/gruponelson?isbn=9781400324934&amp;retailer=googleplay&amp;locale=USretailer=googleplay&amp;locale=US\" target=\"_blank\" rel=\"noopener\">\n\t\t\t\t<img loading=\"lazy\" decoding=\"async\" src=\"\/r\/wp-content\/uploads\/sites\/5\/2020\/10\/Google-Play-logo.png\" alt=\"Google Play-logo\" height=\"300\" width=\"600\" title=\"Google Play-logo\" \/>\n\t\t\t\t<\/a>\n\t\t\t\t<a href=\"http:\/\/aps.harpercollins.com\/gruponelson?isbn=9781400324934&amp;retailer=indiebound&amp;locale=US\" target=\"_blank\" rel=\"noopener\">\n\t\t\t\t<img loading=\"lazy\" decoding=\"async\" src=\"\/r\/wp-content\/uploads\/sites\/5\/2020\/10\/Indi-Bound-logo.png\" alt=\"Indi Bound-logo\" height=\"300\" width=\"600\" title=\"Indi Bound-logo\" \/>\n\t\t\t\t<\/a>\n\t<p>\u00bfEn otro pa\u00eds?<\/p>\n\t\t\t<button aria-label=\"Menu\">\n\t\t\t\t\t\t\t<\/button>\n\t<nav aria-label=\"BuscadorTiendas\">\n\t\t<ul id=\"menu-buscadortiendas\"><li id=\"menu-item-5287\"><a href=\"#\">Selecciona tu pa\u00eds<\/a><ul>\t<li id=\"menu-item-11922\"><a href=https:\/\/staging.editorialhccp.hcusweb.com\/distribuidores-argentina\/>Argentina<\/a><\/li>\t<li id=\"menu-item-11923\"><a href=https:\/\/staging.editorialhccp.hcusweb.com\/distribuidores-bolivia\/>Bolivia<\/a><\/li>\t<li id=\"menu-item-11924\"><a href=https:\/\/staging.editorialhccp.hcusweb.com\/distribuidores-canada\/>Canad\u00e1<\/a><\/li>\t<li id=\"menu-item-11925\"><a href=https:\/\/staging.editorialhccp.hcusweb.com\/distribuidores-chile\/>Chile<\/a><\/li>\t<li id=\"menu-item-11926\"><a href=https:\/\/staging.editorialhccp.hcusweb.com\/distribuidores-colombia\/>Colombia<\/a><\/li>\t<li id=\"menu-item-11927\"><a href=https:\/\/staging.editorialhccp.hcusweb.com\/distribuidores-costa-rica\/>Costa Rica<\/a><\/li>\t<li id=\"menu-item-11928\"><a href=https:\/\/staging.editorialhccp.hcusweb.com\/distribuidores-ecuador\/>Ecuador<\/a><\/li>\t<li id=\"menu-item-11929\"><a href=https:\/\/staging.editorialhccp.hcusweb.com\/distribuidores-el-salvador\/>El Salvador<\/a><\/li>\t<li id=\"menu-item-11930\"><a href=https:\/\/staging.editorialhccp.hcusweb.com\/distribuidores-espana\/>Espa\u00f1a<\/a><\/li>\t<li id=\"menu-item-11931\"><a href=https:\/\/staging.editorialhccp.hcusweb.com\/distribuidores-estados-unidos\/>Estados Unidos<\/a><\/li>\t<li id=\"menu-item-11932\"><a href=https:\/\/staging.editorialhccp.hcusweb.com\/distribuidores-guatemala\/>Guatemala<\/a><\/li>\t<li id=\"menu-item-11945\"><a href=https:\/\/staging.editorialhccp.hcusweb.com\/distribuidores-honduras\/>Honduras<\/a><\/li>\t<li id=\"menu-item-11934\"><a href=https:\/\/staging.editorialhccp.hcusweb.com\/distribuidores-mexico\/>M\u00e9xico<\/a><\/li>\t<li id=\"menu-item-11935\"><a href=https:\/\/staging.editorialhccp.hcusweb.com\/distribuidores-nicaragua\/>Nicaragua<\/a><\/li>\t<li id=\"menu-item-11936\"><a href=https:\/\/staging.editorialhccp.hcusweb.com\/distribuidores-panama\/>Panam\u00e1<\/a><\/li>\t<li id=\"menu-item-11937\"><a href=https:\/\/staging.editorialhccp.hcusweb.com\/distribuidores-paraguay\/>Paraguay<\/a><\/li>\t<li id=\"menu-item-11938\"><a href=https:\/\/staging.editorialhccp.hcusweb.com\/distribuidores-peru\/>Per\u00fa<\/a><\/li>\t<li id=\"menu-item-11939\"><a href=https:\/\/staging.editorialhccp.hcusweb.com\/distribuidores-puerto-rico\/>Puerto Rico<\/a><\/li>\t<li id=\"menu-item-11940\"><a href=https:\/\/staging.editorialhccp.hcusweb.com\/distribuidores-republica-dominicana\/>Rep\u00fablica Dominicana<\/a><\/li>\t<li id=\"menu-item-11941\"><a href=https:\/\/staging.editorialhccp.hcusweb.com\/distribuidores-uruguay\/>Uruguay<\/a><\/li>\t<li id=\"menu-item-11942\"><a href=https:\/\/staging.editorialhccp.hcusweb.com\/distribuidores-venezuela\/>Venezuela<\/a><\/li><\/ul><\/li><\/ul>\n\t\t\t<\/nav>\n<h2>\n\t\tPrecious Moments: Mi libro de historias b\u00edblicas de Pascua le muestra a tu hijo la verdadera historia de la celebraci\u00f3n: el amor de Dios por nosotros. \n\t<\/h2>\n\t<p>Un libro de cart\u00f3n acolchado con dulces rimas, canciones, oraciones y Escrituras combinadas con ilustraciones encantadoras de<em> Precious Moments<\/em> para compartir la historia de Jes\u00fas con los peque\u00f1os mientras les ense\u00f1a sobre el amor de Dios.<\/p>\n\t<p><strong>Comparte la maravilla de la Pascua con tu peque\u00f1o<\/strong>. Crea memorias duraderas con este hermoso recuerdo de la infancia mientras tus hijos aprenden sobre la historia de Jes\u00fas al leer contigo.<\/p>\n<p><u>Nota:<\/u> El libro de pasta gruesa se puede limpiar f\u00e1cilmente y cabe muy bien en las cestas de Pascua y las manos peque\u00f1itas<\/p>\n\t\t\t\t<img loading=\"lazy\" decoding=\"async\" src=\"\/r\/wp-content\/uploads\/sites\/5\/2022\/03\/mi-libro-de-historias-biblicas.png\" alt=\"precious moments mi historias b\u00edblicas de Jes\u00fas de Pascuas\" height=\"874\" width=\"877\" title=\"mi libro de historias biblicas\" \/>\n<h2>\n\t\tPrecious Moments: Mi libro de historias b\u00edblicas de Pascua \n\t<\/h2>\n\t\t\t\t<img loading=\"lazy\" decoding=\"async\" src=\"\/r\/wp-content\/uploads\/sites\/5\/2022\/03\/caracteristicas-1.png\" alt=\"precious moments mi libro de historias biblicas de pascua\" height=\"222\" width=\"366\" title=\"caracteristicas (1)\" \/>\n\t\t\t\t<img loading=\"lazy\" decoding=\"async\" src=\"\/r\/wp-content\/uploads\/sites\/5\/2022\/03\/caracteristicas-2.png\" alt=\"precious moments mi libro de historias biblicas de pascua\" height=\"222\" width=\"366\" title=\"caracteristicas (2)\" \/>\n\t\t\t\t<img loading=\"lazy\" decoding=\"async\" src=\"\/r\/wp-content\/uploads\/sites\/5\/2022\/03\/caracteristicas-3.png\" alt=\"precious moments mi libro de historias biblicas de pascua\" height=\"222\" width=\"366\" title=\"caracteristicas (3)\" \/>\n<h2>\n\t\tCu\u00e1nto nos am\u00f3 el Padre! Nos am\u00f3 tanto que podemos llamarnos<br \/>hijos de Dios. Y lo somos de verdad. &#8211; 1 Juan 3.1\n\t<\/h2>\n<h2>\n\t\tObt\u00e9n el libro en\n\t<\/h2>\n\t\t\t\t<a href=\"https:\/\/www.amazon.com\/dp\/1400236290?tag=gruponelson-20\" target=\"_blank\" rel=\"noopener\">\n\t\t\t\t<img loading=\"lazy\" decoding=\"async\" src=\"\/r\/wp-content\/uploads\/sites\/5\/2020\/10\/Amazon-logo.png\" alt=\"Amazon-logo\" height=\"300\" width=\"600\" title=\"Amazon-logo\" \/>\n\t\t\t\t<\/a>\n\t\t\t\t<a href=\"http:\/\/aps.harpercollins.com\/gruponelson?isbn=9781400236299&amp;retailer=apple&amp;locale=US\" target=\"_blank\" rel=\"noopener\">\n\t\t\t\t<img loading=\"lazy\" decoding=\"async\" src=\"\/r\/wp-content\/uploads\/sites\/5\/2020\/10\/Apple-Books-logo.png\" alt=\"Apple Books-logo\" height=\"300\" width=\"600\" title=\"Apple Books-logo\" \/>\n\t\t\t\t<\/a>\n\t\t\t\t<a href=\"http:\/\/aps.harpercollins.com\/gruponelson?isbn=9781400236299&amp;retailer=barnesandnoble&amp;locale=US\" target=\"_blank\" rel=\"noopener\">\n\t\t\t\t<img loading=\"lazy\" decoding=\"async\" src=\"\/r\/wp-content\/uploads\/sites\/5\/2020\/10\/barnes-noble-logo.png\" alt=\"barnes-noble-logo\" height=\"300\" width=\"600\" title=\"barnes-noble-logo\" \/>\n\t\t\t\t<\/a>\n\t\t\t\t<a href=\"http:\/\/aps.harpercollins.com\/gruponelson?isbn=9781400236299&amp;retailer=booksamillion&amp;locale=US\" target=\"_blank\" rel=\"noopener\">\n\t\t\t\t<img loading=\"lazy\" decoding=\"async\" src=\"\/r\/wp-content\/uploads\/sites\/5\/2020\/10\/Bam-logo.png\" alt=\"Bam-logo\" height=\"300\" width=\"600\" title=\"Bam-logo\" \/>\n\t\t\t\t<\/a>\n\t\t\t\t<a href=\"http:\/\/aps.harpercollins.com\/gruponelson?isbn=9781400236299&amp;retailer=bookshop&amp;locale=US\" target=\"_blank\" rel=\"noopener\">\n\t\t\t\t<img loading=\"lazy\" decoding=\"async\" src=\"\/r\/wp-content\/uploads\/sites\/5\/2020\/10\/bookshop-logo.png\" alt=\"bookshop-logo\" height=\"300\" width=\"600\" title=\"bookshop-logo\" \/>\n\t\t\t\t<\/a>\n\t\t\t\t<a href=\"http:\/\/aps.harpercollins.com\/gruponelson?isbn=9781400236299&amp;retailer=christianbooks&amp;locale=US\" target=\"_blank\" rel=\"noopener\">\n\t\t\t\t<img loading=\"lazy\" decoding=\"async\" src=\"\/r\/wp-content\/uploads\/sites\/5\/2020\/10\/biblegateway-logo.png\" alt=\"biblegateway-logo\" height=\"300\" width=\"600\" title=\"biblegateway-logo\" \/>\n\t\t\t\t<\/a>\n\t\t\t\t<a href=\"http:\/\/aps.harpercollins.com\/gruponelson?isbn=9781400236299&amp;retailer=googleplay&amp;locale=US\" target=\"_blank\" rel=\"noopener\">\n\t\t\t\t<img loading=\"lazy\" decoding=\"async\" src=\"\/r\/wp-content\/uploads\/sites\/5\/2020\/10\/Google-Play-logo.png\" alt=\"Google Play-logo\" height=\"300\" width=\"600\" title=\"Google Play-logo\" \/>\n\t\t\t\t<\/a>\n\t\t\t\t<a href=\"http:\/\/aps.harpercollins.com\/gruponelson?isbn=9781400236299&amp;retailer=indiebound&amp;locale=US\" target=\"_blank\" rel=\"noopener\">\n\t\t\t\t<img loading=\"lazy\" decoding=\"async\" src=\"\/r\/wp-content\/uploads\/sites\/5\/2020\/10\/Indi-Bound-logo.png\" alt=\"Indi Bound-logo\" height=\"300\" width=\"600\" title=\"Indi Bound-logo\" \/>\n\t\t\t\t<\/a>\n\t<p>\u00bfEn otro pa\u00eds?<\/p>\n\t\t\t<button aria-label=\"Menu\">\n\t\t\t\t\t\t\t<\/button>\n\t<nav aria-label=\"BuscadorTiendas\">\n\t\t<ul id=\"menu-buscadortiendas-1\"><li id=\"menu-item-5287\"><a href=\"#\">Selecciona tu pa\u00eds<\/a><ul>\t<li id=\"menu-item-11922\"><a href=https:\/\/staging.editorialhccp.hcusweb.com\/distribuidores-argentina\/>Argentina<\/a><\/li>\t<li id=\"menu-item-11923\"><a href=https:\/\/staging.editorialhccp.hcusweb.com\/distribuidores-bolivia\/>Bolivia<\/a><\/li>\t<li id=\"menu-item-11924\"><a href=https:\/\/staging.editorialhccp.hcusweb.com\/distribuidores-canada\/>Canad\u00e1<\/a><\/li>\t<li id=\"menu-item-11925\"><a href=https:\/\/staging.editorialhccp.hcusweb.com\/distribuidores-chile\/>Chile<\/a><\/li>\t<li id=\"menu-item-11926\"><a href=https:\/\/staging.editorialhccp.hcusweb.com\/distribuidores-colombia\/>Colombia<\/a><\/li>\t<li id=\"menu-item-11927\"><a href=https:\/\/staging.editorialhccp.hcusweb.com\/distribuidores-costa-rica\/>Costa Rica<\/a><\/li>\t<li id=\"menu-item-11928\"><a href=https:\/\/staging.editorialhccp.hcusweb.com\/distribuidores-ecuador\/>Ecuador<\/a><\/li>\t<li id=\"menu-item-11929\"><a href=https:\/\/staging.editorialhccp.hcusweb.com\/distribuidores-el-salvador\/>El Salvador<\/a><\/li>\t<li id=\"menu-item-11930\"><a href=https:\/\/staging.editorialhccp.hcusweb.com\/distribuidores-espana\/>Espa\u00f1a<\/a><\/li>\t<li id=\"menu-item-11931\"><a href=https:\/\/staging.editorialhccp.hcusweb.com\/distribuidores-estados-unidos\/>Estados Unidos<\/a><\/li>\t<li id=\"menu-item-11932\"><a href=https:\/\/staging.editorialhccp.hcusweb.com\/distribuidores-guatemala\/>Guatemala<\/a><\/li>\t<li id=\"menu-item-11945\"><a href=https:\/\/staging.editorialhccp.hcusweb.com\/distribuidores-honduras\/>Honduras<\/a><\/li>\t<li id=\"menu-item-11934\"><a href=https:\/\/staging.editorialhccp.hcusweb.com\/distribuidores-mexico\/>M\u00e9xico<\/a><\/li>\t<li id=\"menu-item-11935\"><a href=https:\/\/staging.editorialhccp.hcusweb.com\/distribuidores-nicaragua\/>Nicaragua<\/a><\/li>\t<li id=\"menu-item-11936\"><a href=https:\/\/staging.editorialhccp.hcusweb.com\/distribuidores-panama\/>Panam\u00e1<\/a><\/li>\t<li id=\"menu-item-11937\"><a href=https:\/\/staging.editorialhccp.hcusweb.com\/distribuidores-paraguay\/>Paraguay<\/a><\/li>\t<li id=\"menu-item-11938\"><a href=https:\/\/staging.editorialhccp.hcusweb.com\/distribuidores-peru\/>Per\u00fa<\/a><\/li>\t<li id=\"menu-item-11939\"><a href=https:\/\/staging.editorialhccp.hcusweb.com\/distribuidores-puerto-rico\/>Puerto Rico<\/a><\/li>\t<li id=\"menu-item-11940\"><a href=https:\/\/staging.editorialhccp.hcusweb.com\/distribuidores-republica-dominicana\/>Rep\u00fablica Dominicana<\/a><\/li>\t<li id=\"menu-item-11941\"><a href=https:\/\/staging.editorialhccp.hcusweb.com\/distribuidores-uruguay\/>Uruguay<\/a><\/li>\t<li id=\"menu-item-11942\"><a href=https:\/\/staging.editorialhccp.hcusweb.com\/distribuidores-venezuela\/>Venezuela<\/a><\/li><\/ul><\/li><\/ul>\n\t\t\t<\/nav>\n<h2>\n\t\tOtros libros para ni\u00f1os\n\t<\/h2>\n\t\n<p class=\"is-layout-flow wp-block-group-is-layout-flow\">[supapress id=&#8221;6113&#8243; title=&#8221;Libros Para Ni\u00f1os&#8221;]<\/p>\n\n\n\n\n\n<h2>\n\t\tDescargas\n\t<\/h2>\n\t\t\t\t<img loading=\"lazy\" decoding=\"async\" src=\"\/r\/wp-content\/uploads\/sites\/5\/2022\/08\/libro-historiasdenavidad.png\" alt=\"libro historiasdenavidad\" height=\"780\" width=\"780\" title=\"libro historiasdenavidad\" \/>\n\t<h4>Llena el formulario para descargar el primer cap\u00edtulo de<br \/><strong><em>Mi libro de historias b\u00edblicas de Navidad<\/em><\/strong><\/h4>\n\t\n<label>Nombre:<br \/>\n<\/label><label for=\"email\">Correo electr\u00f3nico:<\/label><br \/><br \/>\n\n\n\n\n\n\n\n\t<p>Al proporcionarnos su direcci\u00f3n de correo electr\u00f3nico usted tambi\u00e9n nos indica que est\u00e1 consciente de que recibir\u00e1 comunicados por este mismo medio de parte de HarperCollins Christian Publishing\u00a0(501 Nelson Place, Nashville, TN 37214 USA) con informaci\u00f3n acerca de productos y servicios tanto de HCCP como de sus afiliados.\u00a0Usted puede darse de baja de esta lista de env\u00edo de comunicados en\u00a0cualquier momento.\u00a0Si tiene alguna pregunta, por favor consulte nuestra <a href=\"http:\/\/www.harpercollinschristian.com\/privacidad\/\"><strong>Pol\u00edtica de Privacidad<\/strong><\/a> o env\u00ede un correo electr\u00f3nico a <a href=\"mailto:yourprivacy@harpercollins.com\"><strong>yourprivacy@harpercollins.com<\/strong><\/a>.<\/p>\n\t\t\t<a href=\"#menu\" target=\"_self\" rel=\"noopener\">\n\t\t\t\t\t\t\tInicio\n\t\t\t\t\t<\/a>\n\t\t\t\t<img loading=\"lazy\" decoding=\"async\" src=\"\/r\/wp-content\/uploads\/sites\/5\/2020\/10\/Grupo-1.png\" alt=\"Grupo\" height=\"197\" width=\"173\" title=\"Grupo\" \/>\n\t\t\t\t<img loading=\"lazy\" decoding=\"async\" src=\"\/r\/wp-content\/uploads\/sites\/5\/2020\/10\/vida-white.png\" alt=\"vida white\" height=\"952\" width=\"756\" title=\"vida white\" \/>\n\n","protected":false},"excerpt":{"rendered":"","protected":false},"author":0,"featured_media":0,"parent":5919,"menu_order":0,"comment_status":"closed","ping_status":"closed","template":"","meta":{"_acf_changed":false,"footnotes":""},"class_list":["post-10945","page","type-page","status-publish","hentry"],"acf":[],"yoast_head":"<!-- This site is optimized with the Yoast SEO Premium plugin v27.3 (Yoast SEO v27.4) - https:\/\/yoast.com\/product\/yoast-seo-premium-wordpress\/ -->\n<title>Libros cristianos para ni\u00f1os<\/title>\n<meta name=\"description\" content=\"Descubre nuevos recursos para ayudar a los ni\u00f1os a aprender sobre Dios y la palabra de Dios.\" \/>\n<meta name=\"robots\" content=\"index, follow, max-snippet:-1, max-image-preview:large, max-video-preview:-1\" \/>\n<link rel=\"canonical\" href=\"https:\/\/staging.editorialhccp.hcusweb.com\/r\/libros-cristianos-para-ninos\/libros-cristianos-para-ninos-temporadas\/\" \/>\n<meta property=\"og:locale\" content=\"en_US\" \/>\n<meta property=\"og:type\" content=\"article\" \/>\n<meta property=\"og:title\" content=\"Libros cristianos para ni\u00f1os-temporadas\" \/>\n<meta property=\"og:description\" content=\"Descubre nuevos recursos para ayudar a los ni\u00f1os a aprender sobre Dios y la palabra de Dios.\" \/>\n<meta property=\"og:url\" content=\"https:\/\/staging.editorialhccp.hcusweb.com\/r\/libros-cristianos-para-ninos\/libros-cristianos-para-ninos-temporadas\/\" \/>\n<meta property=\"og:site_name\" content=\"Marketing Pages\" \/>\n<meta name=\"twitter:card\" content=\"summary_large_image\" \/>\n<meta name=\"twitter:label1\" content=\"Est. reading time\" \/>\n\t<meta name=\"twitter:data1\" content=\"9 minutes\" \/>\n<script type=\"application\/ld+json\" class=\"yoast-schema-graph\">{\"@context\":\"https:\\\/\\\/schema.org\",\"@graph\":[{\"@type\":\"WebPage\",\"@id\":\"https:\\\/\\\/staging.editorialhccp.hcusweb.com\\\/r\\\/libros-cristianos-para-ninos\\\/libros-cristianos-para-ninos-temporadas\\\/\",\"url\":\"https:\\\/\\\/staging.editorialhccp.hcusweb.com\\\/r\\\/libros-cristianos-para-ninos\\\/libros-cristianos-para-ninos-temporadas\\\/\",\"name\":\"Libros cristianos para ni\u00f1os\",\"isPartOf\":{\"@id\":\"https:\\\/\\\/staging.editorialhccp.hcusweb.com\\\/r\\\/#website\"},\"datePublished\":\"2022-08-29T17:18:07+00:00\",\"description\":\"Descubre nuevos recursos para ayudar a los ni\u00f1os a aprender sobre Dios y la palabra de Dios.\",\"breadcrumb\":{\"@id\":\"https:\\\/\\\/staging.editorialhccp.hcusweb.com\\\/r\\\/libros-cristianos-para-ninos\\\/libros-cristianos-para-ninos-temporadas\\\/#breadcrumb\"},\"inLanguage\":\"en-US\",\"potentialAction\":[{\"@type\":\"ReadAction\",\"target\":[\"https:\\\/\\\/staging.editorialhccp.hcusweb.com\\\/r\\\/libros-cristianos-para-ninos\\\/libros-cristianos-para-ninos-temporadas\\\/\"]}]},{\"@type\":\"BreadcrumbList\",\"@id\":\"https:\\\/\\\/staging.editorialhccp.hcusweb.com\\\/r\\\/libros-cristianos-para-ninos\\\/libros-cristianos-para-ninos-temporadas\\\/#breadcrumb\",\"itemListElement\":[{\"@type\":\"ListItem\",\"position\":1,\"name\":\"Home\",\"item\":\"https:\\\/\\\/staging.editorialhccp.hcusweb.com\\\/r\\\/\"},{\"@type\":\"ListItem\",\"position\":2,\"name\":\"Libros cristianos para ni\u00f1os\",\"item\":\"https:\\\/\\\/staging.editorialhccp.hcusweb.com\\\/r\\\/libros-cristianos-para-ninos\\\/\"},{\"@type\":\"ListItem\",\"position\":3,\"name\":\"Libros cristianos para ni\u00f1os-temporadas\"}]},{\"@type\":\"WebSite\",\"@id\":\"https:\\\/\\\/staging.editorialhccp.hcusweb.com\\\/r\\\/#website\",\"url\":\"https:\\\/\\\/staging.editorialhccp.hcusweb.com\\\/r\\\/\",\"name\":\"Marketing Pages\",\"description\":\"\",\"potentialAction\":[{\"@type\":\"SearchAction\",\"target\":{\"@type\":\"EntryPoint\",\"urlTemplate\":\"https:\\\/\\\/staging.editorialhccp.hcusweb.com\\\/r\\\/?s={search_term_string}\"},\"query-input\":{\"@type\":\"PropertyValueSpecification\",\"valueRequired\":true,\"valueName\":\"search_term_string\"}}],\"inLanguage\":\"en-US\"}]}<\/script>\n<!-- \/ Yoast SEO Premium plugin. -->","yoast_head_json":{"title":"Libros cristianos para ni\u00f1os","description":"Descubre nuevos recursos para ayudar a los ni\u00f1os a aprender sobre Dios y la palabra de Dios.","robots":{"index":"index","follow":"follow","max-snippet":"max-snippet:-1","max-image-preview":"max-image-preview:large","max-video-preview":"max-video-preview:-1"},"canonical":"https:\/\/staging.editorialhccp.hcusweb.com\/r\/libros-cristianos-para-ninos\/libros-cristianos-para-ninos-temporadas\/","og_locale":"en_US","og_type":"article","og_title":"Libros cristianos para ni\u00f1os-temporadas","og_description":"Descubre nuevos recursos para ayudar a los ni\u00f1os a aprender sobre Dios y la palabra de Dios.","og_url":"https:\/\/staging.editorialhccp.hcusweb.com\/r\/libros-cristianos-para-ninos\/libros-cristianos-para-ninos-temporadas\/","og_site_name":"Marketing Pages","twitter_card":"summary_large_image","twitter_misc":{"Est. reading time":"9 minutes"},"schema":{"@context":"https:\/\/schema.org","@graph":[{"@type":"WebPage","@id":"https:\/\/staging.editorialhccp.hcusweb.com\/r\/libros-cristianos-para-ninos\/libros-cristianos-para-ninos-temporadas\/","url":"https:\/\/staging.editorialhccp.hcusweb.com\/r\/libros-cristianos-para-ninos\/libros-cristianos-para-ninos-temporadas\/","name":"Libros cristianos para ni\u00f1os","isPartOf":{"@id":"https:\/\/staging.editorialhccp.hcusweb.com\/r\/#website"},"datePublished":"2022-08-29T17:18:07+00:00","description":"Descubre nuevos recursos para ayudar a los ni\u00f1os a aprender sobre Dios y la palabra de Dios.","breadcrumb":{"@id":"https:\/\/staging.editorialhccp.hcusweb.com\/r\/libros-cristianos-para-ninos\/libros-cristianos-para-ninos-temporadas\/#breadcrumb"},"inLanguage":"en-US","potentialAction":[{"@type":"ReadAction","target":["https:\/\/staging.editorialhccp.hcusweb.com\/r\/libros-cristianos-para-ninos\/libros-cristianos-para-ninos-temporadas\/"]}]},{"@type":"BreadcrumbList","@id":"https:\/\/staging.editorialhccp.hcusweb.com\/r\/libros-cristianos-para-ninos\/libros-cristianos-para-ninos-temporadas\/#breadcrumb","itemListElement":[{"@type":"ListItem","position":1,"name":"Home","item":"https:\/\/staging.editorialhccp.hcusweb.com\/r\/"},{"@type":"ListItem","position":2,"name":"Libros cristianos para ni\u00f1os","item":"https:\/\/staging.editorialhccp.hcusweb.com\/r\/libros-cristianos-para-ninos\/"},{"@type":"ListItem","position":3,"name":"Libros cristianos para ni\u00f1os-temporadas"}]},{"@type":"WebSite","@id":"https:\/\/staging.editorialhccp.hcusweb.com\/r\/#website","url":"https:\/\/staging.editorialhccp.hcusweb.com\/r\/","name":"Marketing Pages","description":"","potentialAction":[{"@type":"SearchAction","target":{"@type":"EntryPoint","urlTemplate":"https:\/\/staging.editorialhccp.hcusweb.com\/r\/?s={search_term_string}"},"query-input":{"@type":"PropertyValueSpecification","valueRequired":true,"valueName":"search_term_string"}}],"inLanguage":"en-US"}]}},"_links":{"self":[{"href":"https:\/\/staging.editorialhccp.hcusweb.com\/r\/wp-json\/wp\/v2\/pages\/10945","targetHints":{"allow":["GET"]}}],"collection":[{"href":"https:\/\/staging.editorialhccp.hcusweb.com\/r\/wp-json\/wp\/v2\/pages"}],"about":[{"href":"https:\/\/staging.editorialhccp.hcusweb.com\/r\/wp-json\/wp\/v2\/types\/page"}],"replies":[{"embeddable":true,"href":"https:\/\/staging.editorialhccp.hcusweb.com\/r\/wp-json\/wp\/v2\/comments?post=10945"}],"version-history":[{"count":0,"href":"https:\/\/staging.editorialhccp.hcusweb.com\/r\/wp-json\/wp\/v2\/pages\/10945\/revisions"}],"up":[{"embeddable":true,"href":"https:\/\/staging.editorialhccp.hcusweb.com\/r\/wp-json\/wp\/v2\/pages\/5919"}],"wp:attachment":[{"href":"https:\/\/staging.editorialhccp.hcusweb.com\/r\/wp-json\/wp\/v2\/media?parent=10945"}],"curies":[{"name":"wp","href":"https:\/\/api.w.org\/{rel}","templated":true}]}}