{"id":11085,"date":"2022-09-01T04:45:27","date_gmt":"2022-09-01T04:45:27","guid":{"rendered":"\/r\/?page_id=11085"},"modified":"2026-03-04T14:42:07","modified_gmt":"2026-03-04T14:42:07","slug":"biblia-de-estudio-teologia-biblica","status":"publish","type":"page","link":"https:\/\/staging.editorialhccp.hcusweb.com\/r\/biblia-de-estudio-teologia-biblica\/","title":{"rendered":"Biblia de estudio Teolog\u00eda B\u00edblica"},"content":{"rendered":"\n\n\t\t\t<a href=https:\/\/staging.editorialhccp.hcusweb.com\/r\/biblia-de-estudio-teologia-biblica\/compra-ahora\/ target=\"_self\">\n\t\t\t\t\t\t\tCompra ahora\n\t\t\t\t\t<\/a>\n\t\t\t\t<img decoding=\"async\" src=\"\/r\/wp-content\/uploads\/sites\/5\/2022\/09\/05194432\/Biblia-de-estudio-Teologia-Biblica.png\" alt=\"Biblia de estudio Teolog\u00eda B\u00edblica\" itemprop=\"image\" title=\"Biblia de estudio Teolog\u00eda B\u00edblica\" onerror=\"this.style.display='none'\" loading=\"lazy\" \/>\n<h2  data-animation-delay=\"0\" data-animation-duration=\"1\">\n\t\t\tSIGA EL PLAN REDENTOR DE DIOS A MEDIDA QUE SE DESARROLLA A LO LARGO DE LAS ESCRITURAS\t<\/h2>\n\t\t\t<a href=https:\/\/staging.editorialhccp.hcusweb.com\/r\/biblia-de-estudio-teologia-biblica\/que-es\/ target=\"_self\">\n\t\t\t\t\t\t\tDescubre m\u00e1s\n\t\t\t\t\t<\/a>\n<h2  data-animation-delay=\"0\" data-animation-duration=\"1\">\n\t\t\tMARAV\u00cdLLATE CON LA GRAN HISTORIA. SABOREA CADA DETALLE.\t<\/h2>\n\t\t<iframe loading=\"lazy\" title=\"1)  Caracteri\u0301sticas esenciales de la Biblia de Estudio de Teolog\u00eda B\u00edblica NVI\" width=\"500\" height=\"281\" src=\"https:\/\/www.youtube.com\/embed\/MKkQyev72ns?feature=oembed\" frameborder=\"0\" allow=\"accelerometer; autoplay; clipboard-write; encrypted-media; gyroscope; picture-in-picture; web-share\" referrerpolicy=\"strict-origin-when-cross-origin\" allowfullscreen><\/iframe>\t\n\t<p>La teolog\u00eda b\u00edblica le permite reflexionar sobre las historias y los temas individuales de las Escrituras mientras observa c\u00f3mo encajan todos juntos en la gran narrativa b\u00edblica de Dios. Introducciones \u00fatiles a libros y secciones de la Biblia combinadas con 20,000 notas de estudio vers\u00edculo por vers\u00edculo lo guiar\u00e1n a una comprensi\u00f3n m\u00e1s clara de las Escrituras.<\/p>\n<h2>\n\t\t\tEsto es lo que encontrar\u00e1s dentro\t<\/h2>\n<h3>\n\t\t\tAyudas para el estudio\t<\/h3>\n\t<h3><strong>20,000 <\/strong>notas de estudio verso por verso e introducciones completas de libros.<\/h3>\n<h3>\n\t\t\tIlustraciones \t<\/h3>\n\t<h3>Cientos<strong> de fotos a todo color, m\u00e1s de <\/strong>90<strong> mapas y m\u00e1s de <\/strong>60<strong> gr\u00e1ficos <\/strong><\/h3>\n<h3>\n\t\t\tColaboradores\t<\/h3>\n\t<h3><strong>M\u00e1s 60<\/strong> colaboradores<strong> confiables y 28<\/strong> <strong>art\u00edculos teol\u00f3gicamente ricos de autores como Tim Keller y Kevin DeYoung <\/strong><\/h3>\n\t<p>La <strong><em>Biblia de Estudio de Teolog\u00eda B\u00edblica NVI<\/em><\/strong> est\u00e1 impresa en la exclusiva letra <a href=https:\/\/staging.editorialhccp.hcusweb.com\/r\/comfortprint\/ target=\"_blank\" rel=\"noopener\">Comfort Print\u00ae<\/a>. Dise\u00f1ada por expertos espec\u00edficamente para el texto de la <a href=https:\/\/staging.editorialhccp.hcusweb.com\/r\/biblia-nvi\/historia\/ target=\"_blank\" rel=\"noopener\">Nueva Versi\u00f3n Internacional (NVI)<\/a> , Comfort Print\u00ae ofrece una experiencia de lectura m\u00e1s f\u00e1cil que complementa la traducci\u00f3n de la Biblia m\u00e1s le\u00edda en espa\u00f1ol moderno.<\/p>\n\t\t\t\t<img decoding=\"async\" src=\"\/r\/wp-content\/uploads\/sites\/5\/2022\/09\/14160529\/BTSB_tapadura.png\" alt=\"BTSB_tapadura\" itemprop=\"image\" title=\"BTSB_tapadura\" onerror=\"this.style.display='none'\" loading=\"lazy\" \/>\n<h4>\n\t\t\tCELESTE<br \/><strong>TAPA DURA<\/strong>\t<\/h4>\n\t\t\t\t<img decoding=\"async\" src=\"\/r\/wp-content\/uploads\/sites\/5\/2022\/09\/09215437\/BTSB_negro-LS-329x250.png\" alt=\"BTSB_negro-LS\" itemprop=\"image\" title=\"BTSB_negro-LS\" onerror=\"this.style.display='none'\" loading=\"lazy\" \/>\n<h4>\n\t\t\tNEGRO<br \/><strong>PIEL RECICLADA<\/strong>\t<\/h4>\n\t\t\t\t<img decoding=\"async\" src=\"\/r\/wp-content\/uploads\/sites\/5\/2022\/09\/09213514\/BTSB_cafe-LS-329x250.png\" alt=\"BTSB_cafe-LS\" itemprop=\"image\" title=\"BTSB_cafe-LS\" onerror=\"this.style.display='none'\" loading=\"lazy\" \/>\n<h4>\n\t\t\tCAF\u00c9<br \/><strong>LEATHERSOFT\u00ae<\/strong>\t<\/h4>\n\t\t\t\t<img decoding=\"async\" src=\"\/r\/wp-content\/uploads\/sites\/5\/2022\/09\/09213514\/BTSB_cafe-LS-329x250.png\" alt=\"BTSB_cafe-LS\" itemprop=\"image\" title=\"BTSB_cafe-LS\" onerror=\"this.style.display='none'\" loading=\"lazy\" \/>\n<h4>\n\t\t\tCAF\u00c9 CON \u00cdNDICE<br \/><strong>LEATHERSOFT\u00ae<\/strong>\t<\/h4>\n<h4>\n\t\t\t<strong>Otros pa\u00edses<\/strong>\t<\/h4>\n\t\t\t<button tabindex=\"0\" aria-label=\"Menu\" aria-expanded=\"false\">\n\t\t\t\t\t\t\t<\/button>\n\t<nav aria-label=\"Menu\" itemscope=\"itemscope\" itemtype=\"https:\/\/schema.org\/SiteNavigationElement\">\n\t\t<ul id=\"menu-betb-paises\"><li id=\"menu-item-18253\"><a href=\"#\">Selecciona tu pa\u00eds<\/a><ul>\t<li id=\"menu-item-18531\"><a href=\"https:\/\/staging.editorialhccp.hcusweb.com\/r\/2018\/03\/09\/buscador-de-tiendas-argentina\/\">Argentina<\/a><\/li>\t<li id=\"menu-item-18532\"><a href=\"https:\/\/staging.editorialhccp.hcusweb.com\/r\/2018\/03\/09\/buscador-de-tiendas-bolivia\/\">Bolivia<\/a><\/li>\t<li id=\"menu-item-18533\"><a href=\"https:\/\/staging.editorialhccp.hcusweb.com\/r\/2018\/03\/09\/buscador-de-tiendas-canada\/\">Canad\u00e1<\/a><\/li>\t<li id=\"menu-item-18534\"><a href=\"https:\/\/staging.editorialhccp.hcusweb.com\/r\/2018\/03\/09\/buscador-de-tiendas-chile\/\">Chile<\/a><\/li>\t<li id=\"menu-item-18535\"><a href=\"https:\/\/staging.editorialhccp.hcusweb.com\/r\/2018\/03\/09\/buscador-de-tiendas-colombia\/\">Colombia<\/a><\/li>\t<li id=\"menu-item-18536\"><a href=\"https:\/\/staging.editorialhccp.hcusweb.com\/r\/2018\/03\/09\/buscador-de-tiendas-costarica\/\">Costa Rica<\/a><\/li>\t<li id=\"menu-item-18537\"><a href=\"https:\/\/staging.editorialhccp.hcusweb.com\/r\/2018\/03\/09\/buscador-de-tiendas-ecuador\/\">Ecuador<\/a><\/li>\t<li id=\"menu-item-18538\"><a href=\"https:\/\/staging.editorialhccp.hcusweb.com\/r\/2018\/03\/09\/buscador-de-tiendas-elsalvador\/\">El Salvador<\/a><\/li>\t<li id=\"menu-item-18539\"><a href=\"https:\/\/staging.editorialhccp.hcusweb.com\/r\/2018\/03\/09\/buscador-de-tiendas-espana\/\">Espa\u00f1a<\/a><\/li>\t<li id=\"menu-item-18551\"><a href=\"https:\/\/staging.editorialhccp.hcusweb.com\/r\/2018\/03\/09\/buscador-de-tiendas-eeuu\/\">Estados Unidos<\/a><\/li>\t<li id=\"menu-item-18540\"><a href=\"https:\/\/staging.editorialhccp.hcusweb.com\/r\/2018\/03\/09\/buscador-de-tiendas-guatemala\/\">Guatemala<\/a><\/li>\t<li id=\"menu-item-18541\"><a href=\"https:\/\/staging.editorialhccp.hcusweb.com\/r\/2018\/03\/09\/buscador-de-tiendas-honduras\/\">Honduras<\/a><\/li>\t<li id=\"menu-item-18542\"><a href=\"https:\/\/staging.editorialhccp.hcusweb.com\/r\/2018\/03\/09\/buscador-de-tiendas-mexico\/\">M\u00e9xico<\/a><\/li>\t<li id=\"menu-item-18543\"><a href=\"https:\/\/staging.editorialhccp.hcusweb.com\/r\/2018\/03\/09\/buscador-de-tiendas-nicaragua\/\">Nicaragua<\/a><\/li>\t<li id=\"menu-item-18544\"><a href=\"https:\/\/staging.editorialhccp.hcusweb.com\/r\/2018\/03\/09\/buscador-de-tiendas-panama\/\">Panam\u00e1<\/a><\/li>\t<li id=\"menu-item-18545\"><a href=\"https:\/\/staging.editorialhccp.hcusweb.com\/r\/2018\/03\/09\/buscador-de-tiendas-paraguay\/\">Paraguay<\/a><\/li>\t<li id=\"menu-item-18546\"><a href=\"https:\/\/staging.editorialhccp.hcusweb.com\/r\/2018\/03\/09\/buscador-de-tiendas-peru\/\">Per\u00fa<\/a><\/li>\t<li id=\"menu-item-18547\"><a href=\"https:\/\/staging.editorialhccp.hcusweb.com\/r\/2018\/03\/09\/buscador-de-tiendas-puertorico\/\">Puerto Rico<\/a><\/li>\t<li id=\"menu-item-18548\"><a href=\"https:\/\/staging.editorialhccp.hcusweb.com\/r\/2018\/03\/09\/buscador-de-tiendas-rd\/\">Rep\u00fablica Dominicana<\/a><\/li>\t<li id=\"menu-item-18549\"><a href=\"https:\/\/staging.editorialhccp.hcusweb.com\/r\/2018\/03\/09\/buscador-de-tiendas-uruguay\/\">Uruguay<\/a><\/li>\t<li id=\"menu-item-18550\"><a href=\"https:\/\/staging.editorialhccp.hcusweb.com\/r\/2022\/05\/06\/venezuela\/\">Venezuela<\/a><\/li><\/ul><\/li><\/ul>\t<\/nav>\n\t\t\t<a href=https:\/\/staging.editorialhccp.hcusweb.com\/r\/biblia-de-estudio-teologia-biblica\/interior-de-la-biblia\/ target=\"_self\">\n\t\t\t\t\t\t\tVer interior de la Biblia\n\t\t\t\t\t<\/a>\n\t\t\t<a href=https:\/\/staging.editorialhccp.hcusweb.com\/r\/biblia-de-estudio-teologia-biblica\/que-es\/ target=\"_self\">\n\t\t\t\t\t\t\t\u00bfQu\u00e9 es la Teolog\u00eda B\u00edblica?\n\t\t\t\t\t<\/a>\n<h2>\n\t\t<a href=\"#inicio\" title=\"Inicio\"  target=\"_self\">\n\t\t\tInicio\t\t<\/a>\n\t<\/h2>\n\n","protected":false},"excerpt":{"rendered":"<p>Compra ahora SIGA EL PLAN REDENTOR DE DIOS A MEDIDA QUE SE DESARROLLA A LO LARGO DE LAS ESCRITURAS Descubre m\u00e1s MARAV\u00cdLLATE CON LA GRAN HISTORIA. SABOREA CADA DETALLE. La teolog\u00eda b\u00edblica le permite reflexionar sobre las historias y los temas individuales de las Escrituras mientras observa c\u00f3mo encajan todos juntos en la gran narrativa [&hellip;]<\/p>\n","protected":false},"author":1,"featured_media":11786,"parent":0,"menu_order":0,"comment_status":"closed","ping_status":"closed","template":"","meta":{"_acf_changed":false,"footnotes":""},"class_list":["post-11085","page","type-page","status-publish","has-post-thumbnail","hentry"],"acf":[],"yoast_head":"<!-- This site is optimized with the Yoast SEO Premium plugin v27.3 (Yoast SEO v27.4) - https:\/\/yoast.com\/product\/yoast-seo-premium-wordpress\/ -->\n<title>Biblia de estudio Teolog\u00eda B\u00edblica - Marketing Pages<\/title>\n<meta name=\"description\" content=\"La teolog\u00eda b\u00edblica le permite reflexionar sobre las historias y los temas individuales de las Escrituras mientras observa c\u00f3mo encajan todos juntos en la gran narrativa b\u00edblica de Dios. Introducciones \u00fatiles a libros y secciones de la Biblia combinadas con 20,000 notas de estudio vers\u00edculo por vers\u00edculo lo guiar\u00e1n a una comprensi\u00f3n m\u00e1s clara de las Escrituras.\" \/>\n<meta name=\"robots\" content=\"index, follow, max-snippet:-1, max-image-preview:large, max-video-preview:-1\" \/>\n<link rel=\"canonical\" href=\"https:\/\/staging.editorialhccp.hcusweb.com\/r\/biblia-de-estudio-teologia-biblica\/\" \/>\n<meta property=\"og:locale\" content=\"en_US\" \/>\n<meta property=\"og:type\" content=\"article\" \/>\n<meta property=\"og:title\" content=\"Biblia de estudio Teolog\u00eda B\u00edblica\" \/>\n<meta property=\"og:description\" content=\"La teolog\u00eda b\u00edblica le permite reflexionar sobre las historias y los temas individuales de las Escrituras mientras observa c\u00f3mo encajan todos juntos en la gran narrativa b\u00edblica de Dios. Introducciones \u00fatiles a libros y secciones de la Biblia combinadas con 20,000 notas de estudio vers\u00edculo por vers\u00edculo lo guiar\u00e1n a una comprensi\u00f3n m\u00e1s clara de las Escrituras.\" \/>\n<meta property=\"og:url\" content=\"https:\/\/staging.editorialhccp.hcusweb.com\/r\/biblia-de-estudio-teologia-biblica\/\" \/>\n<meta property=\"og:site_name\" content=\"Marketing Pages\" \/>\n<meta property=\"article:modified_time\" content=\"2026-03-04T14:42:07+00:00\" \/>\n<meta property=\"og:image\" content=\"https:\/\/staging.editorialhccp.hcusweb.com\/r\/wp-content\/uploads\/sites\/5\/2022\/10\/9780829770513_image.jpg\" \/>\n\t<meta property=\"og:image:width\" content=\"1000\" \/>\n\t<meta property=\"og:image:height\" content=\"750\" \/>\n\t<meta property=\"og:image:type\" content=\"image\/jpeg\" \/>\n<meta name=\"twitter:card\" content=\"summary_large_image\" \/>\n<meta name=\"twitter:description\" content=\"La teolog\u00eda b\u00edblica le permite reflexionar sobre las historias y los temas individuales de las Escrituras mientras observa c\u00f3mo encajan todos juntos en la gran narrativa b\u00edblica de Dios. Introducciones \u00fatiles a libros y secciones de la Biblia combinadas con 20,000 notas de estudio vers\u00edculo por vers\u00edculo lo guiar\u00e1n a una comprensi\u00f3n m\u00e1s clara de las Escrituras.\" \/>\n<meta name=\"twitter:label1\" content=\"Est. reading time\" \/>\n\t<meta name=\"twitter:data1\" content=\"3 minutes\" \/>\n<script type=\"application\/ld+json\" class=\"yoast-schema-graph\">{\"@context\":\"https:\\\/\\\/schema.org\",\"@graph\":[{\"@type\":\"WebPage\",\"@id\":\"https:\\\/\\\/staging.editorialhccp.hcusweb.com\\\/r\\\/biblia-de-estudio-teologia-biblica\\\/\",\"url\":\"https:\\\/\\\/staging.editorialhccp.hcusweb.com\\\/r\\\/biblia-de-estudio-teologia-biblica\\\/\",\"name\":\"Biblia de estudio Teolog\u00eda B\u00edblica - Marketing Pages\",\"isPartOf\":{\"@id\":\"https:\\\/\\\/staging.editorialhccp.hcusweb.com\\\/r\\\/#website\"},\"primaryImageOfPage\":{\"@id\":\"https:\\\/\\\/staging.editorialhccp.hcusweb.com\\\/r\\\/biblia-de-estudio-teologia-biblica\\\/#primaryimage\"},\"image\":{\"@id\":\"https:\\\/\\\/staging.editorialhccp.hcusweb.com\\\/r\\\/biblia-de-estudio-teologia-biblica\\\/#primaryimage\"},\"thumbnailUrl\":\"https:\\\/\\\/staging.editorialhccp.hcusweb.com\\\/r\\\/wp-content\\\/uploads\\\/sites\\\/5\\\/2022\\\/10\\\/9780829770513_image.jpg\",\"datePublished\":\"2022-09-01T04:45:27+00:00\",\"dateModified\":\"2026-03-04T14:42:07+00:00\",\"description\":\"La teolog\u00eda b\u00edblica le permite reflexionar sobre las historias y los temas individuales de las Escrituras mientras observa c\u00f3mo encajan todos juntos en la gran narrativa b\u00edblica de Dios. Introducciones \u00fatiles a libros y secciones de la Biblia combinadas con 20,000 notas de estudio vers\u00edculo por vers\u00edculo lo guiar\u00e1n a una comprensi\u00f3n m\u00e1s clara de las Escrituras.\",\"breadcrumb\":{\"@id\":\"https:\\\/\\\/staging.editorialhccp.hcusweb.com\\\/r\\\/biblia-de-estudio-teologia-biblica\\\/#breadcrumb\"},\"inLanguage\":\"en-US\",\"potentialAction\":[{\"@type\":\"ReadAction\",\"target\":[\"https:\\\/\\\/staging.editorialhccp.hcusweb.com\\\/r\\\/biblia-de-estudio-teologia-biblica\\\/\"]}]},{\"@type\":\"ImageObject\",\"inLanguage\":\"en-US\",\"@id\":\"https:\\\/\\\/staging.editorialhccp.hcusweb.com\\\/r\\\/biblia-de-estudio-teologia-biblica\\\/#primaryimage\",\"url\":\"https:\\\/\\\/staging.editorialhccp.hcusweb.com\\\/r\\\/wp-content\\\/uploads\\\/sites\\\/5\\\/2022\\\/10\\\/9780829770513_image.jpg\",\"contentUrl\":\"https:\\\/\\\/staging.editorialhccp.hcusweb.com\\\/r\\\/wp-content\\\/uploads\\\/sites\\\/5\\\/2022\\\/10\\\/9780829770513_image.jpg\",\"width\":1000,\"height\":750},{\"@type\":\"BreadcrumbList\",\"@id\":\"https:\\\/\\\/staging.editorialhccp.hcusweb.com\\\/r\\\/biblia-de-estudio-teologia-biblica\\\/#breadcrumb\",\"itemListElement\":[{\"@type\":\"ListItem\",\"position\":1,\"name\":\"Home\",\"item\":\"https:\\\/\\\/staging.editorialhccp.hcusweb.com\\\/r\\\/\"},{\"@type\":\"ListItem\",\"position\":2,\"name\":\"Biblia de estudio Teolog\u00eda B\u00edblica\"}]},{\"@type\":\"WebSite\",\"@id\":\"https:\\\/\\\/staging.editorialhccp.hcusweb.com\\\/r\\\/#website\",\"url\":\"https:\\\/\\\/staging.editorialhccp.hcusweb.com\\\/r\\\/\",\"name\":\"Marketing Pages\",\"description\":\"\",\"potentialAction\":[{\"@type\":\"SearchAction\",\"target\":{\"@type\":\"EntryPoint\",\"urlTemplate\":\"https:\\\/\\\/staging.editorialhccp.hcusweb.com\\\/r\\\/?s={search_term_string}\"},\"query-input\":{\"@type\":\"PropertyValueSpecification\",\"valueRequired\":true,\"valueName\":\"search_term_string\"}}],\"inLanguage\":\"en-US\"}]}<\/script>\n<!-- \/ Yoast SEO Premium plugin. -->","yoast_head_json":{"title":"Biblia de estudio Teolog\u00eda B\u00edblica - Marketing Pages","description":"La teolog\u00eda b\u00edblica le permite reflexionar sobre las historias y los temas individuales de las Escrituras mientras observa c\u00f3mo encajan todos juntos en la gran narrativa b\u00edblica de Dios. Introducciones \u00fatiles a libros y secciones de la Biblia combinadas con 20,000 notas de estudio vers\u00edculo por vers\u00edculo lo guiar\u00e1n a una comprensi\u00f3n m\u00e1s clara de las Escrituras.","robots":{"index":"index","follow":"follow","max-snippet":"max-snippet:-1","max-image-preview":"max-image-preview:large","max-video-preview":"max-video-preview:-1"},"canonical":"https:\/\/staging.editorialhccp.hcusweb.com\/r\/biblia-de-estudio-teologia-biblica\/","og_locale":"en_US","og_type":"article","og_title":"Biblia de estudio Teolog\u00eda B\u00edblica","og_description":"La teolog\u00eda b\u00edblica le permite reflexionar sobre las historias y los temas individuales de las Escrituras mientras observa c\u00f3mo encajan todos juntos en la gran narrativa b\u00edblica de Dios. Introducciones \u00fatiles a libros y secciones de la Biblia combinadas con 20,000 notas de estudio vers\u00edculo por vers\u00edculo lo guiar\u00e1n a una comprensi\u00f3n m\u00e1s clara de las Escrituras.","og_url":"https:\/\/staging.editorialhccp.hcusweb.com\/r\/biblia-de-estudio-teologia-biblica\/","og_site_name":"Marketing Pages","article_modified_time":"2026-03-04T14:42:07+00:00","og_image":[{"width":1000,"height":750,"url":"https:\/\/staging.editorialhccp.hcusweb.com\/r\/wp-content\/uploads\/sites\/5\/2022\/10\/9780829770513_image.jpg","type":"image\/jpeg"}],"twitter_card":"summary_large_image","twitter_description":"La teolog\u00eda b\u00edblica le permite reflexionar sobre las historias y los temas individuales de las Escrituras mientras observa c\u00f3mo encajan todos juntos en la gran narrativa b\u00edblica de Dios. Introducciones \u00fatiles a libros y secciones de la Biblia combinadas con 20,000 notas de estudio vers\u00edculo por vers\u00edculo lo guiar\u00e1n a una comprensi\u00f3n m\u00e1s clara de las Escrituras.","twitter_misc":{"Est. reading time":"3 minutes"},"schema":{"@context":"https:\/\/schema.org","@graph":[{"@type":"WebPage","@id":"https:\/\/staging.editorialhccp.hcusweb.com\/r\/biblia-de-estudio-teologia-biblica\/","url":"https:\/\/staging.editorialhccp.hcusweb.com\/r\/biblia-de-estudio-teologia-biblica\/","name":"Biblia de estudio Teolog\u00eda B\u00edblica - Marketing Pages","isPartOf":{"@id":"https:\/\/staging.editorialhccp.hcusweb.com\/r\/#website"},"primaryImageOfPage":{"@id":"https:\/\/staging.editorialhccp.hcusweb.com\/r\/biblia-de-estudio-teologia-biblica\/#primaryimage"},"image":{"@id":"https:\/\/staging.editorialhccp.hcusweb.com\/r\/biblia-de-estudio-teologia-biblica\/#primaryimage"},"thumbnailUrl":"https:\/\/staging.editorialhccp.hcusweb.com\/r\/wp-content\/uploads\/sites\/5\/2022\/10\/9780829770513_image.jpg","datePublished":"2022-09-01T04:45:27+00:00","dateModified":"2026-03-04T14:42:07+00:00","description":"La teolog\u00eda b\u00edblica le permite reflexionar sobre las historias y los temas individuales de las Escrituras mientras observa c\u00f3mo encajan todos juntos en la gran narrativa b\u00edblica de Dios. Introducciones \u00fatiles a libros y secciones de la Biblia combinadas con 20,000 notas de estudio vers\u00edculo por vers\u00edculo lo guiar\u00e1n a una comprensi\u00f3n m\u00e1s clara de las Escrituras.","breadcrumb":{"@id":"https:\/\/staging.editorialhccp.hcusweb.com\/r\/biblia-de-estudio-teologia-biblica\/#breadcrumb"},"inLanguage":"en-US","potentialAction":[{"@type":"ReadAction","target":["https:\/\/staging.editorialhccp.hcusweb.com\/r\/biblia-de-estudio-teologia-biblica\/"]}]},{"@type":"ImageObject","inLanguage":"en-US","@id":"https:\/\/staging.editorialhccp.hcusweb.com\/r\/biblia-de-estudio-teologia-biblica\/#primaryimage","url":"https:\/\/staging.editorialhccp.hcusweb.com\/r\/wp-content\/uploads\/sites\/5\/2022\/10\/9780829770513_image.jpg","contentUrl":"https:\/\/staging.editorialhccp.hcusweb.com\/r\/wp-content\/uploads\/sites\/5\/2022\/10\/9780829770513_image.jpg","width":1000,"height":750},{"@type":"BreadcrumbList","@id":"https:\/\/staging.editorialhccp.hcusweb.com\/r\/biblia-de-estudio-teologia-biblica\/#breadcrumb","itemListElement":[{"@type":"ListItem","position":1,"name":"Home","item":"https:\/\/staging.editorialhccp.hcusweb.com\/r\/"},{"@type":"ListItem","position":2,"name":"Biblia de estudio Teolog\u00eda B\u00edblica"}]},{"@type":"WebSite","@id":"https:\/\/staging.editorialhccp.hcusweb.com\/r\/#website","url":"https:\/\/staging.editorialhccp.hcusweb.com\/r\/","name":"Marketing Pages","description":"","potentialAction":[{"@type":"SearchAction","target":{"@type":"EntryPoint","urlTemplate":"https:\/\/staging.editorialhccp.hcusweb.com\/r\/?s={search_term_string}"},"query-input":{"@type":"PropertyValueSpecification","valueRequired":true,"valueName":"search_term_string"}}],"inLanguage":"en-US"}]}},"_links":{"self":[{"href":"https:\/\/staging.editorialhccp.hcusweb.com\/r\/wp-json\/wp\/v2\/pages\/11085","targetHints":{"allow":["GET"]}}],"collection":[{"href":"https:\/\/staging.editorialhccp.hcusweb.com\/r\/wp-json\/wp\/v2\/pages"}],"about":[{"href":"https:\/\/staging.editorialhccp.hcusweb.com\/r\/wp-json\/wp\/v2\/types\/page"}],"author":[{"embeddable":true,"href":"https:\/\/staging.editorialhccp.hcusweb.com\/r\/wp-json\/wp\/v2\/users\/1"}],"replies":[{"embeddable":true,"href":"https:\/\/staging.editorialhccp.hcusweb.com\/r\/wp-json\/wp\/v2\/comments?post=11085"}],"version-history":[{"count":0,"href":"https:\/\/staging.editorialhccp.hcusweb.com\/r\/wp-json\/wp\/v2\/pages\/11085\/revisions"}],"wp:featuredmedia":[{"embeddable":true,"href":"https:\/\/staging.editorialhccp.hcusweb.com\/r\/wp-json\/wp\/v2\/media\/11786"}],"wp:attachment":[{"href":"https:\/\/staging.editorialhccp.hcusweb.com\/r\/wp-json\/wp\/v2\/media?parent=11085"}],"curies":[{"name":"wp","href":"https:\/\/api.w.org\/{rel}","templated":true}]}}