{"id":11138,"date":"2022-09-06T18:11:29","date_gmt":"2022-09-06T18:11:29","guid":{"rendered":"\/r\/?page_id=11138"},"modified":"2022-09-06T18:11:29","modified_gmt":"2022-09-06T18:11:29","slug":"que-es","status":"publish","type":"page","link":"https:\/\/staging.editorialhccp.hcusweb.com\/r\/biblia-de-estudio-teologia-biblica\/que-es\/","title":{"rendered":"Qu\u00e9 es"},"content":{"rendered":"\n\n\t\t\t<a href=https:\/\/staging.editorialhccp.hcusweb.com\/r\/biblia-de-estudio-teologia-biblica\/compra-ahora\/ target=\"_self\" role=\"button\" rel=\"noopener\">\n\t\t\t\t\t\t\tCompra ahora\n\t\t\t\t\t<\/a>\n<h2>\n\t\t\u00bfQU\u00c9 ES LA TEOLOG\u00cdA B\u00cdBLICA?\n\t<\/h2>\n<h2>\n\t\tde D. A.  Carson\n\t<\/h2>\n\t<p><strong>La TEOLOG\u00cdA B\u00cdBLICA <\/strong>(TB) responde a la pregunta, \u00bfC\u00f3mo ha revelado Dios su palabra hist\u00f3rica y org\u00e1nicamente? TB estudia la teolog\u00eda de libros b\u00edblicos individuales (p. ej., Isa\u00edas, el Evangelio de Juan), de colecciones seleccionadas dentro de la Biblia (p. ej., el Pentateuco, la literatura sapiencial, los Evangelios, las cartas de Pablo, los escritos de Juan), y luego rastrea los temas a medida que desarrollarse a lo largo del tiempo dentro del canon (por ejemplo, la forma en que el tema del templo se desarrolla, en varias direcciones, para completar una teolog\u00eda del templo de &#8220;toda la Biblia&#8221;). Al menos cuatro prioridades son esenciales:<\/p>\n<ul>\n<li><strong>Lea la Biblia progresivamente como una colecci\u00f3n de documentos en desarrollo hist\u00f3rico. <\/strong>Dios no le dio a su pueblo toda la Biblia a la vez. Hay una progresi\u00f3n en su revelaci\u00f3n, y leer todo de nuevo en una parte temprana puede distorsionar seriamente esa parte al oscurecer su verdadero significado en el flujo de la historia de la redenci\u00f3n. Esto requiere no solo organizar el material hist\u00f3rico de la Biblia en su secuencia cronol\u00f3gica, sino tambi\u00e9n tratar de comprender la naturaleza teol\u00f3gica de la secuencia.<\/li>\n<li><strong>Presuponga que la Biblia es coherente. <\/strong>La Biblia tiene muchos autores humanos pero un Autor divino, y \u00e9l nunca se contradice. TB descubre y articula la unidad de todos los textos b\u00edblicos tomados en conjunto.<\/li>\n<li><strong>Trabaje de manera inductiva a partir del texto, de libros individuales y de temas que recorren la Biblia como un todo. <\/strong>Aunque los lectores nunca pueden divorciarse por completo de sus propios antecedentes, los estudiantes de TB reconocen que su tema es exclusivamente la Biblia. Por lo tanto, intentan utilizar categor\u00edas y perseguir agendas que establece el propio texto.<\/li>\n<li><strong>Haga conexiones teol\u00f3gicas dentro de toda la Biblia que la Biblia misma autorice. <\/strong>Una forma de hacer esto es rastrear la trayectoria de los temas directamente a trav\u00e9s de la Biblia. (Eso es lo que hacen los siguientes art\u00edculos en esta Biblia de estudio). TB a menudo se enfoca en los puntos de inflexi\u00f3n en la historia de la Biblia (ver &#8220;Una descripci\u00f3n general teol\u00f3gica de la Biblia de la Biblia&#8221;, p. 2637), y su preocupaci\u00f3n m\u00e1s importante est\u00e1 relacionada con c\u00f3mo el NT usa el AT, observando c\u00f3mo los escritores de las Escrituras posteriores se refieren a los anteriores.<\/li>\n<\/ul>\n\t\t\t<a href=https:\/\/staging.editorialhccp.hcusweb.com\/r\/biblia-de-estudio-teologia-biblica\/preguntas-frecuentes\/ target=\"_self\" role=\"button\" rel=\"noopener\">\n\t\t\t\t\t\t\tPreguntas frecuentes sobre teolog\u00eda b\u00edblica\n\t\t\t\t\t<\/a>\n\t\n\t\t\t\t<img loading=\"lazy\" decoding=\"async\" src=\"\/r\/wp-content\/uploads\/sites\/5\/2022\/09\/BTSB_tapadura.png\" alt=\"BTSB_tapadura\" height=\"250\" width=\"329\" title=\"BTSB_tapadura\" \/>\n<h4>\n\t\t<br \/>DE TAPA DURA\n\t<\/h4>\n\t\t\t\t<img loading=\"lazy\" decoding=\"async\" src=\"\/r\/wp-content\/uploads\/sites\/5\/2022\/09\/BTSB_negro-LS-329x250.png\" alt=\"BTSB_negro-LS\" height=\"250\" width=\"329\" title=\"BTSB_negro-LS\" \/>\n<h4>\n\t\tNEGRO<br \/><strong>PIEL RECICLADA<\/strong>\n\t<\/h4>\n\t\t\t\t<img loading=\"lazy\" decoding=\"async\" src=\"\/r\/wp-content\/uploads\/sites\/5\/2022\/09\/BTSB_cafe-LS-329x250.png\" alt=\"BTSB_cafe-LS\" height=\"250\" width=\"329\" title=\"BTSB_cafe-LS\" \/>\n<h4>\n\t\tCAF\u00c9<br \/><strong>LEATHERSOFT\u00ae<\/strong>\n\t<\/h4>\n\t\t\t\t<img loading=\"lazy\" decoding=\"async\" src=\"\/r\/wp-content\/uploads\/sites\/5\/2022\/09\/BTSB_cafe-LS-329x250.png\" alt=\"BTSB_cafe-LS\" height=\"250\" width=\"329\" title=\"BTSB_cafe-LS\" \/>\n<h4>\n\t\tCAF\u00c9 CON \u00cdNDICE<br \/><strong>LEATHERSOFT\u00ae<\/strong>\n\t<\/h4>\n<h4>\n\t\t<strong>Otros pa\u00edses<\/strong>\n\t<\/h4>\n\t<nav aria-label=\"BETB-pa\u00edses\">\n\t\t<ul id=\"menu-betb-paises\"><li id=\"menu-item-11861\"><a href=\"#\" role=\"link\">Selecciona tu pa\u00eds<\/a><ul>\t<li id=\"menu-item-11840\"><a href=https:\/\/staging.editorialhccp.hcusweb.com\/r\/buscador-de-tiendas-argentina\/ role=\"link\">Argentina<\/a><\/li>\t<li id=\"menu-item-11841\"><a href=https:\/\/staging.editorialhccp.hcusweb.com\/r\/buscador-de-tiendas-bolivia\/ role=\"link\">Bolivia<\/a><\/li>\t<li id=\"menu-item-11842\"><a href=https:\/\/staging.editorialhccp.hcusweb.com\/r\/buscador-de-tiendas-canada\/ role=\"link\">Canad\u00e1<\/a><\/li>\t<li id=\"menu-item-11843\"><a href=https:\/\/staging.editorialhccp.hcusweb.com\/r\/buscador-de-tiendas-chile\/ role=\"link\">Chile<\/a><\/li>\t<li id=\"menu-item-11844\"><a href=https:\/\/staging.editorialhccp.hcusweb.com\/r\/buscador-de-tiendas-colombia\/ role=\"link\">Colombia<\/a><\/li>\t<li id=\"menu-item-11845\"><a href=https:\/\/staging.editorialhccp.hcusweb.com\/r\/buscador-de-tiendas-costarica\/ role=\"link\">Costa Rica<\/a><\/li>\t<li id=\"menu-item-11846\"><a href=https:\/\/staging.editorialhccp.hcusweb.com\/r\/buscador-de-tiendas-ecuador\/ role=\"link\">Ecuador<\/a><\/li>\t<li id=\"menu-item-11847\"><a href=https:\/\/staging.editorialhccp.hcusweb.com\/r\/buscador-de-tiendas-elsalvador\/ role=\"link\">El Salvador<\/a><\/li>\t<li id=\"menu-item-11848\"><a href=https:\/\/staging.editorialhccp.hcusweb.com\/r\/buscador-de-tiendas-espana\/ role=\"link\">Espa\u00f1a<\/a><\/li>\t<li id=\"menu-item-11860\"><a href=https:\/\/staging.editorialhccp.hcusweb.com\/distribuidores-estados-unidos\/ role=\"link\">Estados Unidos<\/a><\/li>\t<li id=\"menu-item-11849\"><a href=https:\/\/staging.editorialhccp.hcusweb.com\/r\/buscador-de-tiendas-guatemala\/ role=\"link\">Guatemala<\/a><\/li>\t<li id=\"menu-item-11850\"><a href=https:\/\/staging.editorialhccp.hcusweb.com\/r\/buscador-de-tiendas-honduras\/ role=\"link\">Honduras<\/a><\/li>\t<li id=\"menu-item-11851\"><a href=https:\/\/staging.editorialhccp.hcusweb.com\/r\/buscador-de-tiendas-mexico\/ role=\"link\">M\u00e9xico<\/a><\/li>\t<li id=\"menu-item-11852\"><a href=https:\/\/staging.editorialhccp.hcusweb.com\/r\/buscador-de-tiendas-nicaragua\/ role=\"link\">Nicaragua<\/a><\/li>\t<li id=\"menu-item-11853\"><a href=https:\/\/staging.editorialhccp.hcusweb.com\/r\/buscador-de-tiendas-panama\/ role=\"link\">Panam\u00e1<\/a><\/li>\t<li id=\"menu-item-11854\"><a href=https:\/\/staging.editorialhccp.hcusweb.com\/r\/buscador-de-tiendas-paraguay\/ role=\"link\">Paraguay<\/a><\/li>\t<li id=\"menu-item-11855\"><a href=https:\/\/staging.editorialhccp.hcusweb.com\/r\/buscador-de-tiendas-peru\/ role=\"link\">Per\u00fa<\/a><\/li>\t<li id=\"menu-item-11856\"><a href=https:\/\/staging.editorialhccp.hcusweb.com\/r\/buscador-de-tiendas-puertorico\/ role=\"link\">Puerto Rico<\/a><\/li>\t<li id=\"menu-item-11857\"><a href=https:\/\/staging.editorialhccp.hcusweb.com\/r\/buscador-de-tiendas-rd\/ role=\"link\">Rep\u00fablica Dominicana<\/a><\/li>\t<li id=\"menu-item-11858\"><a href=https:\/\/staging.editorialhccp.hcusweb.com\/r\/buscador-de-tiendas-uruguay\/ role=\"link\">Uruguay<\/a><\/li>\t<li id=\"menu-item-11859\"><a href=https:\/\/staging.editorialhccp.hcusweb.com\/r\/venezuela\/ role=\"link\">Venezuela<\/a><\/li><\/ul><\/li><\/ul>\n\t\t\t<\/nav>\n\t\t\t<a href=https:\/\/staging.editorialhccp.hcusweb.com\/r\/biblia-de-estudio-teologia-biblica\/interior-de-la-biblia\/ target=\"_self\" role=\"button\" rel=\"noopener\">\n\t\t\t\t\t\t\tVer interior de la Biblia\n\t\t\t\t\t<\/a>\n\t\t\t<a href=https:\/\/staging.editorialhccp.hcusweb.com\/r\/biblia-de-estudio-teologia-biblica\/acerca-de\/ target=\"_self\" role=\"button\" rel=\"noopener\">\n\t\t\t\t\t\t\tAcerca de la Biblia\n\t\t\t\t\t<\/a>\n<h2>\n\t\t<a href=\"#inicio\" title=\"Inicio\" target=\"_self\" rel=\"noopener\">\n\t\tInicio\n\t\t<\/a>\n\t<\/h2>\n\n","protected":false},"excerpt":{"rendered":"<p>Compra ahora \u00bfQU\u00c9 ES LA TEOLOG\u00cdA B\u00cdBLICA? de D. A. Carson La TEOLOG\u00cdA B\u00cdBLICA (TB) responde a la pregunta, \u00bfC\u00f3mo ha revelado Dios su palabra hist\u00f3rica y org\u00e1nicamente? TB estudia la teolog\u00eda de libros b\u00edblicos individuales (p. ej., Isa\u00edas, el Evangelio de Juan), de colecciones seleccionadas dentro de la Biblia (p. ej., el Pentateuco, la [&hellip;]<\/p>\n","protected":false},"author":0,"featured_media":0,"parent":11085,"menu_order":1,"comment_status":"closed","ping_status":"closed","template":"","meta":{"_acf_changed":false,"footnotes":""},"class_list":["post-11138","page","type-page","status-publish","hentry"],"acf":[],"yoast_head":"<!-- This site is optimized with the Yoast SEO Premium plugin v27.3 (Yoast SEO v27.4) - https:\/\/yoast.com\/product\/yoast-seo-premium-wordpress\/ -->\n<title>Qu\u00e9 es - Marketing Pages<\/title>\n<meta name=\"robots\" content=\"index, follow, max-snippet:-1, max-image-preview:large, max-video-preview:-1\" \/>\n<link rel=\"canonical\" href=\"https:\/\/staging.editorialhccp.hcusweb.com\/r\/biblia-de-estudio-teologia-biblica\/que-es\/\" \/>\n<meta property=\"og:locale\" content=\"en_US\" \/>\n<meta property=\"og:type\" content=\"article\" \/>\n<meta property=\"og:title\" content=\"Qu\u00e9 es\" \/>\n<meta property=\"og:description\" content=\"Compra ahora \u00bfQU\u00c9 ES LA TEOLOG\u00cdA B\u00cdBLICA? de D. A. Carson La TEOLOG\u00cdA B\u00cdBLICA (TB) responde a la pregunta, \u00bfC\u00f3mo ha revelado Dios su palabra hist\u00f3rica y org\u00e1nicamente? TB estudia la teolog\u00eda de libros b\u00edblicos individuales (p. ej., Isa\u00edas, el Evangelio de Juan), de colecciones seleccionadas dentro de la Biblia (p. ej., el Pentateuco, la [&hellip;]\" \/>\n<meta property=\"og:url\" content=\"https:\/\/staging.editorialhccp.hcusweb.com\/r\/biblia-de-estudio-teologia-biblica\/que-es\/\" \/>\n<meta property=\"og:site_name\" content=\"Marketing Pages\" \/>\n<meta name=\"twitter:card\" content=\"summary_large_image\" \/>\n<meta name=\"twitter:label1\" content=\"Est. reading time\" \/>\n\t<meta name=\"twitter:data1\" content=\"3 minutes\" \/>\n<script type=\"application\/ld+json\" class=\"yoast-schema-graph\">{\"@context\":\"https:\\\/\\\/schema.org\",\"@graph\":[{\"@type\":\"WebPage\",\"@id\":\"https:\\\/\\\/staging.editorialhccp.hcusweb.com\\\/r\\\/biblia-de-estudio-teologia-biblica\\\/que-es\\\/\",\"url\":\"https:\\\/\\\/staging.editorialhccp.hcusweb.com\\\/r\\\/biblia-de-estudio-teologia-biblica\\\/que-es\\\/\",\"name\":\"Qu\u00e9 es - Marketing Pages\",\"isPartOf\":{\"@id\":\"https:\\\/\\\/staging.editorialhccp.hcusweb.com\\\/r\\\/#website\"},\"datePublished\":\"2022-09-06T18:11:29+00:00\",\"breadcrumb\":{\"@id\":\"https:\\\/\\\/staging.editorialhccp.hcusweb.com\\\/r\\\/biblia-de-estudio-teologia-biblica\\\/que-es\\\/#breadcrumb\"},\"inLanguage\":\"en-US\",\"potentialAction\":[{\"@type\":\"ReadAction\",\"target\":[\"https:\\\/\\\/staging.editorialhccp.hcusweb.com\\\/r\\\/biblia-de-estudio-teologia-biblica\\\/que-es\\\/\"]}]},{\"@type\":\"BreadcrumbList\",\"@id\":\"https:\\\/\\\/staging.editorialhccp.hcusweb.com\\\/r\\\/biblia-de-estudio-teologia-biblica\\\/que-es\\\/#breadcrumb\",\"itemListElement\":[{\"@type\":\"ListItem\",\"position\":1,\"name\":\"Home\",\"item\":\"https:\\\/\\\/staging.editorialhccp.hcusweb.com\\\/r\\\/\"},{\"@type\":\"ListItem\",\"position\":2,\"name\":\"Biblia de estudio Teolog\u00eda B\u00edblica\",\"item\":\"https:\\\/\\\/staging.editorialhccp.hcusweb.com\\\/r\\\/biblia-de-estudio-teologia-biblica\\\/\"},{\"@type\":\"ListItem\",\"position\":3,\"name\":\"Qu\u00e9 es\"}]},{\"@type\":\"WebSite\",\"@id\":\"https:\\\/\\\/staging.editorialhccp.hcusweb.com\\\/r\\\/#website\",\"url\":\"https:\\\/\\\/staging.editorialhccp.hcusweb.com\\\/r\\\/\",\"name\":\"Marketing Pages\",\"description\":\"\",\"potentialAction\":[{\"@type\":\"SearchAction\",\"target\":{\"@type\":\"EntryPoint\",\"urlTemplate\":\"https:\\\/\\\/staging.editorialhccp.hcusweb.com\\\/r\\\/?s={search_term_string}\"},\"query-input\":{\"@type\":\"PropertyValueSpecification\",\"valueRequired\":true,\"valueName\":\"search_term_string\"}}],\"inLanguage\":\"en-US\"}]}<\/script>\n<!-- \/ Yoast SEO Premium plugin. -->","yoast_head_json":{"title":"Qu\u00e9 es - Marketing Pages","robots":{"index":"index","follow":"follow","max-snippet":"max-snippet:-1","max-image-preview":"max-image-preview:large","max-video-preview":"max-video-preview:-1"},"canonical":"https:\/\/staging.editorialhccp.hcusweb.com\/r\/biblia-de-estudio-teologia-biblica\/que-es\/","og_locale":"en_US","og_type":"article","og_title":"Qu\u00e9 es","og_description":"Compra ahora \u00bfQU\u00c9 ES LA TEOLOG\u00cdA B\u00cdBLICA? de D. A. Carson La TEOLOG\u00cdA B\u00cdBLICA (TB) responde a la pregunta, \u00bfC\u00f3mo ha revelado Dios su palabra hist\u00f3rica y org\u00e1nicamente? TB estudia la teolog\u00eda de libros b\u00edblicos individuales (p. ej., Isa\u00edas, el Evangelio de Juan), de colecciones seleccionadas dentro de la Biblia (p. ej., el Pentateuco, la [&hellip;]","og_url":"https:\/\/staging.editorialhccp.hcusweb.com\/r\/biblia-de-estudio-teologia-biblica\/que-es\/","og_site_name":"Marketing Pages","twitter_card":"summary_large_image","twitter_misc":{"Est. reading time":"3 minutes"},"schema":{"@context":"https:\/\/schema.org","@graph":[{"@type":"WebPage","@id":"https:\/\/staging.editorialhccp.hcusweb.com\/r\/biblia-de-estudio-teologia-biblica\/que-es\/","url":"https:\/\/staging.editorialhccp.hcusweb.com\/r\/biblia-de-estudio-teologia-biblica\/que-es\/","name":"Qu\u00e9 es - Marketing Pages","isPartOf":{"@id":"https:\/\/staging.editorialhccp.hcusweb.com\/r\/#website"},"datePublished":"2022-09-06T18:11:29+00:00","breadcrumb":{"@id":"https:\/\/staging.editorialhccp.hcusweb.com\/r\/biblia-de-estudio-teologia-biblica\/que-es\/#breadcrumb"},"inLanguage":"en-US","potentialAction":[{"@type":"ReadAction","target":["https:\/\/staging.editorialhccp.hcusweb.com\/r\/biblia-de-estudio-teologia-biblica\/que-es\/"]}]},{"@type":"BreadcrumbList","@id":"https:\/\/staging.editorialhccp.hcusweb.com\/r\/biblia-de-estudio-teologia-biblica\/que-es\/#breadcrumb","itemListElement":[{"@type":"ListItem","position":1,"name":"Home","item":"https:\/\/staging.editorialhccp.hcusweb.com\/r\/"},{"@type":"ListItem","position":2,"name":"Biblia de estudio Teolog\u00eda B\u00edblica","item":"https:\/\/staging.editorialhccp.hcusweb.com\/r\/biblia-de-estudio-teologia-biblica\/"},{"@type":"ListItem","position":3,"name":"Qu\u00e9 es"}]},{"@type":"WebSite","@id":"https:\/\/staging.editorialhccp.hcusweb.com\/r\/#website","url":"https:\/\/staging.editorialhccp.hcusweb.com\/r\/","name":"Marketing Pages","description":"","potentialAction":[{"@type":"SearchAction","target":{"@type":"EntryPoint","urlTemplate":"https:\/\/staging.editorialhccp.hcusweb.com\/r\/?s={search_term_string}"},"query-input":{"@type":"PropertyValueSpecification","valueRequired":true,"valueName":"search_term_string"}}],"inLanguage":"en-US"}]}},"_links":{"self":[{"href":"https:\/\/staging.editorialhccp.hcusweb.com\/r\/wp-json\/wp\/v2\/pages\/11138","targetHints":{"allow":["GET"]}}],"collection":[{"href":"https:\/\/staging.editorialhccp.hcusweb.com\/r\/wp-json\/wp\/v2\/pages"}],"about":[{"href":"https:\/\/staging.editorialhccp.hcusweb.com\/r\/wp-json\/wp\/v2\/types\/page"}],"replies":[{"embeddable":true,"href":"https:\/\/staging.editorialhccp.hcusweb.com\/r\/wp-json\/wp\/v2\/comments?post=11138"}],"version-history":[{"count":0,"href":"https:\/\/staging.editorialhccp.hcusweb.com\/r\/wp-json\/wp\/v2\/pages\/11138\/revisions"}],"up":[{"embeddable":true,"href":"https:\/\/staging.editorialhccp.hcusweb.com\/r\/wp-json\/wp\/v2\/pages\/11085"}],"wp:attachment":[{"href":"https:\/\/staging.editorialhccp.hcusweb.com\/r\/wp-json\/wp\/v2\/media?parent=11138"}],"curies":[{"name":"wp","href":"https:\/\/api.w.org\/{rel}","templated":true}]}}