{"id":11280,"date":"2022-09-08T23:39:00","date_gmt":"2022-09-08T23:39:00","guid":{"rendered":"\/r\/?page_id=11280"},"modified":"2022-09-08T23:39:00","modified_gmt":"2022-09-08T23:39:00","slug":"compra-ahora","status":"publish","type":"page","link":"https:\/\/staging.editorialhccp.hcusweb.com\/r\/biblia-de-estudio-teologia-biblica\/compra-ahora\/","title":{"rendered":"Compra ahora"},"content":{"rendered":"\n\n\t\t\t<a href=https:\/\/staging.editorialhccp.hcusweb.com\/r\/biblia-de-estudio-teologia-biblica\/compra-ahora\/ target=\"_self\" role=\"button\" rel=\"noopener\">\n\t\t\t\t\t\t\tCompra ahora\n\t\t\t\t\t<\/a>\n<h2>\n\t\t\u00bfCU\u00c1L PREFIERES?\n\t<\/h2>\n\t\t\t<a href=https:\/\/staging.editorialhccp.hcusweb.com\/r\/biblia-de-estudio-teologia-biblica\/interior-de-la-biblia\/ target=\"_self\" role=\"button\" rel=\"noopener\">\n\t\t\t\t\t\t\tInterior de la Biblia\n\t\t\t\t\t<\/a>\n\t<p>La <strong><em>Biblia de Estudio de Teolog\u00eda B\u00edblica NVI<\/em><\/strong> est\u00e1 impresa en la exclusiva letra <a href=https:\/\/staging.editorialhccp.hcusweb.com\/r\/comfortprint\/ target=\"_blank\" rel=\"noopener\">Comfort Print\u00ae<\/a>. Dise\u00f1ada por expertos espec\u00edficamente para el texto de la <a href=https:\/\/staging.editorialhccp.hcusweb.com\/r\/biblia-nvi\/historia\/ target=\"_blank\" rel=\"noopener\">Nueva Versi\u00f3n Internacional (NVI)<\/a> , Comfort Print\u00ae ofrece una experiencia de lectura m\u00e1s f\u00e1cil que complementa la traducci\u00f3n de la Biblia m\u00e1s le\u00edda en espa\u00f1ol moderno.<\/p>\n\t\t\t\t<img loading=\"lazy\" decoding=\"async\" src=\"\/r\/wp-content\/uploads\/sites\/5\/2022\/09\/BTSB_tapadura.png\" alt=\"BTSB_tapadura\" height=\"250\" width=\"329\" title=\"BTSB_tapadura\" \/>\n<h4>\n\t\tCELESTE<br \/><strong>TAPA DURA<\/strong>\n\t<\/h4>\n\t\t\t\t<img loading=\"lazy\" decoding=\"async\" src=\"\/r\/wp-content\/uploads\/sites\/5\/2022\/09\/BTSB_negro-LS-329x250.png\" alt=\"BTSB_negro-LS\" height=\"250\" width=\"329\" title=\"BTSB_negro-LS\" \/>\n<h4>\n\t\tNEGRO<br \/><strong>PIEL RECICLADA<\/strong>\n\t<\/h4>\n\t\t\t\t<img loading=\"lazy\" decoding=\"async\" src=\"\/r\/wp-content\/uploads\/sites\/5\/2022\/09\/BTSB_cafe-LS-329x250.png\" alt=\"BTSB_cafe-LS\" height=\"250\" width=\"329\" title=\"BTSB_cafe-LS\" \/>\n<h4>\n\t\tCAF\u00c9<br \/><strong>LEATHERSOFT\u00ae<\/strong>\n\t<\/h4>\n\t\t\t\t<img loading=\"lazy\" decoding=\"async\" src=\"\/r\/wp-content\/uploads\/sites\/5\/2022\/09\/BTSB_cafe-LS-329x250.png\" alt=\"BTSB_cafe-LS\" height=\"250\" width=\"329\" title=\"BTSB_cafe-LS\" \/>\n<h4>\n\t\tCAF\u00c9 CON \u00cdNDICE<br \/><strong>LEATHERSOFT\u00ae<\/strong>\n\t<\/h4>\n<h4>\n\t\t<strong>Otros pa\u00edses<\/strong>\n\t<\/h4>\n\t<nav aria-label=\"BETB-pa\u00edses\">\n\t\t<ul id=\"menu-betb-paises\"><li id=\"menu-item-11861\"><a href=\"#\" role=\"link\">Selecciona tu pa\u00eds<\/a><ul>\t<li id=\"menu-item-11840\"><a href=https:\/\/staging.editorialhccp.hcusweb.com\/r\/buscador-de-tiendas-argentina\/ role=\"link\">Argentina<\/a><\/li>\t<li id=\"menu-item-11841\"><a href=https:\/\/staging.editorialhccp.hcusweb.com\/r\/buscador-de-tiendas-bolivia\/ role=\"link\">Bolivia<\/a><\/li>\t<li id=\"menu-item-11842\"><a href=https:\/\/staging.editorialhccp.hcusweb.com\/r\/buscador-de-tiendas-canada\/ role=\"link\">Canad\u00e1<\/a><\/li>\t<li id=\"menu-item-11843\"><a href=https:\/\/staging.editorialhccp.hcusweb.com\/r\/buscador-de-tiendas-chile\/ role=\"link\">Chile<\/a><\/li>\t<li id=\"menu-item-11844\"><a href=https:\/\/staging.editorialhccp.hcusweb.com\/r\/buscador-de-tiendas-colombia\/ role=\"link\">Colombia<\/a><\/li>\t<li id=\"menu-item-11845\"><a href=https:\/\/staging.editorialhccp.hcusweb.com\/r\/buscador-de-tiendas-costarica\/ role=\"link\">Costa Rica<\/a><\/li>\t<li id=\"menu-item-11846\"><a href=https:\/\/staging.editorialhccp.hcusweb.com\/r\/buscador-de-tiendas-ecuador\/ role=\"link\">Ecuador<\/a><\/li>\t<li id=\"menu-item-11847\"><a href=https:\/\/staging.editorialhccp.hcusweb.com\/r\/buscador-de-tiendas-elsalvador\/ role=\"link\">El Salvador<\/a><\/li>\t<li id=\"menu-item-11848\"><a href=https:\/\/staging.editorialhccp.hcusweb.com\/r\/buscador-de-tiendas-espana\/ role=\"link\">Espa\u00f1a<\/a><\/li>\t<li id=\"menu-item-11860\"><a href=https:\/\/staging.editorialhccp.hcusweb.com\/distribuidores-estados-unidos\/ role=\"link\">Estados Unidos<\/a><\/li>\t<li id=\"menu-item-11849\"><a href=https:\/\/staging.editorialhccp.hcusweb.com\/r\/buscador-de-tiendas-guatemala\/ role=\"link\">Guatemala<\/a><\/li>\t<li id=\"menu-item-11850\"><a href=https:\/\/staging.editorialhccp.hcusweb.com\/r\/buscador-de-tiendas-honduras\/ role=\"link\">Honduras<\/a><\/li>\t<li id=\"menu-item-11851\"><a href=https:\/\/staging.editorialhccp.hcusweb.com\/r\/buscador-de-tiendas-mexico\/ role=\"link\">M\u00e9xico<\/a><\/li>\t<li id=\"menu-item-11852\"><a href=https:\/\/staging.editorialhccp.hcusweb.com\/r\/buscador-de-tiendas-nicaragua\/ role=\"link\">Nicaragua<\/a><\/li>\t<li id=\"menu-item-11853\"><a href=https:\/\/staging.editorialhccp.hcusweb.com\/r\/buscador-de-tiendas-panama\/ role=\"link\">Panam\u00e1<\/a><\/li>\t<li id=\"menu-item-11854\"><a href=https:\/\/staging.editorialhccp.hcusweb.com\/r\/buscador-de-tiendas-paraguay\/ role=\"link\">Paraguay<\/a><\/li>\t<li id=\"menu-item-11855\"><a href=https:\/\/staging.editorialhccp.hcusweb.com\/r\/buscador-de-tiendas-peru\/ role=\"link\">Per\u00fa<\/a><\/li>\t<li id=\"menu-item-11856\"><a href=https:\/\/staging.editorialhccp.hcusweb.com\/r\/buscador-de-tiendas-puertorico\/ role=\"link\">Puerto Rico<\/a><\/li>\t<li id=\"menu-item-11857\"><a href=https:\/\/staging.editorialhccp.hcusweb.com\/r\/buscador-de-tiendas-rd\/ role=\"link\">Rep\u00fablica Dominicana<\/a><\/li>\t<li id=\"menu-item-11858\"><a href=https:\/\/staging.editorialhccp.hcusweb.com\/r\/buscador-de-tiendas-uruguay\/ role=\"link\">Uruguay<\/a><\/li>\t<li id=\"menu-item-11859\"><a href=https:\/\/staging.editorialhccp.hcusweb.com\/r\/venezuela\/ role=\"link\">Venezuela<\/a><\/li><\/ul><\/li><\/ul>\n\t\t\t<\/nav>\n\t\t\t<a href=https:\/\/staging.editorialhccp.hcusweb.com\/r\/biblia-de-estudio-teologia-biblica\/interior-de-la-biblia\/ target=\"_self\" role=\"button\" rel=\"noopener\">\n\t\t\t\t\t\t\tVer interior de la Biblia\n\t\t\t\t\t<\/a>\n\t\t\t<a href=https:\/\/staging.editorialhccp.hcusweb.com\/r\/biblia-de-estudio-teologia-biblica\/que-es\/ target=\"_self\" role=\"button\" rel=\"noopener\">\n\t\t\t\t\t\t\t\u00bfQu\u00e9 es la Teolog\u00eda B\u00edblica?\n\t\t\t\t\t<\/a>\n<h2>\n\t\t<a href=\"#inicio\" title=\"Inicio\" target=\"_self\" rel=\"noopener\">\n\t\tInicio\n\t\t<\/a>\n\t<\/h2>\n\n","protected":false},"excerpt":{"rendered":"<p>Compra ahora \u00bfCU\u00c1L PREFIERES? Interior de la Biblia La Biblia de Estudio de Teolog\u00eda B\u00edblica NVI est\u00e1 impresa en la exclusiva letra Comfort Print\u00ae. Dise\u00f1ada por expertos espec\u00edficamente para el texto de la Nueva Versi\u00f3n Internacional (NVI) , Comfort Print\u00ae ofrece una experiencia de lectura m\u00e1s f\u00e1cil que complementa la traducci\u00f3n de la Biblia m\u00e1s [&hellip;]<\/p>\n","protected":false},"author":0,"featured_media":0,"parent":11085,"menu_order":5,"comment_status":"closed","ping_status":"closed","template":"","meta":{"_acf_changed":false,"footnotes":""},"class_list":["post-11280","page","type-page","status-publish","hentry"],"acf":[],"yoast_head":"<!-- This site is optimized with the Yoast SEO Premium plugin v27.3 (Yoast SEO v27.4) - https:\/\/yoast.com\/product\/yoast-seo-premium-wordpress\/ -->\n<title>Compra ahora - Marketing Pages<\/title>\n<meta name=\"robots\" content=\"index, follow, max-snippet:-1, max-image-preview:large, max-video-preview:-1\" \/>\n<link rel=\"canonical\" href=\"https:\/\/staging.editorialhccp.hcusweb.com\/r\/biblia-de-estudio-teologia-biblica\/compra-ahora\/\" \/>\n<meta property=\"og:locale\" content=\"en_US\" \/>\n<meta property=\"og:type\" content=\"article\" \/>\n<meta property=\"og:title\" content=\"Compra ahora\" \/>\n<meta property=\"og:description\" content=\"Compra ahora \u00bfCU\u00c1L PREFIERES? Interior de la Biblia La Biblia de Estudio de Teolog\u00eda B\u00edblica NVI est\u00e1 impresa en la exclusiva letra Comfort Print\u00ae. Dise\u00f1ada por expertos espec\u00edficamente para el texto de la Nueva Versi\u00f3n Internacional (NVI) , Comfort Print\u00ae ofrece una experiencia de lectura m\u00e1s f\u00e1cil que complementa la traducci\u00f3n de la Biblia m\u00e1s [&hellip;]\" \/>\n<meta property=\"og:url\" content=\"https:\/\/staging.editorialhccp.hcusweb.com\/r\/biblia-de-estudio-teologia-biblica\/compra-ahora\/\" \/>\n<meta property=\"og:site_name\" content=\"Marketing Pages\" \/>\n<meta name=\"twitter:card\" content=\"summary_large_image\" \/>\n<meta name=\"twitter:label1\" content=\"Est. reading time\" \/>\n\t<meta name=\"twitter:data1\" content=\"1 minute\" \/>\n<script type=\"application\/ld+json\" class=\"yoast-schema-graph\">{\"@context\":\"https:\\\/\\\/schema.org\",\"@graph\":[{\"@type\":\"WebPage\",\"@id\":\"https:\\\/\\\/staging.editorialhccp.hcusweb.com\\\/r\\\/biblia-de-estudio-teologia-biblica\\\/compra-ahora\\\/\",\"url\":\"https:\\\/\\\/staging.editorialhccp.hcusweb.com\\\/r\\\/biblia-de-estudio-teologia-biblica\\\/compra-ahora\\\/\",\"name\":\"Compra ahora - Marketing Pages\",\"isPartOf\":{\"@id\":\"https:\\\/\\\/staging.editorialhccp.hcusweb.com\\\/r\\\/#website\"},\"datePublished\":\"2022-09-08T23:39:00+00:00\",\"breadcrumb\":{\"@id\":\"https:\\\/\\\/staging.editorialhccp.hcusweb.com\\\/r\\\/biblia-de-estudio-teologia-biblica\\\/compra-ahora\\\/#breadcrumb\"},\"inLanguage\":\"en-US\",\"potentialAction\":[{\"@type\":\"ReadAction\",\"target\":[\"https:\\\/\\\/staging.editorialhccp.hcusweb.com\\\/r\\\/biblia-de-estudio-teologia-biblica\\\/compra-ahora\\\/\"]}]},{\"@type\":\"BreadcrumbList\",\"@id\":\"https:\\\/\\\/staging.editorialhccp.hcusweb.com\\\/r\\\/biblia-de-estudio-teologia-biblica\\\/compra-ahora\\\/#breadcrumb\",\"itemListElement\":[{\"@type\":\"ListItem\",\"position\":1,\"name\":\"Home\",\"item\":\"https:\\\/\\\/staging.editorialhccp.hcusweb.com\\\/r\\\/\"},{\"@type\":\"ListItem\",\"position\":2,\"name\":\"Biblia de estudio Teolog\u00eda B\u00edblica\",\"item\":\"https:\\\/\\\/staging.editorialhccp.hcusweb.com\\\/r\\\/biblia-de-estudio-teologia-biblica\\\/\"},{\"@type\":\"ListItem\",\"position\":3,\"name\":\"Compra ahora\"}]},{\"@type\":\"WebSite\",\"@id\":\"https:\\\/\\\/staging.editorialhccp.hcusweb.com\\\/r\\\/#website\",\"url\":\"https:\\\/\\\/staging.editorialhccp.hcusweb.com\\\/r\\\/\",\"name\":\"Marketing Pages\",\"description\":\"\",\"potentialAction\":[{\"@type\":\"SearchAction\",\"target\":{\"@type\":\"EntryPoint\",\"urlTemplate\":\"https:\\\/\\\/staging.editorialhccp.hcusweb.com\\\/r\\\/?s={search_term_string}\"},\"query-input\":{\"@type\":\"PropertyValueSpecification\",\"valueRequired\":true,\"valueName\":\"search_term_string\"}}],\"inLanguage\":\"en-US\"}]}<\/script>\n<!-- \/ Yoast SEO Premium plugin. -->","yoast_head_json":{"title":"Compra ahora - Marketing Pages","robots":{"index":"index","follow":"follow","max-snippet":"max-snippet:-1","max-image-preview":"max-image-preview:large","max-video-preview":"max-video-preview:-1"},"canonical":"https:\/\/staging.editorialhccp.hcusweb.com\/r\/biblia-de-estudio-teologia-biblica\/compra-ahora\/","og_locale":"en_US","og_type":"article","og_title":"Compra ahora","og_description":"Compra ahora \u00bfCU\u00c1L PREFIERES? Interior de la Biblia La Biblia de Estudio de Teolog\u00eda B\u00edblica NVI est\u00e1 impresa en la exclusiva letra Comfort Print\u00ae. Dise\u00f1ada por expertos espec\u00edficamente para el texto de la Nueva Versi\u00f3n Internacional (NVI) , Comfort Print\u00ae ofrece una experiencia de lectura m\u00e1s f\u00e1cil que complementa la traducci\u00f3n de la Biblia m\u00e1s [&hellip;]","og_url":"https:\/\/staging.editorialhccp.hcusweb.com\/r\/biblia-de-estudio-teologia-biblica\/compra-ahora\/","og_site_name":"Marketing Pages","twitter_card":"summary_large_image","twitter_misc":{"Est. reading time":"1 minute"},"schema":{"@context":"https:\/\/schema.org","@graph":[{"@type":"WebPage","@id":"https:\/\/staging.editorialhccp.hcusweb.com\/r\/biblia-de-estudio-teologia-biblica\/compra-ahora\/","url":"https:\/\/staging.editorialhccp.hcusweb.com\/r\/biblia-de-estudio-teologia-biblica\/compra-ahora\/","name":"Compra ahora - Marketing Pages","isPartOf":{"@id":"https:\/\/staging.editorialhccp.hcusweb.com\/r\/#website"},"datePublished":"2022-09-08T23:39:00+00:00","breadcrumb":{"@id":"https:\/\/staging.editorialhccp.hcusweb.com\/r\/biblia-de-estudio-teologia-biblica\/compra-ahora\/#breadcrumb"},"inLanguage":"en-US","potentialAction":[{"@type":"ReadAction","target":["https:\/\/staging.editorialhccp.hcusweb.com\/r\/biblia-de-estudio-teologia-biblica\/compra-ahora\/"]}]},{"@type":"BreadcrumbList","@id":"https:\/\/staging.editorialhccp.hcusweb.com\/r\/biblia-de-estudio-teologia-biblica\/compra-ahora\/#breadcrumb","itemListElement":[{"@type":"ListItem","position":1,"name":"Home","item":"https:\/\/staging.editorialhccp.hcusweb.com\/r\/"},{"@type":"ListItem","position":2,"name":"Biblia de estudio Teolog\u00eda B\u00edblica","item":"https:\/\/staging.editorialhccp.hcusweb.com\/r\/biblia-de-estudio-teologia-biblica\/"},{"@type":"ListItem","position":3,"name":"Compra ahora"}]},{"@type":"WebSite","@id":"https:\/\/staging.editorialhccp.hcusweb.com\/r\/#website","url":"https:\/\/staging.editorialhccp.hcusweb.com\/r\/","name":"Marketing Pages","description":"","potentialAction":[{"@type":"SearchAction","target":{"@type":"EntryPoint","urlTemplate":"https:\/\/staging.editorialhccp.hcusweb.com\/r\/?s={search_term_string}"},"query-input":{"@type":"PropertyValueSpecification","valueRequired":true,"valueName":"search_term_string"}}],"inLanguage":"en-US"}]}},"_links":{"self":[{"href":"https:\/\/staging.editorialhccp.hcusweb.com\/r\/wp-json\/wp\/v2\/pages\/11280","targetHints":{"allow":["GET"]}}],"collection":[{"href":"https:\/\/staging.editorialhccp.hcusweb.com\/r\/wp-json\/wp\/v2\/pages"}],"about":[{"href":"https:\/\/staging.editorialhccp.hcusweb.com\/r\/wp-json\/wp\/v2\/types\/page"}],"replies":[{"embeddable":true,"href":"https:\/\/staging.editorialhccp.hcusweb.com\/r\/wp-json\/wp\/v2\/comments?post=11280"}],"version-history":[{"count":0,"href":"https:\/\/staging.editorialhccp.hcusweb.com\/r\/wp-json\/wp\/v2\/pages\/11280\/revisions"}],"up":[{"embeddable":true,"href":"https:\/\/staging.editorialhccp.hcusweb.com\/r\/wp-json\/wp\/v2\/pages\/11085"}],"wp:attachment":[{"href":"https:\/\/staging.editorialhccp.hcusweb.com\/r\/wp-json\/wp\/v2\/media?parent=11280"}],"curies":[{"name":"wp","href":"https:\/\/api.w.org\/{rel}","templated":true}]}}