{"id":11287,"date":"2022-09-08T23:42:29","date_gmt":"2022-09-08T23:42:29","guid":{"rendered":"\/r\/?page_id=11287"},"modified":"2025-12-19T14:56:22","modified_gmt":"2025-12-19T14:56:22","slug":"recursos","status":"publish","type":"page","link":"https:\/\/staging.editorialhccp.hcusweb.com\/r\/biblia-de-estudio-teologia-biblica\/recursos\/","title":{"rendered":"Recursos"},"content":{"rendered":"\n\n\t\t\t<a href=https:\/\/staging.editorialhccp.hcusweb.com\/r\/biblia-de-estudio-teologia-biblica\/compra-ahora\/ target=\"_self\">\n\t\t\t\t\t\t\tCompra ahora\n\t\t\t\t\t<\/a>\n<h2  data-animation-delay=\"0\" data-animation-duration=\"1\">\n\t\t\tPreguntas frecuentes\t<\/h2>\n<h2  data-animation-delay=\"0\" data-animation-duration=\"1\">\n\t\t\tsobre teolog\u00eda b\u00edblica\t<\/h2>\n\t\t\t<a href=https:\/\/staging.editorialhccp.hcusweb.com\/r\/biblia-de-estudio-teologia-biblica\/preguntas-frecuentes\/ target=\"_self\">\n\t\t\t\t\t\t\tVer\n\t\t\t\t\t<\/a>\n<h2  data-animation-delay=\"0\" data-animation-duration=\"1\">\n\t\t\tVers\u00edculo de la semana\t<\/h2>\n\t\t\t<a href=\"http:\/\/Vers\u00edculo%20de%20la%20semana\" target=\"_blank\" rel=\"noopener\">\n\t\t\t\t\t\t\tVer\n\t\t\t\t\t<\/a>\n<h2  data-animation-delay=\"0\" data-animation-duration=\"1\">\n\t\t<a href=\"https:\/\/www.bible.com\/es\/reading-plans\/33348\" title=\"Plan de devocional\"  target=\"_blank\"  rel=\"noopener\">\n\t\t\tPlan de devocional \t\t<\/a>\n\t<\/h2>\n\t\t\t<a href=\"https:\/\/www.bible.com\/es\/reading-plans\/33348\" target=\"_blank\" rel=\"noopener\">\n\t\t\t\t\t\t\tVer\n\t\t\t\t\t<\/a>\n<h2  data-animation-delay=\"0\" data-animation-duration=\"1\">\n\t\t\tVideos\t<\/h2>\n\t\t\t<a href=https:\/\/staging.editorialhccp.hcusweb.com\/r\/biblia-de-estudio-teologia-biblica-2\/videos\/ target=\"_self\">\n\t\t\t\t\t\t\tVer\n\t\t\t\t\t<\/a>\n<h2>\n\t\t\tLlena el formulario y recibir\u00e1s completamente gratis:\t<\/h2>\n\t\t\t\t<img decoding=\"async\" src=\"\/r\/wp-content\/uploads\/sites\/5\/2022\/09\/05194432\/Biblia-de-estudio-Teologia-Biblica.png\" alt=\"Biblia de estudio Teolog\u00eda B\u00edblica\" itemprop=\"image\" title=\"Biblia de estudio Teolog\u00eda B\u00edblica\" onerror=\"this.style.display='none'\" loading=\"lazy\" \/>\n\t<ol start=\"1\" type=\"1\">\n<li><strong>Una muestra de la Biblia de Estudio Teolog\u00eda B\u00edblica D. A. Carson<\/strong><\/li>\n<li><strong>Infograf\u00eda El Cielo y la Ciudad de Dios<\/strong><\/li>\n<li><strong>Infograf\u00eda La Santidad en la Biblia<\/strong><\/li>\n<li><strong>Infograf\u00eda Los 5 Pactos de Dios con Su Pueblo<\/strong><\/li>\n<li><strong>Ebook C\u00f3mo estudiar la Biblia<\/strong><\/li>\n<\/ol>\n\t<form method=\"post\" action=\"https:\/\/profile.harpercollinschristian.com\/engage\/link.harpercollinschristian.com\/s\/Spanish\" onmouseover=\"(function(f){f.querySelector('input.casl_date_v1').value=new Date().toISOString().replace(\/-\/g,'').split('T')[0];})(this)\" id=\"1650924407776\">\n<label>Nombre:<input name=\"First_Name\" type=\"text\"\/><br required=\"\"\/>\n<\/label><label for=\"email\">Correo electr\u00f3nico:<\/label><input type=\"text\" name=\"email\" required=\"\"\/><br \/><br \/>\n<input type=\"submit\" value=\"Enviar\"\/>\n<input type=\"hidden\" name=\"vars[CASL_Source_Code]\" value=\"SP0136\" data-type=\"string\"\/>\n<input type=\"hidden\" name=\"vars[casl_sp0136]\" data-type=\"string\"\/>\n<input type=\"hidden\" name=\"vars[OptOutCheck]\" value=\"Check\" data-type=\"string\"\/>\n<input type=\"hidden\" name=\"redirect\" value=\"\/r\/biblia-de-estudio-teologia-biblica\/thankyou\/\"\/>\n<input type=\"hidden\" name=\"recaptcha_key\" value=\"6Lfn0CAUAAAAANJsDeiNxjaohHD5f2NEjS8XVGjm\"\/><\/form>\n\t<p>Al proporcionarnos su direcci\u00f3n de correo electr\u00f3nico usted tambi\u00e9n nos indica que est\u00e1 consciente de que recibir\u00e1 comunicados por este mismo medio de parte de HarperCollins Christian Publishing\u00a0(501 Nelson Place, Nashville, TN 37214 USA) con informaci\u00f3n acerca de productos y servicios tanto de HCCP como de sus afiliados.\u00a0Usted puede darse de baja de esta lista de env\u00edo de comunicados en\u00a0cualquier momento.\u00a0Si tiene alguna pregunta, por favor consulte nuestra Pol\u00edtica de Privacidad o env\u00ede un correo electr\u00f3nico a yourprivacy@harpercollins.com.<\/p>\n\t\t\t<a href=https:\/\/staging.editorialhccp.hcusweb.com\/r\/biblia-de-estudio-teologia-biblica\/interior-de-la-biblia\/ target=\"_self\">\n\t\t\t\t\t\t\tVer interior de la Biblia\n\t\t\t\t\t<\/a>\n\t\t\t<a href=https:\/\/staging.editorialhccp.hcusweb.com\/r\/biblia-de-estudio-teologia-biblica\/que-es\/ target=\"_self\">\n\t\t\t\t\t\t\t\u00bfQu\u00e9 es la Teolog\u00eda B\u00edblica?\n\t\t\t\t\t<\/a>\n<h2>\n\t\t<a href=\"#inicio\" title=\"Inicio\"  target=\"_self\">\n\t\t\tInicio\t\t<\/a>\n\t<\/h2>\n\n","protected":false},"excerpt":{"rendered":"<p>Compra ahora Preguntas frecuentes sobre teolog\u00eda b\u00edblica Ver Vers\u00edculo de la semana Ver Plan de devocional Ver Videos Ver Llena el formulario y recibir\u00e1s completamente gratis: Una muestra de la Biblia de Estudio Teolog\u00eda B\u00edblica D. A. Carson Infograf\u00eda El Cielo y la Ciudad de Dios Infograf\u00eda La Santidad en la Biblia Infograf\u00eda Los 5 [&hellip;]<\/p>\n","protected":false},"author":0,"featured_media":0,"parent":11085,"menu_order":4,"comment_status":"closed","ping_status":"closed","template":"","meta":{"_acf_changed":false,"footnotes":""},"class_list":["post-11287","page","type-page","status-publish","hentry"],"acf":[],"yoast_head":"<!-- This site is optimized with the Yoast SEO Premium plugin v27.3 (Yoast SEO v27.4) - https:\/\/yoast.com\/product\/yoast-seo-premium-wordpress\/ -->\n<title>Recursos - Marketing Pages<\/title>\n<meta name=\"robots\" content=\"index, follow, max-snippet:-1, max-image-preview:large, max-video-preview:-1\" \/>\n<link rel=\"canonical\" href=\"https:\/\/staging.editorialhccp.hcusweb.com\/r\/biblia-de-estudio-teologia-biblica\/recursos\/\" \/>\n<meta property=\"og:locale\" content=\"en_US\" \/>\n<meta property=\"og:type\" content=\"article\" \/>\n<meta property=\"og:title\" content=\"Recursos\" \/>\n<meta property=\"og:description\" content=\"Compra ahora Preguntas frecuentes sobre teolog\u00eda b\u00edblica Ver Vers\u00edculo de la semana Ver Plan de devocional Ver Videos Ver Llena el formulario y recibir\u00e1s completamente gratis: Una muestra de la Biblia de Estudio Teolog\u00eda B\u00edblica D. A. Carson Infograf\u00eda El Cielo y la Ciudad de Dios Infograf\u00eda La Santidad en la Biblia Infograf\u00eda Los 5 [&hellip;]\" \/>\n<meta property=\"og:url\" content=\"https:\/\/staging.editorialhccp.hcusweb.com\/r\/biblia-de-estudio-teologia-biblica\/recursos\/\" \/>\n<meta property=\"og:site_name\" content=\"Marketing Pages\" \/>\n<meta property=\"article:modified_time\" content=\"2025-12-19T14:56:22+00:00\" \/>\n<meta name=\"twitter:card\" content=\"summary_large_image\" \/>\n<script type=\"application\/ld+json\" class=\"yoast-schema-graph\">{\"@context\":\"https:\\\/\\\/schema.org\",\"@graph\":[{\"@type\":\"WebPage\",\"@id\":\"https:\\\/\\\/staging.editorialhccp.hcusweb.com\\\/r\\\/biblia-de-estudio-teologia-biblica\\\/recursos\\\/\",\"url\":\"https:\\\/\\\/staging.editorialhccp.hcusweb.com\\\/r\\\/biblia-de-estudio-teologia-biblica\\\/recursos\\\/\",\"name\":\"Recursos - Marketing Pages\",\"isPartOf\":{\"@id\":\"https:\\\/\\\/staging.editorialhccp.hcusweb.com\\\/r\\\/#website\"},\"datePublished\":\"2022-09-08T23:42:29+00:00\",\"dateModified\":\"2025-12-19T14:56:22+00:00\",\"breadcrumb\":{\"@id\":\"https:\\\/\\\/staging.editorialhccp.hcusweb.com\\\/r\\\/biblia-de-estudio-teologia-biblica\\\/recursos\\\/#breadcrumb\"},\"inLanguage\":\"en-US\",\"potentialAction\":[{\"@type\":\"ReadAction\",\"target\":[\"https:\\\/\\\/staging.editorialhccp.hcusweb.com\\\/r\\\/biblia-de-estudio-teologia-biblica\\\/recursos\\\/\"]}]},{\"@type\":\"BreadcrumbList\",\"@id\":\"https:\\\/\\\/staging.editorialhccp.hcusweb.com\\\/r\\\/biblia-de-estudio-teologia-biblica\\\/recursos\\\/#breadcrumb\",\"itemListElement\":[{\"@type\":\"ListItem\",\"position\":1,\"name\":\"Home\",\"item\":\"https:\\\/\\\/staging.editorialhccp.hcusweb.com\\\/r\\\/\"},{\"@type\":\"ListItem\",\"position\":2,\"name\":\"Biblia de estudio Teolog\u00eda B\u00edblica\",\"item\":\"https:\\\/\\\/staging.editorialhccp.hcusweb.com\\\/r\\\/biblia-de-estudio-teologia-biblica\\\/\"},{\"@type\":\"ListItem\",\"position\":3,\"name\":\"Recursos\"}]},{\"@type\":\"WebSite\",\"@id\":\"https:\\\/\\\/staging.editorialhccp.hcusweb.com\\\/r\\\/#website\",\"url\":\"https:\\\/\\\/staging.editorialhccp.hcusweb.com\\\/r\\\/\",\"name\":\"Marketing Pages\",\"description\":\"\",\"potentialAction\":[{\"@type\":\"SearchAction\",\"target\":{\"@type\":\"EntryPoint\",\"urlTemplate\":\"https:\\\/\\\/staging.editorialhccp.hcusweb.com\\\/r\\\/?s={search_term_string}\"},\"query-input\":{\"@type\":\"PropertyValueSpecification\",\"valueRequired\":true,\"valueName\":\"search_term_string\"}}],\"inLanguage\":\"en-US\"}]}<\/script>\n<!-- \/ Yoast SEO Premium plugin. -->","yoast_head_json":{"title":"Recursos - Marketing Pages","robots":{"index":"index","follow":"follow","max-snippet":"max-snippet:-1","max-image-preview":"max-image-preview:large","max-video-preview":"max-video-preview:-1"},"canonical":"https:\/\/staging.editorialhccp.hcusweb.com\/r\/biblia-de-estudio-teologia-biblica\/recursos\/","og_locale":"en_US","og_type":"article","og_title":"Recursos","og_description":"Compra ahora Preguntas frecuentes sobre teolog\u00eda b\u00edblica Ver Vers\u00edculo de la semana Ver Plan de devocional Ver Videos Ver Llena el formulario y recibir\u00e1s completamente gratis: Una muestra de la Biblia de Estudio Teolog\u00eda B\u00edblica D. A. Carson Infograf\u00eda El Cielo y la Ciudad de Dios Infograf\u00eda La Santidad en la Biblia Infograf\u00eda Los 5 [&hellip;]","og_url":"https:\/\/staging.editorialhccp.hcusweb.com\/r\/biblia-de-estudio-teologia-biblica\/recursos\/","og_site_name":"Marketing Pages","article_modified_time":"2025-12-19T14:56:22+00:00","twitter_card":"summary_large_image","schema":{"@context":"https:\/\/schema.org","@graph":[{"@type":"WebPage","@id":"https:\/\/staging.editorialhccp.hcusweb.com\/r\/biblia-de-estudio-teologia-biblica\/recursos\/","url":"https:\/\/staging.editorialhccp.hcusweb.com\/r\/biblia-de-estudio-teologia-biblica\/recursos\/","name":"Recursos - Marketing Pages","isPartOf":{"@id":"https:\/\/staging.editorialhccp.hcusweb.com\/r\/#website"},"datePublished":"2022-09-08T23:42:29+00:00","dateModified":"2025-12-19T14:56:22+00:00","breadcrumb":{"@id":"https:\/\/staging.editorialhccp.hcusweb.com\/r\/biblia-de-estudio-teologia-biblica\/recursos\/#breadcrumb"},"inLanguage":"en-US","potentialAction":[{"@type":"ReadAction","target":["https:\/\/staging.editorialhccp.hcusweb.com\/r\/biblia-de-estudio-teologia-biblica\/recursos\/"]}]},{"@type":"BreadcrumbList","@id":"https:\/\/staging.editorialhccp.hcusweb.com\/r\/biblia-de-estudio-teologia-biblica\/recursos\/#breadcrumb","itemListElement":[{"@type":"ListItem","position":1,"name":"Home","item":"https:\/\/staging.editorialhccp.hcusweb.com\/r\/"},{"@type":"ListItem","position":2,"name":"Biblia de estudio Teolog\u00eda B\u00edblica","item":"https:\/\/staging.editorialhccp.hcusweb.com\/r\/biblia-de-estudio-teologia-biblica\/"},{"@type":"ListItem","position":3,"name":"Recursos"}]},{"@type":"WebSite","@id":"https:\/\/staging.editorialhccp.hcusweb.com\/r\/#website","url":"https:\/\/staging.editorialhccp.hcusweb.com\/r\/","name":"Marketing Pages","description":"","potentialAction":[{"@type":"SearchAction","target":{"@type":"EntryPoint","urlTemplate":"https:\/\/staging.editorialhccp.hcusweb.com\/r\/?s={search_term_string}"},"query-input":{"@type":"PropertyValueSpecification","valueRequired":true,"valueName":"search_term_string"}}],"inLanguage":"en-US"}]}},"_links":{"self":[{"href":"https:\/\/staging.editorialhccp.hcusweb.com\/r\/wp-json\/wp\/v2\/pages\/11287","targetHints":{"allow":["GET"]}}],"collection":[{"href":"https:\/\/staging.editorialhccp.hcusweb.com\/r\/wp-json\/wp\/v2\/pages"}],"about":[{"href":"https:\/\/staging.editorialhccp.hcusweb.com\/r\/wp-json\/wp\/v2\/types\/page"}],"replies":[{"embeddable":true,"href":"https:\/\/staging.editorialhccp.hcusweb.com\/r\/wp-json\/wp\/v2\/comments?post=11287"}],"version-history":[{"count":2,"href":"https:\/\/staging.editorialhccp.hcusweb.com\/r\/wp-json\/wp\/v2\/pages\/11287\/revisions"}],"predecessor-version":[{"id":18673,"href":"https:\/\/staging.editorialhccp.hcusweb.com\/r\/wp-json\/wp\/v2\/pages\/11287\/revisions\/18673"}],"up":[{"embeddable":true,"href":"https:\/\/staging.editorialhccp.hcusweb.com\/r\/wp-json\/wp\/v2\/pages\/11085"}],"wp:attachment":[{"href":"https:\/\/staging.editorialhccp.hcusweb.com\/r\/wp-json\/wp\/v2\/media?parent=11287"}],"curies":[{"name":"wp","href":"https:\/\/api.w.org\/{rel}","templated":true}]}}