{"id":11520,"date":"2022-09-16T22:07:36","date_gmt":"2022-09-16T22:07:36","guid":{"rendered":"\/r\/?page_id=11520"},"modified":"2022-09-16T22:07:36","modified_gmt":"2022-09-16T22:07:36","slug":"preguntas-frecuentes","status":"publish","type":"page","link":"https:\/\/staging.editorialhccp.hcusweb.com\/r\/biblia-de-estudio-teologia-biblica\/preguntas-frecuentes\/","title":{"rendered":"Preguntas frecuentes sobre teolog\u00eda b\u00edblica"},"content":{"rendered":"\n\n\t\t\t<a href=https:\/\/staging.editorialhccp.hcusweb.com\/r\/biblia-de-estudio-teologia-biblica\/compra-ahora\/ target=\"_self\" role=\"button\" rel=\"noopener\">\n\t\t\t\t\t\t\tCompra ahora\n\t\t\t\t\t<\/a>\n<h2>\n\t\tPreguntas frecuentes\n\t<\/h2>\n<h2>\n\t\tsobre teolog\u00eda b\u00edblica\n\t<\/h2>\n\t<ol>\n<li><strong> \u00bfQu\u00e9 es la teolog\u00eda b\u00edblica?<\/strong><\/li>\n<\/ol>\n<p>El estudio de las ense\u00f1anzas de autores y secciones individuales dentro de la Biblia y el estudio de los temas que la recorren.<\/p>\n<ol start=\"2\">\n<li><strong> \u00bfQu\u00e9 es la teolog\u00eda sistem\u00e1tica?<\/strong><\/li>\n<\/ol>\n<p>Es un arreglo tem\u00e1tico de todo el pensamiento cristiano fundamentado en la Escritura, la historia, la \u00e9tica y la filosof\u00eda.<\/p>\n<ol start=\"3\">\n<li><strong> \u00bfCu\u00e1les m\u00e9todos podr\u00edan aplicarse para practicar la teolog\u00eda b\u00edblica?<\/strong><\/li>\n<\/ol>\n<ul>\n<li>Rastrear ciertos temas que recorren toda la Biblia y observar c\u00f3mo el progreso del tiempo los engrandece y los enriquece.<\/li>\n<li>Estudiar un libro de la Biblia en espec\u00edfico y observar c\u00f3mo ese libro utiliza materiales b\u00edblicos anteriores y c\u00f3mo libros posteriores de la Biblia lo citan o aluden a \u00e9l.<\/li>\n<li>Buscar entender la teolog\u00eda de un autor espec\u00edfico de la Escritura.<\/li>\n<\/ul>\n<p>Cada uno de estos tres m\u00e9todos ser\u00eda un ejemplo de una manera diferente de practicar la teolog\u00eda b\u00edblica. Cada uno de estos enfoques tiene su propio lugar dentro de la teolog\u00eda b\u00edblica.<\/p>\n<ol start=\"4\">\n<li><strong> \u00bfC\u00f3mo interact\u00faan el estudio b\u00edblico, la teolog\u00eda b\u00edblica y la teolog\u00eda sistem\u00e1tica?<\/strong><\/li>\n<\/ol>\n<p>Funcionan dentro de un c\u00edrculo de retroalimentaci\u00f3n donde todos son necesarios y se informan entre s\u00ed. Si una o m\u00e1s de estas \u00e1reas es descuidada, todo el proceso sufrir\u00e1. Una forma fiel de estudiar la Escritura utiliza todos estos elementos y les permite informarse entre s\u00ed.<\/p>\n<ol start=\"5\">\n<li><strong>La teolog\u00eda juanina es un subconjunto de la teolog\u00eda b\u00edblica; es la teolog\u00eda del Evangelio de Juan y de sus cartas. \u00bfCu\u00e1l ser\u00eda una afirmaci\u00f3n teol\u00f3gica que no es parte de la teolog\u00eda juanina?<\/strong><\/li>\n<\/ol>\n<p>\u00abLa justificaci\u00f3n es por fe, no por obras\u00bb. Es un elemento fundamental de la teolog\u00eda paulina, pero no de la de Juan.<\/p>\n<ol start=\"6\">\n<li><strong> Las siguientes teolog\u00edas de la oraci\u00f3n est\u00e1n representadas en la Escritura. <\/strong><strong>\u00bf<\/strong><strong>Sabes a cu\u00e1l libro pertenecen?<\/strong><\/li>\n<\/ol>\n<ul>\n<li>\u00abLas oraciones de los justos son poderosas y efectivas\u00bb<\/li>\n<li>\u00abSi pides en fe, recibir\u00e1s cualquier cosa que pidas\u00bb<\/li>\n<li>\u00abYo or\u00e9 y clam\u00e9 a Dios que me concediera una petici\u00f3n. \u00c9l me dijo \u00abno\u00bb y, en cambio, me dijo que su gracia era suficiente y que su poder se perfeccionaba en mi debilidad\u00bb<\/li>\n<li>\u00abSi permaneces en Jes\u00fas, todo lo que pidas te ser\u00e1 concedido\u00bb<\/li>\n<\/ul>\n<p>La primera es parte de la teolog\u00eda de Santiago sobre la oraci\u00f3n; la segunda es parte de la de Mateo; la tercera es parte de la de Pablo, y la cuarta es parte de la Juan.<\/p>\n<ol start=\"7\">\n<li><strong> \u00bfCu\u00e1l de estas afirmaciones es una representaci\u00f3n adecuada de la teolog\u00eda del Libro de los Proverbios?<\/strong><\/li>\n<\/ol>\n<ul>\n<li>No son los sanos los que necesitan un m\u00e9dico, sino los enfermos. Dios no vino por los justos, sino por los pecadores.<\/li>\n<li>Dios detesta al perverso, pero se deleita en el inocente. El malvado no quedar\u00e1 sin castigo, pero el justo quedar\u00e1 libre.<\/li>\n<\/ul>\n<p>La primera afirmaci\u00f3n es tomada del Libro de Marcos. Parte de lo que volvi\u00f3 tan revolucionario el ministerio de Jes\u00fas fue que sus ense\u00f1anzas chocaron con las teolog\u00edas aceptadas que se encuentran en el Antiguo Testamento.<\/p>\n<p>&nbsp;<\/p>\n\t\t\t\t<img loading=\"lazy\" decoding=\"async\" src=\"\/r\/wp-content\/uploads\/sites\/5\/2022\/09\/BTSB_tapadura.png\" alt=\"BTSB_tapadura\" height=\"250\" width=\"329\" title=\"BTSB_tapadura\" \/>\n<h4>\n\t\t<br \/>DE TAPA DURA\n\t<\/h4>\n\t\t\t\t<img loading=\"lazy\" decoding=\"async\" src=\"\/r\/wp-content\/uploads\/sites\/5\/2022\/09\/BTSB_negro-LS-329x250.png\" alt=\"BTSB_negro-LS\" height=\"250\" width=\"329\" title=\"BTSB_negro-LS\" \/>\n<h4>\n\t\tNEGRO<br \/><strong>PIEL RECICLADA<\/strong>\n\t<\/h4>\n\t\t\t\t<img loading=\"lazy\" decoding=\"async\" src=\"\/r\/wp-content\/uploads\/sites\/5\/2022\/09\/BTSB_cafe-LS-329x250.png\" alt=\"BTSB_cafe-LS\" height=\"250\" width=\"329\" title=\"BTSB_cafe-LS\" \/>\n<h4>\n\t\tCAF\u00c9<br \/><strong>LEATHERSOFT\u00ae<\/strong>\n\t<\/h4>\n\t\t\t\t<img loading=\"lazy\" decoding=\"async\" src=\"\/r\/wp-content\/uploads\/sites\/5\/2022\/09\/BTSB_cafe-LS-329x250.png\" alt=\"BTSB_cafe-LS\" height=\"250\" width=\"329\" title=\"BTSB_cafe-LS\" \/>\n<h4>\n\t\tCAF\u00c9 CON \u00cdNDICE<br \/><strong>LEATHERSOFT\u00ae<\/strong>\n\t<\/h4>\n\t\t\t<a href=https:\/\/staging.editorialhccp.hcusweb.com\/r\/biblia-de-estudio-teologia-biblica\/interior-de-la-biblia\/ target=\"_self\" role=\"button\" rel=\"noopener\">\n\t\t\t\t\t\t\tVer interior de la Biblia\n\t\t\t\t\t<\/a>\n\t\t\t<a href=https:\/\/staging.editorialhccp.hcusweb.com\/r\/biblia-de-estudio-teologia-biblica\/que-es\/ target=\"_self\" role=\"button\" rel=\"noopener\">\n\t\t\t\t\t\t\t\u00bfQue es la Teolog\u00eda B\u00edblica?\n\t\t\t\t\t<\/a>\n<h2>\n\t\t<a href=\"#inicio\" title=\"Inicio\" target=\"_self\" rel=\"noopener\">\n\t\tInicio\n\t\t<\/a>\n\t<\/h2>\n\n","protected":false},"excerpt":{"rendered":"<p>Compra ahora Preguntas frecuentes sobre teolog\u00eda b\u00edblica \u00bfQu\u00e9 es la teolog\u00eda b\u00edblica? El estudio de las ense\u00f1anzas de autores y secciones individuales dentro de la Biblia y el estudio de los temas que la recorren. \u00bfQu\u00e9 es la teolog\u00eda sistem\u00e1tica? Es un arreglo tem\u00e1tico de todo el pensamiento cristiano fundamentado en la Escritura, la historia, [&hellip;]<\/p>\n","protected":false},"author":0,"featured_media":0,"parent":11085,"menu_order":6,"comment_status":"closed","ping_status":"closed","template":"","meta":{"_acf_changed":false,"footnotes":""},"class_list":["post-11520","page","type-page","status-publish","hentry"],"acf":[],"yoast_head":"<!-- This site is optimized with the Yoast SEO Premium plugin v27.3 (Yoast SEO v27.4) - https:\/\/yoast.com\/product\/yoast-seo-premium-wordpress\/ -->\n<title>Preguntas frecuentes sobre teolog\u00eda b\u00edblica - Marketing Pages<\/title>\n<meta name=\"robots\" content=\"index, follow, max-snippet:-1, max-image-preview:large, max-video-preview:-1\" \/>\n<link rel=\"canonical\" href=\"https:\/\/staging.editorialhccp.hcusweb.com\/r\/biblia-de-estudio-teologia-biblica\/preguntas-frecuentes\/\" \/>\n<meta property=\"og:locale\" content=\"en_US\" \/>\n<meta property=\"og:type\" content=\"article\" \/>\n<meta property=\"og:title\" content=\"Preguntas frecuentes sobre teolog\u00eda b\u00edblica\" \/>\n<meta property=\"og:description\" content=\"Compra ahora Preguntas frecuentes sobre teolog\u00eda b\u00edblica \u00bfQu\u00e9 es la teolog\u00eda b\u00edblica? El estudio de las ense\u00f1anzas de autores y secciones individuales dentro de la Biblia y el estudio de los temas que la recorren. \u00bfQu\u00e9 es la teolog\u00eda sistem\u00e1tica? Es un arreglo tem\u00e1tico de todo el pensamiento cristiano fundamentado en la Escritura, la historia, [&hellip;]\" \/>\n<meta property=\"og:url\" content=\"https:\/\/staging.editorialhccp.hcusweb.com\/r\/biblia-de-estudio-teologia-biblica\/preguntas-frecuentes\/\" \/>\n<meta property=\"og:site_name\" content=\"Marketing Pages\" \/>\n<meta name=\"twitter:card\" content=\"summary_large_image\" \/>\n<meta name=\"twitter:label1\" content=\"Est. reading time\" \/>\n\t<meta name=\"twitter:data1\" content=\"3 minutes\" \/>\n<script type=\"application\/ld+json\" class=\"yoast-schema-graph\">{\"@context\":\"https:\\\/\\\/schema.org\",\"@graph\":[{\"@type\":\"WebPage\",\"@id\":\"https:\\\/\\\/staging.editorialhccp.hcusweb.com\\\/r\\\/biblia-de-estudio-teologia-biblica\\\/preguntas-frecuentes\\\/\",\"url\":\"https:\\\/\\\/staging.editorialhccp.hcusweb.com\\\/r\\\/biblia-de-estudio-teologia-biblica\\\/preguntas-frecuentes\\\/\",\"name\":\"Preguntas frecuentes sobre teolog\u00eda b\u00edblica - Marketing Pages\",\"isPartOf\":{\"@id\":\"https:\\\/\\\/staging.editorialhccp.hcusweb.com\\\/r\\\/#website\"},\"datePublished\":\"2022-09-16T22:07:36+00:00\",\"breadcrumb\":{\"@id\":\"https:\\\/\\\/staging.editorialhccp.hcusweb.com\\\/r\\\/biblia-de-estudio-teologia-biblica\\\/preguntas-frecuentes\\\/#breadcrumb\"},\"inLanguage\":\"en-US\",\"potentialAction\":[{\"@type\":\"ReadAction\",\"target\":[\"https:\\\/\\\/staging.editorialhccp.hcusweb.com\\\/r\\\/biblia-de-estudio-teologia-biblica\\\/preguntas-frecuentes\\\/\"]}]},{\"@type\":\"BreadcrumbList\",\"@id\":\"https:\\\/\\\/staging.editorialhccp.hcusweb.com\\\/r\\\/biblia-de-estudio-teologia-biblica\\\/preguntas-frecuentes\\\/#breadcrumb\",\"itemListElement\":[{\"@type\":\"ListItem\",\"position\":1,\"name\":\"Home\",\"item\":\"https:\\\/\\\/staging.editorialhccp.hcusweb.com\\\/r\\\/\"},{\"@type\":\"ListItem\",\"position\":2,\"name\":\"Biblia de estudio Teolog\u00eda B\u00edblica\",\"item\":\"https:\\\/\\\/staging.editorialhccp.hcusweb.com\\\/r\\\/biblia-de-estudio-teologia-biblica\\\/\"},{\"@type\":\"ListItem\",\"position\":3,\"name\":\"Preguntas frecuentes sobre teolog\u00eda b\u00edblica\"}]},{\"@type\":\"WebSite\",\"@id\":\"https:\\\/\\\/staging.editorialhccp.hcusweb.com\\\/r\\\/#website\",\"url\":\"https:\\\/\\\/staging.editorialhccp.hcusweb.com\\\/r\\\/\",\"name\":\"Marketing Pages\",\"description\":\"\",\"potentialAction\":[{\"@type\":\"SearchAction\",\"target\":{\"@type\":\"EntryPoint\",\"urlTemplate\":\"https:\\\/\\\/staging.editorialhccp.hcusweb.com\\\/r\\\/?s={search_term_string}\"},\"query-input\":{\"@type\":\"PropertyValueSpecification\",\"valueRequired\":true,\"valueName\":\"search_term_string\"}}],\"inLanguage\":\"en-US\"}]}<\/script>\n<!-- \/ Yoast SEO Premium plugin. -->","yoast_head_json":{"title":"Preguntas frecuentes sobre teolog\u00eda b\u00edblica - Marketing Pages","robots":{"index":"index","follow":"follow","max-snippet":"max-snippet:-1","max-image-preview":"max-image-preview:large","max-video-preview":"max-video-preview:-1"},"canonical":"https:\/\/staging.editorialhccp.hcusweb.com\/r\/biblia-de-estudio-teologia-biblica\/preguntas-frecuentes\/","og_locale":"en_US","og_type":"article","og_title":"Preguntas frecuentes sobre teolog\u00eda b\u00edblica","og_description":"Compra ahora Preguntas frecuentes sobre teolog\u00eda b\u00edblica \u00bfQu\u00e9 es la teolog\u00eda b\u00edblica? El estudio de las ense\u00f1anzas de autores y secciones individuales dentro de la Biblia y el estudio de los temas que la recorren. \u00bfQu\u00e9 es la teolog\u00eda sistem\u00e1tica? Es un arreglo tem\u00e1tico de todo el pensamiento cristiano fundamentado en la Escritura, la historia, [&hellip;]","og_url":"https:\/\/staging.editorialhccp.hcusweb.com\/r\/biblia-de-estudio-teologia-biblica\/preguntas-frecuentes\/","og_site_name":"Marketing Pages","twitter_card":"summary_large_image","twitter_misc":{"Est. reading time":"3 minutes"},"schema":{"@context":"https:\/\/schema.org","@graph":[{"@type":"WebPage","@id":"https:\/\/staging.editorialhccp.hcusweb.com\/r\/biblia-de-estudio-teologia-biblica\/preguntas-frecuentes\/","url":"https:\/\/staging.editorialhccp.hcusweb.com\/r\/biblia-de-estudio-teologia-biblica\/preguntas-frecuentes\/","name":"Preguntas frecuentes sobre teolog\u00eda b\u00edblica - Marketing Pages","isPartOf":{"@id":"https:\/\/staging.editorialhccp.hcusweb.com\/r\/#website"},"datePublished":"2022-09-16T22:07:36+00:00","breadcrumb":{"@id":"https:\/\/staging.editorialhccp.hcusweb.com\/r\/biblia-de-estudio-teologia-biblica\/preguntas-frecuentes\/#breadcrumb"},"inLanguage":"en-US","potentialAction":[{"@type":"ReadAction","target":["https:\/\/staging.editorialhccp.hcusweb.com\/r\/biblia-de-estudio-teologia-biblica\/preguntas-frecuentes\/"]}]},{"@type":"BreadcrumbList","@id":"https:\/\/staging.editorialhccp.hcusweb.com\/r\/biblia-de-estudio-teologia-biblica\/preguntas-frecuentes\/#breadcrumb","itemListElement":[{"@type":"ListItem","position":1,"name":"Home","item":"https:\/\/staging.editorialhccp.hcusweb.com\/r\/"},{"@type":"ListItem","position":2,"name":"Biblia de estudio Teolog\u00eda B\u00edblica","item":"https:\/\/staging.editorialhccp.hcusweb.com\/r\/biblia-de-estudio-teologia-biblica\/"},{"@type":"ListItem","position":3,"name":"Preguntas frecuentes sobre teolog\u00eda b\u00edblica"}]},{"@type":"WebSite","@id":"https:\/\/staging.editorialhccp.hcusweb.com\/r\/#website","url":"https:\/\/staging.editorialhccp.hcusweb.com\/r\/","name":"Marketing Pages","description":"","potentialAction":[{"@type":"SearchAction","target":{"@type":"EntryPoint","urlTemplate":"https:\/\/staging.editorialhccp.hcusweb.com\/r\/?s={search_term_string}"},"query-input":{"@type":"PropertyValueSpecification","valueRequired":true,"valueName":"search_term_string"}}],"inLanguage":"en-US"}]}},"_links":{"self":[{"href":"https:\/\/staging.editorialhccp.hcusweb.com\/r\/wp-json\/wp\/v2\/pages\/11520","targetHints":{"allow":["GET"]}}],"collection":[{"href":"https:\/\/staging.editorialhccp.hcusweb.com\/r\/wp-json\/wp\/v2\/pages"}],"about":[{"href":"https:\/\/staging.editorialhccp.hcusweb.com\/r\/wp-json\/wp\/v2\/types\/page"}],"replies":[{"embeddable":true,"href":"https:\/\/staging.editorialhccp.hcusweb.com\/r\/wp-json\/wp\/v2\/comments?post=11520"}],"version-history":[{"count":0,"href":"https:\/\/staging.editorialhccp.hcusweb.com\/r\/wp-json\/wp\/v2\/pages\/11520\/revisions"}],"up":[{"embeddable":true,"href":"https:\/\/staging.editorialhccp.hcusweb.com\/r\/wp-json\/wp\/v2\/pages\/11085"}],"wp:attachment":[{"href":"https:\/\/staging.editorialhccp.hcusweb.com\/r\/wp-json\/wp\/v2\/media?parent=11520"}],"curies":[{"name":"wp","href":"https:\/\/api.w.org\/{rel}","templated":true}]}}