{"id":11886,"date":"2022-11-10T00:38:20","date_gmt":"2022-11-10T00:38:20","guid":{"rendered":"\/r\/?page_id=11886"},"modified":"2025-12-17T04:42:51","modified_gmt":"2025-12-17T04:42:51","slug":"reina-valera-revisada-biblia-reflexiones-de-c-s-lewis","status":"publish","type":"page","link":"https:\/\/staging.editorialhccp.hcusweb.com\/r\/reina-valera-revisada-biblia-reflexiones-de-c-s-lewis\/","title":{"rendered":"Reina Valera Revisada Biblia Reflexiones de C. S. Lewis"},"content":{"rendered":"\n<h1>\n\t\t\tReina Valera Revisada Biblia Reflexiones de C. S. Lewis\t<\/h1>\n\t<p><iframe loading=\"lazy\" title=\"(Pr\u00f3ximamente) Biblia Reflexiones de C. S. Lewis\" width=\"500\" height=\"281\" src=\"https:\/\/www.youtube.com\/embed\/7p_qT7ggcKA?feature=oembed\" frameborder=\"0\" allow=\"accelerometer; autoplay; clipboard-write; encrypted-media; gyroscope; picture-in-picture; web-share\" referrerpolicy=\"strict-origin-when-cross-origin\" allowfullscreen><\/iframe><\/p>\n<p><strong>Invite a C. S. Lewis a su lectura de las Escrituras<\/strong><\/p>\n<p>Cuando lea esta Biblia en su versi\u00f3n RVR, se encontrar\u00e1 con C. S. Lewis como compa\u00f1ero de meditaci\u00f3n. En su lectura devocional de la Biblia aprender\u00e1 de las obras y del peregrinaje espiritual de C. S. Lewis y formar\u00e1 parte de su disciplina espiritual.<\/p>\n\t\t\t<a href=https:\/\/staging.editorialhccp.hcusweb.com\/9780829771008\/reina-valera-revisada-biblia-reflexiones-de-c-s-lewis-leathersoft-cafe-interior-a-dos-colores\/ target=\"_blank\" rel=\"noopener nofollow\">\n\t\t\t\t\t\t\tCompra Ahora\n\t\t\t\t\t<\/a>\n<h2>\n\t\t\tReunido en un volumen en tapa dura, este magn\u00edfico compendio incluye:\t<\/h2>\n\t\t\t\t<a href=\"https:\/\/staging.editorialhccp.hcusweb.com\/r\/wp-content\/uploads\/sites\/5\/2022\/11\/Screen-Shot-2022-11-15-at-9.10.00-PM.png\"  target=\"_self\" itemprop=\"url\">\n\t\t\t\t<img decoding=\"async\" src=\"\/r\/wp-content\/uploads\/sites\/5\/2022\/11\/16051128\/Screen-Shot-2022-11-15-at-9.10.00-PM.png\" alt=\"Screen Shot 2022-11-15 at 9.10.00 PM\" itemprop=\"image\" title=\"Screen Shot 2022-11-15 at 9.10.00 PM\" onerror=\"this.style.display='none'\" loading=\"lazy\" \/>\n\t\t\t\t<\/a>\n\t<p>M\u00e1s de 600 selecciones de C. S. Lewis para el estudio y la lectura devocional<\/p>\n\t\t\t\t<a href=\"https:\/\/staging.editorialhccp.hcusweb.com\/r\/wp-content\/uploads\/sites\/5\/2022\/11\/Screen-Shot-2022-11-15-at-9.12.57-PM.png\"  target=\"_self\" itemprop=\"url\">\n\t\t\t\t<img decoding=\"async\" src=\"\/r\/wp-content\/uploads\/sites\/5\/2022\/11\/16051320\/Screen-Shot-2022-11-15-at-9.12.57-PM.png\" alt=\"Screen Shot 2022-11-15 at 9.12.57 PM\" itemprop=\"image\" title=\"Screen Shot 2022-11-15 at 9.12.57 PM\" onerror=\"this.style.display='none'\" loading=\"lazy\" \/>\n\t\t\t\t<\/a>\n\t<p><strong>\u00cdndices para guiarle en cada lectura<\/strong><\/p>\n\t\t\t\t<a href=\"https:\/\/staging.editorialhccp.hcusweb.com\/r\/wp-content\/uploads\/sites\/5\/2022\/11\/Screen-Shot-2022-11-15-at-9.09.24-PM.png\"  target=\"_self\" itemprop=\"url\">\n\t\t\t\t<img decoding=\"async\" src=\"\/r\/wp-content\/uploads\/sites\/5\/2022\/11\/16051125\/Screen-Shot-2022-11-15-at-9.09.24-PM.png\" alt=\"Screen Shot 2022-11-15 at 9.09.24 PM\" itemprop=\"image\" title=\"Screen Shot 2022-11-15 at 9.09.24 PM\" onerror=\"this.style.display='none'\" loading=\"lazy\" \/>\n\t\t\t\t<\/a>\n\t<p>El texto tradicional de la RVR<\/p>\n<h2>\n\t\t\tDisponible en tres formatos de belleza intemporal\t<\/h2>\n\t\t\t\t<a href=https:\/\/staging.editorialhccp.hcusweb.com\/9780829770896\/reina-valera-revisada-biblia-reflexiones-de-c-s-lewis-leathersoft-azul-marino-interior-a-dos-colores\/  target=\"_blank\" rel=\"noopener nofollow\"  itemprop=\"url\">\n\t\t\t\t<img decoding=\"async\" src=\"\/r\/wp-content\/uploads\/sites\/5\/2022\/10\/26151301\/NB10076.jpg\" alt=\"_NB10076\" itemprop=\"image\" title=\"_NB10076\" onerror=\"this.style.display='none'\" loading=\"lazy\" \/>\n\t\t\t\t<\/a>\n\t<p>Leathersoft, Azul Marino<\/p>\n\t\t\t\t<a href=https:\/\/staging.editorialhccp.hcusweb.com\/9780829770988\/reina-valera-revisada-biblia-reflexiones-de-c-s-lewis-tapa-dura-interior-a-dos-colores\/  target=\"_blank\" rel=\"noopener nofollow\"  itemprop=\"url\">\n\t\t\t\t<img decoding=\"async\" src=\"\/r\/wp-content\/uploads\/sites\/5\/2022\/10\/26151312\/NB10078.jpg\" alt=\"_NB10078\" itemprop=\"image\" title=\"_NB10078\" onerror=\"this.style.display='none'\" loading=\"lazy\" \/>\n\t\t\t\t<\/a>\n\t<p>Tapa Dura<\/p>\n\t\t\t\t<a href=https:\/\/staging.editorialhccp.hcusweb.com\/9780829771008\/reina-valera-revisada-biblia-reflexiones-de-c-s-lewis-leathersoft-cafe-interior-a-dos-colores\/  target=\"_self\" itemprop=\"url\">\n\t\t\t\t<img decoding=\"async\" src=\"\/r\/wp-content\/uploads\/sites\/5\/2022\/10\/26151323\/NB10080.jpg\" alt=\"_NB10080\" itemprop=\"image\" title=\"_NB10080\" onerror=\"this.style.display='none'\" loading=\"lazy\" \/>\n\t\t\t\t<\/a>\n\t<p>Leathersoft, Caf\u00e9<\/p>\n\t\t\t\t<img decoding=\"async\" src=\"\/r\/wp-content\/uploads\/sites\/5\/2023\/03\/11184420\/CS-Lewis-no-background.png\" alt=\"CS Lewis no background\" itemprop=\"image\" title=\"CS Lewis no background\" onerror=\"this.style.display='none'\" loading=\"lazy\" \/>\n<h2>\n\t\t\tSobre Clive Staples Lewis\t<\/h2>\n\t<p>Clive Staples Lewis (1898-1963) fue uno de los intelectuales m\u00e1s importantes del siglo veinte y podr\u00eda decirse que fue el escritor cristiano m\u00e1s influyente de su tiempo. Fue profesor particular de Literatura Inglesa y miembro de la junta de gobierno de la Universidad de Oxford hasta 1954, cuando fue nombrado profesor de Literatura Medieval y Renacentista en la Universidad de Cambridge, cargo que desempe\u00f1\u00f3 hasta su jubilaci\u00f3n. Sus contribuciones a la cr\u00edtica literaria, la literatura infantil, la literatura fant\u00e1stica y la teolog\u00eda popular le trajeron fama y aclamaci\u00f3n a nivel internacional. C. S. Lewis escribi\u00f3 m\u00e1s de treinta libros, lo cual le permiti\u00f3 llegar a un p\u00fablico ampl\u00edsimo, y sus obras a\u00fan atraen a miles de nuevos lectores cada a\u00f1o. Entre sus m\u00e1s distinguidas y populares obras est\u00e1n <em>Las cr\u00f3nicas de Narnia, Los cuatro amores, Cartas del diablo a su sobrino <\/em>y<em> Mero cristianismo.<\/em><\/p>\n\t\t\t<a href=https:\/\/staging.editorialhccp.hcusweb.com\/r\/sobre-c-s-lewis\/ target=\"_self\">\n\t\t\t\t\t\t\tM\u00e1s sobre C. S. Lewis\n\t\t\t\t\t<\/a>\n\t\t\t\t<img decoding=\"async\" src=\"https:\/\/staging.editorialhccp.hcusweb.com\/r\/wp-content\/plugins\/bb-plugin\/img\/pixel.png\" alt=\"\" itemprop=\"image\" onerror=\"this.style.display='none'\" loading=\"lazy\" \/>\n\t\t\t\t<img decoding=\"async\" src=\"\/r\/wp-content\/uploads\/sites\/5\/2021\/09\/23183911\/transparent-quill.png\" alt=\"cs lewis pluma\" itemprop=\"image\" title=\"transparent quill\" onerror=\"this.style.display='none'\" loading=\"lazy\" \/>\n\t<h2>Descarga aqu\u00ed tu muestra gratis<\/h2>\n\t<form method=\"post\" action=\"https:\/\/profile.harpercollinschristian.com\/engage\/link.harpercollinschristian.com\/s\/CS+Lewis+Espanol\" onmouseover=\"(function(f){f.querySelector('input.casl_date_v1').value=new Date().toISOString().replace(\/-\/g,'').split('T')[0];})(this)\" id=\"1633646474810\">\n<label for=\"email\">Correo electr\u00f3nico:<\/label>\n<input type=\"text\" name=\"email\" required=\"\"\/>\n<br \/>\n<label for=\"first_name\">Nombre:<\/label>\n<input type=\"text\" name=\"vars[first_name]\" required=\"\"\/>\n<br \/>\n<input type=\"hidden\" name=\"vars[OptOutCheck]\" value=\"Check\" data-type=\"string\"\/>\n<input type=\"hidden\" name=\"vars[Grupo_Nelson]\" value=\"Yes\" data-type=\"string\"\/>\n<input type=\"hidden\" name=\"vars[CASL_Source_Code]\" value=\"SP0108\" data-type=\"string\"\/>\n<input type=\"hidden\" name=\"vars[casl_sp0108]\" data-type=\"string\"\/>\n<input type=\"hidden\" name=\"redirect\" value=\"\/r\/libros-de-c-s-lewis-thankyou\/\"\/>\n<br \/><br \/>\n<input type=\"submit\" value=\"Enviar\"\/>\n<input type=\"hidden\" name=\"recaptcha_key\" value=\"6Lfn0CAUAAAAANJsDeiNxjaohHD5f2NEjS8XVGjm\"\/><\/form>\n\t<p>Al proporcionarnos su direcci\u00f3n de correo electr\u00f3nico usted tambi\u00e9n nos indica que est\u00e1 consciente de que recibir\u00e1 comunicados por este mismo medio de parte de HarperCollins Christian Publishing\u00a0(501 Nelson Place, Nashville, TN 37214 USA) con informaci\u00f3n acerca de productos y servicios tanto de HCCP como de sus afiliados.\u00a0Usted puede darse de baja de esta lista de env\u00edo de comunicados en\u00a0cualquier momento.\u00a0Si tiene alguna pregunta, por favor consulte nuestra\u00a0<a href=\"https:\/\/www.harpercollinschristian.com\/privacy\/\">Pol\u00edtica de Privacidad<\/a>\u00a0o env\u00ede un correo electr\u00f3nico a\u00a0<a href=\"mailto:yourprivacy@harpercollins.com\"><strong>yourprivacy@harpercollins.com<\/strong><\/a><\/p>\n\t\t\t\t<a href=https:\/\/staging.editorialhccp.hcusweb.com\/9780829771008\/reina-valera-revisada-biblia-reflexiones-de-c-s-lewis-leathersoft-cafe-interior-a-dos-colores\/  target=\"_blank\" rel=\"noopener nofollow\"  itemprop=\"url\">\n\t\t\t\t<img decoding=\"async\" src=\"\/r\/wp-content\/uploads\/sites\/5\/2022\/10\/26151323\/NB10080.jpg\" alt=\"_NB10080\" itemprop=\"image\" title=\"_NB10080\" onerror=\"this.style.display='none'\" loading=\"lazy\" \/>\n\t\t\t\t<\/a>\n\t<p>Cuando lea esta Biblia en su versi\u00f3n RVR, se encontrar\u00e1 con C. S. Lewis como compa\u00f1ero de meditaci\u00f3n. En su lectura devocional de la Biblia aprender\u00e1 de las obras y del peregrinaje espiritual de C. S. Lewis y formar\u00e1 parte de su disciplina espiritual.<\/p>\n<p>Caracter\u00edsticas:<\/p>\n<ul>\n<li>El texto tradicional de la RVR<\/li>\n<li>M\u00e1s de 600 selecciones de C. S. Lewis para el estudio y la lectura devocional<\/li>\n<li>Ensayos introductorios sobre la visi\u00f3n de C. S. Lewis de las Escrituras<\/li>\n<li>\u00cdndices para guiarle en cada lectura<\/li>\n<li>Concordancia para ayudarle a encontrar palabras y pasajes b\u00edblicos conocidos<\/li>\n<li>Formato a doble columna<\/li>\n<li>P\u00e1gina de presentaci\u00f3n\u00a0<\/li>\n<\/ul>\n\t\t\t<a href=\"https:\/\/www.amazon.com\/Revisada-Reflexiones-Leathersoft-Interior-Colores\/dp\/082977100X\/\" target=\"_blank\" rel=\"noopener nofollow\">\n\t\t\t\t\t\t\tCompra Ahora\n\t\t\t\t\t<\/a>\n\t<h4><strong>Adquiere esta biblia en:<\/strong><\/h4>\n\t\t\t\t<a href=\"https:\/\/www.amazon.com\/Revisada-Reflexiones-Leathersoft-Interior-Colores\/dp\/082977100X\/\"  target=\"_blank\" rel=\"noopener nofollow\"  itemprop=\"url\">\n\t\t\t\t<img decoding=\"async\" src=\"\/r\/wp-content\/uploads\/sites\/5\/2020\/10\/06215711\/Amazon-logo.png\" alt=\"Amazon-logo\" itemprop=\"image\" title=\"Amazon-logo\" onerror=\"this.style.display='none'\" loading=\"lazy\" \/>\n\t\t\t\t<\/a>\n\t\t\t\t<a href=\"https:\/\/www.barnesandnoble.com\/w\/reina-valera-revisada-biblia-reflexiones-de-c-s-lewis-leathersoft-caf-interior-a-dos-colores-c-s-lewis\/1140520966\"  target=\"_blank\" rel=\"noopener nofollow\"  itemprop=\"url\">\n\t\t\t\t<img decoding=\"async\" src=\"\/r\/wp-content\/uploads\/sites\/5\/2020\/10\/06215715\/barnes-noble-logo.png\" alt=\"barnes-noble-logo\" itemprop=\"image\" title=\"barnes-noble-logo\" onerror=\"this.style.display='none'\" loading=\"lazy\" \/>\n\t\t\t\t<\/a>\n\t\t\t\t<a href=\"https:\/\/www.booksamillion.com\/p\/Reina-Valera-Revisada-Biblia-Reflexiones\/C-S-Lewis\/9780829771008\"  target=\"_blank\" rel=\"noopener nofollow\"  itemprop=\"url\">\n\t\t\t\t<img decoding=\"async\" src=\"\/r\/wp-content\/uploads\/sites\/5\/2020\/10\/06215714\/Bam-logo.png\" alt=\"Bam-logo\" itemprop=\"image\" title=\"Bam-logo\" onerror=\"this.style.display='none'\" loading=\"lazy\" \/>\n\t\t\t\t<\/a>\n\t\t\t\t<a href=\"https:\/\/faithgateway.com\/products\/reina-valera-revisada-biblia-reflexiones-de-c-s-lewis-tapa-dura-interior-a-dos-colores\"  target=\"_blank\" rel=\"noopener\"  itemprop=\"url\">\n\t\t\t\t<img decoding=\"async\" src=\"\/r\/wp-content\/uploads\/sites\/5\/2020\/10\/06215720\/biblegateway-logo.png\" alt=\"biblegateway-logo\" itemprop=\"image\" title=\"biblegateway-logo\" onerror=\"this.style.display='none'\" loading=\"lazy\" \/>\n\t\t\t\t<\/a>\n\t\t\t\t<a href=\"https:\/\/www.target.com\/p\/reina-valera-revisada-biblia-reflexiones-de-c-s-lewis-tapa-dura-interior-a-dos-colores-by-c-s-lewis-vida-hardcover\/-\/A-86173859#lnk=sametab\"  target=\"_blank\" rel=\"noopener nofollow\"  itemprop=\"url\">\n\t\t\t\t<img decoding=\"async\" src=\"\/r\/wp-content\/uploads\/sites\/5\/2020\/10\/06215730\/Target-logo.png\" alt=\"Target-logo\" itemprop=\"image\" title=\"Target-logo\" onerror=\"this.style.display='none'\" loading=\"lazy\" \/>\n\t\t\t\t<\/a>\n\t\t\t\t<a href=\"https:\/\/www.walmart.com\/ip\/Reina-Valera-Revisada-Biblia-Reflexiones-de-C-S-Lewis-Tapa-Dura-Interior-a-DOS-Colores-Hardcover-9780829770988\/988073423\"  target=\"_blank\" rel=\"noopener nofollow\"  itemprop=\"url\">\n\t\t\t\t<img decoding=\"async\" src=\"\/r\/wp-content\/uploads\/sites\/5\/2021\/06\/22220221\/walmart-retail.png\" alt=\"walmart\" itemprop=\"image\" title=\"walmart-retail\" onerror=\"this.style.display='none'\" loading=\"lazy\" \/>\n\t\t\t\t<\/a>\n\t<p>\u00a9 Copyright 2021 by\u00a0<a href=\"http:\/\/www.harpercollinschristian.com\/\" target=\"_blank\" rel=\"noopener\">HarperCollins Christian Publishing<\/a><\/p>\n<p><a href=\"https:\/\/www.harpercollinschristian.com\/privacy\/\">Pol\u00edtica de Privacidad | <\/a><a href=\"https:\/\/www.harpercollinschristian.com\/terms\/\">T\u00e9rminos y Condiciones | <\/a><a href=\"https:\/\/www.harpercollinschristian.com\/california-consumer-privacy-act\/\">Derechos de privacidad de California | <\/a><a href=\"https:\/\/www.harpercollinschristian.com\/do-not-sell\/\">No venda mi informaci\u00f3n personal<\/a><\/p>\n\n","protected":false},"excerpt":{"rendered":"<p>Reina Valera Revisada Biblia Reflexiones de C. S. Lewis Invite a C. S. Lewis a su lectura de las Escrituras Cuando lea esta Biblia en su versi\u00f3n RVR, se encontrar\u00e1 con C. S. Lewis como compa\u00f1ero de meditaci\u00f3n. En su lectura devocional de la Biblia aprender\u00e1 de las obras y del peregrinaje espiritual de C. [&hellip;]<\/p>\n","protected":false},"author":0,"featured_media":11896,"parent":0,"menu_order":0,"comment_status":"closed","ping_status":"closed","template":"","meta":{"_acf_changed":false,"footnotes":""},"class_list":["post-11886","page","type-page","status-publish","has-post-thumbnail","hentry"],"acf":[],"yoast_head":"<!-- This site is optimized with the Yoast SEO Premium plugin v27.3 (Yoast SEO v27.4) - https:\/\/yoast.com\/product\/yoast-seo-premium-wordpress\/ -->\n<title>Reina Valera Revisada Biblia Reflexiones de C. S. Lewis - Marketing Pages<\/title>\n<meta name=\"robots\" content=\"index, follow, max-snippet:-1, max-image-preview:large, max-video-preview:-1\" \/>\n<link rel=\"canonical\" href=\"https:\/\/staging.editorialhccp.hcusweb.com\/r\/reina-valera-revisada-biblia-reflexiones-de-c-s-lewis\/\" \/>\n<meta property=\"og:locale\" content=\"en_US\" \/>\n<meta property=\"og:type\" content=\"article\" \/>\n<meta property=\"og:title\" content=\"Reina Valera Revisada Biblia Reflexiones de C. S. Lewis\" \/>\n<meta property=\"og:description\" content=\"Reina Valera Revisada Biblia Reflexiones de C. S. Lewis Invite a C. S. Lewis a su lectura de las Escrituras Cuando lea esta Biblia en su versi\u00f3n RVR, se encontrar\u00e1 con C. S. Lewis como compa\u00f1ero de meditaci\u00f3n. En su lectura devocional de la Biblia aprender\u00e1 de las obras y del peregrinaje espiritual de C. [&hellip;]\" \/>\n<meta property=\"og:url\" content=\"https:\/\/staging.editorialhccp.hcusweb.com\/r\/reina-valera-revisada-biblia-reflexiones-de-c-s-lewis\/\" \/>\n<meta property=\"og:site_name\" content=\"Marketing Pages\" \/>\n<meta property=\"article:modified_time\" content=\"2025-12-17T04:42:51+00:00\" \/>\n<meta property=\"og:image\" content=\"https:\/\/staging.editorialhccp.hcusweb.com\/r\/wp-content\/uploads\/sites\/5\/2022\/10\/NB10062.jpg\" \/>\n\t<meta property=\"og:image:width\" content=\"2048\" \/>\n\t<meta property=\"og:image:height\" content=\"1365\" \/>\n\t<meta property=\"og:image:type\" content=\"image\/jpeg\" \/>\n<meta name=\"twitter:card\" content=\"summary_large_image\" \/>\n<meta name=\"twitter:label1\" content=\"Est. reading time\" \/>\n\t<meta name=\"twitter:data1\" content=\"5 minutes\" \/>\n<script type=\"application\/ld+json\" class=\"yoast-schema-graph\">{\"@context\":\"https:\\\/\\\/schema.org\",\"@graph\":[{\"@type\":\"WebPage\",\"@id\":\"https:\\\/\\\/staging.editorialhccp.hcusweb.com\\\/r\\\/reina-valera-revisada-biblia-reflexiones-de-c-s-lewis\\\/\",\"url\":\"https:\\\/\\\/staging.editorialhccp.hcusweb.com\\\/r\\\/reina-valera-revisada-biblia-reflexiones-de-c-s-lewis\\\/\",\"name\":\"Reina Valera Revisada Biblia Reflexiones de C. S. Lewis - Marketing Pages\",\"isPartOf\":{\"@id\":\"https:\\\/\\\/staging.editorialhccp.hcusweb.com\\\/r\\\/#website\"},\"primaryImageOfPage\":{\"@id\":\"https:\\\/\\\/staging.editorialhccp.hcusweb.com\\\/r\\\/reina-valera-revisada-biblia-reflexiones-de-c-s-lewis\\\/#primaryimage\"},\"image\":{\"@id\":\"https:\\\/\\\/staging.editorialhccp.hcusweb.com\\\/r\\\/reina-valera-revisada-biblia-reflexiones-de-c-s-lewis\\\/#primaryimage\"},\"thumbnailUrl\":\"https:\\\/\\\/staging.editorialhccp.hcusweb.com\\\/r\\\/wp-content\\\/uploads\\\/sites\\\/5\\\/2022\\\/10\\\/NB10062.jpg\",\"datePublished\":\"2022-11-10T00:38:20+00:00\",\"dateModified\":\"2025-12-17T04:42:51+00:00\",\"breadcrumb\":{\"@id\":\"https:\\\/\\\/staging.editorialhccp.hcusweb.com\\\/r\\\/reina-valera-revisada-biblia-reflexiones-de-c-s-lewis\\\/#breadcrumb\"},\"inLanguage\":\"en-US\",\"potentialAction\":[{\"@type\":\"ReadAction\",\"target\":[\"https:\\\/\\\/staging.editorialhccp.hcusweb.com\\\/r\\\/reina-valera-revisada-biblia-reflexiones-de-c-s-lewis\\\/\"]}]},{\"@type\":\"ImageObject\",\"inLanguage\":\"en-US\",\"@id\":\"https:\\\/\\\/staging.editorialhccp.hcusweb.com\\\/r\\\/reina-valera-revisada-biblia-reflexiones-de-c-s-lewis\\\/#primaryimage\",\"url\":\"https:\\\/\\\/staging.editorialhccp.hcusweb.com\\\/r\\\/wp-content\\\/uploads\\\/sites\\\/5\\\/2022\\\/10\\\/NB10062.jpg\",\"contentUrl\":\"https:\\\/\\\/staging.editorialhccp.hcusweb.com\\\/r\\\/wp-content\\\/uploads\\\/sites\\\/5\\\/2022\\\/10\\\/NB10062.jpg\",\"width\":2048,\"height\":1365},{\"@type\":\"BreadcrumbList\",\"@id\":\"https:\\\/\\\/staging.editorialhccp.hcusweb.com\\\/r\\\/reina-valera-revisada-biblia-reflexiones-de-c-s-lewis\\\/#breadcrumb\",\"itemListElement\":[{\"@type\":\"ListItem\",\"position\":1,\"name\":\"Home\",\"item\":\"https:\\\/\\\/staging.editorialhccp.hcusweb.com\\\/r\\\/\"},{\"@type\":\"ListItem\",\"position\":2,\"name\":\"Reina Valera Revisada Biblia Reflexiones de C. S. Lewis\"}]},{\"@type\":\"WebSite\",\"@id\":\"https:\\\/\\\/staging.editorialhccp.hcusweb.com\\\/r\\\/#website\",\"url\":\"https:\\\/\\\/staging.editorialhccp.hcusweb.com\\\/r\\\/\",\"name\":\"Marketing Pages\",\"description\":\"\",\"potentialAction\":[{\"@type\":\"SearchAction\",\"target\":{\"@type\":\"EntryPoint\",\"urlTemplate\":\"https:\\\/\\\/staging.editorialhccp.hcusweb.com\\\/r\\\/?s={search_term_string}\"},\"query-input\":{\"@type\":\"PropertyValueSpecification\",\"valueRequired\":true,\"valueName\":\"search_term_string\"}}],\"inLanguage\":\"en-US\"}]}<\/script>\n<!-- \/ Yoast SEO Premium plugin. -->","yoast_head_json":{"title":"Reina Valera Revisada Biblia Reflexiones de C. S. Lewis - Marketing Pages","robots":{"index":"index","follow":"follow","max-snippet":"max-snippet:-1","max-image-preview":"max-image-preview:large","max-video-preview":"max-video-preview:-1"},"canonical":"https:\/\/staging.editorialhccp.hcusweb.com\/r\/reina-valera-revisada-biblia-reflexiones-de-c-s-lewis\/","og_locale":"en_US","og_type":"article","og_title":"Reina Valera Revisada Biblia Reflexiones de C. S. Lewis","og_description":"Reina Valera Revisada Biblia Reflexiones de C. S. Lewis Invite a C. S. Lewis a su lectura de las Escrituras Cuando lea esta Biblia en su versi\u00f3n RVR, se encontrar\u00e1 con C. S. Lewis como compa\u00f1ero de meditaci\u00f3n. En su lectura devocional de la Biblia aprender\u00e1 de las obras y del peregrinaje espiritual de C. [&hellip;]","og_url":"https:\/\/staging.editorialhccp.hcusweb.com\/r\/reina-valera-revisada-biblia-reflexiones-de-c-s-lewis\/","og_site_name":"Marketing Pages","article_modified_time":"2025-12-17T04:42:51+00:00","og_image":[{"width":2048,"height":1365,"url":"https:\/\/staging.editorialhccp.hcusweb.com\/r\/wp-content\/uploads\/sites\/5\/2022\/10\/NB10062.jpg","type":"image\/jpeg"}],"twitter_card":"summary_large_image","twitter_misc":{"Est. reading time":"5 minutes"},"schema":{"@context":"https:\/\/schema.org","@graph":[{"@type":"WebPage","@id":"https:\/\/staging.editorialhccp.hcusweb.com\/r\/reina-valera-revisada-biblia-reflexiones-de-c-s-lewis\/","url":"https:\/\/staging.editorialhccp.hcusweb.com\/r\/reina-valera-revisada-biblia-reflexiones-de-c-s-lewis\/","name":"Reina Valera Revisada Biblia Reflexiones de C. S. Lewis - Marketing Pages","isPartOf":{"@id":"https:\/\/staging.editorialhccp.hcusweb.com\/r\/#website"},"primaryImageOfPage":{"@id":"https:\/\/staging.editorialhccp.hcusweb.com\/r\/reina-valera-revisada-biblia-reflexiones-de-c-s-lewis\/#primaryimage"},"image":{"@id":"https:\/\/staging.editorialhccp.hcusweb.com\/r\/reina-valera-revisada-biblia-reflexiones-de-c-s-lewis\/#primaryimage"},"thumbnailUrl":"https:\/\/staging.editorialhccp.hcusweb.com\/r\/wp-content\/uploads\/sites\/5\/2022\/10\/NB10062.jpg","datePublished":"2022-11-10T00:38:20+00:00","dateModified":"2025-12-17T04:42:51+00:00","breadcrumb":{"@id":"https:\/\/staging.editorialhccp.hcusweb.com\/r\/reina-valera-revisada-biblia-reflexiones-de-c-s-lewis\/#breadcrumb"},"inLanguage":"en-US","potentialAction":[{"@type":"ReadAction","target":["https:\/\/staging.editorialhccp.hcusweb.com\/r\/reina-valera-revisada-biblia-reflexiones-de-c-s-lewis\/"]}]},{"@type":"ImageObject","inLanguage":"en-US","@id":"https:\/\/staging.editorialhccp.hcusweb.com\/r\/reina-valera-revisada-biblia-reflexiones-de-c-s-lewis\/#primaryimage","url":"https:\/\/staging.editorialhccp.hcusweb.com\/r\/wp-content\/uploads\/sites\/5\/2022\/10\/NB10062.jpg","contentUrl":"https:\/\/staging.editorialhccp.hcusweb.com\/r\/wp-content\/uploads\/sites\/5\/2022\/10\/NB10062.jpg","width":2048,"height":1365},{"@type":"BreadcrumbList","@id":"https:\/\/staging.editorialhccp.hcusweb.com\/r\/reina-valera-revisada-biblia-reflexiones-de-c-s-lewis\/#breadcrumb","itemListElement":[{"@type":"ListItem","position":1,"name":"Home","item":"https:\/\/staging.editorialhccp.hcusweb.com\/r\/"},{"@type":"ListItem","position":2,"name":"Reina Valera Revisada Biblia Reflexiones de C. S. Lewis"}]},{"@type":"WebSite","@id":"https:\/\/staging.editorialhccp.hcusweb.com\/r\/#website","url":"https:\/\/staging.editorialhccp.hcusweb.com\/r\/","name":"Marketing Pages","description":"","potentialAction":[{"@type":"SearchAction","target":{"@type":"EntryPoint","urlTemplate":"https:\/\/staging.editorialhccp.hcusweb.com\/r\/?s={search_term_string}"},"query-input":{"@type":"PropertyValueSpecification","valueRequired":true,"valueName":"search_term_string"}}],"inLanguage":"en-US"}]}},"_links":{"self":[{"href":"https:\/\/staging.editorialhccp.hcusweb.com\/r\/wp-json\/wp\/v2\/pages\/11886","targetHints":{"allow":["GET"]}}],"collection":[{"href":"https:\/\/staging.editorialhccp.hcusweb.com\/r\/wp-json\/wp\/v2\/pages"}],"about":[{"href":"https:\/\/staging.editorialhccp.hcusweb.com\/r\/wp-json\/wp\/v2\/types\/page"}],"replies":[{"embeddable":true,"href":"https:\/\/staging.editorialhccp.hcusweb.com\/r\/wp-json\/wp\/v2\/comments?post=11886"}],"version-history":[{"count":1,"href":"https:\/\/staging.editorialhccp.hcusweb.com\/r\/wp-json\/wp\/v2\/pages\/11886\/revisions"}],"predecessor-version":[{"id":18652,"href":"https:\/\/staging.editorialhccp.hcusweb.com\/r\/wp-json\/wp\/v2\/pages\/11886\/revisions\/18652"}],"wp:featuredmedia":[{"embeddable":true,"href":"https:\/\/staging.editorialhccp.hcusweb.com\/r\/wp-json\/wp\/v2\/media\/11896"}],"wp:attachment":[{"href":"https:\/\/staging.editorialhccp.hcusweb.com\/r\/wp-json\/wp\/v2\/media?parent=11886"}],"curies":[{"name":"wp","href":"https:\/\/api.w.org\/{rel}","templated":true}]}}