{"id":12962,"date":"2023-02-23T22:54:42","date_gmt":"2023-02-23T22:54:42","guid":{"rendered":"\/r\/?page_id=12962"},"modified":"2026-01-14T15:02:47","modified_gmt":"2026-01-14T15:02:47","slug":"entrenamiento-en-biblias","status":"publish","type":"page","link":"https:\/\/staging.editorialhccp.hcusweb.com\/r\/entrenamiento-en-biblias\/","title":{"rendered":"Editorial Vida &#8211; Entrenamiento En Biblias"},"content":{"rendered":"\n\n\t\t\t\t<img decoding=\"async\" src=\"\/r\/wp-content\/uploads\/sites\/5\/2023\/03\/31170514\/editorial-vida-portal-logo_.png\" alt=\"editorial vida portal logo_\" itemprop=\"image\" title=\"editorial vida portal logo_\" onerror=\"this.style.display='none'\" loading=\"lazy\" \/>\n\t<h3>\n\t\t\t\t\tQUEREMOS AYUDARTE A\n\t\t\t\tPreview text\t\t\t\n\t\t\t<\/h3>\n\t<p>DISE\u00d1ADO PARA DISTRIBUIDORES, VENDEDORES\u00a0Y LIBREROS<\/p>\n\t\t\t\t\t\t\t\t\t<img decoding=\"async\" src=\"\/r\/wp-content\/uploads\/sites\/5\/2023\/02\/24094010\/Website-Vida-Portal-.jpg\" alt=\"Website Vida Portal\" itemprop=\"image\" srcset=\"https:\/\/staging.editorialhccp.hcusweb.com\/r\/wp-content\/uploads\/sites\/5\/2023\/02\/Website-Vida-Portal-.jpg 1800w, https:\/\/staging.editorialhccp.hcusweb.com\/r\/wp-content\/uploads\/sites\/5\/2023\/02\/Website-Vida-Portal--300x300.jpg 300w, https:\/\/staging.editorialhccp.hcusweb.com\/r\/wp-content\/uploads\/sites\/5\/2023\/02\/Website-Vida-Portal--1024x1024.jpg 1024w, https:\/\/staging.editorialhccp.hcusweb.com\/r\/wp-content\/uploads\/sites\/5\/2023\/02\/Website-Vida-Portal--150x150.jpg 150w, https:\/\/staging.editorialhccp.hcusweb.com\/r\/wp-content\/uploads\/sites\/5\/2023\/02\/Website-Vida-Portal--768x768.jpg 768w, https:\/\/staging.editorialhccp.hcusweb.com\/r\/wp-content\/uploads\/sites\/5\/2023\/02\/Website-Vida-Portal--1536x1536.jpg 1536w\" sizes=\"(max-width: 1800px) 100vw, 1800px\" title=\"Website Vida Portal\" onerror=\"this.style.display='none'\"  \/>\n\t<p>M\u00e1s de 75 a\u00f1os de historia, siempre con la Biblia en el centro.<\/p>\n<p>Ahora queremos ayudar a tu equipo a convertirse en expertos en Biblia para ser m\u00e1s efectivos en servir a sus clientes y su comunidad.<\/p>\n<p>Como parte de nuestro compromiso de servirles de una mejor manera, hemos preparado este entrenamiento introductorio al mercado de Biblias el cual puede tomar a su conveniencia y tiempo.<\/p>\n<p>Al completar este curso, recibir\u00e1 un certificado de participaci\u00f3n en formato PDF y adem\u00e1s podr\u00e1 seleccionar una Biblia totalmente GRATIS como regalo.<\/p>\n\t\t\t\t<img decoding=\"async\" src=\"\/r\/wp-content\/uploads\/sites\/5\/2023\/02\/27201937\/portal-editorial-vida-.jpg\" alt=\"portal editorial vida\" itemprop=\"image\" title=\"portal editorial vida\" onerror=\"this.style.display='none'\" loading=\"lazy\" \/>\n\t<p>Preparaci\u00f3n profunda<\/p>\n\t<p>Herramientas actuales<\/p>\n\t<p>Estrategias y recursos de ventas<\/p>\n\t<p>BIBLIA ESTUDIO TEOL\u00d3GICO<\/p>\n\t\t\t\t<img decoding=\"async\" src=\"https:\/\/staging.editorialhccp.hcusweb.com\/r\/wp-content\/plugins\/bb-plugin\/img\/pixel.png\" alt=\"\" itemprop=\"image\" onerror=\"this.style.display='none'\" loading=\"lazy\" \/>\n\t\t\t\t<img decoding=\"async\" src=\"https:\/\/staging.editorialhccp.hcusweb.com\/r\/wp-content\/plugins\/bb-plugin\/img\/pixel.png\" alt=\"\" itemprop=\"image\" onerror=\"this.style.display='none'\" loading=\"lazy\" \/>\n\t<p>NUESTRAS TRADUCCIONES<\/p>\n\t\t\t\t\t\t<img decoding=\"async\" src=\"\/r\/wp-content\/uploads\/sites\/5\/2023\/02\/27191833\/reina-valera-.png\" alt=\"\/wp-content\/uploads\/sites\/5\/2023\/02\/27191833\/reina-valera-.png\" data-no-lazy=\"1\" \/>\t\t\t\t\t\n        \t<a href=https:\/\/staging.editorialhccp.hcusweb.com\/r\/biblia-nvi\/ target=\"_self\">            \n\t\t\t\t\t\t<img decoding=\"async\" src=\"\/r\/wp-content\/uploads\/sites\/5\/2023\/02\/27191857\/NVI-.png\" alt=\"\/wp-content\/uploads\/sites\/5\/2023\/02\/27191857\/NVI-.png\" data-no-lazy=\"1\" \/>\t\t\t\t\t\n            <\/a>\t\t\n        \t<a href=\"http:\/\/www.exploranbla.com\" target=\"_self\">            \n\t\t\t\t\t\t<img decoding=\"async\" src=\"\/r\/wp-content\/uploads\/sites\/5\/2023\/02\/27192001\/NBLA-.png\" alt=\"\/wp-content\/uploads\/sites\/5\/2023\/02\/27192001\/NBLA-.png\" data-no-lazy=\"1\" \/>\t\t\t\t\t\n            <\/a>\t\t\n        \t<a href=https:\/\/staging.editorialhccp.hcusweb.com\/r\/biblia-rvr\/ target=\"_self\">            \n\t\t\t\t\t\t<img decoding=\"async\" src=\"\/r\/wp-content\/uploads\/sites\/5\/2023\/02\/27192124\/RVR.png\" alt=\"\/wp-content\/uploads\/sites\/5\/2023\/02\/27192124\/RVR.png\" data-no-lazy=\"1\" \/>\t\t\t\t\t\n            <\/a>\t\t\n\t\t\t<button>Next<\/button>\n\t\t<button>Previous<\/button>\n\t<p>NUESTROS RECURSOS DESTACADOS<\/p>\n        \t<a href=https:\/\/staging.editorialhccp.hcusweb.com\/vida\/9780829772104\/rvr1960-biblia-de-estudio-macarthur-letra-grande-leathersoft-cafe-con-cierre-con-indice\/ target=\"_self\">            \n\t\t\t\t\t\t<img decoding=\"async\" src=\"\/r\/wp-content\/uploads\/sites\/5\/2023\/03\/06190021\/biblia-de-estudio-mcarrhu.png\" alt=\"\/wp-content\/uploads\/sites\/5\/2023\/03\/06190021\/biblia-de-estudio-mcarrhu.png\" data-no-lazy=\"1\" \/>\t\t\t\t\t\n            <\/a>\t\t\n        \t<a href=https:\/\/staging.editorialhccp.hcusweb.com\/vida\/9780829769135\/biblia-de-referencia-thompson-reina-valera-1960-tapa-dura-spanish-thompson-chain-reference-bible-rvr60-hardcover\/ target=\"_self\">            \n\t\t\t\t\t\t<img decoding=\"async\" src=\"\/r\/wp-content\/uploads\/sites\/5\/2023\/03\/06165803\/thompson-.png\" alt=\"\/wp-content\/uploads\/sites\/5\/2023\/03\/06165803\/thompson-.png\" data-no-lazy=\"1\" \/>\t\t\t\t\t\n            <\/a>\t\t\n        \t<a href=https:\/\/staging.editorialhccp.hcusweb.com\/vida\/9780829731965\/biblia-de-estudio-de-la-vida-plena-rvr-1960-con-indice\/ target=\"_self\">            \n\t\t\t\t\t\t<img decoding=\"async\" src=\"\/r\/wp-content\/uploads\/sites\/5\/2023\/03\/06180651\/vida-plena-.png\" alt=\"\/wp-content\/uploads\/sites\/5\/2023\/03\/06180651\/vida-plena-.png\" data-no-lazy=\"1\" \/>\t\t\t\t\t\n            <\/a>\t\t\n        \t<a href=https:\/\/staging.editorialhccp.hcusweb.com\/vida\/9781602554566\/biblia-plenitud-reina-valera-1960-tamanyo-personal-cafe-spanish-spirit-filled-life-bible-reina-valera-1960-personal-size-leathersoft-brown\/ target=\"_self\">            \n\t\t\t\t\t\t<img decoding=\"async\" src=\"\/r\/wp-content\/uploads\/sites\/5\/2023\/03\/06193715\/biblia-plenitud-.png\" alt=\"\/wp-content\/uploads\/sites\/5\/2023\/03\/06193715\/biblia-plenitud-.png\" data-no-lazy=\"1\" \/>\t\t\t\t\t\n            <\/a>\t\t\n        \t<a href=https:\/\/staging.editorialhccp.hcusweb.com\/vida\/9780829772326\/nvi-la-biblia-telos-para-jovenes-texto-revisado-2022-tapa-dura-comfort-print\/ target=\"_self\">            \n\t\t\t\t\t\t<img decoding=\"async\" src=\"\/r\/wp-content\/uploads\/sites\/5\/2023\/03\/06180257\/biblia-telos-.png\" alt=\"\/wp-content\/uploads\/sites\/5\/2023\/03\/06180257\/biblia-telos-.png\" data-no-lazy=\"1\" \/>\t\t\t\t\t\n            <\/a>\t\t\n        \t<a href=https:\/\/staging.editorialhccp.hcusweb.com\/vida\/9780829702798\/nbla-biblia-ultrafina-letra-grande-coleccion-premier-cafe\/ target=\"_self\">            \n\t\t\t\t\t\t<img decoding=\"async\" src=\"\/r\/wp-content\/uploads\/sites\/5\/2023\/03\/06175937\/colecicon-premier-.png\" alt=\"\/wp-content\/uploads\/sites\/5\/2023\/03\/06175937\/colecicon-premier-.png\" data-no-lazy=\"1\" \/>\t\t\t\t\t\n            <\/a>\t\t\n        \t<a href=https:\/\/staging.editorialhccp.hcusweb.com\/vida\/9780829770902\/reina-valera-revisada-biblia-reflexiones-de-c-s-lewis-tapa-dura-negro-interior-a-dos-colores-comfort-print\/ target=\"_self\">            \n\t\t\t\t\t\t<img decoding=\"async\" src=\"\/r\/wp-content\/uploads\/sites\/5\/2023\/03\/06170006\/C.S-LEWIS-.png\" alt=\"\/wp-content\/uploads\/sites\/5\/2023\/03\/06170006\/C.S-LEWIS-.png\" data-no-lazy=\"1\" \/>\t\t\t\t\t\n            <\/a>\t\t\n        \t<a href=https:\/\/staging.editorialhccp.hcusweb.com\/vida\/9780718092559\/la-biblia-de-liderazgo-de-maxwell-rvr60-tamano-manual\/ target=\"_self\">            \n\t\t\t\t\t\t<img decoding=\"async\" src=\"\/r\/wp-content\/uploads\/sites\/5\/2023\/03\/06165024\/liderazgo-maxwell-.png\" alt=\"\/wp-content\/uploads\/sites\/5\/2023\/03\/06165024\/liderazgo-maxwell-.png\" data-no-lazy=\"1\" \/>\t\t\t\t\t\n            <\/a>\t\t\n        \t<a href=https:\/\/staging.editorialhccp.hcusweb.com\/vida\/9780829702767\/biblia-de-estudio-nbla-tapa-dura-interior-a-dos-colores\/ target=\"_self\">            \n\t\t\t\t\t\t<img decoding=\"async\" src=\"\/r\/wp-content\/uploads\/sites\/5\/2023\/03\/06165151\/BIBLIA-DE-ESTDIO-NBLA.png\" alt=\"\/wp-content\/uploads\/sites\/5\/2023\/03\/06165151\/BIBLIA-DE-ESTDIO-NBLA.png\" data-no-lazy=\"1\" \/>\t\t\t\t\t\n            <\/a>\t\t\n        \t<a href=https:\/\/staging.editorialhccp.hcusweb.com\/vida\/9780829702835\/reina-valera-1960-biblia-mi-legado-coleccion-premier-negro-una-columna-interior-a-dos-colores\/ target=\"_self\">            \n\t\t\t\t\t\t<img decoding=\"async\" src=\"\/r\/wp-content\/uploads\/sites\/5\/2023\/03\/06165449\/mi-legado-.png\" alt=\"\/wp-content\/uploads\/sites\/5\/2023\/03\/06165449\/mi-legado-.png\" data-no-lazy=\"1\" \/>\t\t\t\t\t\n            <\/a>\t\t\n        \t<a href=https:\/\/staging.editorialhccp.hcusweb.com\/vida\/9780829770438\/nvi-santa-biblia-lucado-palabra-de-aliento-tapa-dura-gris-interior-a-dos-colores\/ target=\"_self\">            \n\t\t\t\t\t\t<img decoding=\"async\" src=\"\/r\/wp-content\/uploads\/sites\/5\/2023\/03\/06181337\/biblia-palabras-de-aliento.png\" alt=\"\/wp-content\/uploads\/sites\/5\/2023\/03\/06181337\/biblia-palabras-de-aliento.png\" data-no-lazy=\"1\" \/>\t\t\t\t\t\n            <\/a>\t\t\n        \t<a href=https:\/\/staging.editorialhccp.hcusweb.com\/vida\/9780829770490\/nvi-biblia-de-estudio-teologia-biblica-tapa-dura-interior-a-cuatro-colores\/ target=\"_self\">            \n\t\t\t\t\t\t<img decoding=\"async\" src=\"\/r\/wp-content\/uploads\/sites\/5\/2023\/03\/06181755\/teologiac.png\" alt=\"\/wp-content\/uploads\/sites\/5\/2023\/03\/06181755\/teologiac.png\" data-no-lazy=\"1\" \/>\t\t\t\t\t\n            <\/a>\t\t\n        \t<a href=https:\/\/staging.editorialhccp.hcusweb.com\/vida\/9780829770575\/nvi-biblia-de-la-mama-ocupada-leathersoft-turquesa-edicion-letra-roja\/ target=\"_self\">            \n\t\t\t\t\t\t<img decoding=\"async\" src=\"\/r\/wp-content\/uploads\/sites\/5\/2023\/03\/06182507\/biblia-mama-ocupada.png\" alt=\"\/wp-content\/uploads\/sites\/5\/2023\/03\/06182507\/biblia-mama-ocupada.png\" data-no-lazy=\"1\" \/>\t\t\t\t\t\n            <\/a>\t\t\n        \t<a href=https:\/\/staging.editorialhccp.hcusweb.com\/vida\/9781400210596\/biblia-de-estudio-para-la-mujer-nvi-leathersofttela-lila\/ target=\"_self\">            \n\t\t\t\t\t\t<img decoding=\"async\" src=\"\/r\/wp-content\/uploads\/sites\/5\/2023\/03\/06194944\/biblia-para-la-mujer-2-.png\" alt=\"\/wp-content\/uploads\/sites\/5\/2023\/03\/06194944\/biblia-para-la-mujer-2-.png\" data-no-lazy=\"1\" \/>\t\t\t\t\t\n            <\/a>\t\t\n        \t<a href=\"https:\/\/www.clie.es\/biblia-de-estudio-matthew-henry-leathersoft-clasica-sin-indice\" target=\"_self\">            \n\t\t\t\t\t\t<img decoding=\"async\" src=\"\/r\/wp-content\/uploads\/sites\/5\/2023\/03\/06195614\/biblia-the-estudio-matthew-hentry-.png\" alt=\"\/wp-content\/uploads\/sites\/5\/2023\/03\/06195614\/biblia-the-estudio-matthew-hentry-.png\" data-no-lazy=\"1\" \/>\t\t\t\t\t\n            <\/a>\t\t\n        \t<a href=https:\/\/staging.editorialhccp.hcusweb.com\/vida\/9780829730678\/nbla-biblia-ama-a-dios-grandemente-tapa-dura-interior-a-cuatro-colores\/ target=\"_self\">            \n\t\t\t\t\t\t<img decoding=\"async\" src=\"\/r\/wp-content\/uploads\/sites\/5\/2023\/03\/13161205\/ama-a-dios-grandemente-blanco-.png\" alt=\"\/wp-content\/uploads\/sites\/5\/2023\/03\/13161205\/ama-a-dios-grandemente-blanco-.png\" data-no-lazy=\"1\" \/>\t\t\t\t\t\n            <\/a>\t\t\n        \t<a href=https:\/\/staging.editorialhccp.hcusweb.com\/vida\/9780829772319\/nbla-biblia-aventura-tapa-dura-interior-a-color-cierre-magnetico\/ target=\"_self\">            \n\t\t\t\t\t\t<img decoding=\"async\" src=\"\/r\/wp-content\/uploads\/sites\/5\/2023\/03\/13161832\/vantura-nvio-.png\" alt=\"\/wp-content\/uploads\/sites\/5\/2023\/03\/13161832\/vantura-nvio-.png\" data-no-lazy=\"1\" \/>\t\t\t\t\t\n            <\/a>\t\t\n        \t<a href=https:\/\/staging.editorialhccp.hcusweb.com\/vida\/9780829771596\/nbla-biblia-de-estudio-cronologica-interior-a-cuatro-colores\/ target=\"_self\">            \n\t\t\t\t\t\t<img decoding=\"async\" src=\"\/r\/wp-content\/uploads\/sites\/5\/2023\/03\/24193050\/NBLA-CRONOLOGICA-BIBLIA-NEGRO-.png\" alt=\"\/wp-content\/uploads\/sites\/5\/2023\/03\/24193050\/NBLA-CRONOLOGICA-BIBLIA-NEGRO-.png\" data-no-lazy=\"1\" \/>\t\t\t\t\t\n            <\/a>\t\t\n\t\t\t<button>Next<\/button>\n\t\t<button>Previous<\/button>\n\n","protected":false},"excerpt":{"rendered":"<p>QUEREMOS AYUDARTE A Preview text DISE\u00d1ADO PARA DISTRIBUIDORES, VENDEDORES\u00a0Y LIBREROS M\u00e1s de 75 a\u00f1os de historia, siempre con la Biblia en el centro. Ahora queremos ayudar a tu equipo a convertirse en expertos en Biblia para ser m\u00e1s efectivos en servir a sus clientes y su comunidad. Como parte de nuestro compromiso de servirles de [&hellip;]<\/p>\n","protected":false},"author":0,"featured_media":0,"parent":0,"menu_order":0,"comment_status":"closed","ping_status":"closed","template":"","meta":{"_acf_changed":false,"footnotes":""},"class_list":["post-12962","page","type-page","status-publish","hentry"],"acf":[],"yoast_head":"<!-- This site is optimized with the Yoast SEO plugin v27.3 - https:\/\/yoast.com\/product\/yoast-seo-wordpress\/ -->\n<title>Editorial Vida - Entrenamiento En Biblias<\/title>\n<meta name=\"robots\" content=\"index, follow, max-snippet:-1, max-image-preview:large, max-video-preview:-1\" \/>\n<link rel=\"canonical\" href=\"https:\/\/staging.editorialhccp.hcusweb.com\/r\/entrenamiento-en-biblias\/\" \/>\n<meta property=\"og:locale\" content=\"en_US\" \/>\n<meta property=\"og:type\" content=\"article\" \/>\n<meta property=\"og:title\" content=\"Editorial Vida - Entrenamiento En Biblias\" \/>\n<meta property=\"og:description\" content=\"QUEREMOS AYUDARTE A Preview text DISE\u00d1ADO PARA DISTRIBUIDORES, VENDEDORES\u00a0Y LIBREROS M\u00e1s de 75 a\u00f1os de historia, siempre con la Biblia en el centro. Ahora queremos ayudar a tu equipo a convertirse en expertos en Biblia para ser m\u00e1s efectivos en servir a sus clientes y su comunidad. Como parte de nuestro compromiso de servirles de [&hellip;]\" \/>\n<meta property=\"og:url\" content=\"https:\/\/staging.editorialhccp.hcusweb.com\/r\/entrenamiento-en-biblias\/\" \/>\n<meta property=\"og:site_name\" content=\"Marketing Pages\" \/>\n<meta property=\"article:modified_time\" content=\"2026-01-14T15:02:47+00:00\" \/>\n<meta property=\"og:image\" content=\"https:\/\/staging.editorialhccp.hcusweb.com\/r\/wp-content\/uploads\/sites\/5\/2023\/02\/Screenshot-2023-02-27-at-12.28.40-PM.png\" \/>\n\t<meta property=\"og:image:width\" content=\"906\" \/>\n\t<meta property=\"og:image:height\" content=\"506\" \/>\n\t<meta property=\"og:image:type\" content=\"image\/png\" \/>\n<meta name=\"twitter:card\" content=\"summary_large_image\" \/>\n<meta name=\"twitter:label1\" content=\"Est. reading time\" \/>\n\t<meta name=\"twitter:data1\" content=\"7 minutes\" \/>\n<script type=\"application\/ld+json\" class=\"yoast-schema-graph\">{\"@context\":\"https:\\\/\\\/schema.org\",\"@graph\":[{\"@type\":\"WebPage\",\"@id\":\"https:\\\/\\\/staging.editorialhccp.hcusweb.com\\\/r\\\/entrenamiento-en-biblias\\\/\",\"url\":\"https:\\\/\\\/staging.editorialhccp.hcusweb.com\\\/r\\\/entrenamiento-en-biblias\\\/\",\"name\":\"Editorial Vida - Entrenamiento En Biblias\",\"isPartOf\":{\"@id\":\"https:\\\/\\\/staging.editorialhccp.hcusweb.com\\\/r\\\/#website\"},\"primaryImageOfPage\":{\"@id\":\"https:\\\/\\\/staging.editorialhccp.hcusweb.com\\\/r\\\/entrenamiento-en-biblias\\\/#primaryimage\"},\"image\":{\"@id\":\"https:\\\/\\\/staging.editorialhccp.hcusweb.com\\\/r\\\/entrenamiento-en-biblias\\\/#primaryimage\"},\"thumbnailUrl\":\"https:\\\/\\\/staging.editorialhccp.hcusweb.com\\\/r\\\/wp-content\\\/plugins\\\/bb-plugin\\\/img\\\/pixel.png\",\"datePublished\":\"2023-02-23T22:54:42+00:00\",\"dateModified\":\"2026-01-14T15:02:47+00:00\",\"breadcrumb\":{\"@id\":\"https:\\\/\\\/staging.editorialhccp.hcusweb.com\\\/r\\\/entrenamiento-en-biblias\\\/#breadcrumb\"},\"inLanguage\":\"en-US\",\"potentialAction\":[{\"@type\":\"ReadAction\",\"target\":[\"https:\\\/\\\/staging.editorialhccp.hcusweb.com\\\/r\\\/entrenamiento-en-biblias\\\/\"]}]},{\"@type\":\"ImageObject\",\"inLanguage\":\"en-US\",\"@id\":\"https:\\\/\\\/staging.editorialhccp.hcusweb.com\\\/r\\\/entrenamiento-en-biblias\\\/#primaryimage\",\"url\":\"https:\\\/\\\/staging.editorialhccp.hcusweb.com\\\/r\\\/wp-content\\\/plugins\\\/bb-plugin\\\/img\\\/pixel.png\",\"contentUrl\":\"https:\\\/\\\/staging.editorialhccp.hcusweb.com\\\/r\\\/wp-content\\\/plugins\\\/bb-plugin\\\/img\\\/pixel.png\"},{\"@type\":\"BreadcrumbList\",\"@id\":\"https:\\\/\\\/staging.editorialhccp.hcusweb.com\\\/r\\\/entrenamiento-en-biblias\\\/#breadcrumb\",\"itemListElement\":[{\"@type\":\"ListItem\",\"position\":1,\"name\":\"Home\",\"item\":\"https:\\\/\\\/staging.editorialhccp.hcusweb.com\\\/r\\\/\"},{\"@type\":\"ListItem\",\"position\":2,\"name\":\"Editorial Vida &#8211; Entrenamiento En Biblias\"}]},{\"@type\":\"WebSite\",\"@id\":\"https:\\\/\\\/staging.editorialhccp.hcusweb.com\\\/r\\\/#website\",\"url\":\"https:\\\/\\\/staging.editorialhccp.hcusweb.com\\\/r\\\/\",\"name\":\"Marketing Pages\",\"description\":\"\",\"potentialAction\":[{\"@type\":\"SearchAction\",\"target\":{\"@type\":\"EntryPoint\",\"urlTemplate\":\"https:\\\/\\\/staging.editorialhccp.hcusweb.com\\\/r\\\/?s={search_term_string}\"},\"query-input\":{\"@type\":\"PropertyValueSpecification\",\"valueRequired\":true,\"valueName\":\"search_term_string\"}}],\"inLanguage\":\"en-US\"}]}<\/script>\n<!-- \/ Yoast SEO plugin. -->","yoast_head_json":{"title":"Editorial Vida - Entrenamiento En Biblias","robots":{"index":"index","follow":"follow","max-snippet":"max-snippet:-1","max-image-preview":"max-image-preview:large","max-video-preview":"max-video-preview:-1"},"canonical":"https:\/\/staging.editorialhccp.hcusweb.com\/r\/entrenamiento-en-biblias\/","og_locale":"en_US","og_type":"article","og_title":"Editorial Vida - Entrenamiento En Biblias","og_description":"QUEREMOS AYUDARTE A Preview text DISE\u00d1ADO PARA DISTRIBUIDORES, VENDEDORES\u00a0Y LIBREROS M\u00e1s de 75 a\u00f1os de historia, siempre con la Biblia en el centro. Ahora queremos ayudar a tu equipo a convertirse en expertos en Biblia para ser m\u00e1s efectivos en servir a sus clientes y su comunidad. Como parte de nuestro compromiso de servirles de [&hellip;]","og_url":"https:\/\/staging.editorialhccp.hcusweb.com\/r\/entrenamiento-en-biblias\/","og_site_name":"Marketing Pages","article_modified_time":"2026-01-14T15:02:47+00:00","og_image":[{"width":906,"height":506,"url":"https:\/\/staging.editorialhccp.hcusweb.com\/r\/wp-content\/uploads\/sites\/5\/2023\/02\/Screenshot-2023-02-27-at-12.28.40-PM.png","type":"image\/png"}],"twitter_card":"summary_large_image","twitter_misc":{"Est. reading time":"7 minutes"},"schema":{"@context":"https:\/\/schema.org","@graph":[{"@type":"WebPage","@id":"https:\/\/staging.editorialhccp.hcusweb.com\/r\/entrenamiento-en-biblias\/","url":"https:\/\/staging.editorialhccp.hcusweb.com\/r\/entrenamiento-en-biblias\/","name":"Editorial Vida - Entrenamiento En Biblias","isPartOf":{"@id":"https:\/\/staging.editorialhccp.hcusweb.com\/r\/#website"},"primaryImageOfPage":{"@id":"https:\/\/staging.editorialhccp.hcusweb.com\/r\/entrenamiento-en-biblias\/#primaryimage"},"image":{"@id":"https:\/\/staging.editorialhccp.hcusweb.com\/r\/entrenamiento-en-biblias\/#primaryimage"},"thumbnailUrl":"https:\/\/staging.editorialhccp.hcusweb.com\/r\/wp-content\/plugins\/bb-plugin\/img\/pixel.png","datePublished":"2023-02-23T22:54:42+00:00","dateModified":"2026-01-14T15:02:47+00:00","breadcrumb":{"@id":"https:\/\/staging.editorialhccp.hcusweb.com\/r\/entrenamiento-en-biblias\/#breadcrumb"},"inLanguage":"en-US","potentialAction":[{"@type":"ReadAction","target":["https:\/\/staging.editorialhccp.hcusweb.com\/r\/entrenamiento-en-biblias\/"]}]},{"@type":"ImageObject","inLanguage":"en-US","@id":"https:\/\/staging.editorialhccp.hcusweb.com\/r\/entrenamiento-en-biblias\/#primaryimage","url":"https:\/\/staging.editorialhccp.hcusweb.com\/r\/wp-content\/plugins\/bb-plugin\/img\/pixel.png","contentUrl":"https:\/\/staging.editorialhccp.hcusweb.com\/r\/wp-content\/plugins\/bb-plugin\/img\/pixel.png"},{"@type":"BreadcrumbList","@id":"https:\/\/staging.editorialhccp.hcusweb.com\/r\/entrenamiento-en-biblias\/#breadcrumb","itemListElement":[{"@type":"ListItem","position":1,"name":"Home","item":"https:\/\/staging.editorialhccp.hcusweb.com\/r\/"},{"@type":"ListItem","position":2,"name":"Editorial Vida &#8211; Entrenamiento En Biblias"}]},{"@type":"WebSite","@id":"https:\/\/staging.editorialhccp.hcusweb.com\/r\/#website","url":"https:\/\/staging.editorialhccp.hcusweb.com\/r\/","name":"Marketing Pages","description":"","potentialAction":[{"@type":"SearchAction","target":{"@type":"EntryPoint","urlTemplate":"https:\/\/staging.editorialhccp.hcusweb.com\/r\/?s={search_term_string}"},"query-input":{"@type":"PropertyValueSpecification","valueRequired":true,"valueName":"search_term_string"}}],"inLanguage":"en-US"}]}},"_links":{"self":[{"href":"https:\/\/staging.editorialhccp.hcusweb.com\/r\/wp-json\/wp\/v2\/pages\/12962","targetHints":{"allow":["GET"]}}],"collection":[{"href":"https:\/\/staging.editorialhccp.hcusweb.com\/r\/wp-json\/wp\/v2\/pages"}],"about":[{"href":"https:\/\/staging.editorialhccp.hcusweb.com\/r\/wp-json\/wp\/v2\/types\/page"}],"replies":[{"embeddable":true,"href":"https:\/\/staging.editorialhccp.hcusweb.com\/r\/wp-json\/wp\/v2\/comments?post=12962"}],"version-history":[{"count":3,"href":"https:\/\/staging.editorialhccp.hcusweb.com\/r\/wp-json\/wp\/v2\/pages\/12962\/revisions"}],"predecessor-version":[{"id":18670,"href":"https:\/\/staging.editorialhccp.hcusweb.com\/r\/wp-json\/wp\/v2\/pages\/12962\/revisions\/18670"}],"wp:attachment":[{"href":"https:\/\/staging.editorialhccp.hcusweb.com\/r\/wp-json\/wp\/v2\/media?parent=12962"}],"curies":[{"name":"wp","href":"https:\/\/api.w.org\/{rel}","templated":true}]}}