{"id":13024,"date":"2023-02-24T09:52:56","date_gmt":"2023-02-24T09:52:56","guid":{"rendered":"\/r\/?page_id=13024"},"modified":"2023-02-24T09:52:56","modified_gmt":"2023-02-24T09:52:56","slug":"cursos","status":"publish","type":"page","link":"https:\/\/staging.editorialhccp.hcusweb.com\/r\/entrenamiento-en-biblias\/cursos\/","title":{"rendered":"Editorial Vida &#8211; Portal Videos"},"content":{"rendered":"\n\n\t\t\t\t<a href=https:\/\/staging.editorialhccp.hcusweb.com\/r\/entrenamiento-en-biblias target=\"_self\" rel=\"noopener\">\n\t\t\t\t<img loading=\"lazy\" decoding=\"async\" src=\"\/r\/wp-content\/uploads\/sites\/5\/2023\/03\/editorial-vida-portal-logo_.png\" alt=\"editorial vida portal logo_\" height=\"458\" width=\"1600\" title=\"editorial vida portal logo_\" \/>\n\t\t\t\t<\/a>\n\t<h2>BIENVENIDO A NUESTRO PORTAL<\/h2>\n\t<p>Editorial Vida es la divisi\u00f3n en espa\u00f1ol de Zondervan, un sello de HarperCollins Christian Publishing dedicado a la publicaci\u00f3n de Biblias en espa\u00f1ol, libros, devocionales y otros recursos que promueven una relaci\u00f3n fiel con Jes\u00fas. Vida mantiene el cat\u00e1logo m\u00e1s grande de productos y recursos cristianos en la cultura hispana &#8211; Estados Unidos, Am\u00e9rica Latina y el extranjero.<\/p>\n\t<h2>ELIGE EL CURSO PARA INICIAR<\/h2>\n\t\t\t\t<a href=https:\/\/staging.editorialhccp.hcusweb.com\/r\/portal-para-libreros\/conoce-la-biblia-1 target=\"_self\" rel=\"noopener\">\n\t\t\t\t<img loading=\"lazy\" decoding=\"async\" src=\"\/r\/wp-content\/uploads\/sites\/5\/2023\/04\/curso-1_.png\" alt=\"curso 1_\" height=\"900\" width=\"1600\" title=\"curso 1_\" \/>\n\t\t\t\t<\/a>\n\t<p>CONOCE LA BIBLIA<\/p>\n\t<p>Explora la historia de la Biblia en espa\u00f1ol respondiendo preguntas sobre su origen, autores y manuscritos originales, contexto hist\u00f3rico, traducci\u00f3n y revisiones modernas. Un panorama general desde los idiomas originales (hebreo, arameo y griego) hasta las traducciones modernas como Reina Valera, NVI y NBLA.<\/p>\n\t\t\t<a href=https:\/\/staging.editorialhccp.hcusweb.com\/r\/portal-para-libreros\/conoce-la-biblia-1 target=\"_self\" role=\"button\" rel=\"noopener\">\n\t\t\t\t\t\t\tTomar curso\n\t\t\t\t\t<\/a>\n\t\t\t\t<a href=https:\/\/staging.editorialhccp.hcusweb.com\/r\/portal-para-libreros\/como-elegir-la-biblia-perfecta-1 target=\"_self\" rel=\"noopener\">\n\t\t\t\t<img loading=\"lazy\" decoding=\"async\" src=\"\/r\/wp-content\/uploads\/sites\/5\/2023\/04\/curso-2_.png\" alt=\"curso 2_\" height=\"900\" width=\"1600\" title=\"curso 2_\" \/>\n\t\t\t\t<\/a>\n\t<p>C\u00d3MO ELEGIR LA BIBLIA PERFECTA<\/p>\n\t<p>Descubre los factores m\u00e1s importantes a considerar al comprar una Biblia. Esta serie es una gu\u00eda perfecta para cualquier persona en b\u00fasqueda de una nueva Biblia, ya sea de estudio, referencia, devocional, evangelismo, o para lectura diaria o regalo.<\/p>\n\t\t\t<a href=https:\/\/staging.editorialhccp.hcusweb.com\/r\/portal-para-libreros\/como-elegir-la-biblia-perfecta-1 target=\"_self\" role=\"button\" rel=\"noopener\">\n\t\t\t\t\t\t\tTomar curso\n\t\t\t\t\t<\/a>\n\t\t\t\t<a href=https:\/\/staging.editorialhccp.hcusweb.com\/r\/entrenamiento-en-biblias\/recursos-para-libreros-y-distribuidores-1\/ target=\"_self\" rel=\"noopener\">\n\t\t\t\t<img loading=\"lazy\" decoding=\"async\" src=\"\/r\/wp-content\/uploads\/sites\/5\/2023\/04\/CUIRSO-3_.png\" alt=\"CUIRSO 3_\" height=\"900\" width=\"1600\" title=\"CUIRSO 3_\" \/>\n\t\t\t\t<\/a>\n\t<p>RECURSOS PARA LIBREROS Y DISTRIBUIDORES<\/p>\n\t<p>Recomendaciones y sugerencias sobre c\u00f3mo ayudar a los clientes a comprar la mejor Biblia para el prop\u00f3sito que tengan en mente. Adem\u00e1s, nuestro equipo de ventas comparte los mejores consejos para presentar, promover, y vender la Biblia en nuestras librer\u00edas locales.<\/p>\n\t\t\t<a href=https:\/\/staging.editorialhccp.hcusweb.com\/r\/entrenamiento-en-biblias\/recursos-para-libreros-y-distribuidores-1\/ target=\"_self\" role=\"button\" rel=\"noopener\">\n\t\t\t\t\t\t\tTomar curso\n\t\t\t\t\t<\/a>\n\t\t\t<a href=https:\/\/staging.editorialhccp.hcusweb.com\/r\/distribuidores\/ target=\"_blank\" role=\"button\" rel=\"noopener\">\n\t\t\t\t\t\t\tDistribuidores\n\t\t\t\t\t<\/a>\n\t\t\t<a href=\"mailto:vida@harpercollins.com\" target=\"_self\" role=\"button\" rel=\"noopener\">\n\t\t\t\t\t\t\tContacto\n\t\t\t\t\t<\/a>\n\t\t\t<a href=https:\/\/staging.editorialhccp.hcusweb.com\/vida\/ target=\"_blank\" role=\"button\" rel=\"noopener\">\n\t\t\t\t\t\t\tNovedades\n\t\t\t\t\t<\/a>\n\t\t\t\t<img loading=\"lazy\" decoding=\"async\" src=\"\/r\/wp-content\/uploads\/sites\/5\/2023\/02\/EDITORIAL-VIDA-PORTAPL_.png\" alt=\"EDITORIAL VIDA PORTAPL_\" height=\"458\" width=\"1600\" title=\"EDITORIAL VIDA PORTAPL_\" \/>\n\n","protected":false},"excerpt":{"rendered":"<p>BIENVENIDO A NUESTRO PORTAL Editorial Vida es la divisi\u00f3n en espa\u00f1ol de Zondervan, un sello de HarperCollins Christian Publishing dedicado a la publicaci\u00f3n de Biblias en espa\u00f1ol, libros, devocionales y otros recursos que promueven una relaci\u00f3n fiel con Jes\u00fas. Vida mantiene el cat\u00e1logo m\u00e1s grande de productos y recursos cristianos en la cultura hispana &#8211; [&hellip;]<\/p>\n","protected":false},"author":0,"featured_media":0,"parent":12962,"menu_order":0,"comment_status":"closed","ping_status":"closed","template":"","meta":{"_acf_changed":false,"footnotes":""},"class_list":["post-13024","page","type-page","status-publish","hentry"],"acf":[],"yoast_head":"<!-- This site is optimized with the Yoast SEO plugin v27.3 - https:\/\/yoast.com\/product\/yoast-seo-wordpress\/ -->\n<title>Editorial Vida - Portal Videos - Marketing Pages<\/title>\n<meta name=\"robots\" content=\"index, follow, max-snippet:-1, max-image-preview:large, max-video-preview:-1\" \/>\n<link rel=\"canonical\" href=\"https:\/\/staging.editorialhccp.hcusweb.com\/r\/entrenamiento-en-biblias\/cursos\/\" \/>\n<meta property=\"og:locale\" content=\"en_US\" \/>\n<meta property=\"og:type\" content=\"article\" \/>\n<meta property=\"og:title\" content=\"Editorial Vida - Portal Videos - Marketing Pages\" \/>\n<meta property=\"og:description\" content=\"BIENVENIDO A NUESTRO PORTAL Editorial Vida es la divisi\u00f3n en espa\u00f1ol de Zondervan, un sello de HarperCollins Christian Publishing dedicado a la publicaci\u00f3n de Biblias en espa\u00f1ol, libros, devocionales y otros recursos que promueven una relaci\u00f3n fiel con Jes\u00fas. Vida mantiene el cat\u00e1logo m\u00e1s grande de productos y recursos cristianos en la cultura hispana &#8211; [&hellip;]\" \/>\n<meta property=\"og:url\" content=\"https:\/\/staging.editorialhccp.hcusweb.com\/r\/entrenamiento-en-biblias\/cursos\/\" \/>\n<meta property=\"og:site_name\" content=\"Marketing Pages\" \/>\n<meta name=\"twitter:card\" content=\"summary_large_image\" \/>\n<meta name=\"twitter:label1\" content=\"Est. reading time\" \/>\n\t<meta name=\"twitter:data1\" content=\"2 minutes\" \/>\n<script type=\"application\/ld+json\" class=\"yoast-schema-graph\">{\"@context\":\"https:\\\/\\\/schema.org\",\"@graph\":[{\"@type\":\"WebPage\",\"@id\":\"https:\\\/\\\/staging.editorialhccp.hcusweb.com\\\/r\\\/entrenamiento-en-biblias\\\/cursos\\\/\",\"url\":\"https:\\\/\\\/staging.editorialhccp.hcusweb.com\\\/r\\\/entrenamiento-en-biblias\\\/cursos\\\/\",\"name\":\"Editorial Vida - Portal Videos - Marketing Pages\",\"isPartOf\":{\"@id\":\"https:\\\/\\\/staging.editorialhccp.hcusweb.com\\\/r\\\/#website\"},\"datePublished\":\"2023-02-24T09:52:56+00:00\",\"breadcrumb\":{\"@id\":\"https:\\\/\\\/staging.editorialhccp.hcusweb.com\\\/r\\\/entrenamiento-en-biblias\\\/cursos\\\/#breadcrumb\"},\"inLanguage\":\"en-US\",\"potentialAction\":[{\"@type\":\"ReadAction\",\"target\":[\"https:\\\/\\\/staging.editorialhccp.hcusweb.com\\\/r\\\/entrenamiento-en-biblias\\\/cursos\\\/\"]}]},{\"@type\":\"BreadcrumbList\",\"@id\":\"https:\\\/\\\/staging.editorialhccp.hcusweb.com\\\/r\\\/entrenamiento-en-biblias\\\/cursos\\\/#breadcrumb\",\"itemListElement\":[{\"@type\":\"ListItem\",\"position\":1,\"name\":\"Home\",\"item\":\"https:\\\/\\\/staging.editorialhccp.hcusweb.com\\\/r\\\/\"},{\"@type\":\"ListItem\",\"position\":2,\"name\":\"Editorial Vida &#8211; Entrenamiento En Biblias\",\"item\":\"https:\\\/\\\/staging.editorialhccp.hcusweb.com\\\/r\\\/entrenamiento-en-biblias\\\/\"},{\"@type\":\"ListItem\",\"position\":3,\"name\":\"Editorial Vida &#8211; Portal Videos\"}]},{\"@type\":\"WebSite\",\"@id\":\"https:\\\/\\\/staging.editorialhccp.hcusweb.com\\\/r\\\/#website\",\"url\":\"https:\\\/\\\/staging.editorialhccp.hcusweb.com\\\/r\\\/\",\"name\":\"Marketing Pages\",\"description\":\"\",\"potentialAction\":[{\"@type\":\"SearchAction\",\"target\":{\"@type\":\"EntryPoint\",\"urlTemplate\":\"https:\\\/\\\/staging.editorialhccp.hcusweb.com\\\/r\\\/?s={search_term_string}\"},\"query-input\":{\"@type\":\"PropertyValueSpecification\",\"valueRequired\":true,\"valueName\":\"search_term_string\"}}],\"inLanguage\":\"en-US\"}]}<\/script>\n<!-- \/ Yoast SEO plugin. -->","yoast_head_json":{"title":"Editorial Vida - Portal Videos - Marketing Pages","robots":{"index":"index","follow":"follow","max-snippet":"max-snippet:-1","max-image-preview":"max-image-preview:large","max-video-preview":"max-video-preview:-1"},"canonical":"https:\/\/staging.editorialhccp.hcusweb.com\/r\/entrenamiento-en-biblias\/cursos\/","og_locale":"en_US","og_type":"article","og_title":"Editorial Vida - Portal Videos - Marketing Pages","og_description":"BIENVENIDO A NUESTRO PORTAL Editorial Vida es la divisi\u00f3n en espa\u00f1ol de Zondervan, un sello de HarperCollins Christian Publishing dedicado a la publicaci\u00f3n de Biblias en espa\u00f1ol, libros, devocionales y otros recursos que promueven una relaci\u00f3n fiel con Jes\u00fas. Vida mantiene el cat\u00e1logo m\u00e1s grande de productos y recursos cristianos en la cultura hispana &#8211; [&hellip;]","og_url":"https:\/\/staging.editorialhccp.hcusweb.com\/r\/entrenamiento-en-biblias\/cursos\/","og_site_name":"Marketing Pages","twitter_card":"summary_large_image","twitter_misc":{"Est. reading time":"2 minutes"},"schema":{"@context":"https:\/\/schema.org","@graph":[{"@type":"WebPage","@id":"https:\/\/staging.editorialhccp.hcusweb.com\/r\/entrenamiento-en-biblias\/cursos\/","url":"https:\/\/staging.editorialhccp.hcusweb.com\/r\/entrenamiento-en-biblias\/cursos\/","name":"Editorial Vida - Portal Videos - Marketing Pages","isPartOf":{"@id":"https:\/\/staging.editorialhccp.hcusweb.com\/r\/#website"},"datePublished":"2023-02-24T09:52:56+00:00","breadcrumb":{"@id":"https:\/\/staging.editorialhccp.hcusweb.com\/r\/entrenamiento-en-biblias\/cursos\/#breadcrumb"},"inLanguage":"en-US","potentialAction":[{"@type":"ReadAction","target":["https:\/\/staging.editorialhccp.hcusweb.com\/r\/entrenamiento-en-biblias\/cursos\/"]}]},{"@type":"BreadcrumbList","@id":"https:\/\/staging.editorialhccp.hcusweb.com\/r\/entrenamiento-en-biblias\/cursos\/#breadcrumb","itemListElement":[{"@type":"ListItem","position":1,"name":"Home","item":"https:\/\/staging.editorialhccp.hcusweb.com\/r\/"},{"@type":"ListItem","position":2,"name":"Editorial Vida &#8211; Entrenamiento En Biblias","item":"https:\/\/staging.editorialhccp.hcusweb.com\/r\/entrenamiento-en-biblias\/"},{"@type":"ListItem","position":3,"name":"Editorial Vida &#8211; Portal Videos"}]},{"@type":"WebSite","@id":"https:\/\/staging.editorialhccp.hcusweb.com\/r\/#website","url":"https:\/\/staging.editorialhccp.hcusweb.com\/r\/","name":"Marketing Pages","description":"","potentialAction":[{"@type":"SearchAction","target":{"@type":"EntryPoint","urlTemplate":"https:\/\/staging.editorialhccp.hcusweb.com\/r\/?s={search_term_string}"},"query-input":{"@type":"PropertyValueSpecification","valueRequired":true,"valueName":"search_term_string"}}],"inLanguage":"en-US"}]}},"_links":{"self":[{"href":"https:\/\/staging.editorialhccp.hcusweb.com\/r\/wp-json\/wp\/v2\/pages\/13024","targetHints":{"allow":["GET"]}}],"collection":[{"href":"https:\/\/staging.editorialhccp.hcusweb.com\/r\/wp-json\/wp\/v2\/pages"}],"about":[{"href":"https:\/\/staging.editorialhccp.hcusweb.com\/r\/wp-json\/wp\/v2\/types\/page"}],"replies":[{"embeddable":true,"href":"https:\/\/staging.editorialhccp.hcusweb.com\/r\/wp-json\/wp\/v2\/comments?post=13024"}],"version-history":[{"count":0,"href":"https:\/\/staging.editorialhccp.hcusweb.com\/r\/wp-json\/wp\/v2\/pages\/13024\/revisions"}],"up":[{"embeddable":true,"href":"https:\/\/staging.editorialhccp.hcusweb.com\/r\/wp-json\/wp\/v2\/pages\/12962"}],"wp:attachment":[{"href":"https:\/\/staging.editorialhccp.hcusweb.com\/r\/wp-json\/wp\/v2\/media?parent=13024"}],"curies":[{"name":"wp","href":"https:\/\/api.w.org\/{rel}","templated":true}]}}