{"id":13208,"date":"2023-02-28T07:59:52","date_gmt":"2023-02-28T07:59:52","guid":{"rendered":"\/r\/?page_id=13208"},"modified":"2023-02-28T07:59:52","modified_gmt":"2023-02-28T07:59:52","slug":"recursos-para-libreros-y-distribuidores-1","status":"publish","type":"page","link":"https:\/\/staging.editorialhccp.hcusweb.com\/r\/entrenamiento-en-biblias\/recursos-para-libreros-y-distribuidores-1\/","title":{"rendered":"Editorial Vida &#8211; Portal &#8211; Recursos Para Libreros y Distribuidores (Lecci\u00f3n 1)"},"content":{"rendered":"\n\n\t\t\t\t<a href=https:\/\/staging.editorialhccp.hcusweb.com\/r\/entrenamiento-en-biblias\/cursos\/ target=\"_self\" rel=\"noopener\">\n\t\t\t\t<img loading=\"lazy\" decoding=\"async\" src=\"\/r\/wp-content\/uploads\/sites\/5\/2023\/02\/EDITORIAL-VIDA-PORTAPL_.png\" alt=\"EDITORIAL VIDA PORTAPL_\" height=\"458\" width=\"1600\" title=\"EDITORIAL VIDA PORTAPL_\" \/>\n\t\t\t\t<\/a>\n\t<p>RECURSOS PARA LIBREROS Y DISTRIBUIDORES<\/p>\n\t<p>Lecci\u00f3n 1: Apoyo a Librer\u00edas Cristianas <\/p>\n\t<p>\u00bfSab\u00eda usted que el 50% de las personas que entran a una librer\u00eda cristiana en busca de una Biblia, se van confundidas o abrumadas sin conseguir lo que buscan? Esto demuestra la importancia que tiene hoy m\u00e1s que nunca el librero cristiano. La persona que puede guiar al cliente paso a paso en la bella, pero muchas veces dif\u00edcil tarea, de escoger una Biblia.\u00a0<\/p>\n\t\t\n\t\t\t<a href=https:\/\/staging.editorialhccp.hcusweb.com\/r\/portal-para-libreros\/cursos\/ target=\"_self\" role=\"button\" rel=\"noopener\">\n\t\t\t\t\t\tRegresar al portal\n\t\t\t\t\t<\/a>\n\t\t\t<a href=\"https:\/\/drive.google.com\/file\/d\/1LSXZn5hNguWzGZ7DhVWny9IsAeQc8X-L\/view?usp=share_link\" download target=\"_blank\" role=\"button\" rel=\"noopener\">\n\t\t\t\t\t\tDescargar gu\u00eda visual\n\t\t\t\t\t<\/a>\n\t\t\t<a href=\"https:\/\/drive.google.com\/file\/d\/1XS2uJkhkXOuYUfTGkozI6-0yJPTUYyvj\/view?usp=share_link\" download target=\"_blank\" role=\"button\" rel=\"noopener\">\n\t\t\t\t\t\tPon a prueba lo aprendido\n\t\t\t\t\t<\/a>\n\t\t\t<a href=https:\/\/staging.editorialhccp.hcusweb.com\/r\/portal-para-libreros\/recursos-para-libreros-y-distribuidores-2 target=\"_self\" role=\"button\" rel=\"noopener\">\n\t\t\t\t\t\t\tSiguiente lecci\u00f3n\n\t\t\t<\/a>\n\n","protected":false},"excerpt":{"rendered":"<p>RECURSOS PARA LIBREROS Y DISTRIBUIDORES Lecci\u00f3n 1: Apoyo a Librer\u00edas Cristianas \u00bfSab\u00eda usted que el 50% de las personas que entran a una librer\u00eda cristiana en busca de una Biblia, se van confundidas o abrumadas sin conseguir lo que buscan? Esto demuestra la importancia que tiene hoy m\u00e1s que nunca el librero cristiano. La persona [&hellip;]<\/p>\n","protected":false},"author":0,"featured_media":0,"parent":12962,"menu_order":0,"comment_status":"closed","ping_status":"closed","template":"","meta":{"_acf_changed":false,"footnotes":""},"class_list":["post-13208","page","type-page","status-publish","hentry"],"acf":[],"yoast_head":"<!-- This site is optimized with the Yoast SEO plugin v27.3 - https:\/\/yoast.com\/product\/yoast-seo-wordpress\/ -->\n<title>Editorial Vida - Portal - Recursos Para Libreros y Distribuidores (Lecci\u00f3n 1) - Marketing Pages<\/title>\n<meta name=\"robots\" content=\"index, follow, max-snippet:-1, max-image-preview:large, max-video-preview:-1\" \/>\n<link rel=\"canonical\" href=\"https:\/\/staging.editorialhccp.hcusweb.com\/r\/entrenamiento-en-biblias\/recursos-para-libreros-y-distribuidores-1\/\" \/>\n<meta property=\"og:locale\" content=\"en_US\" \/>\n<meta property=\"og:type\" content=\"article\" \/>\n<meta property=\"og:title\" content=\"Editorial Vida - Portal - Recursos Para Libreros y Distribuidores (Lecci\u00f3n 1) - Marketing Pages\" \/>\n<meta property=\"og:description\" content=\"RECURSOS PARA LIBREROS Y DISTRIBUIDORES Lecci\u00f3n 1: Apoyo a Librer\u00edas Cristianas \u00bfSab\u00eda usted que el 50% de las personas que entran a una librer\u00eda cristiana en busca de una Biblia, se van confundidas o abrumadas sin conseguir lo que buscan? Esto demuestra la importancia que tiene hoy m\u00e1s que nunca el librero cristiano. La persona [&hellip;]\" \/>\n<meta property=\"og:url\" content=\"https:\/\/staging.editorialhccp.hcusweb.com\/r\/entrenamiento-en-biblias\/recursos-para-libreros-y-distribuidores-1\/\" \/>\n<meta property=\"og:site_name\" content=\"Marketing Pages\" \/>\n<meta name=\"twitter:card\" content=\"summary_large_image\" \/>\n<meta name=\"twitter:label1\" content=\"Est. reading time\" \/>\n\t<meta name=\"twitter:data1\" content=\"1 minute\" \/>\n<script type=\"application\/ld+json\" class=\"yoast-schema-graph\">{\"@context\":\"https:\\\/\\\/schema.org\",\"@graph\":[{\"@type\":\"WebPage\",\"@id\":\"https:\\\/\\\/staging.editorialhccp.hcusweb.com\\\/r\\\/entrenamiento-en-biblias\\\/recursos-para-libreros-y-distribuidores-1\\\/\",\"url\":\"https:\\\/\\\/staging.editorialhccp.hcusweb.com\\\/r\\\/entrenamiento-en-biblias\\\/recursos-para-libreros-y-distribuidores-1\\\/\",\"name\":\"Editorial Vida - Portal - Recursos Para Libreros y Distribuidores (Lecci\u00f3n 1) - Marketing Pages\",\"isPartOf\":{\"@id\":\"https:\\\/\\\/staging.editorialhccp.hcusweb.com\\\/r\\\/#website\"},\"datePublished\":\"2023-02-28T07:59:52+00:00\",\"breadcrumb\":{\"@id\":\"https:\\\/\\\/staging.editorialhccp.hcusweb.com\\\/r\\\/entrenamiento-en-biblias\\\/recursos-para-libreros-y-distribuidores-1\\\/#breadcrumb\"},\"inLanguage\":\"en-US\",\"potentialAction\":[{\"@type\":\"ReadAction\",\"target\":[\"https:\\\/\\\/staging.editorialhccp.hcusweb.com\\\/r\\\/entrenamiento-en-biblias\\\/recursos-para-libreros-y-distribuidores-1\\\/\"]}]},{\"@type\":\"BreadcrumbList\",\"@id\":\"https:\\\/\\\/staging.editorialhccp.hcusweb.com\\\/r\\\/entrenamiento-en-biblias\\\/recursos-para-libreros-y-distribuidores-1\\\/#breadcrumb\",\"itemListElement\":[{\"@type\":\"ListItem\",\"position\":1,\"name\":\"Home\",\"item\":\"https:\\\/\\\/staging.editorialhccp.hcusweb.com\\\/r\\\/\"},{\"@type\":\"ListItem\",\"position\":2,\"name\":\"Editorial Vida &#8211; Entrenamiento En Biblias\",\"item\":\"https:\\\/\\\/staging.editorialhccp.hcusweb.com\\\/r\\\/entrenamiento-en-biblias\\\/\"},{\"@type\":\"ListItem\",\"position\":3,\"name\":\"Editorial Vida &#8211; Portal &#8211; Recursos Para Libreros y Distribuidores (Lecci\u00f3n 1)\"}]},{\"@type\":\"WebSite\",\"@id\":\"https:\\\/\\\/staging.editorialhccp.hcusweb.com\\\/r\\\/#website\",\"url\":\"https:\\\/\\\/staging.editorialhccp.hcusweb.com\\\/r\\\/\",\"name\":\"Marketing Pages\",\"description\":\"\",\"potentialAction\":[{\"@type\":\"SearchAction\",\"target\":{\"@type\":\"EntryPoint\",\"urlTemplate\":\"https:\\\/\\\/staging.editorialhccp.hcusweb.com\\\/r\\\/?s={search_term_string}\"},\"query-input\":{\"@type\":\"PropertyValueSpecification\",\"valueRequired\":true,\"valueName\":\"search_term_string\"}}],\"inLanguage\":\"en-US\"}]}<\/script>\n<!-- \/ Yoast SEO plugin. -->","yoast_head_json":{"title":"Editorial Vida - Portal - Recursos Para Libreros y Distribuidores (Lecci\u00f3n 1) - Marketing Pages","robots":{"index":"index","follow":"follow","max-snippet":"max-snippet:-1","max-image-preview":"max-image-preview:large","max-video-preview":"max-video-preview:-1"},"canonical":"https:\/\/staging.editorialhccp.hcusweb.com\/r\/entrenamiento-en-biblias\/recursos-para-libreros-y-distribuidores-1\/","og_locale":"en_US","og_type":"article","og_title":"Editorial Vida - Portal - Recursos Para Libreros y Distribuidores (Lecci\u00f3n 1) - Marketing Pages","og_description":"RECURSOS PARA LIBREROS Y DISTRIBUIDORES Lecci\u00f3n 1: Apoyo a Librer\u00edas Cristianas \u00bfSab\u00eda usted que el 50% de las personas que entran a una librer\u00eda cristiana en busca de una Biblia, se van confundidas o abrumadas sin conseguir lo que buscan? Esto demuestra la importancia que tiene hoy m\u00e1s que nunca el librero cristiano. La persona [&hellip;]","og_url":"https:\/\/staging.editorialhccp.hcusweb.com\/r\/entrenamiento-en-biblias\/recursos-para-libreros-y-distribuidores-1\/","og_site_name":"Marketing Pages","twitter_card":"summary_large_image","twitter_misc":{"Est. reading time":"1 minute"},"schema":{"@context":"https:\/\/schema.org","@graph":[{"@type":"WebPage","@id":"https:\/\/staging.editorialhccp.hcusweb.com\/r\/entrenamiento-en-biblias\/recursos-para-libreros-y-distribuidores-1\/","url":"https:\/\/staging.editorialhccp.hcusweb.com\/r\/entrenamiento-en-biblias\/recursos-para-libreros-y-distribuidores-1\/","name":"Editorial Vida - Portal - Recursos Para Libreros y Distribuidores (Lecci\u00f3n 1) - Marketing Pages","isPartOf":{"@id":"https:\/\/staging.editorialhccp.hcusweb.com\/r\/#website"},"datePublished":"2023-02-28T07:59:52+00:00","breadcrumb":{"@id":"https:\/\/staging.editorialhccp.hcusweb.com\/r\/entrenamiento-en-biblias\/recursos-para-libreros-y-distribuidores-1\/#breadcrumb"},"inLanguage":"en-US","potentialAction":[{"@type":"ReadAction","target":["https:\/\/staging.editorialhccp.hcusweb.com\/r\/entrenamiento-en-biblias\/recursos-para-libreros-y-distribuidores-1\/"]}]},{"@type":"BreadcrumbList","@id":"https:\/\/staging.editorialhccp.hcusweb.com\/r\/entrenamiento-en-biblias\/recursos-para-libreros-y-distribuidores-1\/#breadcrumb","itemListElement":[{"@type":"ListItem","position":1,"name":"Home","item":"https:\/\/staging.editorialhccp.hcusweb.com\/r\/"},{"@type":"ListItem","position":2,"name":"Editorial Vida &#8211; Entrenamiento En Biblias","item":"https:\/\/staging.editorialhccp.hcusweb.com\/r\/entrenamiento-en-biblias\/"},{"@type":"ListItem","position":3,"name":"Editorial Vida &#8211; Portal &#8211; Recursos Para Libreros y Distribuidores (Lecci\u00f3n 1)"}]},{"@type":"WebSite","@id":"https:\/\/staging.editorialhccp.hcusweb.com\/r\/#website","url":"https:\/\/staging.editorialhccp.hcusweb.com\/r\/","name":"Marketing Pages","description":"","potentialAction":[{"@type":"SearchAction","target":{"@type":"EntryPoint","urlTemplate":"https:\/\/staging.editorialhccp.hcusweb.com\/r\/?s={search_term_string}"},"query-input":{"@type":"PropertyValueSpecification","valueRequired":true,"valueName":"search_term_string"}}],"inLanguage":"en-US"}]}},"_links":{"self":[{"href":"https:\/\/staging.editorialhccp.hcusweb.com\/r\/wp-json\/wp\/v2\/pages\/13208","targetHints":{"allow":["GET"]}}],"collection":[{"href":"https:\/\/staging.editorialhccp.hcusweb.com\/r\/wp-json\/wp\/v2\/pages"}],"about":[{"href":"https:\/\/staging.editorialhccp.hcusweb.com\/r\/wp-json\/wp\/v2\/types\/page"}],"replies":[{"embeddable":true,"href":"https:\/\/staging.editorialhccp.hcusweb.com\/r\/wp-json\/wp\/v2\/comments?post=13208"}],"version-history":[{"count":0,"href":"https:\/\/staging.editorialhccp.hcusweb.com\/r\/wp-json\/wp\/v2\/pages\/13208\/revisions"}],"up":[{"embeddable":true,"href":"https:\/\/staging.editorialhccp.hcusweb.com\/r\/wp-json\/wp\/v2\/pages\/12962"}],"wp:attachment":[{"href":"https:\/\/staging.editorialhccp.hcusweb.com\/r\/wp-json\/wp\/v2\/media?parent=13208"}],"curies":[{"name":"wp","href":"https:\/\/api.w.org\/{rel}","templated":true}]}}