{"id":13326,"date":"2023-03-09T03:33:24","date_gmt":"2023-03-09T03:33:24","guid":{"rendered":"\/r\/?page_id=13326"},"modified":"2023-03-09T03:33:24","modified_gmt":"2023-03-09T03:33:24","slug":"como-elegir-la-biblia-perfecta-3","status":"publish","type":"page","link":"https:\/\/staging.editorialhccp.hcusweb.com\/r\/entrenamiento-en-biblias\/como-elegir-la-biblia-perfecta-3\/","title":{"rendered":"Editorial Vida &#8211; Portal &#8211; C\u00f3mo Elegir La Biblia Perfecta (Lecci\u00f3n 3)"},"content":{"rendered":"\n\n\t\t\t\t<a href=https:\/\/staging.editorialhccp.hcusweb.com\/r\/entrenamiento-en-biblias\/cursos\/ target=\"_self\" rel=\"noopener\">\n\t\t\t\t<img loading=\"lazy\" decoding=\"async\" src=\"\/r\/wp-content\/uploads\/sites\/5\/2023\/02\/EDITORIAL-VIDA-PORTAPL_.png\" alt=\"EDITORIAL VIDA PORTAPL_\" height=\"458\" width=\"1600\" title=\"EDITORIAL VIDA PORTAPL_\" \/>\n\t\t\t\t<\/a>\n\t<p>C\u00d3MO ELEGIR LA BIBLIA PERFECTA<\/p>\n\tLecci\u00f3n 3:<br \/>\nTipos de Biblia\n\t<p>Si bien escoger la traducci\u00f3n b\u00edblica ideal es el aspecto m\u00e1s importante al elegir una Biblia, casi al mismo nivel de importancia se encuentra pensar en el uso que le vamos a dar. Hoy tenemos gran variedad de traducciones b\u00edblicas, pero tenemos a\u00fan mayor variedad en cuanto a tipos de Biblias.<\/p>\n\t\t\n\t\t\t<a href=https:\/\/staging.editorialhccp.hcusweb.com\/r\/portal-para-libreros\/como-elegir-la-biblia-perfecta-2 target=\"_self\" role=\"button\" rel=\"noopener\">\n\t\t\t\t\t\tLecci\u00f3n anterior\n\t\t\t\t\t<\/a>\n\t\t\t<a href=\"https:\/\/drive.google.com\/file\/d\/1rspb6q05830pYOOMBUnpG0KodGpFLARi\/view?usp=share_link\" download target=\"_blank\" role=\"button\" rel=\"noopener\">\n\t\t\t\t\t\tDescargar gui\u00f3n\n\t\t\t\t\t<\/a>\n\t\t\t<a href=\"https:\/\/drive.google.com\/file\/d\/1ChxbxXRwRgbEPiAgLEDgi3Nja3a8a7yB\/view?usp=share_link\" download target=\"_blank\" role=\"button\" rel=\"noopener\">\n\t\t\t\t\t\tDescargar gu\u00eda visual\n\t\t\t\t\t<\/a>\n\t\t\t<a href=\"https:\/\/drive.google.com\/file\/d\/1OjUQxcOMFzGeSvGlaBFByRCVkSzGi0oF\/view?usp=share_link\" target=\"_blank\" role=\"button\" rel=\"noopener\">\n\t\t\t\t\t\tPon a prueba lo aprendido\n\t\t\t\t\t<\/a>\n\t\t\t<a href=https:\/\/staging.editorialhccp.hcusweb.com\/r\/portal-para-libreros\/como-elegir-la-biblia-perfecta-4 target=\"_self\" role=\"button\" rel=\"noopener\">\n\t\t\t\t\t\t\tSiguiente lecci\u00f3n\n\t\t\t<\/a>\n\n","protected":false},"excerpt":{"rendered":"<p>C\u00d3MO ELEGIR LA BIBLIA PERFECTA Lecci\u00f3n 3: Tipos de Biblia Si bien escoger la traducci\u00f3n b\u00edblica ideal es el aspecto m\u00e1s importante al elegir una Biblia, casi al mismo nivel de importancia se encuentra pensar en el uso que le vamos a dar. Hoy tenemos gran variedad de traducciones b\u00edblicas, pero tenemos a\u00fan mayor variedad [&hellip;]<\/p>\n","protected":false},"author":0,"featured_media":0,"parent":12962,"menu_order":0,"comment_status":"closed","ping_status":"closed","template":"","meta":{"_acf_changed":false,"footnotes":""},"class_list":["post-13326","page","type-page","status-publish","hentry"],"acf":[],"yoast_head":"<!-- This site is optimized with the Yoast SEO plugin v27.3 - https:\/\/yoast.com\/product\/yoast-seo-wordpress\/ -->\n<title>Editorial Vida - Portal - C\u00f3mo Elegir La Biblia Perfecta (Lecci\u00f3n 3) - Marketing Pages<\/title>\n<meta name=\"robots\" content=\"index, follow, max-snippet:-1, max-image-preview:large, max-video-preview:-1\" \/>\n<link rel=\"canonical\" href=\"https:\/\/staging.editorialhccp.hcusweb.com\/r\/entrenamiento-en-biblias\/como-elegir-la-biblia-perfecta-3\/\" \/>\n<meta property=\"og:locale\" content=\"en_US\" \/>\n<meta property=\"og:type\" content=\"article\" \/>\n<meta property=\"og:title\" content=\"Editorial Vida - Portal - C\u00f3mo Elegir La Biblia Perfecta (Lecci\u00f3n 3) - Marketing Pages\" \/>\n<meta property=\"og:description\" content=\"C\u00d3MO ELEGIR LA BIBLIA PERFECTA Lecci\u00f3n 3: Tipos de Biblia Si bien escoger la traducci\u00f3n b\u00edblica ideal es el aspecto m\u00e1s importante al elegir una Biblia, casi al mismo nivel de importancia se encuentra pensar en el uso que le vamos a dar. Hoy tenemos gran variedad de traducciones b\u00edblicas, pero tenemos a\u00fan mayor variedad [&hellip;]\" \/>\n<meta property=\"og:url\" content=\"https:\/\/staging.editorialhccp.hcusweb.com\/r\/entrenamiento-en-biblias\/como-elegir-la-biblia-perfecta-3\/\" \/>\n<meta property=\"og:site_name\" content=\"Marketing Pages\" \/>\n<meta name=\"twitter:card\" content=\"summary_large_image\" \/>\n<meta name=\"twitter:label1\" content=\"Est. reading time\" \/>\n\t<meta name=\"twitter:data1\" content=\"1 minute\" \/>\n<script type=\"application\/ld+json\" class=\"yoast-schema-graph\">{\"@context\":\"https:\\\/\\\/schema.org\",\"@graph\":[{\"@type\":\"WebPage\",\"@id\":\"https:\\\/\\\/staging.editorialhccp.hcusweb.com\\\/r\\\/entrenamiento-en-biblias\\\/como-elegir-la-biblia-perfecta-3\\\/\",\"url\":\"https:\\\/\\\/staging.editorialhccp.hcusweb.com\\\/r\\\/entrenamiento-en-biblias\\\/como-elegir-la-biblia-perfecta-3\\\/\",\"name\":\"Editorial Vida - Portal - C\u00f3mo Elegir La Biblia Perfecta (Lecci\u00f3n 3) - Marketing Pages\",\"isPartOf\":{\"@id\":\"https:\\\/\\\/staging.editorialhccp.hcusweb.com\\\/r\\\/#website\"},\"datePublished\":\"2023-03-09T03:33:24+00:00\",\"breadcrumb\":{\"@id\":\"https:\\\/\\\/staging.editorialhccp.hcusweb.com\\\/r\\\/entrenamiento-en-biblias\\\/como-elegir-la-biblia-perfecta-3\\\/#breadcrumb\"},\"inLanguage\":\"en-US\",\"potentialAction\":[{\"@type\":\"ReadAction\",\"target\":[\"https:\\\/\\\/staging.editorialhccp.hcusweb.com\\\/r\\\/entrenamiento-en-biblias\\\/como-elegir-la-biblia-perfecta-3\\\/\"]}]},{\"@type\":\"BreadcrumbList\",\"@id\":\"https:\\\/\\\/staging.editorialhccp.hcusweb.com\\\/r\\\/entrenamiento-en-biblias\\\/como-elegir-la-biblia-perfecta-3\\\/#breadcrumb\",\"itemListElement\":[{\"@type\":\"ListItem\",\"position\":1,\"name\":\"Home\",\"item\":\"https:\\\/\\\/staging.editorialhccp.hcusweb.com\\\/r\\\/\"},{\"@type\":\"ListItem\",\"position\":2,\"name\":\"Editorial Vida &#8211; Entrenamiento En Biblias\",\"item\":\"https:\\\/\\\/staging.editorialhccp.hcusweb.com\\\/r\\\/entrenamiento-en-biblias\\\/\"},{\"@type\":\"ListItem\",\"position\":3,\"name\":\"Editorial Vida &#8211; Portal &#8211; C\u00f3mo Elegir La Biblia Perfecta (Lecci\u00f3n 3)\"}]},{\"@type\":\"WebSite\",\"@id\":\"https:\\\/\\\/staging.editorialhccp.hcusweb.com\\\/r\\\/#website\",\"url\":\"https:\\\/\\\/staging.editorialhccp.hcusweb.com\\\/r\\\/\",\"name\":\"Marketing Pages\",\"description\":\"\",\"potentialAction\":[{\"@type\":\"SearchAction\",\"target\":{\"@type\":\"EntryPoint\",\"urlTemplate\":\"https:\\\/\\\/staging.editorialhccp.hcusweb.com\\\/r\\\/?s={search_term_string}\"},\"query-input\":{\"@type\":\"PropertyValueSpecification\",\"valueRequired\":true,\"valueName\":\"search_term_string\"}}],\"inLanguage\":\"en-US\"}]}<\/script>\n<!-- \/ Yoast SEO plugin. -->","yoast_head_json":{"title":"Editorial Vida - Portal - C\u00f3mo Elegir La Biblia Perfecta (Lecci\u00f3n 3) - Marketing Pages","robots":{"index":"index","follow":"follow","max-snippet":"max-snippet:-1","max-image-preview":"max-image-preview:large","max-video-preview":"max-video-preview:-1"},"canonical":"https:\/\/staging.editorialhccp.hcusweb.com\/r\/entrenamiento-en-biblias\/como-elegir-la-biblia-perfecta-3\/","og_locale":"en_US","og_type":"article","og_title":"Editorial Vida - Portal - C\u00f3mo Elegir La Biblia Perfecta (Lecci\u00f3n 3) - Marketing Pages","og_description":"C\u00d3MO ELEGIR LA BIBLIA PERFECTA Lecci\u00f3n 3: Tipos de Biblia Si bien escoger la traducci\u00f3n b\u00edblica ideal es el aspecto m\u00e1s importante al elegir una Biblia, casi al mismo nivel de importancia se encuentra pensar en el uso que le vamos a dar. Hoy tenemos gran variedad de traducciones b\u00edblicas, pero tenemos a\u00fan mayor variedad [&hellip;]","og_url":"https:\/\/staging.editorialhccp.hcusweb.com\/r\/entrenamiento-en-biblias\/como-elegir-la-biblia-perfecta-3\/","og_site_name":"Marketing Pages","twitter_card":"summary_large_image","twitter_misc":{"Est. reading time":"1 minute"},"schema":{"@context":"https:\/\/schema.org","@graph":[{"@type":"WebPage","@id":"https:\/\/staging.editorialhccp.hcusweb.com\/r\/entrenamiento-en-biblias\/como-elegir-la-biblia-perfecta-3\/","url":"https:\/\/staging.editorialhccp.hcusweb.com\/r\/entrenamiento-en-biblias\/como-elegir-la-biblia-perfecta-3\/","name":"Editorial Vida - Portal - C\u00f3mo Elegir La Biblia Perfecta (Lecci\u00f3n 3) - Marketing Pages","isPartOf":{"@id":"https:\/\/staging.editorialhccp.hcusweb.com\/r\/#website"},"datePublished":"2023-03-09T03:33:24+00:00","breadcrumb":{"@id":"https:\/\/staging.editorialhccp.hcusweb.com\/r\/entrenamiento-en-biblias\/como-elegir-la-biblia-perfecta-3\/#breadcrumb"},"inLanguage":"en-US","potentialAction":[{"@type":"ReadAction","target":["https:\/\/staging.editorialhccp.hcusweb.com\/r\/entrenamiento-en-biblias\/como-elegir-la-biblia-perfecta-3\/"]}]},{"@type":"BreadcrumbList","@id":"https:\/\/staging.editorialhccp.hcusweb.com\/r\/entrenamiento-en-biblias\/como-elegir-la-biblia-perfecta-3\/#breadcrumb","itemListElement":[{"@type":"ListItem","position":1,"name":"Home","item":"https:\/\/staging.editorialhccp.hcusweb.com\/r\/"},{"@type":"ListItem","position":2,"name":"Editorial Vida &#8211; Entrenamiento En Biblias","item":"https:\/\/staging.editorialhccp.hcusweb.com\/r\/entrenamiento-en-biblias\/"},{"@type":"ListItem","position":3,"name":"Editorial Vida &#8211; Portal &#8211; C\u00f3mo Elegir La Biblia Perfecta (Lecci\u00f3n 3)"}]},{"@type":"WebSite","@id":"https:\/\/staging.editorialhccp.hcusweb.com\/r\/#website","url":"https:\/\/staging.editorialhccp.hcusweb.com\/r\/","name":"Marketing Pages","description":"","potentialAction":[{"@type":"SearchAction","target":{"@type":"EntryPoint","urlTemplate":"https:\/\/staging.editorialhccp.hcusweb.com\/r\/?s={search_term_string}"},"query-input":{"@type":"PropertyValueSpecification","valueRequired":true,"valueName":"search_term_string"}}],"inLanguage":"en-US"}]}},"_links":{"self":[{"href":"https:\/\/staging.editorialhccp.hcusweb.com\/r\/wp-json\/wp\/v2\/pages\/13326","targetHints":{"allow":["GET"]}}],"collection":[{"href":"https:\/\/staging.editorialhccp.hcusweb.com\/r\/wp-json\/wp\/v2\/pages"}],"about":[{"href":"https:\/\/staging.editorialhccp.hcusweb.com\/r\/wp-json\/wp\/v2\/types\/page"}],"replies":[{"embeddable":true,"href":"https:\/\/staging.editorialhccp.hcusweb.com\/r\/wp-json\/wp\/v2\/comments?post=13326"}],"version-history":[{"count":0,"href":"https:\/\/staging.editorialhccp.hcusweb.com\/r\/wp-json\/wp\/v2\/pages\/13326\/revisions"}],"up":[{"embeddable":true,"href":"https:\/\/staging.editorialhccp.hcusweb.com\/r\/wp-json\/wp\/v2\/pages\/12962"}],"wp:attachment":[{"href":"https:\/\/staging.editorialhccp.hcusweb.com\/r\/wp-json\/wp\/v2\/media?parent=13326"}],"curies":[{"name":"wp","href":"https:\/\/api.w.org\/{rel}","templated":true}]}}