{"id":13333,"date":"2023-03-09T03:36:11","date_gmt":"2023-03-09T03:36:11","guid":{"rendered":"\/r\/?page_id=13333"},"modified":"2023-03-09T03:36:11","modified_gmt":"2023-03-09T03:36:11","slug":"como-elegir-la-biblia-perfecta-4","status":"publish","type":"page","link":"https:\/\/staging.editorialhccp.hcusweb.com\/r\/entrenamiento-en-biblias\/como-elegir-la-biblia-perfecta-4\/","title":{"rendered":"Editorial Vida &#8211; Portal &#8211; C\u00f3mo Elegir La Biblia Perfecta (Lecci\u00f3n 4)"},"content":{"rendered":"\n\n\t\t\t\t<a href=https:\/\/staging.editorialhccp.hcusweb.com\/r\/entrenamiento-en-biblias\/cursos\/ target=\"_self\" rel=\"noopener\">\n\t\t\t\t<img loading=\"lazy\" decoding=\"async\" src=\"\/r\/wp-content\/uploads\/sites\/5\/2023\/02\/EDITORIAL-VIDA-PORTAPL_.png\" alt=\"EDITORIAL VIDA PORTAPL_\" height=\"458\" width=\"1600\" title=\"EDITORIAL VIDA PORTAPL_\" \/>\n\t\t\t\t<\/a>\n\t<p>C\u00d3MO ELEGIR LA BIBLIA PERFECTA<\/p>\n\tLecci\u00f3n 4:<br \/>\nCalidad\n\t<p>Si bien es com\u00fan que diferentes sellos editoriales publiquen la misma traducci\u00f3n b\u00edblica, por ejemplo la Reina Valera en sus distintas revisiones, la calidad del dise\u00f1o y los materiales pueden variar grandemente entre una biblia y otra.<\/p>\n\t\t\n\t\t\t<a href=https:\/\/staging.editorialhccp.hcusweb.com\/r\/portal-para-libreros\/como-elegir-la-biblia-perfecta-3 target=\"_self\" role=\"button\" rel=\"noopener\">\n\t\t\t\t\t\tLecci\u00f3n anterior\n\t\t\t\t\t<\/a>\n\t\t\t<a href=\"https:\/\/drive.google.com\/file\/d\/1fS9AksA95UbUTACP5GhytTCcnKEiuFRo\/view?usp=share_link\" download target=\"_blank\" role=\"button\" rel=\"noopener\">\n\t\t\t\t\t\tDescargar el gui\u00f3n\n\t\t\t\t\t<\/a>\n\t\t\t<a href=\"https:\/\/drive.google.com\/file\/d\/1fCBnU-u65SRl15Uyw5NkJmS65yDh95dk\/view?usp=share_link\" download target=\"_blank\" role=\"button\" rel=\"noopener\">\n\t\t\t\t\t\tPon a prueba lo aprendido\n\t\t\t\t\t<\/a>\n\t\t\t<a href=\"#\" role=\"button\">\n\t\t\t\t\t\t\tTerminar Curso\n\t\t\t<\/a>\n\t\t\n\n\n\t\n\t\n\t<!--[if mso]&gt;96&lt;![endif]--><!--[if !mso]&gt;&gt;-->\n\t&lt;!&#8211;\n\t\n\t\t* {\n\t\t\tbox-sizing: border-box;\n\t\t}\n\t\tbody {\n\t\t\tmargin: 0;\n\t\t\tpadding: 0;\n\t\t}\n\t\ta[x-apple-data-detectors] {\n\t\t\tcolor: inherit !important;\n\t\t\ttext-decoration: inherit !important;\n\t\t}\n\t\t#MessageViewBody a {\n\t\t\tcolor: inherit;\n\t\t\ttext-decoration: none;\n\t\t}\n\t\tp {\n\t\t\tline-height: inherit\n\t\t}\n\t\t.desktop_hide,\n\t\t.desktop_hide table {\n\t\t\tmso-hide: all;\n\t\t\tdisplay: none;\n\t\t\tmax-height: 0px;\n\t\t\toverflow: hidden;\n\t\t}\n\t\t.image_block img+div {\n\t\t\tdisplay: none;\n\t\t}\n\t\t@media (max-width:595px) {\n\t\t\t.image_block img.big,\n\t\t\t.row-content {\n\t\t\t\twidth: 100% !important;\n\t\t\t}\n\t\t\t.mobile_hide {\n\t\t\t\tdisplay: none;\n\t\t\t}\n\t\t\t.stack .column {\n\t\t\t\twidth: 100%;\n\t\t\t\tdisplay: block;\n\t\t\t}\n\t\t\t.mobile_hide {\n\t\t\t\tmin-height: 0;\n\t\t\t\tmax-height: 0;\n\t\t\t\tmax-width: 0;\n\t\t\t\toverflow: hidden;\n\t\t\t\tfont-size: 0px;\n\t\t\t}\n\t\t\t.desktop_hide,\n\t\t\t.desktop_hide table {\n\t\t\t\tdisplay: table !important;\n\t\t\t\tmax-height: none !important;\n\t\t\t}\n\t\t}\n\t\n\n\n\t<table width=\"100%\" border=\"0\" cellpadding=\"0\" cellspacing=\"0\" role=\"presentation\">\n\t\t<tbody>\n\t\t\t<tr>\n\t\t\t\t<td>\n\t\t\t\t\t<table align=\"center\" width=\"100%\" border=\"0\" cellpadding=\"0\" cellspacing=\"0\" role=\"presentation\">\n\t\t\t\t\t\t<tbody>\n\t\t\t\t\t\t\t<tr>\n\t\t\t\t\t\t\t\t<td>\n\t\t\t\t\t\t\t\t\t<table align=\"center\" border=\"0\" cellpadding=\"0\" cellspacing=\"0\" role=\"presentation\" width=\"575\">\n\t\t\t\t\t\t\t\t\t\t<tbody>\n\t\t\t\t\t\t\t\t\t\t\t<tr>\n\t\t\t\t\t\t\t\t\t\t\t\t<td width=\"100%\">\n\t\t\t\t\t\t\t\t\t\t\t\t\t<table width=\"100%\" border=\"0\" cellpadding=\"20\" cellspacing=\"0\" role=\"presentation\">\n\t\t\t\t\t\t\t\t\t\t\t\t\t\t<tr>\n\t\t\t\t\t\t\t\t\t\t\t\t\t\t\t<td>\n\t\t\t\t\t\t\t\t\t\t\t\t\t\t\t\t<img decoding=\"async\" src=\"https:\/\/d15k2d11r6t6rl.cloudfront.net\/public\/users\/Integrators\/BeeProAgency\/842369_826396\/editorial%20vida%20portal%20logo_.png\" width=\"230\" alt=\"Your Logo\" title=\"Your Logo\" \/>\n\t\t\t\t\t\t\t\t\t\t\t\t\t\t\t<\/td>\n\t\t\t\t\t\t\t\t\t\t\t\t\t\t<\/tr>\n\t\t\t\t\t\t\t\t\t\t\t\t\t<\/table>\n\t\t\t\t\t\t\t\t\t\t\t\t\t<table width=\"100%\" border=\"0\" cellpadding=\"0\" cellspacing=\"0\" role=\"presentation\">\n\t\t\t\t\t\t\t\t\t\t\t\t\t\t<tr>\n\t\t\t\t\t\t\t\t\t\t\t\t\t\t\t<td>\n\t\t\t\t\t\t\t\t\t\t\t\t\t\t\t\t\t\t<strong>\u00a1Haz completado el segundo curso!<\/strong>\n\t\t\t\t\t\t\t\t\t\t\t\t\t\t\t<\/td>\n\t\t\t\t\t\t\t\t\t\t\t\t\t\t<\/tr>\n\t\t\t\t\t\t\t\t\t\t\t\t\t<\/table>\n\t\t\t\t\t\t\t\t\t\t\t\t<\/td>\n\t\t\t\t\t\t\t\t\t\t\t<\/tr>\n\t\t\t\t\t\t\t\t\t\t<\/tbody>\n\t\t\t\t\t\t\t\t\t<\/table>\n\t\t\t\t\t\t\t\t<\/td>\n\t\t\t\t\t\t\t<\/tr>\n\t\t\t\t\t\t<\/tbody>\n\t\t\t\t\t<\/table>\n\t\t\t\t\t<table align=\"center\" width=\"100%\" border=\"0\" cellpadding=\"0\" cellspacing=\"0\" role=\"presentation\">\n\t\t\t\t\t\t<tbody>\n\t\t\t\t\t\t\t<tr>\n\t\t\t\t\t\t\t\t<td>\n\t\t\t\t\t\t\t\t\t<table align=\"center\" border=\"0\" cellpadding=\"0\" cellspacing=\"0\" role=\"presentation\" width=\"575\">\n\t\t\t\t\t\t\t\t\t\t<tbody>\n\t\t\t\t\t\t\t\t\t\t\t<tr>\n\t\t\t\t\t\t\t\t\t\t\t\t<td width=\"100%\">\n\t\t\t\t\t\t\t\t\t\t\t\t\t<table width=\"100%\" border=\"0\" cellpadding=\"10\" cellspacing=\"0\" role=\"presentation\">\n\t\t\t\t\t\t\t\t\t\t\t\t\t\t<tr>\n\t\t\t\t\t\t\t\t\t\t\t\t\t\t\t<td>\n\t\t\t\t\t\t\t\t\t\t\t\t\t\t\t\t<h1><strong>Selecciona&nbsp;el siguiente curso para continuar<br \/>con tu capacitaci\u00f3n.<\/strong><\/h1>\n\t\t\t\t\t\t\t\t\t\t\t\t\t\t\t<\/td>\n\t\t\t\t\t\t\t\t\t\t\t\t\t\t<\/tr>\n\t\t\t\t\t\t\t\t\t\t\t\t\t<\/table>\n\t\t\t\t\t\t\t\t\t\t\t\t\t<table width=\"100%\" border=\"0\" cellpadding=\"5\" cellspacing=\"0\" role=\"presentation\">\n\t\t\t\t\t\t\t\t\t\t\t\t\t\t<tr>\n\t\t\t\t\t\t\t\t\t\t\t\t\t\t\t<td>\n\t\t\t\t\t\t\t\t\t\t\t\t\t\t\t\t<a href=https:\/\/staging.editorialhccp.hcusweb.com\/r\/portal-para-libreros\/recursos-para-libreros-y-distribuidores-1\/ target=\"_blank\" rel=\"noopener\"><img decoding=\"async\" src=\"https:\/\/d15k2d11r6t6rl.cloudfront.net\/public\/users\/Integrators\/BeeProAgency\/842369_826396\/Recursos%20para%20libreros%20y%20distribuidores%20.png\" width=\"518\" alt=\"I'm an image\" title=\"I'm an image\" \/><\/a>\n\t\t\t\t\t\t\t\t\t\t\t\t\t\t\t<\/td>\n\t\t\t\t\t\t\t\t\t\t\t\t\t\t<\/tr>\n\t\t\t\t\t\t\t\t\t\t\t\t\t<\/table>\n\t\t\t\t\t\t\t\t\t\t\t\t\t<table width=\"100%\" border=\"0\" cellpadding=\"10\" cellspacing=\"0\" role=\"presentation\">\n\t\t\t\t\t\t\t\t\t\t\t\t\t\t<tr>\n\t\t\t\t\t\t\t\t\t\t\t\t\t\t\t<td>\n\t\t\t\t\t\t\t\t\t\t\t\t\t\t\t\t<!--[if mso]&gt;&lt;![endif]--><a href=https:\/\/staging.editorialhccp.hcusweb.com\/r\/portal-para-libreros\/recursos-para-libreros-y-distribuidores-1\/ target=\"_blank\" rel=\"noopener\">TOMAR EL CURSO<\/a><!--[if mso]&gt;&lt;![endif]-->\n\t\t\t\t\t\t\t\t\t\t\t\t\t\t\t<\/td>\n\t\t\t\t\t\t\t\t\t\t\t\t\t\t<\/tr>\n\t\t\t\t\t\t\t\t\t\t\t\t\t<\/table>\n\t\t\t\t\t\t\t\t\t\t\t\t<\/td>\n\t\t\t\t\t\t\t\t\t\t\t<\/tr>\n\t\t\t\t\t\t\t\t\t\t<\/tbody>\n\t\t\t\t\t\t\t\t\t<\/table>\n\t\t\t\t\t\t\t\t<\/td>\n\t\t\t\t\t\t\t<\/tr>\n\t\t\t\t\t\t<\/tbody>\n\t\t\t\t\t<\/table>\n\t\t\t\t\t<table align=\"center\" width=\"100%\" border=\"0\" cellpadding=\"0\" cellspacing=\"0\" role=\"presentation\">\n\t\t\t\t\t\t<tbody>\n\t\t\t\t\t\t\t<tr>\n\t\t\t\t\t\t\t\t<td>\n\t\t\t\t\t\t\t\t\t<table align=\"center\" border=\"0\" cellpadding=\"0\" cellspacing=\"0\" role=\"presentation\" width=\"575\">\n\t\t\t\t\t\t\t\t\t\t<tbody>\n\t\t\t\t\t\t\t\t\t\t\t<tr>\n\t\t\t\t\t\t\t\t\t\t\t\t<td width=\"100%\">\n\t\t\t\t\t\t\t\t\t\t\t\t\t&#8202;\n\t\t\t\t\t\t\t\t\t\t\t\t<\/td>\n\t\t\t\t\t\t\t\t\t\t\t<\/tr>\n\t\t\t\t\t\t\t\t\t\t<\/tbody>\n\t\t\t\t\t\t\t\t\t<\/table>\n\t\t\t\t\t\t\t\t<\/td>\n\t\t\t\t\t\t\t<\/tr>\n\t\t\t\t\t\t<\/tbody>\n\t\t\t\t\t<\/table>\n\t\t\t\t<\/td>\n\t\t\t<\/tr>\n\t\t<\/tbody>\n\t<\/table><!-- End -->\n\n\n\n","protected":false},"excerpt":{"rendered":"<p>C\u00d3MO ELEGIR LA BIBLIA PERFECTA Lecci\u00f3n 4: Calidad Si bien es com\u00fan que diferentes sellos editoriales publiquen la misma traducci\u00f3n b\u00edblica, por ejemplo la Reina Valera en sus distintas revisiones, la calidad del dise\u00f1o y los materiales pueden variar grandemente entre una biblia y otra. Lecci\u00f3n anterior Descargar el gui\u00f3n Pon a prueba lo aprendido [&hellip;]<\/p>\n","protected":false},"author":0,"featured_media":0,"parent":12962,"menu_order":0,"comment_status":"closed","ping_status":"closed","template":"","meta":{"_acf_changed":false,"footnotes":""},"class_list":["post-13333","page","type-page","status-publish","hentry"],"acf":[],"yoast_head":"<!-- This site is optimized with the Yoast SEO plugin v27.3 - https:\/\/yoast.com\/product\/yoast-seo-wordpress\/ -->\n<title>Editorial Vida - Portal - C\u00f3mo Elegir La Biblia Perfecta (Lecci\u00f3n 4) - Marketing Pages<\/title>\n<meta name=\"robots\" content=\"index, follow, max-snippet:-1, max-image-preview:large, max-video-preview:-1\" \/>\n<link rel=\"canonical\" href=\"https:\/\/staging.editorialhccp.hcusweb.com\/r\/entrenamiento-en-biblias\/como-elegir-la-biblia-perfecta-4\/\" \/>\n<meta property=\"og:locale\" content=\"en_US\" \/>\n<meta property=\"og:type\" content=\"article\" \/>\n<meta property=\"og:title\" content=\"Editorial Vida - Portal - C\u00f3mo Elegir La Biblia Perfecta (Lecci\u00f3n 4) - Marketing Pages\" \/>\n<meta property=\"og:description\" content=\"C\u00d3MO ELEGIR LA BIBLIA PERFECTA Lecci\u00f3n 4: Calidad Si bien es com\u00fan que diferentes sellos editoriales publiquen la misma traducci\u00f3n b\u00edblica, por ejemplo la Reina Valera en sus distintas revisiones, la calidad del dise\u00f1o y los materiales pueden variar grandemente entre una biblia y otra. Lecci\u00f3n anterior Descargar el gui\u00f3n Pon a prueba lo aprendido [&hellip;]\" \/>\n<meta property=\"og:url\" content=\"https:\/\/staging.editorialhccp.hcusweb.com\/r\/entrenamiento-en-biblias\/como-elegir-la-biblia-perfecta-4\/\" \/>\n<meta property=\"og:site_name\" content=\"Marketing Pages\" \/>\n<meta property=\"og:image\" content=\"https:\/\/d15k2d11r6t6rl.cloudfront.net\/public\/users\/Integrators\/BeeProAgency\/842369_826396\/editorial%20vida%20portal%20logo_.png\" \/>\n<meta name=\"twitter:card\" content=\"summary_large_image\" \/>\n<meta name=\"twitter:label1\" content=\"Est. reading time\" \/>\n\t<meta name=\"twitter:data1\" content=\"1 minute\" \/>\n<script type=\"application\/ld+json\" class=\"yoast-schema-graph\">{\"@context\":\"https:\\\/\\\/schema.org\",\"@graph\":[{\"@type\":\"WebPage\",\"@id\":\"https:\\\/\\\/staging.editorialhccp.hcusweb.com\\\/r\\\/entrenamiento-en-biblias\\\/como-elegir-la-biblia-perfecta-4\\\/\",\"url\":\"https:\\\/\\\/staging.editorialhccp.hcusweb.com\\\/r\\\/entrenamiento-en-biblias\\\/como-elegir-la-biblia-perfecta-4\\\/\",\"name\":\"Editorial Vida - Portal - C\u00f3mo Elegir La Biblia Perfecta (Lecci\u00f3n 4) - Marketing Pages\",\"isPartOf\":{\"@id\":\"https:\\\/\\\/staging.editorialhccp.hcusweb.com\\\/r\\\/#website\"},\"primaryImageOfPage\":{\"@id\":\"https:\\\/\\\/staging.editorialhccp.hcusweb.com\\\/r\\\/entrenamiento-en-biblias\\\/como-elegir-la-biblia-perfecta-4\\\/#primaryimage\"},\"image\":{\"@id\":\"https:\\\/\\\/staging.editorialhccp.hcusweb.com\\\/r\\\/entrenamiento-en-biblias\\\/como-elegir-la-biblia-perfecta-4\\\/#primaryimage\"},\"thumbnailUrl\":\"https:\\\/\\\/d15k2d11r6t6rl.cloudfront.net\\\/public\\\/users\\\/Integrators\\\/BeeProAgency\\\/842369_826396\\\/editorial%20vida%20portal%20logo_.png\",\"datePublished\":\"2023-03-09T03:36:11+00:00\",\"breadcrumb\":{\"@id\":\"https:\\\/\\\/staging.editorialhccp.hcusweb.com\\\/r\\\/entrenamiento-en-biblias\\\/como-elegir-la-biblia-perfecta-4\\\/#breadcrumb\"},\"inLanguage\":\"en-US\",\"potentialAction\":[{\"@type\":\"ReadAction\",\"target\":[\"https:\\\/\\\/staging.editorialhccp.hcusweb.com\\\/r\\\/entrenamiento-en-biblias\\\/como-elegir-la-biblia-perfecta-4\\\/\"]}]},{\"@type\":\"ImageObject\",\"inLanguage\":\"en-US\",\"@id\":\"https:\\\/\\\/staging.editorialhccp.hcusweb.com\\\/r\\\/entrenamiento-en-biblias\\\/como-elegir-la-biblia-perfecta-4\\\/#primaryimage\",\"url\":\"https:\\\/\\\/d15k2d11r6t6rl.cloudfront.net\\\/public\\\/users\\\/Integrators\\\/BeeProAgency\\\/842369_826396\\\/editorial%20vida%20portal%20logo_.png\",\"contentUrl\":\"https:\\\/\\\/d15k2d11r6t6rl.cloudfront.net\\\/public\\\/users\\\/Integrators\\\/BeeProAgency\\\/842369_826396\\\/editorial%20vida%20portal%20logo_.png\"},{\"@type\":\"BreadcrumbList\",\"@id\":\"https:\\\/\\\/staging.editorialhccp.hcusweb.com\\\/r\\\/entrenamiento-en-biblias\\\/como-elegir-la-biblia-perfecta-4\\\/#breadcrumb\",\"itemListElement\":[{\"@type\":\"ListItem\",\"position\":1,\"name\":\"Home\",\"item\":\"https:\\\/\\\/staging.editorialhccp.hcusweb.com\\\/r\\\/\"},{\"@type\":\"ListItem\",\"position\":2,\"name\":\"Editorial Vida &#8211; Entrenamiento En Biblias\",\"item\":\"https:\\\/\\\/staging.editorialhccp.hcusweb.com\\\/r\\\/entrenamiento-en-biblias\\\/\"},{\"@type\":\"ListItem\",\"position\":3,\"name\":\"Editorial Vida &#8211; Portal &#8211; C\u00f3mo Elegir La Biblia Perfecta (Lecci\u00f3n 4)\"}]},{\"@type\":\"WebSite\",\"@id\":\"https:\\\/\\\/staging.editorialhccp.hcusweb.com\\\/r\\\/#website\",\"url\":\"https:\\\/\\\/staging.editorialhccp.hcusweb.com\\\/r\\\/\",\"name\":\"Marketing Pages\",\"description\":\"\",\"potentialAction\":[{\"@type\":\"SearchAction\",\"target\":{\"@type\":\"EntryPoint\",\"urlTemplate\":\"https:\\\/\\\/staging.editorialhccp.hcusweb.com\\\/r\\\/?s={search_term_string}\"},\"query-input\":{\"@type\":\"PropertyValueSpecification\",\"valueRequired\":true,\"valueName\":\"search_term_string\"}}],\"inLanguage\":\"en-US\"}]}<\/script>\n<!-- \/ Yoast SEO plugin. -->","yoast_head_json":{"title":"Editorial Vida - Portal - C\u00f3mo Elegir La Biblia Perfecta (Lecci\u00f3n 4) - Marketing Pages","robots":{"index":"index","follow":"follow","max-snippet":"max-snippet:-1","max-image-preview":"max-image-preview:large","max-video-preview":"max-video-preview:-1"},"canonical":"https:\/\/staging.editorialhccp.hcusweb.com\/r\/entrenamiento-en-biblias\/como-elegir-la-biblia-perfecta-4\/","og_locale":"en_US","og_type":"article","og_title":"Editorial Vida - Portal - C\u00f3mo Elegir La Biblia Perfecta (Lecci\u00f3n 4) - Marketing Pages","og_description":"C\u00d3MO ELEGIR LA BIBLIA PERFECTA Lecci\u00f3n 4: Calidad Si bien es com\u00fan que diferentes sellos editoriales publiquen la misma traducci\u00f3n b\u00edblica, por ejemplo la Reina Valera en sus distintas revisiones, la calidad del dise\u00f1o y los materiales pueden variar grandemente entre una biblia y otra. Lecci\u00f3n anterior Descargar el gui\u00f3n Pon a prueba lo aprendido [&hellip;]","og_url":"https:\/\/staging.editorialhccp.hcusweb.com\/r\/entrenamiento-en-biblias\/como-elegir-la-biblia-perfecta-4\/","og_site_name":"Marketing Pages","og_image":[{"url":"https:\/\/d15k2d11r6t6rl.cloudfront.net\/public\/users\/Integrators\/BeeProAgency\/842369_826396\/editorial%20vida%20portal%20logo_.png","type":"","width":"","height":""}],"twitter_card":"summary_large_image","twitter_misc":{"Est. reading time":"1 minute"},"schema":{"@context":"https:\/\/schema.org","@graph":[{"@type":"WebPage","@id":"https:\/\/staging.editorialhccp.hcusweb.com\/r\/entrenamiento-en-biblias\/como-elegir-la-biblia-perfecta-4\/","url":"https:\/\/staging.editorialhccp.hcusweb.com\/r\/entrenamiento-en-biblias\/como-elegir-la-biblia-perfecta-4\/","name":"Editorial Vida - Portal - C\u00f3mo Elegir La Biblia Perfecta (Lecci\u00f3n 4) - Marketing Pages","isPartOf":{"@id":"https:\/\/staging.editorialhccp.hcusweb.com\/r\/#website"},"primaryImageOfPage":{"@id":"https:\/\/staging.editorialhccp.hcusweb.com\/r\/entrenamiento-en-biblias\/como-elegir-la-biblia-perfecta-4\/#primaryimage"},"image":{"@id":"https:\/\/staging.editorialhccp.hcusweb.com\/r\/entrenamiento-en-biblias\/como-elegir-la-biblia-perfecta-4\/#primaryimage"},"thumbnailUrl":"https:\/\/d15k2d11r6t6rl.cloudfront.net\/public\/users\/Integrators\/BeeProAgency\/842369_826396\/editorial%20vida%20portal%20logo_.png","datePublished":"2023-03-09T03:36:11+00:00","breadcrumb":{"@id":"https:\/\/staging.editorialhccp.hcusweb.com\/r\/entrenamiento-en-biblias\/como-elegir-la-biblia-perfecta-4\/#breadcrumb"},"inLanguage":"en-US","potentialAction":[{"@type":"ReadAction","target":["https:\/\/staging.editorialhccp.hcusweb.com\/r\/entrenamiento-en-biblias\/como-elegir-la-biblia-perfecta-4\/"]}]},{"@type":"ImageObject","inLanguage":"en-US","@id":"https:\/\/staging.editorialhccp.hcusweb.com\/r\/entrenamiento-en-biblias\/como-elegir-la-biblia-perfecta-4\/#primaryimage","url":"https:\/\/d15k2d11r6t6rl.cloudfront.net\/public\/users\/Integrators\/BeeProAgency\/842369_826396\/editorial%20vida%20portal%20logo_.png","contentUrl":"https:\/\/d15k2d11r6t6rl.cloudfront.net\/public\/users\/Integrators\/BeeProAgency\/842369_826396\/editorial%20vida%20portal%20logo_.png"},{"@type":"BreadcrumbList","@id":"https:\/\/staging.editorialhccp.hcusweb.com\/r\/entrenamiento-en-biblias\/como-elegir-la-biblia-perfecta-4\/#breadcrumb","itemListElement":[{"@type":"ListItem","position":1,"name":"Home","item":"https:\/\/staging.editorialhccp.hcusweb.com\/r\/"},{"@type":"ListItem","position":2,"name":"Editorial Vida &#8211; Entrenamiento En Biblias","item":"https:\/\/staging.editorialhccp.hcusweb.com\/r\/entrenamiento-en-biblias\/"},{"@type":"ListItem","position":3,"name":"Editorial Vida &#8211; Portal &#8211; C\u00f3mo Elegir La Biblia Perfecta (Lecci\u00f3n 4)"}]},{"@type":"WebSite","@id":"https:\/\/staging.editorialhccp.hcusweb.com\/r\/#website","url":"https:\/\/staging.editorialhccp.hcusweb.com\/r\/","name":"Marketing Pages","description":"","potentialAction":[{"@type":"SearchAction","target":{"@type":"EntryPoint","urlTemplate":"https:\/\/staging.editorialhccp.hcusweb.com\/r\/?s={search_term_string}"},"query-input":{"@type":"PropertyValueSpecification","valueRequired":true,"valueName":"search_term_string"}}],"inLanguage":"en-US"}]}},"_links":{"self":[{"href":"https:\/\/staging.editorialhccp.hcusweb.com\/r\/wp-json\/wp\/v2\/pages\/13333","targetHints":{"allow":["GET"]}}],"collection":[{"href":"https:\/\/staging.editorialhccp.hcusweb.com\/r\/wp-json\/wp\/v2\/pages"}],"about":[{"href":"https:\/\/staging.editorialhccp.hcusweb.com\/r\/wp-json\/wp\/v2\/types\/page"}],"replies":[{"embeddable":true,"href":"https:\/\/staging.editorialhccp.hcusweb.com\/r\/wp-json\/wp\/v2\/comments?post=13333"}],"version-history":[{"count":0,"href":"https:\/\/staging.editorialhccp.hcusweb.com\/r\/wp-json\/wp\/v2\/pages\/13333\/revisions"}],"up":[{"embeddable":true,"href":"https:\/\/staging.editorialhccp.hcusweb.com\/r\/wp-json\/wp\/v2\/pages\/12962"}],"wp:attachment":[{"href":"https:\/\/staging.editorialhccp.hcusweb.com\/r\/wp-json\/wp\/v2\/media?parent=13333"}],"curies":[{"name":"wp","href":"https:\/\/api.w.org\/{rel}","templated":true}]}}