{"id":1675,"date":"2018-09-04T21:30:10","date_gmt":"2018-09-04T20:30:10","guid":{"rendered":"http:\/\/info.recursosparalaiglesia.com\/?page_id=1675"},"modified":"2018-09-04T21:30:10","modified_gmt":"2018-09-04T20:30:10","slug":"esperanzainconmovible","status":"publish","type":"page","link":"https:\/\/staging.editorialhccp.hcusweb.com\/r\/esperanzainconmovible\/","title":{"rendered":"Esperanza Inconmovible &#8211; Max Lucado"},"content":{"rendered":"\n<h1>\n\t\tMAX LUCADO\n\t<\/h1>\n\t\t\t\t<img loading=\"lazy\" decoding=\"async\" src=\"\/r\/wp-content\/uploads\/sites\/5\/2018\/09\/esperanza-inconmovible.png\" alt=\"esperanza inconmovible lucado\" height=\"509\" width=\"1000\" title=\"esperanza-inconmovible\">\n\tC\u00d3MO EDIFICAR NUESTRAS VIDAS SOBRE<br>\n<strong>LAS PROMESAS DE DIOS<\/strong>\n\t\t\t\t<img loading=\"lazy\" decoding=\"async\" src=\"\/r\/wp-content\/uploads\/sites\/5\/2018\/09\/esperanza-cover.png\" alt=\"esperanza lucado\" height=\"578\" width=\"400\" title=\"esperanza-cover\">\n<h1>\n\t\tExplora las promesas eternas de la Palabra de Dios y edifica tu vida sobre ellas.\n\t<\/h1>\n\t<p>Despu\u00e9s de cuarenta a\u00f1os de ministerio y consejer\u00eda, Max Lucado ha descubierto que nada reanima el alma sedienta, <strong>como las promesas de Dios<\/strong>. Cada cap\u00edtulo de este libro explora una<strong>&nbsp;promesa eterna<\/strong> que guiar\u00e1 al lector a vivir su vida bas\u00e1ndose en verdades permanentes y a encontrar la esperanza que ser\u00e1 un ancla para su alma, inamovible e inquebrantable.<\/p>\n\t\t\t<a href=https:\/\/staging.editorialhccp.hcusweb.com\/r\/wp-content\/uploads\/sites\/5\/2018\/09\/9781418598853_content.pdf target=\"_blank\" role=\"button\" rel=\"noopener noreferrer\">\n\t\t\t\t\t\tDescarga un cap\u00edtulo gratis\n\t\t\t\t\t<\/a>\n\t<p><strong>ADQUIERE EL LIBRO EN ESTADOS UNIDOS:<\/strong><\/p>\n                    <a href=\"http:\/\/ads.harpercollins.com\/editorialvida?isbn=9781418598853&amp;retailer=amazon&amp;locale=US\" target=\"_self\" rel=\"noopener noreferrer\">\n                                            <img decoding=\"async\" src=\"\/r\/wp-content\/uploads\/sites\/5\/2017\/09\/amazonhd.png\" alt=\"\/r\/wp-content\/uploads\/sites\/5\/2017\/09\/amazonhd.png\" data-no-lazy=\"1\">\n                            <\/a>\n                    <a href=\"http:\/\/ads.harpercollins.com\/editorialvida?isbn=9781418598853&amp;retailer=barnesandnoble&amp;locale=US\" target=\"_self\" rel=\"noopener noreferrer\">\n                                            <img decoding=\"async\" src=\"\/r\/wp-content\/uploads\/sites\/5\/2017\/09\/bnhd.png\" alt=\"\/r\/wp-content\/uploads\/sites\/5\/2017\/09\/bnhd.png\" data-no-lazy=\"1\">\n                            <\/a>\n                    <a href=\"http:\/\/ads.harpercollins.com\/editorialvida?isbn=9781418598853&amp;retailer=christianbooks&amp;locale=US\" target=\"_self\" rel=\"noopener noreferrer\">\n                                            <img decoding=\"async\" src=\"\/r\/wp-content\/uploads\/sites\/5\/2017\/09\/cbhd.png\" alt=\"\/r\/wp-content\/uploads\/sites\/5\/2017\/09\/cbhd.png\" data-no-lazy=\"1\">\n                            <\/a>\n                    <a href=\"https:\/\/www.recursosparalaiglesia.com\/9781418598853\" target=\"_self\" rel=\"noopener noreferrer\">\n                                            <img decoding=\"async\" src=\"\/r\/wp-content\/uploads\/sites\/5\/2017\/12\/recursoslogohd.png\" alt=\"\/r\/wp-content\/uploads\/sites\/5\/2017\/12\/recursoslogohd.png\" data-no-lazy=\"1\">\n                            <\/a>\n\t<p><strong>FORMATO EBOOK:&nbsp;<a href=\"https:\/\/www.amazon.com\/dp\/B077CTR8C6\/\">Amazon<\/a>&nbsp; |&nbsp; <a href=\"https:\/\/play.google.com\/store\/books\/details\/Max_Lucado_Esperanza_inconmovible?id=Uyk-DwAAQBAJ\">GooglePlay<\/a>&nbsp; |&nbsp; <a href=\"https:\/\/itunes.apple.com\/us\/book\/esperanza-inconmovible\/id1312671424?mt=11\">iTunes<\/a>&nbsp; |&nbsp; <a href=\"https:\/\/www.kobo.com\/us\/en\/ebook\/esperanza-inconmovible\">Kobo&nbsp;<\/a>&nbsp;<\/strong><\/p>\n\t<p><strong>FORMATO AUDIOLIBRO:&nbsp;<a href=\"https:\/\/www.amazon.com\/dp\/B07FPK4HYH\/\">Amazon<\/a>&nbsp; |&nbsp; <a href=\"https:\/\/play.google.com\/store\/audiobooks\/details\/Max_Lucado_Esperanza_inconmovible?id=AQAAAECM0kKS3M\">Google Play<\/a>&nbsp; |&nbsp;&nbsp;<a href=\"https:\/\/www.kobo.com\/us\/en\/audiobook\/esperanza-inconmovible-1\">Kobo&nbsp;<\/a>&nbsp;<\/strong><\/p>\n\t<p><strong>\u00bfFUERA DE ESTADOS UNIDOS? ENCUENTRA UNA LIBRER\u00cdA EN TU PA\u00cdS:<\/strong><\/p>\n\t   \t<ul id=\"menu-buscadortiendas\"><li id=\"menu-item-894\"><a href=\"#\">Selecciona tu pa\u00eds<\/a>\n<ul>\n\t<li id=\"menu-item-888\"><a href=\"https:\/\/info.recursosparalaiglesia.com\/buscador-de-tiendas-argentina\/\">Argentina<\/a><\/li>\n\t<li id=\"menu-item-889\"><a href=\"https:\/\/info.recursosparalaiglesia.com\/buscador-de-tiendas-bolivia\/\">Bolivia<\/a><\/li>\n\t<li id=\"menu-item-890\"><a href=\"https:\/\/info.recursosparalaiglesia.com\/buscador-de-tiendas-canada\/\">Canad\u00e1<\/a><\/li>\n\t<li id=\"menu-item-891\"><a href=\"https:\/\/info.recursosparalaiglesia.com\/buscador-de-tiendas-chile\/\">Chile<\/a><\/li>\n\t<li id=\"menu-item-892\"><a href=\"https:\/\/info.recursosparalaiglesia.com\/buscador-de-tiendas-colombia\/\">Colombia<\/a><\/li>\n\t<li id=\"menu-item-893\"><a href=\"https:\/\/info.recursosparalaiglesia.com\/buscador-de-tiendas-costarica\/\">Costa Rica<\/a><\/li>\n\t<li id=\"menu-item-886\"><a href=\"https:\/\/info.recursosparalaiglesia.com\/buscador-de-tiendas-ecuador\/\">Ecuador<\/a><\/li>\n\t<li id=\"menu-item-885\"><a href=\"https:\/\/info.recursosparalaiglesia.com\/buscador-de-tiendas-elsalvador\/\">El Salvador<\/a><\/li>\n\t<li id=\"menu-item-877\"><a href=\"https:\/\/info.recursosparalaiglesia.com\/buscador-de-tiendas-espana\/\">Espa\u00f1a<\/a><\/li>\n\t<li id=\"menu-item-875\"><a href=\"https:\/\/info.recursosparalaiglesia.com\/buscador-de-tiendas-eeuu\/\">Estados Unidos<\/a><\/li>\n\t<li id=\"menu-item-884\"><a href=\"https:\/\/info.recursosparalaiglesia.com\/buscador-de-tiendas-guatemala\/\">Guatemala<\/a><\/li>\n\t<li id=\"menu-item-883\"><a href=\"https:\/\/info.recursosparalaiglesia.com\/buscador-de-tiendas-honduras\/\">Honduras<\/a><\/li>\n\t<li id=\"menu-item-874\"><a href=\"https:\/\/info.recursosparalaiglesia.com\/buscador-de-tiendas-mexico\/\">M\u00e9xico<\/a><\/li>\n\t<li id=\"menu-item-882\"><a href=\"https:\/\/info.recursosparalaiglesia.com\/buscador-de-tiendas-nicaragua\/\">Nicaragua<\/a><\/li>\n\t<li id=\"menu-item-881\"><a href=\"https:\/\/info.recursosparalaiglesia.com\/buscador-de-tiendas-panama\/\">Panam\u00e1<\/a><\/li>\n\t<li id=\"menu-item-880\"><a href=\"https:\/\/info.recursosparalaiglesia.com\/buscador-de-tiendas-paraguay\/\">Paraguay<\/a><\/li>\n\t<li id=\"menu-item-879\"><a href=\"https:\/\/info.recursosparalaiglesia.com\/buscador-de-tiendas-peru\/\">Per\u00fa<\/a><\/li>\n\t<li id=\"menu-item-878\"><a href=\"https:\/\/info.recursosparalaiglesia.com\/buscador-de-tiendas-puertorico\/\">Puerto Rico<\/a><\/li>\n\t<li id=\"menu-item-887\"><a href=\"https:\/\/info.recursosparalaiglesia.com\/buscador-de-tiendas-rd\/\">Rep\u00fablica Dominicana<\/a><\/li>\n\t<li id=\"menu-item-876\"><a href=\"https:\/\/info.recursosparalaiglesia.com\/buscador-de-tiendas-uruguay\/\">Uruguay<\/a><\/li>\n<\/ul>\n<\/li>\n<\/ul>\n\t\t\t\t<img loading=\"lazy\" decoding=\"async\" src=\"\/r\/wp-content\/uploads\/sites\/5\/2018\/09\/Max-Lucado-Esperanza-inconmovible-1.jpg\" alt=\"Max-Lucado-Esperanza-inconmovible-1\" height=\"1000\" width=\"750\" title=\"Max-Lucado-Esperanza-inconmovible-1\">\n<h2>\n\t\tLa necesidad de una Esperanza inconmovible\n\t<\/h2>\n\t<p>Desde el principio de los tiempos, la relaci\u00f3n entre Dios y el hombre ha sido guiada por exigencias y promesas. Estos pactos son decretos inalterables que han definido la historia de la humanidad. Algunas de las promesas son positivas y aseguran bendiciones. Otras son negativas y garantizan que habr\u00e1 consecuencias. Pero todas ellas nos obligan a una respuesta. <\/p>\n<p>El mundo en el que vivimos sufre de una especie de temblores. Todo lo que hay en esta tierra est\u00e1 desapareciendo lentamente. \u00bfLo puede sentir? Sus finanzas, su trabajo, su familia, sus \u00e9xitos personales; todas esas cosas son temporales.&nbsp;Nos es f\u00e1cil poner nuestra esperanza en ellas, pero basta un cambio no planificado para que todas se vengan abajo. <\/p>\n<p>Max Lucado le ofrece una nueva serie de bases para su vida. Estas nuevas bases con toda seguridad pueden resistir todas las tormentas. \u00abSu divino poder, al darnos el conocimiento de aquel que nos llam\u00f3 por su propia gloria y excelencia, nos ha concedido todas las cosas que necesitamos para vivir como Dios manda. As\u00ed Dios nos ha entregado sus preciosas y magn\u00edficas promesas para que ustedes, luego de escapar de la corrupci\u00f3n que hay en el mundo debido a los malos deseos, lleguen a tener parte en la naturaleza divina\u00bb. (2 Pedro 1:3-4)<\/p>\n<p>Por medio de esas preciosas y magn\u00edficas promesas es como participamos en la naturaleza divina de Dios. Pavimentan como piedras doradas la senda hacia el mundo de Dios. Son fuertes pe\u00f1ascos que forman el puente sobre el cual caminamos desde nuestro pecado hacia la salvaci\u00f3n. No son solamente grandes, sino que son muy grandes, y no son solamente valiosas, sino que son \u00abpreciosas\u00bb. Colg\u00e1rselas alrededor del cuello es adornarse con las joyas m\u00e1s finas del universo.<\/p>\n\t<div style=\"width: 100px;\" class=\"wp-video\"><video class=\"wp-video-shortcode\" id=\"video-1675-1\" width=\"100\" height=\"100\" poster=\"\/r\/wp-content\/uploads\/sites\/5\/2018\/09\/max-video-photo.png\" preload=\"none\" controls=\"controls\"><source type=\"video\/mp4\" src=\"\/r\/wp-content\/uploads\/sites\/5\/2018\/09\/Max-Lucado-SPA.mp4?_=1\" \/><a href=\"\/r\/wp-content\/uploads\/sites\/5\/2018\/09\/Max-Lucado-SPA.mp4\">\/r\/wp-content\/uploads\/sites\/5\/2018\/09\/Max-Lucado-SPA.mp4<\/a><\/video><\/div>\n\t\t\t\t<img loading=\"lazy\" decoding=\"async\" src=\"\/r\/wp-content\/uploads\/sites\/5\/2018\/07\/grupo-nelsonlogo-small-407x158.png\" alt=\"editorial grupo nelson\" height=\"158\" width=\"407\" title=\"grupo-nelsonlogo-small\">\n","protected":false},"excerpt":{"rendered":"<p>MAX LUCADO C\u00d3MO EDIFICAR NUESTRAS VIDAS SOBRE LAS PROMESAS DE DIOS Explora las promesas eternas de la Palabra de Dios y edifica tu vida sobre ellas. Despu\u00e9s de cuarenta a\u00f1os de ministerio y consejer\u00eda, Max Lucado ha descubierto que nada reanima el alma sedienta, como las promesas de Dios. Cada cap\u00edtulo de este libro explora [&hellip;]<\/p>\n","protected":false},"author":0,"featured_media":0,"parent":0,"menu_order":0,"comment_status":"closed","ping_status":"closed","template":"","meta":{"_acf_changed":false,"footnotes":""},"class_list":["post-1675","page","type-page","status-publish","hentry"],"acf":[],"yoast_head":"<!-- This site is optimized with the Yoast SEO plugin v27.3 - https:\/\/yoast.com\/product\/yoast-seo-wordpress\/ -->\n<title>Esperanza Inconmovible - Max Lucado - Marketing Pages<\/title>\n<meta name=\"description\" content=\"En cada cap\u00edtulo de Esperanza Inconmovible Max Lucado explora una promesa para vivir la vida bas\u00e1ndose en verdades permanentes y encontrar una esperanza que ser\u00e1 un ancla para su alma, inamovible e inquebrantable.\" \/>\n<meta name=\"robots\" content=\"index, follow, max-snippet:-1, max-image-preview:large, max-video-preview:-1\" \/>\n<link rel=\"canonical\" href=\"https:\/\/staging.editorialhccp.hcusweb.com\/r\/esperanzainconmovible\/\" \/>\n<meta property=\"og:locale\" content=\"en_US\" \/>\n<meta property=\"og:type\" content=\"article\" \/>\n<meta property=\"og:title\" content=\"Esperanza Inconmovible - Max Lucado\" \/>\n<meta property=\"og:description\" content=\"C\u00d3MO EDIFICAR NUESTRAS VIDAS SOBRE LAS PROMESAS DE DIOS\" \/>\n<meta property=\"og:url\" content=\"https:\/\/staging.editorialhccp.hcusweb.com\/r\/esperanzainconmovible\/\" \/>\n<meta property=\"og:site_name\" content=\"Marketing Pages\" \/>\n<meta property=\"og:image\" content=\"https:\/\/staging.editorialhccp.hcusweb.com\/r\/wp-content\/uploads\/sites\/5\/2018\/09\/esperanza-fb.jpg\" \/>\n\t<meta property=\"og:image:width\" content=\"968\" \/>\n\t<meta property=\"og:image:height\" content=\"500\" \/>\n\t<meta property=\"og:image:type\" content=\"image\/jpeg\" \/>\n<meta name=\"twitter:card\" content=\"summary_large_image\" \/>\n<meta name=\"twitter:title\" content=\"Esperanza Inconmovible - Max Lucado\" \/>\n<meta name=\"twitter:description\" content=\"C\u00d3MO EDIFICAR NUESTRAS VIDAS SOBRE LAS PROMESAS DE DIOS\" \/>\n<meta name=\"twitter:label1\" content=\"Est. reading time\" \/>\n\t<meta name=\"twitter:data1\" content=\"2 minutes\" \/>\n<script type=\"application\/ld+json\" class=\"yoast-schema-graph\">{\"@context\":\"https:\\\/\\\/schema.org\",\"@graph\":[{\"@type\":\"WebPage\",\"@id\":\"https:\\\/\\\/staging.editorialhccp.hcusweb.com\\\/r\\\/esperanzainconmovible\\\/\",\"url\":\"https:\\\/\\\/staging.editorialhccp.hcusweb.com\\\/r\\\/esperanzainconmovible\\\/\",\"name\":\"Esperanza Inconmovible - Max Lucado - Marketing Pages\",\"isPartOf\":{\"@id\":\"https:\\\/\\\/staging.editorialhccp.hcusweb.com\\\/r\\\/#website\"},\"datePublished\":\"2018-09-04T20:30:10+00:00\",\"description\":\"En cada cap\u00edtulo de Esperanza Inconmovible Max Lucado explora una promesa para vivir la vida bas\u00e1ndose en verdades permanentes y encontrar una esperanza que ser\u00e1 un ancla para su alma, inamovible e inquebrantable.\",\"breadcrumb\":{\"@id\":\"https:\\\/\\\/staging.editorialhccp.hcusweb.com\\\/r\\\/esperanzainconmovible\\\/#breadcrumb\"},\"inLanguage\":\"en-US\",\"potentialAction\":[{\"@type\":\"ReadAction\",\"target\":[\"https:\\\/\\\/staging.editorialhccp.hcusweb.com\\\/r\\\/esperanzainconmovible\\\/\"]}]},{\"@type\":\"BreadcrumbList\",\"@id\":\"https:\\\/\\\/staging.editorialhccp.hcusweb.com\\\/r\\\/esperanzainconmovible\\\/#breadcrumb\",\"itemListElement\":[{\"@type\":\"ListItem\",\"position\":1,\"name\":\"Home\",\"item\":\"https:\\\/\\\/staging.editorialhccp.hcusweb.com\\\/r\\\/\"},{\"@type\":\"ListItem\",\"position\":2,\"name\":\"Esperanza Inconmovible &#8211; Max Lucado\"}]},{\"@type\":\"WebSite\",\"@id\":\"https:\\\/\\\/staging.editorialhccp.hcusweb.com\\\/r\\\/#website\",\"url\":\"https:\\\/\\\/staging.editorialhccp.hcusweb.com\\\/r\\\/\",\"name\":\"Marketing Pages\",\"description\":\"\",\"potentialAction\":[{\"@type\":\"SearchAction\",\"target\":{\"@type\":\"EntryPoint\",\"urlTemplate\":\"https:\\\/\\\/staging.editorialhccp.hcusweb.com\\\/r\\\/?s={search_term_string}\"},\"query-input\":{\"@type\":\"PropertyValueSpecification\",\"valueRequired\":true,\"valueName\":\"search_term_string\"}}],\"inLanguage\":\"en-US\"}]}<\/script>\n<!-- \/ Yoast SEO plugin. -->","yoast_head_json":{"title":"Esperanza Inconmovible - Max Lucado - Marketing Pages","description":"En cada cap\u00edtulo de Esperanza Inconmovible Max Lucado explora una promesa para vivir la vida bas\u00e1ndose en verdades permanentes y encontrar una esperanza que ser\u00e1 un ancla para su alma, inamovible e inquebrantable.","robots":{"index":"index","follow":"follow","max-snippet":"max-snippet:-1","max-image-preview":"max-image-preview:large","max-video-preview":"max-video-preview:-1"},"canonical":"https:\/\/staging.editorialhccp.hcusweb.com\/r\/esperanzainconmovible\/","og_locale":"en_US","og_type":"article","og_title":"Esperanza Inconmovible - Max Lucado","og_description":"C\u00d3MO EDIFICAR NUESTRAS VIDAS SOBRE LAS PROMESAS DE DIOS","og_url":"https:\/\/staging.editorialhccp.hcusweb.com\/r\/esperanzainconmovible\/","og_site_name":"Marketing Pages","og_image":[{"width":968,"height":500,"url":"https:\/\/staging.editorialhccp.hcusweb.com\/r\/wp-content\/uploads\/sites\/5\/2018\/09\/esperanza-fb.jpg","type":"image\/jpeg"}],"twitter_card":"summary_large_image","twitter_title":"Esperanza Inconmovible - Max Lucado","twitter_description":"C\u00d3MO EDIFICAR NUESTRAS VIDAS SOBRE LAS PROMESAS DE DIOS","twitter_misc":{"Est. reading time":"2 minutes"},"schema":{"@context":"https:\/\/schema.org","@graph":[{"@type":"WebPage","@id":"https:\/\/staging.editorialhccp.hcusweb.com\/r\/esperanzainconmovible\/","url":"https:\/\/staging.editorialhccp.hcusweb.com\/r\/esperanzainconmovible\/","name":"Esperanza Inconmovible - Max Lucado - Marketing Pages","isPartOf":{"@id":"https:\/\/staging.editorialhccp.hcusweb.com\/r\/#website"},"datePublished":"2018-09-04T20:30:10+00:00","description":"En cada cap\u00edtulo de Esperanza Inconmovible Max Lucado explora una promesa para vivir la vida bas\u00e1ndose en verdades permanentes y encontrar una esperanza que ser\u00e1 un ancla para su alma, inamovible e inquebrantable.","breadcrumb":{"@id":"https:\/\/staging.editorialhccp.hcusweb.com\/r\/esperanzainconmovible\/#breadcrumb"},"inLanguage":"en-US","potentialAction":[{"@type":"ReadAction","target":["https:\/\/staging.editorialhccp.hcusweb.com\/r\/esperanzainconmovible\/"]}]},{"@type":"BreadcrumbList","@id":"https:\/\/staging.editorialhccp.hcusweb.com\/r\/esperanzainconmovible\/#breadcrumb","itemListElement":[{"@type":"ListItem","position":1,"name":"Home","item":"https:\/\/staging.editorialhccp.hcusweb.com\/r\/"},{"@type":"ListItem","position":2,"name":"Esperanza Inconmovible &#8211; Max Lucado"}]},{"@type":"WebSite","@id":"https:\/\/staging.editorialhccp.hcusweb.com\/r\/#website","url":"https:\/\/staging.editorialhccp.hcusweb.com\/r\/","name":"Marketing Pages","description":"","potentialAction":[{"@type":"SearchAction","target":{"@type":"EntryPoint","urlTemplate":"https:\/\/staging.editorialhccp.hcusweb.com\/r\/?s={search_term_string}"},"query-input":{"@type":"PropertyValueSpecification","valueRequired":true,"valueName":"search_term_string"}}],"inLanguage":"en-US"}]}},"_links":{"self":[{"href":"https:\/\/staging.editorialhccp.hcusweb.com\/r\/wp-json\/wp\/v2\/pages\/1675","targetHints":{"allow":["GET"]}}],"collection":[{"href":"https:\/\/staging.editorialhccp.hcusweb.com\/r\/wp-json\/wp\/v2\/pages"}],"about":[{"href":"https:\/\/staging.editorialhccp.hcusweb.com\/r\/wp-json\/wp\/v2\/types\/page"}],"replies":[{"embeddable":true,"href":"https:\/\/staging.editorialhccp.hcusweb.com\/r\/wp-json\/wp\/v2\/comments?post=1675"}],"version-history":[{"count":0,"href":"https:\/\/staging.editorialhccp.hcusweb.com\/r\/wp-json\/wp\/v2\/pages\/1675\/revisions"}],"wp:attachment":[{"href":"https:\/\/staging.editorialhccp.hcusweb.com\/r\/wp-json\/wp\/v2\/media?parent=1675"}],"curies":[{"name":"wp","href":"https:\/\/api.w.org\/{rel}","templated":true}]}}