{"id":17456,"date":"2025-04-25T19:46:33","date_gmt":"2025-04-25T19:46:33","guid":{"rendered":"\/r\/?page_id=17456"},"modified":"2025-04-25T19:46:33","modified_gmt":"2025-04-25T19:46:33","slug":"nbla-nueva-biblia-para-el-estudio-inductivo","status":"publish","type":"page","link":"https:\/\/staging.editorialhccp.hcusweb.com\/r\/nbla-nueva-biblia-para-el-estudio-inductivo\/","title":{"rendered":"Nueva Biblia para el estudio inductivo NBLA"},"content":{"rendered":"\n\n\t\t\t<a href=https:\/\/staging.editorialhccp.hcusweb.com\/r\/nbla-nueva-biblia-para-el-estudio-inductivo\/compra-ahora\/ target=\"_self\">\n\t\t\t\t\t\t\tCompra ahora\n\t\t\t\t\t<\/a>\n\t\t\t\t<img decoding=\"async\" src=\"\/r\/wp-content\/uploads\/sites\/5\/2025\/04\/nueva-biblia-para-estudio-inductivo-vida-800x609-1.jpg\" alt=\"nueva-biblia-para-estudio-inductivo-vida-800x609\" height=\"609\" width=\"800\" title=\"nueva-biblia-para-estudio-inductivo-vida-800x609\" loading=\"lazy\" \/>\n<h2 data-animation-delay=\"0\" data-animation-duration=\"1\">\n\t\t\tDescubre las profundidades de la Palabra de Dios por ti mismo con la Nueva Biblia para el estudio inductivo NBLA\t<\/h2>\n\t\t\t<a href=https:\/\/staging.editorialhccp.hcusweb.com\/r\/nbla-nueva-biblia-para-el-estudio-inductivo\/que-es-el-metodo-de-estudio-inductivo\/ target=\"_self\">\n\t\t\t\t\t\t\tDescubre m\u00e1s\n\t\t\t\t\t<\/a>\n<h2 data-animation-delay=\"0\" data-animation-duration=\"1\">\n\t\t\tUN M\u00c9TODO PARA EXPLORAR Y APLICAR LAS ESCRITURAS\t<\/h2>\n\t\t\t\n\t<p>\u00bfEst\u00e1s listo para profundizar en las Escrituras como nunca antes?<strong> La Nueva Biblia de estudio para el m\u00e9todo Inductivo NBLA <\/strong>no solo te guiar\u00e1 a leer, sino a descubrir, entender y aplicar las verdades b\u00edblicas en cada \u00e1rea de tu vida. Con los diversos recursos visuales, listas, preguntas clave y espacios de reflexi\u00f3n, enriquecer\u00e1s tu tiempo de estudio b\u00edblico convirti\u00e9ndolo en un encuentro renovador con Dios a trav\u00e9s de su Palabra.<\/p>\n<h2>\n\t\t\tConoce las tres fases del m\u00e9todo inductivo de estudio b\u00edblico\t<\/h2>\n<h3>\n\t\t\tObservaci\u00f3n\t<\/h3>\n\t<h3>La observaci\u00f3n <strong>ense\u00f1a a ver exactamente lo que dice el pasaje<\/strong>; es el fundamento para la interpretaci\u00f3n fiel y la aplicaci\u00f3n correcta. La observaci\u00f3n contesta la pregunta: <strong>\u00bfQu\u00e9 dice el pasaje?<\/strong><\/h3>\n<h3>\n\t\t\tInterpretaci\u00f3n\t<\/h3>\n\t<h3>La interpretaci\u00f3n <strong>contesta la pregunta<\/strong>: <strong>\u00bfCu\u00e1l es el significado del pasaje?<\/strong><\/h3>\n<h3>\n\t\t\tAplicaci\u00f3n\t<\/h3>\n\t<h3>La aplicaci\u00f3n contesta las preguntas: <strong>\u00bfQu\u00e9 implica esto para m\u00ed? \u00bfQu\u00e9 verdades debo creer y poner en pr\u00e1ctica? \u00bfQu\u00e9 cambios debo hacer en mi vida?<\/strong><\/h3>\n<h2>\n\t\t\tUna Biblia de estudio bellamente dise\u00f1ada y llena de recursos\t<\/h2>\n<h3>\n\t\t\tEn esta Biblia encontrar\u00e1s\t<\/h3>\n\t<ul>\n<li>Notas explicativas: Comentarios detallados que te ayudar\u00e1n a entender el significado original de los pasajes b\u00edblicos.<\/li>\n<li>Preguntas de reflexi\u00f3n: Pensamientos provocadores que te llevar\u00e1n a aplicar los principios b\u00edblicos a tu vida personal.<\/li>\n<li>Mapas y gr\u00e1ficos: Recursos visuales que te permitir\u00e1n explorar la geograf\u00eda y la historia de la Biblia.<\/li>\n<li>Gu\u00edas de estudio: Herramientas pr\u00e1cticas para facilitar el proceso de estudio y ayudarte a profundizar en tu comprensi\u00f3n de las Escrituras.<\/li>\n<li>Espacio para tomar notas: \u00c1reas designadas para que puedas registrar tus reflexiones personales y aplicaciones pr\u00e1cticas de lo que has aprendido.<\/li>\n<li>Concordancia.<\/li>\n<li>Traducci\u00f3n NBLA: Un texto adecuado para lectores de cualquier nivel. Utiliza un vocabulario din\u00e1mico, pero sin diluirlo y que resulta en una lectura elegante.<\/li>\n<li>Tipograf\u00eda Comfort Print\u00ae para una mejor experiencia de lectura.<\/li>\n<li>Plan de lectura para realizar en 1 o 3 a\u00f1os seg\u00fan la preferencia.<\/li>\n<li>Armon\u00eda de los Evangelios.<\/li>\n<li>Resumen hist\u00f3rico de diez p\u00e1ginas de los eventos principales en la historia de Israel.<\/li>\n<\/ul>\n\t<p><em><strong>La Nueva Biblia para el estudio inductivo NBLA<\/strong><\/em>\u00a0est\u00e1 impresa en la exclusiva letra <a href=https:\/\/staging.editorialhccp.hcusweb.com\/r\/comfortprint\/ target=\"_blank\" rel=\"noopener\">Comfort Print\u00ae<\/a>. Dise\u00f1ada por expertos espec\u00edficamente para el texto de la <a href=\"https:\/\/exploranbla.com\/historia\" target=\"_blank\" rel=\"noopener\">Nueva Biblia de las Am\u00e9ricas (NBLA)<\/a> , Comfort Print\u00ae ofrece una experiencia de lectura m\u00e1s f\u00e1cil que complementa la traducci\u00f3n de la Biblia m\u00e1s le\u00edda en espa\u00f1ol moderno.<\/p>\n\t\t\t\t<img decoding=\"async\" src=\"\/r\/wp-content\/uploads\/sites\/5\/2025\/04\/BPED_tapadura-592x451-1.jpg\" alt=\"Nueva Biblia para el estudio inductivo - Tapa dura\" height=\"609\" width=\"800\" title=\"BPED_tapadura-592x451\" loading=\"lazy\" \/>\n<h4>\n\t\t\tTAPA<br \/><strong>DURA<\/strong>\t<\/h4>\n\t\t\t\t<img decoding=\"async\" src=\"\/r\/wp-content\/uploads\/sites\/5\/2025\/04\/BPED_leadershoft-morado-592x451-1.jpg\" alt=\"Nueva Biblia para el estudio inductivo - Leathersoft Morado\" height=\"609\" width=\"800\" title=\"BPED_leadershoft-morado-592x451\" loading=\"lazy\" \/>\n<h4>\n\t\t\tMORADO<br \/><strong>LEATHERSOFT\u00ae<\/strong>\t<\/h4>\n\t\t\t\t<img decoding=\"async\" src=\"\/r\/wp-content\/uploads\/sites\/5\/2025\/04\/BPED_leadershoft-gris-592x451-1.jpg\" alt=\"Nueva Biblia para el estudio inductivo - Leathersoft Gris\" height=\"609\" width=\"800\" title=\"BPED_leadershoft-gris-592x451\" loading=\"lazy\" \/>\n<h4>\n\t\t\tGRIS<br \/><strong>LEATHERSOFT\u00ae<\/strong>\t<\/h4>\n<h4>\n\t\t\t<strong>Encu\u00e9ntrala cerca de t\u00ed<\/strong>\t<\/h4>\n\t\t\t<button aria-label=\"Menu\" aria-expanded=\"false\">\n\t\t\t\t\t\t\t<\/button>\n\t<nav aria-label=\"Menu\">\n\t\t<ul id=\"menu-betb-paises\"><li id=\"menu-item-11861\"><a href=\"#\">Selecciona tu pa\u00eds<\/a><ul>\t<li id=\"menu-item-11840\"><a href=https:\/\/staging.editorialhccp.hcusweb.com\/r\/buscador-de-tiendas-argentina\/>Argentina<\/a><\/li>\t<li id=\"menu-item-11841\"><a href=https:\/\/staging.editorialhccp.hcusweb.com\/r\/buscador-de-tiendas-bolivia\/>Bolivia<\/a><\/li>\t<li id=\"menu-item-11842\"><a href=https:\/\/staging.editorialhccp.hcusweb.com\/r\/buscador-de-tiendas-canada\/>Canad\u00e1<\/a><\/li>\t<li id=\"menu-item-11843\"><a href=https:\/\/staging.editorialhccp.hcusweb.com\/r\/buscador-de-tiendas-chile\/>Chile<\/a><\/li>\t<li id=\"menu-item-11844\"><a href=https:\/\/staging.editorialhccp.hcusweb.com\/r\/buscador-de-tiendas-colombia\/>Colombia<\/a><\/li>\t<li id=\"menu-item-11845\"><a href=https:\/\/staging.editorialhccp.hcusweb.com\/r\/buscador-de-tiendas-costarica\/>Costa Rica<\/a><\/li>\t<li id=\"menu-item-11846\"><a href=https:\/\/staging.editorialhccp.hcusweb.com\/r\/buscador-de-tiendas-ecuador\/>Ecuador<\/a><\/li>\t<li id=\"menu-item-11847\"><a href=https:\/\/staging.editorialhccp.hcusweb.com\/r\/buscador-de-tiendas-elsalvador\/>El Salvador<\/a><\/li>\t<li id=\"menu-item-11848\"><a href=https:\/\/staging.editorialhccp.hcusweb.com\/r\/buscador-de-tiendas-espana\/>Espa\u00f1a<\/a><\/li>\t<li id=\"menu-item-11875\"><a href=https:\/\/staging.editorialhccp.hcusweb.com\/r\/buscador-de-tiendas-eeuu\/>Estados Unidos<\/a><\/li>\t<li id=\"menu-item-11849\"><a href=https:\/\/staging.editorialhccp.hcusweb.com\/r\/buscador-de-tiendas-guatemala\/>Guatemala<\/a><\/li>\t<li id=\"menu-item-11850\"><a href=https:\/\/staging.editorialhccp.hcusweb.com\/r\/buscador-de-tiendas-honduras\/>Honduras<\/a><\/li>\t<li id=\"menu-item-11851\"><a href=https:\/\/staging.editorialhccp.hcusweb.com\/r\/buscador-de-tiendas-mexico\/>M\u00e9xico<\/a><\/li>\t<li id=\"menu-item-11852\"><a href=https:\/\/staging.editorialhccp.hcusweb.com\/r\/buscador-de-tiendas-nicaragua\/>Nicaragua<\/a><\/li>\t<li id=\"menu-item-11853\"><a href=https:\/\/staging.editorialhccp.hcusweb.com\/r\/buscador-de-tiendas-panama\/>Panam\u00e1<\/a><\/li>\t<li id=\"menu-item-11854\"><a href=https:\/\/staging.editorialhccp.hcusweb.com\/r\/buscador-de-tiendas-paraguay\/>Paraguay<\/a><\/li>\t<li id=\"menu-item-11855\"><a href=https:\/\/staging.editorialhccp.hcusweb.com\/r\/buscador-de-tiendas-peru\/>Per\u00fa<\/a><\/li>\t<li id=\"menu-item-11856\"><a href=https:\/\/staging.editorialhccp.hcusweb.com\/r\/buscador-de-tiendas-puertorico\/>Puerto Rico<\/a><\/li>\t<li id=\"menu-item-11857\"><a href=https:\/\/staging.editorialhccp.hcusweb.com\/r\/buscador-de-tiendas-rd\/>Rep\u00fablica Dominicana<\/a><\/li>\t<li id=\"menu-item-11858\"><a href=https:\/\/staging.editorialhccp.hcusweb.com\/r\/buscador-de-tiendas-uruguay\/>Uruguay<\/a><\/li>\t<li id=\"menu-item-11859\"><a href=https:\/\/staging.editorialhccp.hcusweb.com\/r\/venezuela\/>Venezuela<\/a><\/li><\/ul><\/li><\/ul>\t<\/nav>\n\t\t\t<a href=https:\/\/staging.editorialhccp.hcusweb.com\/r\/nbla-nueva-biblia-para-el-estudio-inductivo\/interior-de-la-biblia\/ target=\"_self\">\n\t\t\t\t\t\t\tVer interior de la Biblia\n\t\t\t\t\t<\/a>\n\t\t\t<a href=https:\/\/staging.editorialhccp.hcusweb.com\/r\/nbla-nueva-biblia-para-el-estudio-inductivo\/que-es-el-metodo-de-estudio-inductivo\/ target=\"_self\">\n\t\t\t\t\t\t\tConoce el m\u00e9todo\n\t\t\t\t\t<\/a>\n<h2>\n\t\t<a href=\"#inicio\" title=\"Inicio\" target=\"_self\">\n\t\t\tInicio\t\t<\/a>\n\t<\/h2>\n\n","protected":false},"excerpt":{"rendered":"<p>Compra ahora Descubre las profundidades de la Palabra de Dios por ti mismo con la Nueva Biblia para el estudio inductivo NBLA Descubre m\u00e1s UN M\u00c9TODO PARA EXPLORAR Y APLICAR LAS ESCRITURAS \u00bfEst\u00e1s listo para profundizar en las Escrituras como nunca antes? La Nueva Biblia de estudio para el m\u00e9todo Inductivo NBLA no solo te [&hellip;]<\/p>\n","protected":false},"author":0,"featured_media":17483,"parent":0,"menu_order":0,"comment_status":"closed","ping_status":"closed","template":"","meta":{"_acf_changed":false,"footnotes":""},"class_list":["post-17456","page","type-page","status-publish","has-post-thumbnail","hentry"],"acf":[],"yoast_head":"<!-- This site is optimized with the Yoast SEO Premium plugin v27.3 (Yoast SEO v27.4) - https:\/\/yoast.com\/product\/yoast-seo-premium-wordpress\/ -->\n<title>Nueva Biblia para el estudio inductivo NBLA - Marketing Pages<\/title>\n<meta name=\"description\" content=\"Descubre las profundidades de la Palabra de Dios por ti mismo con la Nueva Biblia para el estudio inductivo NBLA\" \/>\n<meta name=\"robots\" content=\"index, follow, max-snippet:-1, max-image-preview:large, max-video-preview:-1\" \/>\n<link rel=\"canonical\" href=\"https:\/\/staging.editorialhccp.hcusweb.com\/r\/nbla-nueva-biblia-para-el-estudio-inductivo\/\" \/>\n<meta property=\"og:locale\" content=\"en_US\" \/>\n<meta property=\"og:type\" content=\"article\" \/>\n<meta property=\"og:title\" content=\"Nueva Biblia para el estudio inductivo NBLA\" \/>\n<meta property=\"og:description\" content=\"Descubre las profundidades de la Palabra de Dios por ti mismo con la Nueva Biblia para el estudio inductivo NBLA. Descubrir\u00e1s, entender\u00e1s y aplicar\u00e1s las verdades b\u00edblicas. Y adem\u00e1s enriquecer\u00e1s tu estudio b\u00edblico con recursos visuales, listas, preguntas clave y espacios de reflexi\u00f3n.\" \/>\n<meta property=\"og:url\" content=\"https:\/\/staging.editorialhccp.hcusweb.com\/r\/nbla-nueva-biblia-para-el-estudio-inductivo\/\" \/>\n<meta property=\"og:site_name\" content=\"Marketing Pages\" \/>\n<meta property=\"og:image\" content=\"https:\/\/staging.editorialhccp.hcusweb.com\/r\/wp-content\/uploads\/sites\/5\/2025\/04\/BPED_tapadura-592x451-1.jpg\" \/>\n\t<meta property=\"og:image:width\" content=\"800\" \/>\n\t<meta property=\"og:image:height\" content=\"609\" \/>\n\t<meta property=\"og:image:type\" content=\"image\/jpeg\" \/>\n<meta name=\"twitter:card\" content=\"summary_large_image\" \/>\n<meta name=\"twitter:description\" content=\"La teolog\u00eda b\u00edblica le permite reflexionar sobre las historias y los temas individuales de las Escrituras mientras observa c\u00f3mo encajan todos juntos en la gran narrativa b\u00edblica de Dios. Introducciones \u00fatiles a libros y secciones de la Biblia combinadas con 20,000 notas de estudio vers\u00edculo por vers\u00edculo lo guiar\u00e1n a una comprensi\u00f3n m\u00e1s clara de las Escrituras.\" \/>\n<meta name=\"twitter:label1\" content=\"Est. reading time\" \/>\n\t<meta name=\"twitter:data1\" content=\"3 minutes\" \/>\n<script type=\"application\/ld+json\" class=\"yoast-schema-graph\">{\"@context\":\"https:\\\/\\\/schema.org\",\"@graph\":[{\"@type\":\"WebPage\",\"@id\":\"https:\\\/\\\/staging.editorialhccp.hcusweb.com\\\/r\\\/nbla-nueva-biblia-para-el-estudio-inductivo\\\/\",\"url\":\"https:\\\/\\\/staging.editorialhccp.hcusweb.com\\\/r\\\/nbla-nueva-biblia-para-el-estudio-inductivo\\\/\",\"name\":\"Nueva Biblia para el estudio inductivo NBLA - Marketing Pages\",\"isPartOf\":{\"@id\":\"https:\\\/\\\/staging.editorialhccp.hcusweb.com\\\/r\\\/#website\"},\"primaryImageOfPage\":{\"@id\":\"https:\\\/\\\/staging.editorialhccp.hcusweb.com\\\/r\\\/nbla-nueva-biblia-para-el-estudio-inductivo\\\/#primaryimage\"},\"image\":{\"@id\":\"https:\\\/\\\/staging.editorialhccp.hcusweb.com\\\/r\\\/nbla-nueva-biblia-para-el-estudio-inductivo\\\/#primaryimage\"},\"thumbnailUrl\":\"https:\\\/\\\/staging.editorialhccp.hcusweb.com\\\/r\\\/wp-content\\\/uploads\\\/sites\\\/5\\\/2025\\\/04\\\/BPED_tapadura-592x451-1.jpg\",\"datePublished\":\"2025-04-25T19:46:33+00:00\",\"description\":\"Descubre las profundidades de la Palabra de Dios por ti mismo con la Nueva Biblia para el estudio inductivo NBLA\",\"breadcrumb\":{\"@id\":\"https:\\\/\\\/staging.editorialhccp.hcusweb.com\\\/r\\\/nbla-nueva-biblia-para-el-estudio-inductivo\\\/#breadcrumb\"},\"inLanguage\":\"en-US\",\"potentialAction\":[{\"@type\":\"ReadAction\",\"target\":[\"https:\\\/\\\/staging.editorialhccp.hcusweb.com\\\/r\\\/nbla-nueva-biblia-para-el-estudio-inductivo\\\/\"]}]},{\"@type\":\"ImageObject\",\"inLanguage\":\"en-US\",\"@id\":\"https:\\\/\\\/staging.editorialhccp.hcusweb.com\\\/r\\\/nbla-nueva-biblia-para-el-estudio-inductivo\\\/#primaryimage\",\"url\":\"https:\\\/\\\/staging.editorialhccp.hcusweb.com\\\/r\\\/wp-content\\\/uploads\\\/sites\\\/5\\\/2025\\\/04\\\/BPED_tapadura-592x451-1.jpg\",\"contentUrl\":\"https:\\\/\\\/staging.editorialhccp.hcusweb.com\\\/r\\\/wp-content\\\/uploads\\\/sites\\\/5\\\/2025\\\/04\\\/BPED_tapadura-592x451-1.jpg\",\"width\":800,\"height\":609,\"caption\":\"Nueva Biblia para el estudio inductivo - Tapa dura\"},{\"@type\":\"BreadcrumbList\",\"@id\":\"https:\\\/\\\/staging.editorialhccp.hcusweb.com\\\/r\\\/nbla-nueva-biblia-para-el-estudio-inductivo\\\/#breadcrumb\",\"itemListElement\":[{\"@type\":\"ListItem\",\"position\":1,\"name\":\"Home\",\"item\":\"https:\\\/\\\/staging.editorialhccp.hcusweb.com\\\/r\\\/\"},{\"@type\":\"ListItem\",\"position\":2,\"name\":\"Nueva Biblia para el estudio inductivo NBLA\"}]},{\"@type\":\"WebSite\",\"@id\":\"https:\\\/\\\/staging.editorialhccp.hcusweb.com\\\/r\\\/#website\",\"url\":\"https:\\\/\\\/staging.editorialhccp.hcusweb.com\\\/r\\\/\",\"name\":\"Marketing Pages\",\"description\":\"\",\"potentialAction\":[{\"@type\":\"SearchAction\",\"target\":{\"@type\":\"EntryPoint\",\"urlTemplate\":\"https:\\\/\\\/staging.editorialhccp.hcusweb.com\\\/r\\\/?s={search_term_string}\"},\"query-input\":{\"@type\":\"PropertyValueSpecification\",\"valueRequired\":true,\"valueName\":\"search_term_string\"}}],\"inLanguage\":\"en-US\"}]}<\/script>\n<!-- \/ Yoast SEO Premium plugin. -->","yoast_head_json":{"title":"Nueva Biblia para el estudio inductivo NBLA - Marketing Pages","description":"Descubre las profundidades de la Palabra de Dios por ti mismo con la Nueva Biblia para el estudio inductivo NBLA","robots":{"index":"index","follow":"follow","max-snippet":"max-snippet:-1","max-image-preview":"max-image-preview:large","max-video-preview":"max-video-preview:-1"},"canonical":"https:\/\/staging.editorialhccp.hcusweb.com\/r\/nbla-nueva-biblia-para-el-estudio-inductivo\/","og_locale":"en_US","og_type":"article","og_title":"Nueva Biblia para el estudio inductivo NBLA","og_description":"Descubre las profundidades de la Palabra de Dios por ti mismo con la Nueva Biblia para el estudio inductivo NBLA. Descubrir\u00e1s, entender\u00e1s y aplicar\u00e1s las verdades b\u00edblicas. Y adem\u00e1s enriquecer\u00e1s tu estudio b\u00edblico con recursos visuales, listas, preguntas clave y espacios de reflexi\u00f3n.","og_url":"https:\/\/staging.editorialhccp.hcusweb.com\/r\/nbla-nueva-biblia-para-el-estudio-inductivo\/","og_site_name":"Marketing Pages","og_image":[{"width":800,"height":609,"url":"https:\/\/staging.editorialhccp.hcusweb.com\/r\/wp-content\/uploads\/sites\/5\/2025\/04\/BPED_tapadura-592x451-1.jpg","type":"image\/jpeg"}],"twitter_card":"summary_large_image","twitter_description":"La teolog\u00eda b\u00edblica le permite reflexionar sobre las historias y los temas individuales de las Escrituras mientras observa c\u00f3mo encajan todos juntos en la gran narrativa b\u00edblica de Dios. Introducciones \u00fatiles a libros y secciones de la Biblia combinadas con 20,000 notas de estudio vers\u00edculo por vers\u00edculo lo guiar\u00e1n a una comprensi\u00f3n m\u00e1s clara de las Escrituras.","twitter_misc":{"Est. reading time":"3 minutes"},"schema":{"@context":"https:\/\/schema.org","@graph":[{"@type":"WebPage","@id":"https:\/\/staging.editorialhccp.hcusweb.com\/r\/nbla-nueva-biblia-para-el-estudio-inductivo\/","url":"https:\/\/staging.editorialhccp.hcusweb.com\/r\/nbla-nueva-biblia-para-el-estudio-inductivo\/","name":"Nueva Biblia para el estudio inductivo NBLA - Marketing Pages","isPartOf":{"@id":"https:\/\/staging.editorialhccp.hcusweb.com\/r\/#website"},"primaryImageOfPage":{"@id":"https:\/\/staging.editorialhccp.hcusweb.com\/r\/nbla-nueva-biblia-para-el-estudio-inductivo\/#primaryimage"},"image":{"@id":"https:\/\/staging.editorialhccp.hcusweb.com\/r\/nbla-nueva-biblia-para-el-estudio-inductivo\/#primaryimage"},"thumbnailUrl":"https:\/\/staging.editorialhccp.hcusweb.com\/r\/wp-content\/uploads\/sites\/5\/2025\/04\/BPED_tapadura-592x451-1.jpg","datePublished":"2025-04-25T19:46:33+00:00","description":"Descubre las profundidades de la Palabra de Dios por ti mismo con la Nueva Biblia para el estudio inductivo NBLA","breadcrumb":{"@id":"https:\/\/staging.editorialhccp.hcusweb.com\/r\/nbla-nueva-biblia-para-el-estudio-inductivo\/#breadcrumb"},"inLanguage":"en-US","potentialAction":[{"@type":"ReadAction","target":["https:\/\/staging.editorialhccp.hcusweb.com\/r\/nbla-nueva-biblia-para-el-estudio-inductivo\/"]}]},{"@type":"ImageObject","inLanguage":"en-US","@id":"https:\/\/staging.editorialhccp.hcusweb.com\/r\/nbla-nueva-biblia-para-el-estudio-inductivo\/#primaryimage","url":"https:\/\/staging.editorialhccp.hcusweb.com\/r\/wp-content\/uploads\/sites\/5\/2025\/04\/BPED_tapadura-592x451-1.jpg","contentUrl":"https:\/\/staging.editorialhccp.hcusweb.com\/r\/wp-content\/uploads\/sites\/5\/2025\/04\/BPED_tapadura-592x451-1.jpg","width":800,"height":609,"caption":"Nueva Biblia para el estudio inductivo - Tapa dura"},{"@type":"BreadcrumbList","@id":"https:\/\/staging.editorialhccp.hcusweb.com\/r\/nbla-nueva-biblia-para-el-estudio-inductivo\/#breadcrumb","itemListElement":[{"@type":"ListItem","position":1,"name":"Home","item":"https:\/\/staging.editorialhccp.hcusweb.com\/r\/"},{"@type":"ListItem","position":2,"name":"Nueva Biblia para el estudio inductivo NBLA"}]},{"@type":"WebSite","@id":"https:\/\/staging.editorialhccp.hcusweb.com\/r\/#website","url":"https:\/\/staging.editorialhccp.hcusweb.com\/r\/","name":"Marketing Pages","description":"","potentialAction":[{"@type":"SearchAction","target":{"@type":"EntryPoint","urlTemplate":"https:\/\/staging.editorialhccp.hcusweb.com\/r\/?s={search_term_string}"},"query-input":{"@type":"PropertyValueSpecification","valueRequired":true,"valueName":"search_term_string"}}],"inLanguage":"en-US"}]}},"_links":{"self":[{"href":"https:\/\/staging.editorialhccp.hcusweb.com\/r\/wp-json\/wp\/v2\/pages\/17456","targetHints":{"allow":["GET"]}}],"collection":[{"href":"https:\/\/staging.editorialhccp.hcusweb.com\/r\/wp-json\/wp\/v2\/pages"}],"about":[{"href":"https:\/\/staging.editorialhccp.hcusweb.com\/r\/wp-json\/wp\/v2\/types\/page"}],"replies":[{"embeddable":true,"href":"https:\/\/staging.editorialhccp.hcusweb.com\/r\/wp-json\/wp\/v2\/comments?post=17456"}],"version-history":[{"count":0,"href":"https:\/\/staging.editorialhccp.hcusweb.com\/r\/wp-json\/wp\/v2\/pages\/17456\/revisions"}],"wp:featuredmedia":[{"embeddable":true,"href":"https:\/\/staging.editorialhccp.hcusweb.com\/r\/wp-json\/wp\/v2\/media\/17483"}],"wp:attachment":[{"href":"https:\/\/staging.editorialhccp.hcusweb.com\/r\/wp-json\/wp\/v2\/media?parent=17456"}],"curies":[{"name":"wp","href":"https:\/\/api.w.org\/{rel}","templated":true}]}}