{"id":17485,"date":"2025-04-29T03:40:41","date_gmt":"2025-04-29T03:40:41","guid":{"rendered":"\/r\/?page_id=17485"},"modified":"2025-04-29T03:40:41","modified_gmt":"2025-04-29T03:40:41","slug":"que-es-el-metodo-de-estudio-inductivo","status":"publish","type":"page","link":"https:\/\/staging.editorialhccp.hcusweb.com\/r\/nbla-nueva-biblia-para-el-estudio-inductivo\/que-es-el-metodo-de-estudio-inductivo\/","title":{"rendered":"\u00bfQu\u00e9 es el m\u00e9todo de estudio inductivo?"},"content":{"rendered":"\n\n\t\t\t<a href=https:\/\/staging.editorialhccp.hcusweb.com\/r\/nbla-nueva-biblia-para-el-estudio-inductivo\/compra-ahora\/ target=\"_self\">\n\t\t\t\t\t\t\tCompra ahora\n\t\t\t\t\t<\/a>\n<h2>\n\t\t\u00bfQU\u00c9 ES EL M\u00c9TODO DE ESTUDIO INDUCTIVO?\n\t<\/h2>\n<h2>\n\t\tpor Editorial Vida\n\t<\/h2>\n\t<h2 data-start=\"66\" data-end=\"299\"><strong>Explora las escrituras utilizando el m\u00e9todo inductivo de estudio b\u00edblico.<\/strong><\/h2>\n\u00bfAnhelas conocer a Dios? \u00bfDeseas fervientemente una relaci\u00f3n estrecha y constante con \u00c9l? \u00bfQuieres serle fiel a Cristo y conocer lo que \u00c9l espera de ti? De ser as\u00ed, <strong data-start=\"231\" data-end=\"276\">La Nueva Biblia para el estudio inductivo<\/strong> est\u00e1 dise\u00f1ada para ti.\nDios se revela mediante Su Palabra. Por medio de ella, \u00c9l nos muestra c\u00f3mo vivir. Jes\u00fas dijo claramente: \u00abNO SOLO DE PAN VIVIR\u00c1 EL HOMBRE, SINO DE TODA PALABRA QUE SALE DE LA BOCA DE DIOS\u00bb (Mateo 4:4). \u00bfY d\u00f3nde encontramos ese pan divino? Precisamente en las Escrituras.\nAl estudiar esta Biblia con la ayuda del Esp\u00edritu Santo y vivir las verdades que Dios te revele, descubrir\u00e1s una nueva estabilidad, fuerza y confianza. Podr\u00e1s decir junto con el profeta Jerem\u00edas: \u00abCuando se presentaban Tus palabras, yo las com\u00eda; Tus palabras eran para m\u00ed el gozo y la alegr\u00eda de mi coraz\u00f3n\u00bb (Jerem\u00edas 15:16).\nEn la actualidad, muchas personas est\u00e1n plenamente convencidas de no poder conocer la verdad por ellas mismas. Vivimos rodeados de voces contradictorias que pretenden conocer e interpretar la verdad de Dios para nosotros. \u00bfCu\u00e1les de esas voces tienen raz\u00f3n? \u00bfCu\u00e1les est\u00e1n equivocadas? \u00bfC\u00f3mo poder distinguir entre lo verdadero y lo falso a menos que pasemos tiempo con Dios y Su Palabra?\nA la gran mayor\u00eda de creyentes en Cristo se les ha animado a estudiar la Palabra de Dios; y sin embargo, a muchos nunca se les ha ense\u00f1ado la manera de hacerlo. Otros han llegado al extremo de sentirse no aptos para estudiar la Biblia debido a que no son ministros, seminaristas o eruditos. Nada pudiera estar m\u00e1s lejos de la verdad.\nEn realidad, si uno quiere satisfacer su hambre y sed de conocer a Dios y Su Palabra de una manera m\u00e1s profunda, debe hacer algo m\u00e1s que simplemente leer la Biblia y estudiar lo que otros hayan dicho al respecto de ella. As\u00ed como eres el \u00fanico que puede comer y digerir lo que necesitas para alimentarte, as\u00ed tambi\u00e9n eres el \u00fanico que puede recibir y asimilar el alimento que contiene para ti la Palabra de Dios. T\u00fa mismo debes trabajar con el texto y asimilar sus verdades, de manera que se queden grabadas en tu coraz\u00f3n, tu mente y tu vida.\nEsta es la esencia del estudio inductivo: ver la verdad por uno mismo, discernir su significado y aplicar esa verdad a tu vida. En Su Palabra inspirada, Dios nos ha dado todo lo que necesitamos saber acerca de la vida y la piedad. Pero \u00c9l no se limit\u00f3 a eso, sino que le ha dado a cada creyente un maestro: el Esp\u00edritu Santo, quien nos gu\u00eda a Su verdad.\nLa Biblia no se compara con ning\u00fan otro libro, pues es sobrenatural y est\u00e1 perfectamente completa en s\u00ed misma. La Biblia no necesita de otros libros u otras verdades que la complementen. Y en el estudio inductivo, la Biblia se interpreta a s\u00ed misma y puede ser entendida por cualquier creyente.\nCualquiera que dedique el tiempo necesario podr\u00e1 ver y entender lo que Dios ha dejado en Su Palabra y la aplicaci\u00f3n que puede tener para nosotros hoy en d\u00eda.\n\t\n\t<h2 data-start=\"75\" data-end=\"123\"><strong>C\u00f3mo aprovechar el m\u00e9todo de estudio inductivo<\/strong><\/h2>\nSi crees que la Palabra de Dios contiene m\u00e1s de lo que has descubierto hasta el momento&#8230;<br data-start=\"213\" data-end=\"216\" \/>\u2022 Si sientes que debe haber respuestas concretas a las circunstancias complejas de la vida&#8230;<br data-start=\"307\" data-end=\"310\" \/>\u2022 Si deseas una fe inconmovible, que evite que seas arrastrado por filosof\u00edas contradictorias presentes en el mundo y la iglesia&#8230;<br data-start=\"439\" data-end=\"442\" \/>\u2022 Si quieres afrontar sin temor la incertidumbre del futuro&#8230;<br data-start=\"502\" data-end=\"505\" \/>&#8230;entonces la <strong data-start=\"520\" data-end=\"562\">Nueva Biblia para el estudio inductivo<\/strong> est\u00e1 dise\u00f1ada para ti.\nLa eterna e infalible Palabra de Dios es tu gu\u00eda para toda la vida, y el estudio inductivo te brinda la clave para entender esa gu\u00eda.\nEl estudio inductivo es un m\u00e9todo que te lleva directamente a la Palabra de Dios, prescindiendo de otra comprensi\u00f3n o interpretaci\u00f3n del texto. Este tipo de estudio comprende tres componentes: <strong data-start=\"915\" data-end=\"959\">observaci\u00f3n, interpretaci\u00f3n y aplicaci\u00f3n<\/strong>.\n<hr data-start=\"962\" data-end=\"965\" \/>\n<h3>OBSERVACI\u00d3N \u2022 DESCUBRE QU\u00c9 DICE EL TEXTO<\/h3>\nLa <strong data-start=\"1016\" data-end=\"1031\">observaci\u00f3n<\/strong> ense\u00f1a a ver exactamente lo que dice el pasaje; es el fundamento para la interpretaci\u00f3n fiel y la aplicaci\u00f3n correcta. La observaci\u00f3n contesta la pregunta: \u00bfQu\u00e9 dice el pasaje?\n<hr data-start=\"1210\" data-end=\"1213\" \/>\n<h3>INTERPRETACI\u00d3N \u2022 DESCUBRE QU\u00c9 SIGNIFICA EL TEXTO<\/h3>\nLa <strong data-start=\"1272\" data-end=\"1290\">interpretaci\u00f3n<\/strong> contesta la pregunta: \u00bfCu\u00e1l es el significado del pasaje?\n<hr data-start=\"1350\" data-end=\"1353\" \/>\n<h3>APLICACI\u00d3N \u2022 DESCUBRE C\u00d3MO PONERLO EN PR\u00c1CTICA<\/h3>\nLa <strong data-start=\"1410\" data-end=\"1424\">aplicaci\u00f3n<\/strong> contesta las preguntas: \u00bfQu\u00e9 implica esto para m\u00ed? \u00bfQu\u00e9 verdades debo creer y poner en pr\u00e1ctica? \u00bfQu\u00e9 cambios debo hacer en mi vida?\n<hr data-start=\"1559\" data-end=\"1562\" \/>\nCuando conozcas lo que Dios dice, su significado y c\u00f3mo poner en pr\u00e1ctica Sus verdades, estar\u00e1s preparado para todas las circunstancias de la vida. La meta del estudio personal de la Biblia es una vida transformada y una relaci\u00f3n estrecha y constante con Jesucristo.\nLos siguientes diez puntos son la base del estudio inductivo. Con frecuencia, mientras sigues estos puntos, la observaci\u00f3n, la interpretaci\u00f3n y la aplicaci\u00f3n suceder\u00e1n simult\u00e1neamente. Dios puede darte nuevas perspectivas en cualquier momento de tu estudio, as\u00ed que s\u00e9 sensible a Su direcci\u00f3n.\nCuando te llamen la atenci\u00f3n palabras o pasajes, detente un momento y medita en lo que Dios te haya mostrado. Anota tus observaciones en el margen o en el fondo de lo que has aprendido.\nUna de las caracter\u00edsticas m\u00e1s valiosas de la NBIEI es el espacio en blanco que encuentras en sus m\u00e1rgenes, los cuales fueron dise\u00f1ados espec\u00edficamente para que puedas anotar con facilidad lo que Dios te revele de Su Palabra.\nAlgunas personas prefieren tener un cuaderno separado para esta Biblia si has decidido anotar en ella, para facilitar la mejor\u00eda y registrar tus observaciones.\nAl estudiar la Biblia, cap\u00edtulo por cap\u00edtulo y libro por libro, ver\u00e1s aumentada tu capacidad de comprender todo el consejo de Dios. Tiempo despu\u00e9s, podr\u00e1s recurrir a tus notas una y otra vez, estudiando porciones de las Escrituras y creciendo en tu conocimiento de Dios.\n\t\t\t\t<img loading=\"lazy\" decoding=\"async\" src=\"\/r\/wp-content\/uploads\/sites\/5\/2025\/04\/BPED_tapadura-592x451-1.jpg\" alt=\"Nueva Biblia para el estudio inductivo - Tapa dura\" height=\"609\" width=\"800\" title=\"BPED_tapadura-592x451\" \/>\n<h4>\n\t\tTAPA<br \/><strong>DURA<\/strong>\n\t<\/h4>\n\t\t\t\t<img loading=\"lazy\" decoding=\"async\" src=\"\/r\/wp-content\/uploads\/sites\/5\/2025\/04\/BPED_leadershoft-morado-592x451-1.jpg\" alt=\"Nueva Biblia para el estudio inductivo - Leathersoft Morado\" height=\"609\" width=\"800\" title=\"BPED_leadershoft-morado-592x451\" \/>\n<h4>\n\t\tMORADO<br \/><strong>LEATHERSOFT\u00ae<\/strong>\n\t<\/h4>\n\t\t\t\t<img loading=\"lazy\" decoding=\"async\" src=\"\/r\/wp-content\/uploads\/sites\/5\/2025\/04\/BPED_leadershoft-gris-592x451-1.jpg\" alt=\"Nueva Biblia para el estudio inductivo - Leathersoft Gris\" height=\"609\" width=\"800\" title=\"BPED_leadershoft-gris-592x451\" \/>\n<h4>\n\t\tGRIS<br \/><strong>LEATHERSOFT\u00ae<\/strong>\n\t<\/h4>\n<h4>\n\t\t<strong>Otros pa\u00edses<\/strong>\n\t<\/h4>\n\t\t\t<button aria-label=\"Menu\" aria-expanded=\"false\">\n\t\t\t\t\t\t\t<\/button>\n\t<nav aria-label=\"Menu\">\n\t\t<ul id=\"menu-betb-paises\"><li id=\"menu-item-11861\"><a href=\"#\">Selecciona tu pa\u00eds<\/a><ul>\t<li id=\"menu-item-11840\"><a href=https:\/\/staging.editorialhccp.hcusweb.com\/r\/buscador-de-tiendas-argentina\/>Argentina<\/a><\/li>\t<li id=\"menu-item-11841\"><a href=https:\/\/staging.editorialhccp.hcusweb.com\/r\/buscador-de-tiendas-bolivia\/>Bolivia<\/a><\/li>\t<li id=\"menu-item-11842\"><a href=https:\/\/staging.editorialhccp.hcusweb.com\/r\/buscador-de-tiendas-canada\/>Canad\u00e1<\/a><\/li>\t<li id=\"menu-item-11843\"><a href=https:\/\/staging.editorialhccp.hcusweb.com\/r\/buscador-de-tiendas-chile\/>Chile<\/a><\/li>\t<li id=\"menu-item-11844\"><a href=https:\/\/staging.editorialhccp.hcusweb.com\/r\/buscador-de-tiendas-colombia\/>Colombia<\/a><\/li>\t<li id=\"menu-item-11845\"><a href=https:\/\/staging.editorialhccp.hcusweb.com\/r\/buscador-de-tiendas-costarica\/>Costa Rica<\/a><\/li>\t<li id=\"menu-item-11846\"><a href=https:\/\/staging.editorialhccp.hcusweb.com\/r\/buscador-de-tiendas-ecuador\/>Ecuador<\/a><\/li>\t<li id=\"menu-item-11847\"><a href=https:\/\/staging.editorialhccp.hcusweb.com\/r\/buscador-de-tiendas-elsalvador\/>El Salvador<\/a><\/li>\t<li id=\"menu-item-11848\"><a href=https:\/\/staging.editorialhccp.hcusweb.com\/r\/buscador-de-tiendas-espana\/>Espa\u00f1a<\/a><\/li>\t<li id=\"menu-item-11875\"><a href=https:\/\/staging.editorialhccp.hcusweb.com\/r\/buscador-de-tiendas-eeuu\/>Estados Unidos<\/a><\/li>\t<li id=\"menu-item-11849\"><a href=https:\/\/staging.editorialhccp.hcusweb.com\/r\/buscador-de-tiendas-guatemala\/>Guatemala<\/a><\/li>\t<li id=\"menu-item-11850\"><a href=https:\/\/staging.editorialhccp.hcusweb.com\/r\/buscador-de-tiendas-honduras\/>Honduras<\/a><\/li>\t<li id=\"menu-item-11851\"><a href=https:\/\/staging.editorialhccp.hcusweb.com\/r\/buscador-de-tiendas-mexico\/>M\u00e9xico<\/a><\/li>\t<li id=\"menu-item-11852\"><a href=https:\/\/staging.editorialhccp.hcusweb.com\/r\/buscador-de-tiendas-nicaragua\/>Nicaragua<\/a><\/li>\t<li id=\"menu-item-11853\"><a href=https:\/\/staging.editorialhccp.hcusweb.com\/r\/buscador-de-tiendas-panama\/>Panam\u00e1<\/a><\/li>\t<li id=\"menu-item-11854\"><a href=https:\/\/staging.editorialhccp.hcusweb.com\/r\/buscador-de-tiendas-paraguay\/>Paraguay<\/a><\/li>\t<li id=\"menu-item-11855\"><a href=https:\/\/staging.editorialhccp.hcusweb.com\/r\/buscador-de-tiendas-peru\/>Per\u00fa<\/a><\/li>\t<li id=\"menu-item-11856\"><a href=https:\/\/staging.editorialhccp.hcusweb.com\/r\/buscador-de-tiendas-puertorico\/>Puerto Rico<\/a><\/li>\t<li id=\"menu-item-11857\"><a href=https:\/\/staging.editorialhccp.hcusweb.com\/r\/buscador-de-tiendas-rd\/>Rep\u00fablica Dominicana<\/a><\/li>\t<li id=\"menu-item-11858\"><a href=https:\/\/staging.editorialhccp.hcusweb.com\/r\/buscador-de-tiendas-uruguay\/>Uruguay<\/a><\/li>\t<li id=\"menu-item-11859\"><a href=https:\/\/staging.editorialhccp.hcusweb.com\/r\/venezuela\/>Venezuela<\/a><\/li><\/ul><\/li><\/ul>\n\t\t\t<\/nav>\n\t\t\t<a href=https:\/\/staging.editorialhccp.hcusweb.com\/r\/nbla-nueva-biblia-para-el-estudio-inductivo\/interior-de-la-biblia\/ target=\"_self\">\n\t\t\t\t\t\t\tVer interior de la Biblia\n\t\t\t\t\t<\/a>\n\t\t\t<a href=https:\/\/staging.editorialhccp.hcusweb.com\/r\/nbla-nueva-biblia-para-el-estudio-inductivo\/que-es-el-metodo-de-estudio-inductivo\/ target=\"_self\">\n\t\t\t\t\t\t\tConoce el m\u00e9todo\n\t\t\t\t\t<\/a>\n<h2>\n\t\t<a href=\"#inicio\" title=\"Inicio\" target=\"_self\">\n\t\tInicio\n\t\t<\/a>\n\t<\/h2>\n\n","protected":false},"excerpt":{"rendered":"<p>Compra ahora \u00bfQU\u00c9 ES EL M\u00c9TODO DE ESTUDIO INDUCTIVO? por Editorial Vida Explora las escrituras utilizando el m\u00e9todo inductivo de estudio b\u00edblico. \u00bfAnhelas conocer a Dios? \u00bfDeseas fervientemente una relaci\u00f3n estrecha y constante con \u00c9l? \u00bfQuieres serle fiel a Cristo y conocer lo que \u00c9l espera de ti? De ser as\u00ed, La Nueva Biblia para [&hellip;]<\/p>\n","protected":false},"author":0,"featured_media":0,"parent":17456,"menu_order":1,"comment_status":"closed","ping_status":"closed","template":"","meta":{"_acf_changed":false,"footnotes":""},"class_list":["post-17485","page","type-page","status-publish","hentry"],"acf":[],"yoast_head":"<!-- This site is optimized with the Yoast SEO Premium plugin v27.3 (Yoast SEO v27.4) - https:\/\/yoast.com\/product\/yoast-seo-premium-wordpress\/ -->\n<title>\u00bfQu\u00e9 es el m\u00e9todo de estudio inductivo? - Marketing Pages<\/title>\n<meta name=\"description\" content=\"Esta es la esencia del m\u00e9todo de estudio inductivo: ver la verdad por uno mismo, discernir su significado y aplicar esa verdad a tu vida. En Su Palabra inspirada, Dios nos ha dado todo lo que necesitamos saber acerca de la vida y la piedad.\" \/>\n<meta name=\"robots\" content=\"index, follow, max-snippet:-1, max-image-preview:large, max-video-preview:-1\" \/>\n<link rel=\"canonical\" href=\"https:\/\/staging.editorialhccp.hcusweb.com\/r\/nbla-nueva-biblia-para-el-estudio-inductivo\/que-es-el-metodo-de-estudio-inductivo\/\" \/>\n<meta property=\"og:locale\" content=\"en_US\" \/>\n<meta property=\"og:type\" content=\"article\" \/>\n<meta property=\"og:title\" content=\"\u00bfQu\u00e9 es el m\u00e9todo de estudio inductivo?\" \/>\n<meta property=\"og:description\" content=\"Esta es la esencia del m\u00e9todo de estudio inductivo: ver la verdad por uno mismo, discernir su significado y aplicar esa verdad a tu vida. En Su Palabra inspirada, Dios nos ha dado todo lo que necesitamos saber acerca de la vida y la piedad.\" \/>\n<meta property=\"og:url\" content=\"https:\/\/staging.editorialhccp.hcusweb.com\/r\/nbla-nueva-biblia-para-el-estudio-inductivo\/que-es-el-metodo-de-estudio-inductivo\/\" \/>\n<meta property=\"og:site_name\" content=\"Marketing Pages\" \/>\n<meta name=\"twitter:card\" content=\"summary_large_image\" \/>\n<meta name=\"twitter:label1\" content=\"Est. reading time\" \/>\n\t<meta name=\"twitter:data1\" content=\"6 minutes\" \/>\n<script type=\"application\/ld+json\" class=\"yoast-schema-graph\">{\"@context\":\"https:\\\/\\\/schema.org\",\"@graph\":[{\"@type\":\"WebPage\",\"@id\":\"https:\\\/\\\/staging.editorialhccp.hcusweb.com\\\/r\\\/nbla-nueva-biblia-para-el-estudio-inductivo\\\/que-es-el-metodo-de-estudio-inductivo\\\/\",\"url\":\"https:\\\/\\\/staging.editorialhccp.hcusweb.com\\\/r\\\/nbla-nueva-biblia-para-el-estudio-inductivo\\\/que-es-el-metodo-de-estudio-inductivo\\\/\",\"name\":\"\u00bfQu\u00e9 es el m\u00e9todo de estudio inductivo? - Marketing Pages\",\"isPartOf\":{\"@id\":\"https:\\\/\\\/staging.editorialhccp.hcusweb.com\\\/r\\\/#website\"},\"datePublished\":\"2025-04-29T03:40:41+00:00\",\"description\":\"Esta es la esencia del m\u00e9todo de estudio inductivo: ver la verdad por uno mismo, discernir su significado y aplicar esa verdad a tu vida. En Su Palabra inspirada, Dios nos ha dado todo lo que necesitamos saber acerca de la vida y la piedad.\",\"breadcrumb\":{\"@id\":\"https:\\\/\\\/staging.editorialhccp.hcusweb.com\\\/r\\\/nbla-nueva-biblia-para-el-estudio-inductivo\\\/que-es-el-metodo-de-estudio-inductivo\\\/#breadcrumb\"},\"inLanguage\":\"en-US\",\"potentialAction\":[{\"@type\":\"ReadAction\",\"target\":[\"https:\\\/\\\/staging.editorialhccp.hcusweb.com\\\/r\\\/nbla-nueva-biblia-para-el-estudio-inductivo\\\/que-es-el-metodo-de-estudio-inductivo\\\/\"]}]},{\"@type\":\"BreadcrumbList\",\"@id\":\"https:\\\/\\\/staging.editorialhccp.hcusweb.com\\\/r\\\/nbla-nueva-biblia-para-el-estudio-inductivo\\\/que-es-el-metodo-de-estudio-inductivo\\\/#breadcrumb\",\"itemListElement\":[{\"@type\":\"ListItem\",\"position\":1,\"name\":\"Home\",\"item\":\"https:\\\/\\\/staging.editorialhccp.hcusweb.com\\\/r\\\/\"},{\"@type\":\"ListItem\",\"position\":2,\"name\":\"Nueva Biblia para el estudio inductivo NBLA\",\"item\":\"https:\\\/\\\/staging.editorialhccp.hcusweb.com\\\/r\\\/nbla-nueva-biblia-para-el-estudio-inductivo\\\/\"},{\"@type\":\"ListItem\",\"position\":3,\"name\":\"\u00bfQu\u00e9 es el m\u00e9todo de estudio inductivo?\"}]},{\"@type\":\"WebSite\",\"@id\":\"https:\\\/\\\/staging.editorialhccp.hcusweb.com\\\/r\\\/#website\",\"url\":\"https:\\\/\\\/staging.editorialhccp.hcusweb.com\\\/r\\\/\",\"name\":\"Marketing Pages\",\"description\":\"\",\"potentialAction\":[{\"@type\":\"SearchAction\",\"target\":{\"@type\":\"EntryPoint\",\"urlTemplate\":\"https:\\\/\\\/staging.editorialhccp.hcusweb.com\\\/r\\\/?s={search_term_string}\"},\"query-input\":{\"@type\":\"PropertyValueSpecification\",\"valueRequired\":true,\"valueName\":\"search_term_string\"}}],\"inLanguage\":\"en-US\"}]}<\/script>\n<!-- \/ Yoast SEO Premium plugin. -->","yoast_head_json":{"title":"\u00bfQu\u00e9 es el m\u00e9todo de estudio inductivo? - Marketing Pages","description":"Esta es la esencia del m\u00e9todo de estudio inductivo: ver la verdad por uno mismo, discernir su significado y aplicar esa verdad a tu vida. En Su Palabra inspirada, Dios nos ha dado todo lo que necesitamos saber acerca de la vida y la piedad.","robots":{"index":"index","follow":"follow","max-snippet":"max-snippet:-1","max-image-preview":"max-image-preview:large","max-video-preview":"max-video-preview:-1"},"canonical":"https:\/\/staging.editorialhccp.hcusweb.com\/r\/nbla-nueva-biblia-para-el-estudio-inductivo\/que-es-el-metodo-de-estudio-inductivo\/","og_locale":"en_US","og_type":"article","og_title":"\u00bfQu\u00e9 es el m\u00e9todo de estudio inductivo?","og_description":"Esta es la esencia del m\u00e9todo de estudio inductivo: ver la verdad por uno mismo, discernir su significado y aplicar esa verdad a tu vida. En Su Palabra inspirada, Dios nos ha dado todo lo que necesitamos saber acerca de la vida y la piedad.","og_url":"https:\/\/staging.editorialhccp.hcusweb.com\/r\/nbla-nueva-biblia-para-el-estudio-inductivo\/que-es-el-metodo-de-estudio-inductivo\/","og_site_name":"Marketing Pages","twitter_card":"summary_large_image","twitter_misc":{"Est. reading time":"6 minutes"},"schema":{"@context":"https:\/\/schema.org","@graph":[{"@type":"WebPage","@id":"https:\/\/staging.editorialhccp.hcusweb.com\/r\/nbla-nueva-biblia-para-el-estudio-inductivo\/que-es-el-metodo-de-estudio-inductivo\/","url":"https:\/\/staging.editorialhccp.hcusweb.com\/r\/nbla-nueva-biblia-para-el-estudio-inductivo\/que-es-el-metodo-de-estudio-inductivo\/","name":"\u00bfQu\u00e9 es el m\u00e9todo de estudio inductivo? - Marketing Pages","isPartOf":{"@id":"https:\/\/staging.editorialhccp.hcusweb.com\/r\/#website"},"datePublished":"2025-04-29T03:40:41+00:00","description":"Esta es la esencia del m\u00e9todo de estudio inductivo: ver la verdad por uno mismo, discernir su significado y aplicar esa verdad a tu vida. En Su Palabra inspirada, Dios nos ha dado todo lo que necesitamos saber acerca de la vida y la piedad.","breadcrumb":{"@id":"https:\/\/staging.editorialhccp.hcusweb.com\/r\/nbla-nueva-biblia-para-el-estudio-inductivo\/que-es-el-metodo-de-estudio-inductivo\/#breadcrumb"},"inLanguage":"en-US","potentialAction":[{"@type":"ReadAction","target":["https:\/\/staging.editorialhccp.hcusweb.com\/r\/nbla-nueva-biblia-para-el-estudio-inductivo\/que-es-el-metodo-de-estudio-inductivo\/"]}]},{"@type":"BreadcrumbList","@id":"https:\/\/staging.editorialhccp.hcusweb.com\/r\/nbla-nueva-biblia-para-el-estudio-inductivo\/que-es-el-metodo-de-estudio-inductivo\/#breadcrumb","itemListElement":[{"@type":"ListItem","position":1,"name":"Home","item":"https:\/\/staging.editorialhccp.hcusweb.com\/r\/"},{"@type":"ListItem","position":2,"name":"Nueva Biblia para el estudio inductivo NBLA","item":"https:\/\/staging.editorialhccp.hcusweb.com\/r\/nbla-nueva-biblia-para-el-estudio-inductivo\/"},{"@type":"ListItem","position":3,"name":"\u00bfQu\u00e9 es el m\u00e9todo de estudio inductivo?"}]},{"@type":"WebSite","@id":"https:\/\/staging.editorialhccp.hcusweb.com\/r\/#website","url":"https:\/\/staging.editorialhccp.hcusweb.com\/r\/","name":"Marketing Pages","description":"","potentialAction":[{"@type":"SearchAction","target":{"@type":"EntryPoint","urlTemplate":"https:\/\/staging.editorialhccp.hcusweb.com\/r\/?s={search_term_string}"},"query-input":{"@type":"PropertyValueSpecification","valueRequired":true,"valueName":"search_term_string"}}],"inLanguage":"en-US"}]}},"_links":{"self":[{"href":"https:\/\/staging.editorialhccp.hcusweb.com\/r\/wp-json\/wp\/v2\/pages\/17485","targetHints":{"allow":["GET"]}}],"collection":[{"href":"https:\/\/staging.editorialhccp.hcusweb.com\/r\/wp-json\/wp\/v2\/pages"}],"about":[{"href":"https:\/\/staging.editorialhccp.hcusweb.com\/r\/wp-json\/wp\/v2\/types\/page"}],"replies":[{"embeddable":true,"href":"https:\/\/staging.editorialhccp.hcusweb.com\/r\/wp-json\/wp\/v2\/comments?post=17485"}],"version-history":[{"count":0,"href":"https:\/\/staging.editorialhccp.hcusweb.com\/r\/wp-json\/wp\/v2\/pages\/17485\/revisions"}],"up":[{"embeddable":true,"href":"https:\/\/staging.editorialhccp.hcusweb.com\/r\/wp-json\/wp\/v2\/pages\/17456"}],"wp:attachment":[{"href":"https:\/\/staging.editorialhccp.hcusweb.com\/r\/wp-json\/wp\/v2\/media?parent=17485"}],"curies":[{"name":"wp","href":"https:\/\/api.w.org\/{rel}","templated":true}]}}