{"id":17551,"date":"2025-04-29T07:32:04","date_gmt":"2025-04-29T07:32:04","guid":{"rendered":"\/r\/?page_id=17551"},"modified":"2025-04-29T07:32:04","modified_gmt":"2025-04-29T07:32:04","slug":"compra-ahora","status":"publish","type":"page","link":"https:\/\/staging.editorialhccp.hcusweb.com\/r\/nbla-nueva-biblia-para-el-estudio-inductivo\/compra-ahora\/","title":{"rendered":"Compra ahora"},"content":{"rendered":"\n\n\t\t\t<a href=https:\/\/staging.editorialhccp.hcusweb.com\/r\/biblia-de-estudio-teologia-biblica\/compra-ahora\/ target=\"_self\">\n\t\t\t\t\t\t\tCompra ahora\n\t\t\t\t\t<\/a>\n<h2>\n\t\t\u00bfCU\u00c1L PREFIERES?\n\t<\/h2>\n\t\t\t<a href=https:\/\/staging.editorialhccp.hcusweb.com\/r\/nbla-nueva-biblia-para-el-estudio-inductivo\/interior-de-la-biblia\/ target=\"_self\">\n\t\t\t\t\t\t\tInterior de la Biblia\n\t\t\t\t\t<\/a>\n\t<p><em><strong>La Nueva Biblia para el estudio inductivo NBLA<\/strong><\/em>\u00a0est\u00e1 impresa en la exclusiva letra <a href=https:\/\/staging.editorialhccp.hcusweb.com\/r\/comfortprint\/ target=\"_blank\" rel=\"noopener\">Comfort Print\u00ae<\/a>. Dise\u00f1ada por expertos espec\u00edficamente para el texto de la <a href=\"https:\/\/exploranbla.com\/historia\" target=\"_blank\" rel=\"noopener\">Nueva Biblia de las Am\u00e9ricas (NBLA)<\/a> , Comfort Print\u00ae ofrece una experiencia de lectura m\u00e1s f\u00e1cil que complementa la traducci\u00f3n de la Biblia m\u00e1s le\u00edda en espa\u00f1ol moderno.<\/p>\n\t\t\t\t<img loading=\"lazy\" decoding=\"async\" src=\"\/r\/wp-content\/uploads\/sites\/5\/2025\/04\/BPED_tapadura-592x451-1.jpg\" alt=\"Nueva Biblia para el estudio inductivo - Tapa dura\" height=\"609\" width=\"800\" title=\"BPED_tapadura-592x451\" \/>\n<h4>\n\t\tTAPA<br \/><strong>DURA<\/strong>\n\t<\/h4>\n\t\t\t\t<img loading=\"lazy\" decoding=\"async\" src=\"\/r\/wp-content\/uploads\/sites\/5\/2025\/04\/BPED_leadershoft-morado-592x451-1.jpg\" alt=\"Nueva Biblia para el estudio inductivo - Leathersoft Morado\" height=\"609\" width=\"800\" title=\"BPED_leadershoft-morado-592x451\" \/>\n<h4>\n\t\tMORADO<br \/><strong>LEATHERSOFT\u00ae<\/strong>\n\t<\/h4>\n\t\t\t\t<img loading=\"lazy\" decoding=\"async\" src=\"\/r\/wp-content\/uploads\/sites\/5\/2025\/04\/BPED_leadershoft-gris-592x451-1.jpg\" alt=\"Nueva Biblia para el estudio inductivo - Leathersoft Gris\" height=\"609\" width=\"800\" title=\"BPED_leadershoft-gris-592x451\" \/>\n<h4>\n\t\tGRIS<br \/><strong>LEATHERSOFT\u00ae<\/strong>\n\t<\/h4>\n<h4>\n\t\t<strong>Otros pa\u00edses<\/strong>\n\t<\/h4>\n\t\t\t<button aria-label=\"Menu\" aria-expanded=\"false\">\n\t\t\t\t\t\t\t<\/button>\n\t<nav aria-label=\"Menu\">\n\t\t<ul id=\"menu-betb-paises\"><li id=\"menu-item-11861\"><a href=\"#\">Selecciona tu pa\u00eds<\/a><ul>\t<li id=\"menu-item-11840\"><a href=https:\/\/staging.editorialhccp.hcusweb.com\/r\/buscador-de-tiendas-argentina\/>Argentina<\/a><\/li>\t<li id=\"menu-item-11841\"><a href=https:\/\/staging.editorialhccp.hcusweb.com\/r\/buscador-de-tiendas-bolivia\/>Bolivia<\/a><\/li>\t<li id=\"menu-item-11842\"><a href=https:\/\/staging.editorialhccp.hcusweb.com\/r\/buscador-de-tiendas-canada\/>Canad\u00e1<\/a><\/li>\t<li id=\"menu-item-11843\"><a href=https:\/\/staging.editorialhccp.hcusweb.com\/r\/buscador-de-tiendas-chile\/>Chile<\/a><\/li>\t<li id=\"menu-item-11844\"><a href=https:\/\/staging.editorialhccp.hcusweb.com\/r\/buscador-de-tiendas-colombia\/>Colombia<\/a><\/li>\t<li id=\"menu-item-11845\"><a href=https:\/\/staging.editorialhccp.hcusweb.com\/r\/buscador-de-tiendas-costarica\/>Costa Rica<\/a><\/li>\t<li id=\"menu-item-11846\"><a href=https:\/\/staging.editorialhccp.hcusweb.com\/r\/buscador-de-tiendas-ecuador\/>Ecuador<\/a><\/li>\t<li id=\"menu-item-11847\"><a href=https:\/\/staging.editorialhccp.hcusweb.com\/r\/buscador-de-tiendas-elsalvador\/>El Salvador<\/a><\/li>\t<li id=\"menu-item-11848\"><a href=https:\/\/staging.editorialhccp.hcusweb.com\/r\/buscador-de-tiendas-espana\/>Espa\u00f1a<\/a><\/li>\t<li id=\"menu-item-11875\"><a href=https:\/\/staging.editorialhccp.hcusweb.com\/r\/buscador-de-tiendas-eeuu\/>Estados Unidos<\/a><\/li>\t<li id=\"menu-item-11849\"><a href=https:\/\/staging.editorialhccp.hcusweb.com\/r\/buscador-de-tiendas-guatemala\/>Guatemala<\/a><\/li>\t<li id=\"menu-item-11850\"><a href=https:\/\/staging.editorialhccp.hcusweb.com\/r\/buscador-de-tiendas-honduras\/>Honduras<\/a><\/li>\t<li id=\"menu-item-11851\"><a href=https:\/\/staging.editorialhccp.hcusweb.com\/r\/buscador-de-tiendas-mexico\/>M\u00e9xico<\/a><\/li>\t<li id=\"menu-item-11852\"><a href=https:\/\/staging.editorialhccp.hcusweb.com\/r\/buscador-de-tiendas-nicaragua\/>Nicaragua<\/a><\/li>\t<li id=\"menu-item-11853\"><a href=https:\/\/staging.editorialhccp.hcusweb.com\/r\/buscador-de-tiendas-panama\/>Panam\u00e1<\/a><\/li>\t<li id=\"menu-item-11854\"><a href=https:\/\/staging.editorialhccp.hcusweb.com\/r\/buscador-de-tiendas-paraguay\/>Paraguay<\/a><\/li>\t<li id=\"menu-item-11855\"><a href=https:\/\/staging.editorialhccp.hcusweb.com\/r\/buscador-de-tiendas-peru\/>Per\u00fa<\/a><\/li>\t<li id=\"menu-item-11856\"><a href=https:\/\/staging.editorialhccp.hcusweb.com\/r\/buscador-de-tiendas-puertorico\/>Puerto Rico<\/a><\/li>\t<li id=\"menu-item-11857\"><a href=https:\/\/staging.editorialhccp.hcusweb.com\/r\/buscador-de-tiendas-rd\/>Rep\u00fablica Dominicana<\/a><\/li>\t<li id=\"menu-item-11858\"><a href=https:\/\/staging.editorialhccp.hcusweb.com\/r\/buscador-de-tiendas-uruguay\/>Uruguay<\/a><\/li>\t<li id=\"menu-item-11859\"><a href=https:\/\/staging.editorialhccp.hcusweb.com\/r\/venezuela\/>Venezuela<\/a><\/li><\/ul><\/li><\/ul>\n\t\t\t<\/nav>\n\t\t\t<a href=https:\/\/staging.editorialhccp.hcusweb.com\/r\/nbla-nueva-biblia-para-el-estudio-inductivo\/interior-de-la-biblia\/ target=\"_self\">\n\t\t\t\t\t\t\tVer interior de la Biblia\n\t\t\t\t\t<\/a>\n\t\t\t<a href=https:\/\/staging.editorialhccp.hcusweb.com\/r\/nbla-nueva-biblia-para-el-estudio-inductivo\/que-es-el-metodo-de-estudio-inductivo\/ target=\"_self\">\n\t\t\t\t\t\t\tConoce el m\u00e9todo\n\t\t\t\t\t<\/a>\n<h2>\n\t\t<a href=\"#inicio\" title=\"Inicio\" target=\"_self\">\n\t\tInicio\n\t\t<\/a>\n\t<\/h2>\n\n","protected":false},"excerpt":{"rendered":"<p>Compra ahora \u00bfCU\u00c1L PREFIERES? Interior de la Biblia La Nueva Biblia para el estudio inductivo NBLA\u00a0est\u00e1 impresa en la exclusiva letra Comfort Print\u00ae. Dise\u00f1ada por expertos espec\u00edficamente para el texto de la Nueva Biblia de las Am\u00e9ricas (NBLA) , Comfort Print\u00ae ofrece una experiencia de lectura m\u00e1s f\u00e1cil que complementa la traducci\u00f3n de la Biblia [&hellip;]<\/p>\n","protected":false},"author":0,"featured_media":17483,"parent":17456,"menu_order":5,"comment_status":"closed","ping_status":"closed","template":"","meta":{"_acf_changed":false,"footnotes":""},"class_list":["post-17551","page","type-page","status-publish","has-post-thumbnail","hentry"],"acf":[],"yoast_head":"<!-- This site is optimized with the Yoast SEO Premium plugin v27.3 (Yoast SEO v27.4) - https:\/\/yoast.com\/product\/yoast-seo-premium-wordpress\/ -->\n<title>Compra ahora - Marketing Pages<\/title>\n<meta name=\"description\" content=\"La Nueva Biblia para el estudio inductivo NBLA est\u00e1 impresa en la exclusiva letra Comfort Print\u00ae. Dise\u00f1ada por expertos espec\u00edficamente para el texto de la Nueva Biblia de las Am\u00e9ricas (NBLA) , Comfort Print\u00ae ofrece una experiencia de lectura m\u00e1s f\u00e1cil que complementa la traducci\u00f3n de la Biblia m\u00e1s le\u00edda en espa\u00f1ol moderno.\" \/>\n<meta name=\"robots\" content=\"index, follow, max-snippet:-1, max-image-preview:large, max-video-preview:-1\" \/>\n<link rel=\"canonical\" href=\"https:\/\/staging.editorialhccp.hcusweb.com\/r\/nbla-nueva-biblia-para-el-estudio-inductivo\/compra-ahora\/\" \/>\n<meta property=\"og:locale\" content=\"en_US\" \/>\n<meta property=\"og:type\" content=\"article\" \/>\n<meta property=\"og:title\" content=\"Compra ahora\" \/>\n<meta property=\"og:description\" content=\"La Nueva Biblia para el estudio inductivo NBLA est\u00e1 impresa en la exclusiva letra Comfort Print\u00ae. Dise\u00f1ada por expertos espec\u00edficamente para el texto de la Nueva Biblia de las Am\u00e9ricas (NBLA) , Comfort Print\u00ae ofrece una experiencia de lectura m\u00e1s f\u00e1cil que complementa la traducci\u00f3n de la Biblia m\u00e1s le\u00edda en espa\u00f1ol moderno.\" \/>\n<meta property=\"og:url\" content=\"https:\/\/staging.editorialhccp.hcusweb.com\/r\/nbla-nueva-biblia-para-el-estudio-inductivo\/compra-ahora\/\" \/>\n<meta property=\"og:site_name\" content=\"Marketing Pages\" \/>\n<meta property=\"og:image\" content=\"https:\/\/staging.editorialhccp.hcusweb.com\/r\/wp-content\/uploads\/sites\/5\/2025\/04\/BPED_tapadura-592x451-1.jpg\" \/>\n\t<meta property=\"og:image:width\" content=\"800\" \/>\n\t<meta property=\"og:image:height\" content=\"609\" \/>\n\t<meta property=\"og:image:type\" content=\"image\/jpeg\" \/>\n<meta name=\"twitter:card\" content=\"summary_large_image\" \/>\n<meta name=\"twitter:label1\" content=\"Est. reading time\" \/>\n\t<meta name=\"twitter:data1\" content=\"2 minutes\" \/>\n<script type=\"application\/ld+json\" class=\"yoast-schema-graph\">{\"@context\":\"https:\\\/\\\/schema.org\",\"@graph\":[{\"@type\":\"WebPage\",\"@id\":\"https:\\\/\\\/staging.editorialhccp.hcusweb.com\\\/r\\\/nbla-nueva-biblia-para-el-estudio-inductivo\\\/compra-ahora\\\/\",\"url\":\"https:\\\/\\\/staging.editorialhccp.hcusweb.com\\\/r\\\/nbla-nueva-biblia-para-el-estudio-inductivo\\\/compra-ahora\\\/\",\"name\":\"Compra ahora - Marketing Pages\",\"isPartOf\":{\"@id\":\"https:\\\/\\\/staging.editorialhccp.hcusweb.com\\\/r\\\/#website\"},\"primaryImageOfPage\":{\"@id\":\"https:\\\/\\\/staging.editorialhccp.hcusweb.com\\\/r\\\/nbla-nueva-biblia-para-el-estudio-inductivo\\\/compra-ahora\\\/#primaryimage\"},\"image\":{\"@id\":\"https:\\\/\\\/staging.editorialhccp.hcusweb.com\\\/r\\\/nbla-nueva-biblia-para-el-estudio-inductivo\\\/compra-ahora\\\/#primaryimage\"},\"thumbnailUrl\":\"https:\\\/\\\/staging.editorialhccp.hcusweb.com\\\/r\\\/wp-content\\\/uploads\\\/sites\\\/5\\\/2025\\\/04\\\/BPED_tapadura-592x451-1.jpg\",\"datePublished\":\"2025-04-29T07:32:04+00:00\",\"description\":\"La Nueva Biblia para el estudio inductivo NBLA est\u00e1 impresa en la exclusiva letra Comfort Print\u00ae. Dise\u00f1ada por expertos espec\u00edficamente para el texto de la Nueva Biblia de las Am\u00e9ricas (NBLA) , Comfort Print\u00ae ofrece una experiencia de lectura m\u00e1s f\u00e1cil que complementa la traducci\u00f3n de la Biblia m\u00e1s le\u00edda en espa\u00f1ol moderno.\",\"breadcrumb\":{\"@id\":\"https:\\\/\\\/staging.editorialhccp.hcusweb.com\\\/r\\\/nbla-nueva-biblia-para-el-estudio-inductivo\\\/compra-ahora\\\/#breadcrumb\"},\"inLanguage\":\"en-US\",\"potentialAction\":[{\"@type\":\"ReadAction\",\"target\":[\"https:\\\/\\\/staging.editorialhccp.hcusweb.com\\\/r\\\/nbla-nueva-biblia-para-el-estudio-inductivo\\\/compra-ahora\\\/\"]}]},{\"@type\":\"ImageObject\",\"inLanguage\":\"en-US\",\"@id\":\"https:\\\/\\\/staging.editorialhccp.hcusweb.com\\\/r\\\/nbla-nueva-biblia-para-el-estudio-inductivo\\\/compra-ahora\\\/#primaryimage\",\"url\":\"https:\\\/\\\/staging.editorialhccp.hcusweb.com\\\/r\\\/wp-content\\\/uploads\\\/sites\\\/5\\\/2025\\\/04\\\/BPED_tapadura-592x451-1.jpg\",\"contentUrl\":\"https:\\\/\\\/staging.editorialhccp.hcusweb.com\\\/r\\\/wp-content\\\/uploads\\\/sites\\\/5\\\/2025\\\/04\\\/BPED_tapadura-592x451-1.jpg\",\"width\":800,\"height\":609,\"caption\":\"Nueva Biblia para el estudio inductivo - Tapa dura\"},{\"@type\":\"BreadcrumbList\",\"@id\":\"https:\\\/\\\/staging.editorialhccp.hcusweb.com\\\/r\\\/nbla-nueva-biblia-para-el-estudio-inductivo\\\/compra-ahora\\\/#breadcrumb\",\"itemListElement\":[{\"@type\":\"ListItem\",\"position\":1,\"name\":\"Home\",\"item\":\"https:\\\/\\\/staging.editorialhccp.hcusweb.com\\\/r\\\/\"},{\"@type\":\"ListItem\",\"position\":2,\"name\":\"Nueva Biblia para el estudio inductivo NBLA\",\"item\":\"https:\\\/\\\/staging.editorialhccp.hcusweb.com\\\/r\\\/nbla-nueva-biblia-para-el-estudio-inductivo\\\/\"},{\"@type\":\"ListItem\",\"position\":3,\"name\":\"Compra ahora\"}]},{\"@type\":\"WebSite\",\"@id\":\"https:\\\/\\\/staging.editorialhccp.hcusweb.com\\\/r\\\/#website\",\"url\":\"https:\\\/\\\/staging.editorialhccp.hcusweb.com\\\/r\\\/\",\"name\":\"Marketing Pages\",\"description\":\"\",\"potentialAction\":[{\"@type\":\"SearchAction\",\"target\":{\"@type\":\"EntryPoint\",\"urlTemplate\":\"https:\\\/\\\/staging.editorialhccp.hcusweb.com\\\/r\\\/?s={search_term_string}\"},\"query-input\":{\"@type\":\"PropertyValueSpecification\",\"valueRequired\":true,\"valueName\":\"search_term_string\"}}],\"inLanguage\":\"en-US\"}]}<\/script>\n<!-- \/ Yoast SEO Premium plugin. -->","yoast_head_json":{"title":"Compra ahora - Marketing Pages","description":"La Nueva Biblia para el estudio inductivo NBLA est\u00e1 impresa en la exclusiva letra Comfort Print\u00ae. Dise\u00f1ada por expertos espec\u00edficamente para el texto de la Nueva Biblia de las Am\u00e9ricas (NBLA) , Comfort Print\u00ae ofrece una experiencia de lectura m\u00e1s f\u00e1cil que complementa la traducci\u00f3n de la Biblia m\u00e1s le\u00edda en espa\u00f1ol moderno.","robots":{"index":"index","follow":"follow","max-snippet":"max-snippet:-1","max-image-preview":"max-image-preview:large","max-video-preview":"max-video-preview:-1"},"canonical":"https:\/\/staging.editorialhccp.hcusweb.com\/r\/nbla-nueva-biblia-para-el-estudio-inductivo\/compra-ahora\/","og_locale":"en_US","og_type":"article","og_title":"Compra ahora","og_description":"La Nueva Biblia para el estudio inductivo NBLA est\u00e1 impresa en la exclusiva letra Comfort Print\u00ae. Dise\u00f1ada por expertos espec\u00edficamente para el texto de la Nueva Biblia de las Am\u00e9ricas (NBLA) , Comfort Print\u00ae ofrece una experiencia de lectura m\u00e1s f\u00e1cil que complementa la traducci\u00f3n de la Biblia m\u00e1s le\u00edda en espa\u00f1ol moderno.","og_url":"https:\/\/staging.editorialhccp.hcusweb.com\/r\/nbla-nueva-biblia-para-el-estudio-inductivo\/compra-ahora\/","og_site_name":"Marketing Pages","og_image":[{"width":800,"height":609,"url":"https:\/\/staging.editorialhccp.hcusweb.com\/r\/wp-content\/uploads\/sites\/5\/2025\/04\/BPED_tapadura-592x451-1.jpg","type":"image\/jpeg"}],"twitter_card":"summary_large_image","twitter_misc":{"Est. reading time":"2 minutes"},"schema":{"@context":"https:\/\/schema.org","@graph":[{"@type":"WebPage","@id":"https:\/\/staging.editorialhccp.hcusweb.com\/r\/nbla-nueva-biblia-para-el-estudio-inductivo\/compra-ahora\/","url":"https:\/\/staging.editorialhccp.hcusweb.com\/r\/nbla-nueva-biblia-para-el-estudio-inductivo\/compra-ahora\/","name":"Compra ahora - Marketing Pages","isPartOf":{"@id":"https:\/\/staging.editorialhccp.hcusweb.com\/r\/#website"},"primaryImageOfPage":{"@id":"https:\/\/staging.editorialhccp.hcusweb.com\/r\/nbla-nueva-biblia-para-el-estudio-inductivo\/compra-ahora\/#primaryimage"},"image":{"@id":"https:\/\/staging.editorialhccp.hcusweb.com\/r\/nbla-nueva-biblia-para-el-estudio-inductivo\/compra-ahora\/#primaryimage"},"thumbnailUrl":"https:\/\/staging.editorialhccp.hcusweb.com\/r\/wp-content\/uploads\/sites\/5\/2025\/04\/BPED_tapadura-592x451-1.jpg","datePublished":"2025-04-29T07:32:04+00:00","description":"La Nueva Biblia para el estudio inductivo NBLA est\u00e1 impresa en la exclusiva letra Comfort Print\u00ae. Dise\u00f1ada por expertos espec\u00edficamente para el texto de la Nueva Biblia de las Am\u00e9ricas (NBLA) , Comfort Print\u00ae ofrece una experiencia de lectura m\u00e1s f\u00e1cil que complementa la traducci\u00f3n de la Biblia m\u00e1s le\u00edda en espa\u00f1ol moderno.","breadcrumb":{"@id":"https:\/\/staging.editorialhccp.hcusweb.com\/r\/nbla-nueva-biblia-para-el-estudio-inductivo\/compra-ahora\/#breadcrumb"},"inLanguage":"en-US","potentialAction":[{"@type":"ReadAction","target":["https:\/\/staging.editorialhccp.hcusweb.com\/r\/nbla-nueva-biblia-para-el-estudio-inductivo\/compra-ahora\/"]}]},{"@type":"ImageObject","inLanguage":"en-US","@id":"https:\/\/staging.editorialhccp.hcusweb.com\/r\/nbla-nueva-biblia-para-el-estudio-inductivo\/compra-ahora\/#primaryimage","url":"https:\/\/staging.editorialhccp.hcusweb.com\/r\/wp-content\/uploads\/sites\/5\/2025\/04\/BPED_tapadura-592x451-1.jpg","contentUrl":"https:\/\/staging.editorialhccp.hcusweb.com\/r\/wp-content\/uploads\/sites\/5\/2025\/04\/BPED_tapadura-592x451-1.jpg","width":800,"height":609,"caption":"Nueva Biblia para el estudio inductivo - Tapa dura"},{"@type":"BreadcrumbList","@id":"https:\/\/staging.editorialhccp.hcusweb.com\/r\/nbla-nueva-biblia-para-el-estudio-inductivo\/compra-ahora\/#breadcrumb","itemListElement":[{"@type":"ListItem","position":1,"name":"Home","item":"https:\/\/staging.editorialhccp.hcusweb.com\/r\/"},{"@type":"ListItem","position":2,"name":"Nueva Biblia para el estudio inductivo NBLA","item":"https:\/\/staging.editorialhccp.hcusweb.com\/r\/nbla-nueva-biblia-para-el-estudio-inductivo\/"},{"@type":"ListItem","position":3,"name":"Compra ahora"}]},{"@type":"WebSite","@id":"https:\/\/staging.editorialhccp.hcusweb.com\/r\/#website","url":"https:\/\/staging.editorialhccp.hcusweb.com\/r\/","name":"Marketing Pages","description":"","potentialAction":[{"@type":"SearchAction","target":{"@type":"EntryPoint","urlTemplate":"https:\/\/staging.editorialhccp.hcusweb.com\/r\/?s={search_term_string}"},"query-input":{"@type":"PropertyValueSpecification","valueRequired":true,"valueName":"search_term_string"}}],"inLanguage":"en-US"}]}},"_links":{"self":[{"href":"https:\/\/staging.editorialhccp.hcusweb.com\/r\/wp-json\/wp\/v2\/pages\/17551","targetHints":{"allow":["GET"]}}],"collection":[{"href":"https:\/\/staging.editorialhccp.hcusweb.com\/r\/wp-json\/wp\/v2\/pages"}],"about":[{"href":"https:\/\/staging.editorialhccp.hcusweb.com\/r\/wp-json\/wp\/v2\/types\/page"}],"replies":[{"embeddable":true,"href":"https:\/\/staging.editorialhccp.hcusweb.com\/r\/wp-json\/wp\/v2\/comments?post=17551"}],"version-history":[{"count":0,"href":"https:\/\/staging.editorialhccp.hcusweb.com\/r\/wp-json\/wp\/v2\/pages\/17551\/revisions"}],"up":[{"embeddable":true,"href":"https:\/\/staging.editorialhccp.hcusweb.com\/r\/wp-json\/wp\/v2\/pages\/17456"}],"wp:featuredmedia":[{"embeddable":true,"href":"https:\/\/staging.editorialhccp.hcusweb.com\/r\/wp-json\/wp\/v2\/media\/17483"}],"wp:attachment":[{"href":"https:\/\/staging.editorialhccp.hcusweb.com\/r\/wp-json\/wp\/v2\/media?parent=17551"}],"curies":[{"name":"wp","href":"https:\/\/api.w.org\/{rel}","templated":true}]}}