{"id":4594,"date":"2018-11-15T21:34:14","date_gmt":"2018-11-15T21:34:14","guid":{"rendered":"https:\/\/info.recursosparalaiglesia.com\/?page_id=4594"},"modified":"2018-11-15T21:34:14","modified_gmt":"2018-11-15T21:34:14","slug":"biblia-jesus","status":"publish","type":"page","link":"https:\/\/staging.editorialhccp.hcusweb.com\/r\/biblia-jesus\/","title":{"rendered":"La Biblia Jes\u00fas &#8211; Sesenta y seis libros. Una historia. Un solo nombre."},"content":{"rendered":"\n<img decoding=\"async\" src=\"\/r\/wp-content\/uploads\/sites\/5\/2018\/11\/bibliajesuslogo-300x44.png\" alt=\"la biblia jesus jesus bible spanish nvi\" title=\"bibliajesuslogo\">\n\t\t<nav id=\"nav\" role=\"navigation\">\n\t\t\t\t<!-- Brand and toggle get grouped for better mobile display -->\n\t\t\t\t<button type=\"button\" data-toggle=\"collapse\" data-target=\".navbar-collapse\">\n\t\t\t\t\tToggle navigation\n\t\t\t\t<\/button>\n\t\t\t\t<ul>\n\t\t\t\t    <li><a href=\"#about\">La Biblia Jes\u00fas<\/a><\/li>\n\t\t\t\t    <li><a href=\"#contributors\">Contribuidores<\/a><\/li>\n\t\t\t\t    <li><a href=\"#planes\">Planes de Lectura<\/a><\/li>\n\t\t\t\t    <li><a href=\"http:\/\/info.recursosparalaiglesia.com\/biblia-jesus\/devocional\/\">Devocional Gratis<\/a><\/li>\n\t\t\t\t    <li><a href=\"http:\/\/info.recursosparalaiglesia.com\/biblia-jesus\/quiz\/\">Quiz<\/a><\/li>\n\t\t\t\t    <li><a href=\"#muestra\">Muestra Gratis<\/a><\/li>\n\t\t\t\t    <li><a target=\"_blank\" href=\"http:\/\/passioncitychurch.com\/\" rel=\"noopener noreferrer\">Acerca de Passion<\/a><\/li>\n\t\t\t\t    <li><a href=\"https:\/\/info.recursosparalaiglesia.com\/jesus-bible-preorder\/\">Comprar<\/a><\/li>\n\t\t\t\t<\/ul>\n\t<\/nav>\n\t\n<h1>\n\t\tNo existe el A.C.\n\t<\/h1>\n\t<h4>Antes de caminar sobre las aguas, Jes\u00fas camin\u00f3 en el Jard\u00edn.<br>Antes de elegir a sus disc\u00edpulos, Jes\u00fas eligi\u00f3 a Abraham.<\/h4>\n\t\n\t\t\t\t<img decoding=\"async\" src=\"\/r\/wp-content\/uploads\/sites\/5\/2018\/11\/nvi-biblia-jesus-2.png\" alt=\"nvi biblia jesus bible spanish\" title=\"nvi-biblia-jesus-2\">\n\t\t\t<a href=\"#info\" target=\"_self\" role=\"button\" rel=\"noopener noreferrer\">\n\t\t\t\t\t\t\tM\u00e1s Informaci\u00f3n\n\t\t\t\t\t<\/a>\n\t\t\t<a href=\"#muestra\" target=\"_self\" role=\"button\" rel=\"noopener noreferrer\">\n\t\t\t\t\t\t\tP\u00e1ginas de muestra gratis (PDF)\n\t\t\t\t\t<\/a>\n<h1>\n\t\tsesenta y seis libros. una historia. un solo nombre.\n\t<\/h1>\n<p>Descubre al Se\u00f1or Jes\u00fas de principio a fin en las Escrituras con <em><strong>La Biblia Jes\u00fas NVI<\/strong><\/em>, del Movimiento Passion. Con art\u00edculos exclusivos de <strong>Louie Giglio, Max Lucado, John Piper, Ravi Zacharias y Randy Alcorn<\/strong> que destacan a Jes\u00fas como la historia central de la Biblia.<\/p>\n<p>Las caracter\u00edsticas de estudio profundas pero accesibles ayudar\u00e1n al lector a conocer a Jes\u00fas a trav\u00e9s de La Palabra. Ve a Jes\u00fas reflejado en cada libro y llega a conocerlo m\u00e1s \u00edntimamente, amarlo m\u00e1s apasionadamente y a caminar con \u00c9l m\u00e1s fielmente&nbsp;en toda la Biblia. <\/p>\n<ul>\n<li>Encu\u00e9ntrate con&nbsp;Jes\u00fas&nbsp;desde el primer al \u00faltimo libro de la Biblia.<\/li>\n<li><strong>300<\/strong> art\u00edculos a p\u00e1gina completa y casi <strong>700<\/strong> art\u00edculos organizados en columnas laterales revelar\u00e1n al Hijo de Dios a lo largo y ancho de las Escrituras.<\/li>\n<li>Escribe tus reacciones, pensamientos y oraciones en el <strong>amplio espacio para notas y apuntes<\/strong> en los m\u00e1rgenes.<\/li>\n<li>Disfruta de la exclusiva letra <a href=\"https:\/\/info.recursosparalaiglesia.com\/comfortprint\/\"><strong>Comfort Print<\/strong><\/a>, bella y f\u00e1cil de leer.<\/li>\n<\/ul>\n<h1>\n\t\tContribuciones de:\n\t<\/h1>\n\t\t\t<img decoding=\"async\" src=\"\/r\/wp-content\/uploads\/sites\/5\/2018\/10\/louie-giglio.jpg\" alt=\"\">\t\t\t\n\t\t\t\t<h6>LOUIE GIGLIO<\/h6><p><b>LOUIE GIGLIO<\/b>&nbsp;es pastor de la iglesia Passion City Church en Atlanta, Georgia, y fundador de las Conferencias Passion, un movimiento global que anima a las nuevas generaciones a vivir para la gloria de Jes\u00fas. Con el deseo de elevar el nombre de Dios por sobre todas las cosas, Louie ha sido el autor de t\u00edtulos como <i>Goliat debe Caer y Yo no soy pero conozco al yo soy (en espa\u00f1ol) y Comeback, The Air I Breathe<\/i>,&nbsp;<i>Indescribable<\/i>, y otros t\u00edtulos en ingl\u00e9s. Louie y su esposa Shelley residen en Atlanta, Georgia.<\/p>\n<img decoding=\"async\" src=\"\/r\/wp-content\/uploads\/sites\/5\/2018\/10\/louie-giglio.jpg\" alt=\"\">\t\t\t\n\t\t\t<img decoding=\"async\" src=\"\/r\/wp-content\/uploads\/sites\/5\/2018\/10\/max-lucado.jpg\" alt=\"\">\t\t\t\n\t\t\t\t<h6>MAX LUCADO<\/h6><p><b>MAX LUCADO<\/b>&nbsp;es un pastor con el don de narrar historias \u2014 tiene un coraz\u00f3n pastoral y la pluma de un poeta. El mensaje de Max es sencillo: Dios te ama, deja que lo haga. Max sirve a la congregaci\u00f3n de la iglesia Oak Hills Church en San Antonio, Texas. Predica y escribe para los afligidos, los que se sienten culpables y los desanimados.&nbsp;<\/p>\n<img decoding=\"async\" src=\"\/r\/wp-content\/uploads\/sites\/5\/2018\/10\/max-lucado.jpg\" alt=\"\">\t\t\t\n\t\t\t<img decoding=\"async\" src=\"\/r\/wp-content\/uploads\/sites\/5\/2018\/10\/john-piper.jpg\" alt=\"\">\t\t\t\n\t\t\t\t<h6>JOHN PIPER<\/h6><p><b>JOHN PIPER<\/b> es el fundador y maestro de DesiringGod.org y canciller del Bethlehem College &amp; Seminary. Por 33 a\u00f1os, ha servido como pastor de la iglesia Bethlehem Baptist Church, en Minneapolis, Minnesota. John es autor de m\u00e1s de 50 libros, entre ellos <i>Al\u00e9grense las Naciones y No desperdicies tu vida (en espa\u00f1ol) y libros como Desiring God, The Pleasures of God, Future Grace<\/i>, and <i>Let the Nations Be Glad (en ingl\u00e9s).<\/i><\/p>\n<img decoding=\"async\" src=\"\/r\/wp-content\/uploads\/sites\/5\/2018\/10\/john-piper.jpg\" alt=\"\">\t\t\t\n\t\t\t<img decoding=\"async\" src=\"\/r\/wp-content\/uploads\/sites\/5\/2018\/10\/ravi-zacharias.jpg\" alt=\"\">\t\t\t\n\t\t\t\t<h6>RAVI ZACHARIAS<\/h6><p><b>RAVI ZACHARIAS<\/b>&nbsp;es el presidente y fundador de Ravi Zacharias International Ministries (RZIM). Su esfuerzo misionero global creci\u00f3 desde sus humildes comienzos en 1984 . Hoy en d\u00eda cuente con un equipo de expositores itinerantes quienes operan desde oficinas localizadas alrededor del mundo: Estados Unidos, el Reino Unido, Rumania, el Medio Este, India, Singapur, Hong Kong y Canad\u00e1. Ravi se destaca por tener un enfoque evangel\u00edstico y apolog\u00e9tico se manifiesta desde una posici\u00f3n de compasi\u00f3n por las almas.<\/p>\n<img decoding=\"async\" src=\"\/r\/wp-content\/uploads\/sites\/5\/2018\/10\/ravi-zacharias.jpg\" alt=\"\">\t\t\t\n\t\t\t<img decoding=\"async\" src=\"\/r\/wp-content\/uploads\/sites\/5\/2018\/10\/randy-alcorn.jpg\" alt=\"\">\t\t\t\n\t\t\t\t<h6>RANDY ALCORN<\/h6><p><b>RANDY ALCORN<\/b>&nbsp;es un prol\u00edfico autor y a la vez director y fundador de Eternal Perspective Ministries (EPM). EPM es un ministerio sin fines de lucro dedicado a ense\u00f1ar los principios de la Palabra de Dios y asistir a la iglesia en alcanzar a los perdidos, los hambrientos, los neonatos, los faltos de educaci\u00f3n, los irreconciliados y los que no tienen apoyo alrededor del mundo. Como autor bestseller del New York Times, Randy ha escrito m\u00e1s de 50 libros, entre ellos el ganador del premio&nbsp;Gold Medallion: <em>Safely Home<\/em>.<\/p>\n<img decoding=\"async\" src=\"\/r\/wp-content\/uploads\/sites\/5\/2018\/10\/randy-alcorn.jpg\" alt=\"\">\t\t\t\n<h1>\n\t\tEncuadernaciones disponibles:\n\t<\/h1>\n\t\t\t\t<img decoding=\"async\" src=\"\/r\/wp-content\/uploads\/sites\/5\/2018\/11\/Jesus-2-gris.jpg\" alt=\"biblia jesus nvi giglio lucado tela gris\" title=\"Jesus-2-gris\">\n<h3>\n\t\tTela Gris (Tapa Dura)\n\t<\/h3>\n<h4>\n\t\tISBN &#8211;&nbsp;9780829768916\n\t<\/h4>\n\t\t\t<a href=\"https:\/\/info.recursosparalaiglesia.com\/biblia-jesus\/comprar\/\" target=\"_self\" role=\"button\" rel=\"noopener noreferrer\">\n\t\t\t\t\t\t\tComprar\n\t\t\t\t\t<\/a>\n\t\t\t\t<img decoding=\"async\" src=\"\/r\/wp-content\/uploads\/sites\/5\/2018\/11\/Jesus-2-lavanda.jpg\" alt=\"biblia jesus nvi giglio lucado tela lavanda morada purpura violeta\" title=\"Jesus-2-lavanda\">\n<h3>\n\t\tTela Lavanda (Tapa Dura)\n\t<\/h3>\n<h4>\n\t\tISBN &#8211;&nbsp;9780829768947\n\t<\/h4>\n\t\t\t<a href=\"https:\/\/info.recursosparalaiglesia.com\/biblia-jesus\/comprar\/\" target=\"_self\" role=\"button\" rel=\"noopener noreferrer\">\n\t\t\t\t\t\t\tComprar\n\t\t\t\t\t<\/a>\n\t\t\t\t<img decoding=\"async\" src=\"\/r\/wp-content\/uploads\/sites\/5\/2018\/11\/Biblia-Jesus-paginasdemuestra.jpg\" alt=\"biblia jesus nvi giglio lucado piper muestra gratis\" title=\"Biblia-Jesus-paginasdemuestra\">\n<h3>\n\t\tMuestra Digital GRATIS\n\t<\/h3>\n\t<p>\u00bfQuieres descubrir el rol de Jes\u00fas en toda la Biblia? Descarga p\u00e1ginas de muestra de la Biblia Jes\u00fas NVI. Estas p\u00e1ginas te permitir\u00e1n experimentar en primera persona c\u00f3mo la Biblia Jesus puede transformar tu estudio b\u00edblico y ayudarte a conocer a Jes\u00fas m\u00e1s \u00edntimamente.<\/p>\n\t\t\t<a href=https:\/\/staging.editorialhccp.hcusweb.com\/r\/wp-content\/uploads\/sites\/5\/2018\/11\/Biblia-JesuCC81s-NVI-Sampler-Digital.pdf target=\"_self\" role=\"button\" rel=\"noopener noreferrer\">\n\t\t\t\t\t\t\tDescarga Gratuita\n\t\t\t\t\t<\/a>\n<h1>\n\t\tPlanes de Lectura:\n\t<\/h1>\n                    <a href=\"https:\/\/www.bible.com\/reading-plans\/13428\/\" target=\"_self\" rel=\"noopener noreferrer\">\n                        \t<img decoding=\"async\" src=\"\/r\/wp-content\/uploads\/sites\/5\/2018\/11\/quienesDiosSMALLBiblia-Jesus.jpg\" alt=\"quien es dios biblia jesus plan de lectura devocional\" data-no-lazy=\"1\">\n                            <\/a>\n                    <a href=\"https:\/\/www.bible.com\/reading-plans\/13425\/\" target=\"_self\" rel=\"noopener noreferrer\">\n                        \t<img decoding=\"async\" src=\"\/r\/wp-content\/uploads\/sites\/5\/2018\/11\/paraquemecreodiosSMALLBiblia-Jesus.jpg\" alt=\"para que me creo dios plan de lectura biblia jesus devocional\" data-no-lazy=\"1\">\n                            <\/a>\n                    <a href=\"https:\/\/www.bible.com\/reading-plans\/13426\/\" target=\"_self\" rel=\"noopener noreferrer\">\n                        \t<img decoding=\"async\" src=\"\/r\/wp-content\/uploads\/sites\/5\/2018\/11\/pactosSMALLBiblia-Jesus.jpg\" alt=\"dios de pactos biblia jesus plan de lectura devocional\" data-no-lazy=\"1\">\n                            <\/a>\n                    <a href=\"https:\/\/www.bible.com\/reading-plans\/13427\/\" target=\"_self\" rel=\"noopener noreferrer\">\n                        \t<img decoding=\"async\" src=\"\/r\/wp-content\/uploads\/sites\/5\/2018\/11\/ansiedadSMALLBiblia-Jesus1.jpg\" alt=\"liberate de la ansiedad plan de lectura devocional biblia jesus\" data-no-lazy=\"1\">\n                            <\/a>\n\t\t\t\t<img decoding=\"async\" src=\"\/r\/wp-content\/uploads\/sites\/5\/2018\/11\/nvi-biblia-jesus-2.png\" alt=\"nvi biblia jesus bible spanish\" title=\"nvi-biblia-jesus-2\">\n<h1>\n\t\t\u00abNunca hubo un momento antes de \u00e9l. Nunca habr\u00e1 un momento sin \u00e9l\u00bb.\n\t<\/h1>\n\t\t\t\t<img decoding=\"async\" src=\"\/r\/wp-content\/uploads\/sites\/5\/2018\/11\/bibliajesuslogo.png\" alt=\"la biblia jesus jesus bible spanish nvi\" title=\"bibliajesuslogo\">\n\t\t\t\t<img decoding=\"async\" src=\"\/r\/wp-content\/uploads\/sites\/5\/2018\/11\/vida2.jpg\" alt=\"editorial vida\" title=\"vida2\">\n\t\t\t\t<img decoding=\"async\" src=\"\/r\/wp-content\/uploads\/sites\/5\/2018\/11\/passion.jpg\" alt=\"passion\" title=\"passion\">\n\t\t\t\t<img decoding=\"async\" src=\"\/r\/wp-content\/uploads\/sites\/5\/2018\/11\/nvi.jpg\" alt=\"biblia nvi\" title=\"nvi\">\n\t<p>Copyright \u00a9 2018 HarperCollins Publishers. All Rights Reserved. <a href=\"http:\/\/www.harpercollinschristian.com\/privacy\/\" target=\"_blank\" rel=\"noopener noreferrer\"><br>Privacy Policy.<\/a> <a href=\"http:\/\/www.harpercollinschristian.com\/terms\/\" target=\"_blank\" rel=\"noopener noreferrer\"> Terms of Use<\/a><\/p>\n","protected":false},"excerpt":{"rendered":"<p>Toggle navigation La Biblia Jes\u00fas Contribuidores Planes de Lectura Devocional Gratis Quiz Muestra Gratis Acerca de Passion Comprar No existe el A.C. Antes de caminar sobre las aguas, Jes\u00fas camin\u00f3 en el Jard\u00edn.Antes de elegir a sus disc\u00edpulos, Jes\u00fas eligi\u00f3 a Abraham. M\u00e1s Informaci\u00f3n P\u00e1ginas de muestra gratis (PDF) sesenta y seis libros. una historia. [&hellip;]<\/p>\n","protected":false},"author":0,"featured_media":0,"parent":0,"menu_order":0,"comment_status":"closed","ping_status":"closed","template":"","meta":{"_acf_changed":false,"footnotes":""},"class_list":["post-4594","page","type-page","status-publish","hentry"],"acf":[],"yoast_head":"<!-- This site is optimized with the Yoast SEO plugin v27.3 - https:\/\/yoast.com\/product\/yoast-seo-wordpress\/ -->\n<title>La Biblia Jes\u00fas - Sesenta y seis libros. Una historia. Un solo nombre. - Marketing Pages<\/title>\n<meta name=\"description\" content=\"Descubre al Se\u00f1or Jes\u00fas de principio a fin en las Escrituras con\u00a0La Biblia Jes\u00fas NVI. Con art\u00edculos exclusivos de\u00a0Louie Giglio, Max Lucado, John Piper, Ravi Zacharias y Randy Alcorn\u00a0que destacan a Jes\u00fas como la historia central de la Biblia. Las caracter\u00edsticas de estudio profundas ayudar\u00e1n al lector a conocer a Jes\u00fas a trav\u00e9s de La Palabra. Ve a Jes\u00fas reflejado en cada libro y llega a conocerlo m\u00e1s \u00edntimamente, amarlo m\u00e1s apasionadamente, y a caminar con \u00c9l m\u00e1s fielmente.\" \/>\n<meta name=\"robots\" content=\"index, follow, max-snippet:-1, max-image-preview:large, max-video-preview:-1\" \/>\n<link rel=\"canonical\" href=\"https:\/\/staging.editorialhccp.hcusweb.com\/r\/biblia-jesus\/\" \/>\n<meta property=\"og:locale\" content=\"en_US\" \/>\n<meta property=\"og:type\" content=\"article\" \/>\n<meta property=\"og:title\" content=\"La Biblia Jes\u00fas - Sesenta y seis libros. Una historia. Un solo nombre.\" \/>\n<meta property=\"og:description\" content=\"Descubre al Se\u00f1or Jes\u00fas de principio a fin en las Escrituras con La Biblia Jes\u00fas NVI. Con art\u00edculos exclusivos de Louie Giglio, Max Lucado, John Piper, Ravi Zacharias y Randy Alcorn que destacan a Jes\u00fas como la historia central de la Biblia. Las caracter\u00edsticas de estudio profundas ayudar\u00e1n al lector a conocer a Jes\u00fas a trav\u00e9s de La Palabra. Ve a Jes\u00fas reflejado en cada libro y llega a conocerlo m\u00e1s \u00edntimamente, amarlo m\u00e1s apasionadamente, y a caminar con \u00c9l m\u00e1s fielmente.\" \/>\n<meta property=\"og:url\" content=\"https:\/\/staging.editorialhccp.hcusweb.com\/r\/biblia-jesus\/\" \/>\n<meta property=\"og:site_name\" content=\"Marketing Pages\" \/>\n<meta property=\"og:image\" content=\"https:\/\/staging.editorialhccp.hcusweb.com\/r\/wp-content\/uploads\/sites\/5\/2018\/12\/share-images-biblia-jesus.jpg\" \/>\n\t<meta property=\"og:image:width\" content=\"1200\" \/>\n\t<meta property=\"og:image:height\" content=\"630\" \/>\n\t<meta property=\"og:image:type\" content=\"image\/jpeg\" \/>\n<meta name=\"twitter:card\" content=\"summary_large_image\" \/>\n<meta name=\"twitter:title\" content=\"La Biblia Jes\u00fas - Sesenta y seis libros. Una historia. Un solo nombre.\" \/>\n<meta name=\"twitter:description\" content=\"Descubre al Se\u00f1or Jes\u00fas de principio a fin en las Escrituras con La Biblia Jes\u00fas NVI. Con art\u00edculos exclusivos de Louie Giglio, Max Lucado, John Piper, Ravi Zacharias y Randy Alcorn que destacan a Jes\u00fas como la historia central de la Biblia. Las caracter\u00edsticas de estudio profundas ayudar\u00e1n al lector a conocer a Jes\u00fas a trav\u00e9s de La Palabra. Ve a Jes\u00fas reflejado en cada libro y llega a conocerlo m\u00e1s \u00edntimamente, amarlo m\u00e1s apasionadamente, y a caminar con \u00c9l m\u00e1s fielmente.\" \/>\n<meta name=\"twitter:label1\" content=\"Est. reading time\" \/>\n\t<meta name=\"twitter:data1\" content=\"4 minutes\" \/>\n<script type=\"application\/ld+json\" class=\"yoast-schema-graph\">{\"@context\":\"https:\\\/\\\/schema.org\",\"@graph\":[{\"@type\":\"WebPage\",\"@id\":\"https:\\\/\\\/staging.editorialhccp.hcusweb.com\\\/r\\\/biblia-jesus\\\/\",\"url\":\"https:\\\/\\\/staging.editorialhccp.hcusweb.com\\\/r\\\/biblia-jesus\\\/\",\"name\":\"La Biblia Jes\u00fas - Sesenta y seis libros. Una historia. Un solo nombre. - Marketing Pages\",\"isPartOf\":{\"@id\":\"https:\\\/\\\/staging.editorialhccp.hcusweb.com\\\/r\\\/#website\"},\"datePublished\":\"2018-11-15T21:34:14+00:00\",\"description\":\"Descubre al Se\u00f1or Jes\u00fas de principio a fin en las Escrituras con\u00a0La Biblia Jes\u00fas NVI. Con art\u00edculos exclusivos de\u00a0Louie Giglio, Max Lucado, John Piper, Ravi Zacharias y Randy Alcorn\u00a0que destacan a Jes\u00fas como la historia central de la Biblia. Las caracter\u00edsticas de estudio profundas ayudar\u00e1n al lector a conocer a Jes\u00fas a trav\u00e9s de La Palabra. Ve a Jes\u00fas reflejado en cada libro y llega a conocerlo m\u00e1s \u00edntimamente, amarlo m\u00e1s apasionadamente, y a caminar con \u00c9l m\u00e1s fielmente.\",\"breadcrumb\":{\"@id\":\"https:\\\/\\\/staging.editorialhccp.hcusweb.com\\\/r\\\/biblia-jesus\\\/#breadcrumb\"},\"inLanguage\":\"en-US\",\"potentialAction\":[{\"@type\":\"ReadAction\",\"target\":[\"https:\\\/\\\/staging.editorialhccp.hcusweb.com\\\/r\\\/biblia-jesus\\\/\"]}]},{\"@type\":\"BreadcrumbList\",\"@id\":\"https:\\\/\\\/staging.editorialhccp.hcusweb.com\\\/r\\\/biblia-jesus\\\/#breadcrumb\",\"itemListElement\":[{\"@type\":\"ListItem\",\"position\":1,\"name\":\"Home\",\"item\":\"https:\\\/\\\/staging.editorialhccp.hcusweb.com\\\/r\\\/\"},{\"@type\":\"ListItem\",\"position\":2,\"name\":\"La Biblia Jes\u00fas &#8211; Sesenta y seis libros. Una historia. Un solo nombre.\"}]},{\"@type\":\"WebSite\",\"@id\":\"https:\\\/\\\/staging.editorialhccp.hcusweb.com\\\/r\\\/#website\",\"url\":\"https:\\\/\\\/staging.editorialhccp.hcusweb.com\\\/r\\\/\",\"name\":\"Marketing Pages\",\"description\":\"\",\"potentialAction\":[{\"@type\":\"SearchAction\",\"target\":{\"@type\":\"EntryPoint\",\"urlTemplate\":\"https:\\\/\\\/staging.editorialhccp.hcusweb.com\\\/r\\\/?s={search_term_string}\"},\"query-input\":{\"@type\":\"PropertyValueSpecification\",\"valueRequired\":true,\"valueName\":\"search_term_string\"}}],\"inLanguage\":\"en-US\"}]}<\/script>\n<!-- \/ Yoast SEO plugin. -->","yoast_head_json":{"title":"La Biblia Jes\u00fas - Sesenta y seis libros. Una historia. Un solo nombre. - Marketing Pages","description":"Descubre al Se\u00f1or Jes\u00fas de principio a fin en las Escrituras con\u00a0La Biblia Jes\u00fas NVI. Con art\u00edculos exclusivos de\u00a0Louie Giglio, Max Lucado, John Piper, Ravi Zacharias y Randy Alcorn\u00a0que destacan a Jes\u00fas como la historia central de la Biblia. Las caracter\u00edsticas de estudio profundas ayudar\u00e1n al lector a conocer a Jes\u00fas a trav\u00e9s de La Palabra. Ve a Jes\u00fas reflejado en cada libro y llega a conocerlo m\u00e1s \u00edntimamente, amarlo m\u00e1s apasionadamente, y a caminar con \u00c9l m\u00e1s fielmente.","robots":{"index":"index","follow":"follow","max-snippet":"max-snippet:-1","max-image-preview":"max-image-preview:large","max-video-preview":"max-video-preview:-1"},"canonical":"https:\/\/staging.editorialhccp.hcusweb.com\/r\/biblia-jesus\/","og_locale":"en_US","og_type":"article","og_title":"La Biblia Jes\u00fas - Sesenta y seis libros. Una historia. Un solo nombre.","og_description":"Descubre al Se\u00f1or Jes\u00fas de principio a fin en las Escrituras con La Biblia Jes\u00fas NVI. Con art\u00edculos exclusivos de Louie Giglio, Max Lucado, John Piper, Ravi Zacharias y Randy Alcorn que destacan a Jes\u00fas como la historia central de la Biblia. Las caracter\u00edsticas de estudio profundas ayudar\u00e1n al lector a conocer a Jes\u00fas a trav\u00e9s de La Palabra. Ve a Jes\u00fas reflejado en cada libro y llega a conocerlo m\u00e1s \u00edntimamente, amarlo m\u00e1s apasionadamente, y a caminar con \u00c9l m\u00e1s fielmente.","og_url":"https:\/\/staging.editorialhccp.hcusweb.com\/r\/biblia-jesus\/","og_site_name":"Marketing Pages","og_image":[{"width":1200,"height":630,"url":"https:\/\/staging.editorialhccp.hcusweb.com\/r\/wp-content\/uploads\/sites\/5\/2018\/12\/share-images-biblia-jesus.jpg","type":"image\/jpeg"}],"twitter_card":"summary_large_image","twitter_title":"La Biblia Jes\u00fas - Sesenta y seis libros. Una historia. Un solo nombre.","twitter_description":"Descubre al Se\u00f1or Jes\u00fas de principio a fin en las Escrituras con La Biblia Jes\u00fas NVI. Con art\u00edculos exclusivos de Louie Giglio, Max Lucado, John Piper, Ravi Zacharias y Randy Alcorn que destacan a Jes\u00fas como la historia central de la Biblia. Las caracter\u00edsticas de estudio profundas ayudar\u00e1n al lector a conocer a Jes\u00fas a trav\u00e9s de La Palabra. Ve a Jes\u00fas reflejado en cada libro y llega a conocerlo m\u00e1s \u00edntimamente, amarlo m\u00e1s apasionadamente, y a caminar con \u00c9l m\u00e1s fielmente.","twitter_misc":{"Est. reading time":"4 minutes"},"schema":{"@context":"https:\/\/schema.org","@graph":[{"@type":"WebPage","@id":"https:\/\/staging.editorialhccp.hcusweb.com\/r\/biblia-jesus\/","url":"https:\/\/staging.editorialhccp.hcusweb.com\/r\/biblia-jesus\/","name":"La Biblia Jes\u00fas - Sesenta y seis libros. Una historia. Un solo nombre. - Marketing Pages","isPartOf":{"@id":"https:\/\/staging.editorialhccp.hcusweb.com\/r\/#website"},"datePublished":"2018-11-15T21:34:14+00:00","description":"Descubre al Se\u00f1or Jes\u00fas de principio a fin en las Escrituras con\u00a0La Biblia Jes\u00fas NVI. Con art\u00edculos exclusivos de\u00a0Louie Giglio, Max Lucado, John Piper, Ravi Zacharias y Randy Alcorn\u00a0que destacan a Jes\u00fas como la historia central de la Biblia. Las caracter\u00edsticas de estudio profundas ayudar\u00e1n al lector a conocer a Jes\u00fas a trav\u00e9s de La Palabra. Ve a Jes\u00fas reflejado en cada libro y llega a conocerlo m\u00e1s \u00edntimamente, amarlo m\u00e1s apasionadamente, y a caminar con \u00c9l m\u00e1s fielmente.","breadcrumb":{"@id":"https:\/\/staging.editorialhccp.hcusweb.com\/r\/biblia-jesus\/#breadcrumb"},"inLanguage":"en-US","potentialAction":[{"@type":"ReadAction","target":["https:\/\/staging.editorialhccp.hcusweb.com\/r\/biblia-jesus\/"]}]},{"@type":"BreadcrumbList","@id":"https:\/\/staging.editorialhccp.hcusweb.com\/r\/biblia-jesus\/#breadcrumb","itemListElement":[{"@type":"ListItem","position":1,"name":"Home","item":"https:\/\/staging.editorialhccp.hcusweb.com\/r\/"},{"@type":"ListItem","position":2,"name":"La Biblia Jes\u00fas &#8211; Sesenta y seis libros. Una historia. Un solo nombre."}]},{"@type":"WebSite","@id":"https:\/\/staging.editorialhccp.hcusweb.com\/r\/#website","url":"https:\/\/staging.editorialhccp.hcusweb.com\/r\/","name":"Marketing Pages","description":"","potentialAction":[{"@type":"SearchAction","target":{"@type":"EntryPoint","urlTemplate":"https:\/\/staging.editorialhccp.hcusweb.com\/r\/?s={search_term_string}"},"query-input":{"@type":"PropertyValueSpecification","valueRequired":true,"valueName":"search_term_string"}}],"inLanguage":"en-US"}]}},"_links":{"self":[{"href":"https:\/\/staging.editorialhccp.hcusweb.com\/r\/wp-json\/wp\/v2\/pages\/4594","targetHints":{"allow":["GET"]}}],"collection":[{"href":"https:\/\/staging.editorialhccp.hcusweb.com\/r\/wp-json\/wp\/v2\/pages"}],"about":[{"href":"https:\/\/staging.editorialhccp.hcusweb.com\/r\/wp-json\/wp\/v2\/types\/page"}],"replies":[{"embeddable":true,"href":"https:\/\/staging.editorialhccp.hcusweb.com\/r\/wp-json\/wp\/v2\/comments?post=4594"}],"version-history":[{"count":0,"href":"https:\/\/staging.editorialhccp.hcusweb.com\/r\/wp-json\/wp\/v2\/pages\/4594\/revisions"}],"wp:attachment":[{"href":"https:\/\/staging.editorialhccp.hcusweb.com\/r\/wp-json\/wp\/v2\/media?parent=4594"}],"curies":[{"name":"wp","href":"https:\/\/api.w.org\/{rel}","templated":true}]}}