{"id":551,"date":"2017-12-20T16:11:33","date_gmt":"2017-12-20T16:11:33","guid":{"rendered":"http:\/\/info.recursosparalaiglesia.com\/?page_id=551"},"modified":"2017-12-20T16:11:33","modified_gmt":"2017-12-20T16:11:33","slug":"biblia-aventura","status":"publish","type":"page","link":"https:\/\/staging.editorialhccp.hcusweb.com\/r\/biblia-aventura\/","title":{"rendered":"Biblia Aventura NVI"},"content":{"rendered":"\n<img loading=\"lazy\" decoding=\"async\" src=\"\/r\/wp-content\/uploads\/sites\/5\/2017\/12\/aventura-nvi-logo-1.png\" alt=\"NVI Biblia Aventura para ni\u00f1os y ni\u00f1as\" width=\"600\" height=\"394\">\n<img loading=\"lazy\" decoding=\"async\" src=\"\/r\/wp-content\/uploads\/sites\/5\/2018\/01\/aventura-preparate.png\" alt=\"Prep\u00e1rate para una Aventura\" width=\"840\" height=\"106\">\n\n<a role=\"button\" href=\"http:\/\/info.recursosparalaiglesia.com\/biblia-aventura\/muestra\/\" target=\"_self\" rel=\"noopener noreferrer\">\nP\u00e1ginas de Muestra\n<\/a>\n<a role=\"button\" href=\"http:\/\/info.recursosparalaiglesia.com\/biblia-aventura\/recursos\/\" target=\"_self\" rel=\"noopener noreferrer\">\nLecciones Gratuitas\n<\/a>\n<a role=\"button\" href=\"http:\/\/info.recursosparalaiglesia.com\/biblia-aventura\/dondecomprar\/\" target=\"_self\" rel=\"noopener noreferrer\">\nD\u00f3nde Comprar\n<\/a>\n<img loading=\"lazy\" decoding=\"async\" src=\"\/r\/wp-content\/uploads\/sites\/5\/2017\/12\/aventura-nvi-render-1.png\" alt=\"Biblia Aventura NVI para ni\u00f1os y ni\u00f1as\" width=\"500\" height=\"641\">\n<h1 style=\"margin-bottom: 10px\">\u00a1Descubre la Biblia n\u00famero uno para ni\u00f1os!<\/h1>\nLlena de grandes aventuras y art\u00edculos emocionantes, la Biblia Aventura NVI proporciona a los ni\u00f1os un encuentro nuevo y refrescante con las Escrituras, especialmente en el momento en que tratan de desarrollar sus propias ideas y opiniones independientes de sus padres. Incluye art\u00edculos ideados para motivar la curiosidad, tales como:\n<ul>\n \t<li style=\"margin-bottom: 10px\"><em><strong>La vida en los tiempos b\u00edblicos<\/strong>,<\/em>&nbsp;ayuda a los ni\u00f1os a comprender c\u00f3mo era la vida en esos tiempos. Y como un recurso visual, cada recuadro contiene una ilustraci\u00f3n a color.<\/li>\n \t<li style=\"margin-bottom: 10px\"><em><strong>Palabras del tesoro<\/strong>,<\/em>&nbsp;destaca vers\u00edculos populares para que los ni\u00f1os puedan memorizarlos. Esto la convierte en la Biblia #1 para la memorizaci\u00f3n b\u00edblica.<\/li>\n \t<li style=\"margin-bottom: 10px\"><strong><em>\u00bfLo sab\u00edas?<\/em><\/strong>&nbsp;Se enfoca en muchos hechos interesantes que se encuentran en la Biblia. Gracias a esta secci\u00f3n, los ni\u00f1os y ni\u00f1as podr\u00e1n conocer m\u00e1s detalles sobre sus historias b\u00edblicas favoritas.<\/li>\n<\/ul>\n<ul>\n \t<li style=\"margin-bottom: 10px\"><em><strong>Personajes de los tiempos b\u00edblicos<\/strong>,<\/em>&nbsp;ofrece descripciones de asombrosos personajes b\u00edblicos y permite que sus j\u00f3venes mentes comprendan de mejor forma su trasfondo y contexto.<\/li>\n<\/ul>\n<ul>\n \t<li style=\"margin-bottom: 10px\"><strong><em>\u00a1V\u00edvela!<\/em><\/strong>&nbsp;sugiere actividades tales como juegos y dibujos que refuerzan las lecciones b\u00edblicas. En otras palabras, esta secci\u00f3n permitir\u00e1 vivir la Biblia en familia.<\/li>\n<\/ul>\n<ul>\n \t<li style=\"margin-bottom: 10px\"><em><strong>Texto completo de la NVI<\/strong>,<\/em>&nbsp;la traducci\u00f3n moderna de la Biblia m\u00e1s le\u00edda en espa\u00f1ol.<\/li>\n<\/ul>\n<strong><em>La Biblia Aventura NVI<\/em><\/strong> es el mayor \u00e9xito en Biblias para ni\u00f1os en Estados Unidos (con casi 2.5 millones de ejemplares vendidos). Explora esta p\u00e1gina para comprender m\u00e1s detalles y descargar recursos pr\u00e1cticos para padres, madres, maestros y dem\u00e1s. \u00a1No te pierdas la Biblia Aventura NVI!\n<h3 style=\"margin-bottom: 10px;text-align: center\">ENCUADERNACIONES DISPONIBLES<\/h3>\n<img loading=\"lazy\" decoding=\"async\" src=\"\/r\/wp-content\/uploads\/sites\/5\/2018\/03\/duraaventura.png\" alt=\"Biblia Aventura NVI Tapa Dura\" width=\"501\" height=\"501\">\n<h1 style=\"margin-bottom: 6px;margin-top: 0px;text-align: center;font-size: 35px\">Tapa Dura<\/h1>\nISBN &#8211; 9780829768411\n<a href=\"http:\/\/ads.harpercollins.com\/editorialvida?isbn=9780829768411&amp;retailer=amazon&amp;locale=US\">Amazon<\/a>\n<a href=\"http:\/\/ads.harpercollins.com\/editorialvida?isbn=9780829768411&amp;retailer=barnesandnoble&amp;locale=US\">Barnes and Noble<\/a>\n<a href=\"http:\/\/ads.harpercollins.com\/editorialvida?isbn=9780829768411&amp;retailer=christianbooks&amp;locale=US\">Christianbook.com<\/a>\n<a href=\"https:\/\/www.recursosparalaiglesia.com\/biblia-aventura-nvi-3\">Recursosparalaiglesia.com<\/a>\n<img loading=\"lazy\" decoding=\"async\" src=\"\/r\/wp-content\/uploads\/sites\/5\/2018\/03\/rosaaventura.png\" alt=\"Biblia Aventura NVI Rosa para ni\u00f1as\" width=\"501\" height=\"501\">\n<h1 style=\"margin-bottom: 6px;margin-top: 0px;text-align: center;font-size: 35px\">Leathersoft&nbsp;Rosa<\/h1>\nISBN &#8211; 9780829768398\n<a href=\"http:\/\/ads.harpercollins.com\/editorialvida?isbn=9780829768398&amp;retailer=amazon&amp;locale=US\">Amazon<\/a>\n<a href=\"http:\/\/ads.harpercollins.com\/editorialvida?isbn=9780829768398&amp;retailer=barnesandnoble&amp;locale=US\">Barnes and Noble<\/a>\n<a href=\"http:\/\/ads.harpercollins.com\/editorialvida?isbn=9780829768398&amp;retailer=christianbooks&amp;locale=US\">Christianbook.com<\/a>\n<a href=\"https:\/\/www.recursosparalaiglesia.com\/biblia-aventura-nvi-1\">Recursosparalaiglesia.com<\/a>\n<img loading=\"lazy\" decoding=\"async\" src=\"\/r\/wp-content\/uploads\/sites\/5\/2018\/03\/cafeaventura.png\" alt=\"Biblia Aventura NVI Caf\u00e9 o Marr\u00f3n para ni\u00f1os\" width=\"501\" height=\"501\">\n<h1 style=\"margin-bottom: 6px;margin-top: 0px;text-align: center;font-size: 35px\">Leathersoft&nbsp;Caf\u00e9<\/h1>\nISBN &#8211; 9780829768282\n<a href=\"http:\/\/ads.harpercollins.com\/editorialvida?isbn=9780829768282&amp;retailer=amazon&amp;locale=US\">Amazon<\/a>\n<a href=\"http:\/\/ads.harpercollins.com\/editorialvida?isbn=9780829768282&amp;retailer=barnesandnoble&amp;locale=US\">Barnes and Noble<\/a>\n<a href=\"http:\/\/ads.harpercollins.com\/editorialvida?isbn=9780829768282&amp;retailer=christianbooks&amp;locale=US\">Christianbook.com<\/a>\n<a href=\"https:\/\/www.recursosparalaiglesia.com\/biblia-aventura-nvi-2\">Recursosparalaiglesia.com<\/a>\n\n<h1 style=\"text-align: right\">\u00bfFuera de los Estados Unidos?<\/h1>\n&nbsp;\n<ul id=\"menu-buscadortiendas\">\n \t<li id=\"menu-item-894\"><a href=\"#\">Selecciona tu pa\u00eds<\/a>\n<ul>\n \t<li id=\"menu-item-888\"><a href=\"http:\/\/info.recursosparalaiglesia.com\/buscador-de-tiendas-argentina\/\">Argentina<\/a><\/li>\n \t<li id=\"menu-item-889\"><a href=\"http:\/\/info.recursosparalaiglesia.com\/buscador-de-tiendas-bolivia\/\">Bolivia<\/a><\/li>\n \t<li id=\"menu-item-890\"><a href=\"http:\/\/info.recursosparalaiglesia.com\/buscador-de-tiendas-canada\/\">Canad\u00e1<\/a><\/li>\n \t<li id=\"menu-item-891\"><a href=\"http:\/\/info.recursosparalaiglesia.com\/buscador-de-tiendas-chile\/\">Chile<\/a><\/li>\n \t<li id=\"menu-item-892\"><a href=\"http:\/\/info.recursosparalaiglesia.com\/buscador-de-tiendas-colombia\/\">Colombia<\/a><\/li>\n \t<li id=\"menu-item-893\"><a href=\"http:\/\/info.recursosparalaiglesia.com\/buscador-de-tiendas-costarica\/\">Costa Rica<\/a><\/li>\n \t<li id=\"menu-item-886\"><a href=\"http:\/\/info.recursosparalaiglesia.com\/buscador-de-tiendas-ecuador\/\">Ecuador<\/a><\/li>\n \t<li id=\"menu-item-885\"><a href=\"http:\/\/info.recursosparalaiglesia.com\/buscador-de-tiendas-elsalvador\/\">El Salvador<\/a><\/li>\n \t<li id=\"menu-item-877\"><a href=\"http:\/\/info.recursosparalaiglesia.com\/buscador-de-tiendas-espana\/\">Espa\u00f1a<\/a><\/li>\n \t<li id=\"menu-item-875\"><a href=\"http:\/\/info.recursosparalaiglesia.com\/buscador-de-tiendas-eeuu\/\">Estados Unidos<\/a><\/li>\n \t<li id=\"menu-item-884\"><a href=\"http:\/\/info.recursosparalaiglesia.com\/buscador-de-tiendas-guatemala\/\">Guatemala<\/a><\/li>\n \t<li id=\"menu-item-883\"><a href=\"http:\/\/info.recursosparalaiglesia.com\/buscador-de-tiendas-honduras\/\">Honduras<\/a><\/li>\n \t<li id=\"menu-item-874\"><a href=\"http:\/\/info.recursosparalaiglesia.com\/buscador-de-tiendas-mexico\/\">M\u00e9xico<\/a><\/li>\n \t<li id=\"menu-item-882\"><a href=\"http:\/\/info.recursosparalaiglesia.com\/buscador-de-tiendas-nicaragua\/\">Nicaragua<\/a><\/li>\n \t<li id=\"menu-item-881\"><a href=\"http:\/\/info.recursosparalaiglesia.com\/buscador-de-tiendas-panama\/\">Panam\u00e1<\/a><\/li>\n \t<li id=\"menu-item-880\"><a href=\"http:\/\/info.recursosparalaiglesia.com\/buscador-de-tiendas-paraguay\/\">Paraguay<\/a><\/li>\n \t<li id=\"menu-item-879\"><a href=\"http:\/\/info.recursosparalaiglesia.com\/buscador-de-tiendas-peru\/\">Per\u00fa<\/a><\/li>\n \t<li id=\"menu-item-878\"><a href=\"http:\/\/info.recursosparalaiglesia.com\/buscador-de-tiendas-puertorico\/\">Puerto Rico<\/a><\/li>\n \t<li id=\"menu-item-887\"><a href=\"http:\/\/info.recursosparalaiglesia.com\/buscador-de-tiendas-rd\/\">Rep\u00fablica Dominicana<\/a><\/li>\n \t<li id=\"menu-item-876\"><a href=\"http:\/\/info.recursosparalaiglesia.com\/buscador-de-tiendas-uruguay\/\">Uruguay<\/a><\/li>\n<\/ul>\n<\/li>\n<\/ul>\n<h3 style=\"margin-bottom: 10px;text-align: center\">Contenidos de la Biblia Aventura NVI<\/h3>\n<a href=\"http:\/\/info.recursosparalaiglesia.com\/biblia-aventura\/contenidos\/\" target=\"_self\" rel=\"noopener noreferrer\">\n<img decoding=\"async\" src=\"\/r\/wp-content\/uploads\/sites\/5\/2018\/01\/lavida-aventura.png\" alt=\"Ayuda a los ni\u00f1os a comprender c\u00f3mo era la vida en esos tiempos. \" data-no-lazy=\"1\"><\/a>\n\nAyuda a los ni\u00f1os a comprender c\u00f3mo era la vida en esos tiempos.\n\n<a href=\"http:\/\/info.recursosparalaiglesia.com\/biblia-aventura\/contenidos\/\" target=\"_self\" rel=\"noopener noreferrer\">\n<img decoding=\"async\" src=\"\/r\/wp-content\/uploads\/sites\/5\/2018\/01\/tesoro-aventura.png\" alt=\"Destaca vers\u00edculos populares para que los ni\u00f1os puedan memorizarlos.\" data-no-lazy=\"1\"><\/a>\n\nDestaca vers\u00edculos populares para que los ni\u00f1os puedan memorizarlos.\n\n<a href=\"http:\/\/info.recursosparalaiglesia.com\/biblia-aventura\/contenidos\/\" target=\"_self\" rel=\"noopener noreferrer\">\n<img decoding=\"async\" src=\"\/r\/wp-content\/uploads\/sites\/5\/2018\/01\/personajes-aventura.png\" alt=\"Ofrece descripciones de asombrosos personajes b\u00edblicos.\" data-no-lazy=\"1\"><\/a>\n\nOfrece descripciones de asombrosos personajes b\u00edblicos.\n\n<a href=\"http:\/\/info.recursosparalaiglesia.com\/biblia-aventura\/contenidos\/\" target=\"_self\" rel=\"noopener noreferrer\">\n<img decoding=\"async\" src=\"\/r\/wp-content\/uploads\/sites\/5\/2018\/01\/vivela-aventura.png\" alt=\"Sugiere actividades tales como juegos y dibujos que refuerzan las lecciones b\u00edblicas.\" data-no-lazy=\"1\"><\/a>\n\nSugiere actividades tales como juegos y dibujos que refuerzan las lecciones b\u00edblicas.\n\n<a href=\"http:\/\/info.recursosparalaiglesia.com\/biblia-aventura\/contenidos\/\" target=\"_self\" rel=\"noopener noreferrer\">\n<img decoding=\"async\" src=\"\/r\/wp-content\/uploads\/sites\/5\/2018\/01\/losabias-aventura.png\" alt=\"Se enfoca en muchos hechos interesantes que se encuentran en la Biblia.\" data-no-lazy=\"1\"><\/a>\n\nSe enfoca en muchos hechos interesantes que se encuentran en la Biblia.\n\n&nbsp;\n","protected":false},"excerpt":{"rendered":"<p>P\u00e1ginas de Muestra Lecciones Gratuitas D\u00f3nde Comprar \u00a1Descubre la Biblia n\u00famero uno para ni\u00f1os! Llena de grandes aventuras y art\u00edculos emocionantes, la Biblia Aventura NVI proporciona a los ni\u00f1os un encuentro nuevo y refrescante con las Escrituras, especialmente en el momento en que tratan de desarrollar sus propias ideas y opiniones independientes de sus padres. [&hellip;]<\/p>\n","protected":false},"author":0,"featured_media":574,"parent":0,"menu_order":0,"comment_status":"closed","ping_status":"closed","template":"","meta":{"_acf_changed":false,"footnotes":""},"class_list":["post-551","page","type-page","status-publish","has-post-thumbnail","hentry"],"acf":[],"yoast_head":"<!-- This site is optimized with the Yoast SEO plugin v27.3 - https:\/\/yoast.com\/product\/yoast-seo-wordpress\/ -->\n<title>Biblia Aventura NVI - La mejor Biblia para ni\u00f1os de 8 a 12 a\u00f1os.<\/title>\n<meta name=\"description\" content=\"Prep\u00e1rate para una aventura por la Palabra de Dios. La Biblia Aventura es una excelente herramienta de estudio b\u00edblicos para ni\u00f1os y ni\u00f1as de 8 a 12 a\u00f1os. Les ayudar\u00e1 a conocer m\u00e1s sobre sus historias y personajes b\u00edblicos favoritos y aprender\u00e1n a aplicar las ense\u00f1anzas de la Biblia a su vida diaria.\" \/>\n<meta name=\"robots\" content=\"index, follow, max-snippet:-1, max-image-preview:large, max-video-preview:-1\" \/>\n<link rel=\"canonical\" href=\"https:\/\/staging.editorialhccp.hcusweb.com\/r\/biblia-aventura\/\" \/>\n<meta property=\"og:locale\" content=\"en_US\" \/>\n<meta property=\"og:type\" content=\"article\" \/>\n<meta property=\"og:title\" content=\"Biblia Aventura NVI - La mejor Biblia para ni\u00f1os de 8 a 12 a\u00f1os.\" \/>\n<meta property=\"og:description\" content=\"Prep\u00e1rate para una aventura por la Palabra de Dios. La Biblia Aventura es una excelente herramienta de estudio b\u00edblicos para ni\u00f1os y ni\u00f1as de 8 a 12 a\u00f1os. Les ayudar\u00e1 a conocer m\u00e1s sobre sus historias y personajes b\u00edblicos favoritos y aprender\u00e1n a aplicar las ense\u00f1anzas de la Biblia a su vida diaria.\" \/>\n<meta property=\"og:url\" content=\"https:\/\/staging.editorialhccp.hcusweb.com\/r\/biblia-aventura\/\" \/>\n<meta property=\"og:site_name\" content=\"Marketing Pages\" \/>\n<meta property=\"og:image\" content=\"https:\/\/staging.editorialhccp.hcusweb.com\/r\/wp-content\/uploads\/sites\/5\/2017\/12\/aventura-nvi-logo-1.png\" \/>\n\t<meta property=\"og:image:width\" content=\"600\" \/>\n\t<meta property=\"og:image:height\" content=\"394\" \/>\n\t<meta property=\"og:image:type\" content=\"image\/png\" \/>\n<meta name=\"twitter:card\" content=\"summary_large_image\" \/>\n<script type=\"application\/ld+json\" class=\"yoast-schema-graph\">{\"@context\":\"https:\\\/\\\/schema.org\",\"@graph\":[{\"@type\":\"WebPage\",\"@id\":\"https:\\\/\\\/staging.editorialhccp.hcusweb.com\\\/r\\\/biblia-aventura\\\/\",\"url\":\"https:\\\/\\\/staging.editorialhccp.hcusweb.com\\\/r\\\/biblia-aventura\\\/\",\"name\":\"Biblia Aventura NVI - La mejor Biblia para ni\u00f1os de 8 a 12 a\u00f1os.\",\"isPartOf\":{\"@id\":\"https:\\\/\\\/staging.editorialhccp.hcusweb.com\\\/r\\\/#website\"},\"primaryImageOfPage\":{\"@id\":\"https:\\\/\\\/staging.editorialhccp.hcusweb.com\\\/r\\\/biblia-aventura\\\/#primaryimage\"},\"image\":{\"@id\":\"https:\\\/\\\/staging.editorialhccp.hcusweb.com\\\/r\\\/biblia-aventura\\\/#primaryimage\"},\"thumbnailUrl\":\"https:\\\/\\\/staging.editorialhccp.hcusweb.com\\\/r\\\/wp-content\\\/uploads\\\/sites\\\/5\\\/2017\\\/12\\\/aventura-nvi-logo-1.png\",\"datePublished\":\"2017-12-20T16:11:33+00:00\",\"description\":\"Prep\u00e1rate para una aventura por la Palabra de Dios. La Biblia Aventura es una excelente herramienta de estudio b\u00edblicos para ni\u00f1os y ni\u00f1as de 8 a 12 a\u00f1os. Les ayudar\u00e1 a conocer m\u00e1s sobre sus historias y personajes b\u00edblicos favoritos y aprender\u00e1n a aplicar las ense\u00f1anzas de la Biblia a su vida diaria.\",\"breadcrumb\":{\"@id\":\"https:\\\/\\\/staging.editorialhccp.hcusweb.com\\\/r\\\/biblia-aventura\\\/#breadcrumb\"},\"inLanguage\":\"en-US\",\"potentialAction\":[{\"@type\":\"ReadAction\",\"target\":[\"https:\\\/\\\/staging.editorialhccp.hcusweb.com\\\/r\\\/biblia-aventura\\\/\"]}]},{\"@type\":\"ImageObject\",\"inLanguage\":\"en-US\",\"@id\":\"https:\\\/\\\/staging.editorialhccp.hcusweb.com\\\/r\\\/biblia-aventura\\\/#primaryimage\",\"url\":\"https:\\\/\\\/staging.editorialhccp.hcusweb.com\\\/r\\\/wp-content\\\/uploads\\\/sites\\\/5\\\/2017\\\/12\\\/aventura-nvi-logo-1.png\",\"contentUrl\":\"https:\\\/\\\/staging.editorialhccp.hcusweb.com\\\/r\\\/wp-content\\\/uploads\\\/sites\\\/5\\\/2017\\\/12\\\/aventura-nvi-logo-1.png\",\"width\":600,\"height\":394,\"caption\":\"NVI Biblia Aventura para ni\u00f1os y ni\u00f1as\"},{\"@type\":\"BreadcrumbList\",\"@id\":\"https:\\\/\\\/staging.editorialhccp.hcusweb.com\\\/r\\\/biblia-aventura\\\/#breadcrumb\",\"itemListElement\":[{\"@type\":\"ListItem\",\"position\":1,\"name\":\"Home\",\"item\":\"https:\\\/\\\/staging.editorialhccp.hcusweb.com\\\/r\\\/\"},{\"@type\":\"ListItem\",\"position\":2,\"name\":\"Biblia Aventura NVI\"}]},{\"@type\":\"WebSite\",\"@id\":\"https:\\\/\\\/staging.editorialhccp.hcusweb.com\\\/r\\\/#website\",\"url\":\"https:\\\/\\\/staging.editorialhccp.hcusweb.com\\\/r\\\/\",\"name\":\"Marketing Pages\",\"description\":\"\",\"potentialAction\":[{\"@type\":\"SearchAction\",\"target\":{\"@type\":\"EntryPoint\",\"urlTemplate\":\"https:\\\/\\\/staging.editorialhccp.hcusweb.com\\\/r\\\/?s={search_term_string}\"},\"query-input\":{\"@type\":\"PropertyValueSpecification\",\"valueRequired\":true,\"valueName\":\"search_term_string\"}}],\"inLanguage\":\"en-US\"}]}<\/script>\n<!-- \/ Yoast SEO plugin. -->","yoast_head_json":{"title":"Biblia Aventura NVI - La mejor Biblia para ni\u00f1os de 8 a 12 a\u00f1os.","description":"Prep\u00e1rate para una aventura por la Palabra de Dios. La Biblia Aventura es una excelente herramienta de estudio b\u00edblicos para ni\u00f1os y ni\u00f1as de 8 a 12 a\u00f1os. Les ayudar\u00e1 a conocer m\u00e1s sobre sus historias y personajes b\u00edblicos favoritos y aprender\u00e1n a aplicar las ense\u00f1anzas de la Biblia a su vida diaria.","robots":{"index":"index","follow":"follow","max-snippet":"max-snippet:-1","max-image-preview":"max-image-preview:large","max-video-preview":"max-video-preview:-1"},"canonical":"https:\/\/staging.editorialhccp.hcusweb.com\/r\/biblia-aventura\/","og_locale":"en_US","og_type":"article","og_title":"Biblia Aventura NVI - La mejor Biblia para ni\u00f1os de 8 a 12 a\u00f1os.","og_description":"Prep\u00e1rate para una aventura por la Palabra de Dios. La Biblia Aventura es una excelente herramienta de estudio b\u00edblicos para ni\u00f1os y ni\u00f1as de 8 a 12 a\u00f1os. Les ayudar\u00e1 a conocer m\u00e1s sobre sus historias y personajes b\u00edblicos favoritos y aprender\u00e1n a aplicar las ense\u00f1anzas de la Biblia a su vida diaria.","og_url":"https:\/\/staging.editorialhccp.hcusweb.com\/r\/biblia-aventura\/","og_site_name":"Marketing Pages","og_image":[{"width":600,"height":394,"url":"https:\/\/staging.editorialhccp.hcusweb.com\/r\/wp-content\/uploads\/sites\/5\/2017\/12\/aventura-nvi-logo-1.png","type":"image\/png"}],"twitter_card":"summary_large_image","schema":{"@context":"https:\/\/schema.org","@graph":[{"@type":"WebPage","@id":"https:\/\/staging.editorialhccp.hcusweb.com\/r\/biblia-aventura\/","url":"https:\/\/staging.editorialhccp.hcusweb.com\/r\/biblia-aventura\/","name":"Biblia Aventura NVI - La mejor Biblia para ni\u00f1os de 8 a 12 a\u00f1os.","isPartOf":{"@id":"https:\/\/staging.editorialhccp.hcusweb.com\/r\/#website"},"primaryImageOfPage":{"@id":"https:\/\/staging.editorialhccp.hcusweb.com\/r\/biblia-aventura\/#primaryimage"},"image":{"@id":"https:\/\/staging.editorialhccp.hcusweb.com\/r\/biblia-aventura\/#primaryimage"},"thumbnailUrl":"https:\/\/staging.editorialhccp.hcusweb.com\/r\/wp-content\/uploads\/sites\/5\/2017\/12\/aventura-nvi-logo-1.png","datePublished":"2017-12-20T16:11:33+00:00","description":"Prep\u00e1rate para una aventura por la Palabra de Dios. La Biblia Aventura es una excelente herramienta de estudio b\u00edblicos para ni\u00f1os y ni\u00f1as de 8 a 12 a\u00f1os. Les ayudar\u00e1 a conocer m\u00e1s sobre sus historias y personajes b\u00edblicos favoritos y aprender\u00e1n a aplicar las ense\u00f1anzas de la Biblia a su vida diaria.","breadcrumb":{"@id":"https:\/\/staging.editorialhccp.hcusweb.com\/r\/biblia-aventura\/#breadcrumb"},"inLanguage":"en-US","potentialAction":[{"@type":"ReadAction","target":["https:\/\/staging.editorialhccp.hcusweb.com\/r\/biblia-aventura\/"]}]},{"@type":"ImageObject","inLanguage":"en-US","@id":"https:\/\/staging.editorialhccp.hcusweb.com\/r\/biblia-aventura\/#primaryimage","url":"https:\/\/staging.editorialhccp.hcusweb.com\/r\/wp-content\/uploads\/sites\/5\/2017\/12\/aventura-nvi-logo-1.png","contentUrl":"https:\/\/staging.editorialhccp.hcusweb.com\/r\/wp-content\/uploads\/sites\/5\/2017\/12\/aventura-nvi-logo-1.png","width":600,"height":394,"caption":"NVI Biblia Aventura para ni\u00f1os y ni\u00f1as"},{"@type":"BreadcrumbList","@id":"https:\/\/staging.editorialhccp.hcusweb.com\/r\/biblia-aventura\/#breadcrumb","itemListElement":[{"@type":"ListItem","position":1,"name":"Home","item":"https:\/\/staging.editorialhccp.hcusweb.com\/r\/"},{"@type":"ListItem","position":2,"name":"Biblia Aventura NVI"}]},{"@type":"WebSite","@id":"https:\/\/staging.editorialhccp.hcusweb.com\/r\/#website","url":"https:\/\/staging.editorialhccp.hcusweb.com\/r\/","name":"Marketing Pages","description":"","potentialAction":[{"@type":"SearchAction","target":{"@type":"EntryPoint","urlTemplate":"https:\/\/staging.editorialhccp.hcusweb.com\/r\/?s={search_term_string}"},"query-input":{"@type":"PropertyValueSpecification","valueRequired":true,"valueName":"search_term_string"}}],"inLanguage":"en-US"}]}},"_links":{"self":[{"href":"https:\/\/staging.editorialhccp.hcusweb.com\/r\/wp-json\/wp\/v2\/pages\/551","targetHints":{"allow":["GET"]}}],"collection":[{"href":"https:\/\/staging.editorialhccp.hcusweb.com\/r\/wp-json\/wp\/v2\/pages"}],"about":[{"href":"https:\/\/staging.editorialhccp.hcusweb.com\/r\/wp-json\/wp\/v2\/types\/page"}],"replies":[{"embeddable":true,"href":"https:\/\/staging.editorialhccp.hcusweb.com\/r\/wp-json\/wp\/v2\/comments?post=551"}],"version-history":[{"count":0,"href":"https:\/\/staging.editorialhccp.hcusweb.com\/r\/wp-json\/wp\/v2\/pages\/551\/revisions"}],"wp:featuredmedia":[{"embeddable":true,"href":"https:\/\/staging.editorialhccp.hcusweb.com\/r\/wp-json\/wp\/v2\/media\/574"}],"wp:attachment":[{"href":"https:\/\/staging.editorialhccp.hcusweb.com\/r\/wp-json\/wp\/v2\/media?parent=551"}],"curies":[{"name":"wp","href":"https:\/\/api.w.org\/{rel}","templated":true}]}}