{"id":5659,"date":"2020-06-15T03:43:56","date_gmt":"2020-06-15T03:43:56","guid":{"rendered":"http:\/\/www.editorialhccp.com\/r\/?page_id=5659"},"modified":"2020-06-15T03:43:56","modified_gmt":"2020-06-15T03:43:56","slug":"nbla","status":"publish","type":"page","link":"https:\/\/staging.editorialhccp.hcusweb.com\/r\/nbla\/","title":{"rendered":"Nueva Biblia de las Am\u00e9ricas"},"content":{"rendered":"\n<img loading=\"lazy\" decoding=\"async\" src=\"\/r\/wp-content\/uploads\/sites\/5\/2020\/06\/NBLA-Logo-White.png\" alt=\"NBLA Logo White\" height=\"356\" width=\"1052\" title=\"NBLA Logo White\">\n\t<h2>La Palabra de Dios escrita en el lenguaje de tu coraz\u00f3n<\/h2>\n<h2>\n\t\tNueva Biblia de las Am\u00e9ricas\n\t<\/h2>\n\t<p>La Nueva Biblia de las Am\u00e9ricas es una traducci\u00f3n fiel de las Sagradas Escrituras seg\u00fan fueron escritas en los idiomas originales: hebreo, arameo y griego. Esta edici\u00f3n se presenta como otra contribuci\u00f3n a la traducci\u00f3n de las Sagradas Escrituras en nuestro lenguaje de hoy, en este inicio del tercer milenio. Se ha hecho con el deseo de que el mensaje de la Palabra de Dios sea presentado en forma tal que ayude a todo lector a estudiar y comprender su Palabra, tanto al que lleva tiempo en el evangelio como a aquel que reci\u00e9n comienza a andar en los caminos del Se\u00f1or.<\/p>\n<p>La Nueva Biblia de las Am\u00e9ricas (NBLA) es un verdadero tesoro devocional y un instrumento pr\u00e1ctico de estudio, ya que es una traducci\u00f3n clara y fiel de la verdad revelada por Dios en su Palabra<\/p>\n\n\t\n\t\n\t\n\t\t\t\t\t\n<h2>\n\t\tNBLA SANTA BIBLIA EDICI\u00d3N ART\u00cdSTICA\n\t<\/h2>\n\t<p>La NBLA Santa Biblia Edici\u00f3n Art\u00edstica, con un dise\u00f1o de cubierta pintado a mano. El interior ha sido compuesto esmeradamente con la letra f\u00e1cil de leer NBLA Comfort Print\u00ae y m\u00e1rgenes con lineas ligeras para tomar notas o dibujar.<\/p>\n<p><strong>Caracter\u00edsticas<\/strong>:<\/p>\n<ul>\n<li>Texto \u00edntegro de la NBLA<\/li>\n<li>&nbsp;Tipograf\u00eda Comfort Print\u2122 9<\/li>\n<li>Cubierta con un dise\u00f1o impresionante pintado a mano imprimida sobre tela suave y resistente<\/li>\n<li>Canto brillante con dise\u00f1o en las p\u00e1ginas<\/li>\n<li>M\u00e1rgenes amplios, con l\u00edneas para tomar notas, dibujar, etc.<\/li>\n<li>Palabras de Jes\u00fas en rojo<\/li>\n<li>Dos cintas marcadoras<\/li>\n<\/ul>\n\t\t\t<a href=https:\/\/staging.editorialhccp.hcusweb.com\/9780829702804\/nbla-santa-biblia-edicion-artistica-tapa-duratela-canto-con-diseno-edicion-letra-roja\/ target=\"_blank\" role=\"button\" rel=\"noopener\">\n\t\t\t\t\t\t\tCOMPRAR\n\t\t\t\t\t<\/a>\n\t\t\t\t<a href=https:\/\/staging.editorialhccp.hcusweb.com\/9780829770094\/nbla-santa-biblia-ultrafina-letra-grande-tamano-manual-leathersoft-beige-edicion-letra-roja\/ target=\"_blank\" rel=\"noopener\">\n\t\t\t\t<img loading=\"lazy\" decoding=\"async\" src=\"\/r\/wp-content\/uploads\/sites\/5\/2020\/06\/NBLA-Ultrafina.png\" alt=\"NBLA Ultrafina\" height=\"800\" width=\"800\" title=\"NBLA Ultrafina\">\n\t\t\t\t<\/a>\n\t<h2><a href=https:\/\/staging.editorialhccp.hcusweb.com\/9780829770094\/nbla-santa-biblia-ultrafina-letra-grande-tamano-manual-leathersoft-beige-edicion-letra-roja\/ target=\"_blank\" rel=\"noopener\">NBLA SANTA BIBLIA ULTRAFINA, LETRA GRANDE, TAMA\u00d1O MANUAL<\/a><\/h2>\n\t\t\t\t<a href=https:\/\/staging.editorialhccp.hcusweb.com\/9780829770100\/nbla-santa-biblia-ultrafina-letra-grande-tamano-manual-leathersoft-azul-edicion-letra-roja\/ target=\"_blank\" rel=\"noopener\">\n\t\t\t\t<img loading=\"lazy\" decoding=\"async\" src=\"\/r\/wp-content\/uploads\/sites\/5\/2020\/06\/Untitled.png\" alt=\"Untitled\" height=\"800\" width=\"800\" title=\"Untitled\">\n\t\t\t\t<\/a>\n\t<h2><a href=https:\/\/staging.editorialhccp.hcusweb.com\/9780829770100\/nbla-santa-biblia-ultrafina-letra-grande-tamano-manual-leathersoft-azul-edicion-letra-roja\/ target=\"_blank\" rel=\"noopener\">NBLA SANTA BIBLIA ULTRAFINA, LETRA GRANDE, TAMA\u00d1O MANUAL<\/a><\/h2>\n\t\t\t\t<a href=https:\/\/staging.editorialhccp.hcusweb.com\/vida\/9780829770056\/nbla-biblia-congregacional-tapa-dura-negro\/ target=\"_blank\" rel=\"noopener\">\n\t\t\t\t<img loading=\"lazy\" decoding=\"async\" src=\"\/r\/wp-content\/uploads\/sites\/5\/2020\/07\/NBLA-Congregacional.png\" alt=\"NBLA Congregacional\" height=\"800\" width=\"800\" title=\"NBLA Congregacional\">\n\t\t\t\t<\/a>\n\t<h2>NBLA BIBLIA CONGREGACIONAL, TAPA DURA<\/h2>\n<h2>\n\t\tNBLA SANTA BIBLIA ULTRAFINA, LETRA GIGANTE\n\t<\/h2>\n\t<p>El texto \u00edntegro de la Nueva Biblia de las Am\u00e9ricas retiene de manera muy precisa el significado de los idiomas originales, al mismo tiempo que provee claridad y legibilidad \u00fanicas. Respetando el mismo vocabulario, la gram\u00e1tica y la estructura de los originales, la Nueva Biblia de las Am\u00e9ricas es la traducci\u00f3n moderna m\u00e1s literal disponible en espa\u00f1ol latinoamericano.<\/p>\n\n<ul>\n<li>Texto completo del NBLA<\/li>\n<li>Palabras de Jes\u00fas en rojo<\/li>\n<li>F\u00e1cil de leer exclusiva Letra Comfort Print\u00ae 12+<\/li>\n<li>Cubierta bellamente dise\u00f1ada<\/li>\n<li>8 mapas a todo color<\/li>\n<li>Vista panor\u00e1mica del mensaje de la Biblia<\/li>\n<li>Referencias<\/li>\n<li>Plan de Salvaci\u00f3n<\/li>\n<\/ul>\n\t\t\t<a href=https:\/\/staging.editorialhccp.hcusweb.com\/9780829770155\/nbla-santa-biblia-ultrafina-letra-gigante-leathersoft-negro-edicion-letra-roja\/ target=\"_blank\" role=\"button\" rel=\"noopener\">\n\t\t\t\t\t\t\tCOMPRAR\n\t\t\t\t\t<\/a>\n\t\t\t\t<a href=https:\/\/staging.editorialhccp.hcusweb.com\/vida\/9780829770070\/nbla-santa-biblia-del-ministro-leathersoft-beige\/ target=\"_blank\" rel=\"noopener\">\n\t\t\t\t<img loading=\"lazy\" decoding=\"async\" src=\"\/r\/wp-content\/uploads\/sites\/5\/2020\/06\/NBLA-Ministro.png\" alt=\"NBLA Biblia Ministro\" height=\"800\" width=\"800\" title=\"NBLA Ministro\">\n\t\t\t\t<\/a>\n\t<h2><a href=https:\/\/staging.editorialhccp.hcusweb.com\/vida\/9780829770070\/nbla-santa-biblia-del-ministro-leathersoft-beige\/ target=\"_blank\" rel=\"noopener\">NBLA, SANTA BIBLIA DEL MINISTRO<\/a><\/h2>\n\t\t\t\t<a href=https:\/\/staging.editorialhccp.hcusweb.com\/9780829770018\/nbla-santa-biblia-edicion-para-notas-tapa-duratela-gris-letra-roja\/ target=\"_blank\" rel=\"noopener\">\n\t\t\t\t<img loading=\"lazy\" decoding=\"async\" src=\"\/r\/wp-content\/uploads\/sites\/5\/2020\/06\/COB-NBLA.png\" alt=\"NBLA Biblia tapa dura\" height=\"800\" width=\"800\" title=\"COB NBLA\">\n\t\t\t\t<\/a>\n\t<h2><a href=https:\/\/staging.editorialhccp.hcusweb.com\/9780829770018\/nbla-santa-biblia-edicion-para-notas-tapa-duratela-gris-letra-roja\/ target=\"_blank\" rel=\"noopener\">NBLA SANTA BIBLIA EDICI\u00d3N PARA NOTAS, TAPA DURA\/TELA<\/a><\/h2>\n<h2><\/h2>\n\t\t\t\t<a href=https:\/\/staging.editorialhccp.hcusweb.com\/vida\/9780829702804\/nbla-santa-biblia-edicion-artistica-tapa-duratela-canto-con-diseno-edicion-letra-roja\/ target=\"_blank\" rel=\"noopener\">\n\t\t\t\t<img loading=\"lazy\" decoding=\"async\" src=\"\/r\/wp-content\/uploads\/sites\/5\/2020\/07\/NBLA-Artistica-3.png\" alt=\"NBLA Artistica 3\" height=\"800\" width=\"800\" title=\"NBLA Artistica 3\">\n\t\t\t\t<\/a>\n\t<h2><a href=https:\/\/staging.editorialhccp.hcusweb.com\/vida\/9780829702804\/nbla-santa-biblia-edicion-artistica-tapa-duratela-canto-con-diseno-edicion-letra-roja\/ target=\"_blank\" rel=\"noopener\">NBLA SANTA BIBLIA EDICI\u00d3N ART\u00cdSTICA<\/a><\/h2>\n\t\t\n<h2>\n\t\tAprende m\u00e1s\n\t<\/h2>\n<h3>\n\t\tDescargue esta muestra gratuita el texto del Evangelio de Juan de la NBLA.\n\t<\/h3>\n\t<!-- Form # 1 -->\n<table cellpadding=\"0\" cellspacing=\"0\" border=\"0\"><tbody><tr><td>Nombre*<\/td><\/tr><tr><td>Correo Electr\u00f3nico*<\/td><\/tr><tr><td>Pa\u00eds*Select oneAFGHANISTANALAND ISLANDSALBANIAALGERIAAMERICAN SAMOAANDORRAANGOLAANGUILLAANTARCTICAANTIGUA AND BARBUDAARGENTINAARMENIAARUBAAUSTRALIAAUSTRIAAZERBAIJANBAHAMASBAHRAINBANGLADESHBARBADOSBELARUSBELGIUMBELIZEBENINBERMUDABHUTANBOLIVIA, PLURINATIONAL STATE OFBONAIRE, SINT EUSTATIUS AND SABABOSNIA AND HERZEGOVINABOTSWANABOUVET ISLANDBRAZILBRITISH INDIAN OCEAN TERRITORYBRUNEI DARUSSALAMBULGARIABURKINA FASOBURUNDICAMBODIACAMEROONCANADACAPE VERDECAYMAN ISLANDSCENTRAL AFRICAN REPUBLICCHADCHILECHINACHRISTMAS ISLANDCOCOS (KEELING) ISLANDSCOLOMBIACOMOROSCONGOCONGO, THE DEMOCRATIC REPUBLIC OF THECOOK ISLANDSCOSTA RICACOTE D&#8217;IVOIRECROATIACUBACURACAOCYPRUSCZECH REPUBLICDENMARKDJIBOUTIDOMINICADOMINICAN REPUBLICECUADOREGYPTEL SALVADOREQUATORIAL GUINEAERITREAESTONIAETHIOPIAFALKLAND ISLANDS (MALVINAS)FAROE ISLANDSFIJIFINLANDFRANCEFRENCH GUIANAFRENCH POLYNESIAFRENCH SOUTHERN TERRITORIESGABONGAMBIAGEORGIAGERMANYGHANAGIBRALTARGREECEGREENLANDGRENADAGUADELOUPEGUAMGUATEMALAGUERNSEYGUINEAGUINEA-BISSAUGUYANAHAITIHEARD ISLAND AND MCDONALD ISLANDSHOLY SEE (VATICAN CITY STATE)HONDURASHONG KONGHUNGARYICELANDINDIAINDONESIAIRAN, ISLAMIC REPUBLIC OFIRAQIRELANDISLE OF MANISRAELITALYJAMAICAJAPANJERSEYJORDANKAZAKHSTANKENYAKIRIBATIKOREA, DEMOCRATIC PEOPLE&#8217;S REPUBLIC OFKOREA, REPUBLIC OFKUWAITKYRGYZSTANLAO PEOPLE&#8217;S DEMOCRATIC REPUBLICLATVIALEBANONLESOTHOLIBERIALIBYALIECHTENSTEINLITHUANIALUXEMBOURGMACAOMACEDONIA, THE FORMER YUGOSLAV REPUBLIC OFMADAGASCARMALAWIMALAYSIAMALDIVESMALIMALTAMARSHALL ISLANDSMARTINIQUEMAURITANIAMAURITIUSMAYOTTEMEXICOMICRONESIA, FEDERATED STATES OFMOLDOVA, REPUBLIC OFMONACOMONGOLIAMONTENEGROMONTSERRATMOROCCOMOZAMBIQUEMYANMARNAMIBIANAURUNEPALNETHERLANDSNEW CALEDONIANEW ZEALANDNICARAGUANIGERNIGERIANIUENORFOLK ISLANDNORTHERN MARIANA ISLANDSNORWAYOMANPAKISTANPALAUPALESTINIAN TERRITORY, OCCUPIEDPANAMAPAPUA NEW GUINEAPARAGUAYPERUPHILIPPINESPITCAIRNPOLANDPORTUGALPUERTO RICOQATARREUNIONROMANIARUSSIAN FEDERATIONRWANDASAINT BARTHELEMYSAINT HELENA, ASCENSION AND TRISTAN DA CUNHASAINT KITTS AND NEVISSAINT LUCIASAINT MARTIN (FRENCH PART)SAINT PIERRE AND MIQUELONSAINT VINCENT AND THE GRENADINESSAMOASAN MARINOSAO TOME AND PRINCIPESAUDI ARABIASENEGALSERBIASEYCHELLESSIERRA LEONESINGAPORESINT MAARTEN (DUTCH PART)SLOVAKIASLOVENIASOLOMON ISLANDSSOMALIASOUTH AFRICASOUTH GEORGIA AND THE SOUTH SANDWICH ISLANDSSOUTH SUDANSPAINSRI LANKASUDANSURINAMESVALBARD AND JAN MAYENSWAZILANDSWEDENSWITZERLANDSYRIAN ARAB REPUBLICTAIWAN, PROVINCE OF CHINATAJIKISTANTANZANIA, UNITED REPUBLIC OFTHAILANDTIMOR-LESTETOGOTOKELAUTONGATRINIDAD AND TOBAGOTUNISIATURKEYTURKMENISTANTURKS AND CAICOS ISLANDSTUVALUUGANDAUKRAINEUNITED ARAB EMIRATESUNITED KINGDOMUNITED STATESUNITED STATES MINOR OUTLYING ISLANDSURUGUAYUZBEKISTANVANUATUVENEZUELA, BOLIVARIAN REPUBLIC OFVIET NAMVIRGIN ISLANDS, BRITISHVIRGIN ISLANDS, U.S.WALLIS AND FUTUNAWESTERN SAHARAYEMENZAMBIAZIMBABWE<\/td><\/tr><tr><td id=\"errorMessageContainerId\"><\/td><\/tr><tr><td><table cellspacing=\"0\" cellpadding=\"0\" border=\"0\"><tbody><tr><td><\/td><\/tr><\/tbody><\/table><\/td><\/tr><tr><td><\/td><\/tr><tr><td><\/td><\/tr><tr><td><\/td><\/tr><\/tbody><\/table>\n<!-- reCAPTCHA JavaScript -->\n","protected":false},"excerpt":{"rendered":"<p>La Palabra de Dios escrita en el lenguaje de tu coraz\u00f3n Nueva Biblia de las Am\u00e9ricas La Nueva Biblia de las Am\u00e9ricas es una traducci\u00f3n fiel de las Sagradas Escrituras seg\u00fan fueron escritas en los idiomas originales: hebreo, arameo y griego. Esta edici\u00f3n se presenta como otra contribuci\u00f3n a la traducci\u00f3n de las Sagradas Escrituras [&hellip;]<\/p>\n","protected":false},"author":0,"featured_media":5661,"parent":0,"menu_order":0,"comment_status":"closed","ping_status":"closed","template":"","meta":{"_acf_changed":false,"footnotes":""},"class_list":["post-5659","page","type-page","status-publish","has-post-thumbnail","hentry"],"acf":[],"yoast_head":"<!-- This site is optimized with the Yoast SEO Premium plugin v27.3 (Yoast SEO v27.3) - https:\/\/yoast.com\/product\/yoast-seo-premium-wordpress\/ -->\n<title>Nueva Biblia de las Am\u00e9ricas<\/title>\n<meta name=\"description\" content=\"La Nueva Biblia de las Am\u00e9ricas es la Palabra de Dios escrita en el lenguaje de tu coraz\u00f3n. Ahora disponible en todas partes.\" \/>\n<meta name=\"robots\" content=\"index, follow, max-snippet:-1, max-image-preview:large, max-video-preview:-1\" \/>\n<link rel=\"canonical\" href=\"https:\/\/staging.editorialhccp.hcusweb.com\/r\/nbla\/\" \/>\n<meta property=\"og:locale\" content=\"en_US\" \/>\n<meta property=\"og:type\" content=\"article\" \/>\n<meta property=\"og:title\" content=\"Nueva Biblia de las Am\u00e9ricas\" \/>\n<meta property=\"og:description\" content=\"La Nueva Biblia de las Am\u00e9ricas es la Palabra de Dios escrita en el lenguaje de tu coraz\u00f3n. Ahora disponible en todas partes.\" \/>\n<meta property=\"og:url\" content=\"https:\/\/staging.editorialhccp.hcusweb.com\/r\/nbla\/\" \/>\n<meta property=\"og:site_name\" content=\"Marketing Pages\" \/>\n<meta property=\"og:image\" content=\"https:\/\/staging.editorialhccp.hcusweb.com\/r\/wp-content\/uploads\/sites\/5\/2020\/06\/Nueva-Biblia-de-Las-Americas-Cover-Photo.png\" \/>\n\t<meta property=\"og:image:width\" content=\"820\" \/>\n\t<meta property=\"og:image:height\" content=\"360\" \/>\n\t<meta property=\"og:image:type\" content=\"image\/png\" \/>\n<meta name=\"twitter:card\" content=\"summary_large_image\" \/>\n<script type=\"application\/ld+json\" class=\"yoast-schema-graph\">{\"@context\":\"https:\\\/\\\/schema.org\",\"@graph\":[{\"@type\":\"WebPage\",\"@id\":\"https:\\\/\\\/staging.editorialhccp.hcusweb.com\\\/r\\\/nbla\\\/\",\"url\":\"https:\\\/\\\/staging.editorialhccp.hcusweb.com\\\/r\\\/nbla\\\/\",\"name\":\"Nueva Biblia de las Am\u00e9ricas\",\"isPartOf\":{\"@id\":\"https:\\\/\\\/staging.editorialhccp.hcusweb.com\\\/r\\\/#website\"},\"primaryImageOfPage\":{\"@id\":\"https:\\\/\\\/staging.editorialhccp.hcusweb.com\\\/r\\\/nbla\\\/#primaryimage\"},\"image\":{\"@id\":\"https:\\\/\\\/staging.editorialhccp.hcusweb.com\\\/r\\\/nbla\\\/#primaryimage\"},\"thumbnailUrl\":\"https:\\\/\\\/staging.editorialhccp.hcusweb.com\\\/r\\\/wp-content\\\/uploads\\\/sites\\\/5\\\/2020\\\/06\\\/Nueva-Biblia-de-Las-Americas-Cover-Photo.png\",\"datePublished\":\"2020-06-15T03:43:56+00:00\",\"description\":\"La Nueva Biblia de las Am\u00e9ricas es la Palabra de Dios escrita en el lenguaje de tu coraz\u00f3n. Ahora disponible en todas partes.\",\"breadcrumb\":{\"@id\":\"https:\\\/\\\/staging.editorialhccp.hcusweb.com\\\/r\\\/nbla\\\/#breadcrumb\"},\"inLanguage\":\"en-US\",\"potentialAction\":[{\"@type\":\"ReadAction\",\"target\":[\"https:\\\/\\\/staging.editorialhccp.hcusweb.com\\\/r\\\/nbla\\\/\"]}]},{\"@type\":\"ImageObject\",\"inLanguage\":\"en-US\",\"@id\":\"https:\\\/\\\/staging.editorialhccp.hcusweb.com\\\/r\\\/nbla\\\/#primaryimage\",\"url\":\"https:\\\/\\\/staging.editorialhccp.hcusweb.com\\\/r\\\/wp-content\\\/uploads\\\/sites\\\/5\\\/2020\\\/06\\\/Nueva-Biblia-de-Las-Americas-Cover-Photo.png\",\"contentUrl\":\"https:\\\/\\\/staging.editorialhccp.hcusweb.com\\\/r\\\/wp-content\\\/uploads\\\/sites\\\/5\\\/2020\\\/06\\\/Nueva-Biblia-de-Las-Americas-Cover-Photo.png\",\"width\":820,\"height\":360},{\"@type\":\"BreadcrumbList\",\"@id\":\"https:\\\/\\\/staging.editorialhccp.hcusweb.com\\\/r\\\/nbla\\\/#breadcrumb\",\"itemListElement\":[{\"@type\":\"ListItem\",\"position\":1,\"name\":\"Home\",\"item\":\"https:\\\/\\\/staging.editorialhccp.hcusweb.com\\\/r\\\/\"},{\"@type\":\"ListItem\",\"position\":2,\"name\":\"Nueva Biblia de las Am\u00e9ricas\"}]},{\"@type\":\"WebSite\",\"@id\":\"https:\\\/\\\/staging.editorialhccp.hcusweb.com\\\/r\\\/#website\",\"url\":\"https:\\\/\\\/staging.editorialhccp.hcusweb.com\\\/r\\\/\",\"name\":\"Marketing Pages\",\"description\":\"\",\"potentialAction\":[{\"@type\":\"SearchAction\",\"target\":{\"@type\":\"EntryPoint\",\"urlTemplate\":\"https:\\\/\\\/staging.editorialhccp.hcusweb.com\\\/r\\\/?s={search_term_string}\"},\"query-input\":{\"@type\":\"PropertyValueSpecification\",\"valueRequired\":true,\"valueName\":\"search_term_string\"}}],\"inLanguage\":\"en-US\"}]}<\/script>\n<!-- \/ Yoast SEO Premium plugin. -->","yoast_head_json":{"title":"Nueva Biblia de las Am\u00e9ricas","description":"La Nueva Biblia de las Am\u00e9ricas es la Palabra de Dios escrita en el lenguaje de tu coraz\u00f3n. Ahora disponible en todas partes.","robots":{"index":"index","follow":"follow","max-snippet":"max-snippet:-1","max-image-preview":"max-image-preview:large","max-video-preview":"max-video-preview:-1"},"canonical":"https:\/\/staging.editorialhccp.hcusweb.com\/r\/nbla\/","og_locale":"en_US","og_type":"article","og_title":"Nueva Biblia de las Am\u00e9ricas","og_description":"La Nueva Biblia de las Am\u00e9ricas es la Palabra de Dios escrita en el lenguaje de tu coraz\u00f3n. Ahora disponible en todas partes.","og_url":"https:\/\/staging.editorialhccp.hcusweb.com\/r\/nbla\/","og_site_name":"Marketing Pages","og_image":[{"width":820,"height":360,"url":"https:\/\/staging.editorialhccp.hcusweb.com\/r\/wp-content\/uploads\/sites\/5\/2020\/06\/Nueva-Biblia-de-Las-Americas-Cover-Photo.png","type":"image\/png"}],"twitter_card":"summary_large_image","schema":{"@context":"https:\/\/schema.org","@graph":[{"@type":"WebPage","@id":"https:\/\/staging.editorialhccp.hcusweb.com\/r\/nbla\/","url":"https:\/\/staging.editorialhccp.hcusweb.com\/r\/nbla\/","name":"Nueva Biblia de las Am\u00e9ricas","isPartOf":{"@id":"https:\/\/staging.editorialhccp.hcusweb.com\/r\/#website"},"primaryImageOfPage":{"@id":"https:\/\/staging.editorialhccp.hcusweb.com\/r\/nbla\/#primaryimage"},"image":{"@id":"https:\/\/staging.editorialhccp.hcusweb.com\/r\/nbla\/#primaryimage"},"thumbnailUrl":"https:\/\/staging.editorialhccp.hcusweb.com\/r\/wp-content\/uploads\/sites\/5\/2020\/06\/Nueva-Biblia-de-Las-Americas-Cover-Photo.png","datePublished":"2020-06-15T03:43:56+00:00","description":"La Nueva Biblia de las Am\u00e9ricas es la Palabra de Dios escrita en el lenguaje de tu coraz\u00f3n. Ahora disponible en todas partes.","breadcrumb":{"@id":"https:\/\/staging.editorialhccp.hcusweb.com\/r\/nbla\/#breadcrumb"},"inLanguage":"en-US","potentialAction":[{"@type":"ReadAction","target":["https:\/\/staging.editorialhccp.hcusweb.com\/r\/nbla\/"]}]},{"@type":"ImageObject","inLanguage":"en-US","@id":"https:\/\/staging.editorialhccp.hcusweb.com\/r\/nbla\/#primaryimage","url":"https:\/\/staging.editorialhccp.hcusweb.com\/r\/wp-content\/uploads\/sites\/5\/2020\/06\/Nueva-Biblia-de-Las-Americas-Cover-Photo.png","contentUrl":"https:\/\/staging.editorialhccp.hcusweb.com\/r\/wp-content\/uploads\/sites\/5\/2020\/06\/Nueva-Biblia-de-Las-Americas-Cover-Photo.png","width":820,"height":360},{"@type":"BreadcrumbList","@id":"https:\/\/staging.editorialhccp.hcusweb.com\/r\/nbla\/#breadcrumb","itemListElement":[{"@type":"ListItem","position":1,"name":"Home","item":"https:\/\/staging.editorialhccp.hcusweb.com\/r\/"},{"@type":"ListItem","position":2,"name":"Nueva Biblia de las Am\u00e9ricas"}]},{"@type":"WebSite","@id":"https:\/\/staging.editorialhccp.hcusweb.com\/r\/#website","url":"https:\/\/staging.editorialhccp.hcusweb.com\/r\/","name":"Marketing Pages","description":"","potentialAction":[{"@type":"SearchAction","target":{"@type":"EntryPoint","urlTemplate":"https:\/\/staging.editorialhccp.hcusweb.com\/r\/?s={search_term_string}"},"query-input":{"@type":"PropertyValueSpecification","valueRequired":true,"valueName":"search_term_string"}}],"inLanguage":"en-US"}]}},"_links":{"self":[{"href":"https:\/\/staging.editorialhccp.hcusweb.com\/r\/wp-json\/wp\/v2\/pages\/5659","targetHints":{"allow":["GET"]}}],"collection":[{"href":"https:\/\/staging.editorialhccp.hcusweb.com\/r\/wp-json\/wp\/v2\/pages"}],"about":[{"href":"https:\/\/staging.editorialhccp.hcusweb.com\/r\/wp-json\/wp\/v2\/types\/page"}],"replies":[{"embeddable":true,"href":"https:\/\/staging.editorialhccp.hcusweb.com\/r\/wp-json\/wp\/v2\/comments?post=5659"}],"version-history":[{"count":0,"href":"https:\/\/staging.editorialhccp.hcusweb.com\/r\/wp-json\/wp\/v2\/pages\/5659\/revisions"}],"wp:featuredmedia":[{"embeddable":true,"href":"https:\/\/staging.editorialhccp.hcusweb.com\/r\/wp-json\/wp\/v2\/media\/5661"}],"wp:attachment":[{"href":"https:\/\/staging.editorialhccp.hcusweb.com\/r\/wp-json\/wp\/v2\/media?parent=5659"}],"curies":[{"name":"wp","href":"https:\/\/api.w.org\/{rel}","templated":true}]}}