{"id":569,"date":"2017-12-22T16:38:36","date_gmt":"2017-12-22T16:38:36","guid":{"rendered":"http:\/\/info.recursosparalaiglesia.com\/?page_id=569"},"modified":"2025-12-15T19:06:49","modified_gmt":"2025-12-15T19:06:49","slug":"historia","status":"publish","type":"page","link":"https:\/\/staging.editorialhccp.hcusweb.com\/r\/historia\/","title":{"rendered":"RVR Historia y Herencia"},"content":{"rendered":"\n\n\t\t\t\t<img decoding=\"async\" src=\"https:\/\/staging.editorialhccp.hcusweb.com\/r\/wp-content\/uploads\/2017\/12\/01190608\/RVR-LOGO-WHITE-300x223.png\" alt=\"RVR-LOGO-WHITE\" itemprop=\"image\" title=\"RVR-LOGO-WHITE\" onerror=\"this.style.display='none'\" loading=\"lazy\" \/>\n\t<h1>HERENCIA E HISTORIA<\/h1>\n\t<h2>Conozca como la RVR lleg\u00f3 a preservar la belleza y cadencia del texto original de Reina pero utilizando un espa\u00f1ol actualizado y resaltando las variantes textuales conocidas hoy en d\u00eda.<\/h2>\n\t<h1>SUS INICIOS Y REVISIONES<\/h1>\n\t<h1>La Biblia de Casiodoro de Reina<\/h1>\n<p>La Biblia de Casiodoro de Reina fue la <strong>primera traducci\u00f3n completa<\/strong> de la Biblia en espa\u00f1ol. En Septiembre de 1569, se inici\u00f3 la distribuci\u00f3n de la que ser\u00eda conocida como La Biblia del Oso. Sin lugar a duda, la traducci\u00f3n original de <strong>Casiodoro de Reina<\/strong> cumpli\u00f3 el objetivo de hacer accesible la Palabra de Dios a toda la gente.<\/p>\nLa Biblia de Casiodoro de Reina fue revisada por primera vez por su amigo y compa\u00f1ero de estudios <strong>Cipriano de Valera<\/strong> (1532-1602), quien public\u00f3 una segunda edici\u00f3n en 1602. Durante m\u00e1s de cien a\u00f1os, las congregaciones protestantes usaron la Revisi\u00f3n de 1602 hecha por Valera sin cambio alguno hasta 1708, cuando <strong>Sebasti\u00e1n de la Encina<\/strong> trabaj\u00f3 en una tercera revisi\u00f3n.<br \/>\n\n<p>Se realizaron al menos once revisiones posteriores a esa fecha. En 1960 se public\u00f3 una revisi\u00f3n elaborada por <strong>eruditos espa\u00f1oles y latinoamericanos<\/strong> que se convirti\u00f3 en la revisi\u00f3n de mayor aceptaci\u00f3n entre los lectores de habla hispana en todo el mundo.<\/p>\n\t<h1>La Reina Valera revisada<\/h1>\n<p>La <strong>Reina Valera Revisada<\/strong> fue publicada por primera vez en 1977 respetando el texto base de la Biblia Reina-Valera 1960 y conservado la belleza y cadencia de su forma castellana.<\/p>\n<p>Los revisores, un equipo de especialistas dirigidos por el <strong>Dr. Francisco Lacueva<\/strong>, optaron por seguir la versi\u00f3n original de Casiodoro Reina, que utiliza el Textus Receptus, pero se\u00f1alando entre corchetes todas aquellas palabras o porciones que no son respaldadas por los m\u00faltiples manuscritos y c\u00f3dices de mayor autoridad, <strong>descubiertos y estudiados solo hasta a\u00f1os recientes<\/strong>, algo imposible de lograr a partir de los escasos manuscritos conocidos en el siglo XVI.<\/p>\n<p>Para el texto hebreo hoy se cuenta con la alta precisi\u00f3n de la Biblia Hebraica de Kittel para el Antiguo Testamento. En cuanto al Nuevo Testamento tenemos seguridad y evidencia de que ning\u00fan documento de la antig\u00fcedad ha sido transmitido mediante manuscritos tan numerosos y tan antiguos. El n\u00famero de manuscritos aumenta constantemente y hoy se conocen m\u00e1s de 5,500.<\/p>\n\t<h1>L\u00cdNEA CRONOL\u00d3GICA<\/h1>\n<h2>Sucesos claves en la historia de la Biblia Reina-Valera<\/h2>\n\t\t\t\t\t\t\t<p><h3>1569<\/h3><\/p>\n\t\t\t\t\t\t\t<p>Publicaci\u00f3n de la traducci\u00f3n original de Casiodoro de Reina: La Biblia del Oso<\/p>\n\t\t\t\t\t\t\t<p><h3>1602<\/h3><\/p>\n\t\t\t\t\t\t\t<p>Primera revisi\u00f3n por Cipriano de Valera: Versi\u00f3n Reina-Valera<\/p>\t\t\t\t\t\t\t\t\t\t\t\t\t\n\t\t\t\t\t\t\t<p><h3>1708<\/h3><\/p>\n\t\t\t\t\t\t\t<p>Revisi\u00f3n de Sebasti\u00e1n de la Encina<\/p>\t\t\t\t\t\t\t\t\t\t\t\t\t\n\t\t\t\t\t\t\t<p><h3>1826<\/h3><\/p>\n\t\t\t\t\t\t\t<p>Se publica la Biblia Reina-Valera sin los libros Deuterocan\u00f3nicos<\/p>\t\t\t\t\t\t\t\t\t\t\t\t\t\n\t\t\t\t\t\t\t<p><h3>1831<\/h3><\/p>\n\t\t\t\t\t\t\t<p>Revisi\u00f3n ortogr\u00e1fica en el Nuevo Testamento, por la Sociedad B\u00edblica de Glasgow.<\/p>\t\t\t\t\t\t\t\t\t\t\t\t\t\n\t\t\t\t\t\t\t<p><h3>1850<\/h3><\/p>\n\t\t\t\t\t\t\t<p>Revisi\u00f3n impresa en Nueva York por la Sociedad B\u00edblica Americana.<\/p>\t\t\t\t\t\t\t\t\t\t\t\t\t\n\t\t\t\t\t\t\t<p><h3>1861<\/h3><\/p>\n\t\t\t\t\t\t\t<p>Revisi\u00f3n de la Sociedad B\u00edblica Brit\u00e1nica y Extranjera.<\/p>\t\t\t\t\t\t\t\t\t\t\t\t\t\n\t\t\t\t\t\t\t<p><h3>1865<\/h3><\/p>\n\t\t\t\t\t\t\t<p>Revisi\u00f3n a fondo realizada por \u00c1ngel de la Mora y Enrique Pratt.<\/p>\t\t\t\t\t\t\t\t\t\t\t\t\t\n\t\t\t\t\t\t\t<p><h3>1869<\/h3><\/p>\n\t\t\t\t\t\t\t<p>Revisi\u00f3n publicada por la Sociedad B\u00edblica Brit\u00e1nica y Extranjera en ocasi\u00f3n del Tercer Centenario de la versi\u00f3n original.<\/p>\t\t\t\t\t\t\t\t\t\t\t\t\t\n\t\t\t\t\t\t\t<p><h3>1882<\/h3><\/p>\n\t\t\t\t\t\t\t<p>Revisi\u00f3n impresa en Barcelona y realizada por don Jorge Lawrence, famoso misionero de Los Hermanos usando citas aclaratorias y notas textuales.<\/p>\t\t\t\t\t\t\t\t\t\t\t\t\t\n\t\t\t\t\t\t\t<p><h3>1890<\/h3><\/p>\n\t\t\t\t\t\t\t<p>Revisi\u00f3n publicada por las Sociedades B\u00edblicas.<\/p>\t\t\t\t\t\t\t\t\t\t\t\t\t\n\t\t\t\t\t\t\t<p><h3>1895<\/h3><\/p>\n\t\t\t\t\t\t\t<p>Revisi\u00f3n del obispo Juan Bautista Cabrera y el pastor Cipriano Tornos. Solo se publicaron 500 ejemplares del Antiguo Testamento.<\/p>\t\t\t\t\t\t\t\t\t\t\t\t\t\n\t\t\t\t\t\t\t<p><h3>1909<\/h3><\/p>\n\t\t\t\t\t\t\t<p>Revisi\u00f3n publicada por la Sociedad B\u00edblica.<\/p>\t\t\t\t\t\t\t\t\t\t\t\t\t\n\t\t\t\t\t\t\t<p><h3>1960<\/h3><\/p>\n\t\t\t\t\t\t\t<p>Revisi\u00f3n auspiciada por la Sociedad B\u00edblica en la cual colaboran eruditos espa\u00f1oles y latinoamericanos<\/p>\t\t\t\t\t\t\t\t\t\t\t\t\t\n\t\t\t\t\t\t\t<p><h3>1977<\/h3><\/p>\n\t\t\t\t\t\t\t<p>A\u00f1o de publicaci\u00f3n de la Reina Valera Revisada.<\/p>\t\t\t\t\t\t\t\t\t\t\t\t\t\n\t\t\t\t<img decoding=\"async\" src=\"https:\/\/staging.editorialhccp.hcusweb.com\/r\/wp-content\/uploads\/2017\/12\/01190608\/RVR-LOGO-WHITE-300x223.png\" alt=\"RVR-LOGO-WHITE\" itemprop=\"image\" title=\"RVR-LOGO-WHITE\" onerror=\"this.style.display='none'\" loading=\"lazy\" \/>\n\t\t408\n\t\t\t\t\tA\u00d1OS DE HISTORIA\n\t\t14\n\t\t\t\t\tREVISIONES COMPLETAS\n\t\t1\n\t\t\t\t\tMENSAJE\n\t<h1>Revisores<\/h1>\n\t\t\t\t<img decoding=\"async\" src=\"https:\/\/staging.editorialhccp.hcusweb.com\/r\/wp-content\/uploads\/2017\/12\/18192005\/lacueva-300x300.jpg\" alt=\"lacueva\" itemprop=\"image\" title=\"lacueva\" onerror=\"this.style.display='none'\" loading=\"lazy\" \/>\n\t<h2>Francisco Lacueva<\/h2>\n<p>Francisco Lacueva naci\u00f3; en Barcelona, Espa\u00f1a, en el a\u00f1o 1911. En esa ciudad fue ordenado como sacerdote cat\u00f3lico. Recibi\u00f3 un Doctorado en Teolog\u00eda Dogm\u00e1tica por la Universidad Pontificia de Salamanca y se convirti\u00f3 en el Can\u00f3nigo Magistral de la catedral de Tarazona. Su conversi\u00f3n al cristianismo protestante se produjo en 1961, por medio de su contacto personal con el pastor y autor Samuel Vila, fundador de la Editorial CLIE. En 1962 comenz\u00f3 a predicar en iglesias evang\u00e9licas. Se traslad\u00f3 a Inglaterra, donde se cas\u00f3 y trabaj\u00f3 en diversas organizaciones evang\u00e9licas. M\u00e1s tarde se traslad\u00f3 a Guatemala, donde fue profesor del Seminario Teol\u00f3gico de Centroam\u00e9rica, para despu\u00e9s regresar a Espa\u00f1a, donde dio clases de Instituto B\u00edblico en Galicia. Despu\u00e9s del fallecimiento de su esposa, regres\u00f3 a Inglaterra para estar cerca de sus hijas. Fue un autor prol\u00edfico y escribi\u00f3 numerosos libros que fueron publicados por la Editorial CLIE.<\/p>\n\t<h2>Samuel Vila-Ventura<\/h2>\n<p>Samuel Vila (1902-1992), naci\u00f3 cerca de Barcelona, Espa\u00f1a, hijo de padres evang\u00e9licos. Resuelto desde temprana edad a entrar en el ministerio cristiano, estudi\u00f3 teolog\u00eda en un seminario bautistas del Sur en Barcelona, y edit\u00f3 una revista cristiana. En 1924 fund\u00f3 una iglesia evang\u00e9lica en Terrassa y otra en Manresa en 1933. Durante la Guerra Civil Espa\u00f1ola de 1936 a 1939, vivi\u00f3 en el exilio, pero regres\u00f3 en 1939 y particip\u00f3 en la defensa de la libertad religiosa en medio de la opresi\u00f3n y las persecuciones que se produjeron durante los primeros a\u00f1os del r\u00e9gimen de Franco. Vila fue un prol\u00edfico autor que escribi\u00f3 45 libros propios y tradujo al espa\u00f1ol 193 obras escritas en otros idiomas. Sus operaciones clandestinas de impresi\u00f3n durante sus a\u00f1os iniciales se desarrollaron hasta convertirse en lo que hoy es la Editorial CLIE.<\/p>\n\t\t\t\t<img decoding=\"async\" src=\"https:\/\/staging.editorialhccp.hcusweb.com\/r\/wp-content\/uploads\/2017\/12\/18192613\/vila1.jpg\" alt=\"vila1\" itemprop=\"image\" title=\"vila1\" onerror=\"this.style.display='none'\" loading=\"lazy\" \/>\n\t\t\t\t<img decoding=\"async\" src=\"https:\/\/staging.editorialhccp.hcusweb.com\/r\/wp-content\/uploads\/2018\/03\/09185450\/eliseo-2.jpg\" alt=\"eliseo-2\" itemprop=\"image\" title=\"eliseo-2\" onerror=\"this.style.display='none'\" loading=\"lazy\" \/>\n\t<h2>Eliseo Vila Vila<\/h2>\n<p>Eliseo Vila Vila es un economista, periodista, escritor y te\u00f3logo nacido en Terrassa (Barcelona) Espa\u00f1a, el 3 de julio de 1944, hijo de Samuel y Lidia Vila, fundadores de la Editorial CLIE, de la cual es Presidente en la actualidad. Como te\u00f3logo ha llevado a cabo y contin\u00faa realizando una importante labor docente interdenominacional entre pastores y estudiantes de teolog\u00eda en el continente americano impartiendo clases, conferencias y seminarios en las principales instituciones teol\u00f3gicas, asociaciones ministeriales e iglesias en todos los pa\u00edses de Latinoam\u00e9rica. Es ampliamente conocido por sus intervenciones en numerosos programas de Radio y TV. Miembro en activo de la Comisi\u00f3n Permanente de la Federaci\u00f3n de Entidades Religiosas Evang\u00e9licas de Espa\u00f1a. Ha participado como conferenciante invitado en numerosos actos y eventos de car\u00e1cter interconfesional. Es autor de los libros La defensa de una fe; La biblioteca pastoral, y Las obras de referencia y consulta: su utilidad y manejo con m\u00e1s de ciento cincuenta mil ejemplares en circulaci\u00f3n. Actualmente esta dedicado a completar una traducci\u00f3n adaptaci\u00f3n al espa\u00f1ol de la obra cumbre de C. H. Spurgeon \u00abEL TESORO DE DAVID\u00bb un comentario al mensaje completo de la Biblia a trav\u00e9s de los salmos.<\/p>\n\n","protected":false},"excerpt":{"rendered":"<p>HERENCIA E HISTORIA Conozca como la RVR lleg\u00f3 a preservar la belleza y cadencia del texto original de Reina pero utilizando un espa\u00f1ol actualizado y resaltando las variantes textuales conocidas hoy en d\u00eda. SUS INICIOS Y REVISIONES La Biblia de Casiodoro de Reina La Biblia de Casiodoro de Reina fue la primera traducci\u00f3n completa de [&hellip;]<\/p>\n","protected":false},"author":0,"featured_media":0,"parent":0,"menu_order":0,"comment_status":"closed","ping_status":"closed","template":"","meta":{"_acf_changed":false,"footnotes":""},"class_list":["post-569","page","type-page","status-publish","hentry"],"acf":[],"yoast_head":"<!-- This site is optimized with the Yoast SEO Premium plugin v27.3 (Yoast SEO v27.4) - https:\/\/yoast.com\/product\/yoast-seo-premium-wordpress\/ -->\n<title>RVR Historia y Herencia - Marketing Pages<\/title>\n<meta name=\"robots\" content=\"index, follow, max-snippet:-1, max-image-preview:large, max-video-preview:-1\" \/>\n<link rel=\"canonical\" href=\"https:\/\/staging.editorialhccp.hcusweb.com\/r\/biblia-rvr__trashed\/historia\/\" \/>\n<meta property=\"og:locale\" content=\"en_US\" \/>\n<meta property=\"og:type\" content=\"article\" \/>\n<meta property=\"og:title\" content=\"RVR Historia y Herencia\" \/>\n<meta property=\"og:description\" content=\"HERENCIA E HISTORIA Conozca como la RVR lleg\u00f3 a preservar la belleza y cadencia del texto original de Reina pero utilizando un espa\u00f1ol actualizado y resaltando las variantes textuales conocidas hoy en d\u00eda. SUS INICIOS Y REVISIONES La Biblia de Casiodoro de Reina La Biblia de Casiodoro de Reina fue la primera traducci\u00f3n completa de [&hellip;]\" \/>\n<meta property=\"og:url\" content=\"https:\/\/staging.editorialhccp.hcusweb.com\/r\/biblia-rvr__trashed\/historia\/\" \/>\n<meta property=\"og:site_name\" content=\"Marketing Pages\" \/>\n<meta property=\"article:modified_time\" content=\"2025-12-15T19:06:49+00:00\" \/>\n<meta name=\"twitter:card\" content=\"summary_large_image\" \/>\n<meta name=\"twitter:label1\" content=\"Est. reading time\" \/>\n\t<meta name=\"twitter:data1\" content=\"6 minutes\" \/>\n<script type=\"application\/ld+json\" class=\"yoast-schema-graph\">{\"@context\":\"https:\\\/\\\/schema.org\",\"@graph\":[{\"@type\":\"WebPage\",\"@id\":\"https:\\\/\\\/staging.editorialhccp.hcusweb.com\\\/r\\\/biblia-rvr__trashed\\\/historia\\\/\",\"url\":\"https:\\\/\\\/staging.editorialhccp.hcusweb.com\\\/r\\\/biblia-rvr__trashed\\\/historia\\\/\",\"name\":\"RVR Historia y Herencia - Marketing Pages\",\"isPartOf\":{\"@id\":\"https:\\\/\\\/staging.editorialhccp.hcusweb.com\\\/r\\\/#website\"},\"datePublished\":\"2017-12-22T16:38:36+00:00\",\"dateModified\":\"2025-12-15T19:06:49+00:00\",\"breadcrumb\":{\"@id\":\"https:\\\/\\\/staging.editorialhccp.hcusweb.com\\\/r\\\/biblia-rvr__trashed\\\/historia\\\/#breadcrumb\"},\"inLanguage\":\"en-US\",\"potentialAction\":[{\"@type\":\"ReadAction\",\"target\":[\"https:\\\/\\\/staging.editorialhccp.hcusweb.com\\\/r\\\/biblia-rvr__trashed\\\/historia\\\/\"]}]},{\"@type\":\"BreadcrumbList\",\"@id\":\"https:\\\/\\\/staging.editorialhccp.hcusweb.com\\\/r\\\/biblia-rvr__trashed\\\/historia\\\/#breadcrumb\",\"itemListElement\":[{\"@type\":\"ListItem\",\"position\":1,\"name\":\"Home\",\"item\":\"https:\\\/\\\/staging.editorialhccp.hcusweb.com\\\/r\\\/\"},{\"@type\":\"ListItem\",\"position\":2,\"name\":\"RVR Historia y Herencia\"}]},{\"@type\":\"WebSite\",\"@id\":\"https:\\\/\\\/staging.editorialhccp.hcusweb.com\\\/r\\\/#website\",\"url\":\"https:\\\/\\\/staging.editorialhccp.hcusweb.com\\\/r\\\/\",\"name\":\"Marketing Pages\",\"description\":\"\",\"potentialAction\":[{\"@type\":\"SearchAction\",\"target\":{\"@type\":\"EntryPoint\",\"urlTemplate\":\"https:\\\/\\\/staging.editorialhccp.hcusweb.com\\\/r\\\/?s={search_term_string}\"},\"query-input\":{\"@type\":\"PropertyValueSpecification\",\"valueRequired\":true,\"valueName\":\"search_term_string\"}}],\"inLanguage\":\"en-US\"}]}<\/script>\n<!-- \/ Yoast SEO Premium plugin. -->","yoast_head_json":{"title":"RVR Historia y Herencia - Marketing Pages","robots":{"index":"index","follow":"follow","max-snippet":"max-snippet:-1","max-image-preview":"max-image-preview:large","max-video-preview":"max-video-preview:-1"},"canonical":"https:\/\/staging.editorialhccp.hcusweb.com\/r\/biblia-rvr__trashed\/historia\/","og_locale":"en_US","og_type":"article","og_title":"RVR Historia y Herencia","og_description":"HERENCIA E HISTORIA Conozca como la RVR lleg\u00f3 a preservar la belleza y cadencia del texto original de Reina pero utilizando un espa\u00f1ol actualizado y resaltando las variantes textuales conocidas hoy en d\u00eda. SUS INICIOS Y REVISIONES La Biblia de Casiodoro de Reina La Biblia de Casiodoro de Reina fue la primera traducci\u00f3n completa de [&hellip;]","og_url":"https:\/\/staging.editorialhccp.hcusweb.com\/r\/biblia-rvr__trashed\/historia\/","og_site_name":"Marketing Pages","article_modified_time":"2025-12-15T19:06:49+00:00","twitter_card":"summary_large_image","twitter_misc":{"Est. reading time":"6 minutes"},"schema":{"@context":"https:\/\/schema.org","@graph":[{"@type":"WebPage","@id":"https:\/\/staging.editorialhccp.hcusweb.com\/r\/biblia-rvr__trashed\/historia\/","url":"https:\/\/staging.editorialhccp.hcusweb.com\/r\/biblia-rvr__trashed\/historia\/","name":"RVR Historia y Herencia - Marketing Pages","isPartOf":{"@id":"https:\/\/staging.editorialhccp.hcusweb.com\/r\/#website"},"datePublished":"2017-12-22T16:38:36+00:00","dateModified":"2025-12-15T19:06:49+00:00","breadcrumb":{"@id":"https:\/\/staging.editorialhccp.hcusweb.com\/r\/biblia-rvr__trashed\/historia\/#breadcrumb"},"inLanguage":"en-US","potentialAction":[{"@type":"ReadAction","target":["https:\/\/staging.editorialhccp.hcusweb.com\/r\/biblia-rvr__trashed\/historia\/"]}]},{"@type":"BreadcrumbList","@id":"https:\/\/staging.editorialhccp.hcusweb.com\/r\/biblia-rvr__trashed\/historia\/#breadcrumb","itemListElement":[{"@type":"ListItem","position":1,"name":"Home","item":"https:\/\/staging.editorialhccp.hcusweb.com\/r\/"},{"@type":"ListItem","position":2,"name":"RVR Historia y Herencia"}]},{"@type":"WebSite","@id":"https:\/\/staging.editorialhccp.hcusweb.com\/r\/#website","url":"https:\/\/staging.editorialhccp.hcusweb.com\/r\/","name":"Marketing Pages","description":"","potentialAction":[{"@type":"SearchAction","target":{"@type":"EntryPoint","urlTemplate":"https:\/\/staging.editorialhccp.hcusweb.com\/r\/?s={search_term_string}"},"query-input":{"@type":"PropertyValueSpecification","valueRequired":true,"valueName":"search_term_string"}}],"inLanguage":"en-US"}]}},"_links":{"self":[{"href":"https:\/\/staging.editorialhccp.hcusweb.com\/r\/wp-json\/wp\/v2\/pages\/569","targetHints":{"allow":["GET"]}}],"collection":[{"href":"https:\/\/staging.editorialhccp.hcusweb.com\/r\/wp-json\/wp\/v2\/pages"}],"about":[{"href":"https:\/\/staging.editorialhccp.hcusweb.com\/r\/wp-json\/wp\/v2\/types\/page"}],"replies":[{"embeddable":true,"href":"https:\/\/staging.editorialhccp.hcusweb.com\/r\/wp-json\/wp\/v2\/comments?post=569"}],"version-history":[{"count":6,"href":"https:\/\/staging.editorialhccp.hcusweb.com\/r\/wp-json\/wp\/v2\/pages\/569\/revisions"}],"predecessor-version":[{"id":18643,"href":"https:\/\/staging.editorialhccp.hcusweb.com\/r\/wp-json\/wp\/v2\/pages\/569\/revisions\/18643"}],"wp:attachment":[{"href":"https:\/\/staging.editorialhccp.hcusweb.com\/r\/wp-json\/wp\/v2\/media?parent=569"}],"curies":[{"name":"wp","href":"https:\/\/api.w.org\/{rel}","templated":true}]}}