{"id":5788,"date":"2020-09-01T15:06:03","date_gmt":"2020-09-01T15:06:03","guid":{"rendered":"http:\/\/www.editorialhccp.com\/r\/?page_id=5788"},"modified":"2020-09-01T15:06:03","modified_gmt":"2020-09-01T15:06:03","slug":"john-macarthur-libros-y-biblias","status":"publish","type":"page","link":"https:\/\/staging.editorialhccp.hcusweb.com\/r\/john-macarthur-libros-y-biblias\/","title":{"rendered":"John MacArthur Libros y Biblias"},"content":{"rendered":"\n<h1>\n\t\tJohn MacArthur\n\t<\/h1>\n\t\t\t<img decoding=\"async\" loading='false' src=\"\/r\/wp-content\/uploads\/sites\/5\/2022\/11\/biblia-macArthur-con-especificaciones.jpg\" alt=\"\" \/><a href=https:\/\/staging.editorialhccp.hcusweb.com\/9780829772104\/rvr1960-biblia-de-estudio-macarthur-letra-grande-leathersoft-cafe-con-cierre-con-indice\/ target=\"_blank\" aria-label=\"\" rel=\"noopener\"><\/a>\t\t\t\n\t\t\t<img decoding=\"async\" loading='false' src=\"\/r\/wp-content\/uploads\/sites\/5\/2022\/06\/jesusaldescubierto.jpg\" alt=\"Jes\u00fas al descubierto John MacArthur\" \/>\t\t\t\n\t\t\t\t<a href=\"#\" aria-label=\"previous\" role=\"button\">\n<\/a>\n\t\t\t\t<a href=\"#\" aria-label=\"next\" role=\"button\">\n<\/a>\n<h2>\n\t\tJES\u00daS AL DESCUBIERTO\n\t<\/h2>\n\t<p><strong>\u00bfTienes idea de qui\u00e9n es realmente Jes\u00fas?<\/strong><\/p>\n<p>&nbsp;<\/p>\n\t<p>\u00abLo que pienses de Jesucristo influir\u00e1 a fondo en c\u00f3mo piensas sobre todo lo dem\u00e1s\u00bb &#8211; John MacArthur.<\/p>\n<p>Esta es una verdad fundamental en la vida de todo creyente. Tu visi\u00f3n de Jes\u00fas afecta la forma en que ves a Dios, al mundo y cada una de tus decisiones.<\/p>\n<p><strong>\u00a0<\/strong><strong>Camina a trav\u00e9s de los registros de los Evangelios de las \u00abconfrontaciones audaces\u00bb de Jes\u00fas y <\/strong><strong>descubre c\u00f3mo usar tu conocimiento reci\u00e9n descubierto de la persona de Jes\u00fas para defender la <\/strong><strong>verdad b\u00edblica de la fe cristiana.<\/strong><\/p>\n\t\t\t<a href=\"#muestragratis\" target=\"_self\" role=\"button\" rel=\"noopener\">\n\t\t\t\t\t\t\t\u00a1QUIERO EL LIBRO AHORA!\n\t\t\t\t\t<\/a>\n\t<p>Resumido de su cl\u00e1sico <em>best seller<\/em>, <em>El Jes\u00fas que no puedes ignorar<\/em>, <em>Jes\u00fas al descubierto <\/em>hace un recorrido revelador por los registros de los Evangelios. Como un periodista de investigaci\u00f3n en una misi\u00f3n, el autor y maestro <strong>John MacArthur<\/strong> le muestra una imagen notable y convincente de<em> Jes\u00fas al descubierto<\/em>.<\/p>\n<h2>\n\t\tUna visi\u00f3n nueva sobre las confrontaciones audaces de Cristo y por qu\u00e9 importan\n\t<\/h2>\n<h2>\n\t\t<a href=https:\/\/staging.editorialhccp.hcusweb.com\/9781602550452\/una-vida-perfecta title=\"JOHN MACARTHUR\" target=\"_blank\" rel=\"noopener\">\n\t\tJOHN MACARTHUR\n\t\t<\/a>\n\t<\/h2>\n\t<p>En estos d\u00edas, a menudo se presenta a Jes\u00fas como un pacifista, un fil\u00e1ntropo o un maestro d\u00f3cil. Adopta una pose pl\u00e1stica, y a veces pat\u00e9tica, en la mente de muchos. Algunos prefieren al manso y apacible Jes\u00fas que sana a los enfermos, calma los temores y habla de paz y buena voluntad. Estas cosas representan una fase del Mes\u00edas. Pero, tr\u00e1gicamente, demasiadas personas nunca han estado expuestas a la totalidad de qui\u00e9n es \u00e9l. Nunca han tenido una vista completa de 360 grados del Salvador. Su audacia frente a la confrontaci\u00f3n y por qu\u00e9 eso importa. Hasta ahora.<\/p>\n\t\t\t<a href=\"#tiendas\" target=\"_self\" role=\"button\" rel=\"noopener\">\n\t\t\t\t\t\t\t\u00a1COMPRAR AHORA!\n\t\t\t\t\t<\/a>\n\t<h4>Obt\u00e9n en libro <strong>en<\/strong>:<\/h4>\n\t\t\t\t<a href=\"http:\/\/aps.harpercollins.com\/gruponelson?isbn=9781400233151&amp;retailer=amazon&amp;locale=US\" target=\"_blank\" rel=\"noopener\">\n\t\t\t\t<img loading=\"lazy\" decoding=\"async\" src=\"\/r\/wp-content\/uploads\/sites\/5\/2020\/10\/Amazon-logo.png\" alt=\"Amazon-logo\" height=\"300\" width=\"600\" title=\"Amazon-logo\" \/>\n\t\t\t\t<\/a>\n\t\t\t\t<a href=\"http:\/\/aps.harpercollins.com\/gruponelson?isbn=9781400233151&amp;retailer=apple&amp;locale=US\" target=\"_blank\" rel=\"noopener\">\n\t\t\t\t<img loading=\"lazy\" decoding=\"async\" src=\"\/r\/wp-content\/uploads\/sites\/5\/2020\/10\/Apple-Books-logo.png\" alt=\"Apple Books-logo\" height=\"300\" width=\"600\" title=\"Apple Books-logo\" \/>\n\t\t\t\t<\/a>\n\t\t\t\t<a href=\"http:\/\/aps.harpercollins.com\/gruponelson?isbn=9781400233151&amp;retailer=barnesandnoble&amp;locale=US\" target=\"_blank\" rel=\"noopener\">\n\t\t\t\t<img loading=\"lazy\" decoding=\"async\" src=\"\/r\/wp-content\/uploads\/sites\/5\/2020\/10\/barnes-noble-logo.png\" alt=\"barnes-noble-logo\" height=\"300\" width=\"600\" title=\"barnes-noble-logo\" \/>\n\t\t\t\t<\/a>\n\t\t\t\t<a href=\"http:\/\/aps.harpercollins.com\/gruponelson?isbn=9781400233151&amp;retailer=booksamillion&amp;locale=US\" target=\"_blank\" rel=\"noopener\">\n\t\t\t\t<img loading=\"lazy\" decoding=\"async\" src=\"\/r\/wp-content\/uploads\/sites\/5\/2020\/10\/Bam-logo.png\" alt=\"Bam-logo\" height=\"300\" width=\"600\" title=\"Bam-logo\" \/>\n\t\t\t\t<\/a>\n\t\t\t\t<a href=\"http:\/\/aps.harpercollins.com\/gruponelson?isbn=9781400233151&amp;retailer=bookshop&amp;locale=US\" target=\"_blank\" rel=\"noopener\">\n\t\t\t\t<img loading=\"lazy\" decoding=\"async\" src=\"\/r\/wp-content\/uploads\/sites\/5\/2020\/10\/bookshop-logo.png\" alt=\"bookshop-logo\" height=\"300\" width=\"600\" title=\"bookshop-logo\" \/>\n\t\t\t\t<\/a>\n\t\t\t\t<a href=\"http:\/\/aps.harpercollins.com\/gruponelson?isbn=9781400233151&amp;retailer=christianbooks&amp;locale=US\" target=\"_blank\" rel=\"noopener\">\n\t\t\t\t<img loading=\"lazy\" decoding=\"async\" src=\"\/r\/wp-content\/uploads\/sites\/5\/2020\/10\/biblegateway-logo.png\" alt=\"biblegateway-logo\" height=\"300\" width=\"600\" title=\"biblegateway-logo\" \/>\n\t\t\t\t<\/a>\n\t\t\t\t<a href=\"http:\/\/aps.harpercollins.com\/gruponelson?isbn=9781400233151&amp;retailer=googleplay&amp;locale=US\" target=\"_blank\" rel=\"noopener\">\n\t\t\t\t<img loading=\"lazy\" decoding=\"async\" src=\"\/r\/wp-content\/uploads\/sites\/5\/2020\/10\/Google-Play-logo.png\" alt=\"Google Play-logo\" height=\"300\" width=\"600\" title=\"Google Play-logo\" \/>\n\t\t\t\t<\/a>\n\t\t\t\t<a href=\"http:\/\/aps.harpercollins.com\/gruponelson?isbn=9781400233151&amp;retailer=indiebound&amp;locale=US\" target=\"_blank\" rel=\"noopener\">\n\t\t\t\t<img loading=\"lazy\" decoding=\"async\" src=\"\/r\/wp-content\/uploads\/sites\/5\/2020\/10\/Indi-Bound-logo.png\" alt=\"Indi Bound-logo\" height=\"300\" width=\"600\" title=\"Indi Bound-logo\" \/>\n\t\t\t\t<\/a>\n\t<p>\u00bfEn otro pa\u00eds?<\/p>\n\t<nav aria-label=\"BuscadorTiendas\">\n\t\t<ul id=\"menu-buscadortiendas\"><li id=\"menu-item-5287\"><a href=\"#\" role=\"link\">Selecciona tu pa\u00eds<\/a><ul>\t<li id=\"menu-item-11922\"><a href=https:\/\/staging.editorialhccp.hcusweb.com\/distribuidores-argentina\/ role=\"link\">Argentina<\/a><\/li>\t<li id=\"menu-item-11923\"><a href=https:\/\/staging.editorialhccp.hcusweb.com\/distribuidores-bolivia\/ role=\"link\">Bolivia<\/a><\/li>\t<li id=\"menu-item-11924\"><a href=https:\/\/staging.editorialhccp.hcusweb.com\/distribuidores-canada\/ role=\"link\">Canad\u00e1<\/a><\/li>\t<li id=\"menu-item-11925\"><a href=https:\/\/staging.editorialhccp.hcusweb.com\/distribuidores-chile\/ role=\"link\">Chile<\/a><\/li>\t<li id=\"menu-item-11926\"><a href=https:\/\/staging.editorialhccp.hcusweb.com\/distribuidores-colombia\/ role=\"link\">Colombia<\/a><\/li>\t<li id=\"menu-item-11927\"><a href=https:\/\/staging.editorialhccp.hcusweb.com\/distribuidores-costa-rica\/ role=\"link\">Costa Rica<\/a><\/li>\t<li id=\"menu-item-11928\"><a href=https:\/\/staging.editorialhccp.hcusweb.com\/distribuidores-ecuador\/ role=\"link\">Ecuador<\/a><\/li>\t<li id=\"menu-item-11929\"><a href=https:\/\/staging.editorialhccp.hcusweb.com\/distribuidores-el-salvador\/ role=\"link\">El Salvador<\/a><\/li>\t<li id=\"menu-item-11930\"><a href=https:\/\/staging.editorialhccp.hcusweb.com\/distribuidores-espana\/ role=\"link\">Espa\u00f1a<\/a><\/li>\t<li id=\"menu-item-11931\"><a href=https:\/\/staging.editorialhccp.hcusweb.com\/distribuidores-estados-unidos\/ role=\"link\">Estados Unidos<\/a><\/li>\t<li id=\"menu-item-11932\"><a href=https:\/\/staging.editorialhccp.hcusweb.com\/distribuidores-guatemala\/ role=\"link\">Guatemala<\/a><\/li>\t<li id=\"menu-item-11945\"><a href=https:\/\/staging.editorialhccp.hcusweb.com\/distribuidores-honduras\/ role=\"link\">Honduras<\/a><\/li>\t<li id=\"menu-item-11934\"><a href=https:\/\/staging.editorialhccp.hcusweb.com\/distribuidores-mexico\/ role=\"link\">M\u00e9xico<\/a><\/li>\t<li id=\"menu-item-11935\"><a href=https:\/\/staging.editorialhccp.hcusweb.com\/distribuidores-nicaragua\/ role=\"link\">Nicaragua<\/a><\/li>\t<li id=\"menu-item-11936\"><a href=https:\/\/staging.editorialhccp.hcusweb.com\/distribuidores-panama\/ role=\"link\">Panam\u00e1<\/a><\/li>\t<li id=\"menu-item-11937\"><a href=https:\/\/staging.editorialhccp.hcusweb.com\/distribuidores-paraguay\/ role=\"link\">Paraguay<\/a><\/li>\t<li id=\"menu-item-11938\"><a href=https:\/\/staging.editorialhccp.hcusweb.com\/distribuidores-peru\/ role=\"link\">Per\u00fa<\/a><\/li>\t<li id=\"menu-item-11939\"><a href=https:\/\/staging.editorialhccp.hcusweb.com\/distribuidores-puerto-rico\/ role=\"link\">Puerto Rico<\/a><\/li>\t<li id=\"menu-item-11940\"><a href=https:\/\/staging.editorialhccp.hcusweb.com\/distribuidores-republica-dominicana\/ role=\"link\">Rep\u00fablica Dominicana<\/a><\/li>\t<li id=\"menu-item-11941\"><a href=https:\/\/staging.editorialhccp.hcusweb.com\/distribuidores-uruguay\/ role=\"link\">Uruguay<\/a><\/li>\t<li id=\"menu-item-11942\"><a href=https:\/\/staging.editorialhccp.hcusweb.com\/distribuidores-venezuela\/ role=\"link\">Venezuela<\/a><\/li><\/ul><\/li><\/ul>\n\t\t\t<\/nav>\n<h2>\n\t\tLibros\n\t<\/h2>\n\t[supapress id=&#8221;5791&#8243; title=&#8221;MacArthur&#8221;]\n<h2>\n\t\tEl texto \u00edntegro de la Nueva Biblia de las Am\u00e9ricas retiene de manera precisa el significado de los idiomas originales, al mismo tiempo que provee claridad y legibilidad \u00fanicas.\n\t<\/h2>\n<h2>\n\t\tNBLA BIBLIA DE ESTUDIO MACARTHUR\n\t<\/h2>\n\t<p><strong>NBLA Biblia de Estudio MacArthur<\/strong>, la Biblia de Estudio m\u00e1s exhaustiva disponible al d\u00eda de hoy en la en la traducci\u00f3n moderna m\u00e1s literal en espa\u00f1ol: la Nueva Biblia de las Am\u00e9ricas (NBLA).<\/p>\n<p>Es ideal para el estudio serio de la Palabra. Dr. John MacArthur reuni\u00f3 en un solo volumen todo su trabajo pastoral y erudici\u00f3n de m\u00e1s de 35 a\u00f1os para crear la Biblia de Estudio m\u00e1s exhaustiva disponible hoy en d\u00eda.<\/p>\n<p>En ninguna otra Biblia de Estudio se puede encontrar una profundidad similar y que explique el contexto hist\u00f3rico, explicando el significado del texto, y expres\u00e1ndolo de manera pr\u00e1ctica para la vida del lector.<\/p>\n<h2>\n\t\tRespetando el mismo vocabulario, la gram\u00e1tica y la estructura de los originales, la Nueva Biblia de las Am\u00e9ricas es la traducci\u00f3n moderna m\u00e1s literal disponible en espa\u00f1ol latinoamericano.\n\t<\/h2>\n<h2>\n\t\tCARACTER\u00cdSTICAS\n\t<\/h2>\n<h2>\n\t\tDESCARGA MUESTRA GRATIS\n\t<\/h2>\n\t\n<label>Nombre:<br \/>\n<\/label><label for=\"email\">Correo electr\u00f3nico:<\/label><br \/><br \/>\n\n\n\n\n\n\n\n\t<p>Al proporcionarnos su direcci\u00f3n de correo electr\u00f3nico usted tambi\u00e9n nos indica que est\u00e1 consciente de que recibir\u00e1 comunicados por este mismo medio de parte de HarperCollins Christian Publishing\u00a0(501 Nelson Place, Nashville, TN 37214 USA) con informaci\u00f3n acerca de productos y servicios tanto de HCCP como de sus afiliados.\u00a0Usted puede darse de baja de esta lista de env\u00edo de comunicados en\u00a0cualquier momento.\u00a0Si tiene alguna pregunta, por favor consulte nuestra Pol\u00edtica de Privacidad o env\u00ede un correo electr\u00f3nico a yourprivacy@harpercollins.com.<\/p>\n\t\t\t\t<img loading=\"lazy\" decoding=\"async\" src=\"\/r\/wp-content\/uploads\/sites\/5\/2020\/09\/vida-logo-black.png\" alt=\"vida logo black\" height=\"241\" width=\"514\" title=\"vida logo black\" \/>\n\t\t\t\t<img loading=\"lazy\" decoding=\"async\" src=\"\/r\/wp-content\/uploads\/sites\/5\/2020\/09\/NBLA-Logo-Black.png\" alt=\"NBLA Logo Black\" height=\"287\" width=\"852\" title=\"NBLA Logo Black\" \/>\n\t\t\t\t<img loading=\"lazy\" decoding=\"async\" src=\"\/r\/wp-content\/uploads\/sites\/5\/2020\/09\/rvr60_logo.png\" alt=\"rvr60_logo\" height=\"700\" width=\"938\" title=\"rvr60_logo\" \/>\n\tCopyright \u00a9 2021 HarperCollins Publishers. All Rights Reserved. <a href=\"http:\/\/www.harpercollinschristian.com\/privacy\/\" target=\"_blank\" rel=\"noopener\"><br \/>\nPrivacy Policy.<\/a> <a href=\"http:\/\/www.harpercollinschristian.com\/terms\/\" target=\"_blank\" rel=\"noopener\"> Terms of Use<\/a>\n\n","protected":false},"excerpt":{"rendered":"<p>John MacArthur JES\u00daS AL DESCUBIERTO \u00bfTienes idea de qui\u00e9n es realmente Jes\u00fas? &nbsp; \u00abLo que pienses de Jesucristo influir\u00e1 a fondo en c\u00f3mo piensas sobre todo lo dem\u00e1s\u00bb &#8211; John MacArthur. Esta es una verdad fundamental en la vida de todo creyente. Tu visi\u00f3n de Jes\u00fas afecta la forma en que ves a Dios, al [&hellip;]<\/p>\n","protected":false},"author":0,"featured_media":12054,"parent":0,"menu_order":0,"comment_status":"closed","ping_status":"closed","template":"","meta":{"_acf_changed":false,"footnotes":""},"class_list":["post-5788","page","type-page","status-publish","has-post-thumbnail","hentry"],"acf":[],"yoast_head":"<!-- This site is optimized with the Yoast SEO Premium plugin v27.3 (Yoast SEO v27.4) - https:\/\/yoast.com\/product\/yoast-seo-premium-wordpress\/ -->\n<title>John MacArthur Libros y Biblias - Marketing Pages<\/title>\n<meta name=\"robots\" content=\"index, follow, max-snippet:-1, max-image-preview:large, max-video-preview:-1\" \/>\n<link rel=\"canonical\" href=\"https:\/\/staging.editorialhccp.hcusweb.com\/r\/john-macarthur-libros-y-biblias\/\" \/>\n<meta property=\"og:locale\" content=\"en_US\" \/>\n<meta property=\"og:type\" content=\"article\" \/>\n<meta property=\"og:title\" content=\"John MacArthur Libros y Biblias\" \/>\n<meta property=\"og:description\" content=\"John MacArthur JES\u00daS AL DESCUBIERTO \u00bfTienes idea de qui\u00e9n es realmente Jes\u00fas? &nbsp; \u00abLo que pienses de Jesucristo influir\u00e1 a fondo en c\u00f3mo piensas sobre todo lo dem\u00e1s\u00bb &#8211; John MacArthur. Esta es una verdad fundamental en la vida de todo creyente. Tu visi\u00f3n de Jes\u00fas afecta la forma en que ves a Dios, al [&hellip;]\" \/>\n<meta property=\"og:url\" content=\"https:\/\/staging.editorialhccp.hcusweb.com\/r\/john-macarthur-libros-y-biblias\/\" \/>\n<meta property=\"og:site_name\" content=\"Marketing Pages\" \/>\n<meta property=\"og:image\" content=\"https:\/\/staging.editorialhccp.hcusweb.com\/r\/wp-content\/uploads\/sites\/5\/2022\/11\/Biblia-MacArthur-RVR1960.png\" \/>\n\t<meta property=\"og:image:width\" content=\"934\" \/>\n\t<meta property=\"og:image:height\" content=\"924\" \/>\n\t<meta property=\"og:image:type\" content=\"image\/png\" \/>\n<meta name=\"twitter:card\" content=\"summary_large_image\" \/>\n<meta name=\"twitter:label1\" content=\"Est. reading time\" \/>\n\t<meta name=\"twitter:data1\" content=\"6 minutes\" \/>\n<script type=\"application\/ld+json\" class=\"yoast-schema-graph\">{\"@context\":\"https:\\\/\\\/schema.org\",\"@graph\":[{\"@type\":\"WebPage\",\"@id\":\"https:\\\/\\\/staging.editorialhccp.hcusweb.com\\\/r\\\/john-macarthur-libros-y-biblias\\\/\",\"url\":\"https:\\\/\\\/staging.editorialhccp.hcusweb.com\\\/r\\\/john-macarthur-libros-y-biblias\\\/\",\"name\":\"John MacArthur Libros y Biblias - Marketing Pages\",\"isPartOf\":{\"@id\":\"https:\\\/\\\/staging.editorialhccp.hcusweb.com\\\/r\\\/#website\"},\"primaryImageOfPage\":{\"@id\":\"https:\\\/\\\/staging.editorialhccp.hcusweb.com\\\/r\\\/john-macarthur-libros-y-biblias\\\/#primaryimage\"},\"image\":{\"@id\":\"https:\\\/\\\/staging.editorialhccp.hcusweb.com\\\/r\\\/john-macarthur-libros-y-biblias\\\/#primaryimage\"},\"thumbnailUrl\":\"https:\\\/\\\/staging.editorialhccp.hcusweb.com\\\/r\\\/wp-content\\\/uploads\\\/sites\\\/5\\\/2022\\\/11\\\/Biblia-MacArthur-RVR1960.png\",\"datePublished\":\"2020-09-01T15:06:03+00:00\",\"breadcrumb\":{\"@id\":\"https:\\\/\\\/staging.editorialhccp.hcusweb.com\\\/r\\\/john-macarthur-libros-y-biblias\\\/#breadcrumb\"},\"inLanguage\":\"en-US\",\"potentialAction\":[{\"@type\":\"ReadAction\",\"target\":[\"https:\\\/\\\/staging.editorialhccp.hcusweb.com\\\/r\\\/john-macarthur-libros-y-biblias\\\/\"]}]},{\"@type\":\"ImageObject\",\"inLanguage\":\"en-US\",\"@id\":\"https:\\\/\\\/staging.editorialhccp.hcusweb.com\\\/r\\\/john-macarthur-libros-y-biblias\\\/#primaryimage\",\"url\":\"https:\\\/\\\/staging.editorialhccp.hcusweb.com\\\/r\\\/wp-content\\\/uploads\\\/sites\\\/5\\\/2022\\\/11\\\/Biblia-MacArthur-RVR1960.png\",\"contentUrl\":\"https:\\\/\\\/staging.editorialhccp.hcusweb.com\\\/r\\\/wp-content\\\/uploads\\\/sites\\\/5\\\/2022\\\/11\\\/Biblia-MacArthur-RVR1960.png\",\"width\":934,\"height\":924},{\"@type\":\"BreadcrumbList\",\"@id\":\"https:\\\/\\\/staging.editorialhccp.hcusweb.com\\\/r\\\/john-macarthur-libros-y-biblias\\\/#breadcrumb\",\"itemListElement\":[{\"@type\":\"ListItem\",\"position\":1,\"name\":\"Home\",\"item\":\"https:\\\/\\\/staging.editorialhccp.hcusweb.com\\\/r\\\/\"},{\"@type\":\"ListItem\",\"position\":2,\"name\":\"John MacArthur Libros y Biblias\"}]},{\"@type\":\"WebSite\",\"@id\":\"https:\\\/\\\/staging.editorialhccp.hcusweb.com\\\/r\\\/#website\",\"url\":\"https:\\\/\\\/staging.editorialhccp.hcusweb.com\\\/r\\\/\",\"name\":\"Marketing Pages\",\"description\":\"\",\"potentialAction\":[{\"@type\":\"SearchAction\",\"target\":{\"@type\":\"EntryPoint\",\"urlTemplate\":\"https:\\\/\\\/staging.editorialhccp.hcusweb.com\\\/r\\\/?s={search_term_string}\"},\"query-input\":{\"@type\":\"PropertyValueSpecification\",\"valueRequired\":true,\"valueName\":\"search_term_string\"}}],\"inLanguage\":\"en-US\"}]}<\/script>\n<!-- \/ Yoast SEO Premium plugin. -->","yoast_head_json":{"title":"John MacArthur Libros y Biblias - Marketing Pages","robots":{"index":"index","follow":"follow","max-snippet":"max-snippet:-1","max-image-preview":"max-image-preview:large","max-video-preview":"max-video-preview:-1"},"canonical":"https:\/\/staging.editorialhccp.hcusweb.com\/r\/john-macarthur-libros-y-biblias\/","og_locale":"en_US","og_type":"article","og_title":"John MacArthur Libros y Biblias","og_description":"John MacArthur JES\u00daS AL DESCUBIERTO \u00bfTienes idea de qui\u00e9n es realmente Jes\u00fas? &nbsp; \u00abLo que pienses de Jesucristo influir\u00e1 a fondo en c\u00f3mo piensas sobre todo lo dem\u00e1s\u00bb &#8211; John MacArthur. Esta es una verdad fundamental en la vida de todo creyente. Tu visi\u00f3n de Jes\u00fas afecta la forma en que ves a Dios, al [&hellip;]","og_url":"https:\/\/staging.editorialhccp.hcusweb.com\/r\/john-macarthur-libros-y-biblias\/","og_site_name":"Marketing Pages","og_image":[{"width":934,"height":924,"url":"https:\/\/staging.editorialhccp.hcusweb.com\/r\/wp-content\/uploads\/sites\/5\/2022\/11\/Biblia-MacArthur-RVR1960.png","type":"image\/png"}],"twitter_card":"summary_large_image","twitter_misc":{"Est. reading time":"6 minutes"},"schema":{"@context":"https:\/\/schema.org","@graph":[{"@type":"WebPage","@id":"https:\/\/staging.editorialhccp.hcusweb.com\/r\/john-macarthur-libros-y-biblias\/","url":"https:\/\/staging.editorialhccp.hcusweb.com\/r\/john-macarthur-libros-y-biblias\/","name":"John MacArthur Libros y Biblias - Marketing Pages","isPartOf":{"@id":"https:\/\/staging.editorialhccp.hcusweb.com\/r\/#website"},"primaryImageOfPage":{"@id":"https:\/\/staging.editorialhccp.hcusweb.com\/r\/john-macarthur-libros-y-biblias\/#primaryimage"},"image":{"@id":"https:\/\/staging.editorialhccp.hcusweb.com\/r\/john-macarthur-libros-y-biblias\/#primaryimage"},"thumbnailUrl":"https:\/\/staging.editorialhccp.hcusweb.com\/r\/wp-content\/uploads\/sites\/5\/2022\/11\/Biblia-MacArthur-RVR1960.png","datePublished":"2020-09-01T15:06:03+00:00","breadcrumb":{"@id":"https:\/\/staging.editorialhccp.hcusweb.com\/r\/john-macarthur-libros-y-biblias\/#breadcrumb"},"inLanguage":"en-US","potentialAction":[{"@type":"ReadAction","target":["https:\/\/staging.editorialhccp.hcusweb.com\/r\/john-macarthur-libros-y-biblias\/"]}]},{"@type":"ImageObject","inLanguage":"en-US","@id":"https:\/\/staging.editorialhccp.hcusweb.com\/r\/john-macarthur-libros-y-biblias\/#primaryimage","url":"https:\/\/staging.editorialhccp.hcusweb.com\/r\/wp-content\/uploads\/sites\/5\/2022\/11\/Biblia-MacArthur-RVR1960.png","contentUrl":"https:\/\/staging.editorialhccp.hcusweb.com\/r\/wp-content\/uploads\/sites\/5\/2022\/11\/Biblia-MacArthur-RVR1960.png","width":934,"height":924},{"@type":"BreadcrumbList","@id":"https:\/\/staging.editorialhccp.hcusweb.com\/r\/john-macarthur-libros-y-biblias\/#breadcrumb","itemListElement":[{"@type":"ListItem","position":1,"name":"Home","item":"https:\/\/staging.editorialhccp.hcusweb.com\/r\/"},{"@type":"ListItem","position":2,"name":"John MacArthur Libros y Biblias"}]},{"@type":"WebSite","@id":"https:\/\/staging.editorialhccp.hcusweb.com\/r\/#website","url":"https:\/\/staging.editorialhccp.hcusweb.com\/r\/","name":"Marketing Pages","description":"","potentialAction":[{"@type":"SearchAction","target":{"@type":"EntryPoint","urlTemplate":"https:\/\/staging.editorialhccp.hcusweb.com\/r\/?s={search_term_string}"},"query-input":{"@type":"PropertyValueSpecification","valueRequired":true,"valueName":"search_term_string"}}],"inLanguage":"en-US"}]}},"_links":{"self":[{"href":"https:\/\/staging.editorialhccp.hcusweb.com\/r\/wp-json\/wp\/v2\/pages\/5788","targetHints":{"allow":["GET"]}}],"collection":[{"href":"https:\/\/staging.editorialhccp.hcusweb.com\/r\/wp-json\/wp\/v2\/pages"}],"about":[{"href":"https:\/\/staging.editorialhccp.hcusweb.com\/r\/wp-json\/wp\/v2\/types\/page"}],"replies":[{"embeddable":true,"href":"https:\/\/staging.editorialhccp.hcusweb.com\/r\/wp-json\/wp\/v2\/comments?post=5788"}],"version-history":[{"count":0,"href":"https:\/\/staging.editorialhccp.hcusweb.com\/r\/wp-json\/wp\/v2\/pages\/5788\/revisions"}],"wp:featuredmedia":[{"embeddable":true,"href":"https:\/\/staging.editorialhccp.hcusweb.com\/r\/wp-json\/wp\/v2\/media\/12054"}],"wp:attachment":[{"href":"https:\/\/staging.editorialhccp.hcusweb.com\/r\/wp-json\/wp\/v2\/media?parent=5788"}],"curies":[{"name":"wp","href":"https:\/\/api.w.org\/{rel}","templated":true}]}}