{"id":693,"date":"2018-01-12T16:20:16","date_gmt":"2018-01-12T16:20:16","guid":{"rendered":"http:\/\/info.recursosparalaiglesia.com\/?page_id=693"},"modified":"2018-01-12T16:20:16","modified_gmt":"2018-01-12T16:20:16","slug":"recursos","status":"publish","type":"page","link":"https:\/\/staging.editorialhccp.hcusweb.com\/r\/biblia-aventura\/recursos\/","title":{"rendered":"Biblia Aventura NVI &#8211; Recursos para Padres y Maestros"},"content":{"rendered":"\n<img loading=\"lazy\" decoding=\"async\" src=\"\/r\/wp-content\/uploads\/sites\/5\/2017\/12\/aventura-nvi-logo-1-300x197.png\" alt=\"aventura-nvi-logo-1\" height=\"197\" width=\"300\">\n\t<h1 style=\"margin-bottom: 10px;font-size: 60px;color: #e94d08;text-align: right\">Recursos para padres y maestros<\/h1>\n\t<h1 style=\"margin-bottom: 0px;text-align: center\">EXCLUSIVO para Maestros de ni\u00f1os y ni\u00f1as<\/h1>\n\t<p>Suscr\u00edbete con tu correo electr\u00f3nico y recibe GRATIS un total de 12 lecciones de Escuela Dominical para ni\u00f1os de 8 a 12 a\u00f1os. Cada lecci\u00f3n contiene:<\/p>\n<ul>\n<li>Ilustraci\u00f3n o demostraci\u00f3n para capturar la atenci\u00f3n de los ni\u00f1os<\/li>\n<li>Lectura B\u00edblica<\/li>\n<li>Ense\u00f1anza basada en el texto b\u00edblico<\/li>\n<li>Aplicaci\u00f3n para la vida<\/li>\n<li>Cuadernillo f\u00e1cil de imprimir (tama\u00f1o carta, a dos lados) con actividades relacionadas a la lecci\u00f3n.<\/li>\n<\/ul>\n<p>Al enviarnos tu correo electr\u00f3nico, recibir\u00e1s instrucciones para descargar las 12 lecciones. <strong>Suscr\u00edbete aqu\u00ed:<\/strong><\/p>\n\t\t\t<a href=\"http:\/\/info.recursosparalaiglesia.com\/biblia-aventura\/recursos\/suscripcion\/\" target=\"_self\" role=\"button\" rel=\"noopener noreferrer\">\n\t\t\t\t\t\t\t12 lecciones para Escuela Dominical GRATIS\n\t\t\t\t\t<\/a>\n\t<h1 style=\"margin-bottom: 0px;text-align: center\">Hojas de Trabajo<\/h1>\n\t<p>Conecta el personaje o idea de la columna izquierda con la frase correspondiente en la columna derecha. Estas hojas son ideales para repasar personas, lugares e ideas del Antiguo y Nuevo Testamento.<\/p>\n\t\t\t\t<img loading=\"lazy\" decoding=\"async\" src=\"\/r\/wp-content\/uploads\/sites\/5\/2018\/01\/Actividadesthumb1.jpg\" alt=\"Actividadesthumb1\" height=\"882\" width=\"682\">\n\t<ul>\n<li style=\"margin-bottom: 12px\"><a href=https:\/\/staging.editorialhccp.hcusweb.com\/r\/wp-content\/uploads\/sites\/5\/2018\/01\/NVI-Aventura-Actividades-Heroes-del-AT.pdf target=\"_blank\" rel=\"noopener noreferrer\">H\u00e9roes del Antiguo Testamento<\/a><\/li>\n<li style=\"margin-bottom: 12px\"><a href=https:\/\/staging.editorialhccp.hcusweb.com\/r\/wp-content\/uploads\/sites\/5\/2018\/01\/NVI-Aventura-Actividades-Heroes-del-AT-2.pdf target=\"_blank\" rel=\"noopener noreferrer\">H\u00e9roes del Antiguo Testamento 2<\/a><\/li>\n<li style=\"margin-bottom: 12px\"><a href=https:\/\/staging.editorialhccp.hcusweb.com\/r\/wp-content\/uploads\/sites\/5\/2018\/01\/NVI-Aventura-Actividades-Heroes-del-NT.pdf target=\"_blank\" rel=\"noopener noreferrer\">H\u00e9roes del Nuevo Testamento<\/a><\/li>\n<li style=\"margin-bottom: 12px\"><a href=https:\/\/staging.editorialhccp.hcusweb.com\/r\/wp-content\/uploads\/sites\/5\/2018\/01\/NVI-Aventura-Actividades-Heroes-del-NT-2.pdf target=\"_blank\" rel=\"noopener noreferrer\">H\u00e9roes del Nuevo Testamento 2<\/a><\/li>\n<li style=\"margin-bottom: 12px\"><a href=https:\/\/staging.editorialhccp.hcusweb.com\/r\/wp-content\/uploads\/sites\/5\/2018\/01\/NVI-Aventura-Actividades-Padres-e-hijos-de-la-Biblia.pdf target=\"_blank\" rel=\"noopener noreferrer\">Padres e hijos en la Biblia<\/a><\/li>\n<li style=\"margin-bottom: 12px\"><a href=https:\/\/staging.editorialhccp.hcusweb.com\/r\/wp-content\/uploads\/sites\/5\/2018\/01\/NVI-Aventura-Actividades-Personas-lugares-y-cosas-conectadas-en-el-Antiguo-Testamento.pdf target=\"_blank\" rel=\"noopener noreferrer\">Personas, lugares y cosas conectadas al Antiguo Testamento<\/a><\/li>\n<li style=\"margin-bottom: 12px\"><a href=https:\/\/staging.editorialhccp.hcusweb.com\/r\/wp-content\/uploads\/sites\/5\/2018\/01\/NVI-Aventura-Actividades-Personas-lugares-y-cosas-conectadas-en-el-NT.pdf target=\"_blank\" rel=\"noopener noreferrer\">Personas, lugares y cosas conectadas al Nuevo Testamento<\/a><\/li>\n<li style=\"margin-bottom: 12px\"><a href=https:\/\/staging.editorialhccp.hcusweb.com\/r\/wp-content\/uploads\/sites\/5\/2018\/01\/NVI-Aventura-Actividades-Reglas-para-vivir.pdf>Reglas para vivir<\/a><\/li>\n<\/ul>\n\t<h1 style=\"margin-bottom: 0px;text-align: center\">Sopas de letras<\/h1>\n\t<p>Encuentra las palabras clave relacionadas con el tema o historia de la Biblia. Una divertida actividad para todas las edades.<\/p>\n\t\t\t\t<img loading=\"lazy\" decoding=\"async\" src=\"\/r\/wp-content\/uploads\/sites\/5\/2018\/01\/Actividadesthumb.jpg\" alt=\"Actividadesthumb\" height=\"882\" width=\"682\">\n\t<ul>\n<li style=\"margin-bottom: 12px\"><a href=https:\/\/staging.editorialhccp.hcusweb.com\/r\/wp-content\/uploads\/sites\/5\/2018\/01\/NVI-Aventura-SopaDeLetras-David-y-Goliat.pdf target=\"_blank\" rel=\"noopener noreferrer\">David y Goliat<\/a><\/li>\n<li style=\"margin-bottom: 12px\"><a href=https:\/\/staging.editorialhccp.hcusweb.com\/r\/wp-content\/uploads\/sites\/5\/2018\/01\/NVI-Aventura-SopaDeLetras-Dios.pdf target=\"_blank\" rel=\"noopener noreferrer\">\u00bfC\u00f3mo es Dios?<\/a><\/li>\n<li style=\"margin-bottom: 12px\"><a href=https:\/\/staging.editorialhccp.hcusweb.com\/r\/wp-content\/uploads\/sites\/5\/2018\/01\/NVI-Aventura-SopaDeLetras-Discipulos-de-Jesus.pdf target=\"_blank\" rel=\"noopener noreferrer\">Disc\u00edpulos de Jes\u00fas<\/a><\/li>\n<li style=\"margin-bottom: 12px\"><a href=https:\/\/staging.editorialhccp.hcusweb.com\/r\/wp-content\/uploads\/sites\/5\/2018\/01\/NVI-Aventura-SopaDeLetras-Jacob.pdf target=\"_blank\" rel=\"noopener noreferrer\">La Familia de Jacob<\/a><\/li>\n<li style=\"margin-bottom: 12px\"><a href=https:\/\/staging.editorialhccp.hcusweb.com\/r\/wp-content\/uploads\/sites\/5\/2018\/01\/NVI-Aventura-SopaDeLetras-JONAS.pdf target=\"_blank\" rel=\"noopener noreferrer\">Jon\u00e1s<\/a><\/li>\n<li style=\"margin-bottom: 12px\"><a href=https:\/\/staging.editorialhccp.hcusweb.com\/r\/wp-content\/uploads\/sites\/5\/2018\/01\/NVI-Aventura-SopaDeLetras-Libros-de-la-Biblia.pdf>Libros de la Biblia<\/a><\/li>\n<li style=\"margin-bottom: 12px\"><a href=https:\/\/staging.editorialhccp.hcusweb.com\/r\/wp-content\/uploads\/sites\/5\/2018\/01\/NVI-Aventura-SopaDeLetras-Navidad.pdf target=\"_blank\" rel=\"noopener noreferrer\">La Navidad<\/a><\/li>\n<li style=\"margin-bottom: 12px\"><a href=https:\/\/staging.editorialhccp.hcusweb.com\/r\/wp-content\/uploads\/sites\/5\/2018\/01\/NVI-Aventura-SopaDeLetras-Noe.pdf>El Arca de No\u00e9<\/a><\/li>\n<li style=\"margin-bottom: 12px\"><a href=https:\/\/staging.editorialhccp.hcusweb.com\/r\/wp-content\/uploads\/sites\/5\/2018\/01\/NVI-Aventura-SopaDeLetras-Pablo.pdf target=\"_blank\" rel=\"noopener noreferrer\">Los Viajes de Pablo<\/a><\/li>\n<li style=\"margin-bottom: 12px\"><a href=https:\/\/staging.editorialhccp.hcusweb.com\/r\/wp-content\/uploads\/sites\/5\/2018\/01\/NVI-Aventura-SopaDeLetras-Parabolas.pdf target=\"_blank\" rel=\"noopener noreferrer\">Las Par\u00e1bolas de Jes\u00fas<\/a><\/li>\n<li style=\"margin-bottom: 12px\"><a href=https:\/\/staging.editorialhccp.hcusweb.com\/r\/wp-content\/uploads\/sites\/5\/2018\/01\/NVI-Aventura-SopaDeLetras-PlagasEgipto.pdf target=\"_blank\" rel=\"noopener noreferrer\">Las Plagas de Egipto<\/a><\/li>\n<\/ul>\n\t<h1 style=\"margin-bottom: 0px;text-align: center\">Planes de Lectura<\/h1>\n\t<p>Utiliza estas pr\u00e1cticas listas para profundizar en diferentes historias o temas b\u00edblicos. Puedes ir marcando cada d\u00eda al completar tu lectura diaria.<\/p>\n\t\t\t\t<img loading=\"lazy\" decoding=\"async\" src=\"\/r\/wp-content\/uploads\/sites\/5\/2018\/03\/planesdelecturaaventura.jpg\" alt=\"planesdelecturaaventura\" height=\"882\" width=\"682\">\n\t<ul>\n<li style=\"margin-bottom: 12px\"><a href=https:\/\/staging.editorialhccp.hcusweb.com\/r\/wp-content\/uploads\/sites\/5\/2018\/03\/Planes-_AT.pdf target=\"_blank\" rel=\"noopener noreferrer\">El Antiguo Testamento<\/a><\/li>\n<li style=\"margin-bottom: 12px\"><a href=https:\/\/staging.editorialhccp.hcusweb.com\/r\/wp-content\/uploads\/sites\/5\/2018\/03\/Planes-_JESUS.pdf target=\"_blank\" rel=\"noopener noreferrer\">Leamos sobre Jes\u00fas<\/a><\/li>\n<li style=\"margin-bottom: 12px\"><a href=https:\/\/staging.editorialhccp.hcusweb.com\/r\/wp-content\/uploads\/sites\/5\/2018\/03\/Planes-_AGRADECIDO.pdf target=\"_blank\" rel=\"noopener noreferrer\">Ser Agradecidos<\/a><\/li>\n<li style=\"margin-bottom: 12px\"><a href=https:\/\/staging.editorialhccp.hcusweb.com\/r\/wp-content\/uploads\/sites\/5\/2018\/03\/Planes-_JUECES.pdf target=\"_blank\" rel=\"noopener noreferrer\">Dios protege a Israel a trav\u00e9s de Jueces valientes<\/a><\/li>\n<li style=\"margin-bottom: 12px\"><a href=https:\/\/staging.editorialhccp.hcusweb.com\/r\/wp-content\/uploads\/sites\/5\/2018\/03\/Planes-_MUJERES-DE-FE.pdf target=\"_blank\" rel=\"noopener noreferrer\">Mujeres de Fe<\/a><\/li>\n<li style=\"margin-bottom: 12px\"><a href=https:\/\/staging.editorialhccp.hcusweb.com\/r\/wp-content\/uploads\/sites\/5\/2018\/03\/Planes-_NACIMIENTO-DE-JESUS.pdf target=\"_blank\" rel=\"noopener noreferrer\">El Nacimiento de Jes\u00fas<\/a><\/li>\n<li style=\"margin-bottom: 12px\"><a href=https:\/\/staging.editorialhccp.hcusweb.com\/r\/wp-content\/uploads\/sites\/5\/2018\/03\/Planes-_NT.pdf target=\"_blank\" rel=\"noopener noreferrer\">El Nuevo Testamento<\/a><\/li>\n<li style=\"margin-bottom: 12px\"><a href=https:\/\/staging.editorialhccp.hcusweb.com\/r\/wp-content\/uploads\/sites\/5\/2018\/03\/Planes-_PASCUA.pdf target=\"_blank\" rel=\"noopener noreferrer\">La historia de la Pascua<\/a><\/li>\n<li style=\"margin-bottom: 12px\"><a href=https:\/\/staging.editorialhccp.hcusweb.com\/r\/wp-content\/uploads\/sites\/5\/2018\/03\/Planes-_QUIEN-ES-JESUS.pdf target=\"_blank\" rel=\"noopener noreferrer\">\u00bfQui\u00e9n es Jes\u00fas?<\/a><\/li>\n<li style=\"margin-bottom: 12px\"><a href=https:\/\/staging.editorialhccp.hcusweb.com\/r\/wp-content\/uploads\/sites\/5\/2018\/03\/Planes-_SEMANA-SANTA.pdf target=\"_blank\" rel=\"noopener noreferrer\">Semana Santa<\/a><\/li>\n<li style=\"margin-bottom: 12px\"><a href=https:\/\/staging.editorialhccp.hcusweb.com\/r\/wp-content\/uploads\/sites\/5\/2018\/03\/Planes-_SIGUIENDO-A-JESUS.pdf target=\"_blank\" rel=\"noopener noreferrer\">Siguiendo a Jes\u00fas<\/a><\/li>\n<li style=\"margin-bottom: 12px\"><a href=https:\/\/staging.editorialhccp.hcusweb.com\/r\/wp-content\/uploads\/sites\/5\/2018\/03\/Planes-_VIAJES-DE-PABLO.pdf target=\"_blank\" rel=\"noopener noreferrer\">Los viajes misioneros de Pablo<\/a><\/li>\n<\/ul>\n\t<h1 style=\"margin-bottom: 0px;text-align: center\">Devocionales<\/h1>\n\t<p>Devocionales sobre temas espec\u00edficos para hacer en familia. En la segunda p\u00e1gina, encontrar\u00e1s preguntas para generar conversaci\u00f3n con tus hijos sobre el tema a tratar.<\/p>\n\t\t\t\t<img loading=\"lazy\" decoding=\"async\" src=\"\/r\/wp-content\/uploads\/sites\/5\/2018\/03\/devocionalesaventura.png\" alt=\"devocionalesaventura\" height=\"662\" width=\"666\">\n\t<ul>\n<li style=\"margin-bottom: 12px\"><a href=https:\/\/staging.editorialhccp.hcusweb.com\/r\/wp-content\/uploads\/sites\/5\/2018\/03\/DEVO_1-Pedro-4.8_Amor.pdf target=\"_blank\" rel=\"noopener noreferrer\">El Amor &#8211; 1 Pedro 1:4<\/a><\/li>\n<li style=\"margin-bottom: 12px\"><a href=https:\/\/staging.editorialhccp.hcusweb.com\/r\/wp-content\/uploads\/sites\/5\/2018\/03\/DEVO_Apocalipsis-1.9_Pascua.pdf target=\"_blank\" rel=\"noopener noreferrer\">La Pascua &#8211; Apocalipsis 7:9<\/a><\/li>\n<li style=\"margin-bottom: 12px\"><a href=https:\/\/staging.editorialhccp.hcusweb.com\/r\/wp-content\/uploads\/sites\/5\/2018\/03\/DEVO_Deutronomio_28.1_13__cabeza-o-cola.pdf target=\"_blank\" rel=\"noopener noreferrer\">La Presi\u00f3n de los Padres &#8211; Deuteronomio 28:1,13<\/a><\/li>\n<li style=\"margin-bottom: 12px\"><a href=https:\/\/staging.editorialhccp.hcusweb.com\/r\/wp-content\/uploads\/sites\/5\/2018\/03\/DEVO_Juan-13-35_Seguir-a-Jesus.pdf target=\"_blank\" rel=\"noopener noreferrer\">Seguir a Jes\u00fas &#8211; Juan 13:3<\/a><\/li>\n<li style=\"margin-bottom: 12px\"><a href=https:\/\/staging.editorialhccp.hcusweb.com\/r\/wp-content\/uploads\/sites\/5\/2018\/03\/DEVO_Mateo-20-16_generosidad.pdf target=\"_blank\" rel=\"noopener noreferrer\">La Generosidad &#8211; Mateo 20:16<\/a><\/li>\n<li style=\"margin-bottom: 12px\"><a href=https:\/\/staging.editorialhccp.hcusweb.com\/r\/wp-content\/uploads\/sites\/5\/2018\/03\/DEVO_Proverbios-26.20_El-chisme.pdf target=\"_blank\" rel=\"noopener noreferrer\">El Chisme &#8211; Proverbios 26:20<\/a><\/li>\n<li style=\"margin-bottom: 12px\"><a href=https:\/\/staging.editorialhccp.hcusweb.com\/r\/wp-content\/uploads\/sites\/5\/2018\/03\/DEVO_Salmos-19-1_La-gloria-de-Dios.pdf target=\"_blank\" rel=\"noopener noreferrer\">La Gloria de Dios &#8211; Salmos 19:1<\/a><\/li>\n<li style=\"margin-bottom: 12px\"><a href=https:\/\/staging.editorialhccp.hcusweb.com\/r\/wp-content\/uploads\/sites\/5\/2018\/03\/DEVO_Salmos-73.23-24_-La-direcciC3B3n-de-Dios.pdf target=\"_blank\" rel=\"noopener noreferrer\">La Direcci\u00f3n de Dios &#8211; Salmos 73:23-24<\/a><\/li>\n<\/ul>\n\t<h1 style=\"margin-bottom: 0px;text-align: center\">Crucigramas<\/h1>\n\t<p>Repasa historias, lugares, personajes y otros temas b\u00edblicos con estos crucigramas, donde deber\u00e1s encontrar la palabra correcta para llenar cada espacio.<\/p>\n\t\t\t\t<img loading=\"lazy\" decoding=\"async\" src=\"\/r\/wp-content\/uploads\/sites\/5\/2018\/03\/crucigramasaventura.jpg\" alt=\"crucigramasaventura\" height=\"882\" width=\"682\">\n\t<ul>\n<li style=\"margin-bottom: 12px\"><a href=https:\/\/staging.editorialhccp.hcusweb.com\/r\/wp-content\/uploads\/sites\/5\/2018\/03\/CRUCIGRAMAS_ANIMALES-AT.pdf target=\"_blank\" rel=\"noopener noreferrer\">Animales del Antiguo Testamento<\/a><\/li>\n<li style=\"margin-bottom: 12px\"><a href=https:\/\/staging.editorialhccp.hcusweb.com\/r\/wp-content\/uploads\/sites\/5\/2018\/03\/CRUCIGRAMAS_CREACION.pdf target=\"_blank\" rel=\"noopener noreferrer\">La Creaci\u00f3n<\/a><\/li>\n<li style=\"margin-bottom: 12px\"><a href=https:\/\/staging.editorialhccp.hcusweb.com\/r\/wp-content\/uploads\/sites\/5\/2018\/03\/CRUCIGRAMAS_DAVID.pdf target=\"_blank\" rel=\"noopener noreferrer\">El Rey David<\/a><\/li>\n<li style=\"margin-bottom: 12px\"><a href=https:\/\/staging.editorialhccp.hcusweb.com\/r\/wp-content\/uploads\/sites\/5\/2018\/03\/CRUCIGRAMAS_JOSE.pdf target=\"_blank\" rel=\"noopener noreferrer\">Jos\u00e9<\/a><\/li>\n<li style=\"margin-bottom: 12px\"><a href=https:\/\/staging.editorialhccp.hcusweb.com\/r\/wp-content\/uploads\/sites\/5\/2018\/03\/CRUCIGRAMAS_LUGARES.pdf target=\"_blank\" rel=\"noopener noreferrer\">Lugares de La Biblia<\/a><\/li>\n<li style=\"margin-bottom: 12px\"><a href=https:\/\/staging.editorialhccp.hcusweb.com\/r\/wp-content\/uploads\/sites\/5\/2018\/03\/CRUCIGRAMAS_MUJERES.pdf target=\"_blank\" rel=\"noopener noreferrer\">Mujeres famosas y no tan famosas de la Biblia<\/a><\/li>\n<li style=\"margin-bottom: 12px\"><a href=https:\/\/staging.editorialhccp.hcusweb.com\/r\/wp-content\/uploads\/sites\/5\/2018\/03\/CRUCIGRAMAS_REYES-AT.pdf target=\"_blank\" rel=\"noopener noreferrer\">Los buenos, los malos y los terriblemente malos: Reyes, l\u00edderes y gobernantes del Antiguo Testamento<\/a><\/li>\n<li style=\"margin-bottom: 12px\"><a href=https:\/\/staging.editorialhccp.hcusweb.com\/r\/wp-content\/uploads\/sites\/5\/2018\/03\/CRUCIGRAMAS_SALOMON.pdf target=\"_blank\" rel=\"noopener noreferrer\">El Rey Salom\u00f3n<\/a><\/li>\n<li style=\"margin-bottom: 12px\"><a href=https:\/\/staging.editorialhccp.hcusweb.com\/r\/wp-content\/uploads\/sites\/5\/2018\/03\/CRUCIGRAMAS_TEMPLO.pdf target=\"_blank\" rel=\"noopener noreferrer\">El Santuario y el Templo<\/a><\/li>\n<li style=\"margin-bottom: 12px\"><a href=https:\/\/staging.editorialhccp.hcusweb.com\/r\/wp-content\/uploads\/sites\/5\/2018\/03\/CRUCIGRAMAS_VIDA-DE-JESUS.pdf target=\"_blank\" rel=\"noopener noreferrer\">La Vida de Jes\u00fas<\/a><\/li>\n<\/ul>\n\t<h1 style=\"margin-bottom: 0px;text-align: center\">M\u00e1s Recursos para Ni\u00f1os de Editorial Vida y Grupo Nelson<\/h1>\n","protected":false},"excerpt":{"rendered":"<p>Recursos para padres y maestros EXCLUSIVO para Maestros de ni\u00f1os y ni\u00f1as Suscr\u00edbete con tu correo electr\u00f3nico y recibe GRATIS un total de 12 lecciones de Escuela Dominical para ni\u00f1os de 8 a 12 a\u00f1os. Cada lecci\u00f3n contiene: Ilustraci\u00f3n o demostraci\u00f3n para capturar la atenci\u00f3n de los ni\u00f1os Lectura B\u00edblica Ense\u00f1anza basada en el texto [&hellip;]<\/p>\n","protected":false},"author":0,"featured_media":0,"parent":551,"menu_order":0,"comment_status":"closed","ping_status":"closed","template":"","meta":{"_acf_changed":false,"footnotes":""},"class_list":["post-693","page","type-page","status-publish","hentry"],"acf":[],"yoast_head":"<!-- This site is optimized with the Yoast SEO plugin v27.3 - https:\/\/yoast.com\/product\/yoast-seo-wordpress\/ -->\n<title>Biblia Aventura NVI - Recursos para Padres y Maestros - Marketing Pages<\/title>\n<meta name=\"robots\" content=\"index, follow, max-snippet:-1, max-image-preview:large, max-video-preview:-1\" \/>\n<link rel=\"canonical\" href=\"https:\/\/staging.editorialhccp.hcusweb.com\/r\/biblia-aventura\/recursos\/\" \/>\n<meta property=\"og:locale\" content=\"en_US\" \/>\n<meta property=\"og:type\" content=\"article\" \/>\n<meta property=\"og:title\" content=\"Biblia Aventura NVI - Recursos para Padres y Maestros - Marketing Pages\" \/>\n<meta property=\"og:description\" content=\"Recursos para padres y maestros EXCLUSIVO para Maestros de ni\u00f1os y ni\u00f1as Suscr\u00edbete con tu correo electr\u00f3nico y recibe GRATIS un total de 12 lecciones de Escuela Dominical para ni\u00f1os de 8 a 12 a\u00f1os. Cada lecci\u00f3n contiene: Ilustraci\u00f3n o demostraci\u00f3n para capturar la atenci\u00f3n de los ni\u00f1os Lectura B\u00edblica Ense\u00f1anza basada en el texto [&hellip;]\" \/>\n<meta property=\"og:url\" content=\"https:\/\/staging.editorialhccp.hcusweb.com\/r\/biblia-aventura\/recursos\/\" \/>\n<meta property=\"og:site_name\" content=\"Marketing Pages\" \/>\n<meta name=\"twitter:card\" content=\"summary_large_image\" \/>\n<meta name=\"twitter:label1\" content=\"Est. reading time\" \/>\n\t<meta name=\"twitter:data1\" content=\"2 minutes\" \/>\n<script type=\"application\/ld+json\" class=\"yoast-schema-graph\">{\"@context\":\"https:\\\/\\\/schema.org\",\"@graph\":[{\"@type\":\"WebPage\",\"@id\":\"https:\\\/\\\/staging.editorialhccp.hcusweb.com\\\/r\\\/biblia-aventura\\\/recursos\\\/\",\"url\":\"https:\\\/\\\/staging.editorialhccp.hcusweb.com\\\/r\\\/biblia-aventura\\\/recursos\\\/\",\"name\":\"Biblia Aventura NVI - Recursos para Padres y Maestros - Marketing Pages\",\"isPartOf\":{\"@id\":\"https:\\\/\\\/staging.editorialhccp.hcusweb.com\\\/r\\\/#website\"},\"datePublished\":\"2018-01-12T16:20:16+00:00\",\"breadcrumb\":{\"@id\":\"https:\\\/\\\/staging.editorialhccp.hcusweb.com\\\/r\\\/biblia-aventura\\\/recursos\\\/#breadcrumb\"},\"inLanguage\":\"en-US\",\"potentialAction\":[{\"@type\":\"ReadAction\",\"target\":[\"https:\\\/\\\/staging.editorialhccp.hcusweb.com\\\/r\\\/biblia-aventura\\\/recursos\\\/\"]}]},{\"@type\":\"BreadcrumbList\",\"@id\":\"https:\\\/\\\/staging.editorialhccp.hcusweb.com\\\/r\\\/biblia-aventura\\\/recursos\\\/#breadcrumb\",\"itemListElement\":[{\"@type\":\"ListItem\",\"position\":1,\"name\":\"Home\",\"item\":\"https:\\\/\\\/staging.editorialhccp.hcusweb.com\\\/r\\\/\"},{\"@type\":\"ListItem\",\"position\":2,\"name\":\"Biblia Aventura NVI\",\"item\":\"https:\\\/\\\/staging.editorialhccp.hcusweb.com\\\/r\\\/biblia-aventura\\\/\"},{\"@type\":\"ListItem\",\"position\":3,\"name\":\"Biblia Aventura NVI &#8211; Recursos para Padres y Maestros\"}]},{\"@type\":\"WebSite\",\"@id\":\"https:\\\/\\\/staging.editorialhccp.hcusweb.com\\\/r\\\/#website\",\"url\":\"https:\\\/\\\/staging.editorialhccp.hcusweb.com\\\/r\\\/\",\"name\":\"Marketing Pages\",\"description\":\"\",\"potentialAction\":[{\"@type\":\"SearchAction\",\"target\":{\"@type\":\"EntryPoint\",\"urlTemplate\":\"https:\\\/\\\/staging.editorialhccp.hcusweb.com\\\/r\\\/?s={search_term_string}\"},\"query-input\":{\"@type\":\"PropertyValueSpecification\",\"valueRequired\":true,\"valueName\":\"search_term_string\"}}],\"inLanguage\":\"en-US\"}]}<\/script>\n<!-- \/ Yoast SEO plugin. -->","yoast_head_json":{"title":"Biblia Aventura NVI - Recursos para Padres y Maestros - Marketing Pages","robots":{"index":"index","follow":"follow","max-snippet":"max-snippet:-1","max-image-preview":"max-image-preview:large","max-video-preview":"max-video-preview:-1"},"canonical":"https:\/\/staging.editorialhccp.hcusweb.com\/r\/biblia-aventura\/recursos\/","og_locale":"en_US","og_type":"article","og_title":"Biblia Aventura NVI - Recursos para Padres y Maestros - Marketing Pages","og_description":"Recursos para padres y maestros EXCLUSIVO para Maestros de ni\u00f1os y ni\u00f1as Suscr\u00edbete con tu correo electr\u00f3nico y recibe GRATIS un total de 12 lecciones de Escuela Dominical para ni\u00f1os de 8 a 12 a\u00f1os. Cada lecci\u00f3n contiene: Ilustraci\u00f3n o demostraci\u00f3n para capturar la atenci\u00f3n de los ni\u00f1os Lectura B\u00edblica Ense\u00f1anza basada en el texto [&hellip;]","og_url":"https:\/\/staging.editorialhccp.hcusweb.com\/r\/biblia-aventura\/recursos\/","og_site_name":"Marketing Pages","twitter_card":"summary_large_image","twitter_misc":{"Est. reading time":"2 minutes"},"schema":{"@context":"https:\/\/schema.org","@graph":[{"@type":"WebPage","@id":"https:\/\/staging.editorialhccp.hcusweb.com\/r\/biblia-aventura\/recursos\/","url":"https:\/\/staging.editorialhccp.hcusweb.com\/r\/biblia-aventura\/recursos\/","name":"Biblia Aventura NVI - Recursos para Padres y Maestros - Marketing Pages","isPartOf":{"@id":"https:\/\/staging.editorialhccp.hcusweb.com\/r\/#website"},"datePublished":"2018-01-12T16:20:16+00:00","breadcrumb":{"@id":"https:\/\/staging.editorialhccp.hcusweb.com\/r\/biblia-aventura\/recursos\/#breadcrumb"},"inLanguage":"en-US","potentialAction":[{"@type":"ReadAction","target":["https:\/\/staging.editorialhccp.hcusweb.com\/r\/biblia-aventura\/recursos\/"]}]},{"@type":"BreadcrumbList","@id":"https:\/\/staging.editorialhccp.hcusweb.com\/r\/biblia-aventura\/recursos\/#breadcrumb","itemListElement":[{"@type":"ListItem","position":1,"name":"Home","item":"https:\/\/staging.editorialhccp.hcusweb.com\/r\/"},{"@type":"ListItem","position":2,"name":"Biblia Aventura NVI","item":"https:\/\/staging.editorialhccp.hcusweb.com\/r\/biblia-aventura\/"},{"@type":"ListItem","position":3,"name":"Biblia Aventura NVI &#8211; Recursos para Padres y Maestros"}]},{"@type":"WebSite","@id":"https:\/\/staging.editorialhccp.hcusweb.com\/r\/#website","url":"https:\/\/staging.editorialhccp.hcusweb.com\/r\/","name":"Marketing Pages","description":"","potentialAction":[{"@type":"SearchAction","target":{"@type":"EntryPoint","urlTemplate":"https:\/\/staging.editorialhccp.hcusweb.com\/r\/?s={search_term_string}"},"query-input":{"@type":"PropertyValueSpecification","valueRequired":true,"valueName":"search_term_string"}}],"inLanguage":"en-US"}]}},"_links":{"self":[{"href":"https:\/\/staging.editorialhccp.hcusweb.com\/r\/wp-json\/wp\/v2\/pages\/693","targetHints":{"allow":["GET"]}}],"collection":[{"href":"https:\/\/staging.editorialhccp.hcusweb.com\/r\/wp-json\/wp\/v2\/pages"}],"about":[{"href":"https:\/\/staging.editorialhccp.hcusweb.com\/r\/wp-json\/wp\/v2\/types\/page"}],"replies":[{"embeddable":true,"href":"https:\/\/staging.editorialhccp.hcusweb.com\/r\/wp-json\/wp\/v2\/comments?post=693"}],"version-history":[{"count":0,"href":"https:\/\/staging.editorialhccp.hcusweb.com\/r\/wp-json\/wp\/v2\/pages\/693\/revisions"}],"up":[{"embeddable":true,"href":"https:\/\/staging.editorialhccp.hcusweb.com\/r\/wp-json\/wp\/v2\/pages\/551"}],"wp:attachment":[{"href":"https:\/\/staging.editorialhccp.hcusweb.com\/r\/wp-json\/wp\/v2\/media?parent=693"}],"curies":[{"name":"wp","href":"https:\/\/api.w.org\/{rel}","templated":true}]}}