{"id":694,"date":"2018-01-12T16:21:54","date_gmt":"2018-01-12T16:21:54","guid":{"rendered":"http:\/\/info.recursosparalaiglesia.com\/?page_id=694"},"modified":"2018-01-12T16:21:54","modified_gmt":"2018-01-12T16:21:54","slug":"muestra","status":"publish","type":"page","link":"https:\/\/staging.editorialhccp.hcusweb.com\/r\/biblia-aventura\/muestra\/","title":{"rendered":"Biblia Aventura NVI &#8211; Muestra Gratis"},"content":{"rendered":"\n<img decoding=\"async\" src=\"\/r\/wp-content\/uploads\/sites\/5\/2017\/12\/aventura-nvi-logo-1-300x197.png\" alt=\"NVI Biblia Aventura para ni\u00f1os y ni\u00f1as\" title=\"aventura-nvi-logo-1\">\n\t<h1>P\u00e1ginas de muestra gratuitas<\/h1>\n\t<h1>Detalles<\/h1>\n<p>La muestra digital gratuita de la Biblia Aventura NVI contiene 16 p\u00e1ginas a todo color. En ellas encontrar\u00e1s ejemplos de los materiales contenidos en la Biblia. Completa tus datos y pulsa &#8220;enviar&#8221; para accesar a la descarga de la muestra digital de la Biblia Aventura NVI.<\/p>\n\t<!-- Form # 1 -->\n<table cellpadding=\"0\" cellspacing=\"0\" border=\"0\"><tbody><tr><td>Nombre<\/td><\/tr><tr><td>Apellido<\/td><\/tr><tr><td>Rol MinisterialSelect onePastorL\u00edderMiembroMaestroOtroSmall Group LeaderAdministrative SupportVolunteerYouth MinisterWomen&#8217;s MinistryCSOBS<\/td><\/tr><tr><td>Pa\u00edsSelect oneAFGHANISTANALAND ISLANDSALBANIAALGERIAAMERICAN SAMOAANDORRAANGOLAANGUILLAANTARCTICAANTIGUA AND BARBUDAARGENTINAARMENIAARUBAAUSTRALIAAUSTRIAAZERBAIJANBAHAMASBAHRAINBANGLADESHBARBADOSBELARUSBELGIUMBELIZEBENINBERMUDABHUTANBOLIVIA, PLURINATIONAL STATE OFBONAIRE, SINT EUSTATIUS AND SABABOSNIA AND HERZEGOVINABOTSWANABOUVET ISLANDBRAZILBRITISH INDIAN OCEAN TERRITORYBRUNEI DARUSSALAMBULGARIABURKINA FASOBURUNDICAMBODIACAMEROONCANADACAPE VERDECAYMAN ISLANDSCENTRAL AFRICAN REPUBLICCHADCHILECHINACHRISTMAS ISLANDCOCOS (KEELING) ISLANDSCOLOMBIACOMOROSCONGOCONGO, THE DEMOCRATIC REPUBLIC OF THECOOK ISLANDSCOSTA RICACOTE D&#8217;IVOIRECROATIACUBACURACAOCYPRUSCZECH REPUBLICDENMARKDJIBOUTIDOMINICADOMINICAN REPUBLICECUADOREGYPTEL SALVADOREQUATORIAL GUINEAERITREAESTONIAETHIOPIAFALKLAND ISLANDS (MALVINAS)FAROE ISLANDSFIJIFINLANDFRANCEFRENCH GUIANAFRENCH POLYNESIAFRENCH SOUTHERN TERRITORIESGABONGAMBIAGEORGIAGERMANYGHANAGIBRALTARGREECEGREENLANDGRENADAGUADELOUPEGUAMGUATEMALAGUERNSEYGUINEAGUINEA-BISSAUGUYANAHAITIHEARD ISLAND AND MCDONALD ISLANDSHOLY SEE (VATICAN CITY STATE)HONDURASHONG KONGHUNGARYICELANDINDIAINDONESIAIRAN, ISLAMIC REPUBLIC OFIRAQIRELANDISLE OF MANISRAELITALYJAMAICAJAPANJERSEYJORDANKAZAKHSTANKENYAKIRIBATIKOREA, DEMOCRATIC PEOPLE&#8217;S REPUBLIC OFKOREA, REPUBLIC OFKUWAITKYRGYZSTANLAO PEOPLE&#8217;S DEMOCRATIC REPUBLICLATVIALEBANONLESOTHOLIBERIALIBYALIECHTENSTEINLITHUANIALUXEMBOURGMACAOMACEDONIA, THE FORMER YUGOSLAV REPUBLIC OFMADAGASCARMALAWIMALAYSIAMALDIVESMALIMALTAMARSHALL ISLANDSMARTINIQUEMAURITANIAMAURITIUSMAYOTTEMEXICOMICRONESIA, FEDERATED STATES OFMOLDOVA, REPUBLIC OFMONACOMONGOLIAMONTENEGROMONTSERRATMOROCCOMOZAMBIQUEMYANMARNAMIBIANAURUNEPALNETHERLANDSNEW CALEDONIANEW ZEALANDNICARAGUANIGERNIGERIANIUENORFOLK ISLANDNORTHERN MARIANA ISLANDSNORWAYOMANPAKISTANPALAUPALESTINIAN TERRITORY, OCCUPIEDPANAMAPAPUA NEW GUINEAPARAGUAYPERUPHILIPPINESPITCAIRNPOLANDPORTUGALPUERTO RICOQATARREUNIONROMANIARUSSIAN FEDERATIONRWANDASAINT BARTHELEMYSAINT HELENA, ASCENSION AND TRISTAN DA CUNHASAINT KITTS AND NEVISSAINT LUCIASAINT MARTIN (FRENCH PART)SAINT PIERRE AND MIQUELONSAINT VINCENT AND THE GRENADINESSAMOASAN MARINOSAO TOME AND PRINCIPESAUDI ARABIASENEGALSERBIASEYCHELLESSIERRA LEONESINGAPORESINT MAARTEN (DUTCH PART)SLOVAKIASLOVENIASOLOMON ISLANDSSOMALIASOUTH AFRICASOUTH GEORGIA AND THE SOUTH SANDWICH ISLANDSSOUTH SUDANSPAINSRI LANKASUDANSURINAMESVALBARD AND JAN MAYENSWAZILANDSWEDENSWITZERLANDSYRIAN ARAB REPUBLICTAIWAN, PROVINCE OF CHINATAJIKISTANTANZANIA, UNITED REPUBLIC OFTHAILANDTIMOR-LESTETOGOTOKELAUTONGATRINIDAD AND TOBAGOTUNISIATURKEYTURKMENISTANTURKS AND CAICOS ISLANDSTUVALUUGANDAUKRAINEUNITED ARAB EMIRATESUNITED KINGDOMUNITED STATESUNITED STATES MINOR OUTLYING ISLANDSURUGUAYUZBEKISTANVANUATUVENEZUELA, BOLIVARIAN REPUBLIC OFVIET NAMVIRGIN ISLANDS, BRITISHVIRGIN ISLANDS, U.S.WALLIS AND FUTUNAWESTERN SAHARAYEMENZAMBIAZIMBABWE<\/td><\/tr><tr><td>Correo Electr\u00f3nico*<\/td><\/tr><tr><td id=\"errorMessageContainerId\"><\/td><\/tr><tr><td><table cellspacing=\"0\" cellpadding=\"0\" border=\"0\"><tbody><tr><td><\/td><\/tr><\/tbody><\/table><\/td><\/tr><tr><td><\/td><\/tr><tr><td><\/td><\/tr><tr><td><\/td><\/tr><tr><td><\/td><\/tr><tr><td><\/td><\/tr><\/tbody><\/table>\n<!-- reCAPTCHA JavaScript -->\n\t<p>Al proporcionarnos su direcci\u00f3n de correo electr\u00f3nico usted tambi\u00e9n nos indica que est\u00e1 consciente de que recibir\u00e1 comunicados por este mismo medio de parte de HarperCollins Christian Publishing&nbsp;(501 Nelson Place, Nashville, TN 37214 USA) con informaci\u00f3n acerca de productos y servicios tanto de HCCP como de sus afiliados.&nbsp;Usted puede darse de baja de esta lista de env\u00edo de comunicados en&nbsp;cualquier momento.&nbsp;Si tiene alguna pregunta, por favor consulte nuestra <a href=\"https:\/\/www.harpercollinschristian.com\/privacy\/\">Pol\u00edtica de Privacidad<\/a> o env\u00ede un correo electr\u00f3nico a <a href=\"mailto:yourprivacy@harpercollins.com\">yourprivacy@harpercollins.com<\/a>.<\/p>\n","protected":false},"excerpt":{"rendered":"<p>P\u00e1ginas de muestra gratuitas Detalles La muestra digital gratuita de la Biblia Aventura NVI contiene 16 p\u00e1ginas a todo color. En ellas encontrar\u00e1s ejemplos de los materiales contenidos en la Biblia. Completa tus datos y pulsa &#8220;enviar&#8221; para accesar a la descarga de la muestra digital de la Biblia Aventura NVI. Nombre Apellido Rol MinisterialSelect [&hellip;]<\/p>\n","protected":false},"author":0,"featured_media":0,"parent":551,"menu_order":0,"comment_status":"closed","ping_status":"closed","template":"","meta":{"_acf_changed":false,"footnotes":""},"class_list":["post-694","page","type-page","status-publish","hentry"],"acf":[],"yoast_head":"<!-- This site is optimized with the Yoast SEO plugin v27.3 - https:\/\/yoast.com\/product\/yoast-seo-wordpress\/ -->\n<title>Biblia Aventura NVI - Muestra Gratis - Marketing Pages<\/title>\n<meta name=\"robots\" content=\"index, follow, max-snippet:-1, max-image-preview:large, max-video-preview:-1\" \/>\n<link rel=\"canonical\" href=\"https:\/\/staging.editorialhccp.hcusweb.com\/r\/biblia-aventura\/muestra\/\" \/>\n<meta property=\"og:locale\" content=\"en_US\" \/>\n<meta property=\"og:type\" content=\"article\" \/>\n<meta property=\"og:title\" content=\"Biblia Aventura NVI - Muestra Gratis - Marketing Pages\" \/>\n<meta property=\"og:description\" content=\"P\u00e1ginas de muestra gratuitas Detalles La muestra digital gratuita de la Biblia Aventura NVI contiene 16 p\u00e1ginas a todo color. En ellas encontrar\u00e1s ejemplos de los materiales contenidos en la Biblia. Completa tus datos y pulsa &#8220;enviar&#8221; para accesar a la descarga de la muestra digital de la Biblia Aventura NVI. Nombre Apellido Rol MinisterialSelect [&hellip;]\" \/>\n<meta property=\"og:url\" content=\"https:\/\/staging.editorialhccp.hcusweb.com\/r\/biblia-aventura\/muestra\/\" \/>\n<meta property=\"og:site_name\" content=\"Marketing Pages\" \/>\n<meta name=\"twitter:card\" content=\"summary_large_image\" \/>\n<meta name=\"twitter:label1\" content=\"Est. reading time\" \/>\n\t<meta name=\"twitter:data1\" content=\"2 minutes\" \/>\n<script type=\"application\/ld+json\" class=\"yoast-schema-graph\">{\"@context\":\"https:\\\/\\\/schema.org\",\"@graph\":[{\"@type\":\"WebPage\",\"@id\":\"https:\\\/\\\/staging.editorialhccp.hcusweb.com\\\/r\\\/biblia-aventura\\\/muestra\\\/\",\"url\":\"https:\\\/\\\/staging.editorialhccp.hcusweb.com\\\/r\\\/biblia-aventura\\\/muestra\\\/\",\"name\":\"Biblia Aventura NVI - Muestra Gratis - Marketing Pages\",\"isPartOf\":{\"@id\":\"https:\\\/\\\/staging.editorialhccp.hcusweb.com\\\/r\\\/#website\"},\"datePublished\":\"2018-01-12T16:21:54+00:00\",\"breadcrumb\":{\"@id\":\"https:\\\/\\\/staging.editorialhccp.hcusweb.com\\\/r\\\/biblia-aventura\\\/muestra\\\/#breadcrumb\"},\"inLanguage\":\"en-US\",\"potentialAction\":[{\"@type\":\"ReadAction\",\"target\":[\"https:\\\/\\\/staging.editorialhccp.hcusweb.com\\\/r\\\/biblia-aventura\\\/muestra\\\/\"]}]},{\"@type\":\"BreadcrumbList\",\"@id\":\"https:\\\/\\\/staging.editorialhccp.hcusweb.com\\\/r\\\/biblia-aventura\\\/muestra\\\/#breadcrumb\",\"itemListElement\":[{\"@type\":\"ListItem\",\"position\":1,\"name\":\"Home\",\"item\":\"https:\\\/\\\/staging.editorialhccp.hcusweb.com\\\/r\\\/\"},{\"@type\":\"ListItem\",\"position\":2,\"name\":\"Biblia Aventura NVI\",\"item\":\"https:\\\/\\\/staging.editorialhccp.hcusweb.com\\\/r\\\/biblia-aventura\\\/\"},{\"@type\":\"ListItem\",\"position\":3,\"name\":\"Biblia Aventura NVI &#8211; Muestra Gratis\"}]},{\"@type\":\"WebSite\",\"@id\":\"https:\\\/\\\/staging.editorialhccp.hcusweb.com\\\/r\\\/#website\",\"url\":\"https:\\\/\\\/staging.editorialhccp.hcusweb.com\\\/r\\\/\",\"name\":\"Marketing Pages\",\"description\":\"\",\"potentialAction\":[{\"@type\":\"SearchAction\",\"target\":{\"@type\":\"EntryPoint\",\"urlTemplate\":\"https:\\\/\\\/staging.editorialhccp.hcusweb.com\\\/r\\\/?s={search_term_string}\"},\"query-input\":{\"@type\":\"PropertyValueSpecification\",\"valueRequired\":true,\"valueName\":\"search_term_string\"}}],\"inLanguage\":\"en-US\"}]}<\/script>\n<!-- \/ Yoast SEO plugin. -->","yoast_head_json":{"title":"Biblia Aventura NVI - Muestra Gratis - Marketing Pages","robots":{"index":"index","follow":"follow","max-snippet":"max-snippet:-1","max-image-preview":"max-image-preview:large","max-video-preview":"max-video-preview:-1"},"canonical":"https:\/\/staging.editorialhccp.hcusweb.com\/r\/biblia-aventura\/muestra\/","og_locale":"en_US","og_type":"article","og_title":"Biblia Aventura NVI - Muestra Gratis - Marketing Pages","og_description":"P\u00e1ginas de muestra gratuitas Detalles La muestra digital gratuita de la Biblia Aventura NVI contiene 16 p\u00e1ginas a todo color. En ellas encontrar\u00e1s ejemplos de los materiales contenidos en la Biblia. Completa tus datos y pulsa &#8220;enviar&#8221; para accesar a la descarga de la muestra digital de la Biblia Aventura NVI. Nombre Apellido Rol MinisterialSelect [&hellip;]","og_url":"https:\/\/staging.editorialhccp.hcusweb.com\/r\/biblia-aventura\/muestra\/","og_site_name":"Marketing Pages","twitter_card":"summary_large_image","twitter_misc":{"Est. reading time":"2 minutes"},"schema":{"@context":"https:\/\/schema.org","@graph":[{"@type":"WebPage","@id":"https:\/\/staging.editorialhccp.hcusweb.com\/r\/biblia-aventura\/muestra\/","url":"https:\/\/staging.editorialhccp.hcusweb.com\/r\/biblia-aventura\/muestra\/","name":"Biblia Aventura NVI - Muestra Gratis - Marketing Pages","isPartOf":{"@id":"https:\/\/staging.editorialhccp.hcusweb.com\/r\/#website"},"datePublished":"2018-01-12T16:21:54+00:00","breadcrumb":{"@id":"https:\/\/staging.editorialhccp.hcusweb.com\/r\/biblia-aventura\/muestra\/#breadcrumb"},"inLanguage":"en-US","potentialAction":[{"@type":"ReadAction","target":["https:\/\/staging.editorialhccp.hcusweb.com\/r\/biblia-aventura\/muestra\/"]}]},{"@type":"BreadcrumbList","@id":"https:\/\/staging.editorialhccp.hcusweb.com\/r\/biblia-aventura\/muestra\/#breadcrumb","itemListElement":[{"@type":"ListItem","position":1,"name":"Home","item":"https:\/\/staging.editorialhccp.hcusweb.com\/r\/"},{"@type":"ListItem","position":2,"name":"Biblia Aventura NVI","item":"https:\/\/staging.editorialhccp.hcusweb.com\/r\/biblia-aventura\/"},{"@type":"ListItem","position":3,"name":"Biblia Aventura NVI &#8211; Muestra Gratis"}]},{"@type":"WebSite","@id":"https:\/\/staging.editorialhccp.hcusweb.com\/r\/#website","url":"https:\/\/staging.editorialhccp.hcusweb.com\/r\/","name":"Marketing Pages","description":"","potentialAction":[{"@type":"SearchAction","target":{"@type":"EntryPoint","urlTemplate":"https:\/\/staging.editorialhccp.hcusweb.com\/r\/?s={search_term_string}"},"query-input":{"@type":"PropertyValueSpecification","valueRequired":true,"valueName":"search_term_string"}}],"inLanguage":"en-US"}]}},"_links":{"self":[{"href":"https:\/\/staging.editorialhccp.hcusweb.com\/r\/wp-json\/wp\/v2\/pages\/694","targetHints":{"allow":["GET"]}}],"collection":[{"href":"https:\/\/staging.editorialhccp.hcusweb.com\/r\/wp-json\/wp\/v2\/pages"}],"about":[{"href":"https:\/\/staging.editorialhccp.hcusweb.com\/r\/wp-json\/wp\/v2\/types\/page"}],"replies":[{"embeddable":true,"href":"https:\/\/staging.editorialhccp.hcusweb.com\/r\/wp-json\/wp\/v2\/comments?post=694"}],"version-history":[{"count":0,"href":"https:\/\/staging.editorialhccp.hcusweb.com\/r\/wp-json\/wp\/v2\/pages\/694\/revisions"}],"up":[{"embeddable":true,"href":"https:\/\/staging.editorialhccp.hcusweb.com\/r\/wp-json\/wp\/v2\/pages\/551"}],"wp:attachment":[{"href":"https:\/\/staging.editorialhccp.hcusweb.com\/r\/wp-json\/wp\/v2\/media?parent=694"}],"curies":[{"name":"wp","href":"https:\/\/api.w.org\/{rel}","templated":true}]}}