{"id":7002,"date":"2021-03-15T13:37:48","date_gmt":"2021-03-15T13:37:48","guid":{"rendered":"http:\/\/www.editorialhccp.com\/r\/?page_id=7002"},"modified":"2021-03-15T13:37:48","modified_gmt":"2021-03-15T13:37:48","slug":"biblia-coleccion-premier","status":"publish","type":"page","link":"https:\/\/staging.editorialhccp.hcusweb.com\/r\/biblia-coleccion-premier\/","title":{"rendered":"Biblia Colecci\u00f3n Premier"},"content":{"rendered":"\n\n\t\n\t\t\t\t<a href=\"https:\/\/bit.ly\/3Hf1D6o\" target=\"_blank\" rel=\"noopener\">\n\t\t\t\t<img loading=\"lazy\" decoding=\"async\" src=\"\/r\/wp-content\/uploads\/sites\/5\/2022\/01\/Azul-bolita.png\" alt=\"RVR 60 COLECCION PREMIER AZUL\" height=\"577\" width=\"433\" title=\"Azul\" \/>\n\t\t\t\t<\/a>\n\t\tBiblia RVR60 Piel genuina Azul \n\t\t\t<a href=\"https:\/\/bit.ly\/3Hf1D6o\" target=\"_blank\" role=\"button\" rel=\"noopener\">\n\t\t\t\t\t\t\tCOMPRAR AHORA\n\t\t\t\t\t<\/a>\n\t\t\t\t<a href=\"https:\/\/bit.ly\/3Hf1D6o\" target=\"_blank\" rel=\"noopener\">\n\t\t\t\t<img loading=\"lazy\" decoding=\"async\" src=\"\/r\/wp-content\/uploads\/sites\/5\/2022\/01\/Caramelo.png\" alt=\"RVR 1960 Coleccion Premier\" height=\"577\" width=\"433\" title=\"Biblia RVR60 Piel Genuina Caramelo\" \/>\n\t\t\t\t<\/a>\n\t\tBiblia RVR60 Piel genuina Caramelo \n\t\t\t<a href=https:\/\/staging.editorialhccp.hcusweb.com\/9780829702873\/nbla-biblia-ultrafina-coleccion-premier-caramelo\/ target=\"_blank\" role=\"button\" rel=\"noopener\">\n\t\t\t\t\t\t\tCOMPRAR AHORA\n\t\t\t\t\t<\/a>\n\t\t\t\t<a href=https:\/\/staging.editorialhccp.hcusweb.com\/9780829737905\/reina-valera-1960-biblia-letra-gigante-coleccion-premier-azul-marino-interior-a-dos-colores\/ target=\"_self\" rel=\"noopener\">\n\t\t\t\t<img loading=\"lazy\" decoding=\"async\" src=\"\/r\/wp-content\/uploads\/sites\/5\/2022\/01\/Azul.png\" alt=\"RVR 1960 Coleccion Premier\" height=\"577\" width=\"433\" title=\"Azul Marino\" \/>\n\t\t\t\t<\/a>\n\t\tBiblia RVR60 Piel genuina Azul Marino \n\t\t\t<a href=https:\/\/staging.editorialhccp.hcusweb.com\/9780829737905\/reina-valera-1960-biblia-letra-gigante-coleccion-premier-azul-marino-interior-a-dos-colores\/ target=\"_blank\" role=\"button\" rel=\"noopener\">\n\t\t\t\t\t\t\tCOMPRAR AHORA\n\t\t\t\t\t<\/a>\n\t\t\t\t<a href=https:\/\/staging.editorialhccp.hcusweb.com\/9780829737714\/reina-valera-1960-biblia-letra-gigante-coleccion-premier-cafe-interior-a-dos-colores\/ target=\"_self\" rel=\"noopener\">\n\t\t\t\t<img loading=\"lazy\" decoding=\"async\" src=\"\/r\/wp-content\/uploads\/sites\/5\/2022\/01\/Untitled-2.png\" alt=\"RVR 1960 Coleccion Premier Cafe\" height=\"577\" width=\"433\" title=\"Caf\u00e9\" \/>\n\t\t\t\t<\/a>\n\t\tBiblia RVR60 Piel genuina Caf\u00e9\n\t\t\t<a href=https:\/\/staging.editorialhccp.hcusweb.com\/9780829737714\/reina-valera-1960-biblia-letra-gigante-coleccion-premier-cafe-interior-a-dos-colores\/ target=\"_blank\" role=\"button\" rel=\"noopener\">\n\t\t\t\t\t\t\tCOMPRAR AHORA\n\t\t\t\t\t<\/a>\n\t\t\t\t<a href=https:\/\/staging.editorialhccp.hcusweb.com\/9780829735604\/reina-valera-1960-biblia-letra-gigante-coleccion-premier-negro-interior-a-dos-colores\/ target=\"_self\" rel=\"noopener\">\n\t\t\t\t<img loading=\"lazy\" decoding=\"async\" src=\"\/r\/wp-content\/uploads\/sites\/5\/2022\/01\/Negro.png\" alt=\"RVR 1960 Coleccion Premier\" height=\"577\" width=\"433\" title=\"Negro\" \/>\n\t\t\t\t<\/a>\n\t\tBiblia RVR60 Piel genuina Negra\n\t\t\t<a href=https:\/\/staging.editorialhccp.hcusweb.com\/9780829735604\/reina-valera-1960-biblia-letra-gigante-coleccion-premier-negro-interior-a-dos-colores\/ target=\"_blank\" role=\"button\" rel=\"noopener\">\n\t\t\t\t\t\t\tCOMPRAR AHORA\n\t\t\t\t\t<\/a>\n\t\t\t\t<img loading=\"lazy\" decoding=\"async\" src=\"\/r\/wp-content\/uploads\/sites\/5\/2021\/04\/top-banner-large.jpg\" alt=\"Coleccion Premier Banner\" height=\"460\" width=\"1400\" title=\"Top Banner Colecci\u00f3n Premier\" \/>\n\t.embedtool {position: relative;height: 0;padding-top: 56%;overflow: hidden;max-width: 100%;} .embedtool iframe, .embedtool object, .embedtool embed { position: absolute; top: 0; left: 0; width: 100%; height: 100%; } .embedtool .fluid-vids {position: initial !important}\n\t\t\t\t<img loading=\"lazy\" decoding=\"async\" src=\"\/r\/wp-content\/uploads\/sites\/5\/2021\/04\/Premier_20Azul22.jpg\" alt=\"NBLA Premier Azul Edici\u00f3n Limitada\" height=\"577\" width=\"433\" title=\"NBLA Premier Azul Edici\u00f3n Limitada\" \/>\n\t\tAzul Edici\u00f3n Limitada\n\t\t\t<a href=https:\/\/staging.editorialhccp.hcusweb.com\/9780829730272\/nbla-biblia-ultrafina-coleccion-premier-azul\/ target=\"_blank\" role=\"button\" rel=\"noopener\">\n\t\t\t\t\t\t\tCOMPRAR AHORA\n\t\t\t\t\t<\/a>\n\t\t\t\t<img loading=\"lazy\" decoding=\"async\" src=\"\/r\/wp-content\/uploads\/sites\/5\/2021\/04\/Premier_20cafe04.jpg\" alt=\"NBLA Premier Caramelo Edici\u00f3n Limitada\" height=\"577\" width=\"433\" title=\"NBLA Premier Caramelo Edici\u00f3n Limitada\" \/>\n\t\tCaramelo Edici\u00f3n Limitada \n\t\t\t<a href=https:\/\/staging.editorialhccp.hcusweb.com\/9780829702873\/nbla-biblia-ultrafina-coleccion-premier-caramelo\/ target=\"_blank\" role=\"button\" rel=\"noopener\">\n\t\t\t\t\t\t\tCOMPRAR AHORA\n\t\t\t\t\t<\/a>\n\t\t\t\t<img loading=\"lazy\" decoding=\"async\" src=\"\/r\/wp-content\/uploads\/sites\/5\/2021\/04\/Azul-Marino-.jpg\" alt=\"NBLA Premier Azul Marino Edici\u00f3n Limitada\" height=\"577\" width=\"433\" title=\"NBLA Premier Azul Marino Edici\u00f3n Limitada\" \/>\n\t\tAzul Marino Edici\u00f3n Limitada \n\t\t\t<a href=https:\/\/staging.editorialhccp.hcusweb.com\/9780829730272\/nbla-biblia-ultrafina-coleccion-premier-azul\/ target=\"_blank\" role=\"button\" rel=\"noopener\">\n\t\t\t\t\t\t\tCOMPRAR AHORA\n\t\t\t\t\t<\/a>\n\t\t\t\t<img loading=\"lazy\" decoding=\"async\" src=\"\/r\/wp-content\/uploads\/sites\/5\/2021\/04\/NBLA-Cafe.jpg\" alt=\"NBLA Premier Caf\u00e9 Edici\u00f3n Limitada\" height=\"577\" width=\"433\" title=\"NBLA Premier Caf\u00e9 Edici\u00f3n Limitada\" \/>\n\t\tCaf\u00e9 Edici\u00f3n Limitada \n\t\t\t<a href=https:\/\/staging.editorialhccp.hcusweb.com\/9780829702798\/nbla-biblia-ultrafina-coleccion-premier-cafe\/ target=\"_blank\" role=\"button\" rel=\"noopener\">\n\t\t\t\t\t\t\tCOMPRAR AHORA\n\t\t\t\t\t<\/a>\n\t\t\t\t<img loading=\"lazy\" decoding=\"async\" src=\"\/r\/wp-content\/uploads\/sites\/5\/2021\/04\/Negra.jpg\" alt=\"NBLA Premier Negra\" height=\"577\" width=\"433\" title=\"NBLA Premier Negra\" \/>\n\t\tNegra\n\t\t\t<a href=https:\/\/staging.editorialhccp.hcusweb.com\/9780829730579\/nbla-biblia-ultrafina-coleccion-premier-negro\/ target=\"_blank\" role=\"button\" rel=\"noopener\">\n\t\t\t\t\t\t\tCOMPRAR AHORA\n\t\t\t\t\t<\/a>\n<h2>\n\t\tArtesan\u00eda b\u00edblica de primera calidad\n\t<\/h2>\n\t\t\t<img decoding=\"async\" loading='false' src=\"\/r\/wp-content\/uploads\/sites\/5\/2021\/04\/Cubierta-de-Cabra.png\" alt=\"Cubierta de Piel de Cabra\" \/>\t\t\t\n\t\t\t<img decoding=\"async\" loading='false' src=\"\/r\/wp-content\/uploads\/sites\/5\/2021\/04\/Papel-y-Letra.png\" alt=\"Pape Europeo\" \/>\t\t\t\n\t\t\t<img decoding=\"async\" loading='false' src=\"\/r\/wp-content\/uploads\/sites\/5\/2021\/04\/Solapas.png\" alt=\"Solapas en Piel\" \/>\t\t\t\n\t\t\t<img decoding=\"async\" loading='false' src=\"\/r\/wp-content\/uploads\/sites\/5\/2021\/04\/Separadores-de-Satin.png\" alt=\"Separadores de Satin\" \/>\t\t\t\n\t\t\t\t<a href=\"#\" aria-label=\"previous\" role=\"button\">\n<\/a>\n\t\t\t\t<a href=\"#\" aria-label=\"next\" role=\"button\">\n<\/a>\n\t\t\t\t<img loading=\"lazy\" decoding=\"async\" src=\"\/r\/wp-content\/uploads\/sites\/5\/2022\/01\/Banner-RVR-60-Premier.png\" alt=\"Colleccion Premier RVR1960\" height=\"460\" width=\"1400\" title=\"Banner RVR 60 Premier\" \/>\n<h2>\n\t\tLetra exclusiva Comfort Print\u00ae\n\t<\/h2>\n\t<p>Todas las Biblias de la Colecci\u00f3n Premier incorporan letra Comfort Print\u00ae, dise\u00f1ados por la empresa l\u00edder en fundici\u00f3n de fuentes 2K\/DENMARK. Combinando la tradici\u00f3n con los mejores avances de la tipograf\u00eda moderna, estos exclusivos tipos de letra contribuyen a una experiencia de lectura suave y c\u00f3moda.<\/p>\n\t\t\n<h2>\n\t\tCuidado de su Biblia\n\t<\/h2>\n\t<p>Por encima de todo, las Biblias de la Colecci\u00f3n Premier est\u00e1n destinadas a ser usadas y le\u00eddas. Oramos para que usted encuentre el poder de Dios a trav\u00e9s de Su Palabra.<\/p>\n<ul>\n<li>Aunque es mejor tener las manos limpias, los aceites naturales de sus dedos son el mejor conservante para su Biblia.<\/li>\n<li>Deje su Biblia en posici\u00f3n horizontal sobre estantes o mesas para proteger la cubierta blanda y los bordes de las p\u00e1ginas.<\/li>\n<li>Mant\u00e9ngala alejada de la luz solar directa, de las temperaturas extremas y de la humedad.<\/li>\n<li>No utilice productos de limpieza, incluyendo limpiadores o detergentes para la Biblia.<\/li>\n<li>Considere la posibilidad de transportar su Biblia en un estuche bien ajustado para protegerla de la lluvia, la suciedad y los derrames.<\/li>\n<\/ul>\n<h2>\n\t\tImpresi\u00f3n de las Biblias de la Colecci\u00f3n Premier\n\t<\/h2>\n\t<p>Las Biblias de la Colecci\u00f3n Premier utilizan piel de cabra de grano entero, y a\u00f1adir personalizaci\u00f3n es m\u00e1s complejo y arriesgado que con materiales menos costosos. Debido a los desaf\u00edos inherentes a esta hermosa piel, no se recomienda la personalizaci\u00f3n ni la impresi\u00f3n en la cubierta, pero si decide hacerlo, los expertos de la industria hacen las siguientes sugerencias para obtener el mejor resultado:<\/p>\n<ol>\n<li>Ajuste la m\u00e1quina personalizadora a 250 grados.<\/li>\n<li>Estampe primero el nombre a ciegas y, ejerciendo una fuerte presi\u00f3n, mant\u00e9ngalo durante 3 o 4 segundos.<\/li>\n<li>Aplique la l\u00e1mina y, con una fuerte presi\u00f3n, mant\u00e9ngala durante \u00bd segundo.<\/li>\n<\/ol>\n<p>Nota: La l\u00e1mina es necesaria para la personalizaci\u00f3n. El estampado a ciegas por s\u00ed solo no ser\u00e1 suficiente debido al contraste con el grano del cuero].<\/p>\n<h2>\n\t\tCalidad garantizada\n\t<\/h2>\n\t<p>Las Biblias de la Colecci\u00f3n Premier est\u00e1n respaldadas por una garant\u00eda de por vida. Si una Biblia falla debido a defectos de fabricaci\u00f3n, puede devolverla para obtener un reemplazo gratuito. Si la misma Biblia ya no est\u00e1 disponible, ser\u00e1 reemplazada por una biblia de igual o mayor valor. Esta garant\u00eda no se aplica al desgaste normal.<\/p>\n<p>La informaci\u00f3n de registro para nuestra garant\u00eda de por vida se incluye con todas las Biblias Premier o, por favor, reg\u00edstrese utilizando los formularios de abajo:<\/p>\n\t\n<label for=\"email\">Correo electr\u00f3nico:<\/label>\n\n<br \/>\n<label for=\"first_name\">Nombre:<\/label>\n\n<br \/>\n<label for=\"last_name\">Apellido:<\/label>\n\n<br \/>\n<label for=\"isbn\">ISBN de la Biblia:<\/label>\n\n<br \/>\n<label>Pa\u00eds:AFGHANISTANALAND ISLANDSALBANIAALGERIAAMERICAN SAMOAANDORRAANGOLAANGUILLAANTARCTICAANTIGUA AND BARBUDAARGENTINAARMENIAARUBAAUSTRALIAAUSTRIAAZERBAIJANBAHAMASBAHRAINBANGLADESHBARBADOSBELARUSBELGIUMBELIZEBENINBERMUDABHUTANBOLIVIA, PLURINATIONAL STATE OFBONAIRE, SINT EUSTATIUS AND SABABOSNIA AND HERZEGOVINABOTSWANABOUVET ISLANDBRAZILBRITISH INDIAN OCEAN TERRITORYBRUNEI DARUSSALAMBULGARIABURKINA FASOBURUNDICAMBODIACAMEROONCANADACAPE VERDECAYMAN ISLANDSCENTRAL AFRICAN REPUBLICCHADCHILECHINACHRISTMAS ISLANDCOCOS (KEELING) ISLANDSCOLOMBIACOMOROSCONGOCONGO, THE DEMOCRATIC REPUBLIC OF THECOOK ISLANDSCOSTA RICACOTE D&#8217;IVOIRECROATIACUBACURACAOCYPRUSCZECH REPUBLICDENMARKDJIBOUTIDOMINICADOMINICAN REPUBLICECUADOREGYPTEL SALVADOREQUATORIAL GUINEAERITREAESTONIAETHIOPIAFALKLAND ISLANDS (MALVINAS)FAROE ISLANDSFIJIFINLANDFRANCEFRENCH GUIANAFRENCH POLYNESIAFRENCH SOUTHERN TERRITORIESGABONGAMBIAGEORGIAGERMANYGHANAGIBRALTARGREECEGREENLANDGRENADAGUADELOUPEGUAMGUATEMALAGUERNSEYGUINEAGUINEA-BISSAUGUYANAHAITIHEARD ISLAND AND MCDONALD ISLANDSHOLY SEE (VATICAN CITY STATE)HONDURASHONG KONGHUNGARYICELANDINDIAINDONESIAIRAN, ISLAMIC REPUBLIC OFIRAQIRELANDISLE OF MANISRAELITALYJAMAICAJAPANJERSEYJORDANKAZAKHSTANKENYAKIRIBATIKOREA, DEMOCRATIC PEOPLE&#8217;S REPUBLIC OFKOREA, REPUBLIC OFKUWAITKYRGYZSTANLAO PEOPLE&#8217;S DEMOCRATIC REPUBLICLATVIALEBANONLESOTHOLIBERIALIBYALIECHTENSTEINLITHUANIALUXEMBOURGMACAOMACEDONIA, THE FORMER YUGOSLAV REPUBLIC OFMADAGASCARMALAWIMALAYSIAMALDIVESMALIMALTAMARSHALL ISLANDSMARTINIQUEMAURITANIAMAURITIUSMAYOTTEMEXICOMICRONESIA, FEDERATED STATES OFMOLDOVA, REPUBLIC OFMONACOMONGOLIAMONTENEGROMONTSERRATMOROCCOMOZAMBIQUEMYANMARNAMIBIANAURUNEPALNETHERLANDSNEW CALEDONIANEW ZEALANDNICARAGUANIGERNIGERIANIUENORFOLK ISLANDNORTHERN MARIANA ISLANDSNORWAYOMANPAKISTANPALAUPALESTINIAN TERRITORY, OCCUPIEDPANAMAPAPUA NEW GUINEAPARAGUAYPERUPHILIPPINESPITCAIRNPOLANDPORTUGALPUERTO RICOQATARREUNIONROMANIARUSSIAN FEDERATIONRWANDASAINT BARTHELEMYSAINT HELENA, ASCENSION AND TRISTAN DA CUNHASAINT KITTS AND NEVISSAINT LUCIASAINT MARTIN (FRENCH PART)SAINT PIERRE AND MIQUELONSAINT VINCENT AND THE GRENADINESSAMOASAN MARINOSAO TOME AND PRINCIPESAUDI ARABIASENEGALSERBIASEYCHELLESSIERRA LEONESINGAPORESINT MAARTEN (DUTCH PART)SLOVAKIASLOVENIASOLOMON ISLANDSSOMALIASOUTH AFRICASOUTH GEORGIA AND THE SOUTH SANDWICH ISLANDSSOUTH SUDANSPAINSRI LANKASUDANSURINAMESVALBARD AND JAN MAYENSWAZILANDSWEDENSWITZERLANDSYRIAN ARAB REPUBLICTAIWAN, PROVINCE OF CHINATAJIKISTANTANZANIA, UNITED REPUBLIC OFTHAILANDTIMOR-LESTETOGOTOKELAUTONGATRINIDAD AND TOBAGOTUNISIATURKEYTURKMENISTANTURKS AND CAICOS ISLANDSTUVALUUGANDAUKRAINEUNITED ARAB EMIRATESUNITED KINGDOMUNITED STATESUNITED STATES MINOR OUTLYING ISLANDSURUGUAYUZBEKISTANVANUATUVENEZUELA, BOLIVARIAN REPUBLIC OFVIET NAMVIRGIN ISLANDS, BRITISHVIRGIN ISLANDS, U.S.WALLIS AND FUTUNAWESTERN SAHARAYEMENZAMBIAZIMBABWE<br \/>\n<br \/>\n\n\n\n<br \/><br \/>\n\n\n<\/label>\n\t<p>Al proporcionarnos su direcci\u00f3n de correo electr\u00f3nico usted tambi\u00e9n nos indica que est\u00e1 consciente de que recibir\u00e1 comunicados por este mismo medio de parte de HarperCollins Christian Publishing\u00a0(501 Nelson Place, Nashville, TN 37214 USA) con informaci\u00f3n acerca de productos y servicios tanto de HCCP como de sus afiliados.\u00a0Usted puede darse de baja de esta lista de env\u00edo de comunicados en\u00a0cualquier momento.\u00a0Si tiene alguna pregunta, por favor consulte nuestra\u00a0<a href=\"https:\/\/www.harpercollinschristian.com\/privacy\/\">Pol\u00edtica de Privacidad<\/a>\u00a0o env\u00ede un correo electr\u00f3nico a\u00a0<a href=\"mailto:yourprivacy@harpercollins.com\"><strong>yourprivacy@harpercollins.com<\/strong><\/a><\/p>\n\t\t\t\t<a href=\"https:\/\/exploranbla.com\/biblias\" target=\"_blank\" rel=\"noopener\">\n\t\t\t\t<img loading=\"lazy\" decoding=\"async\" src=\"\/r\/wp-content\/uploads\/sites\/5\/2021\/03\/NBLA-Logo-Black.png\" alt=\"NBLA nueva biblia de las americas\" height=\"287\" width=\"852\" title=\"NBLA Logo Black\" \/>\n\t\t\t\t<\/a>\n\t\t\t\t<a href=https:\/\/staging.editorialhccp.hcusweb.com\/vida\/ target=\"_blank\" rel=\"noopener\">\n\t\t\t\t<img loading=\"lazy\" decoding=\"async\" src=\"\/r\/wp-content\/uploads\/sites\/5\/2021\/02\/vida-logo-black.png\" alt=\"editorial vida\" height=\"241\" width=\"514\" title=\"vida logo black\" \/>\n\t\t\t\t<\/a>\n\t\t\t\t<img loading=\"lazy\" decoding=\"async\" src=\"\/r\/wp-content\/uploads\/sites\/5\/2020\/09\/rvr60_logo.png\" alt=\"rvr60_logo\" height=\"700\" width=\"938\" title=\"rvr60_logo\" \/>\n\t<p>\u00a9 Copyright 2022 by <a href=\"http:\/\/www.harpercollinschristian.com\/\" target=\"_blank\" rel=\"noopener\">HarperCollins Christian Publishing<\/a><\/p>\n<p><a href=\"https:\/\/www.harpercollinschristian.com\/privacy\/\">Pol\u00edtica de Privacidad | <\/a><a href=\"https:\/\/www.harpercollinschristian.com\/terms\/\">T\u00e9rminos y Condiciones | <\/a><a href=\"https:\/\/www.harpercollinschristian.com\/california-consumer-privacy-act\/\">Derechos de privacidad de California | <\/a><a href=\"https:\/\/www.harpercollinschristian.com\/do-not-sell\/\">No venda mi informaci\u00f3n personal<\/a><\/p>\n\n","protected":false},"excerpt":{"rendered":"<p>Biblia RVR60 Piel genuina Azul COMPRAR AHORA Biblia RVR60 Piel genuina Caramelo COMPRAR AHORA Biblia RVR60 Piel genuina Azul Marino COMPRAR AHORA Biblia RVR60 Piel genuina Caf\u00e9 COMPRAR AHORA Biblia RVR60 Piel genuina Negra COMPRAR AHORA .embedtool {position: relative;height: 0;padding-top: 56%;overflow: hidden;max-width: 100%;} .embedtool iframe, .embedtool object, .embedtool embed { position: absolute; top: 0; left: [&hellip;]<\/p>\n","protected":false},"author":0,"featured_media":0,"parent":0,"menu_order":0,"comment_status":"closed","ping_status":"closed","template":"","meta":{"_acf_changed":false,"footnotes":""},"class_list":["post-7002","page","type-page","status-publish","hentry"],"acf":[],"yoast_head":"<!-- This site is optimized with the Yoast SEO Premium plugin v27.3 (Yoast SEO v27.4) - https:\/\/yoast.com\/product\/yoast-seo-premium-wordpress\/ -->\n<title>Biblia Colecci\u00f3n Premier - Marketing Pages<\/title>\n<meta name=\"robots\" content=\"index, follow, max-snippet:-1, max-image-preview:large, max-video-preview:-1\" \/>\n<link rel=\"canonical\" href=\"https:\/\/staging.editorialhccp.hcusweb.com\/r\/biblia-coleccion-premier\/\" \/>\n<meta property=\"og:locale\" content=\"en_US\" \/>\n<meta property=\"og:type\" content=\"article\" \/>\n<meta property=\"og:title\" content=\"Biblia Colecci\u00f3n Premier\" \/>\n<meta property=\"og:description\" content=\"Biblia RVR60 Piel genuina Azul COMPRAR AHORA Biblia RVR60 Piel genuina Caramelo COMPRAR AHORA Biblia RVR60 Piel genuina Azul Marino COMPRAR AHORA Biblia RVR60 Piel genuina Caf\u00e9 COMPRAR AHORA Biblia RVR60 Piel genuina Negra COMPRAR AHORA .embedtool {position: relative;height: 0;padding-top: 56%;overflow: hidden;max-width: 100%;} .embedtool iframe, .embedtool object, .embedtool embed { position: absolute; top: 0; left: [&hellip;]\" \/>\n<meta property=\"og:url\" content=\"https:\/\/staging.editorialhccp.hcusweb.com\/r\/biblia-coleccion-premier\/\" \/>\n<meta property=\"og:site_name\" content=\"Marketing Pages\" \/>\n<meta name=\"twitter:card\" content=\"summary_large_image\" \/>\n<script type=\"application\/ld+json\" class=\"yoast-schema-graph\">{\"@context\":\"https:\\\/\\\/schema.org\",\"@graph\":[{\"@type\":\"WebPage\",\"@id\":\"https:\\\/\\\/staging.editorialhccp.hcusweb.com\\\/r\\\/biblia-coleccion-premier\\\/\",\"url\":\"https:\\\/\\\/staging.editorialhccp.hcusweb.com\\\/r\\\/biblia-coleccion-premier\\\/\",\"name\":\"Biblia Colecci\u00f3n Premier - Marketing Pages\",\"isPartOf\":{\"@id\":\"https:\\\/\\\/staging.editorialhccp.hcusweb.com\\\/r\\\/#website\"},\"datePublished\":\"2021-03-15T13:37:48+00:00\",\"breadcrumb\":{\"@id\":\"https:\\\/\\\/staging.editorialhccp.hcusweb.com\\\/r\\\/biblia-coleccion-premier\\\/#breadcrumb\"},\"inLanguage\":\"en-US\",\"potentialAction\":[{\"@type\":\"ReadAction\",\"target\":[\"https:\\\/\\\/staging.editorialhccp.hcusweb.com\\\/r\\\/biblia-coleccion-premier\\\/\"]}]},{\"@type\":\"BreadcrumbList\",\"@id\":\"https:\\\/\\\/staging.editorialhccp.hcusweb.com\\\/r\\\/biblia-coleccion-premier\\\/#breadcrumb\",\"itemListElement\":[{\"@type\":\"ListItem\",\"position\":1,\"name\":\"Home\",\"item\":\"https:\\\/\\\/staging.editorialhccp.hcusweb.com\\\/r\\\/\"},{\"@type\":\"ListItem\",\"position\":2,\"name\":\"Biblia Colecci\u00f3n Premier\"}]},{\"@type\":\"WebSite\",\"@id\":\"https:\\\/\\\/staging.editorialhccp.hcusweb.com\\\/r\\\/#website\",\"url\":\"https:\\\/\\\/staging.editorialhccp.hcusweb.com\\\/r\\\/\",\"name\":\"Marketing Pages\",\"description\":\"\",\"potentialAction\":[{\"@type\":\"SearchAction\",\"target\":{\"@type\":\"EntryPoint\",\"urlTemplate\":\"https:\\\/\\\/staging.editorialhccp.hcusweb.com\\\/r\\\/?s={search_term_string}\"},\"query-input\":{\"@type\":\"PropertyValueSpecification\",\"valueRequired\":true,\"valueName\":\"search_term_string\"}}],\"inLanguage\":\"en-US\"}]}<\/script>\n<!-- \/ Yoast SEO Premium plugin. -->","yoast_head_json":{"title":"Biblia Colecci\u00f3n Premier - Marketing Pages","robots":{"index":"index","follow":"follow","max-snippet":"max-snippet:-1","max-image-preview":"max-image-preview:large","max-video-preview":"max-video-preview:-1"},"canonical":"https:\/\/staging.editorialhccp.hcusweb.com\/r\/biblia-coleccion-premier\/","og_locale":"en_US","og_type":"article","og_title":"Biblia Colecci\u00f3n Premier","og_description":"Biblia RVR60 Piel genuina Azul COMPRAR AHORA Biblia RVR60 Piel genuina Caramelo COMPRAR AHORA Biblia RVR60 Piel genuina Azul Marino COMPRAR AHORA Biblia RVR60 Piel genuina Caf\u00e9 COMPRAR AHORA Biblia RVR60 Piel genuina Negra COMPRAR AHORA .embedtool {position: relative;height: 0;padding-top: 56%;overflow: hidden;max-width: 100%;} .embedtool iframe, .embedtool object, .embedtool embed { position: absolute; top: 0; left: [&hellip;]","og_url":"https:\/\/staging.editorialhccp.hcusweb.com\/r\/biblia-coleccion-premier\/","og_site_name":"Marketing Pages","twitter_card":"summary_large_image","schema":{"@context":"https:\/\/schema.org","@graph":[{"@type":"WebPage","@id":"https:\/\/staging.editorialhccp.hcusweb.com\/r\/biblia-coleccion-premier\/","url":"https:\/\/staging.editorialhccp.hcusweb.com\/r\/biblia-coleccion-premier\/","name":"Biblia Colecci\u00f3n Premier - Marketing Pages","isPartOf":{"@id":"https:\/\/staging.editorialhccp.hcusweb.com\/r\/#website"},"datePublished":"2021-03-15T13:37:48+00:00","breadcrumb":{"@id":"https:\/\/staging.editorialhccp.hcusweb.com\/r\/biblia-coleccion-premier\/#breadcrumb"},"inLanguage":"en-US","potentialAction":[{"@type":"ReadAction","target":["https:\/\/staging.editorialhccp.hcusweb.com\/r\/biblia-coleccion-premier\/"]}]},{"@type":"BreadcrumbList","@id":"https:\/\/staging.editorialhccp.hcusweb.com\/r\/biblia-coleccion-premier\/#breadcrumb","itemListElement":[{"@type":"ListItem","position":1,"name":"Home","item":"https:\/\/staging.editorialhccp.hcusweb.com\/r\/"},{"@type":"ListItem","position":2,"name":"Biblia Colecci\u00f3n Premier"}]},{"@type":"WebSite","@id":"https:\/\/staging.editorialhccp.hcusweb.com\/r\/#website","url":"https:\/\/staging.editorialhccp.hcusweb.com\/r\/","name":"Marketing Pages","description":"","potentialAction":[{"@type":"SearchAction","target":{"@type":"EntryPoint","urlTemplate":"https:\/\/staging.editorialhccp.hcusweb.com\/r\/?s={search_term_string}"},"query-input":{"@type":"PropertyValueSpecification","valueRequired":true,"valueName":"search_term_string"}}],"inLanguage":"en-US"}]}},"_links":{"self":[{"href":"https:\/\/staging.editorialhccp.hcusweb.com\/r\/wp-json\/wp\/v2\/pages\/7002","targetHints":{"allow":["GET"]}}],"collection":[{"href":"https:\/\/staging.editorialhccp.hcusweb.com\/r\/wp-json\/wp\/v2\/pages"}],"about":[{"href":"https:\/\/staging.editorialhccp.hcusweb.com\/r\/wp-json\/wp\/v2\/types\/page"}],"replies":[{"embeddable":true,"href":"https:\/\/staging.editorialhccp.hcusweb.com\/r\/wp-json\/wp\/v2\/comments?post=7002"}],"version-history":[{"count":0,"href":"https:\/\/staging.editorialhccp.hcusweb.com\/r\/wp-json\/wp\/v2\/pages\/7002\/revisions"}],"wp:attachment":[{"href":"https:\/\/staging.editorialhccp.hcusweb.com\/r\/wp-json\/wp\/v2\/media?parent=7002"}],"curies":[{"name":"wp","href":"https:\/\/api.w.org\/{rel}","templated":true}]}}