{"id":730,"date":"2018-01-22T16:48:14","date_gmt":"2018-01-22T16:48:14","guid":{"rendered":"http:\/\/info.recursosparalaiglesia.com\/?page_id=730"},"modified":"2025-12-30T18:16:30","modified_gmt":"2025-12-30T18:16:30","slug":"versiculo-diario","status":"publish","type":"page","link":"https:\/\/staging.editorialhccp.hcusweb.com\/r\/versiculo-diario\/","title":{"rendered":"Vers\u00edculo B\u00edblico Diario &#8211; RVR"},"content":{"rendered":"\n\n\t\t\t\t<img decoding=\"async\" src=\"https:\/\/staging.editorialhccp.hcusweb.com\/r\/wp-content\/uploads\/2017\/12\/01190608\/RVR-LOGO-WHITE-300x223.png\" alt=\"RVR-LOGO-WHITE\" itemprop=\"image\" title=\"RVR-LOGO-WHITE\" onerror=\"this.style.display='none'\" loading=\"lazy\" \/>\n\t<h1>Biblia Reina Valera Revisada<\/h1>\n\t<h2>Inscr\u00edbete para recibir un vers\u00edculo dela Biblia RVR gratis en tu correo electr\u00f3nico cada d\u00eda.<\/h2>\n\t<img id=\"votd-dynamic-image\" data-version=\"rvr\"\/>\n\t<h1>Suscripci\u00f3n<\/h1>\n\t<form method=\"post\" action=\"https:\/\/forms.harpercollinschristian.com\/Spanish_Secure\/RVR_VOTD\" pageId=\"21791513\" siteId=\"510598\" parentPageId=\"21791511\"><table cellpadding=\"0\" cellspacing=\"0\" border=\"0\"><tr><td>Nombre<input type=\"text\" name=\"First Name\" id=\"control_COLUMN3\" label=\"Nombre\"\/><\/td><\/tr><tr><td>Apellido<input type=\"text\" name=\"Last Name\" id=\"control_COLUMN4\" label=\"Apellido\"\/><\/td><\/tr><tr><td>Pa\u00eds<select name=\"Country\" id=\"control_COLUMN13\" label=\"Pa\u00eds\"><option value=\"\" SELECTED>Select one<\/option><option value=\"AFGHANISTAN\">AFGHANISTAN<\/option><option value=\"ALAND ISLANDS\">ALAND ISLANDS<\/option><option value=\"ALBANIA\">ALBANIA<\/option><option value=\"ALGERIA\">ALGERIA<\/option><option value=\"AMERICAN SAMOA\">AMERICAN SAMOA<\/option><option value=\"ANDORRA\">ANDORRA<\/option><option value=\"ANGOLA\">ANGOLA<\/option><option value=\"ANGUILLA\">ANGUILLA<\/option><option value=\"ANTARCTICA\">ANTARCTICA<\/option><option value=\"ANTIGUA AND BARBUDA\">ANTIGUA AND BARBUDA<\/option><option value=\"ARGENTINA\">ARGENTINA<\/option><option value=\"ARMENIA\">ARMENIA<\/option><option value=\"ARUBA\">ARUBA<\/option><option value=\"AUSTRALIA\">AUSTRALIA<\/option><option value=\"AUSTRIA\">AUSTRIA<\/option><option value=\"AZERBAIJAN\">AZERBAIJAN<\/option><option value=\"BAHAMAS\">BAHAMAS<\/option><option value=\"BAHRAIN\">BAHRAIN<\/option><option value=\"BANGLADESH\">BANGLADESH<\/option><option value=\"BARBADOS\">BARBADOS<\/option><option value=\"BELARUS\">BELARUS<\/option><option value=\"BELGIUM\">BELGIUM<\/option><option value=\"BELIZE\">BELIZE<\/option><option value=\"BENIN\">BENIN<\/option><option value=\"BERMUDA\">BERMUDA<\/option><option value=\"BHUTAN\">BHUTAN<\/option><option value=\"BOLIVIA, PLURINATIONAL STATE OF\">BOLIVIA, PLURINATIONAL STATE OF<\/option><option value=\"BONAIRE, SINT EUSTATIUS AND SABA\">BONAIRE, SINT EUSTATIUS AND SABA<\/option><option value=\"BOSNIA AND HERZEGOVINA\">BOSNIA AND HERZEGOVINA<\/option><option value=\"BOTSWANA\">BOTSWANA<\/option><option value=\"BOUVET ISLAND\">BOUVET ISLAND<\/option><option value=\"BRAZIL\">BRAZIL<\/option><option value=\"BRITISH INDIAN OCEAN TERRITORY\">BRITISH INDIAN OCEAN TERRITORY<\/option><option value=\"BRUNEI DARUSSALAM\">BRUNEI DARUSSALAM<\/option><option value=\"BULGARIA\">BULGARIA<\/option><option value=\"BURKINA FASO\">BURKINA FASO<\/option><option value=\"BURUNDI\">BURUNDI<\/option><option value=\"CAMBODIA\">CAMBODIA<\/option><option value=\"CAMEROON\">CAMEROON<\/option><option value=\"CANADA\">CANADA<\/option><option value=\"CAPE VERDE\">CAPE VERDE<\/option><option value=\"CAYMAN ISLANDS\">CAYMAN ISLANDS<\/option><option value=\"CENTRAL AFRICAN REPUBLIC\">CENTRAL AFRICAN REPUBLIC<\/option><option value=\"CHAD\">CHAD<\/option><option value=\"CHILE\">CHILE<\/option><option value=\"CHINA\">CHINA<\/option><option value=\"CHRISTMAS ISLAND\">CHRISTMAS ISLAND<\/option><option value=\"COCOS (KEELING) ISLANDS\">COCOS (KEELING) ISLANDS<\/option><option value=\"COLOMBIA\">COLOMBIA<\/option><option value=\"COMOROS\">COMOROS<\/option><option value=\"CONGO\">CONGO<\/option><option value=\"CONGO, THE DEMOCRATIC REPUBLIC OF THE\">CONGO, THE DEMOCRATIC REPUBLIC OF THE<\/option><option value=\"COOK ISLANDS\">COOK ISLANDS<\/option><option value=\"COSTA RICA\">COSTA RICA<\/option><option value=\"COTE D'IVOIRE\">COTE D&#8217;IVOIRE<\/option><option value=\"CROATIA\">CROATIA<\/option><option value=\"CUBA\">CUBA<\/option><option value=\"CURACAO\">CURACAO<\/option><option value=\"CYPRUS\">CYPRUS<\/option><option value=\"CZECH REPUBLIC\">CZECH REPUBLIC<\/option><option value=\"DENMARK\">DENMARK<\/option><option value=\"DJIBOUTI\">DJIBOUTI<\/option><option value=\"DOMINICA\">DOMINICA<\/option><option value=\"DOMINICAN REPUBLIC\">DOMINICAN REPUBLIC<\/option><option value=\"ECUADOR\">ECUADOR<\/option><option value=\"EGYPT\">EGYPT<\/option><option value=\"EL SALVADOR\">EL SALVADOR<\/option><option value=\"EQUATORIAL GUINEA\">EQUATORIAL GUINEA<\/option><option value=\"ERITREA\">ERITREA<\/option><option value=\"ESTONIA\">ESTONIA<\/option><option value=\"ETHIOPIA\">ETHIOPIA<\/option><option value=\"FALKLAND ISLANDS (MALVINAS)\">FALKLAND ISLANDS (MALVINAS)<\/option><option value=\"FAROE ISLANDS\">FAROE ISLANDS<\/option><option value=\"FIJI\">FIJI<\/option><option value=\"FINLAND\">FINLAND<\/option><option value=\"FRANCE\">FRANCE<\/option><option value=\"FRENCH GUIANA\">FRENCH GUIANA<\/option><option value=\"FRENCH POLYNESIA\">FRENCH POLYNESIA<\/option><option value=\"FRENCH SOUTHERN TERRITORIES\">FRENCH SOUTHERN TERRITORIES<\/option><option value=\"GABON\">GABON<\/option><option value=\"GAMBIA\">GAMBIA<\/option><option value=\"GEORGIA\">GEORGIA<\/option><option value=\"GERMANY\">GERMANY<\/option><option value=\"GHANA\">GHANA<\/option><option value=\"GIBRALTAR\">GIBRALTAR<\/option><option value=\"GREECE\">GREECE<\/option><option value=\"GREENLAND\">GREENLAND<\/option><option value=\"GRENADA\">GRENADA<\/option><option value=\"GUADELOUPE\">GUADELOUPE<\/option><option value=\"GUAM\">GUAM<\/option><option value=\"GUATEMALA\">GUATEMALA<\/option><option value=\"GUERNSEY\">GUERNSEY<\/option><option value=\"GUINEA\">GUINEA<\/option><option value=\"GUINEA-BISSAU\">GUINEA-BISSAU<\/option><option value=\"GUYANA\">GUYANA<\/option><option value=\"HAITI\">HAITI<\/option><option value=\"HEARD ISLAND AND MCDONALD ISLANDS\">HEARD ISLAND AND MCDONALD ISLANDS<\/option><option value=\"HOLY SEE (VATICAN CITY STATE)\">HOLY SEE (VATICAN CITY STATE)<\/option><option value=\"HONDURAS\">HONDURAS<\/option><option value=\"HONG KONG\">HONG KONG<\/option><option value=\"HUNGARY\">HUNGARY<\/option><option value=\"ICELAND\">ICELAND<\/option><option value=\"INDIA\">INDIA<\/option><option value=\"INDONESIA\">INDONESIA<\/option><option value=\"IRAN, ISLAMIC REPUBLIC OF\">IRAN, ISLAMIC REPUBLIC OF<\/option><option value=\"IRAQ\">IRAQ<\/option><option value=\"IRELAND\">IRELAND<\/option><option value=\"ISLE OF MAN\">ISLE OF MAN<\/option><option value=\"ISRAEL\">ISRAEL<\/option><option value=\"ITALY\">ITALY<\/option><option value=\"JAMAICA\">JAMAICA<\/option><option value=\"JAPAN\">JAPAN<\/option><option value=\"JERSEY\">JERSEY<\/option><option value=\"JORDAN\">JORDAN<\/option><option value=\"KAZAKHSTAN\">KAZAKHSTAN<\/option><option value=\"KENYA\">KENYA<\/option><option value=\"KIRIBATI\">KIRIBATI<\/option><option value=\"KOREA, DEMOCRATIC PEOPLE'S REPUBLIC OF\">KOREA, DEMOCRATIC PEOPLE&#8217;S REPUBLIC OF<\/option><option value=\"KOREA, REPUBLIC OF\">KOREA, REPUBLIC OF<\/option><option value=\"KUWAIT\">KUWAIT<\/option><option value=\"KYRGYZSTAN\">KYRGYZSTAN<\/option><option value=\"LAO PEOPLE'S DEMOCRATIC REPUBLIC\">LAO PEOPLE&#8217;S DEMOCRATIC REPUBLIC<\/option><option value=\"LATVIA\">LATVIA<\/option><option value=\"LEBANON\">LEBANON<\/option><option value=\"LESOTHO\">LESOTHO<\/option><option value=\"LIBERIA\">LIBERIA<\/option><option value=\"LIBYA\">LIBYA<\/option><option value=\"LIECHTENSTEIN\">LIECHTENSTEIN<\/option><option value=\"LITHUANIA\">LITHUANIA<\/option><option value=\"LUXEMBOURG\">LUXEMBOURG<\/option><option value=\"MACAO\">MACAO<\/option><option value=\"MACEDONIA, THE FORMER YUGOSLAV REPUBLIC OF\">MACEDONIA, THE FORMER YUGOSLAV REPUBLIC OF<\/option><option value=\"MADAGASCAR\">MADAGASCAR<\/option><option value=\"MALAWI\">MALAWI<\/option><option value=\"MALAYSIA\">MALAYSIA<\/option><option value=\"MALDIVES\">MALDIVES<\/option><option value=\"MALI\">MALI<\/option><option value=\"MALTA\">MALTA<\/option><option value=\"MARSHALL ISLANDS\">MARSHALL ISLANDS<\/option><option value=\"MARTINIQUE\">MARTINIQUE<\/option><option value=\"MAURITANIA\">MAURITANIA<\/option><option value=\"MAURITIUS\">MAURITIUS<\/option><option value=\"MAYOTTE\">MAYOTTE<\/option><option value=\"MEXICO\">MEXICO<\/option><option value=\"MICRONESIA, FEDERATED STATES OF\">MICRONESIA, FEDERATED STATES OF<\/option><option value=\"MOLDOVA, REPUBLIC OF\">MOLDOVA, REPUBLIC OF<\/option><option value=\"MONACO\">MONACO<\/option><option value=\"MONGOLIA\">MONGOLIA<\/option><option value=\"MONTENEGRO\">MONTENEGRO<\/option><option value=\"MONTSERRAT\">MONTSERRAT<\/option><option value=\"MOROCCO\">MOROCCO<\/option><option value=\"MOZAMBIQUE\">MOZAMBIQUE<\/option><option value=\"MYANMAR\">MYANMAR<\/option><option value=\"NAMIBIA\">NAMIBIA<\/option><option value=\"NAURU\">NAURU<\/option><option value=\"NEPAL\">NEPAL<\/option><option value=\"NETHERLANDS\">NETHERLANDS<\/option><option value=\"NEW CALEDONIA\">NEW CALEDONIA<\/option><option value=\"NEW ZEALAND\">NEW ZEALAND<\/option><option value=\"NICARAGUA\">NICARAGUA<\/option><option value=\"NIGER\">NIGER<\/option><option value=\"NIGERIA\">NIGERIA<\/option><option value=\"NIUE\">NIUE<\/option><option value=\"NORFOLK ISLAND\">NORFOLK ISLAND<\/option><option value=\"NORTHERN MARIANA ISLANDS\">NORTHERN MARIANA ISLANDS<\/option><option value=\"NORWAY\">NORWAY<\/option><option value=\"OMAN\">OMAN<\/option><option value=\"PAKISTAN\">PAKISTAN<\/option><option value=\"PALAU\">PALAU<\/option><option value=\"PALESTINIAN TERRITORY, OCCUPIED\">PALESTINIAN TERRITORY, OCCUPIED<\/option><option value=\"PANAMA\">PANAMA<\/option><option value=\"PAPUA NEW GUINEA\">PAPUA NEW GUINEA<\/option><option value=\"PARAGUAY\">PARAGUAY<\/option><option value=\"PERU\">PERU<\/option><option value=\"PHILIPPINES\">PHILIPPINES<\/option><option value=\"PITCAIRN\">PITCAIRN<\/option><option value=\"POLAND\">POLAND<\/option><option value=\"PORTUGAL\">PORTUGAL<\/option><option value=\"PUERTO RICO\">PUERTO RICO<\/option><option value=\"QATAR\">QATAR<\/option><option value=\"REUNION\">REUNION<\/option><option value=\"ROMANIA\">ROMANIA<\/option><option value=\"RUSSIAN FEDERATION\">RUSSIAN FEDERATION<\/option><option value=\"RWANDA\">RWANDA<\/option><option value=\"SAINT BARTHELEMY\">SAINT BARTHELEMY<\/option><option value=\"SAINT HELENA, ASCENSION AND TRISTAN DA CUNHA\">SAINT HELENA, ASCENSION AND TRISTAN DA CUNHA<\/option><option value=\"SAINT KITTS AND NEVIS\">SAINT KITTS AND NEVIS<\/option><option value=\"SAINT LUCIA\">SAINT LUCIA<\/option><option value=\"SAINT MARTIN (FRENCH PART)\">SAINT MARTIN (FRENCH PART)<\/option><option value=\"SAINT PIERRE AND MIQUELON\">SAINT PIERRE AND MIQUELON<\/option><option value=\"SAINT VINCENT AND THE GRENADINES\">SAINT VINCENT AND THE GRENADINES<\/option><option value=\"SAMOA\">SAMOA<\/option><option value=\"SAN MARINO\">SAN MARINO<\/option><option value=\"SAO TOME AND PRINCIPE\">SAO TOME AND PRINCIPE<\/option><option value=\"SAUDI ARABIA\">SAUDI ARABIA<\/option><option value=\"SENEGAL\">SENEGAL<\/option><option value=\"SERBIA\">SERBIA<\/option><option value=\"SEYCHELLES\">SEYCHELLES<\/option><option value=\"SIERRA LEONE\">SIERRA LEONE<\/option><option value=\"SINGAPORE\">SINGAPORE<\/option><option value=\"SINT MAARTEN (DUTCH PART)\">SINT MAARTEN (DUTCH PART)<\/option><option value=\"SLOVAKIA\">SLOVAKIA<\/option><option value=\"SLOVENIA\">SLOVENIA<\/option><option value=\"SOLOMON ISLANDS\">SOLOMON ISLANDS<\/option><option value=\"SOMALIA\">SOMALIA<\/option><option value=\"SOUTH AFRICA\">SOUTH AFRICA<\/option><option value=\"SOUTH GEORGIA AND THE SOUTH SANDWICH ISLANDS\">SOUTH GEORGIA AND THE SOUTH SANDWICH ISLANDS<\/option><option value=\"SOUTH SUDAN\">SOUTH SUDAN<\/option><option value=\"SPAIN\">SPAIN<\/option><option value=\"SRI LANKA\">SRI LANKA<\/option><option value=\"SUDAN\">SUDAN<\/option><option value=\"SURINAME\">SURINAME<\/option><option value=\"SVALBARD AND JAN MAYEN\">SVALBARD AND JAN MAYEN<\/option><option value=\"SWAZILAND\">SWAZILAND<\/option><option value=\"SWEDEN\">SWEDEN<\/option><option value=\"SWITZERLAND\">SWITZERLAND<\/option><option value=\"SYRIAN ARAB REPUBLIC\">SYRIAN ARAB REPUBLIC<\/option><option value=\"TAIWAN, PROVINCE OF CHINA\">TAIWAN, PROVINCE OF CHINA<\/option><option value=\"TAJIKISTAN\">TAJIKISTAN<\/option><option value=\"TANZANIA, UNITED REPUBLIC OF\">TANZANIA, UNITED REPUBLIC OF<\/option><option value=\"THAILAND\">THAILAND<\/option><option value=\"TIMOR-LESTE\">TIMOR-LESTE<\/option><option value=\"TOGO\">TOGO<\/option><option value=\"TOKELAU\">TOKELAU<\/option><option value=\"TONGA\">TONGA<\/option><option value=\"TRINIDAD AND TOBAGO\">TRINIDAD AND TOBAGO<\/option><option value=\"TUNISIA\">TUNISIA<\/option><option value=\"TURKEY\">TURKEY<\/option><option value=\"TURKMENISTAN\">TURKMENISTAN<\/option><option value=\"TURKS AND CAICOS ISLANDS\">TURKS AND CAICOS ISLANDS<\/option><option value=\"TUVALU\">TUVALU<\/option><option value=\"UGANDA\">UGANDA<\/option><option value=\"UKRAINE\">UKRAINE<\/option><option value=\"UNITED ARAB EMIRATES\">UNITED ARAB EMIRATES<\/option><option value=\"UNITED KINGDOM\">UNITED KINGDOM<\/option><option value=\"UNITED STATES\">UNITED STATES<\/option><option value=\"UNITED STATES MINOR OUTLYING ISLANDS\">UNITED STATES MINOR OUTLYING ISLANDS<\/option><option value=\"URUGUAY\">URUGUAY<\/option><option value=\"UZBEKISTAN\">UZBEKISTAN<\/option><option value=\"VANUATU\">VANUATU<\/option><option value=\"VENEZUELA, BOLIVARIAN REPUBLIC OF\">VENEZUELA, BOLIVARIAN REPUBLIC OF<\/option><option value=\"VIET NAM\">VIET NAM<\/option><option value=\"VIRGIN ISLANDS, BRITISH\">VIRGIN ISLANDS, BRITISH<\/option><option value=\"VIRGIN ISLANDS, U.S.\">VIRGIN ISLANDS, U.S.<\/option><option value=\"WALLIS AND FUTUNA\">WALLIS AND FUTUNA<\/option><option value=\"WESTERN SAHARA\">WESTERN SAHARA<\/option><option value=\"YEMEN\">YEMEN<\/option><option value=\"ZAMBIA\">ZAMBIA<\/option><option value=\"ZIMBABWE\">ZIMBABWE<\/option><\/select><\/td><\/tr><tr><td>Correo Electr\u00f3nico*<input type=\"text\" name=\"Email\" id=\"control_EMAIL\" label=\"Correo Electr\u00f3nico\"\/><\/td><\/tr><tr><td id=\"errorMessageContainerId\"><\/td><\/tr><tr><td><table cellspacing=\"0\" cellpadding=\"0\" border=\"0\"><tr><td><input type=\"submit\" value=\"Enviar\"\/><\/td><\/tr><\/table><\/td><\/tr><tr><td><input type=\"hidden\" name=\"CASL Source Code\" id=\"control_COLUMN154\" value=\"SP0036\"\/><\/td><\/tr><tr><td><input type=\"hidden\" name=\"RVR\" id=\"control_COLUMN137\" value=\"Yes\"\/><\/td><\/tr><tr><td><input type=\"hidden\" name=\"RVR Interest\" id=\"control_COLUMN132\" value=\"Yes\"\/><\/td><\/tr><input type=\"hidden\" name=\"formSourceName\" value=\"StandardForm\"\/><!-- DO NOT REMOVE HIDDEN FIELD sp_exp --><input type=\"hidden\" name=\"sp_exp\" value=\"yes\"\/><\/table><\/form>\n\t<p>Al proporcionarnos su direcci\u00f3n de correo electr\u00f3nico usted tambi\u00e9n nos indica que est\u00e1 consciente de que recibir\u00e1 comunicados por este mismo medio de parte de HarperCollins Christian Publishing\u00a0(501 Nelson Place, Nashville, TN 37214 USA) con informaci\u00f3n acerca de productos y servicios tanto de HCCP como de sus afiliados.\u00a0Usted puede darse de baja de esta lista de env\u00edo de comunicados en\u00a0cualquier momento.\u00a0Si tiene alguna pregunta, por favor consulte nuestra <a href=\"http:\/\/www.harpercollinschristian.com\/privacidad\/\"><u>Pol\u00edtica de Privacidad<\/u><\/a> o env\u00ede un correo electr\u00f3nico a <a href=\"mailto:yourprivacy@harpercollins.com\"><u>yourprivacy@harpercollins.com<\/><\/u><\/a>.<\/p>\n\n","protected":false},"excerpt":{"rendered":"<p>Biblia Reina Valera Revisada Inscr\u00edbete para recibir un vers\u00edculo dela Biblia RVR gratis en tu correo electr\u00f3nico cada d\u00eda. Suscripci\u00f3n Nombre Apellido Pa\u00edsSelect oneAFGHANISTANALAND ISLANDSALBANIAALGERIAAMERICAN SAMOAANDORRAANGOLAANGUILLAANTARCTICAANTIGUA AND BARBUDAARGENTINAARMENIAARUBAAUSTRALIAAUSTRIAAZERBAIJANBAHAMASBAHRAINBANGLADESHBARBADOSBELARUSBELGIUMBELIZEBENINBERMUDABHUTANBOLIVIA, PLURINATIONAL STATE OFBONAIRE, SINT EUSTATIUS AND SABABOSNIA AND HERZEGOVINABOTSWANABOUVET ISLANDBRAZILBRITISH INDIAN OCEAN TERRITORYBRUNEI DARUSSALAMBULGARIABURKINA FASOBURUNDICAMBODIACAMEROONCANADACAPE VERDECAYMAN ISLANDSCENTRAL AFRICAN REPUBLICCHADCHILECHINACHRISTMAS ISLANDCOCOS (KEELING) ISLANDSCOLOMBIACOMOROSCONGOCONGO, THE DEMOCRATIC REPUBLIC OF THECOOK [&hellip;]<\/p>\n","protected":false},"author":0,"featured_media":0,"parent":0,"menu_order":0,"comment_status":"closed","ping_status":"closed","template":"","meta":{"_acf_changed":false,"footnotes":""},"class_list":["post-730","page","type-page","status-publish","hentry"],"acf":[],"yoast_head":"<!-- This site is optimized with the Yoast SEO Premium plugin v27.3 (Yoast SEO v27.4) - https:\/\/yoast.com\/product\/yoast-seo-premium-wordpress\/ -->\n<title>Vers\u00edculo B\u00edblico Diario - RVR - Marketing Pages<\/title>\n<meta name=\"robots\" content=\"index, follow, max-snippet:-1, max-image-preview:large, max-video-preview:-1\" \/>\n<link rel=\"canonical\" href=\"https:\/\/staging.editorialhccp.hcusweb.com\/r\/biblia-rvr__trashed\/versiculo-diario\/\" \/>\n<meta property=\"og:locale\" content=\"en_US\" \/>\n<meta property=\"og:type\" content=\"article\" \/>\n<meta property=\"og:title\" content=\"Vers\" \/>\n<meta property=\"og:description\" content=\"Biblia Reina Valera Revisada Inscr\u00edbete para recibir un vers\u00edculo dela Biblia RVR gratis en tu correo electr\u00f3nico cada d\u00eda. Suscripci\u00f3n Nombre Apellido Pa\u00edsSelect oneAFGHANISTANALAND ISLANDSALBANIAALGERIAAMERICAN SAMOAANDORRAANGOLAANGUILLAANTARCTICAANTIGUA AND BARBUDAARGENTINAARMENIAARUBAAUSTRALIAAUSTRIAAZERBAIJANBAHAMASBAHRAINBANGLADESHBARBADOSBELARUSBELGIUMBELIZEBENINBERMUDABHUTANBOLIVIA, PLURINATIONAL STATE OFBONAIRE, SINT EUSTATIUS AND SABABOSNIA AND HERZEGOVINABOTSWANABOUVET ISLANDBRAZILBRITISH INDIAN OCEAN TERRITORYBRUNEI DARUSSALAMBULGARIABURKINA FASOBURUNDICAMBODIACAMEROONCANADACAPE VERDECAYMAN ISLANDSCENTRAL AFRICAN REPUBLICCHADCHILECHINACHRISTMAS ISLANDCOCOS (KEELING) ISLANDSCOLOMBIACOMOROSCONGOCONGO, THE DEMOCRATIC REPUBLIC OF THECOOK [&hellip;]\" \/>\n<meta property=\"og:url\" content=\"https:\/\/staging.editorialhccp.hcusweb.com\/r\/biblia-rvr__trashed\/versiculo-diario\/\" \/>\n<meta property=\"og:site_name\" content=\"Marketing Pages\" \/>\n<meta property=\"article:modified_time\" content=\"2025-12-30T18:16:30+00:00\" \/>\n<meta name=\"twitter:card\" content=\"summary_large_image\" \/>\n<meta name=\"twitter:title\" content=\"Vers\u00edculo B\u00edblico Diario - RVR\" \/>\n<meta name=\"twitter:label1\" content=\"Est. reading time\" \/>\n\t<meta name=\"twitter:data1\" content=\"1 minute\" \/>\n<script type=\"application\/ld+json\" class=\"yoast-schema-graph\">{\"@context\":\"https:\\\/\\\/schema.org\",\"@graph\":[{\"@type\":\"WebPage\",\"@id\":\"https:\\\/\\\/staging.editorialhccp.hcusweb.com\\\/r\\\/biblia-rvr__trashed\\\/versiculo-diario\\\/\",\"url\":\"https:\\\/\\\/staging.editorialhccp.hcusweb.com\\\/r\\\/biblia-rvr__trashed\\\/versiculo-diario\\\/\",\"name\":\"Vers\u00edculo B\u00edblico Diario - RVR - Marketing Pages\",\"isPartOf\":{\"@id\":\"https:\\\/\\\/staging.editorialhccp.hcusweb.com\\\/r\\\/#website\"},\"datePublished\":\"2018-01-22T16:48:14+00:00\",\"dateModified\":\"2025-12-30T18:16:30+00:00\",\"breadcrumb\":{\"@id\":\"https:\\\/\\\/staging.editorialhccp.hcusweb.com\\\/r\\\/biblia-rvr__trashed\\\/versiculo-diario\\\/#breadcrumb\"},\"inLanguage\":\"en-US\",\"potentialAction\":[{\"@type\":\"ReadAction\",\"target\":[\"https:\\\/\\\/staging.editorialhccp.hcusweb.com\\\/r\\\/biblia-rvr__trashed\\\/versiculo-diario\\\/\"]}]},{\"@type\":\"BreadcrumbList\",\"@id\":\"https:\\\/\\\/staging.editorialhccp.hcusweb.com\\\/r\\\/biblia-rvr__trashed\\\/versiculo-diario\\\/#breadcrumb\",\"itemListElement\":[{\"@type\":\"ListItem\",\"position\":1,\"name\":\"Home\",\"item\":\"https:\\\/\\\/staging.editorialhccp.hcusweb.com\\\/r\\\/\"},{\"@type\":\"ListItem\",\"position\":2,\"name\":\"Vers\u00edculo B\u00edblico Diario &#8211; RVR\"}]},{\"@type\":\"WebSite\",\"@id\":\"https:\\\/\\\/staging.editorialhccp.hcusweb.com\\\/r\\\/#website\",\"url\":\"https:\\\/\\\/staging.editorialhccp.hcusweb.com\\\/r\\\/\",\"name\":\"Marketing Pages\",\"description\":\"\",\"potentialAction\":[{\"@type\":\"SearchAction\",\"target\":{\"@type\":\"EntryPoint\",\"urlTemplate\":\"https:\\\/\\\/staging.editorialhccp.hcusweb.com\\\/r\\\/?s={search_term_string}\"},\"query-input\":{\"@type\":\"PropertyValueSpecification\",\"valueRequired\":true,\"valueName\":\"search_term_string\"}}],\"inLanguage\":\"en-US\"}]}<\/script>\n<!-- \/ Yoast SEO Premium plugin. -->","yoast_head_json":{"title":"Vers\u00edculo B\u00edblico Diario - RVR - Marketing Pages","robots":{"index":"index","follow":"follow","max-snippet":"max-snippet:-1","max-image-preview":"max-image-preview:large","max-video-preview":"max-video-preview:-1"},"canonical":"https:\/\/staging.editorialhccp.hcusweb.com\/r\/biblia-rvr__trashed\/versiculo-diario\/","og_locale":"en_US","og_type":"article","og_title":"Vers","og_description":"Biblia Reina Valera Revisada Inscr\u00edbete para recibir un vers\u00edculo dela Biblia RVR gratis en tu correo electr\u00f3nico cada d\u00eda. Suscripci\u00f3n Nombre Apellido Pa\u00edsSelect oneAFGHANISTANALAND ISLANDSALBANIAALGERIAAMERICAN SAMOAANDORRAANGOLAANGUILLAANTARCTICAANTIGUA AND BARBUDAARGENTINAARMENIAARUBAAUSTRALIAAUSTRIAAZERBAIJANBAHAMASBAHRAINBANGLADESHBARBADOSBELARUSBELGIUMBELIZEBENINBERMUDABHUTANBOLIVIA, PLURINATIONAL STATE OFBONAIRE, SINT EUSTATIUS AND SABABOSNIA AND HERZEGOVINABOTSWANABOUVET ISLANDBRAZILBRITISH INDIAN OCEAN TERRITORYBRUNEI DARUSSALAMBULGARIABURKINA FASOBURUNDICAMBODIACAMEROONCANADACAPE VERDECAYMAN ISLANDSCENTRAL AFRICAN REPUBLICCHADCHILECHINACHRISTMAS ISLANDCOCOS (KEELING) ISLANDSCOLOMBIACOMOROSCONGOCONGO, THE DEMOCRATIC REPUBLIC OF THECOOK [&hellip;]","og_url":"https:\/\/staging.editorialhccp.hcusweb.com\/r\/biblia-rvr__trashed\/versiculo-diario\/","og_site_name":"Marketing Pages","article_modified_time":"2025-12-30T18:16:30+00:00","twitter_card":"summary_large_image","twitter_title":"Vers\u00edculo B\u00edblico Diario - RVR","twitter_misc":{"Est. reading time":"1 minute"},"schema":{"@context":"https:\/\/schema.org","@graph":[{"@type":"WebPage","@id":"https:\/\/staging.editorialhccp.hcusweb.com\/r\/biblia-rvr__trashed\/versiculo-diario\/","url":"https:\/\/staging.editorialhccp.hcusweb.com\/r\/biblia-rvr__trashed\/versiculo-diario\/","name":"Vers\u00edculo B\u00edblico Diario - RVR - Marketing Pages","isPartOf":{"@id":"https:\/\/staging.editorialhccp.hcusweb.com\/r\/#website"},"datePublished":"2018-01-22T16:48:14+00:00","dateModified":"2025-12-30T18:16:30+00:00","breadcrumb":{"@id":"https:\/\/staging.editorialhccp.hcusweb.com\/r\/biblia-rvr__trashed\/versiculo-diario\/#breadcrumb"},"inLanguage":"en-US","potentialAction":[{"@type":"ReadAction","target":["https:\/\/staging.editorialhccp.hcusweb.com\/r\/biblia-rvr__trashed\/versiculo-diario\/"]}]},{"@type":"BreadcrumbList","@id":"https:\/\/staging.editorialhccp.hcusweb.com\/r\/biblia-rvr__trashed\/versiculo-diario\/#breadcrumb","itemListElement":[{"@type":"ListItem","position":1,"name":"Home","item":"https:\/\/staging.editorialhccp.hcusweb.com\/r\/"},{"@type":"ListItem","position":2,"name":"Vers\u00edculo B\u00edblico Diario &#8211; RVR"}]},{"@type":"WebSite","@id":"https:\/\/staging.editorialhccp.hcusweb.com\/r\/#website","url":"https:\/\/staging.editorialhccp.hcusweb.com\/r\/","name":"Marketing Pages","description":"","potentialAction":[{"@type":"SearchAction","target":{"@type":"EntryPoint","urlTemplate":"https:\/\/staging.editorialhccp.hcusweb.com\/r\/?s={search_term_string}"},"query-input":{"@type":"PropertyValueSpecification","valueRequired":true,"valueName":"search_term_string"}}],"inLanguage":"en-US"}]}},"_links":{"self":[{"href":"https:\/\/staging.editorialhccp.hcusweb.com\/r\/wp-json\/wp\/v2\/pages\/730","targetHints":{"allow":["GET"]}}],"collection":[{"href":"https:\/\/staging.editorialhccp.hcusweb.com\/r\/wp-json\/wp\/v2\/pages"}],"about":[{"href":"https:\/\/staging.editorialhccp.hcusweb.com\/r\/wp-json\/wp\/v2\/types\/page"}],"replies":[{"embeddable":true,"href":"https:\/\/staging.editorialhccp.hcusweb.com\/r\/wp-json\/wp\/v2\/comments?post=730"}],"version-history":[{"count":7,"href":"https:\/\/staging.editorialhccp.hcusweb.com\/r\/wp-json\/wp\/v2\/pages\/730\/revisions"}],"predecessor-version":[{"id":18681,"href":"https:\/\/staging.editorialhccp.hcusweb.com\/r\/wp-json\/wp\/v2\/pages\/730\/revisions\/18681"}],"wp:attachment":[{"href":"https:\/\/staging.editorialhccp.hcusweb.com\/r\/wp-json\/wp\/v2\/media?parent=730"}],"curies":[{"name":"wp","href":"https:\/\/api.w.org\/{rel}","templated":true}]}}