{"id":772,"date":"2018-01-30T21:19:44","date_gmt":"2018-01-30T21:19:44","guid":{"rendered":"http:\/\/info.recursosparalaiglesia.com\/?page_id=772"},"modified":"2025-12-15T18:37:02","modified_gmt":"2025-12-15T18:37:02","slug":"videos","status":"publish","type":"page","link":"https:\/\/staging.editorialhccp.hcusweb.com\/r\/videos\/","title":{"rendered":"RVR Videos"},"content":{"rendered":"\n\n\t\t\t\t<img decoding=\"async\" src=\"https:\/\/staging.editorialhccp.hcusweb.com\/r\/wp-content\/uploads\/2017\/12\/01190608\/RVR-LOGO-WHITE-300x223.png\" alt=\"RVR-LOGO-WHITE\" itemprop=\"image\" title=\"RVR-LOGO-WHITE\" onerror=\"this.style.display='none'\" loading=\"lazy\" \/>\n\t<h1>Biblias Reina Valera Revisada<\/h1>\n\t<h2>Videos de informaci\u00f3n y promoci\u00f3n<\/h2>\n\t<h4>Presentaci\u00f3n<br \/>\nJuan Fern\u00e1ndez y David Coyotl del equipo de Editorial Vida y Grupo Nelson conversan sobre la traducci\u00f3n Reina Valera Revisada y los formatos y encuadernaciones disponibles.<\/h4>\n\t\t<iframe loading=\"lazy\" width=\"560\" height=\"315\" src=\"https:\/\/www.youtube.com\/embed\/QZideeR-0ms\" frameborder=\"0\" allow=\"autoplay; encrypted-media\" allowfullscreen><\/iframe>\t\n\t<h4>Video Promocional<br \/>\nUn video promocional de 1 minuto que comparte muy brevemente la historia de la Biblia hasta llegar a la Reina Valera Revisada.<\/h4>\n\t\t<iframe loading=\"lazy\" width=\"560\" height=\"315\" src=\"https:\/\/www.youtube.com\/embed\/R7rmCPs0_j8\" frameborder=\"0\" allow=\"autoplay; encrypted-media\" allowfullscreen><\/iframe>\t\n\t<h2>\u00abLa belleza y cadencia de la Biblia Reina-Valera en un espa\u00f1ol actualizado y resaltando las variantes textuales conocidas hoy en d\u00eda\u00bb<\/h2>\n\t\t\t\t<img decoding=\"async\" src=\"https:\/\/staging.editorialhccp.hcusweb.com\/r\/wp-content\/uploads\/2017\/12\/22160815\/grupologo-300x89.png\" alt=\"grupologo\" itemprop=\"image\" title=\"grupologo\" onerror=\"this.style.display='none'\" loading=\"lazy\" \/>\n\n","protected":false},"excerpt":{"rendered":"<p>Biblias Reina Valera Revisada Videos de informaci\u00f3n y promoci\u00f3n Presentaci\u00f3n Juan Fern\u00e1ndez y David Coyotl del equipo de Editorial Vida y Grupo Nelson conversan sobre la traducci\u00f3n Reina Valera Revisada y los formatos y encuadernaciones disponibles. Video Promocional Un video promocional de 1 minuto que comparte muy brevemente la historia de la Biblia hasta llegar [&hellip;]<\/p>\n","protected":false},"author":0,"featured_media":0,"parent":0,"menu_order":0,"comment_status":"closed","ping_status":"closed","template":"","meta":{"_acf_changed":false,"footnotes":""},"class_list":["post-772","page","type-page","status-publish","hentry"],"acf":[],"yoast_head":"<!-- This site is optimized with the Yoast SEO Premium plugin v27.3 (Yoast SEO v27.4) - https:\/\/yoast.com\/product\/yoast-seo-premium-wordpress\/ -->\n<title>RVR Videos - Marketing Pages<\/title>\n<meta name=\"robots\" content=\"index, follow, max-snippet:-1, max-image-preview:large, max-video-preview:-1\" \/>\n<link rel=\"canonical\" href=\"https:\/\/staging.editorialhccp.hcusweb.com\/r\/biblia-rvr__trashed\/videos\/\" \/>\n<meta property=\"og:locale\" content=\"en_US\" \/>\n<meta property=\"og:type\" content=\"article\" \/>\n<meta property=\"og:title\" content=\"RVR Videos\" \/>\n<meta property=\"og:description\" content=\"Biblias Reina Valera Revisada Videos de informaci\u00f3n y promoci\u00f3n Presentaci\u00f3n Juan Fern\u00e1ndez y David Coyotl del equipo de Editorial Vida y Grupo Nelson conversan sobre la traducci\u00f3n Reina Valera Revisada y los formatos y encuadernaciones disponibles. Video Promocional Un video promocional de 1 minuto que comparte muy brevemente la historia de la Biblia hasta llegar [&hellip;]\" \/>\n<meta property=\"og:url\" content=\"https:\/\/staging.editorialhccp.hcusweb.com\/r\/biblia-rvr__trashed\/videos\/\" \/>\n<meta property=\"og:site_name\" content=\"Marketing Pages\" \/>\n<meta property=\"article:modified_time\" content=\"2025-12-15T18:37:02+00:00\" \/>\n<meta name=\"twitter:card\" content=\"summary_large_image\" \/>\n<script type=\"application\/ld+json\" class=\"yoast-schema-graph\">{\"@context\":\"https:\\\/\\\/schema.org\",\"@graph\":[{\"@type\":\"WebPage\",\"@id\":\"https:\\\/\\\/staging.editorialhccp.hcusweb.com\\\/r\\\/biblia-rvr__trashed\\\/videos\\\/\",\"url\":\"https:\\\/\\\/staging.editorialhccp.hcusweb.com\\\/r\\\/biblia-rvr__trashed\\\/videos\\\/\",\"name\":\"RVR Videos - Marketing Pages\",\"isPartOf\":{\"@id\":\"https:\\\/\\\/staging.editorialhccp.hcusweb.com\\\/r\\\/#website\"},\"datePublished\":\"2018-01-30T21:19:44+00:00\",\"dateModified\":\"2025-12-15T18:37:02+00:00\",\"breadcrumb\":{\"@id\":\"https:\\\/\\\/staging.editorialhccp.hcusweb.com\\\/r\\\/biblia-rvr__trashed\\\/videos\\\/#breadcrumb\"},\"inLanguage\":\"en-US\",\"potentialAction\":[{\"@type\":\"ReadAction\",\"target\":[\"https:\\\/\\\/staging.editorialhccp.hcusweb.com\\\/r\\\/biblia-rvr__trashed\\\/videos\\\/\"]}]},{\"@type\":\"BreadcrumbList\",\"@id\":\"https:\\\/\\\/staging.editorialhccp.hcusweb.com\\\/r\\\/biblia-rvr__trashed\\\/videos\\\/#breadcrumb\",\"itemListElement\":[{\"@type\":\"ListItem\",\"position\":1,\"name\":\"Home\",\"item\":\"https:\\\/\\\/staging.editorialhccp.hcusweb.com\\\/r\\\/\"},{\"@type\":\"ListItem\",\"position\":2,\"name\":\"RVR Videos\"}]},{\"@type\":\"WebSite\",\"@id\":\"https:\\\/\\\/staging.editorialhccp.hcusweb.com\\\/r\\\/#website\",\"url\":\"https:\\\/\\\/staging.editorialhccp.hcusweb.com\\\/r\\\/\",\"name\":\"Marketing Pages\",\"description\":\"\",\"potentialAction\":[{\"@type\":\"SearchAction\",\"target\":{\"@type\":\"EntryPoint\",\"urlTemplate\":\"https:\\\/\\\/staging.editorialhccp.hcusweb.com\\\/r\\\/?s={search_term_string}\"},\"query-input\":{\"@type\":\"PropertyValueSpecification\",\"valueRequired\":true,\"valueName\":\"search_term_string\"}}],\"inLanguage\":\"en-US\"}]}<\/script>\n<!-- \/ Yoast SEO Premium plugin. -->","yoast_head_json":{"title":"RVR Videos - Marketing Pages","robots":{"index":"index","follow":"follow","max-snippet":"max-snippet:-1","max-image-preview":"max-image-preview:large","max-video-preview":"max-video-preview:-1"},"canonical":"https:\/\/staging.editorialhccp.hcusweb.com\/r\/biblia-rvr__trashed\/videos\/","og_locale":"en_US","og_type":"article","og_title":"RVR Videos","og_description":"Biblias Reina Valera Revisada Videos de informaci\u00f3n y promoci\u00f3n Presentaci\u00f3n Juan Fern\u00e1ndez y David Coyotl del equipo de Editorial Vida y Grupo Nelson conversan sobre la traducci\u00f3n Reina Valera Revisada y los formatos y encuadernaciones disponibles. Video Promocional Un video promocional de 1 minuto que comparte muy brevemente la historia de la Biblia hasta llegar [&hellip;]","og_url":"https:\/\/staging.editorialhccp.hcusweb.com\/r\/biblia-rvr__trashed\/videos\/","og_site_name":"Marketing Pages","article_modified_time":"2025-12-15T18:37:02+00:00","twitter_card":"summary_large_image","schema":{"@context":"https:\/\/schema.org","@graph":[{"@type":"WebPage","@id":"https:\/\/staging.editorialhccp.hcusweb.com\/r\/biblia-rvr__trashed\/videos\/","url":"https:\/\/staging.editorialhccp.hcusweb.com\/r\/biblia-rvr__trashed\/videos\/","name":"RVR Videos - Marketing Pages","isPartOf":{"@id":"https:\/\/staging.editorialhccp.hcusweb.com\/r\/#website"},"datePublished":"2018-01-30T21:19:44+00:00","dateModified":"2025-12-15T18:37:02+00:00","breadcrumb":{"@id":"https:\/\/staging.editorialhccp.hcusweb.com\/r\/biblia-rvr__trashed\/videos\/#breadcrumb"},"inLanguage":"en-US","potentialAction":[{"@type":"ReadAction","target":["https:\/\/staging.editorialhccp.hcusweb.com\/r\/biblia-rvr__trashed\/videos\/"]}]},{"@type":"BreadcrumbList","@id":"https:\/\/staging.editorialhccp.hcusweb.com\/r\/biblia-rvr__trashed\/videos\/#breadcrumb","itemListElement":[{"@type":"ListItem","position":1,"name":"Home","item":"https:\/\/staging.editorialhccp.hcusweb.com\/r\/"},{"@type":"ListItem","position":2,"name":"RVR Videos"}]},{"@type":"WebSite","@id":"https:\/\/staging.editorialhccp.hcusweb.com\/r\/#website","url":"https:\/\/staging.editorialhccp.hcusweb.com\/r\/","name":"Marketing Pages","description":"","potentialAction":[{"@type":"SearchAction","target":{"@type":"EntryPoint","urlTemplate":"https:\/\/staging.editorialhccp.hcusweb.com\/r\/?s={search_term_string}"},"query-input":{"@type":"PropertyValueSpecification","valueRequired":true,"valueName":"search_term_string"}}],"inLanguage":"en-US"}]}},"_links":{"self":[{"href":"https:\/\/staging.editorialhccp.hcusweb.com\/r\/wp-json\/wp\/v2\/pages\/772","targetHints":{"allow":["GET"]}}],"collection":[{"href":"https:\/\/staging.editorialhccp.hcusweb.com\/r\/wp-json\/wp\/v2\/pages"}],"about":[{"href":"https:\/\/staging.editorialhccp.hcusweb.com\/r\/wp-json\/wp\/v2\/types\/page"}],"replies":[{"embeddable":true,"href":"https:\/\/staging.editorialhccp.hcusweb.com\/r\/wp-json\/wp\/v2\/comments?post=772"}],"version-history":[{"count":1,"href":"https:\/\/staging.editorialhccp.hcusweb.com\/r\/wp-json\/wp\/v2\/pages\/772\/revisions"}],"predecessor-version":[{"id":18632,"href":"https:\/\/staging.editorialhccp.hcusweb.com\/r\/wp-json\/wp\/v2\/pages\/772\/revisions\/18632"}],"wp:attachment":[{"href":"https:\/\/staging.editorialhccp.hcusweb.com\/r\/wp-json\/wp\/v2\/media?parent=772"}],"curies":[{"name":"wp","href":"https:\/\/api.w.org\/{rel}","templated":true}]}}