{"id":8998,"date":"2021-12-22T21:52:00","date_gmt":"2021-12-22T21:52:00","guid":{"rendered":"\/r\/?page_id=8998"},"modified":"2026-01-20T12:28:04","modified_gmt":"2026-01-20T12:28:04","slug":"sobre-c-s-lewis","status":"publish","type":"page","link":"https:\/\/staging.editorialhccp.hcusweb.com\/r\/sobre-c-s-lewis\/","title":{"rendered":"Sobre C.S. Lewis"},"content":{"rendered":"\n\n\t\t\t\t<img decoding=\"async\" src=\"\/r\/wp-content\/uploads\/sites\/5\/2021\/09\/23183911\/transparent-quill-150x150.png\" alt=\"cs lewis pluma\" itemprop=\"image\" title=\"transparent quill\" onerror=\"this.style.display='none'\" loading=\"lazy\" \/>\n\t\t\t\t<img decoding=\"async\" src=\"https:\/\/staging.editorialhccp.hcusweb.com\/r\/wp-content\/uploads\/sites\/5\/2022\/04\/1-1.jpeg\" alt=\"1\" itemprop=\"image\" height=\"1413\" width=\"1397\" title=\"1\" onerror=\"this.style.display='none'\" loading=\"lazy\" \/>\n\t\t\t\t<img decoding=\"async\" src=\"https:\/\/staging.editorialhccp.hcusweb.com\/r\/wp-content\/uploads\/sites\/5\/2022\/04\/2-1.jpeg\" alt=\"2\" itemprop=\"image\" height=\"1633\" width=\"1400\" title=\"2\" onerror=\"this.style.display='none'\" loading=\"lazy\" \/>\n\t\t\t\t<img decoding=\"async\" src=\"https:\/\/staging.editorialhccp.hcusweb.com\/r\/wp-content\/uploads\/sites\/5\/2022\/04\/3-1.jpeg\" alt=\"3\" itemprop=\"image\" height=\"1815\" width=\"1400\" title=\"3\" onerror=\"this.style.display='none'\" loading=\"lazy\" \/>\n\t\t\t\t<img decoding=\"async\" src=\"https:\/\/staging.editorialhccp.hcusweb.com\/r\/wp-content\/uploads\/sites\/5\/2021\/12\/4.jpeg\" alt=\"cs lewis libros\" itemprop=\"image\" height=\"1516\" width=\"1400\" title=\"4\" onerror=\"this.style.display='none'\" loading=\"lazy\" \/>\n\t\t\t\t<img decoding=\"async\" src=\"https:\/\/staging.editorialhccp.hcusweb.com\/r\/wp-content\/uploads\/sites\/5\/2022\/05\/5-1.jpeg\" alt=\"5\" itemprop=\"image\" height=\"1656\" width=\"1400\" title=\"5\" onerror=\"this.style.display='none'\" loading=\"lazy\" \/>\n\t<h4>Obt\u00e9n el libro <strong>en<\/strong>:<\/h4>\n\t\t\t\t<a href=\"https:\/\/www.amazon.com\/Cl%C3%A1sicos-selectos-C-Lewis-Antolog%C3%ADa\/dp\/0829771212\"  target=\"_blank\" rel=\"noopener nofollow\"  itemprop=\"url\">\n\t\t\t\t<img decoding=\"async\" src=\"\/r\/wp-content\/uploads\/sites\/5\/2020\/10\/06215711\/Amazon-logo.png\" alt=\"Amazon-logo\" itemprop=\"image\" title=\"Amazon-logo\" onerror=\"this.style.display='none'\" loading=\"lazy\" \/>\n\t\t\t\t<\/a>\n\t\t\t\t<a href=\"https:\/\/www.barnesandnoble.com\/w\/cl-sicos-selectos-de-c-s-lewis-c-s-lewis\/1139351855\"  target=\"_blank\" rel=\"noopener nofollow\"  itemprop=\"url\">\n\t\t\t\t<img decoding=\"async\" src=\"\/r\/wp-content\/uploads\/sites\/5\/2020\/10\/06215715\/barnes-noble-logo.png\" alt=\"barnes-noble-logo\" itemprop=\"image\" title=\"barnes-noble-logo\" onerror=\"this.style.display='none'\" loading=\"lazy\" \/>\n\t\t\t\t<\/a>\n\t\t\t\t<a href=\"https:\/\/www.booksamillion.com\/p\/Clsicos-Selectos-C-S-Lewis\/C-S-Lewis\/9780829771213\"  target=\"_blank\" rel=\"noopener nofollow\"  itemprop=\"url\">\n\t\t\t\t<img decoding=\"async\" src=\"\/r\/wp-content\/uploads\/sites\/5\/2020\/10\/06215714\/Bam-logo.png\" alt=\"Bam-logo\" itemprop=\"image\" title=\"Bam-logo\" onerror=\"this.style.display='none'\" loading=\"lazy\" \/>\n\t\t\t\t<\/a>\n\t\t\t\t<a href=\"https:\/\/store.faithgateway.com\/products\/clasicos-selectos-de-c-s-lewis-antologia-de-8-de-los-libros-de-c-s-lewis\"  target=\"_blank\" rel=\"noopener\"  itemprop=\"url\">\n\t\t\t\t<img decoding=\"async\" src=\"\/r\/wp-content\/uploads\/sites\/5\/2020\/10\/06215720\/biblegateway-logo.png\" alt=\"biblegateway-logo\" itemprop=\"image\" title=\"biblegateway-logo\" onerror=\"this.style.display='none'\" loading=\"lazy\" \/>\n\t\t\t\t<\/a>\n\t\t\t\t<a href=\"https:\/\/www.target.com\/p\/cl-sicos-selectos-de-c-s-lewis-by-c-s-lewis-hardcover\/-\/A-84656845#lnk=sametab\"  target=\"_blank\" rel=\"noopener nofollow\"  itemprop=\"url\">\n\t\t\t\t<img decoding=\"async\" src=\"\/r\/wp-content\/uploads\/sites\/5\/2020\/10\/06215730\/Target-logo.png\" alt=\"Target-logo\" itemprop=\"image\" title=\"Target-logo\" onerror=\"this.style.display='none'\" loading=\"lazy\" \/>\n\t\t\t\t<\/a>\n\t\t\t\t<a href=\"https:\/\/www.walmart.com\/ip\/Cl-sicos-Selectos-de-C-S-Lewis-Antolog-a-de-8-de-Los-Libros-de-C-S-Lewis-Hardcover-9780829771213\/430015605\"  target=\"_blank\" rel=\"noopener nofollow\"  itemprop=\"url\">\n\t\t\t\t<img decoding=\"async\" src=\"\/r\/wp-content\/uploads\/sites\/5\/2021\/06\/22220221\/walmart-retail.png\" alt=\"walmart\" itemprop=\"image\" title=\"walmart-retail\" onerror=\"this.style.display='none'\" loading=\"lazy\" \/>\n\t\t\t\t<\/a>\n\t<p>\u00a9 Copyright 2021 by\u00a0<a href=\"http:\/\/www.harpercollinschristian.com\/\" target=\"_blank\" rel=\"noopener\">HarperCollins Christian Publishing<\/a><\/p>\n<p><a href=\"https:\/\/www.harpercollinschristian.com\/privacy\/\">Pol\u00edtica de Privacidad | <\/a><a href=\"https:\/\/www.harpercollinschristian.com\/terms\/\">T\u00e9rminos y Condiciones | <\/a><a href=\"https:\/\/www.harpercollinschristian.com\/california-consumer-privacy-act\/\">Derechos de privacidad de California | <\/a><a href=\"https:\/\/www.harpercollinschristian.com\/do-not-sell\/\">No venda mi informaci\u00f3n personal<\/a><\/p>\n\n","protected":false},"excerpt":{"rendered":"<p>Obt\u00e9n el libro en: \u00a9 Copyright 2021 by\u00a0HarperCollins Christian Publishing Pol\u00edtica de Privacidad | T\u00e9rminos y Condiciones | Derechos de privacidad de California | No venda mi informaci\u00f3n personal<\/p>\n","protected":false},"author":0,"featured_media":9002,"parent":0,"menu_order":0,"comment_status":"closed","ping_status":"closed","template":"","meta":{"_acf_changed":false,"footnotes":""},"class_list":["post-8998","page","type-page","status-publish","has-post-thumbnail","hentry"],"acf":[],"yoast_head":"<!-- This site is optimized with the Yoast SEO Premium plugin v27.3 (Yoast SEO v27.4) - https:\/\/yoast.com\/product\/yoast-seo-premium-wordpress\/ -->\n<title>Sobre C.S. Lewis<\/title>\n<meta name=\"description\" content=\"Clive Staples Lewis fue uno de los intelectuales m\u00e1s importantes del siglo veinte y fue el escritor cristiano m\u00e1s influyente de su tiempo.\" \/>\n<meta name=\"robots\" content=\"index, follow, max-snippet:-1, max-image-preview:large, max-video-preview:-1\" \/>\n<link rel=\"canonical\" href=\"https:\/\/staging.editorialhccp.hcusweb.com\/r\/sobre-c-s-lewis\/\" \/>\n<meta property=\"og:locale\" content=\"en_US\" \/>\n<meta property=\"og:type\" content=\"article\" \/>\n<meta property=\"og:title\" content=\"Sobre C.S. Lewis\" \/>\n<meta property=\"og:description\" content=\"Clive Staples Lewis fue uno de los intelectuales m\u00e1s importantes del siglo veinte y fue el escritor cristiano m\u00e1s influyente de su tiempo.\" \/>\n<meta property=\"og:url\" content=\"https:\/\/staging.editorialhccp.hcusweb.com\/r\/sobre-c-s-lewis\/\" \/>\n<meta property=\"og:site_name\" content=\"Marketing Pages\" \/>\n<meta property=\"article:modified_time\" content=\"2026-01-20T12:28:04+00:00\" \/>\n<meta property=\"og:image\" content=\"https:\/\/staging.editorialhccp.hcusweb.com\/r\/wp-content\/uploads\/sites\/5\/2021\/12\/1.jpeg\" \/>\n\t<meta property=\"og:image:width\" content=\"1397\" \/>\n\t<meta property=\"og:image:height\" content=\"1413\" \/>\n\t<meta property=\"og:image:type\" content=\"image\/jpeg\" \/>\n<meta name=\"twitter:card\" content=\"summary_large_image\" \/>\n<script type=\"application\/ld+json\" class=\"yoast-schema-graph\">{\"@context\":\"https:\\\/\\\/schema.org\",\"@graph\":[{\"@type\":\"WebPage\",\"@id\":\"https:\\\/\\\/staging.editorialhccp.hcusweb.com\\\/r\\\/sobre-c-s-lewis\\\/\",\"url\":\"https:\\\/\\\/staging.editorialhccp.hcusweb.com\\\/r\\\/sobre-c-s-lewis\\\/\",\"name\":\"Sobre C.S. Lewis\",\"isPartOf\":{\"@id\":\"https:\\\/\\\/staging.editorialhccp.hcusweb.com\\\/r\\\/#website\"},\"primaryImageOfPage\":{\"@id\":\"https:\\\/\\\/staging.editorialhccp.hcusweb.com\\\/r\\\/sobre-c-s-lewis\\\/#primaryimage\"},\"image\":{\"@id\":\"https:\\\/\\\/staging.editorialhccp.hcusweb.com\\\/r\\\/sobre-c-s-lewis\\\/#primaryimage\"},\"thumbnailUrl\":\"https:\\\/\\\/staging.editorialhccp.hcusweb.com\\\/r\\\/wp-content\\\/uploads\\\/sites\\\/5\\\/2021\\\/12\\\/1.jpeg\",\"datePublished\":\"2021-12-22T21:52:00+00:00\",\"dateModified\":\"2026-01-20T12:28:04+00:00\",\"description\":\"Clive Staples Lewis fue uno de los intelectuales m\u00e1s importantes del siglo veinte y fue el escritor cristiano m\u00e1s influyente de su tiempo.\",\"breadcrumb\":{\"@id\":\"https:\\\/\\\/staging.editorialhccp.hcusweb.com\\\/r\\\/sobre-c-s-lewis\\\/#breadcrumb\"},\"inLanguage\":\"en-US\",\"potentialAction\":[{\"@type\":\"ReadAction\",\"target\":[\"https:\\\/\\\/staging.editorialhccp.hcusweb.com\\\/r\\\/sobre-c-s-lewis\\\/\"]}]},{\"@type\":\"ImageObject\",\"inLanguage\":\"en-US\",\"@id\":\"https:\\\/\\\/staging.editorialhccp.hcusweb.com\\\/r\\\/sobre-c-s-lewis\\\/#primaryimage\",\"url\":\"https:\\\/\\\/staging.editorialhccp.hcusweb.com\\\/r\\\/wp-content\\\/uploads\\\/sites\\\/5\\\/2021\\\/12\\\/1.jpeg\",\"contentUrl\":\"https:\\\/\\\/staging.editorialhccp.hcusweb.com\\\/r\\\/wp-content\\\/uploads\\\/sites\\\/5\\\/2021\\\/12\\\/1.jpeg\",\"width\":1397,\"height\":1413,\"caption\":\"cs lewis libros\"},{\"@type\":\"BreadcrumbList\",\"@id\":\"https:\\\/\\\/staging.editorialhccp.hcusweb.com\\\/r\\\/sobre-c-s-lewis\\\/#breadcrumb\",\"itemListElement\":[{\"@type\":\"ListItem\",\"position\":1,\"name\":\"Home\",\"item\":\"https:\\\/\\\/staging.editorialhccp.hcusweb.com\\\/r\\\/\"},{\"@type\":\"ListItem\",\"position\":2,\"name\":\"Sobre C.S. Lewis\"}]},{\"@type\":\"WebSite\",\"@id\":\"https:\\\/\\\/staging.editorialhccp.hcusweb.com\\\/r\\\/#website\",\"url\":\"https:\\\/\\\/staging.editorialhccp.hcusweb.com\\\/r\\\/\",\"name\":\"Marketing Pages\",\"description\":\"\",\"potentialAction\":[{\"@type\":\"SearchAction\",\"target\":{\"@type\":\"EntryPoint\",\"urlTemplate\":\"https:\\\/\\\/staging.editorialhccp.hcusweb.com\\\/r\\\/?s={search_term_string}\"},\"query-input\":{\"@type\":\"PropertyValueSpecification\",\"valueRequired\":true,\"valueName\":\"search_term_string\"}}],\"inLanguage\":\"en-US\"}]}<\/script>\n<!-- \/ Yoast SEO Premium plugin. -->","yoast_head_json":{"title":"Sobre C.S. Lewis","description":"Clive Staples Lewis fue uno de los intelectuales m\u00e1s importantes del siglo veinte y fue el escritor cristiano m\u00e1s influyente de su tiempo.","robots":{"index":"index","follow":"follow","max-snippet":"max-snippet:-1","max-image-preview":"max-image-preview:large","max-video-preview":"max-video-preview:-1"},"canonical":"https:\/\/staging.editorialhccp.hcusweb.com\/r\/sobre-c-s-lewis\/","og_locale":"en_US","og_type":"article","og_title":"Sobre C.S. Lewis","og_description":"Clive Staples Lewis fue uno de los intelectuales m\u00e1s importantes del siglo veinte y fue el escritor cristiano m\u00e1s influyente de su tiempo.","og_url":"https:\/\/staging.editorialhccp.hcusweb.com\/r\/sobre-c-s-lewis\/","og_site_name":"Marketing Pages","article_modified_time":"2026-01-20T12:28:04+00:00","og_image":[{"width":1397,"height":1413,"url":"https:\/\/staging.editorialhccp.hcusweb.com\/r\/wp-content\/uploads\/sites\/5\/2021\/12\/1.jpeg","type":"image\/jpeg"}],"twitter_card":"summary_large_image","schema":{"@context":"https:\/\/schema.org","@graph":[{"@type":"WebPage","@id":"https:\/\/staging.editorialhccp.hcusweb.com\/r\/sobre-c-s-lewis\/","url":"https:\/\/staging.editorialhccp.hcusweb.com\/r\/sobre-c-s-lewis\/","name":"Sobre C.S. Lewis","isPartOf":{"@id":"https:\/\/staging.editorialhccp.hcusweb.com\/r\/#website"},"primaryImageOfPage":{"@id":"https:\/\/staging.editorialhccp.hcusweb.com\/r\/sobre-c-s-lewis\/#primaryimage"},"image":{"@id":"https:\/\/staging.editorialhccp.hcusweb.com\/r\/sobre-c-s-lewis\/#primaryimage"},"thumbnailUrl":"https:\/\/staging.editorialhccp.hcusweb.com\/r\/wp-content\/uploads\/sites\/5\/2021\/12\/1.jpeg","datePublished":"2021-12-22T21:52:00+00:00","dateModified":"2026-01-20T12:28:04+00:00","description":"Clive Staples Lewis fue uno de los intelectuales m\u00e1s importantes del siglo veinte y fue el escritor cristiano m\u00e1s influyente de su tiempo.","breadcrumb":{"@id":"https:\/\/staging.editorialhccp.hcusweb.com\/r\/sobre-c-s-lewis\/#breadcrumb"},"inLanguage":"en-US","potentialAction":[{"@type":"ReadAction","target":["https:\/\/staging.editorialhccp.hcusweb.com\/r\/sobre-c-s-lewis\/"]}]},{"@type":"ImageObject","inLanguage":"en-US","@id":"https:\/\/staging.editorialhccp.hcusweb.com\/r\/sobre-c-s-lewis\/#primaryimage","url":"https:\/\/staging.editorialhccp.hcusweb.com\/r\/wp-content\/uploads\/sites\/5\/2021\/12\/1.jpeg","contentUrl":"https:\/\/staging.editorialhccp.hcusweb.com\/r\/wp-content\/uploads\/sites\/5\/2021\/12\/1.jpeg","width":1397,"height":1413,"caption":"cs lewis libros"},{"@type":"BreadcrumbList","@id":"https:\/\/staging.editorialhccp.hcusweb.com\/r\/sobre-c-s-lewis\/#breadcrumb","itemListElement":[{"@type":"ListItem","position":1,"name":"Home","item":"https:\/\/staging.editorialhccp.hcusweb.com\/r\/"},{"@type":"ListItem","position":2,"name":"Sobre C.S. Lewis"}]},{"@type":"WebSite","@id":"https:\/\/staging.editorialhccp.hcusweb.com\/r\/#website","url":"https:\/\/staging.editorialhccp.hcusweb.com\/r\/","name":"Marketing Pages","description":"","potentialAction":[{"@type":"SearchAction","target":{"@type":"EntryPoint","urlTemplate":"https:\/\/staging.editorialhccp.hcusweb.com\/r\/?s={search_term_string}"},"query-input":{"@type":"PropertyValueSpecification","valueRequired":true,"valueName":"search_term_string"}}],"inLanguage":"en-US"}]}},"_links":{"self":[{"href":"https:\/\/staging.editorialhccp.hcusweb.com\/r\/wp-json\/wp\/v2\/pages\/8998","targetHints":{"allow":["GET"]}}],"collection":[{"href":"https:\/\/staging.editorialhccp.hcusweb.com\/r\/wp-json\/wp\/v2\/pages"}],"about":[{"href":"https:\/\/staging.editorialhccp.hcusweb.com\/r\/wp-json\/wp\/v2\/types\/page"}],"replies":[{"embeddable":true,"href":"https:\/\/staging.editorialhccp.hcusweb.com\/r\/wp-json\/wp\/v2\/comments?post=8998"}],"version-history":[{"count":0,"href":"https:\/\/staging.editorialhccp.hcusweb.com\/r\/wp-json\/wp\/v2\/pages\/8998\/revisions"}],"wp:featuredmedia":[{"embeddable":true,"href":"https:\/\/staging.editorialhccp.hcusweb.com\/r\/wp-json\/wp\/v2\/media\/9002"}],"wp:attachment":[{"href":"https:\/\/staging.editorialhccp.hcusweb.com\/r\/wp-json\/wp\/v2\/media?parent=8998"}],"curies":[{"name":"wp","href":"https:\/\/api.w.org\/{rel}","templated":true}]}}