{"id":9067,"date":"2022-01-11T05:55:44","date_gmt":"2022-01-11T05:55:44","guid":{"rendered":"\/r\/?page_id=9067"},"modified":"2026-01-20T10:14:59","modified_gmt":"2026-01-20T10:14:59","slug":"la-trilogia-cosmica-de-c-s-lewis","status":"publish","type":"page","link":"https:\/\/staging.editorialhccp.hcusweb.com\/r\/la-trilogia-cosmica-de-c-s-lewis\/","title":{"rendered":"La trilog\u00eda c\u00f3smica de C.S. Lewis"},"content":{"rendered":"\n\n\t\t\t\t<img decoding=\"async\" src=\"\/r\/wp-content\/uploads\/sites\/5\/2022\/01\/11052112\/Explora-el-universo-con.jpeg\" alt=\"la trilogia cosmica cs lewis\" itemprop=\"image\" title=\"Explora el universo con\" onerror=\"this.style.display='none'\" loading=\"lazy\" \/>\n\t\t\t\t<a href=https:\/\/staging.editorialhccp.hcusweb.com\/9781400232178\/mas-alla-del-planeta-silencioso  target=\"_blank\" rel=\"noopener\"  itemprop=\"url\">\n\t\t\t\t<img decoding=\"async\" src=\"https:\/\/staging.editorialhccp.hcusweb.com\/r\/wp-content\/uploads\/sites\/5\/2026\/01\/MAS-ALLA-DEL-PLANETA-SILENCIOSO.jpeg\" alt=\"MA\u0301S-ALLA\u0301-DEL-PLANETA-SILENCIOSO\" itemprop=\"image\" height=\"300\" width=\"200\" title=\"MA\u0301S-ALLA\u0301-DEL-PLANETA-SILENCIOSO\" onerror=\"this.style.display='none'\" loading=\"lazy\" \/>\n\t\t\t\t<\/a>\n<h2>\n\t\t\tM\u00e1s all\u00e1 del planeta silencioso\t<\/h2>\n\t<p><i>M\u00e1s all\u00e1 del planeta silencioso<\/i>\u00a0es la primera novela de la cl\u00e1sica trilog\u00eda de ciencia ficci\u00f3n de C. S. Lewis. Cuenta la aventura del Dr. Ransom, un acad\u00e9mico de Cambridge, que es secuestrado y llevado en una nave espacial al planeta rojo de Malacandra, que \u00e9l conoce como Marte. Sus captores planean saquear los tesoros del planeta y ofrecer a Ransom como sacrificio a las criaturas que viven all\u00ed. Ransom descubre que viene del \u00abplaneta silencioso\u00bb, la Tierra, cuya tr\u00e1gica historia es conocida en todo el universo.<\/p>\n\t\t\t<a href=https:\/\/staging.editorialhccp.hcusweb.com\/9781400232178\/mas-alla-del-planeta-silencioso target=\"_blank\" rel=\"noopener\">\n\t\t\t\t\t\t\tCOMPRAR\n\t\t\t\t\t<\/a>\n\t\t\t\t<img decoding=\"async\" src=\"\/r\/wp-content\/uploads\/sites\/5\/2022\/01\/11052117\/mars.jpeg\" alt=\"mars\" itemprop=\"image\" title=\"mars\" onerror=\"this.style.display='none'\" loading=\"lazy\" \/>\n\t\t\t\t<a href=https:\/\/staging.editorialhccp.hcusweb.com\/9781400232222\/esa-horrible-fortaleza  target=\"_blank\" rel=\"noopener\"  itemprop=\"url\">\n\t\t\t\t<img decoding=\"async\" src=\"\/r\/wp-content\/uploads\/sites\/5\/2022\/01\/11061925\/horrible.jpeg\" alt=\"es horrible fortaleza cs lewis\" itemprop=\"image\" title=\"horrible\" onerror=\"this.style.display='none'\" loading=\"lazy\" \/>\n\t\t\t\t<\/a>\n<h2>\n\t\t<a href=https:\/\/staging.editorialhccp.hcusweb.com\/9781400232222\/esa-horrible-fortaleza title=\"Esa horrible fortaleza\"  target=\"_blank\"  rel=\"noopener\">\n\t\t\tEsa horrible fortaleza\t\t<\/a>\n\t<\/h2>\n\t<p><i>Esa horrible\u00a0<\/i><em>fortaleza<\/em> es la tercera novela de la trilog\u00eda de ciencia ficci\u00f3n de Lewis. Ambientada en la Tierra, narra una terror\u00edfica conspiraci\u00f3n contra la humanidad. La historia rodea a Mark y Jane Studdock, una pareja reci\u00e9n casada. Mark es un soci\u00f3logo que se siente atra\u00eddo por una organizaci\u00f3n llamada N.I.C.E., que pretende controlar toda la vida humana. Jane, por su parte, tiene extra\u00f1os sue\u00f1os prof\u00e9ticos sobre un cient\u00edfico decapitado, Alcasan. Mientras Mark se ve arrastrado inextricablemente a la siniestra organizaci\u00f3n, descubre la verdad de los sue\u00f1os de su mujer cuando conoce la cabeza literal de Alcasan, que se mantiene viva mediante infusiones de sangre. Jane busca ayuda en relaci\u00f3n con sus sue\u00f1os en una comunidad llamada Santa Ana, donde conoce a su l\u00edder, el Dr. Ransom. La historia termina en una espectacular escena final en la sede de la N.I.C.E., donde Merl\u00edn aparece para enfrentarse a los poderes del infierno.<\/p>\n\t\t\t<a href=https:\/\/staging.editorialhccp.hcusweb.com\/9781400232222\/esa-horrible-fortaleza target=\"_blank\" rel=\"noopener\">\n\t\t\t\t\t\t\tCOMPRAR\n\t\t\t\t\t<\/a>\n\t\t\t\t<img decoding=\"async\" src=\"\/r\/wp-content\/uploads\/sites\/5\/2022\/01\/11052109\/earth.jpeg\" alt=\"earth\" itemprop=\"image\" title=\"earth\" onerror=\"this.style.display='none'\" loading=\"lazy\" \/>\n\t\t\t\t<img decoding=\"async\" src=\"\/r\/wp-content\/uploads\/sites\/5\/2022\/01\/11060548\/collect-all-three.jpeg\" alt=\"la trilogia cosmica cs lewis\" itemprop=\"image\" title=\"collect all three\" onerror=\"this.style.display='none'\" loading=\"lazy\" \/>\n\t<h3>Recoge los 3 vol\u00famenes en una antolog\u00eda<\/h3>\n<p><strong>La trilog\u00eda c\u00f3smica<\/strong><\/p>\n<p>Esta magn\u00edfica edici\u00f3n marca el 85\u00ba aniversario de la cl\u00e1sica recopilaci\u00f3n de ciencia ficci\u00f3n de C. S. Lewis que presenta los viajes del Dr. Ransom en Marte, Venus y la Tierra. Con un pr\u00f3logo exclusivo de cartas recopiladas de J.R.R. Tolkien, que inspir\u00f3 a Lewis a escribir el primer volumen y en quien se bas\u00f3 en gran medida el personaje principal de Ransom<em>, La trilog\u00eda c\u00f3smica<\/em>\u00a0es una notable obra de fantas\u00eda que demuestra la poderosa imaginaci\u00f3n de C. S. Lewis.<\/p>\n<p><strong>La trilog\u00eda c\u00f3smica incluye:<\/strong><\/p>\n<ul>\n<li><em>M\u00e1s all\u00e1 del planeta silencioso<\/em><\/li>\n<li><em>Perelandra<\/em><\/li>\n<li><em>Esa horrible fortaleza<\/em><\/li>\n<\/ul>\n\t\t\t<a href=https:\/\/staging.editorialhccp.hcusweb.com\/9781400232253\/la-trilogia-cosmica target=\"_blank\" rel=\"noopener\">\n\t\t\t\t\t\t\tCOMPRAR\n\t\t\t\t\t<\/a>\n\n","protected":false},"excerpt":{"rendered":"<p>M\u00e1s all\u00e1 del planeta silencioso M\u00e1s all\u00e1 del planeta silencioso\u00a0es la primera novela de la cl\u00e1sica trilog\u00eda de ciencia ficci\u00f3n de C. S. Lewis. Cuenta la aventura del Dr. Ransom, un acad\u00e9mico de Cambridge, que es secuestrado y llevado en una nave espacial al planeta rojo de Malacandra, que \u00e9l conoce como Marte. Sus captores [&hellip;]<\/p>\n","protected":false},"author":0,"featured_media":8224,"parent":0,"menu_order":0,"comment_status":"closed","ping_status":"closed","template":"","meta":{"_acf_changed":false,"footnotes":""},"class_list":["post-9067","page","type-page","status-publish","has-post-thumbnail","hentry"],"acf":[],"yoast_head":"<!-- This site is optimized with the Yoast SEO Premium plugin v27.3 (Yoast SEO v27.4) - https:\/\/yoast.com\/product\/yoast-seo-premium-wordpress\/ -->\n<title>La trilog\u00eda c\u00f3smica de C.S. Lewis - Marketing Pages<\/title>\n<meta name=\"description\" content=\"Descubra a uno de los autores m\u00e1s influyentes del siglo XX\" \/>\n<meta name=\"robots\" content=\"index, follow, max-snippet:-1, max-image-preview:large, max-video-preview:-1\" \/>\n<link rel=\"canonical\" href=\"https:\/\/staging.editorialhccp.hcusweb.com\/r\/la-trilogia-cosmica-de-c-s-lewis\/\" \/>\n<meta property=\"og:locale\" content=\"en_US\" \/>\n<meta property=\"og:type\" content=\"article\" \/>\n<meta property=\"og:title\" content=\"Cl\u00e1sicos Selectos de C. S. Lewis\" \/>\n<meta property=\"og:description\" content=\"Descubra a uno de los autores m\u00e1s influyentes del siglo XX\" \/>\n<meta property=\"og:url\" content=\"https:\/\/staging.editorialhccp.hcusweb.com\/r\/la-trilogia-cosmica-de-c-s-lewis\/\" \/>\n<meta property=\"og:site_name\" content=\"Marketing Pages\" \/>\n<meta property=\"article:modified_time\" content=\"2026-01-20T10:14:59+00:00\" \/>\n<meta property=\"og:image\" content=\"https:\/\/staging.editorialhccp.hcusweb.com\/r\/wp-content\/uploads\/sites\/5\/2021\/09\/lewis-book-e1630962092677.jpg\" \/>\n\t<meta property=\"og:image:width\" content=\"1569\" \/>\n\t<meta property=\"og:image:height\" content=\"1065\" \/>\n\t<meta property=\"og:image:type\" content=\"image\/jpeg\" \/>\n<meta name=\"twitter:card\" content=\"summary_large_image\" \/>\n<meta name=\"twitter:title\" content=\"La trilog\u00eda c\u00f3smica de C.S. Lewis\" \/>\n<meta name=\"twitter:label1\" content=\"Est. reading time\" \/>\n\t<meta name=\"twitter:data1\" content=\"2 minutes\" \/>\n<script type=\"application\/ld+json\" class=\"yoast-schema-graph\">{\"@context\":\"https:\\\/\\\/schema.org\",\"@graph\":[{\"@type\":\"WebPage\",\"@id\":\"https:\\\/\\\/staging.editorialhccp.hcusweb.com\\\/r\\\/la-trilogia-cosmica-de-c-s-lewis\\\/\",\"url\":\"https:\\\/\\\/staging.editorialhccp.hcusweb.com\\\/r\\\/la-trilogia-cosmica-de-c-s-lewis\\\/\",\"name\":\"La trilog\u00eda c\u00f3smica de C.S. Lewis - Marketing Pages\",\"isPartOf\":{\"@id\":\"https:\\\/\\\/staging.editorialhccp.hcusweb.com\\\/r\\\/#website\"},\"primaryImageOfPage\":{\"@id\":\"https:\\\/\\\/staging.editorialhccp.hcusweb.com\\\/r\\\/la-trilogia-cosmica-de-c-s-lewis\\\/#primaryimage\"},\"image\":{\"@id\":\"https:\\\/\\\/staging.editorialhccp.hcusweb.com\\\/r\\\/la-trilogia-cosmica-de-c-s-lewis\\\/#primaryimage\"},\"thumbnailUrl\":\"https:\\\/\\\/staging.editorialhccp.hcusweb.com\\\/r\\\/wp-content\\\/uploads\\\/sites\\\/5\\\/2021\\\/09\\\/lewis-book-e1630962092677.jpg\",\"datePublished\":\"2022-01-11T05:55:44+00:00\",\"dateModified\":\"2026-01-20T10:14:59+00:00\",\"description\":\"Descubra a uno de los autores m\u00e1s influyentes del siglo XX\",\"breadcrumb\":{\"@id\":\"https:\\\/\\\/staging.editorialhccp.hcusweb.com\\\/r\\\/la-trilogia-cosmica-de-c-s-lewis\\\/#breadcrumb\"},\"inLanguage\":\"en-US\",\"potentialAction\":[{\"@type\":\"ReadAction\",\"target\":[\"https:\\\/\\\/staging.editorialhccp.hcusweb.com\\\/r\\\/la-trilogia-cosmica-de-c-s-lewis\\\/\"]}]},{\"@type\":\"ImageObject\",\"inLanguage\":\"en-US\",\"@id\":\"https:\\\/\\\/staging.editorialhccp.hcusweb.com\\\/r\\\/la-trilogia-cosmica-de-c-s-lewis\\\/#primaryimage\",\"url\":\"https:\\\/\\\/staging.editorialhccp.hcusweb.com\\\/r\\\/wp-content\\\/uploads\\\/sites\\\/5\\\/2021\\\/09\\\/lewis-book-e1630962092677.jpg\",\"contentUrl\":\"https:\\\/\\\/staging.editorialhccp.hcusweb.com\\\/r\\\/wp-content\\\/uploads\\\/sites\\\/5\\\/2021\\\/09\\\/lewis-book-e1630962092677.jpg\",\"width\":1569,\"height\":1065,\"caption\":\"cs lewis\"},{\"@type\":\"BreadcrumbList\",\"@id\":\"https:\\\/\\\/staging.editorialhccp.hcusweb.com\\\/r\\\/la-trilogia-cosmica-de-c-s-lewis\\\/#breadcrumb\",\"itemListElement\":[{\"@type\":\"ListItem\",\"position\":1,\"name\":\"Home\",\"item\":\"https:\\\/\\\/staging.editorialhccp.hcusweb.com\\\/r\\\/\"},{\"@type\":\"ListItem\",\"position\":2,\"name\":\"La trilog\u00eda c\u00f3smica de C.S. Lewis\"}]},{\"@type\":\"WebSite\",\"@id\":\"https:\\\/\\\/staging.editorialhccp.hcusweb.com\\\/r\\\/#website\",\"url\":\"https:\\\/\\\/staging.editorialhccp.hcusweb.com\\\/r\\\/\",\"name\":\"Marketing Pages\",\"description\":\"\",\"potentialAction\":[{\"@type\":\"SearchAction\",\"target\":{\"@type\":\"EntryPoint\",\"urlTemplate\":\"https:\\\/\\\/staging.editorialhccp.hcusweb.com\\\/r\\\/?s={search_term_string}\"},\"query-input\":{\"@type\":\"PropertyValueSpecification\",\"valueRequired\":true,\"valueName\":\"search_term_string\"}}],\"inLanguage\":\"en-US\"}]}<\/script>\n<!-- \/ Yoast SEO Premium plugin. -->","yoast_head_json":{"title":"La trilog\u00eda c\u00f3smica de C.S. Lewis - Marketing Pages","description":"Descubra a uno de los autores m\u00e1s influyentes del siglo XX","robots":{"index":"index","follow":"follow","max-snippet":"max-snippet:-1","max-image-preview":"max-image-preview:large","max-video-preview":"max-video-preview:-1"},"canonical":"https:\/\/staging.editorialhccp.hcusweb.com\/r\/la-trilogia-cosmica-de-c-s-lewis\/","og_locale":"en_US","og_type":"article","og_title":"Cl\u00e1sicos Selectos de C. S. Lewis","og_description":"Descubra a uno de los autores m\u00e1s influyentes del siglo XX","og_url":"https:\/\/staging.editorialhccp.hcusweb.com\/r\/la-trilogia-cosmica-de-c-s-lewis\/","og_site_name":"Marketing Pages","article_modified_time":"2026-01-20T10:14:59+00:00","og_image":[{"width":1569,"height":1065,"url":"https:\/\/staging.editorialhccp.hcusweb.com\/r\/wp-content\/uploads\/sites\/5\/2021\/09\/lewis-book-e1630962092677.jpg","type":"image\/jpeg"}],"twitter_card":"summary_large_image","twitter_title":"La trilog\u00eda c\u00f3smica de C.S. Lewis","twitter_misc":{"Est. reading time":"2 minutes"},"schema":{"@context":"https:\/\/schema.org","@graph":[{"@type":"WebPage","@id":"https:\/\/staging.editorialhccp.hcusweb.com\/r\/la-trilogia-cosmica-de-c-s-lewis\/","url":"https:\/\/staging.editorialhccp.hcusweb.com\/r\/la-trilogia-cosmica-de-c-s-lewis\/","name":"La trilog\u00eda c\u00f3smica de C.S. Lewis - Marketing Pages","isPartOf":{"@id":"https:\/\/staging.editorialhccp.hcusweb.com\/r\/#website"},"primaryImageOfPage":{"@id":"https:\/\/staging.editorialhccp.hcusweb.com\/r\/la-trilogia-cosmica-de-c-s-lewis\/#primaryimage"},"image":{"@id":"https:\/\/staging.editorialhccp.hcusweb.com\/r\/la-trilogia-cosmica-de-c-s-lewis\/#primaryimage"},"thumbnailUrl":"https:\/\/staging.editorialhccp.hcusweb.com\/r\/wp-content\/uploads\/sites\/5\/2021\/09\/lewis-book-e1630962092677.jpg","datePublished":"2022-01-11T05:55:44+00:00","dateModified":"2026-01-20T10:14:59+00:00","description":"Descubra a uno de los autores m\u00e1s influyentes del siglo XX","breadcrumb":{"@id":"https:\/\/staging.editorialhccp.hcusweb.com\/r\/la-trilogia-cosmica-de-c-s-lewis\/#breadcrumb"},"inLanguage":"en-US","potentialAction":[{"@type":"ReadAction","target":["https:\/\/staging.editorialhccp.hcusweb.com\/r\/la-trilogia-cosmica-de-c-s-lewis\/"]}]},{"@type":"ImageObject","inLanguage":"en-US","@id":"https:\/\/staging.editorialhccp.hcusweb.com\/r\/la-trilogia-cosmica-de-c-s-lewis\/#primaryimage","url":"https:\/\/staging.editorialhccp.hcusweb.com\/r\/wp-content\/uploads\/sites\/5\/2021\/09\/lewis-book-e1630962092677.jpg","contentUrl":"https:\/\/staging.editorialhccp.hcusweb.com\/r\/wp-content\/uploads\/sites\/5\/2021\/09\/lewis-book-e1630962092677.jpg","width":1569,"height":1065,"caption":"cs lewis"},{"@type":"BreadcrumbList","@id":"https:\/\/staging.editorialhccp.hcusweb.com\/r\/la-trilogia-cosmica-de-c-s-lewis\/#breadcrumb","itemListElement":[{"@type":"ListItem","position":1,"name":"Home","item":"https:\/\/staging.editorialhccp.hcusweb.com\/r\/"},{"@type":"ListItem","position":2,"name":"La trilog\u00eda c\u00f3smica de C.S. Lewis"}]},{"@type":"WebSite","@id":"https:\/\/staging.editorialhccp.hcusweb.com\/r\/#website","url":"https:\/\/staging.editorialhccp.hcusweb.com\/r\/","name":"Marketing Pages","description":"","potentialAction":[{"@type":"SearchAction","target":{"@type":"EntryPoint","urlTemplate":"https:\/\/staging.editorialhccp.hcusweb.com\/r\/?s={search_term_string}"},"query-input":{"@type":"PropertyValueSpecification","valueRequired":true,"valueName":"search_term_string"}}],"inLanguage":"en-US"}]}},"_links":{"self":[{"href":"https:\/\/staging.editorialhccp.hcusweb.com\/r\/wp-json\/wp\/v2\/pages\/9067","targetHints":{"allow":["GET"]}}],"collection":[{"href":"https:\/\/staging.editorialhccp.hcusweb.com\/r\/wp-json\/wp\/v2\/pages"}],"about":[{"href":"https:\/\/staging.editorialhccp.hcusweb.com\/r\/wp-json\/wp\/v2\/types\/page"}],"replies":[{"embeddable":true,"href":"https:\/\/staging.editorialhccp.hcusweb.com\/r\/wp-json\/wp\/v2\/comments?post=9067"}],"version-history":[{"count":0,"href":"https:\/\/staging.editorialhccp.hcusweb.com\/r\/wp-json\/wp\/v2\/pages\/9067\/revisions"}],"wp:featuredmedia":[{"embeddable":true,"href":"https:\/\/staging.editorialhccp.hcusweb.com\/r\/wp-json\/wp\/v2\/media\/8224"}],"wp:attachment":[{"href":"https:\/\/staging.editorialhccp.hcusweb.com\/r\/wp-json\/wp\/v2\/media?parent=9067"}],"curies":[{"name":"wp","href":"https:\/\/api.w.org\/{rel}","templated":true}]}}