{"id":946,"date":"2018-03-26T16:16:56","date_gmt":"2018-03-26T15:16:56","guid":{"rendered":"http:\/\/info.recursosparalaiglesia.com\/?page_id=946"},"modified":"2018-03-26T16:16:56","modified_gmt":"2018-03-26T15:16:56","slug":"comfortprint","status":"publish","type":"page","link":"https:\/\/staging.editorialhccp.hcusweb.com\/r\/comfortprint\/","title":{"rendered":"Biblias Comfort Print"},"content":{"rendered":"\n\n\t\t\t\t<img loading=\"lazy\" decoding=\"async\" src=\"\/r\/wp-content\/uploads\/sites\/5\/2022\/08\/HD-comfort-pint-textonly-copy-300x118.png\" alt=\"HD comfort-pint-textonly copy\" height=\"118\" width=\"300\" title=\"HD comfort-pint-textonly copy\" \/>\n<h2>\n\t\tTIPO DE LETRA EXCLUSIVO DE LAS BIBLIAS DE EDITORIAL VIDA\n\t<\/h2>\n\t<h1>CONOZCA LA DIFERENCIA<\/h1>\n<h2>\n\t\tF\u00e1cil de leer en cualquier tama\u00f1o\n\t<\/h2>\n\t<p>La nueva letra Comfort Print\u00ae,\u00a0es m\u00e1s f\u00e1cil de leer. Vea usted mismo la diferencia en los siguientes ejemplos. A la izquierda, la nueva letra Comfort Print\u00ae de Editorial Vida y Grupo Nelson. A la derecha, un tipo de letra ordinario (en el mismo tama\u00f1o). Podr\u00e1 usted notar que la letra Comfort Print\u00ae parece m\u00e1s grande, aunque el tama\u00f1o es en realidad el mismo. Este efecto se logra gracias diversos factores en el dise\u00f1o, que permiten que la Comfort Print\u00ae sea m\u00e1s f\u00e1cil de leer y ayude a relajar la vista durante la lectura. <\/p>\n\t\n<h2>\n\t\t\u00bfC\u00f3mo se origin\u00f3 la Comfort Print?\n\t<\/h2>\n\t<p>Aqu\u00ed presentamos una peque\u00f1a rese\u00f1a hist\u00f3rica del proceso que lleva crear una letra \u00fanica y diferente, la Comfort Print\u00ae. La letra fue dise\u00f1ada por el equipo 2K Denmark, l\u00edder mundial en tipograf\u00eda. El proceso es largo y arduo, pero el resultado es una letra que permitir\u00e1 a millones de personas pasar m\u00e1s tiempo disfrutando de la Palabra de Dios. \u00a1Gracias equipo de 2K Denmark por realizar esta magn\u00edfica tarea!<\/p>\n\t\t\t<img decoding=\"async\" loading='false' src=\"\/r\/wp-content\/uploads\/sites\/5\/2022\/08\/01_Biblias-.jpg\" alt=\"\" \/>\t\t\t\n\t\t\t<img decoding=\"async\" loading='false' src=\"\/r\/wp-content\/uploads\/sites\/5\/2022\/08\/02_Biblias.jpg\" alt=\"\" \/>\t\t\t\n\t\t\t<img decoding=\"async\" loading='false' src=\"\/r\/wp-content\/uploads\/sites\/5\/2022\/08\/03_Biblias-.jpg\" alt=\"\" \/>\t\t\t\n\t\t\t<img decoding=\"async\" loading='false' src=\"\/r\/wp-content\/uploads\/sites\/5\/2022\/08\/04_bIBLIAS-.jpg\" alt=\"\" \/>\t\t\t\n\t\t\t<img decoding=\"async\" loading='false' src=\"\/r\/wp-content\/uploads\/sites\/5\/2022\/08\/05_Biblias.jpg\" alt=\"\" \/>\t\t\t\n\t\t\t<img decoding=\"async\" loading='false' src=\"\/r\/wp-content\/uploads\/sites\/5\/2022\/08\/06_Biblias.jpg\" alt=\"\" \/>\t\t\t\n\t\t\t\t<a href=\"#\" aria-label=\"previous\" role=\"button\">\n<\/a>\n\t\t\t\t<a href=\"#\" aria-label=\"next\" role=\"button\">\n<\/a>\n\t\t\t\t<img decoding=\"async\" src=\"\/r\/wp-content\/plugins\/bb-plugin\/img\/pixel.png\" alt=\"\" \/>\n<h2>\n\t\tPARA QUE TODOS DISFRUTEN m\u00e1s LA BIBLIA\n\t<\/h2>\n\t<p>Hace ya varios a\u00f1os examinamos la realidad del analfabetismo b\u00edblico, pregunt\u00e1ndonos: \u00ab\u00bfC\u00f3mo podemos ayudar a los lectores de la Biblia a interactuar y explorar de mejores y m\u00e1s abundantes formas las Escrituras? \u00bfC\u00f3mo podemos promover un mayor entendimiento de la Palabra de Dios?\u00bb<\/p>\n<p>Las preguntas nos llevaron a lanzar la comisi\u00f3n tipogr\u00e1fica m\u00e1s significativa en la historia de la publicaci\u00f3n b\u00edblica, la cual culminar\u00eda con los tipos de letra <em>Comfort Print\u00ae<\/em> para las Biblias publicadas por Editorial Vida.<\/p>\n<p>Le invitamos a descubrir c\u00f3mo estas nuevas tipograf\u00edas conllevan lo mejor de la funcionalidad moderna y la artesan\u00eda de anta\u00f1o. Vea como ayudan a que la experiencia de lectura de la Biblia sea m\u00e1s c\u00f3moda. Y, m\u00e1s que nada, sienta su gran potencial para llevar a millones de personas a tener una experiencia viva y transformadora en su vida por medio del poder de la Palabra de Dios.<\/p>\n<p>\u00bfPuede acaso un tipo de letra alcanzar esto? Creemos que s\u00ed. Le invitamos a descubrir la diferencia de la nueva letra <em>Comfort Print\u00ae<\/em> de Editorial Vida.<\/p>\n\t\t\t\t<img loading=\"lazy\" decoding=\"async\" src=\"\/r\/wp-content\/uploads\/sites\/5\/2018\/05\/comfort-print-slider.gif\" alt=\"comfort print facil de leer letra para biblias mas clara\" height=\"150\" width=\"150\" title=\"comfort-print-slider\" \/>\n\t<h1>BIBLIAS CON Comfort Print\u00ae<\/h1>\n\t\t\t\t<img loading=\"lazy\" decoding=\"async\" src=\"\/r\/wp-content\/uploads\/sites\/5\/2024\/07\/LOGO_NVI.png\" alt=\"LOGO_NVI\" height=\"460\" width=\"833\" title=\"LOGO_NVI\" \/>\n\t\t\t\t<img loading=\"lazy\" decoding=\"async\" src=\"\/r\/wp-content\/uploads\/sites\/5\/2024\/07\/LOGO_NBLA-.png\" alt=\"LOGO_NBLA-\" height=\"460\" width=\"833\" title=\"LOGO_NBLA-\" \/>\n\t\t\t\t<img loading=\"lazy\" decoding=\"async\" src=\"\/r\/wp-content\/uploads\/sites\/5\/2024\/07\/LOGO_RVR60.png\" alt=\"LOGO_RVR60\" height=\"460\" width=\"833\" title=\"LOGO_RVR60\" \/>\n\t\t\t<a href=\"http:\/\/www.Biblias-NVI.com\" target=\"_self\" rel=\"noopener\">\n\t\t\t\t\t\t\tM\u00c1S BIBLIAS NVI\n\t\t\t\t\t<\/a>\n\t\t\t<a href=\"https:\/\/www.reinavalerarevisada.com\/\" target=\"_self\" rel=\"noopener\">\n\t\t\t\t\t\t\tM\u00c1S BIBLIAS NBLA\n\t\t\t\t\t<\/a>\n\t\t\t<a href=\"https:\/\/www.reinavalerarevisada.com\/\" target=\"_self\" rel=\"noopener\">\n\t\t\t\t\t\t\tM\u00c1S BIBLIAS RVR\n\t\t\t\t\t<\/a>\n\t<h1><strong>Obt\u00e9n una Biblia con Comfort Print\u00ae<\/strong><\/h1>\n\t<p>Las Biblias con Comfort Print\u00ae est\u00e1n disponibles hoy mismo en tu librer\u00eda o tienda en l\u00ednea favorita. Encuentra d\u00f3nde adquirirlas en tu pa\u00eds:<\/p>\n\t<nav aria-label=\"BuscadorTiendas\">\n\t\t<ul id=\"menu-buscadortiendas\"><li id=\"menu-item-5287\"><a href=\"#\">Selecciona tu pa\u00eds<\/a><ul>\t<li id=\"menu-item-11922\"><a href=https:\/\/staging.editorialhccp.hcusweb.com\/distribuidores-argentina\/>Argentina<\/a><\/li>\t<li id=\"menu-item-11923\"><a href=https:\/\/staging.editorialhccp.hcusweb.com\/distribuidores-bolivia\/>Bolivia<\/a><\/li>\t<li id=\"menu-item-11924\"><a href=https:\/\/staging.editorialhccp.hcusweb.com\/distribuidores-canada\/>Canad\u00e1<\/a><\/li>\t<li id=\"menu-item-11925\"><a href=https:\/\/staging.editorialhccp.hcusweb.com\/distribuidores-chile\/>Chile<\/a><\/li>\t<li id=\"menu-item-11926\"><a href=https:\/\/staging.editorialhccp.hcusweb.com\/distribuidores-colombia\/>Colombia<\/a><\/li>\t<li id=\"menu-item-11927\"><a href=https:\/\/staging.editorialhccp.hcusweb.com\/distribuidores-costa-rica\/>Costa Rica<\/a><\/li>\t<li id=\"menu-item-11928\"><a href=https:\/\/staging.editorialhccp.hcusweb.com\/distribuidores-ecuador\/>Ecuador<\/a><\/li>\t<li id=\"menu-item-11929\"><a href=https:\/\/staging.editorialhccp.hcusweb.com\/distribuidores-el-salvador\/>El Salvador<\/a><\/li>\t<li id=\"menu-item-11930\"><a href=https:\/\/staging.editorialhccp.hcusweb.com\/distribuidores-espana\/>Espa\u00f1a<\/a><\/li>\t<li id=\"menu-item-11931\"><a href=https:\/\/staging.editorialhccp.hcusweb.com\/distribuidores-estados-unidos\/>Estados Unidos<\/a><\/li>\t<li id=\"menu-item-11932\"><a href=https:\/\/staging.editorialhccp.hcusweb.com\/distribuidores-guatemala\/>Guatemala<\/a><\/li>\t<li id=\"menu-item-11945\"><a href=https:\/\/staging.editorialhccp.hcusweb.com\/distribuidores-honduras\/>Honduras<\/a><\/li>\t<li id=\"menu-item-11934\"><a href=https:\/\/staging.editorialhccp.hcusweb.com\/distribuidores-mexico\/>M\u00e9xico<\/a><\/li>\t<li id=\"menu-item-11935\"><a href=https:\/\/staging.editorialhccp.hcusweb.com\/distribuidores-nicaragua\/>Nicaragua<\/a><\/li>\t<li id=\"menu-item-11936\"><a href=https:\/\/staging.editorialhccp.hcusweb.com\/distribuidores-panama\/>Panam\u00e1<\/a><\/li>\t<li id=\"menu-item-11937\"><a href=https:\/\/staging.editorialhccp.hcusweb.com\/distribuidores-paraguay\/>Paraguay<\/a><\/li>\t<li id=\"menu-item-11938\"><a href=https:\/\/staging.editorialhccp.hcusweb.com\/distribuidores-peru\/>Per\u00fa<\/a><\/li>\t<li id=\"menu-item-11939\"><a href=https:\/\/staging.editorialhccp.hcusweb.com\/distribuidores-puerto-rico\/>Puerto Rico<\/a><\/li>\t<li id=\"menu-item-11940\"><a href=https:\/\/staging.editorialhccp.hcusweb.com\/distribuidores-republica-dominicana\/>Rep\u00fablica Dominicana<\/a><\/li>\t<li id=\"menu-item-11941\"><a href=https:\/\/staging.editorialhccp.hcusweb.com\/distribuidores-uruguay\/>Uruguay<\/a><\/li>\t<li id=\"menu-item-11942\"><a href=https:\/\/staging.editorialhccp.hcusweb.com\/distribuidores-venezuela\/>Venezuela<\/a><\/li><\/ul><\/li><\/ul>\n\t\t\t<\/nav>\n\t\t\t<button aria-label=\"HAZ CLIC AQU\u00cd\">\n\t\t\t\tHAZ CLIC AQU\u00cd\t\t\t<\/button>\n\t<nav aria-label=\"BuscadorTiendas\">\n\t\t<ul id=\"menu-buscadortiendas-1\"><li id=\"menu-item-5287\"><a href=\"#\">Selecciona tu pa\u00eds<\/a><ul>\t<li id=\"menu-item-11922\"><a href=https:\/\/staging.editorialhccp.hcusweb.com\/distribuidores-argentina\/>Argentina<\/a><\/li>\t<li id=\"menu-item-11923\"><a href=https:\/\/staging.editorialhccp.hcusweb.com\/distribuidores-bolivia\/>Bolivia<\/a><\/li>\t<li id=\"menu-item-11924\"><a href=https:\/\/staging.editorialhccp.hcusweb.com\/distribuidores-canada\/>Canad\u00e1<\/a><\/li>\t<li id=\"menu-item-11925\"><a href=https:\/\/staging.editorialhccp.hcusweb.com\/distribuidores-chile\/>Chile<\/a><\/li>\t<li id=\"menu-item-11926\"><a href=https:\/\/staging.editorialhccp.hcusweb.com\/distribuidores-colombia\/>Colombia<\/a><\/li>\t<li id=\"menu-item-11927\"><a href=https:\/\/staging.editorialhccp.hcusweb.com\/distribuidores-costa-rica\/>Costa Rica<\/a><\/li>\t<li id=\"menu-item-11928\"><a href=https:\/\/staging.editorialhccp.hcusweb.com\/distribuidores-ecuador\/>Ecuador<\/a><\/li>\t<li id=\"menu-item-11929\"><a href=https:\/\/staging.editorialhccp.hcusweb.com\/distribuidores-el-salvador\/>El Salvador<\/a><\/li>\t<li id=\"menu-item-11930\"><a href=https:\/\/staging.editorialhccp.hcusweb.com\/distribuidores-espana\/>Espa\u00f1a<\/a><\/li>\t<li id=\"menu-item-11931\"><a href=https:\/\/staging.editorialhccp.hcusweb.com\/distribuidores-estados-unidos\/>Estados Unidos<\/a><\/li>\t<li id=\"menu-item-11932\"><a href=https:\/\/staging.editorialhccp.hcusweb.com\/distribuidores-guatemala\/>Guatemala<\/a><\/li>\t<li id=\"menu-item-11945\"><a href=https:\/\/staging.editorialhccp.hcusweb.com\/distribuidores-honduras\/>Honduras<\/a><\/li>\t<li id=\"menu-item-11934\"><a href=https:\/\/staging.editorialhccp.hcusweb.com\/distribuidores-mexico\/>M\u00e9xico<\/a><\/li>\t<li id=\"menu-item-11935\"><a href=https:\/\/staging.editorialhccp.hcusweb.com\/distribuidores-nicaragua\/>Nicaragua<\/a><\/li>\t<li id=\"menu-item-11936\"><a href=https:\/\/staging.editorialhccp.hcusweb.com\/distribuidores-panama\/>Panam\u00e1<\/a><\/li>\t<li id=\"menu-item-11937\"><a href=https:\/\/staging.editorialhccp.hcusweb.com\/distribuidores-paraguay\/>Paraguay<\/a><\/li>\t<li id=\"menu-item-11938\"><a href=https:\/\/staging.editorialhccp.hcusweb.com\/distribuidores-peru\/>Per\u00fa<\/a><\/li>\t<li id=\"menu-item-11939\"><a href=https:\/\/staging.editorialhccp.hcusweb.com\/distribuidores-puerto-rico\/>Puerto Rico<\/a><\/li>\t<li id=\"menu-item-11940\"><a href=https:\/\/staging.editorialhccp.hcusweb.com\/distribuidores-republica-dominicana\/>Rep\u00fablica Dominicana<\/a><\/li>\t<li id=\"menu-item-11941\"><a href=https:\/\/staging.editorialhccp.hcusweb.com\/distribuidores-uruguay\/>Uruguay<\/a><\/li>\t<li id=\"menu-item-11942\"><a href=https:\/\/staging.editorialhccp.hcusweb.com\/distribuidores-venezuela\/>Venezuela<\/a><\/li><\/ul><\/li><\/ul>\n\t\t\t<\/nav>\n\t\t\t\t<img loading=\"lazy\" decoding=\"async\" src=\"\/r\/wp-content\/uploads\/sites\/5\/2024\/07\/logos-comfort-print-.png\" alt=\"logos comfort print\" height=\"202\" width=\"2000\" title=\"logos comfort print\" \/>\n\n","protected":false},"excerpt":{"rendered":"<p>TIPO DE LETRA EXCLUSIVO DE LAS BIBLIAS DE EDITORIAL VIDA CONOZCA LA DIFERENCIA F\u00e1cil de leer en cualquier tama\u00f1o La nueva letra Comfort Print\u00ae,\u00a0es m\u00e1s f\u00e1cil de leer. Vea usted mismo la diferencia en los siguientes ejemplos. A la izquierda, la nueva letra Comfort Print\u00ae de Editorial Vida y Grupo Nelson. A la derecha, un [&hellip;]<\/p>\n","protected":false},"author":0,"featured_media":1177,"parent":0,"menu_order":0,"comment_status":"closed","ping_status":"closed","template":"","meta":{"_acf_changed":false,"footnotes":""},"class_list":["post-946","page","type-page","status-publish","has-post-thumbnail","hentry"],"acf":[],"yoast_head":"<!-- This site is optimized with the Yoast SEO Premium plugin v27.3 (Yoast SEO v27.4) - https:\/\/yoast.com\/product\/yoast-seo-premium-wordpress\/ -->\n<title>Biblias Comfort Print - Una letra f\u00e1cil de leer en cualquier tama\u00f1o.<\/title>\n<meta name=\"description\" content=\"La nueva letra Comfort Print de Editorial Vida y Grupo Nelson es exclusiva para nuestra Biblias NVI y RVR. Conoce qu\u00e9 hace a la Comfort Print una letra m\u00e1s f\u00e1cil de leer y c\u00f3mo ayuda a que tu vista no se canse al leer la Biblia. Gracias a ella, podr\u00e1s pasar m\u00e1s tiempo en la Palabra de Dios.\" \/>\n<meta name=\"robots\" content=\"index, follow, max-snippet:-1, max-image-preview:large, max-video-preview:-1\" \/>\n<link rel=\"canonical\" href=\"https:\/\/staging.editorialhccp.hcusweb.com\/r\/comfortprint\/\" \/>\n<meta property=\"og:locale\" content=\"en_US\" \/>\n<meta property=\"og:type\" content=\"article\" \/>\n<meta property=\"og:title\" content=\"Nueva Letra Comfort Print\" \/>\n<meta property=\"og:description\" content=\"La nueva letra Comfort Print de Editorial Vida y Grupo Nelson es exclusiva para nuestra Biblias NVI y RVR. Conoce qu\u00e9 hace a la Comfort Print una letra m\u00e1s f\u00e1cil de leer y c\u00f3mo ayuda a que tu vista no se canse al leer la Biblia. Gracias a ella, podr\u00e1s pasar m\u00e1s tiempo en la Palabra de Dios.\" \/>\n<meta property=\"og:url\" content=\"https:\/\/staging.editorialhccp.hcusweb.com\/r\/comfortprint\/\" \/>\n<meta property=\"og:site_name\" content=\"Marketing Pages\" \/>\n<meta property=\"og:image\" content=\"https:\/\/staging.editorialhccp.hcusweb.com\/r\/wp-content\/uploads\/sites\/5\/2018\/05\/comfort-print-fb.jpg\" \/>\n\t<meta property=\"og:image:width\" content=\"1200\" \/>\n\t<meta property=\"og:image:height\" content=\"630\" \/>\n\t<meta property=\"og:image:type\" content=\"image\/jpeg\" \/>\n<meta name=\"twitter:card\" content=\"summary_large_image\" \/>\n<meta name=\"twitter:title\" content=\"Nueva Letra Comfort Print\" \/>\n<meta name=\"twitter:description\" content=\"La nueva letra Comfort Print de Editorial Vida y Grupo Nelson es exclusiva para nuestra Biblias NVI y RVR. Conoce qu\u00e9 hace a la Comfort Print una letra m\u00e1s f\u00e1cil de leer y c\u00f3mo ayuda a que tu vista no se canse al leer la Biblia. Gracias a ella, podr\u00e1s pasar m\u00e1s tiempo en la Palabra de Dios.\" \/>\n<meta name=\"twitter:image\" content=\"https:\/\/staging.editorialhccp.hcusweb.com\/wp-content\/uploads\/2018\/05\/04174734\/comfort-print-fb.jpg\" \/>\n<script type=\"application\/ld+json\" class=\"yoast-schema-graph\">{\"@context\":\"https:\\\/\\\/schema.org\",\"@graph\":[{\"@type\":\"WebPage\",\"@id\":\"https:\\\/\\\/staging.editorialhccp.hcusweb.com\\\/r\\\/comfortprint\\\/\",\"url\":\"https:\\\/\\\/staging.editorialhccp.hcusweb.com\\\/r\\\/comfortprint\\\/\",\"name\":\"Biblias Comfort Print - Una letra f\u00e1cil de leer en cualquier tama\u00f1o.\",\"isPartOf\":{\"@id\":\"https:\\\/\\\/staging.editorialhccp.hcusweb.com\\\/r\\\/#website\"},\"primaryImageOfPage\":{\"@id\":\"https:\\\/\\\/staging.editorialhccp.hcusweb.com\\\/r\\\/comfortprint\\\/#primaryimage\"},\"image\":{\"@id\":\"https:\\\/\\\/staging.editorialhccp.hcusweb.com\\\/r\\\/comfortprint\\\/#primaryimage\"},\"thumbnailUrl\":\"https:\\\/\\\/staging.editorialhccp.hcusweb.com\\\/r\\\/wp-content\\\/uploads\\\/sites\\\/5\\\/2018\\\/05\\\/comfort-print-fb.jpg\",\"datePublished\":\"2018-03-26T15:16:56+00:00\",\"description\":\"La nueva letra Comfort Print de Editorial Vida y Grupo Nelson es exclusiva para nuestra Biblias NVI y RVR. Conoce qu\u00e9 hace a la Comfort Print una letra m\u00e1s f\u00e1cil de leer y c\u00f3mo ayuda a que tu vista no se canse al leer la Biblia. Gracias a ella, podr\u00e1s pasar m\u00e1s tiempo en la Palabra de Dios.\",\"breadcrumb\":{\"@id\":\"https:\\\/\\\/staging.editorialhccp.hcusweb.com\\\/r\\\/comfortprint\\\/#breadcrumb\"},\"inLanguage\":\"en-US\",\"potentialAction\":[{\"@type\":\"ReadAction\",\"target\":[\"https:\\\/\\\/staging.editorialhccp.hcusweb.com\\\/r\\\/comfortprint\\\/\"]}]},{\"@type\":\"ImageObject\",\"inLanguage\":\"en-US\",\"@id\":\"https:\\\/\\\/staging.editorialhccp.hcusweb.com\\\/r\\\/comfortprint\\\/#primaryimage\",\"url\":\"https:\\\/\\\/staging.editorialhccp.hcusweb.com\\\/r\\\/wp-content\\\/uploads\\\/sites\\\/5\\\/2018\\\/05\\\/comfort-print-fb.jpg\",\"contentUrl\":\"https:\\\/\\\/staging.editorialhccp.hcusweb.com\\\/r\\\/wp-content\\\/uploads\\\/sites\\\/5\\\/2018\\\/05\\\/comfort-print-fb.jpg\",\"width\":1200,\"height\":630},{\"@type\":\"BreadcrumbList\",\"@id\":\"https:\\\/\\\/staging.editorialhccp.hcusweb.com\\\/r\\\/comfortprint\\\/#breadcrumb\",\"itemListElement\":[{\"@type\":\"ListItem\",\"position\":1,\"name\":\"Home\",\"item\":\"https:\\\/\\\/staging.editorialhccp.hcusweb.com\\\/r\\\/\"},{\"@type\":\"ListItem\",\"position\":2,\"name\":\"Biblias Comfort Print\"}]},{\"@type\":\"WebSite\",\"@id\":\"https:\\\/\\\/staging.editorialhccp.hcusweb.com\\\/r\\\/#website\",\"url\":\"https:\\\/\\\/staging.editorialhccp.hcusweb.com\\\/r\\\/\",\"name\":\"Marketing Pages\",\"description\":\"\",\"potentialAction\":[{\"@type\":\"SearchAction\",\"target\":{\"@type\":\"EntryPoint\",\"urlTemplate\":\"https:\\\/\\\/staging.editorialhccp.hcusweb.com\\\/r\\\/?s={search_term_string}\"},\"query-input\":{\"@type\":\"PropertyValueSpecification\",\"valueRequired\":true,\"valueName\":\"search_term_string\"}}],\"inLanguage\":\"en-US\"}]}<\/script>\n<!-- \/ Yoast SEO Premium plugin. -->","yoast_head_json":{"title":"Biblias Comfort Print - Una letra f\u00e1cil de leer en cualquier tama\u00f1o.","description":"La nueva letra Comfort Print de Editorial Vida y Grupo Nelson es exclusiva para nuestra Biblias NVI y RVR. Conoce qu\u00e9 hace a la Comfort Print una letra m\u00e1s f\u00e1cil de leer y c\u00f3mo ayuda a que tu vista no se canse al leer la Biblia. Gracias a ella, podr\u00e1s pasar m\u00e1s tiempo en la Palabra de Dios.","robots":{"index":"index","follow":"follow","max-snippet":"max-snippet:-1","max-image-preview":"max-image-preview:large","max-video-preview":"max-video-preview:-1"},"canonical":"https:\/\/staging.editorialhccp.hcusweb.com\/r\/comfortprint\/","og_locale":"en_US","og_type":"article","og_title":"Nueva Letra Comfort Print","og_description":"La nueva letra Comfort Print de Editorial Vida y Grupo Nelson es exclusiva para nuestra Biblias NVI y RVR. Conoce qu\u00e9 hace a la Comfort Print una letra m\u00e1s f\u00e1cil de leer y c\u00f3mo ayuda a que tu vista no se canse al leer la Biblia. Gracias a ella, podr\u00e1s pasar m\u00e1s tiempo en la Palabra de Dios.","og_url":"https:\/\/staging.editorialhccp.hcusweb.com\/r\/comfortprint\/","og_site_name":"Marketing Pages","og_image":[{"width":1200,"height":630,"url":"https:\/\/staging.editorialhccp.hcusweb.com\/r\/wp-content\/uploads\/sites\/5\/2018\/05\/comfort-print-fb.jpg","type":"image\/jpeg"}],"twitter_card":"summary_large_image","twitter_title":"Nueva Letra Comfort Print","twitter_description":"La nueva letra Comfort Print de Editorial Vida y Grupo Nelson es exclusiva para nuestra Biblias NVI y RVR. Conoce qu\u00e9 hace a la Comfort Print una letra m\u00e1s f\u00e1cil de leer y c\u00f3mo ayuda a que tu vista no se canse al leer la Biblia. Gracias a ella, podr\u00e1s pasar m\u00e1s tiempo en la Palabra de Dios.","twitter_image":"https:\/\/staging.editorialhccp.hcusweb.com\/wp-content\/uploads\/2018\/05\/04174734\/comfort-print-fb.jpg","schema":{"@context":"https:\/\/schema.org","@graph":[{"@type":"WebPage","@id":"https:\/\/staging.editorialhccp.hcusweb.com\/r\/comfortprint\/","url":"https:\/\/staging.editorialhccp.hcusweb.com\/r\/comfortprint\/","name":"Biblias Comfort Print - Una letra f\u00e1cil de leer en cualquier tama\u00f1o.","isPartOf":{"@id":"https:\/\/staging.editorialhccp.hcusweb.com\/r\/#website"},"primaryImageOfPage":{"@id":"https:\/\/staging.editorialhccp.hcusweb.com\/r\/comfortprint\/#primaryimage"},"image":{"@id":"https:\/\/staging.editorialhccp.hcusweb.com\/r\/comfortprint\/#primaryimage"},"thumbnailUrl":"https:\/\/staging.editorialhccp.hcusweb.com\/r\/wp-content\/uploads\/sites\/5\/2018\/05\/comfort-print-fb.jpg","datePublished":"2018-03-26T15:16:56+00:00","description":"La nueva letra Comfort Print de Editorial Vida y Grupo Nelson es exclusiva para nuestra Biblias NVI y RVR. Conoce qu\u00e9 hace a la Comfort Print una letra m\u00e1s f\u00e1cil de leer y c\u00f3mo ayuda a que tu vista no se canse al leer la Biblia. Gracias a ella, podr\u00e1s pasar m\u00e1s tiempo en la Palabra de Dios.","breadcrumb":{"@id":"https:\/\/staging.editorialhccp.hcusweb.com\/r\/comfortprint\/#breadcrumb"},"inLanguage":"en-US","potentialAction":[{"@type":"ReadAction","target":["https:\/\/staging.editorialhccp.hcusweb.com\/r\/comfortprint\/"]}]},{"@type":"ImageObject","inLanguage":"en-US","@id":"https:\/\/staging.editorialhccp.hcusweb.com\/r\/comfortprint\/#primaryimage","url":"https:\/\/staging.editorialhccp.hcusweb.com\/r\/wp-content\/uploads\/sites\/5\/2018\/05\/comfort-print-fb.jpg","contentUrl":"https:\/\/staging.editorialhccp.hcusweb.com\/r\/wp-content\/uploads\/sites\/5\/2018\/05\/comfort-print-fb.jpg","width":1200,"height":630},{"@type":"BreadcrumbList","@id":"https:\/\/staging.editorialhccp.hcusweb.com\/r\/comfortprint\/#breadcrumb","itemListElement":[{"@type":"ListItem","position":1,"name":"Home","item":"https:\/\/staging.editorialhccp.hcusweb.com\/r\/"},{"@type":"ListItem","position":2,"name":"Biblias Comfort Print"}]},{"@type":"WebSite","@id":"https:\/\/staging.editorialhccp.hcusweb.com\/r\/#website","url":"https:\/\/staging.editorialhccp.hcusweb.com\/r\/","name":"Marketing Pages","description":"","potentialAction":[{"@type":"SearchAction","target":{"@type":"EntryPoint","urlTemplate":"https:\/\/staging.editorialhccp.hcusweb.com\/r\/?s={search_term_string}"},"query-input":{"@type":"PropertyValueSpecification","valueRequired":true,"valueName":"search_term_string"}}],"inLanguage":"en-US"}]}},"_links":{"self":[{"href":"https:\/\/staging.editorialhccp.hcusweb.com\/r\/wp-json\/wp\/v2\/pages\/946","targetHints":{"allow":["GET"]}}],"collection":[{"href":"https:\/\/staging.editorialhccp.hcusweb.com\/r\/wp-json\/wp\/v2\/pages"}],"about":[{"href":"https:\/\/staging.editorialhccp.hcusweb.com\/r\/wp-json\/wp\/v2\/types\/page"}],"replies":[{"embeddable":true,"href":"https:\/\/staging.editorialhccp.hcusweb.com\/r\/wp-json\/wp\/v2\/comments?post=946"}],"version-history":[{"count":0,"href":"https:\/\/staging.editorialhccp.hcusweb.com\/r\/wp-json\/wp\/v2\/pages\/946\/revisions"}],"wp:featuredmedia":[{"embeddable":true,"href":"https:\/\/staging.editorialhccp.hcusweb.com\/r\/wp-json\/wp\/v2\/media\/1177"}],"wp:attachment":[{"href":"https:\/\/staging.editorialhccp.hcusweb.com\/r\/wp-json\/wp\/v2\/media?parent=946"}],"curies":[{"name":"wp","href":"https:\/\/api.w.org\/{rel}","templated":true}]}}