{"id":1984,"date":"2022-08-24T19:07:27","date_gmt":"2022-08-24T19:07:27","guid":{"rendered":"\/vida\/?page_id=1984"},"modified":"2022-08-24T19:07:27","modified_gmt":"2022-08-24T19:07:27","slug":"donde-hay-fe-hay-editorial-vida","status":"publish","type":"page","link":"https:\/\/staging.editorialhccp.hcusweb.com\/vida\/donde-hay-fe-hay-editorial-vida\/","title":{"rendered":"Donde hay fe, hay Editorial Vida"},"content":{"rendered":"\n\n<p>Donde hay fe, hay Editorial Vida<\/p>\n<p><strong>Editorial Vida celebra 75 a\u00f1os en el mes de la Biblia.<\/strong><\/p>\n<p>(Nashville, Tenn.) 1 de septiembre del 2022 &#8211; La editorial l\u00edder mundial de Biblias, libros y recursos en espa\u00f1ol celebra 75 a\u00f1os al servicio de la iglesia.<\/p>\n<p><strong>&#8220;Donde hay fe, hay vida&#8221;<\/strong>\u00a0no es simplemente un lema para la editorial principal del mundo de Biblias, libros y recursos en espa\u00f1ol para la iglesia. Es un reflejo de la rica historia de Editorial Vida, as\u00ed como una br\u00fajula para el futuro.<\/p>\n<p>Editorial Vida fue fundada en 1946 por el concilio de las Asambleas de Dios. En 1995, cuando Zondervan Publishers, para ese entonces una divisi\u00f3n de HarperCollins, adquiri\u00f3 a Editorial Vida, la editorial estaba sirviendo a los creyentes con m\u00e1s de 900 t\u00edtulos impresos y estaba trabajando en un equivalente en espa\u00f1ol a la NIV. Esa traducci\u00f3n, la <em>Nueva Versi\u00f3n Internacional<\/em> (NVI), fue completada y publicada en 1997, poco despu\u00e9s de la adquisici\u00f3n de Zondervan.<\/p>\n\t\t\t\t<img loading=\"lazy\" decoding=\"async\" src=\"\/vida\/wp-content\/uploads\/sites\/3\/2022\/08\/75-anos-.jpg\" alt=\"75 a\u00f1os\" height=\"2000\" width=\"2000\" title=\"75 a\u00f1os\" \/>\n<p>A lo largo de los a\u00f1os,\u00a0<strong>Editorial Vida<\/strong>\u00a0tambi\u00e9n ha sido galardonada con numerosos premios de la industria tanto de\u00a0<strong>SEPA<\/strong>\u00a0como de\u00a0<strong>ECPA<\/strong> por varios t\u00edtulos\u00a0<em>best sellers<\/em>, entre los que se encuentran muchos de los t\u00edtulos m\u00e1s vendidos de HCCP de todos los tiempos, pero tambi\u00e9n muchos originales en espa\u00f1ol de autores aut\u00f3ctonos y voces globales.<\/p>\n<p>Al d\u00eda de hoy, Editorial Vida contin\u00faa publicando la m\u00e1s amplia gama de recursos que sirven a la iglesia de habla hispana en general. Hoy en d\u00eda, Editorial Vida cuenta con un cat\u00e1logo de m\u00e1s de 3,000 t\u00edtulos de libros activos, incluyendo best sellers actuales como Christy Muller y el pastor Miguel N\u00fa\u00f1ez, el best seller de Rick Warren, <em>Una vida con prop\u00f3sito<\/em>, recursos acad\u00e9micos como el best seller de Wayne Grudem, <em>Teolog\u00eda sistem\u00e1tica<\/em>, as\u00ed como estudios b\u00edblicos perennes de la iglesia como <em>La historia<\/em> y <em>Creer<\/em>.<\/p>\n<blockquote>\n<p>Editorial Vida continu\u0301a\u00a0publicando la ma\u0301s amplia gama de recursos al servicio de la iglesia de habla hispana en general.<\/p>\n<\/blockquote>\n<p>Editorial Vida tambi\u00e9n contin\u00faa enfoc\u00e1ndose en la misi\u00f3n integral de crear Biblias hermosas, para todas las edades y las etapas en m\u00faltiples traducciones. Este deseo de equipar el cuerpo impulsa a Editorial Vida a seguir produciendo una amplia variedad de Biblias de texto, de estudio y especializadas, incluyendo la <em>Biblia de Estudio NBLA Gracia y Verdad<\/em>\u00a0y la\u00a0<em>Biblia de Estudio de Teolog\u00eda B\u00edblica NVI<\/em>, mientras sigue proporcionando al mercado \u00e9xitos de ventas perdurables como la\u00a0<em>Biblias de Referencia Thompson<\/em>, la\u00a0<em>Biblia de Estudio de la Vida Plena<\/em>, y la\u00a0<em>Biblia de Estudio John MacArthur<\/em>. Todo esto se hace con un \u00e9nfasis marcado en ofrecer una variedad de traducciones, como el RVR, RVR1960, el NVI y el recientemente lanzado NBLA.<\/p>\n<p>En el campo de referencia y acad\u00e9mico, Editorial Vida tiene un acuerdo de distribuci\u00f3n exclusiva con CLIE, la editorial m\u00e1s antigua y respetada en este \u00e1mbito, con m\u00e1s de 3,000 t\u00edtulos propios.<\/p>\n<strong>Nuevos Lanzamientos<\/strong><br \/>\nEditorial Vida sigue celebrando en 2022 con una lista excepcional de lanzamientos. Los aspectos m\u00e1s destacados incluyen libros recientemente lanzados de Christy Muller, Craig Groeshel y Josh McDowell, con unos por venir de Tara Leigh Cobble, Itiel Arroyo y C. S. Lewis, as\u00ed como libros para ni\u00f1os y sumando lanzamientos en el \u00e1mbito acad\u00e9mico y de referencia de Editorial CLIE.\n\t\t\t\t<img loading=\"lazy\" decoding=\"async\" src=\"\/vida\/wp-content\/uploads\/sites\/3\/2022\/08\/BibliaColeccionPremierRVR60-scaled.jpg\" alt=\"BibliaColeccionPremierRVR60\" height=\"1869\" width=\"2560\" title=\"BibliaColeccionPremierRVR60\" \/>\n<p>Donde hay fe, hay Editorial Vida<\/p>\n<p>En cuanto a las Biblias, Editorial Vida publicar\u00e1 en 2022 la <a href=https:\/\/staging.editorialhccp.hcusweb.com\/9780829770490\/nvi-biblia-de-estudio-teologia-biblica-tapa-dura-interior-a-cuatro-colores\/ target=\"_blank\" rel=\"noopener\"><em>Biblia de Estudio de Teolog\u00eda B\u00edblica<\/em> (NVI) por D. A. Carson<\/a> y en 2023 la<a href=https:\/\/staging.editorialhccp.hcusweb.com\/9780829772319\/nbla-biblia-aventura-tapa-dura-interior-a-color-cierre-magnetico\/ target=\"_blank\" rel=\"noopener\"><em> Biblia Aventura<\/em> (NBLA) para ni\u00f1os<\/a>, la\u00a0<a href=https:\/\/staging.editorialhccp.hcusweb.com\/vida\/9780829702767\/biblia-de-estudio-nbla-tapa-dura-interior-a-dos-colores\/ target=\"_blank\" rel=\"noopener\"><em>Biblia de Estudio NBLA<\/em><\/a>, la<a href=https:\/\/staging.editorialhccp.hcusweb.com\/vida\/9780829770988\/reina-valera-revisada-biblia-reflexiones-de-c-s-lewis-tapa-dura-interior-a-dos-colores\/ target=\"_blank\" rel=\"noopener\"><em> Biblia Reflexiones de C. S. Lewis<\/em>\u00a0(RVR)<\/a> y la<a href=https:\/\/staging.editorialhccp.hcusweb.com\/vida\/9780829730678\/nbla-biblia-ama-a-dios-grandemente-tapa-dura-interior-a-cuatro-colores\/ target=\"_blank\" rel=\"noopener\"><em> Biblia Ama a Dios Grandemente <\/em>(NBLA)<\/a>. Adem\u00e1s, Editorial Vida renovar\u00e1 por completo su cat\u00e1logo de biblias NVI por motivo de la revisi\u00f3n de la traducci\u00f3n recientemente completada por B\u00edblica<em>\u00ae<\/em>.<\/p>\n<p>Por \u00faltimo, la exclusiva <a href=https:\/\/staging.editorialhccp.hcusweb.com\/r\/biblia-coleccion-premier\/ target=\"_blank\" rel=\"noopener\"><em>Colecci\u00f3n <\/em><em>Premier<\/em><em>\u00ae<\/em><\/a> de Vida, las biblias de m\u00e1s alta calidad en el mercado, ver\u00e1 el lanzamiento de nuevos t\u00edtulos de la RVR1960 a\u00f1adidos a la oferta existente.<\/p>\n<p>A medida que la iglesia sigue creciendo y transform\u00e1ndose, Editorial Vida se esfuerza por ser el mejor proveedor de recursos para el cuerpo de Cristo en general. Cris Garrido, vicepresidente y editor, a\u00f1ade:\u00a0<strong>\u00abEstoy muy agradecido de formar parte del legado de Editorial Vida y a\u00fan m\u00e1s emocionado por las posibilidades de seguir impactando a los creyentes de todas las denominaciones con libros, Biblias y recursos que les acerquen al dador de la &#8220;Vida&#8221;\u00bb.<\/strong><\/p>\n\t\t\t\t<img loading=\"lazy\" decoding=\"async\" src=\"\/vida\/wp-content\/uploads\/sites\/3\/2022\/08\/770981.jpg\" alt=\"770981\" height=\"400\" width=\"267\" title=\"770981\" \/>\n\t\t\t\t<img loading=\"lazy\" decoding=\"async\" src=\"\/vida\/wp-content\/uploads\/sites\/3\/2022\/08\/1-cris-garrido-.png\" alt=\"1 cris garrido\" height=\"300\" width=\"800\" title=\"1 cris garrido\" \/>\n\t\t\t\t<img loading=\"lazy\" decoding=\"async\" src=\"\/vida\/wp-content\/uploads\/sites\/3\/2022\/08\/Editorial-vida-Editorial-HCCP-logo-copy.png\" alt=\"Editorial vida Editorial HCCP logo copy\" height=\"202\" width=\"2000\" title=\"Editorial vida Editorial HCCP logo copy\" \/>\n\n","protected":false},"excerpt":{"rendered":"<p>Donde hay fe, hay Editorial Vida Editorial Vida celebra 75 a\u00f1os en el mes de la Biblia. (Nashville, Tenn.) 1 de septiembre del 2022 &#8211; La editorial l\u00edder mundial de Biblias, libros y recursos en espa\u00f1ol celebra 75 a\u00f1os al servicio de la iglesia. &#8220;Donde hay fe, hay vida&#8221;\u00a0no es simplemente un lema para la [&hellip;]<\/p>\n","protected":false},"author":0,"featured_media":0,"parent":0,"menu_order":0,"comment_status":"closed","ping_status":"closed","template":"templates\/template-full-width.php","meta":{"_acf_changed":false,"footnotes":""},"class_list":["post-1984","page","type-page","status-publish","hentry"],"acf":[],"yoast_head":"<!-- This site is optimized with the Yoast SEO Premium plugin v27.3 (Yoast SEO v27.4) - https:\/\/yoast.com\/product\/yoast-seo-premium-wordpress\/ -->\n<title>DONDE HAY FE, HAY EDITORIAL VIDA | 75 A\u00f1os de Vida<\/title>\n<meta name=\"description\" content=\"La principal editorial del mundo en Biblias, libros y recursos en espan\u0303ol celebra 75 an\u0303os al servicio de la iglesia\" \/>\n<meta name=\"robots\" content=\"index, follow, max-snippet:-1, max-image-preview:large, max-video-preview:-1\" \/>\n<link rel=\"canonical\" href=\"https:\/\/staging.editorialhccp.hcusweb.com\/vida\/donde-hay-fe-hay-editorial-vida\/\" \/>\n<meta property=\"og:locale\" content=\"en_US\" \/>\n<meta property=\"og:type\" content=\"article\" \/>\n<meta property=\"og:title\" content=\"Donde hay fe, hay Editorial Vida\" \/>\n<meta property=\"og:description\" content=\"La principal editorial del mundo en Biblias, libros y recursos en espan\u0303ol celebra 75 an\u0303os al servicio de la iglesia\" \/>\n<meta property=\"og:url\" content=\"https:\/\/staging.editorialhccp.hcusweb.com\/vida\/donde-hay-fe-hay-editorial-vida\/\" \/>\n<meta property=\"og:site_name\" content=\"Editorial Vida\" \/>\n<meta name=\"twitter:card\" content=\"summary_large_image\" \/>\n<meta name=\"twitter:label1\" content=\"Est. reading time\" \/>\n\t<meta name=\"twitter:data1\" content=\"4 minutes\" \/>\n<script type=\"application\/ld+json\" class=\"yoast-schema-graph\">{\"@context\":\"https:\\\/\\\/schema.org\",\"@graph\":[{\"@type\":\"WebPage\",\"@id\":\"https:\\\/\\\/staging.editorialhccp.hcusweb.com\\\/vida\\\/donde-hay-fe-hay-editorial-vida\\\/\",\"url\":\"https:\\\/\\\/staging.editorialhccp.hcusweb.com\\\/vida\\\/donde-hay-fe-hay-editorial-vida\\\/\",\"name\":\"DONDE HAY FE, HAY EDITORIAL VIDA | 75 A\u00f1os de Vida\",\"isPartOf\":{\"@id\":\"https:\\\/\\\/staging.editorialhccp.hcusweb.com\\\/vida\\\/#website\"},\"datePublished\":\"2022-08-24T19:07:27+00:00\",\"description\":\"La principal editorial del mundo en Biblias, libros y recursos en espan\u0303ol celebra 75 an\u0303os al servicio de la iglesia\",\"breadcrumb\":{\"@id\":\"https:\\\/\\\/staging.editorialhccp.hcusweb.com\\\/vida\\\/donde-hay-fe-hay-editorial-vida\\\/#breadcrumb\"},\"inLanguage\":\"en-US\",\"potentialAction\":[{\"@type\":\"ReadAction\",\"target\":[\"https:\\\/\\\/staging.editorialhccp.hcusweb.com\\\/vida\\\/donde-hay-fe-hay-editorial-vida\\\/\"]}]},{\"@type\":\"BreadcrumbList\",\"@id\":\"https:\\\/\\\/staging.editorialhccp.hcusweb.com\\\/vida\\\/donde-hay-fe-hay-editorial-vida\\\/#breadcrumb\",\"itemListElement\":[{\"@type\":\"ListItem\",\"position\":1,\"name\":\"Home\",\"item\":\"https:\\\/\\\/staging.editorialhccp.hcusweb.com\\\/vida\\\/\"},{\"@type\":\"ListItem\",\"position\":2,\"name\":\"Donde hay fe, hay Editorial Vida\"}]},{\"@type\":\"WebSite\",\"@id\":\"https:\\\/\\\/staging.editorialhccp.hcusweb.com\\\/vida\\\/#website\",\"url\":\"https:\\\/\\\/staging.editorialhccp.hcusweb.com\\\/vida\\\/\",\"name\":\"Editorial Vida\",\"description\":\"\",\"potentialAction\":[{\"@type\":\"SearchAction\",\"target\":{\"@type\":\"EntryPoint\",\"urlTemplate\":\"https:\\\/\\\/staging.editorialhccp.hcusweb.com\\\/vida\\\/?s={search_term_string}\"},\"query-input\":{\"@type\":\"PropertyValueSpecification\",\"valueRequired\":true,\"valueName\":\"search_term_string\"}}],\"inLanguage\":\"en-US\"}]}<\/script>\n<!-- \/ Yoast SEO Premium plugin. -->","yoast_head_json":{"title":"DONDE HAY FE, HAY EDITORIAL VIDA | 75 A\u00f1os de Vida","description":"La principal editorial del mundo en Biblias, libros y recursos en espan\u0303ol celebra 75 an\u0303os al servicio de la iglesia","robots":{"index":"index","follow":"follow","max-snippet":"max-snippet:-1","max-image-preview":"max-image-preview:large","max-video-preview":"max-video-preview:-1"},"canonical":"https:\/\/staging.editorialhccp.hcusweb.com\/vida\/donde-hay-fe-hay-editorial-vida\/","og_locale":"en_US","og_type":"article","og_title":"Donde hay fe, hay Editorial Vida","og_description":"La principal editorial del mundo en Biblias, libros y recursos en espan\u0303ol celebra 75 an\u0303os al servicio de la iglesia","og_url":"https:\/\/staging.editorialhccp.hcusweb.com\/vida\/donde-hay-fe-hay-editorial-vida\/","og_site_name":"Editorial Vida","twitter_card":"summary_large_image","twitter_misc":{"Est. reading time":"4 minutes"},"schema":{"@context":"https:\/\/schema.org","@graph":[{"@type":"WebPage","@id":"https:\/\/staging.editorialhccp.hcusweb.com\/vida\/donde-hay-fe-hay-editorial-vida\/","url":"https:\/\/staging.editorialhccp.hcusweb.com\/vida\/donde-hay-fe-hay-editorial-vida\/","name":"DONDE HAY FE, HAY EDITORIAL VIDA | 75 A\u00f1os de Vida","isPartOf":{"@id":"https:\/\/staging.editorialhccp.hcusweb.com\/vida\/#website"},"datePublished":"2022-08-24T19:07:27+00:00","description":"La principal editorial del mundo en Biblias, libros y recursos en espan\u0303ol celebra 75 an\u0303os al servicio de la iglesia","breadcrumb":{"@id":"https:\/\/staging.editorialhccp.hcusweb.com\/vida\/donde-hay-fe-hay-editorial-vida\/#breadcrumb"},"inLanguage":"en-US","potentialAction":[{"@type":"ReadAction","target":["https:\/\/staging.editorialhccp.hcusweb.com\/vida\/donde-hay-fe-hay-editorial-vida\/"]}]},{"@type":"BreadcrumbList","@id":"https:\/\/staging.editorialhccp.hcusweb.com\/vida\/donde-hay-fe-hay-editorial-vida\/#breadcrumb","itemListElement":[{"@type":"ListItem","position":1,"name":"Home","item":"https:\/\/staging.editorialhccp.hcusweb.com\/vida\/"},{"@type":"ListItem","position":2,"name":"Donde hay fe, hay Editorial Vida"}]},{"@type":"WebSite","@id":"https:\/\/staging.editorialhccp.hcusweb.com\/vida\/#website","url":"https:\/\/staging.editorialhccp.hcusweb.com\/vida\/","name":"Editorial Vida","description":"","potentialAction":[{"@type":"SearchAction","target":{"@type":"EntryPoint","urlTemplate":"https:\/\/staging.editorialhccp.hcusweb.com\/vida\/?s={search_term_string}"},"query-input":{"@type":"PropertyValueSpecification","valueRequired":true,"valueName":"search_term_string"}}],"inLanguage":"en-US"}]}},"_links":{"self":[{"href":"https:\/\/staging.editorialhccp.hcusweb.com\/vida\/wp-json\/wp\/v2\/pages\/1984","targetHints":{"allow":["GET"]}}],"collection":[{"href":"https:\/\/staging.editorialhccp.hcusweb.com\/vida\/wp-json\/wp\/v2\/pages"}],"about":[{"href":"https:\/\/staging.editorialhccp.hcusweb.com\/vida\/wp-json\/wp\/v2\/types\/page"}],"replies":[{"embeddable":true,"href":"https:\/\/staging.editorialhccp.hcusweb.com\/vida\/wp-json\/wp\/v2\/comments?post=1984"}],"version-history":[{"count":0,"href":"https:\/\/staging.editorialhccp.hcusweb.com\/vida\/wp-json\/wp\/v2\/pages\/1984\/revisions"}],"wp:attachment":[{"href":"https:\/\/staging.editorialhccp.hcusweb.com\/vida\/wp-json\/wp\/v2\/media?parent=1984"}],"curies":[{"name":"wp","href":"https:\/\/api.w.org\/{rel}","templated":true}]}}