{"id":248,"date":"2017-02-22T15:54:46","date_gmt":"2017-02-22T21:54:46","guid":{"rendered":"http:\/\/thomasnelson.supadu.com\/?page_id=248"},"modified":"2025-12-10T13:50:42","modified_gmt":"2025-12-10T13:50:42","slug":"nosotros","status":"publish","type":"page","link":"https:\/\/staging.editorialhccp.hcusweb.com\/vida\/nosotros\/","title":{"rendered":"Nosotros"},"content":{"rendered":"\n\n\t<p>Editorial Vida es la divisi\u00f3n en espa\u00f1ol de Zondervan, un sello de HarperCollins Christian Publishing dedicado a la publicaci\u00f3n de Biblias en espa\u00f1ol, libros, devocionales y otros recursos que promueven una relaci\u00f3n fiel con Jes\u00fas. Vida mantiene el cat\u00e1logo m\u00e1s grande de productos y recursos cristianos en la cultura hispana &#8211; Estados Unidos, Am\u00e9rica Latina y el extranjero.<\/p>\n\n","protected":false},"excerpt":{"rendered":"<p>Editorial Vida es la divisi\u00f3n en espa\u00f1ol de Zondervan, un sello de HarperCollins Christian Publishing dedicado a la publicaci\u00f3n de Biblias en espa\u00f1ol, libros, devocionales y otros recursos que promueven una relaci\u00f3n fiel con Jes\u00fas. Vida mantiene el cat\u00e1logo m\u00e1s grande de productos y recursos cristianos en la cultura hispana &#8211; Estados Unidos, Am\u00e9rica Latina [&hellip;]<\/p>\n","protected":false},"author":0,"featured_media":0,"parent":0,"menu_order":0,"comment_status":"closed","ping_status":"closed","template":"","meta":{"_acf_changed":false,"footnotes":""},"class_list":["post-248","page","type-page","status-publish","hentry"],"acf":[],"yoast_head":"<!-- This site is optimized with the Yoast SEO Premium plugin v27.3 (Yoast SEO v27.4) - https:\/\/yoast.com\/product\/yoast-seo-premium-wordpress\/ -->\n<title>Nosotros - Editorial Vida<\/title>\n<meta name=\"robots\" content=\"index, follow, max-snippet:-1, max-image-preview:large, max-video-preview:-1\" \/>\n<link rel=\"canonical\" href=\"https:\/\/staging.editorialhccp.hcusweb.com\/vida\/nosotros\/\" \/>\n<meta property=\"og:locale\" content=\"en_US\" \/>\n<meta property=\"og:type\" content=\"article\" \/>\n<meta property=\"og:title\" content=\"Nosotros\" \/>\n<meta property=\"og:description\" content=\"Editorial Vida es la divisi\u00f3n en espa\u00f1ol de Zondervan, un sello de HarperCollins Christian Publishing dedicado a la publicaci\u00f3n de Biblias en espa\u00f1ol, libros, devocionales y otros recursos que promueven una relaci\u00f3n fiel con Jes\u00fas. Vida mantiene el cat\u00e1logo m\u00e1s grande de productos y recursos cristianos en la cultura hispana &#8211; Estados Unidos, Am\u00e9rica Latina [&hellip;]\" \/>\n<meta property=\"og:url\" content=\"https:\/\/staging.editorialhccp.hcusweb.com\/vida\/nosotros\/\" \/>\n<meta property=\"og:site_name\" content=\"Editorial Vida\" \/>\n<meta property=\"article:modified_time\" content=\"2025-12-10T13:50:42+00:00\" \/>\n<meta name=\"twitter:card\" content=\"summary_large_image\" \/>\n<script type=\"application\/ld+json\" class=\"yoast-schema-graph\">{\"@context\":\"https:\\\/\\\/schema.org\",\"@graph\":[{\"@type\":\"WebPage\",\"@id\":\"https:\\\/\\\/staging.editorialhccp.hcusweb.com\\\/vida\\\/nosotros\\\/\",\"url\":\"https:\\\/\\\/staging.editorialhccp.hcusweb.com\\\/vida\\\/nosotros\\\/\",\"name\":\"Nosotros - Editorial Vida\",\"isPartOf\":{\"@id\":\"https:\\\/\\\/staging.editorialhccp.hcusweb.com\\\/vida\\\/#website\"},\"datePublished\":\"2017-02-22T21:54:46+00:00\",\"dateModified\":\"2025-12-10T13:50:42+00:00\",\"breadcrumb\":{\"@id\":\"https:\\\/\\\/staging.editorialhccp.hcusweb.com\\\/vida\\\/nosotros\\\/#breadcrumb\"},\"inLanguage\":\"en-US\",\"potentialAction\":[{\"@type\":\"ReadAction\",\"target\":[\"https:\\\/\\\/staging.editorialhccp.hcusweb.com\\\/vida\\\/nosotros\\\/\"]}]},{\"@type\":\"BreadcrumbList\",\"@id\":\"https:\\\/\\\/staging.editorialhccp.hcusweb.com\\\/vida\\\/nosotros\\\/#breadcrumb\",\"itemListElement\":[{\"@type\":\"ListItem\",\"position\":1,\"name\":\"Home\",\"item\":\"https:\\\/\\\/staging.editorialhccp.hcusweb.com\\\/vida\\\/\"},{\"@type\":\"ListItem\",\"position\":2,\"name\":\"Nosotros\"}]},{\"@type\":\"WebSite\",\"@id\":\"https:\\\/\\\/staging.editorialhccp.hcusweb.com\\\/vida\\\/#website\",\"url\":\"https:\\\/\\\/staging.editorialhccp.hcusweb.com\\\/vida\\\/\",\"name\":\"Editorial Vida\",\"description\":\"\",\"potentialAction\":[{\"@type\":\"SearchAction\",\"target\":{\"@type\":\"EntryPoint\",\"urlTemplate\":\"https:\\\/\\\/staging.editorialhccp.hcusweb.com\\\/vida\\\/?s={search_term_string}\"},\"query-input\":{\"@type\":\"PropertyValueSpecification\",\"valueRequired\":true,\"valueName\":\"search_term_string\"}}],\"inLanguage\":\"en-US\"}]}<\/script>\n<!-- \/ Yoast SEO Premium plugin. -->","yoast_head_json":{"title":"Nosotros - Editorial Vida","robots":{"index":"index","follow":"follow","max-snippet":"max-snippet:-1","max-image-preview":"max-image-preview:large","max-video-preview":"max-video-preview:-1"},"canonical":"https:\/\/staging.editorialhccp.hcusweb.com\/vida\/nosotros\/","og_locale":"en_US","og_type":"article","og_title":"Nosotros","og_description":"Editorial Vida es la divisi\u00f3n en espa\u00f1ol de Zondervan, un sello de HarperCollins Christian Publishing dedicado a la publicaci\u00f3n de Biblias en espa\u00f1ol, libros, devocionales y otros recursos que promueven una relaci\u00f3n fiel con Jes\u00fas. Vida mantiene el cat\u00e1logo m\u00e1s grande de productos y recursos cristianos en la cultura hispana &#8211; Estados Unidos, Am\u00e9rica Latina [&hellip;]","og_url":"https:\/\/staging.editorialhccp.hcusweb.com\/vida\/nosotros\/","og_site_name":"Editorial Vida","article_modified_time":"2025-12-10T13:50:42+00:00","twitter_card":"summary_large_image","schema":{"@context":"https:\/\/schema.org","@graph":[{"@type":"WebPage","@id":"https:\/\/staging.editorialhccp.hcusweb.com\/vida\/nosotros\/","url":"https:\/\/staging.editorialhccp.hcusweb.com\/vida\/nosotros\/","name":"Nosotros - Editorial Vida","isPartOf":{"@id":"https:\/\/staging.editorialhccp.hcusweb.com\/vida\/#website"},"datePublished":"2017-02-22T21:54:46+00:00","dateModified":"2025-12-10T13:50:42+00:00","breadcrumb":{"@id":"https:\/\/staging.editorialhccp.hcusweb.com\/vida\/nosotros\/#breadcrumb"},"inLanguage":"en-US","potentialAction":[{"@type":"ReadAction","target":["https:\/\/staging.editorialhccp.hcusweb.com\/vida\/nosotros\/"]}]},{"@type":"BreadcrumbList","@id":"https:\/\/staging.editorialhccp.hcusweb.com\/vida\/nosotros\/#breadcrumb","itemListElement":[{"@type":"ListItem","position":1,"name":"Home","item":"https:\/\/staging.editorialhccp.hcusweb.com\/vida\/"},{"@type":"ListItem","position":2,"name":"Nosotros"}]},{"@type":"WebSite","@id":"https:\/\/staging.editorialhccp.hcusweb.com\/vida\/#website","url":"https:\/\/staging.editorialhccp.hcusweb.com\/vida\/","name":"Editorial Vida","description":"","potentialAction":[{"@type":"SearchAction","target":{"@type":"EntryPoint","urlTemplate":"https:\/\/staging.editorialhccp.hcusweb.com\/vida\/?s={search_term_string}"},"query-input":{"@type":"PropertyValueSpecification","valueRequired":true,"valueName":"search_term_string"}}],"inLanguage":"en-US"}]}},"_links":{"self":[{"href":"https:\/\/staging.editorialhccp.hcusweb.com\/vida\/wp-json\/wp\/v2\/pages\/248","targetHints":{"allow":["GET"]}}],"collection":[{"href":"https:\/\/staging.editorialhccp.hcusweb.com\/vida\/wp-json\/wp\/v2\/pages"}],"about":[{"href":"https:\/\/staging.editorialhccp.hcusweb.com\/vida\/wp-json\/wp\/v2\/types\/page"}],"replies":[{"embeddable":true,"href":"https:\/\/staging.editorialhccp.hcusweb.com\/vida\/wp-json\/wp\/v2\/comments?post=248"}],"version-history":[{"count":1,"href":"https:\/\/staging.editorialhccp.hcusweb.com\/vida\/wp-json\/wp\/v2\/pages\/248\/revisions"}],"predecessor-version":[{"id":2607,"href":"https:\/\/staging.editorialhccp.hcusweb.com\/vida\/wp-json\/wp\/v2\/pages\/248\/revisions\/2607"}],"wp:attachment":[{"href":"https:\/\/staging.editorialhccp.hcusweb.com\/vida\/wp-json\/wp\/v2\/media?parent=248"}],"curies":[{"name":"wp","href":"https:\/\/api.w.org\/{rel}","templated":true}]}}